{"id":3133,"date":"2021-05-14T12:48:07","date_gmt":"2021-05-14T12:48:07","guid":{"rendered":"https:\/\/www.campings.com\/nl\/content\/?page_id=3133"},"modified":"2022-08-02T11:43:42","modified_gmt":"2022-08-02T11:43:42","slug":"kroatie","status":"publish","type":"page","link":"https:\/\/www.campings.com\/nl\/content\/kroatie\/","title":{"rendered":"Kroati\u00eb"},"content":{"rendered":"<div class=\"wpb-content-wrapper\"><p>[vc_row css=&#8221;.vc_custom_1620996516773{margin-right: 1px !important;margin-left: 1px !important;}&#8221;][vc_column][vc_column_text]<\/p>\n<p style=\"text-align: left\">Vergeet Frankrijk, Spanje of Itali\u00eb; Kroati\u00eb is hard op weg om de nieuwe hotspot te worden voor kampeerders. Kroati\u00eb is een van de mooiste landen in Europa. Met bijna 2.000 kilometer kust, meer dan duizend eilanden, torenhoge bergen, prachtige steden, historische dorpen en oogstrelende natuur zijn er weinig bestemmingen diverser dan Kroati\u00eb. Het is niet voor niets dat steeds meer mensen er voor kiezen om te kamperen in Kroati\u00eb.<\/p>\n<p>[\/vc_column_text][\/vc_column][\/vc_row][vc_row full_width=&#8221;stretch_row_content&#8221;][vc_column width=&#8221;1\/6&#8243;][\/vc_column][vc_column width=&#8221;2\/3&#8243;][vc_custom_heading text=&#8221;Onze laatste blogs&#8221; font_container=&#8221;tag:h3|font_size:40|text_align:center&#8221; use_theme_fonts=&#8221;yes&#8221;][vc_empty_space][vc_basic_grid post_type=&#8221;post&#8221; max_items=&#8221;1000&#8243; style=&#8221;load-more&#8221; items_per_page=&#8221;3&#8243; item=&#8221;2682&#8243; btn_title=&#8221;ALLE BLOGS&#8221; btn_style=&#8221;custom&#8221; btn_custom_background=&#8221;#ffbd49&#8243; btn_custom_text=&#8221;#ffffff&#8221; btn_shape=&#8221;square&#8221; btn_align=&#8221;center&#8221; btn_i_align=&#8221;right&#8221; btn_i_icon_fontawesome=&#8221;fas fa-arrow-circle-down&#8221; btn_add_icon=&#8221;true&#8221; grid_id=&#8221;vc_gid:1635425434226-1ed01388-1591-5&#8243; taxonomies=&#8221;10&#8243;][\/vc_column][vc_column width=&#8221;1\/6&#8243;][\/vc_column][\/vc_row]<\/p>\n<\/div>","protected":false},"excerpt":{"rendered":"<p>[vc_row css=&#8221;.vc_custom_1620996516773{margin-right: 1px !important;margin-left: 1px !important;}&#8221;][vc_column][vc_column_text] Vergeet Frankrijk, Spanje of Itali\u00eb; Kroati\u00eb is hard op weg om de nieuwe hotspot te worden voor kampeerders. Kroati\u00eb is een van de mooiste landen in Europa. Met bijna 2.000 kilometer kust, meer dan duizend eilanden, torenhoge bergen, prachtige steden, historische dorpen en oogstrelende natuur zijn er weinig bestemmingen [&hellip;]<\/p>\n","protected":false},"author":15,"featured_media":3128,"parent":0,"menu_order":0,"comment_status":"closed","ping_status":"closed","template":"template-region.php","meta":{"_uag_custom_page_level_css":"","footnotes":""},"class_list":["post-3133","page","type-page","status-publish","has-post-thumbnail","hentry"],"yoast_head":"<!-- This site is optimized with the Yoast SEO plugin v27.1.1 - https:\/\/yoast.com\/product\/yoast-seo-wordpress\/ -->\n<title>Kamperen in Kroati\u00eb | De leukste inspiratie | Campings.com<\/title>\n<meta name=\"description\" content=\"Gaat u kamperen in Kroati\u00eb en bent u op zoek naar de beste tips, mooiste plekjes en leuke inspiratie? Bekijk dan snel ons blog!\" \/>\n<meta name=\"robots\" content=\"index, follow, max-snippet:-1, max-image-preview:large, max-video-preview:-1\" \/>\n<link rel=\"canonical\" href=\"https:\/\/www.campings.com\/nl\/content\/kroatie\/\" \/>\n<meta property=\"og:locale\" content=\"en_US\" \/>\n<meta property=\"og:type\" content=\"article\" \/>\n<meta property=\"og:title\" content=\"Kamperen in Kroati\u00eb | De leukste inspiratie | Campings.com\" \/>\n<meta property=\"og:description\" content=\"Gaat u kamperen in Kroati\u00eb en bent u op zoek naar de beste tips, mooiste plekjes en leuke inspiratie? Bekijk dan snel ons blog!\" \/>\n<meta property=\"og:url\" content=\"https:\/\/www.campings.com\/nl\/content\/kroatie\/\" \/>\n<meta property=\"og:site_name\" content=\"Blog - Campings.com\/nl\/\" \/>\n<meta property=\"article:modified_time\" content=\"2022-08-02T11:43:42+00:00\" \/>\n<meta property=\"og:image\" content=\"https:\/\/www.campings.com\/nl\/content\/wp-content\/uploads\/2021\/05\/Splitska-Brac-Kroatie.jpg\" \/>\n\t<meta property=\"og:image:width\" content=\"1200\" \/>\n\t<meta property=\"og:image:height\" content=\"568\" \/>\n\t<meta property=\"og:image:type\" content=\"image\/jpeg\" \/>\n<meta name=\"twitter:card\" content=\"summary_large_image\" \/>\n<meta name=\"twitter:label1\" content=\"Est. reading time\" \/>\n\t<meta name=\"twitter:data1\" content=\"1 minute\" \/>\n<script type=\"application\/ld+json\" class=\"yoast-schema-graph\">{\"@context\":\"https:\/\/schema.org\",\"@graph\":[{\"@type\":\"WebPage\",\"@id\":\"https:\/\/www.campings.com\/nl\/content\/kroatie\/\",\"url\":\"https:\/\/www.campings.com\/nl\/content\/kroatie\/\",\"name\":\"Kamperen in Kroati\u00eb | De leukste inspiratie | Campings.com\",\"isPartOf\":{\"@id\":\"https:\/\/www.campings.com\/nl\/content\/#website\"},\"primaryImageOfPage\":{\"@id\":\"https:\/\/www.campings.com\/nl\/content\/kroatie\/#primaryimage\"},\"image\":{\"@id\":\"https:\/\/www.campings.com\/nl\/content\/kroatie\/#primaryimage\"},\"thumbnailUrl\":\"https:\/\/www.campings.com\/nl\/content\/wp-content\/uploads\/2021\/05\/Splitska-Brac-Kroatie.jpg\",\"datePublished\":\"2021-05-14T12:48:07+00:00\",\"dateModified\":\"2022-08-02T11:43:42+00:00\",\"description\":\"Gaat u kamperen in Kroati\u00eb en bent u op zoek naar de beste tips, mooiste plekjes en leuke inspiratie? Bekijk dan snel ons blog!\",\"breadcrumb\":{\"@id\":\"https:\/\/www.campings.com\/nl\/content\/kroatie\/#breadcrumb\"},\"inLanguage\":\"en-US\",\"potentialAction\":[{\"@type\":\"ReadAction\",\"target\":[\"https:\/\/www.campings.com\/nl\/content\/kroatie\/\"]}]},{\"@type\":\"ImageObject\",\"inLanguage\":\"en-US\",\"@id\":\"https:\/\/www.campings.com\/nl\/content\/kroatie\/#primaryimage\",\"url\":\"https:\/\/www.campings.com\/nl\/content\/wp-content\/uploads\/2021\/05\/Splitska-Brac-Kroatie.jpg\",\"contentUrl\":\"https:\/\/www.campings.com\/nl\/content\/wp-content\/uploads\/2021\/05\/Splitska-Brac-Kroatie.jpg\",\"width\":1200,\"height\":568},{\"@type\":\"BreadcrumbList\",\"@id\":\"https:\/\/www.campings.com\/nl\/content\/kroatie\/#breadcrumb\",\"itemListElement\":[{\"@type\":\"ListItem\",\"position\":1,\"name\":\"Home\",\"item\":\"https:\/\/www.campings.com\/nl\/content\/\"},{\"@type\":\"ListItem\",\"position\":2,\"name\":\"Kroati\u00eb\"}]},{\"@type\":\"WebSite\",\"@id\":\"https:\/\/www.campings.com\/nl\/content\/#website\",\"url\":\"https:\/\/www.campings.com\/nl\/content\/\",\"name\":\"Blog - Campings.com\/nl\/\",\"description\":\"Ontdek de beste campings en de leukste reisinspiratie!\",\"publisher\":{\"@id\":\"https:\/\/www.campings.com\/nl\/content\/#organization\"},\"potentialAction\":[{\"@type\":\"SearchAction\",\"target\":{\"@type\":\"EntryPoint\",\"urlTemplate\":\"https:\/\/www.campings.com\/nl\/content\/?s={search_term_string}\"},\"query-input\":{\"@type\":\"PropertyValueSpecification\",\"valueRequired\":true,\"valueName\":\"search_term_string\"}}],\"inLanguage\":\"en-US\"},{\"@type\":\"Organization\",\"@id\":\"https:\/\/www.campings.com\/nl\/content\/#organization\",\"name\":\"Blog - Campings.com\/nl\/\",\"url\":\"https:\/\/www.campings.com\/nl\/content\/\",\"logo\":{\"@type\":\"ImageObject\",\"inLanguage\":\"en-US\",\"@id\":\"https:\/\/www.campings.com\/nl\/content\/#\/schema\/logo\/image\/\",\"url\":\"https:\/\/www.campings.com\/nl\/content\/wp-content\/uploads\/2019\/01\/cropped-logo-1.png\",\"contentUrl\":\"https:\/\/www.campings.com\/nl\/content\/wp-content\/uploads\/2019\/01\/cropped-logo-1.png\",\"width\":174,\"height\":42,\"caption\":\"Blog - Campings.com\/nl\/\"},\"image\":{\"@id\":\"https:\/\/www.campings.com\/nl\/content\/#\/schema\/logo\/image\/\"}}]}<\/script>\n<!-- \/ Yoast SEO plugin. -->","yoast_head_json":{"title":"Kamperen in Kroati\u00eb | De leukste inspiratie | Campings.com","description":"Gaat u kamperen in Kroati\u00eb en bent u op zoek naar de beste tips, mooiste plekjes en leuke inspiratie? Bekijk dan snel ons blog!","robots":{"index":"index","follow":"follow","max-snippet":"max-snippet:-1","max-image-preview":"max-image-preview:large","max-video-preview":"max-video-preview:-1"},"canonical":"https:\/\/www.campings.com\/nl\/content\/kroatie\/","og_locale":"en_US","og_type":"article","og_title":"Kamperen in Kroati\u00eb | De leukste inspiratie | Campings.com","og_description":"Gaat u kamperen in Kroati\u00eb en bent u op zoek naar de beste tips, mooiste plekjes en leuke inspiratie? Bekijk dan snel ons blog!","og_url":"https:\/\/www.campings.com\/nl\/content\/kroatie\/","og_site_name":"Blog - Campings.com\/nl\/","article_modified_time":"2022-08-02T11:43:42+00:00","og_image":[{"width":1200,"height":568,"url":"https:\/\/www.campings.com\/nl\/content\/wp-content\/uploads\/2021\/05\/Splitska-Brac-Kroatie.jpg","type":"image\/jpeg"}],"twitter_card":"summary_large_image","twitter_misc":{"Est. reading time":"1 minute"},"schema":{"@context":"https:\/\/schema.org","@graph":[{"@type":"WebPage","@id":"https:\/\/www.campings.com\/nl\/content\/kroatie\/","url":"https:\/\/www.campings.com\/nl\/content\/kroatie\/","name":"Kamperen in Kroati\u00eb | De leukste inspiratie | Campings.com","isPartOf":{"@id":"https:\/\/www.campings.com\/nl\/content\/#website"},"primaryImageOfPage":{"@id":"https:\/\/www.campings.com\/nl\/content\/kroatie\/#primaryimage"},"image":{"@id":"https:\/\/www.campings.com\/nl\/content\/kroatie\/#primaryimage"},"thumbnailUrl":"https:\/\/www.campings.com\/nl\/content\/wp-content\/uploads\/2021\/05\/Splitska-Brac-Kroatie.jpg","datePublished":"2021-05-14T12:48:07+00:00","dateModified":"2022-08-02T11:43:42+00:00","description":"Gaat u kamperen in Kroati\u00eb en bent u op zoek naar de beste tips, mooiste plekjes en leuke inspiratie? Bekijk dan snel ons blog!","breadcrumb":{"@id":"https:\/\/www.campings.com\/nl\/content\/kroatie\/#breadcrumb"},"inLanguage":"en-US","potentialAction":[{"@type":"ReadAction","target":["https:\/\/www.campings.com\/nl\/content\/kroatie\/"]}]},{"@type":"ImageObject","inLanguage":"en-US","@id":"https:\/\/www.campings.com\/nl\/content\/kroatie\/#primaryimage","url":"https:\/\/www.campings.com\/nl\/content\/wp-content\/uploads\/2021\/05\/Splitska-Brac-Kroatie.jpg","contentUrl":"https:\/\/www.campings.com\/nl\/content\/wp-content\/uploads\/2021\/05\/Splitska-Brac-Kroatie.jpg","width":1200,"height":568},{"@type":"BreadcrumbList","@id":"https:\/\/www.campings.com\/nl\/content\/kroatie\/#breadcrumb","itemListElement":[{"@type":"ListItem","position":1,"name":"Home","item":"https:\/\/www.campings.com\/nl\/content\/"},{"@type":"ListItem","position":2,"name":"Kroati\u00eb"}]},{"@type":"WebSite","@id":"https:\/\/www.campings.com\/nl\/content\/#website","url":"https:\/\/www.campings.com\/nl\/content\/","name":"Blog - Campings.com\/nl\/","description":"Ontdek de beste campings en de leukste reisinspiratie!","publisher":{"@id":"https:\/\/www.campings.com\/nl\/content\/#organization"},"potentialAction":[{"@type":"SearchAction","target":{"@type":"EntryPoint","urlTemplate":"https:\/\/www.campings.com\/nl\/content\/?s={search_term_string}"},"query-input":{"@type":"PropertyValueSpecification","valueRequired":true,"valueName":"search_term_string"}}],"inLanguage":"en-US"},{"@type":"Organization","@id":"https:\/\/www.campings.com\/nl\/content\/#organization","name":"Blog - Campings.com\/nl\/","url":"https:\/\/www.campings.com\/nl\/content\/","logo":{"@type":"ImageObject","inLanguage":"en-US","@id":"https:\/\/www.campings.com\/nl\/content\/#\/schema\/logo\/image\/","url":"https:\/\/www.campings.com\/nl\/content\/wp-content\/uploads\/2019\/01\/cropped-logo-1.png","contentUrl":"https:\/\/www.campings.com\/nl\/content\/wp-content\/uploads\/2019\/01\/cropped-logo-1.png","width":174,"height":42,"caption":"Blog - Campings.com\/nl\/"},"image":{"@id":"https:\/\/www.campings.com\/nl\/content\/#\/schema\/logo\/image\/"}}]}},"uagb_featured_image_src":{"full":["https:\/\/www.campings.com\/nl\/content\/wp-content\/uploads\/2021\/05\/Splitska-Brac-Kroatie.jpg",1200,568,false],"thumbnail":["https:\/\/www.campings.com\/nl\/content\/wp-content\/uploads\/2021\/05\/Splitska-Brac-Kroatie.jpg",150,71,false],"medium":["https:\/\/www.campings.com\/nl\/content\/wp-content\/uploads\/2021\/05\/Splitska-Brac-Kroatie.jpg",300,142,false],"medium_large":["https:\/\/www.campings.com\/nl\/content\/wp-content\/uploads\/2021\/05\/Splitska-Brac-Kroatie.jpg",768,364,false],"large":["https:\/\/www.campings.com\/nl\/content\/wp-content\/uploads\/2021\/05\/Splitska-Brac-Kroatie.jpg",1024,485,false],"1536x1536":["https:\/\/www.campings.com\/nl\/content\/wp-content\/uploads\/2021\/05\/Splitska-Brac-Kroatie.jpg",1200,568,false],"2048x2048":["https:\/\/www.campings.com\/nl\/content\/wp-content\/uploads\/2021\/05\/Splitska-Brac-Kroatie.jpg",1200,568,false],"small-thumb":["https:\/\/www.campings.com\/nl\/content\/wp-content\/uploads\/2021\/05\/Splitska-Brac-Kroatie.jpg",50,24,false],"members":["https:\/\/www.campings.com\/nl\/content\/wp-content\/uploads\/2021\/05\/Splitska-Brac-Kroatie.jpg",112,53,false],"small":["https:\/\/www.campings.com\/nl\/content\/wp-content\/uploads\/2021\/05\/Splitska-Brac-Kroatie.jpg",60,28,false],"slider":["https:\/\/www.campings.com\/nl\/content\/wp-content\/uploads\/2021\/05\/Splitska-Brac-Kroatie.jpg",382,181,false],"team_img":["https:\/\/www.campings.com\/nl\/content\/wp-content\/uploads\/2021\/05\/Splitska-Brac-Kroatie.jpg",209,99,false],"star":["https:\/\/www.campings.com\/nl\/content\/wp-content\/uploads\/2021\/05\/Splitska-Brac-Kroatie.jpg",450,213,false],"like":["https:\/\/www.campings.com\/nl\/content\/wp-content\/uploads\/2021\/05\/Splitska-Brac-Kroatie.jpg",430,204,false]},"uagb_author_info":{"display_name":"","author_link":"https:\/\/www.campings.com\/nl\/content\/blog\/author\/"},"uagb_comment_info":0,"uagb_excerpt":"[vc_row css=&#8221;.vc_custom_1620996516773{margin-right: 1px !important;margin-left: 1px !important;}&#8221;][vc_column][vc_column_text] Vergeet Frankrijk, Spanje of Itali\u00eb; Kroati\u00eb is hard op weg om de nieuwe hotspot te worden voor kampeerders. Kroati\u00eb is een van de mooiste landen in Europa. Met bijna 2.000 kilometer kust, meer dan duizend eilanden, torenhoge bergen, prachtige steden, historische dorpen en oogstrelende natuur zijn er weinig bestemmingen&hellip;","_links":{"self":[{"href":"https:\/\/www.campings.com\/nl\/content\/wp-json\/wp\/v2\/pages\/3133","targetHints":{"allow":["GET"]}}],"collection":[{"href":"https:\/\/www.campings.com\/nl\/content\/wp-json\/wp\/v2\/pages"}],"about":[{"href":"https:\/\/www.campings.com\/nl\/content\/wp-json\/wp\/v2\/types\/page"}],"author":[{"embeddable":true,"href":"https:\/\/www.campings.com\/nl\/content\/wp-json\/wp\/v2\/users\/15"}],"replies":[{"embeddable":true,"href":"https:\/\/www.campings.com\/nl\/content\/wp-json\/wp\/v2\/comments?post=3133"}],"version-history":[{"count":16,"href":"https:\/\/www.campings.com\/nl\/content\/wp-json\/wp\/v2\/pages\/3133\/revisions"}],"predecessor-version":[{"id":8339,"href":"https:\/\/www.campings.com\/nl\/content\/wp-json\/wp\/v2\/pages\/3133\/revisions\/8339"}],"wp:featuredmedia":[{"embeddable":true,"href":"https:\/\/www.campings.com\/nl\/content\/wp-json\/wp\/v2\/media\/3128"}],"wp:attachment":[{"href":"https:\/\/www.campings.com\/nl\/content\/wp-json\/wp\/v2\/media?parent=3133"}],"curies":[{"name":"wp","href":"https:\/\/api.w.org\/{rel}","templated":true}]}}