{"id":74,"date":"2023-07-24T14:22:50","date_gmt":"2023-07-24T14:22:50","guid":{"rendered":"https:\/\/www.campings.com\/it\/content\/?page_id=74"},"modified":"2023-07-24T14:22:50","modified_gmt":"2023-07-24T14:22:50","slug":"eco-responsabilita","status":"publish","type":"page","link":"https:\/\/www.campings.com\/it\/content\/eco-responsabilita\/","title":{"rendered":"Eco-responsabilit\u00e0"},"content":{"rendered":"<p><strong>Novit\u00e0 su <a href=\"http:\/\/campings.com\/\">Campings.com<\/a>: filtri di ricerca eco-responsabili per vacanze pi\u00f9 rispettose dell&#8217;ambiente!<\/strong><\/p>\n<p><span style=\"font-weight: 400\">Sul nostro sito \u00e8 ormai possibile trovare campeggi che si impegnano a promuovere un turismo sostenibile.<\/span><\/p>\n<p><span style=\"font-weight: 400\">Il nostro motore di ricerca identifica gli alloggi che hanno ottenuto i Label La Clef Verte (Chiave Verde) e Ecolabel. Grazie a questa nuova funzione, siamo in grado di promuovere i partner pi\u00f9 rispettosi dell&#8217;ambiente.<\/span><\/p>\n<p><img loading=\"lazy\" decoding=\"async\" class=\"alignnone size-full wp-image-4091\" src=\"https:\/\/www.campings.com\/fr\/content\/wp-content\/uploads\/2023\/07\/cv-logo-1.png\" alt=\"\" width=\"261\" height=\"301\" \/><\/p>\n<p><b>La Chiave Verde (La Clef Verte)<\/b><\/p>\n<p><span style=\"font-weight: 400\">Presente nei cinque continenti, l&#8217;ecolabel turistico Clef Verte \/ Chiave Verde \u00e8 il primo riferimento internazionale di turismo sostenibile atto ad individuare le strutture ricettive e ristoranti impegnati in un approccio ambientale ad alte prestazioni, con l&#8217;obiettivo di evolvere costantemente verso le migliori pratiche raccomandate da Clef Verte.<\/span><\/p>\n<p><span style=\"font-weight: 400\">Sviluppato in Francia nel 1998, il marchio Clef Verte \u00e8 il principale marchio di qualit\u00e0 ecologica per le strutture turistiche in Francia, sia per il numero di strutture a cui \u00e8 stato assegnato che per la sua lunga storia.<\/span><\/p>\n<p><span style=\"font-weight: 400\">I criteri si basano sul rispetto ambientale e umano, e comprendono un impiego attento dell&#8217;energia e delle risorse idriche, una buona gestione dei rifiuti, attivit\u00e0 ricreative rispettose dell&#8217;ambiente, la sensibilizzazione degli ospiti e la formazione del personale. L&#8217;insieme di questi fattori comporta una riduzione dell&#8217;impatto ambientale delle strutture coinvolte, nonch\u00e9 lo stimolo ad impegnarsi per raggiungere gli obiettivi di sviluppo sostenibile prefissati dalle Nazioni Unite.<\/span><\/p>\n<p><span style=\"font-weight: 400\">Per saperne di pi\u00f9: <\/span><a href=\"https:\/\/www.laclefverte.org\/\"><span style=\"font-weight: 400\">https:\/\/www.laclefverte.org\/<\/span><\/a><\/p>\n<p><img loading=\"lazy\" decoding=\"async\" class=\"alignnone size-medium wp-image-4090\" src=\"https:\/\/www.campings.com\/fr\/content\/wp-content\/uploads\/2023\/07\/Logo_Ecolabel.svg-300x300.png\" alt=\"\" width=\"300\" height=\"300\" \/><\/p>\n<p><b>Ecolabel europeo<\/b><\/p>\n<p><span style=\"font-weight: 400\">Lanciato nel 1992 dalla Commissione Europea, l&#8217;Ecolabel europeo \u00e8 un marchio ufficiale di riconoscimento di prodotti e servizi ecologici. Le strutture ricettive turistiche, come i campeggi, ne hanno diritto dal 2005. L&#8217;Ecolabel europeo \u00e8 l&#8217;unico marchio ecologico ufficiale comune a tutti i Paesi dell&#8217;Unione Europea.<\/span><\/p>\n<p><span style=\"font-weight: 400\">Il Label garantisce una contribuzione attiva di ogni struttura ricettiva all&#8217;utilizzo di fonti di energia rinnovabili, al risparmio energetico e idrico, alla riduzione della produzione di rifiuti, alla lotta contro gli sprechi alimentari, nonch\u00e9 al miglioramento dell&#8217;ambiente.<\/span><\/p>\n<p><span style=\"font-weight: 400\">Per saperne di pi\u00f9: <\/span><a href=\"https:\/\/www.ecolabels.fr\/\"><span style=\"font-weight: 400\">https:\/\/www.ecolabels.fr\/<\/span><\/a>Eco-responsabilit\u00e0<\/p>\n","protected":false},"excerpt":{"rendered":"<p>Novit\u00e0 su Campings.com: filtri di ricerca eco-responsabili per vacanze pi\u00f9 rispettose dell&#8217;ambiente! Sul nostro sito \u00e8 ormai possibile trovare campeggi che si impegnano a promuovere un turismo sostenibile. Il nostro motore di ricerca identifica gli alloggi che hanno ottenuto i Label La Clef Verte (Chiave Verde) e Ecolabel. Grazie a questa nuova funzione, siamo in [&hellip;]<\/p>\n","protected":false},"author":25,"featured_media":0,"parent":0,"menu_order":0,"comment_status":"closed","ping_status":"closed","template":"template-onecolumn.php","meta":{"_acf_changed":false,"footnotes":""},"class_list":["post-74","page","type-page","status-publish","hentry"],"acf":[],"yoast_head":"<!-- This site is optimized with the Yoast SEO plugin v27.1.1 - https:\/\/yoast.com\/product\/yoast-seo-wordpress\/ -->\n<title>Eco-responsabilit\u00e0 - Campings IT Content<\/title>\n<meta name=\"robots\" content=\"index, follow, max-snippet:-1, max-image-preview:large, max-video-preview:-1\" \/>\n<link rel=\"canonical\" href=\"https:\/\/www.campings.com\/it\/content\/eco-responsabilita\/\" \/>\n<meta property=\"og:locale\" content=\"en_US\" \/>\n<meta property=\"og:type\" content=\"article\" \/>\n<meta property=\"og:title\" content=\"Eco-responsabilit\u00e0 - Campings IT Content\" \/>\n<meta property=\"og:description\" content=\"Novit\u00e0 su Campings.com: filtri di ricerca eco-responsabili per vacanze pi\u00f9 rispettose dell&#8217;ambiente! Sul nostro sito \u00e8 ormai possibile trovare campeggi che si impegnano a promuovere un turismo sostenibile. Il nostro motore di ricerca identifica gli alloggi che hanno ottenuto i Label La Clef Verte (Chiave Verde) e Ecolabel. Grazie a questa nuova funzione, siamo in [&hellip;]\" \/>\n<meta property=\"og:url\" content=\"https:\/\/www.campings.com\/it\/content\/eco-responsabilita\/\" \/>\n<meta property=\"og:site_name\" content=\"Campings IT Content\" \/>\n<meta name=\"twitter:card\" content=\"summary_large_image\" \/>\n<meta name=\"twitter:label1\" content=\"Est. reading time\" \/>\n\t<meta name=\"twitter:data1\" content=\"2 minutes\" \/>\n<script type=\"application\/ld+json\" class=\"yoast-schema-graph\">{\"@context\":\"https:\/\/schema.org\",\"@graph\":[{\"@type\":\"WebPage\",\"@id\":\"https:\/\/www.campings.com\/it\/content\/eco-responsabilita\/\",\"url\":\"https:\/\/www.campings.com\/it\/content\/eco-responsabilita\/\",\"name\":\"Eco-responsabilit\u00e0 - Campings IT Content\",\"isPartOf\":{\"@id\":\"https:\/\/www.campings.com\/it\/content\/#website\"},\"primaryImageOfPage\":{\"@id\":\"https:\/\/www.campings.com\/it\/content\/eco-responsabilita\/#primaryimage\"},\"image\":{\"@id\":\"https:\/\/www.campings.com\/it\/content\/eco-responsabilita\/#primaryimage\"},\"thumbnailUrl\":\"https:\/\/www.campings.com\/fr\/content\/wp-content\/uploads\/2023\/07\/cv-logo-1.png\",\"datePublished\":\"2023-07-24T14:22:50+00:00\",\"breadcrumb\":{\"@id\":\"https:\/\/www.campings.com\/it\/content\/eco-responsabilita\/#breadcrumb\"},\"inLanguage\":\"en-US\",\"potentialAction\":[{\"@type\":\"ReadAction\",\"target\":[\"https:\/\/www.campings.com\/it\/content\/eco-responsabilita\/\"]}]},{\"@type\":\"ImageObject\",\"inLanguage\":\"en-US\",\"@id\":\"https:\/\/www.campings.com\/it\/content\/eco-responsabilita\/#primaryimage\",\"url\":\"https:\/\/www.campings.com\/fr\/content\/wp-content\/uploads\/2023\/07\/cv-logo-1.png\",\"contentUrl\":\"https:\/\/www.campings.com\/fr\/content\/wp-content\/uploads\/2023\/07\/cv-logo-1.png\"},{\"@type\":\"BreadcrumbList\",\"@id\":\"https:\/\/www.campings.com\/it\/content\/eco-responsabilita\/#breadcrumb\",\"itemListElement\":[{\"@type\":\"ListItem\",\"position\":1,\"name\":\"Home\",\"item\":\"https:\/\/www.campings.com\/it\/content\/\"},{\"@type\":\"ListItem\",\"position\":2,\"name\":\"Eco-responsabilit\u00e0\"}]},{\"@type\":\"WebSite\",\"@id\":\"https:\/\/www.campings.com\/it\/content\/#website\",\"url\":\"https:\/\/www.campings.com\/it\/content\/\",\"name\":\"Campings IT Content\",\"description\":\"Just another Campings Blog Sites site\",\"potentialAction\":[{\"@type\":\"SearchAction\",\"target\":{\"@type\":\"EntryPoint\",\"urlTemplate\":\"https:\/\/www.campings.com\/it\/content\/?s={search_term_string}\"},\"query-input\":{\"@type\":\"PropertyValueSpecification\",\"valueRequired\":true,\"valueName\":\"search_term_string\"}}],\"inLanguage\":\"en-US\"}]}<\/script>\n<!-- \/ Yoast SEO plugin. -->","yoast_head_json":{"title":"Eco-responsabilit\u00e0 - Campings IT Content","robots":{"index":"index","follow":"follow","max-snippet":"max-snippet:-1","max-image-preview":"max-image-preview:large","max-video-preview":"max-video-preview:-1"},"canonical":"https:\/\/www.campings.com\/it\/content\/eco-responsabilita\/","og_locale":"en_US","og_type":"article","og_title":"Eco-responsabilit\u00e0 - Campings IT Content","og_description":"Novit\u00e0 su Campings.com: filtri di ricerca eco-responsabili per vacanze pi\u00f9 rispettose dell&#8217;ambiente! Sul nostro sito \u00e8 ormai possibile trovare campeggi che si impegnano a promuovere un turismo sostenibile. Il nostro motore di ricerca identifica gli alloggi che hanno ottenuto i Label La Clef Verte (Chiave Verde) e Ecolabel. Grazie a questa nuova funzione, siamo in [&hellip;]","og_url":"https:\/\/www.campings.com\/it\/content\/eco-responsabilita\/","og_site_name":"Campings IT Content","twitter_card":"summary_large_image","twitter_misc":{"Est. reading time":"2 minutes"},"schema":{"@context":"https:\/\/schema.org","@graph":[{"@type":"WebPage","@id":"https:\/\/www.campings.com\/it\/content\/eco-responsabilita\/","url":"https:\/\/www.campings.com\/it\/content\/eco-responsabilita\/","name":"Eco-responsabilit\u00e0 - Campings IT Content","isPartOf":{"@id":"https:\/\/www.campings.com\/it\/content\/#website"},"primaryImageOfPage":{"@id":"https:\/\/www.campings.com\/it\/content\/eco-responsabilita\/#primaryimage"},"image":{"@id":"https:\/\/www.campings.com\/it\/content\/eco-responsabilita\/#primaryimage"},"thumbnailUrl":"https:\/\/www.campings.com\/fr\/content\/wp-content\/uploads\/2023\/07\/cv-logo-1.png","datePublished":"2023-07-24T14:22:50+00:00","breadcrumb":{"@id":"https:\/\/www.campings.com\/it\/content\/eco-responsabilita\/#breadcrumb"},"inLanguage":"en-US","potentialAction":[{"@type":"ReadAction","target":["https:\/\/www.campings.com\/it\/content\/eco-responsabilita\/"]}]},{"@type":"ImageObject","inLanguage":"en-US","@id":"https:\/\/www.campings.com\/it\/content\/eco-responsabilita\/#primaryimage","url":"https:\/\/www.campings.com\/fr\/content\/wp-content\/uploads\/2023\/07\/cv-logo-1.png","contentUrl":"https:\/\/www.campings.com\/fr\/content\/wp-content\/uploads\/2023\/07\/cv-logo-1.png"},{"@type":"BreadcrumbList","@id":"https:\/\/www.campings.com\/it\/content\/eco-responsabilita\/#breadcrumb","itemListElement":[{"@type":"ListItem","position":1,"name":"Home","item":"https:\/\/www.campings.com\/it\/content\/"},{"@type":"ListItem","position":2,"name":"Eco-responsabilit\u00e0"}]},{"@type":"WebSite","@id":"https:\/\/www.campings.com\/it\/content\/#website","url":"https:\/\/www.campings.com\/it\/content\/","name":"Campings IT Content","description":"Just another Campings Blog Sites site","potentialAction":[{"@type":"SearchAction","target":{"@type":"EntryPoint","urlTemplate":"https:\/\/www.campings.com\/it\/content\/?s={search_term_string}"},"query-input":{"@type":"PropertyValueSpecification","valueRequired":true,"valueName":"search_term_string"}}],"inLanguage":"en-US"}]}},"_links":{"self":[{"href":"https:\/\/www.campings.com\/it\/content\/wp-json\/wp\/v2\/pages\/74","targetHints":{"allow":["GET"]}}],"collection":[{"href":"https:\/\/www.campings.com\/it\/content\/wp-json\/wp\/v2\/pages"}],"about":[{"href":"https:\/\/www.campings.com\/it\/content\/wp-json\/wp\/v2\/types\/page"}],"author":[{"embeddable":true,"href":"https:\/\/www.campings.com\/it\/content\/wp-json\/wp\/v2\/users\/25"}],"replies":[{"embeddable":true,"href":"https:\/\/www.campings.com\/it\/content\/wp-json\/wp\/v2\/comments?post=74"}],"version-history":[{"count":1,"href":"https:\/\/www.campings.com\/it\/content\/wp-json\/wp\/v2\/pages\/74\/revisions"}],"predecessor-version":[{"id":76,"href":"https:\/\/www.campings.com\/it\/content\/wp-json\/wp\/v2\/pages\/74\/revisions\/76"}],"wp:attachment":[{"href":"https:\/\/www.campings.com\/it\/content\/wp-json\/wp\/v2\/media?parent=74"}],"curies":[{"name":"wp","href":"https:\/\/api.w.org\/{rel}","templated":true}]}}