{"id":35,"date":"2022-11-23T11:51:07","date_gmt":"2022-11-23T11:51:07","guid":{"rendered":"https:\/\/www.campings.com\/it\/content\/?page_id=35"},"modified":"2022-11-23T11:51:07","modified_gmt":"2022-11-23T11:51:07","slug":"politica-sulla-riservatezza","status":"publish","type":"page","link":"https:\/\/www.campings.com\/it\/content\/politica-sulla-riservatezza\/","title":{"rendered":"Politica sulla Riservatezza"},"content":{"rendered":"<h2><span style=\"font-weight: 400\">Politica sulla Riservatezza www.campings.com<\/span><\/h2>\n<p><span style=\"font-weight: 400\">Aggiornato ad [agosto 2019].<\/span><\/p>\n<ol>\n<li><span style=\"font-weight: 400\"><strong> Trattamento dei dati personali dei clienti<\/strong><br \/>\n<\/span>Campings.com raccoglie e utilizza i dati personali forniti volontariamente dal Cliente e necessari per l&#8217;inoltro dell&#8217;Ordine.<br \/>\nI clienti sono tenuti a fornire i propri dati e informazioni personali in modo accurato, veritiero e reale e ad aggiornare tali dati e informazioni non appena necessario per garantire che rimangano accurati e completi.<br \/>\nCampings.com rispetta le disposizioni della Legge n. 78-17 del 6 gennaio 1978 sul trattamento dei dati, degli archivi e delle libert\u00e0 individuali e raccoglie e tratta i dati personali dei propri Clienti in modo corretto e lecito e nel rispetto dei loro diritti.<br \/>\nCampings.com \u00e8 responsabile del trattamento dei dati personali, che sono stati dichiarati alla Commissione Nazionale per l&#8217;Informatica e le Libert\u00e0 (&#8220;CNIL&#8221;).<br \/>\nLa finalit\u00e0 del trattamento \u00e8 quella di consentire la gestione degli ordini dei Clienti di servizi ricettivi da parte dei propri Partner e\/o le loro richieste di informazioni e prospezioni commerciali.<\/li>\n<li><strong>Natura dei dati raccolti da Campings.com<\/strong><br \/>\nI dati personali raccolti sono i seguenti: cognome e nome, indirizzo postale, indirizzo e-mail, data di nascita, numero di telefono dei Clienti e cognome e nome e data di nascita dei partecipanti.<br \/>\nCampings.com pu\u00f2 anche raccogliere i dati di traffico generati quando il terminale del Cliente \u00e8 connesso a Internet e al Sito. Questi dati possono essere utilizzati a fini statistici per analizzare il numero di visitatori del Sito e per migliorarlo adattandolo alle esigenze dei Clienti. I dati sul traffico non vengono mai utilizzati da Campings.com.<br \/>\nCampings.com pu\u00f2 inserire cookie nei terminali dei Clienti per consentire la navigazione sul Sito, per scopi pubblicitari e per comprendere meglio come i Clienti interagiscono con i suoi siti e servizi al fine di migliorarli.<br \/>\nCampings.com utilizza il servizio Google Analytics fornito da Google Inc, un fornitore di servizi di misurazione del pubblico, che:<br \/>\n&#8211; Raccoglie i seguenti dati: fonte delle connessioni (fornitori di accesso), tipo e versione del browser utilizzato, lingua del browser, durata della connessione, indirizzo IP, ecc;<br \/>\n&#8211; Memorizza i cookie sui terminali dei Clienti al fine di visualizzare la pubblicit\u00e0 sul Sito e di effettuare misurazioni dell&#8217;audience. I dati generati dai cookie sono trasmessi da Google Inc. e sono ospitati su server situati negli Stati Uniti. Google Inc. utilizzer\u00e0 questi dati per valutare l&#8217;utilizzo del sito web, ma non assocer\u00e0 l&#8217;indirizzo IP del cliente a nessun altro dato posseduto da Google Inc. Google Inc. pu\u00f2 anche trasferire questi dati a terzi, se ci\u00f2 \u00e8 richiesto dalla legge o se tali terzi elaborano i dati per loro conto. Per ulteriori informazioni, i Clienti possono consultare i seguenti siti web: www.google.com\/intl\/it\/policies\/privacy e www.google.com\/policies\/technologies\/ads.<br \/>\nContinuando a utilizzare il Sito, i Clienti accettano il deposito dei cookie sul loro terminale.<br \/>\nI clienti possono cancellare i cookie in qualsiasi momento utilizzando il software del proprio browser e configurandolo in modo da impedirne la memorizzazione sul proprio terminale. Campings.com li invita a consultare il file di aiuto del loro software di navigazione per stabilire la configurazione appropriata.<\/li>\n<li>\u00a0<strong>Protezione, conservazione e cancellazione dei dati personali<\/strong><br \/>\nI dati personali forniti dal Cliente sono ospitati da Campings.com.<br \/>\nCampings.com conserva i dati personali del Cliente per tutta la durata di un Ordine e per un massimo di cinque (5) anni dopo l&#8217;ultima richiesta non evasa del Cliente.<br \/>\n<span style=\"font-weight: 400\">&#8211; Comunicazione e trasferimento dei dati personali dei clienti<br \/>\n<\/span>Campings.com pu\u00f2 inviare e-mail ai Clienti che hanno accettato di riceverle, per informarli sullo sviluppo del Sito o delle sue attivit\u00e0 o per fornire loro informazioni tecniche o amministrative.<br \/>\n&#8211; Campings.com pu\u00f2 trasmettere i dati personali dei propri Clienti a Partner e a terzi per scopi pubblicitari. Campings.com si impegna a non comunicare, cedere o trasferire i dati personali a terzi (ad eccezione del suo utilizzo di Google Analytics o dei suoi Partner, compresi i partner commerciali) senza l&#8217;espresso consenso dei Clienti, ma potr\u00e0 comunicarli se richiesto dalla legge o su richiesta giudiziaria o amministrativa.<\/li>\n<li><strong>Diritto di accesso, modifica o cancellazione dei dati personali<\/strong><br \/>\nIn conformit\u00e0 alla legge francese sulla protezione dei dati personali n. 78-17 del 6 gennaio 1978, Campings.com informa i Clienti del loro diritto di accesso, modifica, opposizione al trattamento e richiesta di cancellazione dei loro dati personali raccolti e trattati, precisando che la cancellazione dei loro dati non \u00e8 possibile durante un Ordine.<br \/>\nI clienti possono esercitare i loro diritti:<br \/>\n&#8211; Inviando un&#8217;email all&#8217;indirizzo &#8216;dpo@campings.com&#8217;, Responsabile della protezione dei dati (DPO) o,<br \/>\n&#8211; scrivendo all&#8217;indirizzo postale: Campings.com &#8211; 18-20 rue du faubourg du temple &#8211; 75541 Paris Cedex 11.<\/li>\n<\/ol>\n<h2><span style=\"font-weight: 400\">Informazioni sui cookie sul sito web www.campings.com\/it<\/span><\/h2>\n<p><strong>Che cos&#8217;\u00e8 un cookie?<br \/>\n<\/strong><span style=\"font-weight: 400\">Quando si utilizza il Sito, www.campings.com\/it pu\u00f2 inserire un file chiamato &#8220;cookie&#8221; sul terminale dell&#8217;utente (ad esempio, computer, tablet), grazie al software del browser. Durante il tempo in cui viene memorizzato, consente di identificare il computer dell&#8217;utente durante le visite successive. Pertanto, ogni volta che l&#8217;utente visita il Sito, i dati della visita precedente possono essere conservati.<\/span><\/p>\n<p>&nbsp;<\/p>\n<p><strong>Quali cookie vengono utilizzati?<\/strong><\/p>\n<ol>\n<li><span style=\"font-weight: 400\">Google Analytics (analisi e misurazione delle prestazioni)<br \/>\n<\/span>Google Analytics utilizza i cookie per raccogliere dati che ci aiutano a capire meglio come i nostri utenti navigano e quali errori possono incontrare. Utilizziamo queste informazioni per individuare come migliorare l&#8217;esperienza dell&#8217;utente. I dati raccolti attraverso questi cookie sono anonimi. Queste terze parti non raccolgono dati specifici dei clienti e i dati non vengono mai condivisi con altre terze parti.<\/li>\n<li>ABTasty (analisi e misurazione delle prestazioni)<br \/>\nwww.campings.com\/it collabora con la terza parte ABTasty per testare e ottimizzare i contenuti e l&#8217;esperienza dei nostri utenti. I cookie utilizzati ci permettono di identificare i dati di navigazione dei nostri utenti, al fine di migliorare le loro esperienze future. I dati raccolti attraverso questi cookie sono anonimi. Non raccolgono dati specifici dei clienti e i dati non vengono mai condivisi con terze parti.<\/li>\n<li>Facebook, Google Adwords, Bing, (targeting e pubblicit\u00e0)<br \/>\nGoogle Adwords, Bing e Facebook utilizzano i cookie per monitorare le nostre attivit\u00e0 pubblicitarie a pagamento. Utilizziamo le informazioni raccolte da questi cookie per aiutarci a determinare dove i nostri annunci saranno pi\u00f9 efficaci online. Ogni inserzionista utilizza i propri cookie di tracciamento e i dati raccolti non sono riservati o intercambiabili.<\/li>\n<li>NetAffiliation, TF1, ADME, Notify, PRM Factory, (targeting)<br \/>\nQuesti cookie sono utilizzati da NetAffiliation, TF1, ADME, PRM Factory e consentono a www.campings.com\/fr di adempiere agli obblighi contrattuali di pagamento nei confronti dei suoi partner quando questi ultimi presentano un nuovo cliente a www.campings.com\/it. I dati raccolti attraverso questi cookie sono anonimi. Questa terza parte non raccoglie dati specifici dei clienti e i dati non vengono mai condivisi con altre terze parti.<\/li>\n<li>Criteo, Tedemis, Remailme, Eperflex, RTBHouse (pubblicit\u00e0)<br \/>\nwww.campings.com\/fr collabora con le agenzie terze Criteo, Tedemis, Remailme, Eperflex e RTBHouse per visualizzare banner e pubblicit\u00e0 via e-mail su altri siti web selezionati in base alle pagine precedentemente visualizzate su www.campings.com\/it. Questi cookie ci aiutano a monitorare e migliorare l&#8217;efficacia dei nostri banner e delle nostre e-mail pubblicitarie e a perfezionare il targeting di queste campagne per mostrare i contenuti pi\u00f9 pertinenti a ciascun individuo. I dati raccolti attraverso questi cookie sono anonimi. Queste terze parti non raccolgono dati specifici dei clienti e i dati non vengono mai condivisi con altre terze parti.<\/li>\n<li>Zendesk (Zopim) (Funzionale)<br \/>\nZendesk \u00e8 una piattaforma di assistenza clienti che mette a disposizione di www.campings.com\/it diversi mezzi di comunicazione, tra cui un servizio di chat (Zopim). Il cookie Zendesk tiene traccia della cronologia degli utenti sulle applicazioni Zendesk, comprese le preferenze dell&#8217;utente per la visualizzazione della chat. Le informazioni raccolte attraverso questi cookie vengono utilizzate solo a questo scopo e non vengono mai trasmesse o vendute a terzi.<\/li>\n<li>TrustPilot (Recensioni dei clienti)<br \/>\nTrustPilot \u00e8 una piattaforma indipendente per la raccolta delle recensioni dei clienti. Se volete scrivere una recensione su www.campings.com\/it, TrustPilot raccoglie i vostri dati personali. Per una panoramica dei dati personali raccolti e di come TrustPilot li utilizza, visitare: http:\/\/fr.legal.TrustPilot.com\/end-user-privacy-terms.<\/li>\n<li>ContentSquare<br \/>\nContentSquare \u00e8 una soluzione che aggrega i dati di traffico e di utilizzo per migliorare l&#8217;esperienza dell&#8217;utente. Le statistiche prodotte sono anonime. Per rinunciare al tracciamento, fare clic qui.<br \/>\nDettagli del cookie di ContentSquare (Cookie : Durata &#8211; descrizione)<br \/>\n_cs_id: 13 mesi &#8211; Questo cookie contiene l&#8217;ID utente di ContentSquare.<br \/>\n_cs_s : 30 minuti &#8211; Questo cookie contiene il numero di pagine visualizzate nella sessione corrente per lo strumento ContentSquare.<br \/>\n_cs_vars : sessione &#8211; Questo cookie \u00e8 utilizzato da ContentSquare per memorizzare variabili personalizzate.<br \/>\n_cs_ex : 30 giorni &#8211; Questo cookie \u00e8 utilizzato da ContentSquare per escludere determinati visitatori dalla raccolta.<br \/>\n_cs_c : 13 mesi &#8211; Questo cookie \u00e8 utilizzato da ContentSquare per salvare il consenso dell&#8217;utente alla raccolta dei dati.<br \/>\n_cs_optout : 10 anni &#8211; Questo cookie \u00e8 utilizzato da ContentSquare per escludere determinati visitatori dalla raccolta.<\/li>\n<\/ol>\n<p>&nbsp;<\/p>\n<h3><span style=\"font-weight: 400\">Come posso accettare o rifiutare l&#8217;uso dei cookie?<\/span><\/h3>\n<p><span style=\"font-weight: 400\">Se non desiderate ricevere i cookie in generale o desiderate rifiutarne solo alcuni, potete modificare le impostazioni del vostro browser.<\/span><\/p>\n<p><span style=\"font-weight: 400\">Le istruzioni per farlo sono fornite sul sito web di ciascun browser:<\/span><\/p>\n<p><span style=\"font-weight: 400\">Per Internet Explorer:<br \/>\n<\/span><span style=\"font-weight: 400\">http:\/\/windows.microsoft.com\/it-IT\/windows-vista\/Block-or-allow-cookies<\/span><\/p>\n<p><span style=\"font-weight: 400\">Per Firefox:<br \/>\n<\/span><span style=\"font-weight: 400\">http:\/\/support.mozilla.org\/fr\/kb\/Activer%20et%20d%C3%A9sactiver%20les%20cookies<\/span><\/p>\n<p><span style=\"font-weight: 400\">Per Safari:<br \/>\n<\/span><span style=\"font-weight: 400\">http:\/\/support.apple.com\/kb\/ht1677?viewlocale=it_IT<\/span><\/p>\n<p><span style=\"font-weight: 400\">Per Chrome:<br \/>\n<\/span><span style=\"font-weight: 400\">http:\/\/support.google.com\/chrome\/bin\/answer.py?hl=fr&amp;hlrm=en&amp;answer=95647<\/span><\/p>\n","protected":false},"excerpt":{"rendered":"<p>Politica sulla Riservatezza www.campings.com Aggiornato ad [agosto 2019]. Trattamento dei dati personali dei clienti Campings.com raccoglie e utilizza i dati personali forniti volontariamente dal Cliente e necessari per l&#8217;inoltro dell&#8217;Ordine. I clienti sono tenuti a fornire i propri dati e informazioni personali in modo accurato, veritiero e reale e ad aggiornare tali dati e informazioni [&hellip;]<\/p>\n","protected":false},"author":28,"featured_media":0,"parent":0,"menu_order":0,"comment_status":"closed","ping_status":"closed","template":"template-onecolumn.php","meta":{"_acf_changed":false,"footnotes":""},"class_list":["post-35","page","type-page","status-publish","hentry"],"acf":[],"yoast_head":"<!-- This site is optimized with the Yoast SEO plugin v27.1.1 - https:\/\/yoast.com\/product\/yoast-seo-wordpress\/ -->\n<title>Politica sulla Riservatezza - Campings IT Content<\/title>\n<meta name=\"robots\" content=\"index, follow, max-snippet:-1, max-image-preview:large, max-video-preview:-1\" \/>\n<link rel=\"canonical\" href=\"https:\/\/www.campings.com\/it\/content\/politica-sulla-riservatezza\/\" \/>\n<meta property=\"og:locale\" content=\"en_US\" \/>\n<meta property=\"og:type\" content=\"article\" \/>\n<meta property=\"og:title\" content=\"Politica sulla Riservatezza - Campings IT Content\" \/>\n<meta property=\"og:description\" content=\"Politica sulla Riservatezza www.campings.com Aggiornato ad [agosto 2019]. Trattamento dei dati personali dei clienti Campings.com raccoglie e utilizza i dati personali forniti volontariamente dal Cliente e necessari per l&#8217;inoltro dell&#8217;Ordine. I clienti sono tenuti a fornire i propri dati e informazioni personali in modo accurato, veritiero e reale e ad aggiornare tali dati e informazioni [&hellip;]\" \/>\n<meta property=\"og:url\" content=\"https:\/\/www.campings.com\/it\/content\/politica-sulla-riservatezza\/\" \/>\n<meta property=\"og:site_name\" content=\"Campings IT Content\" \/>\n<meta name=\"twitter:card\" content=\"summary_large_image\" \/>\n<meta name=\"twitter:label1\" content=\"Est. reading time\" \/>\n\t<meta name=\"twitter:data1\" content=\"8 minutes\" \/>\n<script type=\"application\/ld+json\" class=\"yoast-schema-graph\">{\"@context\":\"https:\/\/schema.org\",\"@graph\":[{\"@type\":\"WebPage\",\"@id\":\"https:\/\/www.campings.com\/it\/content\/politica-sulla-riservatezza\/\",\"url\":\"https:\/\/www.campings.com\/it\/content\/politica-sulla-riservatezza\/\",\"name\":\"Politica sulla Riservatezza - Campings IT Content\",\"isPartOf\":{\"@id\":\"https:\/\/www.campings.com\/it\/content\/#website\"},\"datePublished\":\"2022-11-23T11:51:07+00:00\",\"breadcrumb\":{\"@id\":\"https:\/\/www.campings.com\/it\/content\/politica-sulla-riservatezza\/#breadcrumb\"},\"inLanguage\":\"en-US\",\"potentialAction\":[{\"@type\":\"ReadAction\",\"target\":[\"https:\/\/www.campings.com\/it\/content\/politica-sulla-riservatezza\/\"]}]},{\"@type\":\"BreadcrumbList\",\"@id\":\"https:\/\/www.campings.com\/it\/content\/politica-sulla-riservatezza\/#breadcrumb\",\"itemListElement\":[{\"@type\":\"ListItem\",\"position\":1,\"name\":\"Home\",\"item\":\"https:\/\/www.campings.com\/it\/content\/\"},{\"@type\":\"ListItem\",\"position\":2,\"name\":\"Politica sulla Riservatezza\"}]},{\"@type\":\"WebSite\",\"@id\":\"https:\/\/www.campings.com\/it\/content\/#website\",\"url\":\"https:\/\/www.campings.com\/it\/content\/\",\"name\":\"Campings IT Content\",\"description\":\"Just another Campings Blog Sites site\",\"potentialAction\":[{\"@type\":\"SearchAction\",\"target\":{\"@type\":\"EntryPoint\",\"urlTemplate\":\"https:\/\/www.campings.com\/it\/content\/?s={search_term_string}\"},\"query-input\":{\"@type\":\"PropertyValueSpecification\",\"valueRequired\":true,\"valueName\":\"search_term_string\"}}],\"inLanguage\":\"en-US\"}]}<\/script>\n<!-- \/ Yoast SEO plugin. -->","yoast_head_json":{"title":"Politica sulla Riservatezza - Campings IT Content","robots":{"index":"index","follow":"follow","max-snippet":"max-snippet:-1","max-image-preview":"max-image-preview:large","max-video-preview":"max-video-preview:-1"},"canonical":"https:\/\/www.campings.com\/it\/content\/politica-sulla-riservatezza\/","og_locale":"en_US","og_type":"article","og_title":"Politica sulla Riservatezza - Campings IT Content","og_description":"Politica sulla Riservatezza www.campings.com Aggiornato ad [agosto 2019]. Trattamento dei dati personali dei clienti Campings.com raccoglie e utilizza i dati personali forniti volontariamente dal Cliente e necessari per l&#8217;inoltro dell&#8217;Ordine. I clienti sono tenuti a fornire i propri dati e informazioni personali in modo accurato, veritiero e reale e ad aggiornare tali dati e informazioni [&hellip;]","og_url":"https:\/\/www.campings.com\/it\/content\/politica-sulla-riservatezza\/","og_site_name":"Campings IT Content","twitter_card":"summary_large_image","twitter_misc":{"Est. reading time":"8 minutes"},"schema":{"@context":"https:\/\/schema.org","@graph":[{"@type":"WebPage","@id":"https:\/\/www.campings.com\/it\/content\/politica-sulla-riservatezza\/","url":"https:\/\/www.campings.com\/it\/content\/politica-sulla-riservatezza\/","name":"Politica sulla Riservatezza - Campings IT Content","isPartOf":{"@id":"https:\/\/www.campings.com\/it\/content\/#website"},"datePublished":"2022-11-23T11:51:07+00:00","breadcrumb":{"@id":"https:\/\/www.campings.com\/it\/content\/politica-sulla-riservatezza\/#breadcrumb"},"inLanguage":"en-US","potentialAction":[{"@type":"ReadAction","target":["https:\/\/www.campings.com\/it\/content\/politica-sulla-riservatezza\/"]}]},{"@type":"BreadcrumbList","@id":"https:\/\/www.campings.com\/it\/content\/politica-sulla-riservatezza\/#breadcrumb","itemListElement":[{"@type":"ListItem","position":1,"name":"Home","item":"https:\/\/www.campings.com\/it\/content\/"},{"@type":"ListItem","position":2,"name":"Politica sulla Riservatezza"}]},{"@type":"WebSite","@id":"https:\/\/www.campings.com\/it\/content\/#website","url":"https:\/\/www.campings.com\/it\/content\/","name":"Campings IT Content","description":"Just another Campings Blog Sites site","potentialAction":[{"@type":"SearchAction","target":{"@type":"EntryPoint","urlTemplate":"https:\/\/www.campings.com\/it\/content\/?s={search_term_string}"},"query-input":{"@type":"PropertyValueSpecification","valueRequired":true,"valueName":"search_term_string"}}],"inLanguage":"en-US"}]}},"_links":{"self":[{"href":"https:\/\/www.campings.com\/it\/content\/wp-json\/wp\/v2\/pages\/35","targetHints":{"allow":["GET"]}}],"collection":[{"href":"https:\/\/www.campings.com\/it\/content\/wp-json\/wp\/v2\/pages"}],"about":[{"href":"https:\/\/www.campings.com\/it\/content\/wp-json\/wp\/v2\/types\/page"}],"author":[{"embeddable":true,"href":"https:\/\/www.campings.com\/it\/content\/wp-json\/wp\/v2\/users\/28"}],"replies":[{"embeddable":true,"href":"https:\/\/www.campings.com\/it\/content\/wp-json\/wp\/v2\/comments?post=35"}],"version-history":[{"count":4,"href":"https:\/\/www.campings.com\/it\/content\/wp-json\/wp\/v2\/pages\/35\/revisions"}],"predecessor-version":[{"id":40,"href":"https:\/\/www.campings.com\/it\/content\/wp-json\/wp\/v2\/pages\/35\/revisions\/40"}],"wp:attachment":[{"href":"https:\/\/www.campings.com\/it\/content\/wp-json\/wp\/v2\/media?parent=35"}],"curies":[{"name":"wp","href":"https:\/\/api.w.org\/{rel}","templated":true}]}}