{"id":32,"date":"2022-11-22T11:49:47","date_gmt":"2022-11-22T11:49:47","guid":{"rendered":"https:\/\/www.campings.com\/it\/content\/?page_id=32"},"modified":"2026-01-16T15:29:32","modified_gmt":"2026-01-16T15:29:32","slug":"credito-di-viaggio-old","status":"publish","type":"page","link":"https:\/\/www.campings.com\/it\/content\/credito-di-viaggio-old\/","title":{"rendered":"Risparmia con il credito di viaggio!"},"content":{"rendered":"<p><strong>\u00c8 facile e vantaggioso!<img loading=\"lazy\" decoding=\"async\" class=\"size-medium wp-image-3275 alignright\" src=\"https:\/\/www.campings.com\/fr\/content\/wp-content\/uploads\/2021\/12\/big_gift.png\" alt=\"\" width=\"200\" height=\"200\" \/><\/strong><\/p>\n<p>Con Campings.com, pi\u00f9 parti in vacanza e pi\u00f9 risparmi. Approfitta del credito di viaggio per prenotare sempre con uno sconto esclusivo e bloccare il tuo soggiorno a prezzi bassissimi.<\/p>\n<h3>Come funziona?<\/h3>\n<p>Una volta confermata la prenotazione, riceverai immediatamente via e-mail un credito di viaggio sotto forma di voucher pari al <strong>10% del valore della tua prenotazione*<\/strong>*.<\/p>\n<h3><strong>Come utilizzare il credito di viaggio?<\/strong><\/h3>\n<p>Per utilizzare il credito di viaggio sulla tua prossima prenotazione, esegui i seguenti passaggi<\/p>\n<ol>\n<li>Clicca su <strong>Prenota<\/strong> sulla struttura ricettiva prescelta<\/li>\n<li>Nel modulo di contatto, <strong>inserisci il tuo indirizzo e-mail<\/strong><\/li>\n<li>Nel campo del credito di viaggio, <strong>inserisci il codice del tuo credito di viaggio<\/strong>.<\/li>\n<\/ol>\n<h5>**Condizioni di utilizzo<\/h5>\n<p>Il credito di viaggio \u00e8 sotto forma di buono, <strong>non pu\u00f2 superare i 150 euro e pu\u00f2 essere utilizzato in un&#8217;unica soluzione<\/strong>.<br \/>\nIl credito di viaggio \u00e8 valido per un periodo di 12 mesi e pu\u00f2 essere utilizzato unicamente sul nostro sito web a partire dal giorno successivo all&#8217;ultimo giorno della vacanza inizialmente prenotata. Le date del nuovo soggiorno prenotato utilizzando il credito di viaggio\u00a0 non possono oltrepassare i 18 mesi dalla data dell&#8217;ultima prenotazione.<br \/>\nIl credito di viaggio non \u00e8 cumulabile con altri crediti di viaggio o codici promozionali.<br \/>\nL&#8217;importo del credito di viaggio generato viene calcolato in base al prezzo dell&#8217;alloggio (escluse le spese amministrative, l&#8217;assicurazione, le spese di elaborazione o le opzioni).<br \/>\nIl nuovo soggiorno prenotato utilizzando il credito di viaggio deve essere almeno 5 volte superiore al valore del credito di viaggio.<br \/>\nSe la prenotazione effettuata con il credito di viaggio viene cancellata, il credito di viaggio non verr\u00e0 riaccreditato, andr\u00e0 perso e non verr\u00e0 rimborsato.<br \/>\nLe prenotazioni di piazzole per tende, roulotte o camper non possono beneficiare di un credito di viaggio.<\/p>\n<p>* Per le prenotazioni effettuate prima del 07\/06\/2024, l&#8217;importo del credito di viaggio \u00e8 del 5% per i soggiorni di luglio e agosto.<\/p>\n<p>&nbsp;<\/p>\n","protected":false},"excerpt":{"rendered":"<p>\u00c8 facile e vantaggioso! Con Campings.com, pi\u00f9 parti in vacanza e pi\u00f9 risparmi. Approfitta del credito di viaggio per prenotare sempre con uno sconto esclusivo e bloccare il tuo soggiorno a prezzi bassissimi. Come funziona? Una volta confermata la prenotazione, riceverai immediatamente via e-mail un credito di viaggio sotto forma di voucher pari al 10% [&hellip;]<\/p>\n","protected":false},"author":28,"featured_media":0,"parent":0,"menu_order":0,"comment_status":"closed","ping_status":"closed","template":"template-onecolumn.php","meta":{"_acf_changed":false,"footnotes":""},"class_list":["post-32","page","type-page","status-publish","hentry"],"acf":[],"yoast_head":"<!-- This site is optimized with the Yoast SEO plugin v27.1.1 - https:\/\/yoast.com\/product\/yoast-seo-wordpress\/ -->\n<title>Risparmia con il credito di viaggio! - Campings IT Content<\/title>\n<meta name=\"robots\" content=\"index, follow, max-snippet:-1, max-image-preview:large, max-video-preview:-1\" \/>\n<link rel=\"canonical\" href=\"https:\/\/www.campings.com\/it\/content\/credito-di-viaggio-old\/\" \/>\n<meta property=\"og:locale\" content=\"en_US\" \/>\n<meta property=\"og:type\" content=\"article\" \/>\n<meta property=\"og:title\" content=\"Risparmia con il credito di viaggio! - Campings IT Content\" \/>\n<meta property=\"og:description\" content=\"\u00c8 facile e vantaggioso! Con Campings.com, pi\u00f9 parti in vacanza e pi\u00f9 risparmi. Approfitta del credito di viaggio per prenotare sempre con uno sconto esclusivo e bloccare il tuo soggiorno a prezzi bassissimi. Come funziona? Una volta confermata la prenotazione, riceverai immediatamente via e-mail un credito di viaggio sotto forma di voucher pari al 10% [&hellip;]\" \/>\n<meta property=\"og:url\" content=\"https:\/\/www.campings.com\/it\/content\/credito-di-viaggio-old\/\" \/>\n<meta property=\"og:site_name\" content=\"Campings IT Content\" \/>\n<meta property=\"article:modified_time\" content=\"2026-01-16T15:29:32+00:00\" \/>\n<meta name=\"twitter:card\" content=\"summary_large_image\" \/>\n<meta name=\"twitter:label1\" content=\"Est. reading time\" \/>\n\t<meta name=\"twitter:data1\" content=\"2 minutes\" \/>\n<script type=\"application\/ld+json\" class=\"yoast-schema-graph\">{\"@context\":\"https:\/\/schema.org\",\"@graph\":[{\"@type\":\"WebPage\",\"@id\":\"https:\/\/www.campings.com\/it\/content\/credito-di-viaggio-old\/\",\"url\":\"https:\/\/www.campings.com\/it\/content\/credito-di-viaggio-old\/\",\"name\":\"Risparmia con il credito di viaggio! - Campings IT Content\",\"isPartOf\":{\"@id\":\"https:\/\/www.campings.com\/it\/content\/#website\"},\"primaryImageOfPage\":{\"@id\":\"https:\/\/www.campings.com\/it\/content\/credito-di-viaggio-old\/#primaryimage\"},\"image\":{\"@id\":\"https:\/\/www.campings.com\/it\/content\/credito-di-viaggio-old\/#primaryimage\"},\"thumbnailUrl\":\"https:\/\/www.campings.com\/fr\/content\/wp-content\/uploads\/2021\/12\/big_gift.png\",\"datePublished\":\"2022-11-22T11:49:47+00:00\",\"dateModified\":\"2026-01-16T15:29:32+00:00\",\"breadcrumb\":{\"@id\":\"https:\/\/www.campings.com\/it\/content\/credito-di-viaggio-old\/#breadcrumb\"},\"inLanguage\":\"en-US\",\"potentialAction\":[{\"@type\":\"ReadAction\",\"target\":[\"https:\/\/www.campings.com\/it\/content\/credito-di-viaggio-old\/\"]}]},{\"@type\":\"ImageObject\",\"inLanguage\":\"en-US\",\"@id\":\"https:\/\/www.campings.com\/it\/content\/credito-di-viaggio-old\/#primaryimage\",\"url\":\"https:\/\/www.campings.com\/fr\/content\/wp-content\/uploads\/2021\/12\/big_gift.png\",\"contentUrl\":\"https:\/\/www.campings.com\/fr\/content\/wp-content\/uploads\/2021\/12\/big_gift.png\"},{\"@type\":\"BreadcrumbList\",\"@id\":\"https:\/\/www.campings.com\/it\/content\/credito-di-viaggio-old\/#breadcrumb\",\"itemListElement\":[{\"@type\":\"ListItem\",\"position\":1,\"name\":\"Home\",\"item\":\"https:\/\/www.campings.com\/it\/content\/\"},{\"@type\":\"ListItem\",\"position\":2,\"name\":\"Risparmia con il credito di viaggio!\"}]},{\"@type\":\"WebSite\",\"@id\":\"https:\/\/www.campings.com\/it\/content\/#website\",\"url\":\"https:\/\/www.campings.com\/it\/content\/\",\"name\":\"Campings IT Content\",\"description\":\"Just another Campings Blog Sites site\",\"potentialAction\":[{\"@type\":\"SearchAction\",\"target\":{\"@type\":\"EntryPoint\",\"urlTemplate\":\"https:\/\/www.campings.com\/it\/content\/?s={search_term_string}\"},\"query-input\":{\"@type\":\"PropertyValueSpecification\",\"valueRequired\":true,\"valueName\":\"search_term_string\"}}],\"inLanguage\":\"en-US\"}]}<\/script>\n<!-- \/ Yoast SEO plugin. -->","yoast_head_json":{"title":"Risparmia con il credito di viaggio! - Campings IT Content","robots":{"index":"index","follow":"follow","max-snippet":"max-snippet:-1","max-image-preview":"max-image-preview:large","max-video-preview":"max-video-preview:-1"},"canonical":"https:\/\/www.campings.com\/it\/content\/credito-di-viaggio-old\/","og_locale":"en_US","og_type":"article","og_title":"Risparmia con il credito di viaggio! - Campings IT Content","og_description":"\u00c8 facile e vantaggioso! Con Campings.com, pi\u00f9 parti in vacanza e pi\u00f9 risparmi. Approfitta del credito di viaggio per prenotare sempre con uno sconto esclusivo e bloccare il tuo soggiorno a prezzi bassissimi. Come funziona? Una volta confermata la prenotazione, riceverai immediatamente via e-mail un credito di viaggio sotto forma di voucher pari al 10% [&hellip;]","og_url":"https:\/\/www.campings.com\/it\/content\/credito-di-viaggio-old\/","og_site_name":"Campings IT Content","article_modified_time":"2026-01-16T15:29:32+00:00","twitter_card":"summary_large_image","twitter_misc":{"Est. reading time":"2 minutes"},"schema":{"@context":"https:\/\/schema.org","@graph":[{"@type":"WebPage","@id":"https:\/\/www.campings.com\/it\/content\/credito-di-viaggio-old\/","url":"https:\/\/www.campings.com\/it\/content\/credito-di-viaggio-old\/","name":"Risparmia con il credito di viaggio! - Campings IT Content","isPartOf":{"@id":"https:\/\/www.campings.com\/it\/content\/#website"},"primaryImageOfPage":{"@id":"https:\/\/www.campings.com\/it\/content\/credito-di-viaggio-old\/#primaryimage"},"image":{"@id":"https:\/\/www.campings.com\/it\/content\/credito-di-viaggio-old\/#primaryimage"},"thumbnailUrl":"https:\/\/www.campings.com\/fr\/content\/wp-content\/uploads\/2021\/12\/big_gift.png","datePublished":"2022-11-22T11:49:47+00:00","dateModified":"2026-01-16T15:29:32+00:00","breadcrumb":{"@id":"https:\/\/www.campings.com\/it\/content\/credito-di-viaggio-old\/#breadcrumb"},"inLanguage":"en-US","potentialAction":[{"@type":"ReadAction","target":["https:\/\/www.campings.com\/it\/content\/credito-di-viaggio-old\/"]}]},{"@type":"ImageObject","inLanguage":"en-US","@id":"https:\/\/www.campings.com\/it\/content\/credito-di-viaggio-old\/#primaryimage","url":"https:\/\/www.campings.com\/fr\/content\/wp-content\/uploads\/2021\/12\/big_gift.png","contentUrl":"https:\/\/www.campings.com\/fr\/content\/wp-content\/uploads\/2021\/12\/big_gift.png"},{"@type":"BreadcrumbList","@id":"https:\/\/www.campings.com\/it\/content\/credito-di-viaggio-old\/#breadcrumb","itemListElement":[{"@type":"ListItem","position":1,"name":"Home","item":"https:\/\/www.campings.com\/it\/content\/"},{"@type":"ListItem","position":2,"name":"Risparmia con il credito di viaggio!"}]},{"@type":"WebSite","@id":"https:\/\/www.campings.com\/it\/content\/#website","url":"https:\/\/www.campings.com\/it\/content\/","name":"Campings IT Content","description":"Just another Campings Blog Sites site","potentialAction":[{"@type":"SearchAction","target":{"@type":"EntryPoint","urlTemplate":"https:\/\/www.campings.com\/it\/content\/?s={search_term_string}"},"query-input":{"@type":"PropertyValueSpecification","valueRequired":true,"valueName":"search_term_string"}}],"inLanguage":"en-US"}]}},"_links":{"self":[{"href":"https:\/\/www.campings.com\/it\/content\/wp-json\/wp\/v2\/pages\/32","targetHints":{"allow":["GET"]}}],"collection":[{"href":"https:\/\/www.campings.com\/it\/content\/wp-json\/wp\/v2\/pages"}],"about":[{"href":"https:\/\/www.campings.com\/it\/content\/wp-json\/wp\/v2\/types\/page"}],"author":[{"embeddable":true,"href":"https:\/\/www.campings.com\/it\/content\/wp-json\/wp\/v2\/users\/28"}],"replies":[{"embeddable":true,"href":"https:\/\/www.campings.com\/it\/content\/wp-json\/wp\/v2\/comments?post=32"}],"version-history":[{"count":6,"href":"https:\/\/www.campings.com\/it\/content\/wp-json\/wp\/v2\/pages\/32\/revisions"}],"predecessor-version":[{"id":98,"href":"https:\/\/www.campings.com\/it\/content\/wp-json\/wp\/v2\/pages\/32\/revisions\/98"}],"wp:attachment":[{"href":"https:\/\/www.campings.com\/it\/content\/wp-json\/wp\/v2\/media?parent=32"}],"curies":[{"name":"wp","href":"https:\/\/api.w.org\/{rel}","templated":true}]}}