{"id":102,"date":"2025-02-25T16:19:33","date_gmt":"2025-02-25T16:19:33","guid":{"rendered":"https:\/\/www.campings.com\/it\/content\/?page_id=102"},"modified":"2026-01-16T15:29:53","modified_gmt":"2026-01-16T15:29:53","slug":"credito-di-viaggio","status":"publish","type":"page","link":"https:\/\/www.campings.com\/it\/content\/credito-di-viaggio\/","title":{"rendered":"<span style=\"display:none;\">Risparmia con il credito di viaggio<\/span>"},"content":{"rendered":"<div class=\"lp-cc\">\n<section class=\"lp--br-hero\">\n<div class=\"trademark\"><\/div>\n<div class=\"hero--wrapper\">\n<article>\n<h2>Risparmia con il <strong>credito di viaggio<\/strong>.<\/h2>\n<p>Con Campings.com pi\u00f9 parti in vacanza e pi\u00f9 risparmi!<br \/>\nApprofitta di un rimborso esclusivo sotto forma di credito di viaggio pari al 10% del valore della tua prenotazione.<\/p>\n<p> \u00c8 semplice e vantaggioso!<br \/>\n<\/article>\n<\/div>\n<\/section>\n<section class=\"lp--section\">\n<article class=\"lp--section-wrapper lp--br-hiw\">\n<div class=\"lp--section-content\">\n<h2>Come <strong>funziona?<\/strong><\/h2>\n<p>Una volta confermata la prenotazione, riceverai immediatamente via e-mail un credito di viaggio sotto forma di voucher, ad esempio:<\/p>\n<div class=\"lp--br-hiw-wrapper\">\n<ul>\n<li>Prenoti un soggiorno del valore di 890\u20ac<\/li>\n<li>Ricevi una e-mail contenente il tuo credito di viaggio del valore di 89\u20ac<\/li>\n<li>Puoi utilizzare il tuo credito per la prenotazione del soggiorno successivo*<\/li>\n<\/ul>\n<div class=\"lp--br-ticket\">\n<div class=\"percent\"><img decoding=\"async\" src=\"https:\/\/www.campings.com\/fr\/content\/wp-content\/uploads\/2025\/01\/10percent-ticket.png\" alt=\"\" \/><\/div>\n<div class=\"text\">del totale della prenotazione iniziale<\/div>\n<\/div>\n<\/div>\n<\/div>\n<\/article>\n<\/section>\n<section class=\"lp--section lp--br-htu lp--thematic\">\n<article class=\"lp--section-wrapper\">\n<div class=\"lp--section-content\">\n<header>\n<h2><strong>Come utilizzare<\/strong> il credito di viaggio?<\/h2>\n<\/header>\n<p>Per utilizzare il credito di viaggio sulla tua prossima prenotazione, esegui i seguenti passaggi:<\/p>\n<div class=\"lp--br-htu--steps-wrapper\">\n<div class=\"lp--br-htu--step\"><img decoding=\"async\" src=\"https:\/\/www.campings.com\/it\/content\/wp-content\/uploads\/sites\/2\/2025\/02\/it-br-htu-1.png\" \/><\/p>\n<p>Clicca su  <strong>Prenota<\/strong> sulla struttura ricettiva prescelta<\/p>\n<\/div>\n<div class=\"lp--br-htu--step\"><img decoding=\"async\" src=\"https:\/\/www.campings.com\/it\/content\/wp-content\/uploads\/sites\/2\/2025\/02\/it-br-htu-2.png\" \/><\/p>\n<p>Nel modulo di contatto, inserisci il tuo <strong>indirizzo e-mail<\/strong><\/p>\n<\/div>\n<div class=\"lp--br-htu--step\"><img decoding=\"async\" src=\"https:\/\/www.campings.com\/it\/content\/wp-content\/uploads\/sites\/2\/2025\/02\/it-br-htu-3.png\" \/><\/p>\n<p>Nel campo del credito di viaggio, inserisci il <strong>codice del tuo credito di viaggio<\/strong>.<\/p>\n<\/div>\n<\/div>\n<\/div>\n<\/article>\n<\/section>\n<section class=\"lp--section\">\n<article class=\"lp--section-wrapper lp--section-wrapper--cgu\">\n<div class=\"lp--section-content\">\n<p><strong>Condizioni di utilizzo<\/strong><\/p>\n<p>Il credito di viaggio \u00e8 sotto forma di buono, non pu\u00f2 superare i 150 euro e deve essere utilizzato in un\u2019unica soluzione, una sola volta.<br \/>\nIl credito di viaggio \u00e8 valido per un periodo di 12 mesi e pu\u00f2 essere utilizzato unicamente sul nostro sito web a partire dal giorno successivo all\u2019ultimo giorno della vacanza inizialmente prenotata. Le date del nuovo soggiorno prenotato utilizzando il credito di viaggio  non possono oltrepassare i 18 mesi dalla data dell\u2019ultima prenotazione.<br \/>\nIl credito di viaggio non \u00e8 cumulabile con altri crediti di viaggio o codici promozionali.<br \/>\nL\u2019importo del credito di viaggio generato viene calcolato in base al prezzo dell\u2019alloggio (escluse le spese amministrative, l\u2019assicurazione, le spese di elaborazione o le opzioni).<br \/>\nIl nuovo soggiorno prenotato utilizzando il credito di viaggio deve essere almeno 5 volte superiore al valore del credito di viaggio.<br \/>\nSe la prenotazione effettuata con il credito di viaggio viene cancellata, il credito di viaggio non verr\u00e0 riaccreditato, andr\u00e0 perso e non verr\u00e0 rimborsato.<br \/>\nLe prenotazioni di piazzole per tende, roulotte o camper non possono beneficiare di un credito di viaggio.\n<\/p>\n<\/div>\n<\/article>\n<\/section>\n<\/div>\n","protected":false},"excerpt":{"rendered":"<p>Risparmia con il credito di viaggio. Con Campings.com pi\u00f9 parti in vacanza e pi\u00f9 risparmi! Approfitta di un rimborso esclusivo sotto forma di credito di viaggio pari al 10% del valore della tua prenotazione. \u00c8 semplice e vantaggioso! Come funziona? Una volta confermata la prenotazione, riceverai immediatamente via e-mail un credito di viaggio sotto forma [&hellip;]<\/p>\n","protected":false},"author":35,"featured_media":0,"parent":0,"menu_order":0,"comment_status":"closed","ping_status":"closed","template":"template-onecolumn.php","meta":{"_acf_changed":false,"footnotes":""},"class_list":["post-102","page","type-page","status-publish","hentry"],"acf":[],"yoast_head":"<!-- This site is optimized with the Yoast SEO plugin v27.1.1 - https:\/\/yoast.com\/product\/yoast-seo-wordpress\/ -->\n<title>Risparmia con il credito di viaggio - Campings IT Content<\/title>\n<meta name=\"description\" content=\"Ricevi automaticamente un credito di viaggio del 10% su ogni prenotazione effettuata tramite Campings.com. Utilizzalo per la tua prossima vacanza e risparmia!\" \/>\n<meta name=\"robots\" content=\"index, follow, max-snippet:-1, max-image-preview:large, max-video-preview:-1\" \/>\n<link rel=\"canonical\" href=\"https:\/\/www.campings.com\/it\/content\/credito-di-viaggio\/\" \/>\n<meta property=\"og:locale\" content=\"en_US\" \/>\n<meta property=\"og:type\" content=\"article\" \/>\n<meta property=\"og:title\" content=\"Risparmia con il credito di viaggio - Campings IT Content\" \/>\n<meta property=\"og:description\" content=\"Ricevi automaticamente un credito di viaggio del 10% su ogni prenotazione effettuata tramite Campings.com. Utilizzalo per la tua prossima vacanza e risparmia!\" \/>\n<meta property=\"og:url\" content=\"https:\/\/www.campings.com\/it\/content\/credito-di-viaggio\/\" \/>\n<meta property=\"og:site_name\" content=\"Campings IT Content\" \/>\n<meta property=\"article:modified_time\" content=\"2026-01-16T15:29:53+00:00\" \/>\n<meta property=\"og:image\" content=\"https:\/\/www.campings.com\/fr\/content\/wp-content\/uploads\/2025\/01\/10percent-ticket.png\" \/>\n<meta name=\"twitter:card\" content=\"summary_large_image\" \/>\n<meta name=\"twitter:label1\" content=\"Est. reading time\" \/>\n\t<meta name=\"twitter:data1\" content=\"2 minutes\" \/>\n<script type=\"application\/ld+json\" class=\"yoast-schema-graph\">{\"@context\":\"https:\/\/schema.org\",\"@graph\":[{\"@type\":\"WebPage\",\"@id\":\"https:\/\/www.campings.com\/it\/content\/credito-di-viaggio\/\",\"url\":\"https:\/\/www.campings.com\/it\/content\/credito-di-viaggio\/\",\"name\":\"Risparmia con il credito di viaggio - Campings IT Content\",\"isPartOf\":{\"@id\":\"https:\/\/www.campings.com\/it\/content\/#website\"},\"primaryImageOfPage\":{\"@id\":\"https:\/\/www.campings.com\/it\/content\/credito-di-viaggio\/#primaryimage\"},\"image\":{\"@id\":\"https:\/\/www.campings.com\/it\/content\/credito-di-viaggio\/#primaryimage\"},\"thumbnailUrl\":\"https:\/\/www.campings.com\/fr\/content\/wp-content\/uploads\/2025\/01\/10percent-ticket.png\",\"datePublished\":\"2025-02-25T16:19:33+00:00\",\"dateModified\":\"2026-01-16T15:29:53+00:00\",\"description\":\"Ricevi automaticamente un credito di viaggio del 10% su ogni prenotazione effettuata tramite Campings.com. Utilizzalo per la tua prossima vacanza e risparmia!\",\"breadcrumb\":{\"@id\":\"https:\/\/www.campings.com\/it\/content\/credito-di-viaggio\/#breadcrumb\"},\"inLanguage\":\"en-US\",\"potentialAction\":[{\"@type\":\"ReadAction\",\"target\":[\"https:\/\/www.campings.com\/it\/content\/credito-di-viaggio\/\"]}]},{\"@type\":\"ImageObject\",\"inLanguage\":\"en-US\",\"@id\":\"https:\/\/www.campings.com\/it\/content\/credito-di-viaggio\/#primaryimage\",\"url\":\"https:\/\/www.campings.com\/fr\/content\/wp-content\/uploads\/2025\/01\/10percent-ticket.png\",\"contentUrl\":\"https:\/\/www.campings.com\/fr\/content\/wp-content\/uploads\/2025\/01\/10percent-ticket.png\"},{\"@type\":\"BreadcrumbList\",\"@id\":\"https:\/\/www.campings.com\/it\/content\/credito-di-viaggio\/#breadcrumb\",\"itemListElement\":[{\"@type\":\"ListItem\",\"position\":1,\"name\":\"Home\",\"item\":\"https:\/\/www.campings.com\/it\/content\/\"},{\"@type\":\"ListItem\",\"position\":2,\"name\":\"Risparmia con il credito di viaggio\"}]},{\"@type\":\"WebSite\",\"@id\":\"https:\/\/www.campings.com\/it\/content\/#website\",\"url\":\"https:\/\/www.campings.com\/it\/content\/\",\"name\":\"Campings IT Content\",\"description\":\"Just another Campings Blog Sites site\",\"potentialAction\":[{\"@type\":\"SearchAction\",\"target\":{\"@type\":\"EntryPoint\",\"urlTemplate\":\"https:\/\/www.campings.com\/it\/content\/?s={search_term_string}\"},\"query-input\":{\"@type\":\"PropertyValueSpecification\",\"valueRequired\":true,\"valueName\":\"search_term_string\"}}],\"inLanguage\":\"en-US\"}]}<\/script>\n<!-- \/ Yoast SEO plugin. -->","yoast_head_json":{"title":"Risparmia con il credito di viaggio - Campings IT Content","description":"Ricevi automaticamente un credito di viaggio del 10% su ogni prenotazione effettuata tramite Campings.com. Utilizzalo per la tua prossima vacanza e risparmia!","robots":{"index":"index","follow":"follow","max-snippet":"max-snippet:-1","max-image-preview":"max-image-preview:large","max-video-preview":"max-video-preview:-1"},"canonical":"https:\/\/www.campings.com\/it\/content\/credito-di-viaggio\/","og_locale":"en_US","og_type":"article","og_title":"Risparmia con il credito di viaggio - Campings IT Content","og_description":"Ricevi automaticamente un credito di viaggio del 10% su ogni prenotazione effettuata tramite Campings.com. Utilizzalo per la tua prossima vacanza e risparmia!","og_url":"https:\/\/www.campings.com\/it\/content\/credito-di-viaggio\/","og_site_name":"Campings IT Content","article_modified_time":"2026-01-16T15:29:53+00:00","og_image":[{"url":"https:\/\/www.campings.com\/fr\/content\/wp-content\/uploads\/2025\/01\/10percent-ticket.png","type":"","width":"","height":""}],"twitter_card":"summary_large_image","twitter_misc":{"Est. reading time":"2 minutes"},"schema":{"@context":"https:\/\/schema.org","@graph":[{"@type":"WebPage","@id":"https:\/\/www.campings.com\/it\/content\/credito-di-viaggio\/","url":"https:\/\/www.campings.com\/it\/content\/credito-di-viaggio\/","name":"Risparmia con il credito di viaggio - Campings IT Content","isPartOf":{"@id":"https:\/\/www.campings.com\/it\/content\/#website"},"primaryImageOfPage":{"@id":"https:\/\/www.campings.com\/it\/content\/credito-di-viaggio\/#primaryimage"},"image":{"@id":"https:\/\/www.campings.com\/it\/content\/credito-di-viaggio\/#primaryimage"},"thumbnailUrl":"https:\/\/www.campings.com\/fr\/content\/wp-content\/uploads\/2025\/01\/10percent-ticket.png","datePublished":"2025-02-25T16:19:33+00:00","dateModified":"2026-01-16T15:29:53+00:00","description":"Ricevi automaticamente un credito di viaggio del 10% su ogni prenotazione effettuata tramite Campings.com. Utilizzalo per la tua prossima vacanza e risparmia!","breadcrumb":{"@id":"https:\/\/www.campings.com\/it\/content\/credito-di-viaggio\/#breadcrumb"},"inLanguage":"en-US","potentialAction":[{"@type":"ReadAction","target":["https:\/\/www.campings.com\/it\/content\/credito-di-viaggio\/"]}]},{"@type":"ImageObject","inLanguage":"en-US","@id":"https:\/\/www.campings.com\/it\/content\/credito-di-viaggio\/#primaryimage","url":"https:\/\/www.campings.com\/fr\/content\/wp-content\/uploads\/2025\/01\/10percent-ticket.png","contentUrl":"https:\/\/www.campings.com\/fr\/content\/wp-content\/uploads\/2025\/01\/10percent-ticket.png"},{"@type":"BreadcrumbList","@id":"https:\/\/www.campings.com\/it\/content\/credito-di-viaggio\/#breadcrumb","itemListElement":[{"@type":"ListItem","position":1,"name":"Home","item":"https:\/\/www.campings.com\/it\/content\/"},{"@type":"ListItem","position":2,"name":"Risparmia con il credito di viaggio"}]},{"@type":"WebSite","@id":"https:\/\/www.campings.com\/it\/content\/#website","url":"https:\/\/www.campings.com\/it\/content\/","name":"Campings IT Content","description":"Just another Campings Blog Sites site","potentialAction":[{"@type":"SearchAction","target":{"@type":"EntryPoint","urlTemplate":"https:\/\/www.campings.com\/it\/content\/?s={search_term_string}"},"query-input":{"@type":"PropertyValueSpecification","valueRequired":true,"valueName":"search_term_string"}}],"inLanguage":"en-US"}]}},"_links":{"self":[{"href":"https:\/\/www.campings.com\/it\/content\/wp-json\/wp\/v2\/pages\/102","targetHints":{"allow":["GET"]}}],"collection":[{"href":"https:\/\/www.campings.com\/it\/content\/wp-json\/wp\/v2\/pages"}],"about":[{"href":"https:\/\/www.campings.com\/it\/content\/wp-json\/wp\/v2\/types\/page"}],"author":[{"embeddable":true,"href":"https:\/\/www.campings.com\/it\/content\/wp-json\/wp\/v2\/users\/35"}],"replies":[{"embeddable":true,"href":"https:\/\/www.campings.com\/it\/content\/wp-json\/wp\/v2\/comments?post=102"}],"version-history":[{"count":7,"href":"https:\/\/www.campings.com\/it\/content\/wp-json\/wp\/v2\/pages\/102\/revisions"}],"predecessor-version":[{"id":157,"href":"https:\/\/www.campings.com\/it\/content\/wp-json\/wp\/v2\/pages\/102\/revisions\/157"}],"wp:attachment":[{"href":"https:\/\/www.campings.com\/it\/content\/wp-json\/wp\/v2\/media?parent=102"}],"curies":[{"name":"wp","href":"https:\/\/api.w.org\/{rel}","templated":true}]}}