{"id":620,"date":"2019-03-25T18:45:37","date_gmt":"2019-03-25T18:45:37","guid":{"rendered":"https:\/\/www.campings.com\/fr\/content\/?page_id=620"},"modified":"2024-12-09T21:59:11","modified_gmt":"2024-12-09T20:59:11","slug":"guide-camping-finistere","status":"publish","type":"page","link":"https:\/\/www.campings.com\/fr\/content\/guide-camping-finistere\/","title":{"rendered":"Guide Camping Finist\u00e8re"},"content":{"rendered":"<p>A la pointe ouest de la Bretagne, aux confins de la France, le Finist\u00e8re est un d\u00e9partement tout simplement magique. Entour\u00e9 du voile myst\u00e9rieux des contes et l\u00e9gendes celtiques, il vous invite \u00e0 d\u00e9couvrir une culture unique et envo\u00fbtante. La nature y est tout aussi magnifique et impressionnante.<\/p>\n<p>Une location de mobil-home dans le Finist\u00e8re repr\u00e9sente l&rsquo;occasion parfaite pour s&rsquo;essayer aux activit\u00e9s maritimes. Voile, kayak ou surf : les possibilit\u00e9s sont nombreuses et adapt\u00e9es aux go\u00fbts et envie de chaque membre de la famille. La baie de Morlaix et la baie de Douarnenez offrent pour cela un cadre idyllique. Dans les terres, la pratique du parapente et du deltaplane est \u00e9galement bien encadr\u00e9e et de plus en plus populaire, chez les adeptes habitu\u00e9s comme chez les curieux qui souhaitent passer leur bapt\u00eame de l&rsquo;air. Mais des vacances en camping dans le Finist\u00e8re marquent aussi un moment de retrouvailles et d\u00e9couvertes en famille, par exemple dans les belles villes de Quimper ou Concarneau.<\/p>\n<p>https:\/\/www.campings.com\/fr\/france\/bretagne\/finistereO\u00f9 que vous soyez, assurez-vous de d\u00e9guster au moins une fois les d\u00e9licieux poissons et fruits de mer de cette partie de la Bretagne. Vous ne serez pas d\u00e9\u00e7u ! Au-del\u00e0 des grandes villes, vous appr\u00e9cierez aussi le calme et la s\u00e9r\u00e9nit\u00e9 offerts par la nature \u00e0 l&rsquo;\u00eele d&rsquo;Ouessant ou \u00e0 la presqu&rsquo;\u00eele de Crozon. Le camping au Finist\u00e8re n&rsquo;a pas fini de vous faire r\u00eaver !<\/p>\n","protected":false},"excerpt":{"rendered":"<p>A la pointe ouest de la Bretagne, aux confins de la France, le Finist\u00e8re est un d\u00e9partement tout simplement magique. Entour\u00e9 du voile myst\u00e9rieux des contes et l\u00e9gendes celtiques, il vous invite \u00e0 d\u00e9couvrir une culture unique et envo\u00fbtante. La nature y est tout aussi magnifique et impressionnante. Une location de mobil-home dans le Finist\u00e8re [&hellip;]<\/p>\n","protected":false},"author":2,"featured_media":901,"parent":0,"menu_order":0,"comment_status":"closed","ping_status":"closed","template":"template-region.php","meta":{"_acf_changed":false,"footnotes":""},"class_list":["post-620","page","type-page","status-publish","has-post-thumbnail","hentry"],"acf":[],"yoast_head":"<!-- This site is optimized with the Yoast SEO plugin v27.1.1 - https:\/\/yoast.com\/product\/yoast-seo-wordpress\/ -->\n<title>Guide Camping Finist\u00e8re -<\/title>\n<meta name=\"robots\" content=\"index, follow, max-snippet:-1, max-image-preview:large, max-video-preview:-1\" \/>\n<link rel=\"canonical\" href=\"https:\/\/www.campings.com\/fr\/content\/guide-camping-finistere\/\" \/>\n<meta property=\"og:locale\" content=\"fr_FR\" \/>\n<meta property=\"og:type\" content=\"article\" \/>\n<meta property=\"og:title\" content=\"Guide Camping Finist\u00e8re -\" \/>\n<meta property=\"og:description\" content=\"A la pointe ouest de la Bretagne, aux confins de la France, le Finist\u00e8re est un d\u00e9partement tout simplement magique. Entour\u00e9 du voile myst\u00e9rieux des contes et l\u00e9gendes celtiques, il vous invite \u00e0 d\u00e9couvrir une culture unique et envo\u00fbtante. La nature y est tout aussi magnifique et impressionnante. Une location de mobil-home dans le Finist\u00e8re [&hellip;]\" \/>\n<meta property=\"og:url\" content=\"https:\/\/www.campings.com\/fr\/content\/guide-camping-finistere\/\" \/>\n<meta property=\"article:modified_time\" content=\"2024-12-09T20:59:11+00:00\" \/>\n<meta property=\"og:image\" content=\"https:\/\/www.campings.com\/fr\/content\/wp-content\/uploads\/2019\/03\/Finist\u00e8re-1.jpg\" \/>\n\t<meta property=\"og:image:width\" content=\"1670\" \/>\n\t<meta property=\"og:image:height\" content=\"650\" \/>\n\t<meta property=\"og:image:type\" content=\"image\/jpeg\" \/>\n<meta name=\"twitter:card\" content=\"summary_large_image\" \/>\n<meta name=\"twitter:label1\" content=\"Dur\u00e9e de lecture estim\u00e9e\" \/>\n\t<meta name=\"twitter:data1\" content=\"1 minute\" \/>\n<script type=\"application\/ld+json\" class=\"yoast-schema-graph\">{\"@context\":\"https:\/\/schema.org\",\"@graph\":[{\"@type\":\"WebPage\",\"@id\":\"https:\/\/www.campings.com\/fr\/content\/guide-camping-finistere\/\",\"url\":\"https:\/\/www.campings.com\/fr\/content\/guide-camping-finistere\/\",\"name\":\"Guide Camping Finist\u00e8re -\",\"isPartOf\":{\"@id\":\"https:\/\/www.campings.com\/fr\/content\/#website\"},\"primaryImageOfPage\":{\"@id\":\"https:\/\/www.campings.com\/fr\/content\/guide-camping-finistere\/#primaryimage\"},\"image\":{\"@id\":\"https:\/\/www.campings.com\/fr\/content\/guide-camping-finistere\/#primaryimage\"},\"thumbnailUrl\":\"https:\/\/www.campings.com\/fr\/content\/wp-content\/uploads\/2019\/03\/Finist\u00e8re-1.jpg\",\"datePublished\":\"2019-03-25T18:45:37+00:00\",\"dateModified\":\"2024-12-09T20:59:11+00:00\",\"breadcrumb\":{\"@id\":\"https:\/\/www.campings.com\/fr\/content\/guide-camping-finistere\/#breadcrumb\"},\"inLanguage\":\"fr-FR\",\"potentialAction\":[{\"@type\":\"ReadAction\",\"target\":[\"https:\/\/www.campings.com\/fr\/content\/guide-camping-finistere\/\"]}]},{\"@type\":\"ImageObject\",\"inLanguage\":\"fr-FR\",\"@id\":\"https:\/\/www.campings.com\/fr\/content\/guide-camping-finistere\/#primaryimage\",\"url\":\"https:\/\/www.campings.com\/fr\/content\/wp-content\/uploads\/2019\/03\/Finist\u00e8re-1.jpg\",\"contentUrl\":\"https:\/\/www.campings.com\/fr\/content\/wp-content\/uploads\/2019\/03\/Finist\u00e8re-1.jpg\",\"width\":1670,\"height\":650},{\"@type\":\"BreadcrumbList\",\"@id\":\"https:\/\/www.campings.com\/fr\/content\/guide-camping-finistere\/#breadcrumb\",\"itemListElement\":[{\"@type\":\"ListItem\",\"position\":1,\"name\":\"Home\",\"item\":\"https:\/\/www.campings.com\/fr\/content\/\"},{\"@type\":\"ListItem\",\"position\":2,\"name\":\"Guide Camping Finist\u00e8re\"}]},{\"@type\":\"WebSite\",\"@id\":\"https:\/\/www.campings.com\/fr\/content\/#website\",\"url\":\"https:\/\/www.campings.com\/fr\/content\/\",\"name\":\"\",\"description\":\"\",\"publisher\":{\"@id\":\"https:\/\/www.campings.com\/fr\/content\/#organization\"},\"potentialAction\":[{\"@type\":\"SearchAction\",\"target\":{\"@type\":\"EntryPoint\",\"urlTemplate\":\"https:\/\/www.campings.com\/fr\/content\/?s={search_term_string}\"},\"query-input\":{\"@type\":\"PropertyValueSpecification\",\"valueRequired\":true,\"valueName\":\"search_term_string\"}}],\"inLanguage\":\"fr-FR\"},{\"@type\":\"Organization\",\"@id\":\"https:\/\/www.campings.com\/fr\/content\/#organization\",\"name\":\"CAMPINGS.COM\",\"url\":\"https:\/\/www.campings.com\/fr\/content\/\",\"logo\":{\"@type\":\"ImageObject\",\"inLanguage\":\"fr-FR\",\"@id\":\"https:\/\/www.campings.com\/fr\/content\/#\/schema\/logo\/image\/\",\"url\":\"https:\/\/www.campings.com\/fr\/content\/wp-content\/uploads\/2019\/01\/cropped-logo-1.png\",\"contentUrl\":\"https:\/\/www.campings.com\/fr\/content\/wp-content\/uploads\/2019\/01\/cropped-logo-1.png\",\"width\":174,\"height\":42,\"caption\":\"CAMPINGS.COM\"},\"image\":{\"@id\":\"https:\/\/www.campings.com\/fr\/content\/#\/schema\/logo\/image\/\"}}]}<\/script>\n<!-- \/ Yoast SEO plugin. -->","yoast_head_json":{"title":"Guide Camping Finist\u00e8re -","robots":{"index":"index","follow":"follow","max-snippet":"max-snippet:-1","max-image-preview":"max-image-preview:large","max-video-preview":"max-video-preview:-1"},"canonical":"https:\/\/www.campings.com\/fr\/content\/guide-camping-finistere\/","og_locale":"fr_FR","og_type":"article","og_title":"Guide Camping Finist\u00e8re -","og_description":"A la pointe ouest de la Bretagne, aux confins de la France, le Finist\u00e8re est un d\u00e9partement tout simplement magique. Entour\u00e9 du voile myst\u00e9rieux des contes et l\u00e9gendes celtiques, il vous invite \u00e0 d\u00e9couvrir une culture unique et envo\u00fbtante. La nature y est tout aussi magnifique et impressionnante. Une location de mobil-home dans le Finist\u00e8re [&hellip;]","og_url":"https:\/\/www.campings.com\/fr\/content\/guide-camping-finistere\/","article_modified_time":"2024-12-09T20:59:11+00:00","og_image":[{"width":1670,"height":650,"url":"https:\/\/www.campings.com\/fr\/content\/wp-content\/uploads\/2019\/03\/Finist\u00e8re-1.jpg","type":"image\/jpeg"}],"twitter_card":"summary_large_image","twitter_misc":{"Dur\u00e9e de lecture estim\u00e9e":"1 minute"},"schema":{"@context":"https:\/\/schema.org","@graph":[{"@type":"WebPage","@id":"https:\/\/www.campings.com\/fr\/content\/guide-camping-finistere\/","url":"https:\/\/www.campings.com\/fr\/content\/guide-camping-finistere\/","name":"Guide Camping Finist\u00e8re -","isPartOf":{"@id":"https:\/\/www.campings.com\/fr\/content\/#website"},"primaryImageOfPage":{"@id":"https:\/\/www.campings.com\/fr\/content\/guide-camping-finistere\/#primaryimage"},"image":{"@id":"https:\/\/www.campings.com\/fr\/content\/guide-camping-finistere\/#primaryimage"},"thumbnailUrl":"https:\/\/www.campings.com\/fr\/content\/wp-content\/uploads\/2019\/03\/Finist\u00e8re-1.jpg","datePublished":"2019-03-25T18:45:37+00:00","dateModified":"2024-12-09T20:59:11+00:00","breadcrumb":{"@id":"https:\/\/www.campings.com\/fr\/content\/guide-camping-finistere\/#breadcrumb"},"inLanguage":"fr-FR","potentialAction":[{"@type":"ReadAction","target":["https:\/\/www.campings.com\/fr\/content\/guide-camping-finistere\/"]}]},{"@type":"ImageObject","inLanguage":"fr-FR","@id":"https:\/\/www.campings.com\/fr\/content\/guide-camping-finistere\/#primaryimage","url":"https:\/\/www.campings.com\/fr\/content\/wp-content\/uploads\/2019\/03\/Finist\u00e8re-1.jpg","contentUrl":"https:\/\/www.campings.com\/fr\/content\/wp-content\/uploads\/2019\/03\/Finist\u00e8re-1.jpg","width":1670,"height":650},{"@type":"BreadcrumbList","@id":"https:\/\/www.campings.com\/fr\/content\/guide-camping-finistere\/#breadcrumb","itemListElement":[{"@type":"ListItem","position":1,"name":"Home","item":"https:\/\/www.campings.com\/fr\/content\/"},{"@type":"ListItem","position":2,"name":"Guide Camping Finist\u00e8re"}]},{"@type":"WebSite","@id":"https:\/\/www.campings.com\/fr\/content\/#website","url":"https:\/\/www.campings.com\/fr\/content\/","name":"","description":"","publisher":{"@id":"https:\/\/www.campings.com\/fr\/content\/#organization"},"potentialAction":[{"@type":"SearchAction","target":{"@type":"EntryPoint","urlTemplate":"https:\/\/www.campings.com\/fr\/content\/?s={search_term_string}"},"query-input":{"@type":"PropertyValueSpecification","valueRequired":true,"valueName":"search_term_string"}}],"inLanguage":"fr-FR"},{"@type":"Organization","@id":"https:\/\/www.campings.com\/fr\/content\/#organization","name":"CAMPINGS.COM","url":"https:\/\/www.campings.com\/fr\/content\/","logo":{"@type":"ImageObject","inLanguage":"fr-FR","@id":"https:\/\/www.campings.com\/fr\/content\/#\/schema\/logo\/image\/","url":"https:\/\/www.campings.com\/fr\/content\/wp-content\/uploads\/2019\/01\/cropped-logo-1.png","contentUrl":"https:\/\/www.campings.com\/fr\/content\/wp-content\/uploads\/2019\/01\/cropped-logo-1.png","width":174,"height":42,"caption":"CAMPINGS.COM"},"image":{"@id":"https:\/\/www.campings.com\/fr\/content\/#\/schema\/logo\/image\/"}}]}},"_links":{"self":[{"href":"https:\/\/www.campings.com\/fr\/content\/wp-json\/wp\/v2\/pages\/620","targetHints":{"allow":["GET"]}}],"collection":[{"href":"https:\/\/www.campings.com\/fr\/content\/wp-json\/wp\/v2\/pages"}],"about":[{"href":"https:\/\/www.campings.com\/fr\/content\/wp-json\/wp\/v2\/types\/page"}],"author":[{"embeddable":true,"href":"https:\/\/www.campings.com\/fr\/content\/wp-json\/wp\/v2\/users\/2"}],"replies":[{"embeddable":true,"href":"https:\/\/www.campings.com\/fr\/content\/wp-json\/wp\/v2\/comments?post=620"}],"version-history":[{"count":16,"href":"https:\/\/www.campings.com\/fr\/content\/wp-json\/wp\/v2\/pages\/620\/revisions"}],"predecessor-version":[{"id":4820,"href":"https:\/\/www.campings.com\/fr\/content\/wp-json\/wp\/v2\/pages\/620\/revisions\/4820"}],"wp:featuredmedia":[{"embeddable":true,"href":"https:\/\/www.campings.com\/fr\/content\/wp-json\/wp\/v2\/media\/901"}],"wp:attachment":[{"href":"https:\/\/www.campings.com\/fr\/content\/wp-json\/wp\/v2\/media?parent=620"}],"curies":[{"name":"wp","href":"https:\/\/api.w.org\/{rel}","templated":true}]}}