{"id":591,"date":"2019-03-25T15:58:22","date_gmt":"2019-03-25T15:58:22","guid":{"rendered":"https:\/\/www.campings.com\/fr\/content\/?page_id=591"},"modified":"2025-06-25T13:38:54","modified_gmt":"2025-06-25T12:38:54","slug":"guide-camping-bouche-du-rhone","status":"publish","type":"page","link":"https:\/\/www.campings.com\/fr\/content\/guide-camping-bouche-du-rhone\/","title":{"rendered":"Guide Camping Bouches du Rhone"},"content":{"rendered":"<p>Les Bouches-du-Rh\u00f4ne constituent un d\u00e9partement splendide \u00e0 d\u00e9couvrir avec ses enfants, son \u00e2me soeur ou ses amis. Bordant la mer M\u00e9diterran\u00e9e, ce d\u00e9partement va vous exposer \u00e0 des cit\u00e9s dynamiques et ambitieuses en perp\u00e9tuel mouvement comme Marseille ou Aix-en-Provence. Mais \u00e9galement \u00e0 des sites naturels d&rsquo;exception. Les vacanciers en qu\u00eate d&rsquo;authenticit\u00e9, de d\u00e9tente, de paysages reposants et de villes dynamiques y trouveront forc\u00e9ment leur bonheur. Une location de mobile-home dans les Bouches-du-Rh\u00f4ne marque l&rsquo;occasion de s&rsquo;essayer \u00e0 des exp\u00e9riences aussi riches que vari\u00e9es. Amateurs de randonn\u00e9es en montagne, passionn\u00e9s d&rsquo;architecture, adeptes du farniente&#8230; Tout le monde a une bonne raison de se laisser tenter par des vacances au camping dans les Bouches-du-Rh\u00f4ne !<\/p>\n<p>Le littoral magnifique et les stations baln\u00e9aires de charme marqueront votre s\u00e9jour de la plus belle des fa\u00e7ons. Vous aurez m\u00eame la possibilit\u00e9 de faire un bond dans le pass\u00e9 dans les mythiques ar\u00e8nes d&rsquo;Arles. En plein coeur de la Camargue ou dans les Calanques, vous n&rsquo;\u00e9chapperez pas au coup de foudre. La m\u00e9t\u00e9o, pourtant, est souvent cl\u00e9mente avec un taux d&rsquo;ensoleillement parmi les plus \u00e9lev\u00e9s du pays. Quant \u00e0 la gastronomie, elle aussi \u00e0 tout pour plaire. Bien \u00e9videmment, elle met souvent le poisson \u00e0 l&rsquo;honneur. Mais un premier s\u00e9jour en camping dans les Bouches-du-Rh\u00f4ne n&rsquo;est pas sans risque ! Vous allez rentrer chez vous avec des souvenirs forts : la probabilit\u00e9 de vouloir venir est bien r\u00e9elle. Embarquez pour un voyage que vous n&rsquo;\u00eates pas pr\u00eat d&rsquo;oublier.<\/p>\n","protected":false},"excerpt":{"rendered":"<p>Les Bouches-du-Rh\u00f4ne constituent un d\u00e9partement splendide \u00e0 d\u00e9couvrir avec ses enfants, son \u00e2me soeur ou ses amis. Bordant la mer M\u00e9diterran\u00e9e, ce d\u00e9partement va vous exposer \u00e0 des cit\u00e9s dynamiques et ambitieuses en perp\u00e9tuel mouvement comme Marseille ou Aix-en-Provence. Mais \u00e9galement \u00e0 des sites naturels d&rsquo;exception. Les vacanciers en qu\u00eate d&rsquo;authenticit\u00e9, de d\u00e9tente, de paysages [&hellip;]<\/p>\n","protected":false},"author":2,"featured_media":957,"parent":0,"menu_order":0,"comment_status":"closed","ping_status":"closed","template":"template-region.php","meta":{"_acf_changed":false,"footnotes":""},"class_list":["post-591","page","type-page","status-publish","has-post-thumbnail","hentry"],"acf":[],"yoast_head":"<!-- This site is optimized with the Yoast SEO plugin v27.1.1 - https:\/\/yoast.com\/product\/yoast-seo-wordpress\/ -->\n<title>Guide Camping Bouches du Rhone -<\/title>\n<meta name=\"robots\" content=\"index, follow, max-snippet:-1, max-image-preview:large, max-video-preview:-1\" \/>\n<link rel=\"canonical\" href=\"https:\/\/www.campings.com\/fr\/content\/guide-camping-bouche-du-rhone\/\" \/>\n<meta property=\"og:locale\" content=\"fr_FR\" \/>\n<meta property=\"og:type\" content=\"article\" \/>\n<meta property=\"og:title\" content=\"Guide Camping Bouches du Rhone -\" \/>\n<meta property=\"og:description\" content=\"Les Bouches-du-Rh\u00f4ne constituent un d\u00e9partement splendide \u00e0 d\u00e9couvrir avec ses enfants, son \u00e2me soeur ou ses amis. Bordant la mer M\u00e9diterran\u00e9e, ce d\u00e9partement va vous exposer \u00e0 des cit\u00e9s dynamiques et ambitieuses en perp\u00e9tuel mouvement comme Marseille ou Aix-en-Provence. Mais \u00e9galement \u00e0 des sites naturels d&rsquo;exception. Les vacanciers en qu\u00eate d&rsquo;authenticit\u00e9, de d\u00e9tente, de paysages [&hellip;]\" \/>\n<meta property=\"og:url\" content=\"https:\/\/www.campings.com\/fr\/content\/guide-camping-bouche-du-rhone\/\" \/>\n<meta property=\"article:modified_time\" content=\"2025-06-25T12:38:54+00:00\" \/>\n<meta property=\"og:image\" content=\"https:\/\/www.campings.com\/fr\/content\/wp-content\/uploads\/2019\/03\/Morbihan-4-min.jpg\" \/>\n\t<meta property=\"og:image:width\" content=\"1670\" \/>\n\t<meta property=\"og:image:height\" content=\"650\" \/>\n\t<meta property=\"og:image:type\" content=\"image\/jpeg\" \/>\n<meta name=\"twitter:card\" content=\"summary_large_image\" \/>\n<meta name=\"twitter:label1\" content=\"Dur\u00e9e de lecture estim\u00e9e\" \/>\n\t<meta name=\"twitter:data1\" content=\"1 minute\" \/>\n<script type=\"application\/ld+json\" class=\"yoast-schema-graph\">{\"@context\":\"https:\/\/schema.org\",\"@graph\":[{\"@type\":\"WebPage\",\"@id\":\"https:\/\/www.campings.com\/fr\/content\/guide-camping-bouche-du-rhone\/\",\"url\":\"https:\/\/www.campings.com\/fr\/content\/guide-camping-bouche-du-rhone\/\",\"name\":\"Guide Camping Bouches du Rhone -\",\"isPartOf\":{\"@id\":\"https:\/\/www.campings.com\/fr\/content\/#website\"},\"primaryImageOfPage\":{\"@id\":\"https:\/\/www.campings.com\/fr\/content\/guide-camping-bouche-du-rhone\/#primaryimage\"},\"image\":{\"@id\":\"https:\/\/www.campings.com\/fr\/content\/guide-camping-bouche-du-rhone\/#primaryimage\"},\"thumbnailUrl\":\"https:\/\/www.campings.com\/fr\/content\/wp-content\/uploads\/2019\/03\/Morbihan-4-min.jpg\",\"datePublished\":\"2019-03-25T15:58:22+00:00\",\"dateModified\":\"2025-06-25T12:38:54+00:00\",\"breadcrumb\":{\"@id\":\"https:\/\/www.campings.com\/fr\/content\/guide-camping-bouche-du-rhone\/#breadcrumb\"},\"inLanguage\":\"fr-FR\",\"potentialAction\":[{\"@type\":\"ReadAction\",\"target\":[\"https:\/\/www.campings.com\/fr\/content\/guide-camping-bouche-du-rhone\/\"]}]},{\"@type\":\"ImageObject\",\"inLanguage\":\"fr-FR\",\"@id\":\"https:\/\/www.campings.com\/fr\/content\/guide-camping-bouche-du-rhone\/#primaryimage\",\"url\":\"https:\/\/www.campings.com\/fr\/content\/wp-content\/uploads\/2019\/03\/Morbihan-4-min.jpg\",\"contentUrl\":\"https:\/\/www.campings.com\/fr\/content\/wp-content\/uploads\/2019\/03\/Morbihan-4-min.jpg\",\"width\":1670,\"height\":650},{\"@type\":\"BreadcrumbList\",\"@id\":\"https:\/\/www.campings.com\/fr\/content\/guide-camping-bouche-du-rhone\/#breadcrumb\",\"itemListElement\":[{\"@type\":\"ListItem\",\"position\":1,\"name\":\"Home\",\"item\":\"https:\/\/www.campings.com\/fr\/content\/\"},{\"@type\":\"ListItem\",\"position\":2,\"name\":\"Guide Camping Bouches du Rhone\"}]},{\"@type\":\"WebSite\",\"@id\":\"https:\/\/www.campings.com\/fr\/content\/#website\",\"url\":\"https:\/\/www.campings.com\/fr\/content\/\",\"name\":\"\",\"description\":\"\",\"publisher\":{\"@id\":\"https:\/\/www.campings.com\/fr\/content\/#organization\"},\"potentialAction\":[{\"@type\":\"SearchAction\",\"target\":{\"@type\":\"EntryPoint\",\"urlTemplate\":\"https:\/\/www.campings.com\/fr\/content\/?s={search_term_string}\"},\"query-input\":{\"@type\":\"PropertyValueSpecification\",\"valueRequired\":true,\"valueName\":\"search_term_string\"}}],\"inLanguage\":\"fr-FR\"},{\"@type\":\"Organization\",\"@id\":\"https:\/\/www.campings.com\/fr\/content\/#organization\",\"name\":\"CAMPINGS.COM\",\"url\":\"https:\/\/www.campings.com\/fr\/content\/\",\"logo\":{\"@type\":\"ImageObject\",\"inLanguage\":\"fr-FR\",\"@id\":\"https:\/\/www.campings.com\/fr\/content\/#\/schema\/logo\/image\/\",\"url\":\"https:\/\/www.campings.com\/fr\/content\/wp-content\/uploads\/2019\/01\/cropped-logo-1.png\",\"contentUrl\":\"https:\/\/www.campings.com\/fr\/content\/wp-content\/uploads\/2019\/01\/cropped-logo-1.png\",\"width\":174,\"height\":42,\"caption\":\"CAMPINGS.COM\"},\"image\":{\"@id\":\"https:\/\/www.campings.com\/fr\/content\/#\/schema\/logo\/image\/\"}}]}<\/script>\n<!-- \/ Yoast SEO plugin. -->","yoast_head_json":{"title":"Guide Camping Bouches du Rhone -","robots":{"index":"index","follow":"follow","max-snippet":"max-snippet:-1","max-image-preview":"max-image-preview:large","max-video-preview":"max-video-preview:-1"},"canonical":"https:\/\/www.campings.com\/fr\/content\/guide-camping-bouche-du-rhone\/","og_locale":"fr_FR","og_type":"article","og_title":"Guide Camping Bouches du Rhone -","og_description":"Les Bouches-du-Rh\u00f4ne constituent un d\u00e9partement splendide \u00e0 d\u00e9couvrir avec ses enfants, son \u00e2me soeur ou ses amis. Bordant la mer M\u00e9diterran\u00e9e, ce d\u00e9partement va vous exposer \u00e0 des cit\u00e9s dynamiques et ambitieuses en perp\u00e9tuel mouvement comme Marseille ou Aix-en-Provence. Mais \u00e9galement \u00e0 des sites naturels d&rsquo;exception. Les vacanciers en qu\u00eate d&rsquo;authenticit\u00e9, de d\u00e9tente, de paysages [&hellip;]","og_url":"https:\/\/www.campings.com\/fr\/content\/guide-camping-bouche-du-rhone\/","article_modified_time":"2025-06-25T12:38:54+00:00","og_image":[{"width":1670,"height":650,"url":"https:\/\/www.campings.com\/fr\/content\/wp-content\/uploads\/2019\/03\/Morbihan-4-min.jpg","type":"image\/jpeg"}],"twitter_card":"summary_large_image","twitter_misc":{"Dur\u00e9e de lecture estim\u00e9e":"1 minute"},"schema":{"@context":"https:\/\/schema.org","@graph":[{"@type":"WebPage","@id":"https:\/\/www.campings.com\/fr\/content\/guide-camping-bouche-du-rhone\/","url":"https:\/\/www.campings.com\/fr\/content\/guide-camping-bouche-du-rhone\/","name":"Guide Camping Bouches du Rhone -","isPartOf":{"@id":"https:\/\/www.campings.com\/fr\/content\/#website"},"primaryImageOfPage":{"@id":"https:\/\/www.campings.com\/fr\/content\/guide-camping-bouche-du-rhone\/#primaryimage"},"image":{"@id":"https:\/\/www.campings.com\/fr\/content\/guide-camping-bouche-du-rhone\/#primaryimage"},"thumbnailUrl":"https:\/\/www.campings.com\/fr\/content\/wp-content\/uploads\/2019\/03\/Morbihan-4-min.jpg","datePublished":"2019-03-25T15:58:22+00:00","dateModified":"2025-06-25T12:38:54+00:00","breadcrumb":{"@id":"https:\/\/www.campings.com\/fr\/content\/guide-camping-bouche-du-rhone\/#breadcrumb"},"inLanguage":"fr-FR","potentialAction":[{"@type":"ReadAction","target":["https:\/\/www.campings.com\/fr\/content\/guide-camping-bouche-du-rhone\/"]}]},{"@type":"ImageObject","inLanguage":"fr-FR","@id":"https:\/\/www.campings.com\/fr\/content\/guide-camping-bouche-du-rhone\/#primaryimage","url":"https:\/\/www.campings.com\/fr\/content\/wp-content\/uploads\/2019\/03\/Morbihan-4-min.jpg","contentUrl":"https:\/\/www.campings.com\/fr\/content\/wp-content\/uploads\/2019\/03\/Morbihan-4-min.jpg","width":1670,"height":650},{"@type":"BreadcrumbList","@id":"https:\/\/www.campings.com\/fr\/content\/guide-camping-bouche-du-rhone\/#breadcrumb","itemListElement":[{"@type":"ListItem","position":1,"name":"Home","item":"https:\/\/www.campings.com\/fr\/content\/"},{"@type":"ListItem","position":2,"name":"Guide Camping Bouches du Rhone"}]},{"@type":"WebSite","@id":"https:\/\/www.campings.com\/fr\/content\/#website","url":"https:\/\/www.campings.com\/fr\/content\/","name":"","description":"","publisher":{"@id":"https:\/\/www.campings.com\/fr\/content\/#organization"},"potentialAction":[{"@type":"SearchAction","target":{"@type":"EntryPoint","urlTemplate":"https:\/\/www.campings.com\/fr\/content\/?s={search_term_string}"},"query-input":{"@type":"PropertyValueSpecification","valueRequired":true,"valueName":"search_term_string"}}],"inLanguage":"fr-FR"},{"@type":"Organization","@id":"https:\/\/www.campings.com\/fr\/content\/#organization","name":"CAMPINGS.COM","url":"https:\/\/www.campings.com\/fr\/content\/","logo":{"@type":"ImageObject","inLanguage":"fr-FR","@id":"https:\/\/www.campings.com\/fr\/content\/#\/schema\/logo\/image\/","url":"https:\/\/www.campings.com\/fr\/content\/wp-content\/uploads\/2019\/01\/cropped-logo-1.png","contentUrl":"https:\/\/www.campings.com\/fr\/content\/wp-content\/uploads\/2019\/01\/cropped-logo-1.png","width":174,"height":42,"caption":"CAMPINGS.COM"},"image":{"@id":"https:\/\/www.campings.com\/fr\/content\/#\/schema\/logo\/image\/"}}]}},"_links":{"self":[{"href":"https:\/\/www.campings.com\/fr\/content\/wp-json\/wp\/v2\/pages\/591","targetHints":{"allow":["GET"]}}],"collection":[{"href":"https:\/\/www.campings.com\/fr\/content\/wp-json\/wp\/v2\/pages"}],"about":[{"href":"https:\/\/www.campings.com\/fr\/content\/wp-json\/wp\/v2\/types\/page"}],"author":[{"embeddable":true,"href":"https:\/\/www.campings.com\/fr\/content\/wp-json\/wp\/v2\/users\/2"}],"replies":[{"embeddable":true,"href":"https:\/\/www.campings.com\/fr\/content\/wp-json\/wp\/v2\/comments?post=591"}],"version-history":[{"count":17,"href":"https:\/\/www.campings.com\/fr\/content\/wp-json\/wp\/v2\/pages\/591\/revisions"}],"predecessor-version":[{"id":5637,"href":"https:\/\/www.campings.com\/fr\/content\/wp-json\/wp\/v2\/pages\/591\/revisions\/5637"}],"wp:featuredmedia":[{"embeddable":true,"href":"https:\/\/www.campings.com\/fr\/content\/wp-json\/wp\/v2\/media\/957"}],"wp:attachment":[{"href":"https:\/\/www.campings.com\/fr\/content\/wp-json\/wp\/v2\/media?parent=591"}],"curies":[{"name":"wp","href":"https:\/\/api.w.org\/{rel}","templated":true}]}}