{"id":558,"date":"2019-03-25T14:32:49","date_gmt":"2019-03-25T14:32:49","guid":{"rendered":"https:\/\/www.campings.com\/fr\/content\/?page_id=558"},"modified":"2024-12-09T23:05:20","modified_gmt":"2024-12-09T22:05:20","slug":"guide-camping-corse-du-sud","status":"publish","type":"page","link":"https:\/\/www.campings.com\/fr\/content\/guide-camping-corse-du-sud\/","title":{"rendered":"Guide Camping Corse du Sud"},"content":{"rendered":"<p>V\u00e9ritablement diff\u00e9rente de tout ce que vous pouvez trouver dans le reste de la France, la Corse du sud vous r\u00e9serve un s\u00e9jour des plus d\u00e9paysants. A mi-chemin entre la culture fran\u00e7aise et la culture italienne, la Corse est fi\u00e8re de son caract\u00e8re \u00e0 part. Au m\u00eame titre que la Sicile en Italie. C&rsquo;est avant tout pour ses attraits uniques que la partie sud de l&rsquo;\u00eele de beaut\u00e9 parvient \u00e0 maintenir son statut de destination privil\u00e9gi\u00e9e pour les vacances d&rsquo;\u00e9t\u00e9 en famille ou entre amis. Pour r\u00e9server votre location de mobil-home en Corse du sud, vous avez plusieurs options. Premi\u00e8rement, vous pouvez choisir Bonifacio, ses plages et ses belles \u00eeles. Sinon, vous pouvez partir \u00e0 Porto-Vecchio, ville tout aussi envo\u00fbtante. Propriano, Sart\u00e8ne et les Aiguilles de Bavella constituent des visites tout aussi conseill\u00e9es.<\/p>\n<p>Au final, gr\u00e2ce \u00e0 sa superficie peu \u00e9tendue, la Corse du sud s&rsquo;explore plut\u00f4t facilement lors d&rsquo;un s\u00e9jour d&rsquo;une \u00e0 deux semaines. En particulier, si vous \u00eates \u00e9quip\u00e9s d&rsquo;une voiture. Les sites culturels et naturels les plus embl\u00e9matiques du d\u00e9partement sont relativement peu distants les uns des autres. Profitez de notre catalogue en ligne pour r\u00e9server vos prochaines vacances en camping en Corse du sud. Au programme : sieste sur le sable chaud, baignades en eaux turquoises et d\u00e9gustation de plats aux saveurs explosives ! Pour parfaire votre s\u00e9jour en Corse du sud, osez vous aventurer loin de la foule. Non seulement l&rsquo;accueil qui vous sera r\u00e9serv\u00e9 sera beaucoup plus chaleureux mais en plus, vous pourrez profiter plus calmement des charmes de l&rsquo;\u00eele !<\/p>\n","protected":false},"excerpt":{"rendered":"<p>V\u00e9ritablement diff\u00e9rente de tout ce que vous pouvez trouver dans le reste de la France, la Corse du sud vous r\u00e9serve un s\u00e9jour des plus d\u00e9paysants. A mi-chemin entre la culture fran\u00e7aise et la culture italienne, la Corse est fi\u00e8re de son caract\u00e8re \u00e0 part. Au m\u00eame titre que la Sicile en Italie. C&rsquo;est avant [&hellip;]<\/p>\n","protected":false},"author":2,"featured_media":936,"parent":0,"menu_order":0,"comment_status":"closed","ping_status":"closed","template":"template-region.php","meta":{"_acf_changed":false,"footnotes":""},"class_list":["post-558","page","type-page","status-publish","has-post-thumbnail","hentry"],"acf":[],"yoast_head":"<!-- This site is optimized with the Yoast SEO plugin v27.1.1 - https:\/\/yoast.com\/product\/yoast-seo-wordpress\/ -->\n<title>Guide Camping Corse du Sud -<\/title>\n<meta name=\"robots\" content=\"index, follow, max-snippet:-1, max-image-preview:large, max-video-preview:-1\" \/>\n<link rel=\"canonical\" href=\"https:\/\/www.campings.com\/fr\/content\/guide-camping-corse-du-sud\/\" \/>\n<meta property=\"og:locale\" content=\"fr_FR\" \/>\n<meta property=\"og:type\" content=\"article\" \/>\n<meta property=\"og:title\" content=\"Guide Camping Corse du Sud -\" \/>\n<meta property=\"og:description\" content=\"V\u00e9ritablement diff\u00e9rente de tout ce que vous pouvez trouver dans le reste de la France, la Corse du sud vous r\u00e9serve un s\u00e9jour des plus d\u00e9paysants. A mi-chemin entre la culture fran\u00e7aise et la culture italienne, la Corse est fi\u00e8re de son caract\u00e8re \u00e0 part. Au m\u00eame titre que la Sicile en Italie. C&rsquo;est avant [&hellip;]\" \/>\n<meta property=\"og:url\" content=\"https:\/\/www.campings.com\/fr\/content\/guide-camping-corse-du-sud\/\" \/>\n<meta property=\"article:modified_time\" content=\"2024-12-09T22:05:20+00:00\" \/>\n<meta property=\"og:image\" content=\"https:\/\/www.campings.com\/fr\/content\/wp-content\/uploads\/2019\/03\/Midi-P-7-min.jpg\" \/>\n\t<meta property=\"og:image:width\" content=\"1670\" \/>\n\t<meta property=\"og:image:height\" content=\"650\" \/>\n\t<meta property=\"og:image:type\" content=\"image\/jpeg\" \/>\n<meta name=\"twitter:card\" content=\"summary_large_image\" \/>\n<meta name=\"twitter:label1\" content=\"Dur\u00e9e de lecture estim\u00e9e\" \/>\n\t<meta name=\"twitter:data1\" content=\"1 minute\" \/>\n<script type=\"application\/ld+json\" class=\"yoast-schema-graph\">{\"@context\":\"https:\/\/schema.org\",\"@graph\":[{\"@type\":\"WebPage\",\"@id\":\"https:\/\/www.campings.com\/fr\/content\/guide-camping-corse-du-sud\/\",\"url\":\"https:\/\/www.campings.com\/fr\/content\/guide-camping-corse-du-sud\/\",\"name\":\"Guide Camping Corse du Sud -\",\"isPartOf\":{\"@id\":\"https:\/\/www.campings.com\/fr\/content\/#website\"},\"primaryImageOfPage\":{\"@id\":\"https:\/\/www.campings.com\/fr\/content\/guide-camping-corse-du-sud\/#primaryimage\"},\"image\":{\"@id\":\"https:\/\/www.campings.com\/fr\/content\/guide-camping-corse-du-sud\/#primaryimage\"},\"thumbnailUrl\":\"https:\/\/www.campings.com\/fr\/content\/wp-content\/uploads\/2019\/03\/Midi-P-7-min.jpg\",\"datePublished\":\"2019-03-25T14:32:49+00:00\",\"dateModified\":\"2024-12-09T22:05:20+00:00\",\"breadcrumb\":{\"@id\":\"https:\/\/www.campings.com\/fr\/content\/guide-camping-corse-du-sud\/#breadcrumb\"},\"inLanguage\":\"fr-FR\",\"potentialAction\":[{\"@type\":\"ReadAction\",\"target\":[\"https:\/\/www.campings.com\/fr\/content\/guide-camping-corse-du-sud\/\"]}]},{\"@type\":\"ImageObject\",\"inLanguage\":\"fr-FR\",\"@id\":\"https:\/\/www.campings.com\/fr\/content\/guide-camping-corse-du-sud\/#primaryimage\",\"url\":\"https:\/\/www.campings.com\/fr\/content\/wp-content\/uploads\/2019\/03\/Midi-P-7-min.jpg\",\"contentUrl\":\"https:\/\/www.campings.com\/fr\/content\/wp-content\/uploads\/2019\/03\/Midi-P-7-min.jpg\",\"width\":1670,\"height\":650},{\"@type\":\"BreadcrumbList\",\"@id\":\"https:\/\/www.campings.com\/fr\/content\/guide-camping-corse-du-sud\/#breadcrumb\",\"itemListElement\":[{\"@type\":\"ListItem\",\"position\":1,\"name\":\"Home\",\"item\":\"https:\/\/www.campings.com\/fr\/content\/\"},{\"@type\":\"ListItem\",\"position\":2,\"name\":\"Guide Camping Corse du Sud\"}]},{\"@type\":\"WebSite\",\"@id\":\"https:\/\/www.campings.com\/fr\/content\/#website\",\"url\":\"https:\/\/www.campings.com\/fr\/content\/\",\"name\":\"\",\"description\":\"\",\"publisher\":{\"@id\":\"https:\/\/www.campings.com\/fr\/content\/#organization\"},\"potentialAction\":[{\"@type\":\"SearchAction\",\"target\":{\"@type\":\"EntryPoint\",\"urlTemplate\":\"https:\/\/www.campings.com\/fr\/content\/?s={search_term_string}\"},\"query-input\":{\"@type\":\"PropertyValueSpecification\",\"valueRequired\":true,\"valueName\":\"search_term_string\"}}],\"inLanguage\":\"fr-FR\"},{\"@type\":\"Organization\",\"@id\":\"https:\/\/www.campings.com\/fr\/content\/#organization\",\"name\":\"CAMPINGS.COM\",\"url\":\"https:\/\/www.campings.com\/fr\/content\/\",\"logo\":{\"@type\":\"ImageObject\",\"inLanguage\":\"fr-FR\",\"@id\":\"https:\/\/www.campings.com\/fr\/content\/#\/schema\/logo\/image\/\",\"url\":\"https:\/\/www.campings.com\/fr\/content\/wp-content\/uploads\/2019\/01\/cropped-logo-1.png\",\"contentUrl\":\"https:\/\/www.campings.com\/fr\/content\/wp-content\/uploads\/2019\/01\/cropped-logo-1.png\",\"width\":174,\"height\":42,\"caption\":\"CAMPINGS.COM\"},\"image\":{\"@id\":\"https:\/\/www.campings.com\/fr\/content\/#\/schema\/logo\/image\/\"}}]}<\/script>\n<!-- \/ Yoast SEO plugin. -->","yoast_head_json":{"title":"Guide Camping Corse du Sud -","robots":{"index":"index","follow":"follow","max-snippet":"max-snippet:-1","max-image-preview":"max-image-preview:large","max-video-preview":"max-video-preview:-1"},"canonical":"https:\/\/www.campings.com\/fr\/content\/guide-camping-corse-du-sud\/","og_locale":"fr_FR","og_type":"article","og_title":"Guide Camping Corse du Sud -","og_description":"V\u00e9ritablement diff\u00e9rente de tout ce que vous pouvez trouver dans le reste de la France, la Corse du sud vous r\u00e9serve un s\u00e9jour des plus d\u00e9paysants. A mi-chemin entre la culture fran\u00e7aise et la culture italienne, la Corse est fi\u00e8re de son caract\u00e8re \u00e0 part. Au m\u00eame titre que la Sicile en Italie. C&rsquo;est avant [&hellip;]","og_url":"https:\/\/www.campings.com\/fr\/content\/guide-camping-corse-du-sud\/","article_modified_time":"2024-12-09T22:05:20+00:00","og_image":[{"width":1670,"height":650,"url":"https:\/\/www.campings.com\/fr\/content\/wp-content\/uploads\/2019\/03\/Midi-P-7-min.jpg","type":"image\/jpeg"}],"twitter_card":"summary_large_image","twitter_misc":{"Dur\u00e9e de lecture estim\u00e9e":"1 minute"},"schema":{"@context":"https:\/\/schema.org","@graph":[{"@type":"WebPage","@id":"https:\/\/www.campings.com\/fr\/content\/guide-camping-corse-du-sud\/","url":"https:\/\/www.campings.com\/fr\/content\/guide-camping-corse-du-sud\/","name":"Guide Camping Corse du Sud -","isPartOf":{"@id":"https:\/\/www.campings.com\/fr\/content\/#website"},"primaryImageOfPage":{"@id":"https:\/\/www.campings.com\/fr\/content\/guide-camping-corse-du-sud\/#primaryimage"},"image":{"@id":"https:\/\/www.campings.com\/fr\/content\/guide-camping-corse-du-sud\/#primaryimage"},"thumbnailUrl":"https:\/\/www.campings.com\/fr\/content\/wp-content\/uploads\/2019\/03\/Midi-P-7-min.jpg","datePublished":"2019-03-25T14:32:49+00:00","dateModified":"2024-12-09T22:05:20+00:00","breadcrumb":{"@id":"https:\/\/www.campings.com\/fr\/content\/guide-camping-corse-du-sud\/#breadcrumb"},"inLanguage":"fr-FR","potentialAction":[{"@type":"ReadAction","target":["https:\/\/www.campings.com\/fr\/content\/guide-camping-corse-du-sud\/"]}]},{"@type":"ImageObject","inLanguage":"fr-FR","@id":"https:\/\/www.campings.com\/fr\/content\/guide-camping-corse-du-sud\/#primaryimage","url":"https:\/\/www.campings.com\/fr\/content\/wp-content\/uploads\/2019\/03\/Midi-P-7-min.jpg","contentUrl":"https:\/\/www.campings.com\/fr\/content\/wp-content\/uploads\/2019\/03\/Midi-P-7-min.jpg","width":1670,"height":650},{"@type":"BreadcrumbList","@id":"https:\/\/www.campings.com\/fr\/content\/guide-camping-corse-du-sud\/#breadcrumb","itemListElement":[{"@type":"ListItem","position":1,"name":"Home","item":"https:\/\/www.campings.com\/fr\/content\/"},{"@type":"ListItem","position":2,"name":"Guide Camping Corse du Sud"}]},{"@type":"WebSite","@id":"https:\/\/www.campings.com\/fr\/content\/#website","url":"https:\/\/www.campings.com\/fr\/content\/","name":"","description":"","publisher":{"@id":"https:\/\/www.campings.com\/fr\/content\/#organization"},"potentialAction":[{"@type":"SearchAction","target":{"@type":"EntryPoint","urlTemplate":"https:\/\/www.campings.com\/fr\/content\/?s={search_term_string}"},"query-input":{"@type":"PropertyValueSpecification","valueRequired":true,"valueName":"search_term_string"}}],"inLanguage":"fr-FR"},{"@type":"Organization","@id":"https:\/\/www.campings.com\/fr\/content\/#organization","name":"CAMPINGS.COM","url":"https:\/\/www.campings.com\/fr\/content\/","logo":{"@type":"ImageObject","inLanguage":"fr-FR","@id":"https:\/\/www.campings.com\/fr\/content\/#\/schema\/logo\/image\/","url":"https:\/\/www.campings.com\/fr\/content\/wp-content\/uploads\/2019\/01\/cropped-logo-1.png","contentUrl":"https:\/\/www.campings.com\/fr\/content\/wp-content\/uploads\/2019\/01\/cropped-logo-1.png","width":174,"height":42,"caption":"CAMPINGS.COM"},"image":{"@id":"https:\/\/www.campings.com\/fr\/content\/#\/schema\/logo\/image\/"}}]}},"_links":{"self":[{"href":"https:\/\/www.campings.com\/fr\/content\/wp-json\/wp\/v2\/pages\/558","targetHints":{"allow":["GET"]}}],"collection":[{"href":"https:\/\/www.campings.com\/fr\/content\/wp-json\/wp\/v2\/pages"}],"about":[{"href":"https:\/\/www.campings.com\/fr\/content\/wp-json\/wp\/v2\/types\/page"}],"author":[{"embeddable":true,"href":"https:\/\/www.campings.com\/fr\/content\/wp-json\/wp\/v2\/users\/2"}],"replies":[{"embeddable":true,"href":"https:\/\/www.campings.com\/fr\/content\/wp-json\/wp\/v2\/comments?post=558"}],"version-history":[{"count":14,"href":"https:\/\/www.campings.com\/fr\/content\/wp-json\/wp\/v2\/pages\/558\/revisions"}],"predecessor-version":[{"id":4854,"href":"https:\/\/www.campings.com\/fr\/content\/wp-json\/wp\/v2\/pages\/558\/revisions\/4854"}],"wp:featuredmedia":[{"embeddable":true,"href":"https:\/\/www.campings.com\/fr\/content\/wp-json\/wp\/v2\/media\/936"}],"wp:attachment":[{"href":"https:\/\/www.campings.com\/fr\/content\/wp-json\/wp\/v2\/media?parent=558"}],"curies":[{"name":"wp","href":"https:\/\/api.w.org\/{rel}","templated":true}]}}