{"id":5405,"date":"2025-05-06T15:36:22","date_gmt":"2025-05-06T14:36:22","guid":{"rendered":"https:\/\/www.campings.com\/fr\/content\/?page_id=5405"},"modified":"2025-05-15T14:18:29","modified_gmt":"2025-05-15T13:18:29","slug":"jeu-concours-campings-com-intermarche","status":"publish","type":"page","link":"https:\/\/www.campings.com\/fr\/content\/jeu-concours-campings-com-intermarche\/","title":{"rendered":"<span style=\"display:none;\">Jeu Concours Campings.com Intermarch\u00e9<\/span>"},"content":{"rendered":"<div class=\"lp-cc lp-intermarche\">\n<section class=\"lp--jc-inter-hero\">\n<div class=\"hero--wrapper\">\n<p>Jeu Concours Campings.com x Intermarch\u00e9<\/p>\n<h1><strong class=\"emphasis\">Gagnez<\/strong> jusqu\u2019\u00e0 <strong class=\"value\">100 \u20ac<\/strong> de r\u00e9duction chez <img decoding=\"async\" src=\"https:\/\/www.campings.com\/fr\/content\/wp-content\/uploads\/2025\/05\/logo-intermarche.png\" \/> en r\u00e9servant votre s\u00e9jour en camping<\/h1>\n<\/div>\n<\/section>\n<section class=\"lp--section\">\n<article class=\"lp--section-wrapper\">\n<div class=\"lp--section-content\">\n<div class=\"lp--jc-inter-intro\">\n<h4>D\u00e9couvrez nos <strong>offres sp\u00e9ciales parmi nos 4000 campings<\/strong>. En r\u00e9servant vos vacances chez Campings.com, <strong>participez \u00e0 notre grand jeu concours Intermarch\u00e9 !<\/strong><br \/>\nJusqu\u2019\u00e0 <strong>100 \u20ac de r\u00e9duction \u00e0 gagner !<\/strong><\/h4>\n<p>Cet \u00e9t\u00e9, vos vacances vous rapportent plus que du soleil ! <strong>Faites vos courses moins ch\u00e8res pendant votre s\u00e9jour en camping<\/strong> et profitez pleinement de vos vacances sans vous ruiner.\u2028Campings.com\u00a0et Intermarch\u00e9 s\u2019associent : tentez de gagner l&rsquo;un de nos <strong>9 000 codes de r\u00e9duction<\/strong>, valables lors de vos commandes en ligne sur <a href=\"https:\/\/www.intermarche.com\/\" target=\"_blank\" rel=\"noopener\">intermarche.com<\/a> (commandes Drive Intermarch\u00e9)<\/p>\n<p><strong>\ud83c\udf81 \u00c0 la cl\u00e9 : des codes de r\u00e9duction de 5 \u20ac \u00e0 100 \u20ac pour vos courses ! (*)<\/strong><\/p>\n<p>En r\u00e9servant votre s\u00e9jour sur <a href=\"https:\/\/www.campings.com\/fr\">Campings.com\/fr<\/a> <strong>entre le 19 mai et le 19 juin 2025<\/strong> (**), votre r\u00e9servation vous rapporte plus que du bon temps : pour chaque s\u00e9jour r\u00e9serv\u00e9, <strong>vous \u00eates automatiquement inscrit \u00e0 notre grand tirage au sort.<\/strong><\/p>\n<div style=\"margin:1rem 0; text-align:center;\"> <a style=\"display:inline-block\" class=\"discover-button-link customize-unpreviewable\" href=\"https:\/\/www.campings.com\/fr\/\">Je r\u00e9serve et participe<\/a><\/div>\n<\/div>\n<\/div>\n<\/article>\n<\/section>\n<section class=\"lp--section lp--jc-inter-hiw lp--thematic\">\n<article class=\"lp--section-wrapper\">\n<div class=\"lp--section-content\">\n<header>\n<h2>Comment <strong>\u00e7a marche ?<\/strong><\/h2>\n<\/header>\n<div class=\"lp--jc-inter-hiw--steps-wrapper\">\n<div class=\"lp--jc-inter-hiw--step\"><img decoding=\"async\" src=\"https:\/\/www.campings.com\/fr\/content\/wp-content\/uploads\/2025\/05\/jc-cc-hiw-1.png\" \/><\/p>\n<p class=\"hiw-title\">Je r\u00e9serve<\/p>\n<p class=\"hiw-text\">Effectuez votre r\u00e9servation sur campings.com\/fr entre le 19 mai et le 19 juin 2025.<\/p>\n<\/div>\n<div class=\"lp--jc-inter-hiw--step\"><img decoding=\"async\" src=\"https:\/\/www.campings.com\/fr\/content\/wp-content\/uploads\/2025\/05\/jc-cc-hiw-2.png\" \/><\/p>\n<p class=\"hiw-title\">Je participe automatiquement<\/p>\n<p class=\"hiw-text\">Votre r\u00e9servation vous inscrit automatiquement au tirage au sort, sans aucune d\u00e9marche suppl\u00e9mentaire de votre part.<\/p>\n<\/div>\n<div class=\"lp--jc-inter-hiw--step\"><img decoding=\"async\" src=\"https:\/\/www.campings.com\/fr\/content\/wp-content\/uploads\/2025\/05\/jc-cc-hiw-3.png\" \/><\/p>\n<p class=\"hiw-title\">Je d\u00e9couvre si j\u2019ai gagn\u00e9<\/p>\n<p class=\"hiw-text\">Le tirage au sort aura lieu le 20 juin 2025.\u2028Le 23 juin, vous recevrez un email vous indiquant si vous avez gagn\u00e9, et le montant de votre code de r\u00e9duction s\u2019il y a lieu.<\/p>\n<\/div>\n<\/div>\n<div style=\"margin:1rem 0; text-align:center;\"> <a style=\"display:inline-block\" class=\"discover-button-link customize-unpreviewable\" href=\"https:\/\/www.campings.com\/fr\/\">Je r\u00e9serve et participe<\/a><\/div>\n<div class=\"hiw-gift\">\n<header>\n<h4>\ud83c\udf81 Quels sont les lots \u00e0 gagner ?<\/h4>\n<p><strong>9 000 codes de r\u00e9duction Intermarch\u00e9<\/strong> sont mis en jeu : courses sur place, barbecue improvis\u00e9 ou ap\u00e9ro local ?<br \/>\nFaites-vous plaisir sans vous ruiner \u2764\ufe0f !<\/p>\n<\/header>\n<div class=\"_tableContainer_16hzy_1\">\n<div class=\"_tableWrapper_16hzy_14 group flex w-fit flex-col-reverse\">\n<table class=\"w-fit min-w-(--thread-content-width)\" data-start=\"1486\" data-end=\"1956\">\n<thead data-start=\"1486\" data-end=\"1543\">\n<tr data-start=\"1486\" data-end=\"1543\">\n<th data-start=\"1486\" data-end=\"1503\" data-col-size=\"sm\">Montant du code<\/th>\n<th data-start=\"1503\" data-end=\"1524\" data-col-size=\"sm\">Nombre de gagnants<\/th>\n<th data-start=\"1524\" data-end=\"1543\" data-col-size=\"sm\">Minimum d\u2019achat<\/th>\n<\/tr>\n<\/thead>\n<tbody data-start=\"1603\" data-end=\"1956\">\n<tr data-start=\"1603\" data-end=\"1661\">\n<td data-start=\"1603\" data-end=\"1620\" data-col-size=\"sm\">5 \u20ac<\/td>\n<td data-start=\"1620\" data-end=\"1641\" data-col-size=\"sm\">5 100<\/td>\n<td data-col-size=\"sm\" data-start=\"1641\" data-end=\"1661\">50 \u20ac<\/td>\n<\/tr>\n<tr data-start=\"1662\" data-end=\"1720\">\n<td data-start=\"1662\" data-end=\"1679\" data-col-size=\"sm\">10 \u20ac<\/td>\n<td data-start=\"1679\" data-end=\"1700\" data-col-size=\"sm\">2 500<\/td>\n<td data-start=\"1700\" data-end=\"1720\" data-col-size=\"sm\">100 \u20ac<\/td>\n<\/tr>\n<tr data-start=\"1721\" data-end=\"1779\">\n<td data-start=\"1721\" data-end=\"1738\" data-col-size=\"sm\">20 \u20ac<\/td>\n<td data-start=\"1738\" data-end=\"1759\" data-col-size=\"sm\">1 000<\/td>\n<td data-start=\"1759\" data-end=\"1779\" data-col-size=\"sm\">100 \u20ac<\/td>\n<\/tr>\n<tr data-start=\"1780\" data-end=\"1838\">\n<td data-start=\"1780\" data-end=\"1797\" data-col-size=\"sm\">50 \u20ac<\/td>\n<td data-start=\"1797\" data-end=\"1818\" data-col-size=\"sm\">250<\/td>\n<td data-col-size=\"sm\" data-start=\"1818\" data-end=\"1838\">100 \u20ac<\/td>\n<\/tr>\n<tr data-start=\"1839\" data-end=\"1897\">\n<td data-start=\"1839\" data-end=\"1856\" data-col-size=\"sm\">80 \u20ac<\/td>\n<td data-start=\"1856\" data-end=\"1877\" data-col-size=\"sm\">100<\/td>\n<td data-start=\"1877\" data-end=\"1897\" data-col-size=\"sm\">100 \u20ac<\/td>\n<\/tr>\n<tr data-start=\"1898\" data-end=\"1956\">\n<td data-start=\"1898\" data-end=\"1915\" data-col-size=\"sm\">100 \u20ac<\/td>\n<td data-start=\"1915\" data-end=\"1936\" data-col-size=\"sm\">50<\/td>\n<td data-start=\"1936\" data-end=\"1956\" data-col-size=\"sm\">100 \u20ac<\/td>\n<\/tr>\n<\/tbody>\n<\/table>\n<\/div>\n<\/div>\n<\/article>\n<\/section>\n<section class=\"lp--section\">\n<article class=\"lp--section-wrapper\">\n<div class=\"lp--section-content\">\n<header>\n<h2>Comment <strong>utiliser mon code Intermarch\u00e9 ?<\/strong><\/h2>\n<\/header>\n<div class=\"lp--jc-inter-br\">\n<ul>\n<li>Chaque code est valable une seule fois \u00e0 utiliser suivant les r\u00e8gles d\u00e9finies sur le lien suivant <a href=\"https:\/\/intermarche.com\/enseigne\/bons-plans\/campings\" target=\"_blank\" rel=\"noopener\">intermarche.com\/enseigne\/bons-plans\/campings<\/a><\/li>\n<li>La date limite d\u2019utilisation sera pr\u00e9cis\u00e9e dans votre email gagnant.<\/li>\n<\/ul>\n<div class=\"br-img\"><img loading=\"lazy\" decoding=\"async\" src=\"https:\/\/www.campings.com\/fr\/content\/wp-content\/uploads\/2025\/05\/br-intermarche.png\" alt=\"\" width=\"297\" height=\"166\" class=\"alignnone size-full wp-image-5454\" \/><\/div>\n<\/div>\n<\/article>\n<\/section>\n<section class=\"lp--section\" style=\"padding-top:0; padding-bottom: 0;\">\n<article class=\"lp--jc-inter-rule\">\n<h5>Consulter le r\u00e8glement du jeu concours<\/h5>\n<p>\ud83d\udc49 <a href=\"https:\/\/www.campings.com\/fr\/content\/wp-content\/uploads\/2025\/05\/Intermarche-x-Campings-Reglement-jeu-concours-tirage-au-sort.pdf\">Voir le r\u00e8glement complet du jeu concours<\/a><\/p>\n<\/article>\n<\/section>\n<section class=\"lp--section lp--conditions\">\n<article class=\"lp--section-wrapper\">\n<div class=\"lp--section-content\">\n<div>\n<strong>*Conditions de 5 \u20ac:<\/strong><br \/>\nCode de r\u00e9duction limit\u00e9 \u00e0 1 utilisation, valable pour une commande en ligne sur <a href=\"https:\/\/www.intermarche.com\/\" target=\"_blank\" rel=\"noopener\">intermarche.com<\/a> valid\u00e9e du lundi 16 juin au dimanche 14 septembre 2025 d\u2019un montant minimum de 50\u20ac d\u2019achat (prix pay\u00e9 en ligne toutes remises d\u00e9duites). Code de r\u00e9duction non cumulable avec d\u2019autres offres en cours (un code de r\u00e9duction par commande), non remboursable, non \u00e9changeable en tout ou partie, non compensable, non cessible en tout ou partie et non fractionnable.<br \/>\n<strong>Codes de 10, 20, 30, 50, 80, et 100\u20ac<\/strong><br \/>\nCode de r\u00e9duction limit\u00e9 \u00e0 1 utilisation, valable pour une commande en ligne sur <a href=\"https:\/\/www.intermarche.com\/\" target=\"_blank\" rel=\"noopener\">intermarche.com<\/a> valid\u00e9e du lundi 16 juin au dimanche 14 septembre 2025 d\u2019un montant minimum de 100\u20ac d\u2019achat (prix pay\u00e9 en ligne toutes remises d\u00e9duites). Code de r\u00e9duction non cumulable avec d\u2019autres offres en cours (un code de r\u00e9duction par commande), non remboursable, non \u00e9changeable en tout ou partie, non compensable, non cessible en tout ou partie et non fractionnable.\n<\/div>\n<div>\n<strong>**Conditions d\u2019obtention du code de r\u00e9duction<\/strong><br \/>\nOp\u00e9ration valable uniquement sur les nouvelles r\u00e9servations faites sur le site campings.com\/fr entre le 19\/05\/25 et 19\/06\/2025. Offre non valable pour les r\u00e9servations faites en dehors de cette plage de date. Les sites CSE ne sont pas \u00e9ligibles \u00e0 cette op\u00e9ration. En cas d\u2019annulation de la commande, la participation est annul\u00e9e\n<\/div>\n<\/div>\n<\/article>\n<\/section>\n<\/div>\n","protected":false},"excerpt":{"rendered":"<p>Jeu Concours Campings.com x Intermarch\u00e9 Gagnez jusqu\u2019\u00e0 100 \u20ac de r\u00e9duction chez en r\u00e9servant votre s\u00e9jour en camping D\u00e9couvrez nos offres sp\u00e9ciales parmi nos 4000 campings. En r\u00e9servant vos vacances chez Campings.com, participez \u00e0 notre grand jeu concours Intermarch\u00e9 ! Jusqu\u2019\u00e0 100 \u20ac de r\u00e9duction \u00e0 gagner ! Cet \u00e9t\u00e9, vos vacances vous rapportent plus [&hellip;]<\/p>\n","protected":false},"author":4,"featured_media":0,"parent":0,"menu_order":0,"comment_status":"closed","ping_status":"closed","template":"template-onecolumn.php","meta":{"_acf_changed":false,"footnotes":""},"class_list":["post-5405","page","type-page","status-publish","hentry"],"acf":[],"yoast_head":"<!-- This site is optimized with the Yoast SEO plugin v27.1.1 - https:\/\/yoast.com\/product\/yoast-seo-wordpress\/ -->\n<title>Jeu Concours Campings.com Intermarch\u00e9 -<\/title>\n<meta name=\"robots\" content=\"index, follow, max-snippet:-1, max-image-preview:large, max-video-preview:-1\" \/>\n<link rel=\"canonical\" href=\"https:\/\/www.campings.com\/fr\/content\/jeu-concours-campings-com-intermarche\/\" \/>\n<meta property=\"og:locale\" content=\"fr_FR\" \/>\n<meta property=\"og:type\" content=\"article\" \/>\n<meta property=\"og:title\" content=\"Jeu Concours Campings.com Intermarch\u00e9 -\" \/>\n<meta property=\"og:description\" content=\"Jeu Concours Campings.com x Intermarch\u00e9 Gagnez jusqu\u2019\u00e0 100 \u20ac de r\u00e9duction chez en r\u00e9servant votre s\u00e9jour en camping D\u00e9couvrez nos offres sp\u00e9ciales parmi nos 4000 campings. En r\u00e9servant vos vacances chez Campings.com, participez \u00e0 notre grand jeu concours Intermarch\u00e9 ! Jusqu\u2019\u00e0 100 \u20ac de r\u00e9duction \u00e0 gagner ! Cet \u00e9t\u00e9, vos vacances vous rapportent plus [&hellip;]\" \/>\n<meta property=\"og:url\" content=\"https:\/\/www.campings.com\/fr\/content\/jeu-concours-campings-com-intermarche\/\" \/>\n<meta property=\"article:modified_time\" content=\"2025-05-15T13:18:29+00:00\" \/>\n<meta property=\"og:image\" content=\"https:\/\/www.campings.com\/fr\/content\/wp-content\/uploads\/2025\/05\/logo-intermarche.png\" \/>\n<meta name=\"twitter:card\" content=\"summary_large_image\" \/>\n<meta name=\"twitter:label1\" content=\"Dur\u00e9e de lecture estim\u00e9e\" \/>\n\t<meta name=\"twitter:data1\" content=\"3 minutes\" \/>\n<script type=\"application\/ld+json\" class=\"yoast-schema-graph\">{\"@context\":\"https:\/\/schema.org\",\"@graph\":[{\"@type\":\"WebPage\",\"@id\":\"https:\/\/www.campings.com\/fr\/content\/jeu-concours-campings-com-intermarche\/\",\"url\":\"https:\/\/www.campings.com\/fr\/content\/jeu-concours-campings-com-intermarche\/\",\"name\":\"Jeu Concours Campings.com Intermarch\u00e9 -\",\"isPartOf\":{\"@id\":\"https:\/\/www.campings.com\/fr\/content\/#website\"},\"primaryImageOfPage\":{\"@id\":\"https:\/\/www.campings.com\/fr\/content\/jeu-concours-campings-com-intermarche\/#primaryimage\"},\"image\":{\"@id\":\"https:\/\/www.campings.com\/fr\/content\/jeu-concours-campings-com-intermarche\/#primaryimage\"},\"thumbnailUrl\":\"https:\/\/www.campings.com\/fr\/content\/wp-content\/uploads\/2025\/05\/logo-intermarche.png\",\"datePublished\":\"2025-05-06T14:36:22+00:00\",\"dateModified\":\"2025-05-15T13:18:29+00:00\",\"breadcrumb\":{\"@id\":\"https:\/\/www.campings.com\/fr\/content\/jeu-concours-campings-com-intermarche\/#breadcrumb\"},\"inLanguage\":\"fr-FR\",\"potentialAction\":[{\"@type\":\"ReadAction\",\"target\":[\"https:\/\/www.campings.com\/fr\/content\/jeu-concours-campings-com-intermarche\/\"]}]},{\"@type\":\"ImageObject\",\"inLanguage\":\"fr-FR\",\"@id\":\"https:\/\/www.campings.com\/fr\/content\/jeu-concours-campings-com-intermarche\/#primaryimage\",\"url\":\"https:\/\/www.campings.com\/fr\/content\/wp-content\/uploads\/2025\/05\/logo-intermarche.png\",\"contentUrl\":\"https:\/\/www.campings.com\/fr\/content\/wp-content\/uploads\/2025\/05\/logo-intermarche.png\",\"width\":205,\"height\":39},{\"@type\":\"BreadcrumbList\",\"@id\":\"https:\/\/www.campings.com\/fr\/content\/jeu-concours-campings-com-intermarche\/#breadcrumb\",\"itemListElement\":[{\"@type\":\"ListItem\",\"position\":1,\"name\":\"Home\",\"item\":\"https:\/\/www.campings.com\/fr\/content\/\"},{\"@type\":\"ListItem\",\"position\":2,\"name\":\"Jeu Concours Campings.com Intermarch\u00e9\"}]},{\"@type\":\"WebSite\",\"@id\":\"https:\/\/www.campings.com\/fr\/content\/#website\",\"url\":\"https:\/\/www.campings.com\/fr\/content\/\",\"name\":\"\",\"description\":\"\",\"publisher\":{\"@id\":\"https:\/\/www.campings.com\/fr\/content\/#organization\"},\"potentialAction\":[{\"@type\":\"SearchAction\",\"target\":{\"@type\":\"EntryPoint\",\"urlTemplate\":\"https:\/\/www.campings.com\/fr\/content\/?s={search_term_string}\"},\"query-input\":{\"@type\":\"PropertyValueSpecification\",\"valueRequired\":true,\"valueName\":\"search_term_string\"}}],\"inLanguage\":\"fr-FR\"},{\"@type\":\"Organization\",\"@id\":\"https:\/\/www.campings.com\/fr\/content\/#organization\",\"name\":\"CAMPINGS.COM\",\"url\":\"https:\/\/www.campings.com\/fr\/content\/\",\"logo\":{\"@type\":\"ImageObject\",\"inLanguage\":\"fr-FR\",\"@id\":\"https:\/\/www.campings.com\/fr\/content\/#\/schema\/logo\/image\/\",\"url\":\"https:\/\/www.campings.com\/fr\/content\/wp-content\/uploads\/2019\/01\/cropped-logo-1.png\",\"contentUrl\":\"https:\/\/www.campings.com\/fr\/content\/wp-content\/uploads\/2019\/01\/cropped-logo-1.png\",\"width\":174,\"height\":42,\"caption\":\"CAMPINGS.COM\"},\"image\":{\"@id\":\"https:\/\/www.campings.com\/fr\/content\/#\/schema\/logo\/image\/\"}}]}<\/script>\n<!-- \/ Yoast SEO plugin. -->","yoast_head_json":{"title":"Jeu Concours Campings.com Intermarch\u00e9 -","robots":{"index":"index","follow":"follow","max-snippet":"max-snippet:-1","max-image-preview":"max-image-preview:large","max-video-preview":"max-video-preview:-1"},"canonical":"https:\/\/www.campings.com\/fr\/content\/jeu-concours-campings-com-intermarche\/","og_locale":"fr_FR","og_type":"article","og_title":"Jeu Concours Campings.com Intermarch\u00e9 -","og_description":"Jeu Concours Campings.com x Intermarch\u00e9 Gagnez jusqu\u2019\u00e0 100 \u20ac de r\u00e9duction chez en r\u00e9servant votre s\u00e9jour en camping D\u00e9couvrez nos offres sp\u00e9ciales parmi nos 4000 campings. En r\u00e9servant vos vacances chez Campings.com, participez \u00e0 notre grand jeu concours Intermarch\u00e9 ! Jusqu\u2019\u00e0 100 \u20ac de r\u00e9duction \u00e0 gagner ! Cet \u00e9t\u00e9, vos vacances vous rapportent plus [&hellip;]","og_url":"https:\/\/www.campings.com\/fr\/content\/jeu-concours-campings-com-intermarche\/","article_modified_time":"2025-05-15T13:18:29+00:00","og_image":[{"url":"https:\/\/www.campings.com\/fr\/content\/wp-content\/uploads\/2025\/05\/logo-intermarche.png","type":"","width":"","height":""}],"twitter_card":"summary_large_image","twitter_misc":{"Dur\u00e9e de lecture estim\u00e9e":"3 minutes"},"schema":{"@context":"https:\/\/schema.org","@graph":[{"@type":"WebPage","@id":"https:\/\/www.campings.com\/fr\/content\/jeu-concours-campings-com-intermarche\/","url":"https:\/\/www.campings.com\/fr\/content\/jeu-concours-campings-com-intermarche\/","name":"Jeu Concours Campings.com Intermarch\u00e9 -","isPartOf":{"@id":"https:\/\/www.campings.com\/fr\/content\/#website"},"primaryImageOfPage":{"@id":"https:\/\/www.campings.com\/fr\/content\/jeu-concours-campings-com-intermarche\/#primaryimage"},"image":{"@id":"https:\/\/www.campings.com\/fr\/content\/jeu-concours-campings-com-intermarche\/#primaryimage"},"thumbnailUrl":"https:\/\/www.campings.com\/fr\/content\/wp-content\/uploads\/2025\/05\/logo-intermarche.png","datePublished":"2025-05-06T14:36:22+00:00","dateModified":"2025-05-15T13:18:29+00:00","breadcrumb":{"@id":"https:\/\/www.campings.com\/fr\/content\/jeu-concours-campings-com-intermarche\/#breadcrumb"},"inLanguage":"fr-FR","potentialAction":[{"@type":"ReadAction","target":["https:\/\/www.campings.com\/fr\/content\/jeu-concours-campings-com-intermarche\/"]}]},{"@type":"ImageObject","inLanguage":"fr-FR","@id":"https:\/\/www.campings.com\/fr\/content\/jeu-concours-campings-com-intermarche\/#primaryimage","url":"https:\/\/www.campings.com\/fr\/content\/wp-content\/uploads\/2025\/05\/logo-intermarche.png","contentUrl":"https:\/\/www.campings.com\/fr\/content\/wp-content\/uploads\/2025\/05\/logo-intermarche.png","width":205,"height":39},{"@type":"BreadcrumbList","@id":"https:\/\/www.campings.com\/fr\/content\/jeu-concours-campings-com-intermarche\/#breadcrumb","itemListElement":[{"@type":"ListItem","position":1,"name":"Home","item":"https:\/\/www.campings.com\/fr\/content\/"},{"@type":"ListItem","position":2,"name":"Jeu Concours Campings.com Intermarch\u00e9"}]},{"@type":"WebSite","@id":"https:\/\/www.campings.com\/fr\/content\/#website","url":"https:\/\/www.campings.com\/fr\/content\/","name":"","description":"","publisher":{"@id":"https:\/\/www.campings.com\/fr\/content\/#organization"},"potentialAction":[{"@type":"SearchAction","target":{"@type":"EntryPoint","urlTemplate":"https:\/\/www.campings.com\/fr\/content\/?s={search_term_string}"},"query-input":{"@type":"PropertyValueSpecification","valueRequired":true,"valueName":"search_term_string"}}],"inLanguage":"fr-FR"},{"@type":"Organization","@id":"https:\/\/www.campings.com\/fr\/content\/#organization","name":"CAMPINGS.COM","url":"https:\/\/www.campings.com\/fr\/content\/","logo":{"@type":"ImageObject","inLanguage":"fr-FR","@id":"https:\/\/www.campings.com\/fr\/content\/#\/schema\/logo\/image\/","url":"https:\/\/www.campings.com\/fr\/content\/wp-content\/uploads\/2019\/01\/cropped-logo-1.png","contentUrl":"https:\/\/www.campings.com\/fr\/content\/wp-content\/uploads\/2019\/01\/cropped-logo-1.png","width":174,"height":42,"caption":"CAMPINGS.COM"},"image":{"@id":"https:\/\/www.campings.com\/fr\/content\/#\/schema\/logo\/image\/"}}]}},"_links":{"self":[{"href":"https:\/\/www.campings.com\/fr\/content\/wp-json\/wp\/v2\/pages\/5405","targetHints":{"allow":["GET"]}}],"collection":[{"href":"https:\/\/www.campings.com\/fr\/content\/wp-json\/wp\/v2\/pages"}],"about":[{"href":"https:\/\/www.campings.com\/fr\/content\/wp-json\/wp\/v2\/types\/page"}],"author":[{"embeddable":true,"href":"https:\/\/www.campings.com\/fr\/content\/wp-json\/wp\/v2\/users\/4"}],"replies":[{"embeddable":true,"href":"https:\/\/www.campings.com\/fr\/content\/wp-json\/wp\/v2\/comments?post=5405"}],"version-history":[{"count":47,"href":"https:\/\/www.campings.com\/fr\/content\/wp-json\/wp\/v2\/pages\/5405\/revisions"}],"predecessor-version":[{"id":5612,"href":"https:\/\/www.campings.com\/fr\/content\/wp-json\/wp\/v2\/pages\/5405\/revisions\/5612"}],"wp:attachment":[{"href":"https:\/\/www.campings.com\/fr\/content\/wp-json\/wp\/v2\/media?parent=5405"}],"curies":[{"name":"wp","href":"https:\/\/api.w.org\/{rel}","templated":true}]}}