{"id":5340,"date":"2025-04-29T08:48:58","date_gmt":"2025-04-29T07:48:58","guid":{"rendered":"https:\/\/www.campings.com\/fr\/content\/?page_id=5340"},"modified":"2025-05-05T09:02:23","modified_gmt":"2025-05-05T08:02:23","slug":"jeu-concours-intermarche","status":"publish","type":"page","link":"https:\/\/www.campings.com\/fr\/content\/jeu-concours-intermarche\/","title":{"rendered":"<span style=\"display:none;\">PARTEZ GAGNANT !<\/span>"},"content":{"rendered":"<div class=\"lp-cc lp-intermarche\">\n<section class=\"lp--intermarche-hero jeu\">\n<div class=\"hero--wrapper\">\n<article><img decoding=\"async\" class=\"img-hero-intermarche\" src=\"https:\/\/www.campings.com\/fr\/content\/wp-content\/uploads\/2025\/04\/mobilhome.png\" alt=\"\" \/><\/p>\n<h1>Partez Gagnant !<\/h1>\n<p class=\"text-intermarche\"><strong>Bonne nouvelle !<\/strong><br \/>\nSuite \u00e0 votre participation au jeu organis\u00e9 par Intermarch\u00e9 entre le 5 et 18 mai 2025, vous avez remport\u00e9* :<br \/>\n\u2022 Soit un code de 10% de r\u00e9duction sur votre s\u00e9jour valable jusqu\u2019\u00e0 la fin de l\u2019ann\u00e9e 2025<br \/>\n\u2022 Soit un s\u00e9jour d\u2019une valeur de 1000 \u20ac<\/p>\n<p class=\"img-logo-intermarche\"><img decoding=\"async\" class=\"\" src=\"https:\/\/assets.campings.com\/assets\/campings\/images\/sponsored-landing\/intermarche\/logo.95a0fccd.svg\" alt=\"Intermarch\u00e9\" \/><\/p>\n<\/article>\n<\/div>\n<\/section>\n<section class=\"lp--section\">\n<article class=\"lp--section-wrapper\">\n<div class=\"lp--section-content\">\n<h2>Comment <strong>en profiter ?<\/strong><\/h2>\n<ol>\n<li>Vous avez re\u00e7u par mail un code unique pour b\u00e9n\u00e9ficier de 10 % de r\u00e9duction sur votre r\u00e9servation de vacances. Munissez-vous <strong>de votre mail<\/strong> , puis s\u00e9lectionnez votre s\u00e9jour sur campings.com\/fr.<br \/>Renseignez votre <strong>code unique dans le champ \u00ab\u00a0Code promo\u00a0\u00bb<\/strong> avant d&rsquo;effectuer le paiement de votre r\u00e9servation sur campings.com\/fr et b\u00e9n\u00e9ficiez instantan\u00e9ment <strong>de 10% de r\u00e9duction<\/strong><\/li>\n<li>Vous avez re\u00e7u par mail un code unique afin de profiter d\u2019un s\u00e9jour d\u2019une valeur de 1000 \u20ac.<br \/>\nMunissez-vous <strong>de votre mail et contactez notre service client au 02 52 36 00 80<\/strong> pour r\u00e9server vos vacances.<br \/>\nLors de l&rsquo;appel, le service client vous demandera votre nom, pr\u00e9nom, adresse mail associ\u00e9s \u00e0 votre carte de fid\u00e9lit\u00e9 <strong>ainsi que votre code de remise unique<\/strong> pour finaliser votre r\u00e9servation.<\/li>\n<\/ol>\n<div style=\"margin:1rem 0; text-align:center;\"> <a style=\"display:inline-block\" class=\"discover-button-link customize-unpreviewable\" href=\"https:\/\/www.campings.com\/fr\/\">J&rsquo;en profite<\/a><\/div>\n<\/div>\n<\/article>\n<div class=\"lp--neutral-box\">\n<h6>O\u00f9 saisir votre code unique intermarch\u00e9 ?<\/h6>\n<p><img loading=\"lazy\" decoding=\"async\" src=\"https:\/\/www.campings.com\/fr\/content\/wp-content\/uploads\/2025\/04\/checkout-inetrmarche.png\" alt=\"O\u00f9 saisir votre code unique intermarch\u00e9 ?\" width=\"428\" height=\"211\" \/><\/p>\n<\/div>\n<\/section>\n<section class=\"lp--section lp--thematic\">\n<article class=\"lp--section-wrapper\">\n<div class=\"lp--section-content\">\n<header>\n<h2><strong>Th\u00e8mes populaires<\/strong> pour vous inspirer<\/h2>\n<p>De nombreuses possibilit\u00e9s de vacances vous attendent !<\/p>\n<\/header>\n<div class=\"thematic--grid\"><a class=\"thematic--link\" href=\"https:\/\/www.campings.com\/fr\/france\/bretagne\" target=\"_blank\" rel=\"noopener\">Campings en Bretagne<\/a><a class=\"thematic--link\" href=\"https:\/\/www.campings.com\/fr\/search\/?product_properties%5B0%5D=kids_club\" target=\"_blank\" rel=\"noopener\">Campings avec club enfant<\/a><a class=\"thematic--link\" href=\"https:\/\/www.campings.com\/fr\/france\/pays-de-la-loire\/vendee\" target=\"_blank\" rel=\"noopener\">Campings en Vend\u00e9e<\/a><a class=\"thematic--link\" href=\"https:\/\/www.campings.com\/fr\/camping-parc-aquatique\" target=\"_blank\" rel=\"noopener\">Campings avec parc aquatique<\/a><a class=\"thematic--link\" href=\"https:\/\/www.campings.com\/fr\/france\/languedoc-roussillon\" target=\"_blank\" rel=\"noopener\">Campings dans le Languedoc-Roussillon<\/a><a class=\"thematic--link\" href=\"https:\/\/www.campings.com\/fr\/search\/?accommodation_flag_properties%5B0%5D=pets_allowed\" target=\"_blank\" rel=\"noopener\">Campings avec animaux accept\u00e9s<\/a><a class=\"thematic--link\" href=\"https:\/\/www.campings.com\/fr\/france\/aquitaine\/landes\" target=\"_blank\" rel=\"noopener\">Campings dans les Landes<\/a><a class=\"thematic--link\" href=\"https:\/\/www.campings.com\/fr\/search\/?product_properties%5B0%5D=covered_pool\" target=\"_blank\" rel=\"noopener\">Campings avec piscine couverte<\/a><\/div>\n<\/div>\n<\/article>\n<\/section>\n<section class=\"lp--section\">\n<article class=\"lp--section-wrapper promo-intermarche\">\n<div class=\"card--intermarche\">\n<div class=\"promo-title\">Vous n&rsquo;avez pas encore la <strong>carte fid\u00e9lit\u00e9 Intermarch\u00e9 ?<\/strong><\/div>\n<p class=\"btn-intermarche-wrapper\"><a class=\"btn-intermarche\" href=\"https:\/\/www.intermarche.com\/avantages-fidelite\" target=\"_blank\" rel=\"noopener\">Voir le programme de fid\u00e9lit\u00e9<\/a><\/p>\n<p class=\"img-promo\" data-type=\"fidelity-card\"><img decoding=\"async\" src=\"https:\/\/www.campings.com\/fr\/content\/wp-content\/uploads\/2025\/04\/card-intermarche.png\" alt=\"\" \/><\/p>\n<\/div>\n<div class=\"card--intermarche\">\n<div class=\"promo-title\">Vous cherchez un <strong>magasin Intermarch\u00e9 ?<\/strong><\/div>\n<p class=\"btn-intermarche-wrapper\"><a class=\"btn-intermarche\" href=\"https:\/\/www.intermarche.com\/enseigne\/services\/application-intermarche\" target=\"_blank\" rel=\"noopener\">T\u00e9l\u00e9charger l&rsquo;application<\/a><\/p>\n<p class=\"img-promo\" data-type=\"mobile-app\"><img decoding=\"async\" src=\"https:\/\/www.campings.com\/fr\/content\/wp-content\/uploads\/2025\/04\/app-intermarche.png\" alt=\"\" \/><\/p>\n<\/div>\n<\/article>\n<\/section>\n<section class=\"lp--section lp--reinsurance\">\n<article class=\"lp--section-wrapper\">\n<div class=\"lp--section-content\">\n<header>\n<h2>Pourquoi choisir <strong>Campings.com<\/strong><\/h2>\n<\/header>\n<div class=\"reinsurance--grid\">\n<div class=\"reinsurance--item\"><img decoding=\"async\" src=\"https:\/\/assets.campings.com\/assets\/campings\/images\/sponsored-landing\/intermarche\/icons\/travel-or.0187f463.svg\" alt=\"\" \/><strong>Travel d&rsquo;Or 2024<\/strong>\u00c9lu meilleure plateforme de r\u00e9servation en ligne 2024<\/div>\n<div class=\"reinsurance--item\"><img decoding=\"async\" src=\"https:\/\/assets.campings.com\/assets\/campings\/images\/sponsored-landing\/intermarche\/icons\/search.abdf2039.svg\" alt=\"\" \/><strong>Le plus grand choix<\/strong>avec plus de 3000 campings r\u00e9f\u00e9renc\u00e9s<\/div>\n<div class=\"reinsurance--item\"><img decoding=\"async\" src=\"https:\/\/assets.campings.com\/assets\/campings\/images\/sponsored-landing\/intermarche\/icons\/label.acf187a0.svg\" alt=\"\" \/><strong>Des prix exclusifs<\/strong>d\u00e8s 99 \u20ac la semaine<\/div>\n<div class=\"reinsurance--item\"><img decoding=\"async\" src=\"https:\/\/assets.campings.com\/assets\/campings\/images\/sponsored-landing\/intermarche\/icons\/comments.dbb879ee.svg\" alt=\"\" \/><strong>Des avis authentiques<\/strong>publi\u00e9es par nos clients<\/div>\n<div class=\"reinsurance--item\"><img decoding=\"async\" src=\"https:\/\/assets.campings.com\/assets\/campings\/images\/sponsored-landing\/intermarche\/icons\/payment-card.12fea154.svg\" alt=\"\" \/><strong>Facilit\u00e9s de paiement<\/strong>r\u00e9glez jusqu\u2019\u00e0 3x sans frais<\/div>\n<\/div>\n<div class=\"reinsurance--help\"><strong>Besoin d&rsquo;aide ?<\/strong> En cas de souci avec votre code, appelez le service client au <strong>02 52 36 00 80<\/strong>, lundi \u00e0 vendredi de 9h \u00e0 19h, et le samedi et dimanche de 10h \u00e0 19h (prix d\u2019un appel local)<\/div>\n<\/div>\n<\/article>\n<\/section>\n<section class=\"lp--section lp--conditions\">\n<article class=\"lp--section-wrapper\">\n<div class=\"lp--section-content\">\n<div>Visuels non contractuels.<\/div>\n<div>\n<p><strong>*Conditions d\u2019obtention du code unique<\/strong><br \/>\nOffre valable lors de la participation au jeu organis\u00e9 par Intermarch\u00e9 entre le 05\/05\/2025 et le 18\/05\/2025 inclus. Un seul code d\u00e9livr\u00e9 au gagnant pendant la p\u00e9riode de l\u2019offre. Conservez bien votre code, aucun code suppl\u00e9mentaire ne vous sera attribu\u00e9. En cas de perte ou vol ou d&rsquo;utilisation par une tierce personne, aucun code de r\u00e9duction unique ne pourra \u00eatre \u00e0 nouveau fourni.<\/p>\n<\/div>\n<div>\n<p><strong>**Conditions d&rsquo;utilisation du code<\/strong><br \/>\nCode de r\u00e9duction unique, donnant droit \u00e0 10% de remise (sans minimum d\u2019achat) ou \u00e0 une remise maximale de 1000\u20ac sur un s\u00e9jour unique, utilisable une seule fois jusqu&rsquo;au 31\/12\/2025, valable uniquement sur campings.com\/fr, sur l\u2019ensemble du catalogue, hors emplacements nus, (toutes destinations en France et \u00e0 l\u2019international), pour un s\u00e9jour en 2025 sur les dates de d\u00e9part et p\u00e9riodes disponibles sur le site et sur le montant de l&rsquo;h\u00e9bergement (hors frais de dossier, assurances, options). Code de r\u00e9duction unique non cumulable avec un autre code promotionnel, cr\u00e9dit voyage ou avec votre code avantage CSE \u00e9ventuel. Offre valable uniquement sur une nouvelle r\u00e9servation, le code de r\u00e9duction unique ne pourra \u00eatre ajout\u00e9 \u00e0 une r\u00e9servation d\u00e9j\u00e0 valid\u00e9e. Offre valable sur les prix barr\u00e9s et ventes flash \u00e9ventuels pr\u00e9sents.<br \/>\nPour les codes de remise maximale de 1000\u20ac sur un s\u00e9jour unique :<br \/>\n&#8211; en cas de r\u00e9servation d&rsquo;un h\u00e9bergement de montant sup\u00e9rieur \u00e0 1000\u20ac, le compl\u00e9ment devra \u00eatre pay\u00e9 par le client<br \/>\n&#8211; en cas de r\u00e9servation d&rsquo;un h\u00e9bergement de montant inf\u00e9rieur \u00e0 1000\u20ac, le montant de l&rsquo;h\u00e9bergement est offert (le reste de la remise non consomm\u00e9e ne sera plus utilisable)<\/p>\n<\/div>\n<\/div>\n<\/article>\n<\/section>\n<\/div>\n","protected":false},"excerpt":{"rendered":"<p>Partez Gagnant ! Bonne nouvelle ! Suite \u00e0 votre participation au jeu organis\u00e9 par Intermarch\u00e9 entre le 5 et 18 mai 2025, vous avez remport\u00e9* : \u2022 Soit un code de 10% de r\u00e9duction sur votre s\u00e9jour valable jusqu\u2019\u00e0 la fin de l\u2019ann\u00e9e 2025 \u2022 Soit un s\u00e9jour d\u2019une valeur de 1000 \u20ac Comment en [&hellip;]<\/p>\n","protected":false},"author":35,"featured_media":0,"parent":0,"menu_order":0,"comment_status":"closed","ping_status":"closed","template":"template-onecolumn.php","meta":{"_acf_changed":false,"footnotes":""},"class_list":["post-5340","page","type-page","status-publish","hentry"],"acf":[],"yoast_head":"<!-- This site is optimized with the Yoast SEO plugin v27.1.1 - https:\/\/yoast.com\/product\/yoast-seo-wordpress\/ -->\n<title>PARTEZ GAGNANT ! -<\/title>\n<meta name=\"robots\" content=\"index, follow, max-snippet:-1, max-image-preview:large, max-video-preview:-1\" \/>\n<link rel=\"canonical\" href=\"https:\/\/www.campings.com\/fr\/content\/jeu-concours-intermarche\/\" \/>\n<meta property=\"og:locale\" content=\"fr_FR\" \/>\n<meta property=\"og:type\" content=\"article\" \/>\n<meta property=\"og:title\" content=\"PARTEZ GAGNANT ! -\" \/>\n<meta property=\"og:description\" content=\"Partez Gagnant ! Bonne nouvelle ! Suite \u00e0 votre participation au jeu organis\u00e9 par Intermarch\u00e9 entre le 5 et 18 mai 2025, vous avez remport\u00e9* : \u2022 Soit un code de 10% de r\u00e9duction sur votre s\u00e9jour valable jusqu\u2019\u00e0 la fin de l\u2019ann\u00e9e 2025 \u2022 Soit un s\u00e9jour d\u2019une valeur de 1000 \u20ac Comment en [&hellip;]\" \/>\n<meta property=\"og:url\" content=\"https:\/\/www.campings.com\/fr\/content\/jeu-concours-intermarche\/\" \/>\n<meta property=\"article:modified_time\" content=\"2025-05-05T08:02:23+00:00\" \/>\n<meta property=\"og:image\" content=\"https:\/\/www.campings.com\/fr\/content\/wp-content\/uploads\/2025\/04\/mobilhome.png\" \/>\n<meta name=\"twitter:card\" content=\"summary_large_image\" \/>\n<meta name=\"twitter:label1\" content=\"Dur\u00e9e de lecture estim\u00e9e\" \/>\n\t<meta name=\"twitter:data1\" content=\"3 minutes\" \/>\n<script type=\"application\/ld+json\" class=\"yoast-schema-graph\">{\"@context\":\"https:\/\/schema.org\",\"@graph\":[{\"@type\":\"WebPage\",\"@id\":\"https:\/\/www.campings.com\/fr\/content\/jeu-concours-intermarche\/\",\"url\":\"https:\/\/www.campings.com\/fr\/content\/jeu-concours-intermarche\/\",\"name\":\"PARTEZ GAGNANT ! -\",\"isPartOf\":{\"@id\":\"https:\/\/www.campings.com\/fr\/content\/#website\"},\"primaryImageOfPage\":{\"@id\":\"https:\/\/www.campings.com\/fr\/content\/jeu-concours-intermarche\/#primaryimage\"},\"image\":{\"@id\":\"https:\/\/www.campings.com\/fr\/content\/jeu-concours-intermarche\/#primaryimage\"},\"thumbnailUrl\":\"https:\/\/www.campings.com\/fr\/content\/wp-content\/uploads\/2025\/04\/mobilhome.png\",\"datePublished\":\"2025-04-29T07:48:58+00:00\",\"dateModified\":\"2025-05-05T08:02:23+00:00\",\"breadcrumb\":{\"@id\":\"https:\/\/www.campings.com\/fr\/content\/jeu-concours-intermarche\/#breadcrumb\"},\"inLanguage\":\"fr-FR\",\"potentialAction\":[{\"@type\":\"ReadAction\",\"target\":[\"https:\/\/www.campings.com\/fr\/content\/jeu-concours-intermarche\/\"]}]},{\"@type\":\"ImageObject\",\"inLanguage\":\"fr-FR\",\"@id\":\"https:\/\/www.campings.com\/fr\/content\/jeu-concours-intermarche\/#primaryimage\",\"url\":\"https:\/\/www.campings.com\/fr\/content\/wp-content\/uploads\/2025\/04\/mobilhome.png\",\"contentUrl\":\"https:\/\/www.campings.com\/fr\/content\/wp-content\/uploads\/2025\/04\/mobilhome.png\",\"width\":500,\"height\":363},{\"@type\":\"BreadcrumbList\",\"@id\":\"https:\/\/www.campings.com\/fr\/content\/jeu-concours-intermarche\/#breadcrumb\",\"itemListElement\":[{\"@type\":\"ListItem\",\"position\":1,\"name\":\"Home\",\"item\":\"https:\/\/www.campings.com\/fr\/content\/\"},{\"@type\":\"ListItem\",\"position\":2,\"name\":\"PARTEZ GAGNANT !\"}]},{\"@type\":\"WebSite\",\"@id\":\"https:\/\/www.campings.com\/fr\/content\/#website\",\"url\":\"https:\/\/www.campings.com\/fr\/content\/\",\"name\":\"\",\"description\":\"\",\"publisher\":{\"@id\":\"https:\/\/www.campings.com\/fr\/content\/#organization\"},\"potentialAction\":[{\"@type\":\"SearchAction\",\"target\":{\"@type\":\"EntryPoint\",\"urlTemplate\":\"https:\/\/www.campings.com\/fr\/content\/?s={search_term_string}\"},\"query-input\":{\"@type\":\"PropertyValueSpecification\",\"valueRequired\":true,\"valueName\":\"search_term_string\"}}],\"inLanguage\":\"fr-FR\"},{\"@type\":\"Organization\",\"@id\":\"https:\/\/www.campings.com\/fr\/content\/#organization\",\"name\":\"CAMPINGS.COM\",\"url\":\"https:\/\/www.campings.com\/fr\/content\/\",\"logo\":{\"@type\":\"ImageObject\",\"inLanguage\":\"fr-FR\",\"@id\":\"https:\/\/www.campings.com\/fr\/content\/#\/schema\/logo\/image\/\",\"url\":\"https:\/\/www.campings.com\/fr\/content\/wp-content\/uploads\/2019\/01\/cropped-logo-1.png\",\"contentUrl\":\"https:\/\/www.campings.com\/fr\/content\/wp-content\/uploads\/2019\/01\/cropped-logo-1.png\",\"width\":174,\"height\":42,\"caption\":\"CAMPINGS.COM\"},\"image\":{\"@id\":\"https:\/\/www.campings.com\/fr\/content\/#\/schema\/logo\/image\/\"}}]}<\/script>\n<!-- \/ Yoast SEO plugin. -->","yoast_head_json":{"title":"PARTEZ GAGNANT ! -","robots":{"index":"index","follow":"follow","max-snippet":"max-snippet:-1","max-image-preview":"max-image-preview:large","max-video-preview":"max-video-preview:-1"},"canonical":"https:\/\/www.campings.com\/fr\/content\/jeu-concours-intermarche\/","og_locale":"fr_FR","og_type":"article","og_title":"PARTEZ GAGNANT ! -","og_description":"Partez Gagnant ! Bonne nouvelle ! Suite \u00e0 votre participation au jeu organis\u00e9 par Intermarch\u00e9 entre le 5 et 18 mai 2025, vous avez remport\u00e9* : \u2022 Soit un code de 10% de r\u00e9duction sur votre s\u00e9jour valable jusqu\u2019\u00e0 la fin de l\u2019ann\u00e9e 2025 \u2022 Soit un s\u00e9jour d\u2019une valeur de 1000 \u20ac Comment en [&hellip;]","og_url":"https:\/\/www.campings.com\/fr\/content\/jeu-concours-intermarche\/","article_modified_time":"2025-05-05T08:02:23+00:00","og_image":[{"url":"https:\/\/www.campings.com\/fr\/content\/wp-content\/uploads\/2025\/04\/mobilhome.png","type":"","width":"","height":""}],"twitter_card":"summary_large_image","twitter_misc":{"Dur\u00e9e de lecture estim\u00e9e":"3 minutes"},"schema":{"@context":"https:\/\/schema.org","@graph":[{"@type":"WebPage","@id":"https:\/\/www.campings.com\/fr\/content\/jeu-concours-intermarche\/","url":"https:\/\/www.campings.com\/fr\/content\/jeu-concours-intermarche\/","name":"PARTEZ GAGNANT ! -","isPartOf":{"@id":"https:\/\/www.campings.com\/fr\/content\/#website"},"primaryImageOfPage":{"@id":"https:\/\/www.campings.com\/fr\/content\/jeu-concours-intermarche\/#primaryimage"},"image":{"@id":"https:\/\/www.campings.com\/fr\/content\/jeu-concours-intermarche\/#primaryimage"},"thumbnailUrl":"https:\/\/www.campings.com\/fr\/content\/wp-content\/uploads\/2025\/04\/mobilhome.png","datePublished":"2025-04-29T07:48:58+00:00","dateModified":"2025-05-05T08:02:23+00:00","breadcrumb":{"@id":"https:\/\/www.campings.com\/fr\/content\/jeu-concours-intermarche\/#breadcrumb"},"inLanguage":"fr-FR","potentialAction":[{"@type":"ReadAction","target":["https:\/\/www.campings.com\/fr\/content\/jeu-concours-intermarche\/"]}]},{"@type":"ImageObject","inLanguage":"fr-FR","@id":"https:\/\/www.campings.com\/fr\/content\/jeu-concours-intermarche\/#primaryimage","url":"https:\/\/www.campings.com\/fr\/content\/wp-content\/uploads\/2025\/04\/mobilhome.png","contentUrl":"https:\/\/www.campings.com\/fr\/content\/wp-content\/uploads\/2025\/04\/mobilhome.png","width":500,"height":363},{"@type":"BreadcrumbList","@id":"https:\/\/www.campings.com\/fr\/content\/jeu-concours-intermarche\/#breadcrumb","itemListElement":[{"@type":"ListItem","position":1,"name":"Home","item":"https:\/\/www.campings.com\/fr\/content\/"},{"@type":"ListItem","position":2,"name":"PARTEZ GAGNANT !"}]},{"@type":"WebSite","@id":"https:\/\/www.campings.com\/fr\/content\/#website","url":"https:\/\/www.campings.com\/fr\/content\/","name":"","description":"","publisher":{"@id":"https:\/\/www.campings.com\/fr\/content\/#organization"},"potentialAction":[{"@type":"SearchAction","target":{"@type":"EntryPoint","urlTemplate":"https:\/\/www.campings.com\/fr\/content\/?s={search_term_string}"},"query-input":{"@type":"PropertyValueSpecification","valueRequired":true,"valueName":"search_term_string"}}],"inLanguage":"fr-FR"},{"@type":"Organization","@id":"https:\/\/www.campings.com\/fr\/content\/#organization","name":"CAMPINGS.COM","url":"https:\/\/www.campings.com\/fr\/content\/","logo":{"@type":"ImageObject","inLanguage":"fr-FR","@id":"https:\/\/www.campings.com\/fr\/content\/#\/schema\/logo\/image\/","url":"https:\/\/www.campings.com\/fr\/content\/wp-content\/uploads\/2019\/01\/cropped-logo-1.png","contentUrl":"https:\/\/www.campings.com\/fr\/content\/wp-content\/uploads\/2019\/01\/cropped-logo-1.png","width":174,"height":42,"caption":"CAMPINGS.COM"},"image":{"@id":"https:\/\/www.campings.com\/fr\/content\/#\/schema\/logo\/image\/"}}]}},"_links":{"self":[{"href":"https:\/\/www.campings.com\/fr\/content\/wp-json\/wp\/v2\/pages\/5340","targetHints":{"allow":["GET"]}}],"collection":[{"href":"https:\/\/www.campings.com\/fr\/content\/wp-json\/wp\/v2\/pages"}],"about":[{"href":"https:\/\/www.campings.com\/fr\/content\/wp-json\/wp\/v2\/types\/page"}],"author":[{"embeddable":true,"href":"https:\/\/www.campings.com\/fr\/content\/wp-json\/wp\/v2\/users\/35"}],"replies":[{"embeddable":true,"href":"https:\/\/www.campings.com\/fr\/content\/wp-json\/wp\/v2\/comments?post=5340"}],"version-history":[{"count":28,"href":"https:\/\/www.campings.com\/fr\/content\/wp-json\/wp\/v2\/pages\/5340\/revisions"}],"predecessor-version":[{"id":5399,"href":"https:\/\/www.campings.com\/fr\/content\/wp-json\/wp\/v2\/pages\/5340\/revisions\/5399"}],"wp:attachment":[{"href":"https:\/\/www.campings.com\/fr\/content\/wp-json\/wp\/v2\/media?parent=5340"}],"curies":[{"name":"wp","href":"https:\/\/api.w.org\/{rel}","templated":true}]}}