{"id":520,"date":"2019-03-25T12:33:58","date_gmt":"2019-03-25T12:33:58","guid":{"rendered":"https:\/\/www.campings.com\/fr\/content\/?page_id=520"},"modified":"2024-12-26T16:28:52","modified_gmt":"2024-12-26T15:28:52","slug":"guide-camping-landes","status":"publish","type":"page","link":"https:\/\/www.campings.com\/fr\/content\/guide-camping-landes\/","title":{"rendered":"Guide Camping Landes"},"content":{"rendered":"<p>Une location de mobil-home dans les Landes. Voil\u00e0 une excellente id\u00e9e pour rompre avec la routine et se ressourcer au coeur d&rsquo;une nature inspirante ! Le temps d&rsquo;un week-end ou de quelques semaines, toutes les dur\u00e9es de s\u00e9jour se pr\u00eatent \u00e0 la d\u00e9couverte des Landes. Faire du v\u00e9lo, partir en randonn\u00e9es, programmer des sorties culturelles : les attractions landaises se suivent et ne se ressemblent pas. Ceux qui choisissent des vacances au camping dans les Landes pourront aussi jouer au golf ou s&rsquo;initier au surf. Le tourisme sportif est particuli\u00e8rement bien d\u00e9velopp\u00e9. Mais le camping dans les Landes, ce sont aussi des villes et des villages remarquables \u00e0 ne surtout pas manquer. Mont-de-Marsan, Moliets, Seignosse, Mimizan, Labenne ou encore Biscarrosse sont s\u00fbrement les plus embl\u00e9matiques du d\u00e9partement. L&rsquo;\u00e9t\u00e9, les Landes vous proposent des march\u00e9 vari\u00e9s tous les jours.<\/p>\n<p>Un endroit incontounable pour d\u00e9couvrir la gastronomie du coin et la ferveur de la vie locale. La gastronomie justement, elle peut se d\u00e9guster aussi directement chez les producteurs. Il y a mille et une raisons de passer ses vacances dans les Landes. En couple, vous pouvez aussi d\u00e9cider d&rsquo;une escapade landaise pour raviver la flamme et prendre soin de vous dans l&rsquo;un des nombreux spas. Terre de traditions, de culture, de nature et de cuisine, les Landes vous propose un voyage unique en son genre qui vous portera de surprise en surprise. Impossible de s&rsquo;ennuyer !<\/p>\n","protected":false},"excerpt":{"rendered":"<p>Une location de mobil-home dans les Landes. Voil\u00e0 une excellente id\u00e9e pour rompre avec la routine et se ressourcer au coeur d&rsquo;une nature inspirante ! Le temps d&rsquo;un week-end ou de quelques semaines, toutes les dur\u00e9es de s\u00e9jour se pr\u00eatent \u00e0 la d\u00e9couverte des Landes. Faire du v\u00e9lo, partir en randonn\u00e9es, programmer des sorties culturelles [&hellip;]<\/p>\n","protected":false},"author":2,"featured_media":954,"parent":0,"menu_order":0,"comment_status":"closed","ping_status":"closed","template":"template-region.php","meta":{"_acf_changed":false,"footnotes":""},"class_list":["post-520","page","type-page","status-publish","has-post-thumbnail","hentry"],"acf":[],"yoast_head":"<!-- This site is optimized with the Yoast SEO plugin v27.1.1 - https:\/\/yoast.com\/product\/yoast-seo-wordpress\/ -->\n<title>Guide Camping Landes -<\/title>\n<meta name=\"robots\" content=\"index, follow, max-snippet:-1, max-image-preview:large, max-video-preview:-1\" \/>\n<link rel=\"canonical\" href=\"https:\/\/www.campings.com\/fr\/content\/guide-camping-landes\/\" \/>\n<meta property=\"og:locale\" content=\"fr_FR\" \/>\n<meta property=\"og:type\" content=\"article\" \/>\n<meta property=\"og:title\" content=\"Guide Camping Landes -\" \/>\n<meta property=\"og:description\" content=\"Une location de mobil-home dans les Landes. Voil\u00e0 une excellente id\u00e9e pour rompre avec la routine et se ressourcer au coeur d&rsquo;une nature inspirante ! Le temps d&rsquo;un week-end ou de quelques semaines, toutes les dur\u00e9es de s\u00e9jour se pr\u00eatent \u00e0 la d\u00e9couverte des Landes. Faire du v\u00e9lo, partir en randonn\u00e9es, programmer des sorties culturelles [&hellip;]\" \/>\n<meta property=\"og:url\" content=\"https:\/\/www.campings.com\/fr\/content\/guide-camping-landes\/\" \/>\n<meta property=\"article:modified_time\" content=\"2024-12-26T15:28:52+00:00\" \/>\n<meta property=\"og:image\" content=\"https:\/\/www.campings.com\/fr\/content\/wp-content\/uploads\/2019\/03\/Landes-1-min.jpg\" \/>\n\t<meta property=\"og:image:width\" content=\"1670\" \/>\n\t<meta property=\"og:image:height\" content=\"650\" \/>\n\t<meta property=\"og:image:type\" content=\"image\/jpeg\" \/>\n<meta name=\"twitter:card\" content=\"summary_large_image\" \/>\n<meta name=\"twitter:label1\" content=\"Dur\u00e9e de lecture estim\u00e9e\" \/>\n\t<meta name=\"twitter:data1\" content=\"1 minute\" \/>\n<script type=\"application\/ld+json\" class=\"yoast-schema-graph\">{\"@context\":\"https:\/\/schema.org\",\"@graph\":[{\"@type\":\"WebPage\",\"@id\":\"https:\/\/www.campings.com\/fr\/content\/guide-camping-landes\/\",\"url\":\"https:\/\/www.campings.com\/fr\/content\/guide-camping-landes\/\",\"name\":\"Guide Camping Landes -\",\"isPartOf\":{\"@id\":\"https:\/\/www.campings.com\/fr\/content\/#website\"},\"primaryImageOfPage\":{\"@id\":\"https:\/\/www.campings.com\/fr\/content\/guide-camping-landes\/#primaryimage\"},\"image\":{\"@id\":\"https:\/\/www.campings.com\/fr\/content\/guide-camping-landes\/#primaryimage\"},\"thumbnailUrl\":\"https:\/\/www.campings.com\/fr\/content\/wp-content\/uploads\/2019\/03\/Landes-1-min.jpg\",\"datePublished\":\"2019-03-25T12:33:58+00:00\",\"dateModified\":\"2024-12-26T15:28:52+00:00\",\"breadcrumb\":{\"@id\":\"https:\/\/www.campings.com\/fr\/content\/guide-camping-landes\/#breadcrumb\"},\"inLanguage\":\"fr-FR\",\"potentialAction\":[{\"@type\":\"ReadAction\",\"target\":[\"https:\/\/www.campings.com\/fr\/content\/guide-camping-landes\/\"]}]},{\"@type\":\"ImageObject\",\"inLanguage\":\"fr-FR\",\"@id\":\"https:\/\/www.campings.com\/fr\/content\/guide-camping-landes\/#primaryimage\",\"url\":\"https:\/\/www.campings.com\/fr\/content\/wp-content\/uploads\/2019\/03\/Landes-1-min.jpg\",\"contentUrl\":\"https:\/\/www.campings.com\/fr\/content\/wp-content\/uploads\/2019\/03\/Landes-1-min.jpg\",\"width\":1670,\"height\":650},{\"@type\":\"BreadcrumbList\",\"@id\":\"https:\/\/www.campings.com\/fr\/content\/guide-camping-landes\/#breadcrumb\",\"itemListElement\":[{\"@type\":\"ListItem\",\"position\":1,\"name\":\"Home\",\"item\":\"https:\/\/www.campings.com\/fr\/content\/\"},{\"@type\":\"ListItem\",\"position\":2,\"name\":\"Guide Camping Landes\"}]},{\"@type\":\"WebSite\",\"@id\":\"https:\/\/www.campings.com\/fr\/content\/#website\",\"url\":\"https:\/\/www.campings.com\/fr\/content\/\",\"name\":\"\",\"description\":\"\",\"publisher\":{\"@id\":\"https:\/\/www.campings.com\/fr\/content\/#organization\"},\"potentialAction\":[{\"@type\":\"SearchAction\",\"target\":{\"@type\":\"EntryPoint\",\"urlTemplate\":\"https:\/\/www.campings.com\/fr\/content\/?s={search_term_string}\"},\"query-input\":{\"@type\":\"PropertyValueSpecification\",\"valueRequired\":true,\"valueName\":\"search_term_string\"}}],\"inLanguage\":\"fr-FR\"},{\"@type\":\"Organization\",\"@id\":\"https:\/\/www.campings.com\/fr\/content\/#organization\",\"name\":\"CAMPINGS.COM\",\"url\":\"https:\/\/www.campings.com\/fr\/content\/\",\"logo\":{\"@type\":\"ImageObject\",\"inLanguage\":\"fr-FR\",\"@id\":\"https:\/\/www.campings.com\/fr\/content\/#\/schema\/logo\/image\/\",\"url\":\"https:\/\/www.campings.com\/fr\/content\/wp-content\/uploads\/2019\/01\/cropped-logo-1.png\",\"contentUrl\":\"https:\/\/www.campings.com\/fr\/content\/wp-content\/uploads\/2019\/01\/cropped-logo-1.png\",\"width\":174,\"height\":42,\"caption\":\"CAMPINGS.COM\"},\"image\":{\"@id\":\"https:\/\/www.campings.com\/fr\/content\/#\/schema\/logo\/image\/\"}}]}<\/script>\n<!-- \/ Yoast SEO plugin. -->","yoast_head_json":{"title":"Guide Camping Landes -","robots":{"index":"index","follow":"follow","max-snippet":"max-snippet:-1","max-image-preview":"max-image-preview:large","max-video-preview":"max-video-preview:-1"},"canonical":"https:\/\/www.campings.com\/fr\/content\/guide-camping-landes\/","og_locale":"fr_FR","og_type":"article","og_title":"Guide Camping Landes -","og_description":"Une location de mobil-home dans les Landes. Voil\u00e0 une excellente id\u00e9e pour rompre avec la routine et se ressourcer au coeur d&rsquo;une nature inspirante ! Le temps d&rsquo;un week-end ou de quelques semaines, toutes les dur\u00e9es de s\u00e9jour se pr\u00eatent \u00e0 la d\u00e9couverte des Landes. Faire du v\u00e9lo, partir en randonn\u00e9es, programmer des sorties culturelles [&hellip;]","og_url":"https:\/\/www.campings.com\/fr\/content\/guide-camping-landes\/","article_modified_time":"2024-12-26T15:28:52+00:00","og_image":[{"width":1670,"height":650,"url":"https:\/\/www.campings.com\/fr\/content\/wp-content\/uploads\/2019\/03\/Landes-1-min.jpg","type":"image\/jpeg"}],"twitter_card":"summary_large_image","twitter_misc":{"Dur\u00e9e de lecture estim\u00e9e":"1 minute"},"schema":{"@context":"https:\/\/schema.org","@graph":[{"@type":"WebPage","@id":"https:\/\/www.campings.com\/fr\/content\/guide-camping-landes\/","url":"https:\/\/www.campings.com\/fr\/content\/guide-camping-landes\/","name":"Guide Camping Landes -","isPartOf":{"@id":"https:\/\/www.campings.com\/fr\/content\/#website"},"primaryImageOfPage":{"@id":"https:\/\/www.campings.com\/fr\/content\/guide-camping-landes\/#primaryimage"},"image":{"@id":"https:\/\/www.campings.com\/fr\/content\/guide-camping-landes\/#primaryimage"},"thumbnailUrl":"https:\/\/www.campings.com\/fr\/content\/wp-content\/uploads\/2019\/03\/Landes-1-min.jpg","datePublished":"2019-03-25T12:33:58+00:00","dateModified":"2024-12-26T15:28:52+00:00","breadcrumb":{"@id":"https:\/\/www.campings.com\/fr\/content\/guide-camping-landes\/#breadcrumb"},"inLanguage":"fr-FR","potentialAction":[{"@type":"ReadAction","target":["https:\/\/www.campings.com\/fr\/content\/guide-camping-landes\/"]}]},{"@type":"ImageObject","inLanguage":"fr-FR","@id":"https:\/\/www.campings.com\/fr\/content\/guide-camping-landes\/#primaryimage","url":"https:\/\/www.campings.com\/fr\/content\/wp-content\/uploads\/2019\/03\/Landes-1-min.jpg","contentUrl":"https:\/\/www.campings.com\/fr\/content\/wp-content\/uploads\/2019\/03\/Landes-1-min.jpg","width":1670,"height":650},{"@type":"BreadcrumbList","@id":"https:\/\/www.campings.com\/fr\/content\/guide-camping-landes\/#breadcrumb","itemListElement":[{"@type":"ListItem","position":1,"name":"Home","item":"https:\/\/www.campings.com\/fr\/content\/"},{"@type":"ListItem","position":2,"name":"Guide Camping Landes"}]},{"@type":"WebSite","@id":"https:\/\/www.campings.com\/fr\/content\/#website","url":"https:\/\/www.campings.com\/fr\/content\/","name":"","description":"","publisher":{"@id":"https:\/\/www.campings.com\/fr\/content\/#organization"},"potentialAction":[{"@type":"SearchAction","target":{"@type":"EntryPoint","urlTemplate":"https:\/\/www.campings.com\/fr\/content\/?s={search_term_string}"},"query-input":{"@type":"PropertyValueSpecification","valueRequired":true,"valueName":"search_term_string"}}],"inLanguage":"fr-FR"},{"@type":"Organization","@id":"https:\/\/www.campings.com\/fr\/content\/#organization","name":"CAMPINGS.COM","url":"https:\/\/www.campings.com\/fr\/content\/","logo":{"@type":"ImageObject","inLanguage":"fr-FR","@id":"https:\/\/www.campings.com\/fr\/content\/#\/schema\/logo\/image\/","url":"https:\/\/www.campings.com\/fr\/content\/wp-content\/uploads\/2019\/01\/cropped-logo-1.png","contentUrl":"https:\/\/www.campings.com\/fr\/content\/wp-content\/uploads\/2019\/01\/cropped-logo-1.png","width":174,"height":42,"caption":"CAMPINGS.COM"},"image":{"@id":"https:\/\/www.campings.com\/fr\/content\/#\/schema\/logo\/image\/"}}]}},"_links":{"self":[{"href":"https:\/\/www.campings.com\/fr\/content\/wp-json\/wp\/v2\/pages\/520","targetHints":{"allow":["GET"]}}],"collection":[{"href":"https:\/\/www.campings.com\/fr\/content\/wp-json\/wp\/v2\/pages"}],"about":[{"href":"https:\/\/www.campings.com\/fr\/content\/wp-json\/wp\/v2\/types\/page"}],"author":[{"embeddable":true,"href":"https:\/\/www.campings.com\/fr\/content\/wp-json\/wp\/v2\/users\/2"}],"replies":[{"embeddable":true,"href":"https:\/\/www.campings.com\/fr\/content\/wp-json\/wp\/v2\/comments?post=520"}],"version-history":[{"count":17,"href":"https:\/\/www.campings.com\/fr\/content\/wp-json\/wp\/v2\/pages\/520\/revisions"}],"predecessor-version":[{"id":4867,"href":"https:\/\/www.campings.com\/fr\/content\/wp-json\/wp\/v2\/pages\/520\/revisions\/4867"}],"wp:featuredmedia":[{"embeddable":true,"href":"https:\/\/www.campings.com\/fr\/content\/wp-json\/wp\/v2\/media\/954"}],"wp:attachment":[{"href":"https:\/\/www.campings.com\/fr\/content\/wp-json\/wp\/v2\/media?parent=520"}],"curies":[{"name":"wp","href":"https:\/\/api.w.org\/{rel}","templated":true}]}}