{"id":503,"date":"2019-03-25T11:32:52","date_gmt":"2019-03-25T11:32:52","guid":{"rendered":"https:\/\/www.campings.com\/fr\/content\/?page_id=503"},"modified":"2024-12-09T23:07:13","modified_gmt":"2024-12-09T22:07:13","slug":"guide-camping-cote-darmor","status":"publish","type":"page","link":"https:\/\/www.campings.com\/fr\/content\/guide-camping-cote-darmor\/","title":{"rendered":"Guide Camping C\u00f4tes d&rsquo;Armor"},"content":{"rendered":"<p>Passer ses vacances en C\u00f4te d\u2019Armor&#8230; rien de tel pour prendre un bon bol d\u2019air marin, se balader en bord de mer, visiter des lieux magiques ! Amateurs de bateaux, de randonn\u00e9es, de gastronomie ou encore de patrimoine culturel, la C\u00f4te d\u2019Armor vous ouvre les bras.<\/p>\n<p>Amoureux d\u2019histoire ancienne, passer des vacances en camping en C\u00f4te d\u2019Armor sera pour vous un excellent choix : la r\u00e9gion regorge en effet de sites m\u00e9galithiques, temples gallo-romains, ch\u00e2teaux m\u00e9di\u00e9vaux et Cit\u00e9s de caract\u00e8re !<\/p>\n<p>Amis de la nature, la C\u00f4te d\u2019Armor est \u00e9galement faite pour vous. Mariant une partie bois\u00e9e et une partie littorale, la C\u00f4te d\u2019Armor offre des randonn\u00e9es mythiques, parfois myst\u00e9rieuses quand elles partent, comme au Chaos du Gou\u00ebt, \u00e0 la rencontre du fleuve courant au milieu des blocs de granit, ou encore sublimes quand elles cheminent, comme au Cap Fr\u00e9hel, en bord de c\u00f4te, surplombant la falaise. En camping en C\u00f4te d\u2019Armor, vous pourrez ainsi partir \u00e0 la d\u00e9couverte de paysages d\u2019une grande vari\u00e9t\u00e9 et vous r\u00e9galer les yeux.<\/p>\n<p>Amateurs de mer, d\u2019iode, de balades en bateaux et de coquillages, vous serez aussi combl\u00e9s. Thalasso, randonn\u00e9es sur la plage, fruits de mer vous attendent. Vous pourrez \u00e9galement faire de nombreuses activit\u00e9s sportives, telles qu voile, plong\u00e9e, kayak de mer ou encore char \u00e0 voile. Sous la tente, ou en location de mobile-home, rien de mieux que les campings de C\u00f4te d\u2019Armor pour des vacances r\u00e9ussies !<\/p>\n","protected":false},"excerpt":{"rendered":"<p>Passer ses vacances en C\u00f4te d\u2019Armor&#8230; rien de tel pour prendre un bon bol d\u2019air marin, se balader en bord de mer, visiter des lieux magiques ! Amateurs de bateaux, de randonn\u00e9es, de gastronomie ou encore de patrimoine culturel, la C\u00f4te d\u2019Armor vous ouvre les bras. Amoureux d\u2019histoire ancienne, passer des vacances en camping en [&hellip;]<\/p>\n","protected":false},"author":2,"featured_media":896,"parent":0,"menu_order":0,"comment_status":"closed","ping_status":"closed","template":"template-region.php","meta":{"_acf_changed":false,"footnotes":""},"class_list":["post-503","page","type-page","status-publish","has-post-thumbnail","hentry"],"acf":[],"yoast_head":"<!-- This site is optimized with the Yoast SEO plugin v27.1.1 - https:\/\/yoast.com\/product\/yoast-seo-wordpress\/ -->\n<title>Guide Camping C\u00f4tes d&#039;Armor -<\/title>\n<meta name=\"robots\" content=\"index, follow, max-snippet:-1, max-image-preview:large, max-video-preview:-1\" \/>\n<link rel=\"canonical\" href=\"https:\/\/www.campings.com\/fr\/content\/guide-camping-cote-darmor\/\" \/>\n<meta property=\"og:locale\" content=\"fr_FR\" \/>\n<meta property=\"og:type\" content=\"article\" \/>\n<meta property=\"og:title\" content=\"Guide Camping C\u00f4tes d&#039;Armor -\" \/>\n<meta property=\"og:description\" content=\"Passer ses vacances en C\u00f4te d\u2019Armor&#8230; rien de tel pour prendre un bon bol d\u2019air marin, se balader en bord de mer, visiter des lieux magiques ! Amateurs de bateaux, de randonn\u00e9es, de gastronomie ou encore de patrimoine culturel, la C\u00f4te d\u2019Armor vous ouvre les bras. Amoureux d\u2019histoire ancienne, passer des vacances en camping en [&hellip;]\" \/>\n<meta property=\"og:url\" content=\"https:\/\/www.campings.com\/fr\/content\/guide-camping-cote-darmor\/\" \/>\n<meta property=\"article:modified_time\" content=\"2024-12-09T22:07:13+00:00\" \/>\n<meta property=\"og:image\" content=\"https:\/\/www.campings.com\/fr\/content\/wp-content\/uploads\/2019\/03\/C\u00f4tes-darmor.jpg\" \/>\n\t<meta property=\"og:image:width\" content=\"1670\" \/>\n\t<meta property=\"og:image:height\" content=\"650\" \/>\n\t<meta property=\"og:image:type\" content=\"image\/jpeg\" \/>\n<meta name=\"twitter:card\" content=\"summary_large_image\" \/>\n<meta name=\"twitter:label1\" content=\"Dur\u00e9e de lecture estim\u00e9e\" \/>\n\t<meta name=\"twitter:data1\" content=\"1 minute\" \/>\n<script type=\"application\/ld+json\" class=\"yoast-schema-graph\">{\"@context\":\"https:\/\/schema.org\",\"@graph\":[{\"@type\":\"WebPage\",\"@id\":\"https:\/\/www.campings.com\/fr\/content\/guide-camping-cote-darmor\/\",\"url\":\"https:\/\/www.campings.com\/fr\/content\/guide-camping-cote-darmor\/\",\"name\":\"Guide Camping C\u00f4tes d'Armor -\",\"isPartOf\":{\"@id\":\"https:\/\/www.campings.com\/fr\/content\/#website\"},\"primaryImageOfPage\":{\"@id\":\"https:\/\/www.campings.com\/fr\/content\/guide-camping-cote-darmor\/#primaryimage\"},\"image\":{\"@id\":\"https:\/\/www.campings.com\/fr\/content\/guide-camping-cote-darmor\/#primaryimage\"},\"thumbnailUrl\":\"https:\/\/www.campings.com\/fr\/content\/wp-content\/uploads\/2019\/03\/C\u00f4tes-darmor.jpg\",\"datePublished\":\"2019-03-25T11:32:52+00:00\",\"dateModified\":\"2024-12-09T22:07:13+00:00\",\"breadcrumb\":{\"@id\":\"https:\/\/www.campings.com\/fr\/content\/guide-camping-cote-darmor\/#breadcrumb\"},\"inLanguage\":\"fr-FR\",\"potentialAction\":[{\"@type\":\"ReadAction\",\"target\":[\"https:\/\/www.campings.com\/fr\/content\/guide-camping-cote-darmor\/\"]}]},{\"@type\":\"ImageObject\",\"inLanguage\":\"fr-FR\",\"@id\":\"https:\/\/www.campings.com\/fr\/content\/guide-camping-cote-darmor\/#primaryimage\",\"url\":\"https:\/\/www.campings.com\/fr\/content\/wp-content\/uploads\/2019\/03\/C\u00f4tes-darmor.jpg\",\"contentUrl\":\"https:\/\/www.campings.com\/fr\/content\/wp-content\/uploads\/2019\/03\/C\u00f4tes-darmor.jpg\",\"width\":1670,\"height\":650},{\"@type\":\"BreadcrumbList\",\"@id\":\"https:\/\/www.campings.com\/fr\/content\/guide-camping-cote-darmor\/#breadcrumb\",\"itemListElement\":[{\"@type\":\"ListItem\",\"position\":1,\"name\":\"Home\",\"item\":\"https:\/\/www.campings.com\/fr\/content\/\"},{\"@type\":\"ListItem\",\"position\":2,\"name\":\"Guide Camping C\u00f4tes d&rsquo;Armor\"}]},{\"@type\":\"WebSite\",\"@id\":\"https:\/\/www.campings.com\/fr\/content\/#website\",\"url\":\"https:\/\/www.campings.com\/fr\/content\/\",\"name\":\"\",\"description\":\"\",\"publisher\":{\"@id\":\"https:\/\/www.campings.com\/fr\/content\/#organization\"},\"potentialAction\":[{\"@type\":\"SearchAction\",\"target\":{\"@type\":\"EntryPoint\",\"urlTemplate\":\"https:\/\/www.campings.com\/fr\/content\/?s={search_term_string}\"},\"query-input\":{\"@type\":\"PropertyValueSpecification\",\"valueRequired\":true,\"valueName\":\"search_term_string\"}}],\"inLanguage\":\"fr-FR\"},{\"@type\":\"Organization\",\"@id\":\"https:\/\/www.campings.com\/fr\/content\/#organization\",\"name\":\"CAMPINGS.COM\",\"url\":\"https:\/\/www.campings.com\/fr\/content\/\",\"logo\":{\"@type\":\"ImageObject\",\"inLanguage\":\"fr-FR\",\"@id\":\"https:\/\/www.campings.com\/fr\/content\/#\/schema\/logo\/image\/\",\"url\":\"https:\/\/www.campings.com\/fr\/content\/wp-content\/uploads\/2019\/01\/cropped-logo-1.png\",\"contentUrl\":\"https:\/\/www.campings.com\/fr\/content\/wp-content\/uploads\/2019\/01\/cropped-logo-1.png\",\"width\":174,\"height\":42,\"caption\":\"CAMPINGS.COM\"},\"image\":{\"@id\":\"https:\/\/www.campings.com\/fr\/content\/#\/schema\/logo\/image\/\"}}]}<\/script>\n<!-- \/ Yoast SEO plugin. -->","yoast_head_json":{"title":"Guide Camping C\u00f4tes d'Armor -","robots":{"index":"index","follow":"follow","max-snippet":"max-snippet:-1","max-image-preview":"max-image-preview:large","max-video-preview":"max-video-preview:-1"},"canonical":"https:\/\/www.campings.com\/fr\/content\/guide-camping-cote-darmor\/","og_locale":"fr_FR","og_type":"article","og_title":"Guide Camping C\u00f4tes d'Armor -","og_description":"Passer ses vacances en C\u00f4te d\u2019Armor&#8230; rien de tel pour prendre un bon bol d\u2019air marin, se balader en bord de mer, visiter des lieux magiques ! Amateurs de bateaux, de randonn\u00e9es, de gastronomie ou encore de patrimoine culturel, la C\u00f4te d\u2019Armor vous ouvre les bras. Amoureux d\u2019histoire ancienne, passer des vacances en camping en [&hellip;]","og_url":"https:\/\/www.campings.com\/fr\/content\/guide-camping-cote-darmor\/","article_modified_time":"2024-12-09T22:07:13+00:00","og_image":[{"width":1670,"height":650,"url":"https:\/\/www.campings.com\/fr\/content\/wp-content\/uploads\/2019\/03\/C\u00f4tes-darmor.jpg","type":"image\/jpeg"}],"twitter_card":"summary_large_image","twitter_misc":{"Dur\u00e9e de lecture estim\u00e9e":"1 minute"},"schema":{"@context":"https:\/\/schema.org","@graph":[{"@type":"WebPage","@id":"https:\/\/www.campings.com\/fr\/content\/guide-camping-cote-darmor\/","url":"https:\/\/www.campings.com\/fr\/content\/guide-camping-cote-darmor\/","name":"Guide Camping C\u00f4tes d'Armor -","isPartOf":{"@id":"https:\/\/www.campings.com\/fr\/content\/#website"},"primaryImageOfPage":{"@id":"https:\/\/www.campings.com\/fr\/content\/guide-camping-cote-darmor\/#primaryimage"},"image":{"@id":"https:\/\/www.campings.com\/fr\/content\/guide-camping-cote-darmor\/#primaryimage"},"thumbnailUrl":"https:\/\/www.campings.com\/fr\/content\/wp-content\/uploads\/2019\/03\/C\u00f4tes-darmor.jpg","datePublished":"2019-03-25T11:32:52+00:00","dateModified":"2024-12-09T22:07:13+00:00","breadcrumb":{"@id":"https:\/\/www.campings.com\/fr\/content\/guide-camping-cote-darmor\/#breadcrumb"},"inLanguage":"fr-FR","potentialAction":[{"@type":"ReadAction","target":["https:\/\/www.campings.com\/fr\/content\/guide-camping-cote-darmor\/"]}]},{"@type":"ImageObject","inLanguage":"fr-FR","@id":"https:\/\/www.campings.com\/fr\/content\/guide-camping-cote-darmor\/#primaryimage","url":"https:\/\/www.campings.com\/fr\/content\/wp-content\/uploads\/2019\/03\/C\u00f4tes-darmor.jpg","contentUrl":"https:\/\/www.campings.com\/fr\/content\/wp-content\/uploads\/2019\/03\/C\u00f4tes-darmor.jpg","width":1670,"height":650},{"@type":"BreadcrumbList","@id":"https:\/\/www.campings.com\/fr\/content\/guide-camping-cote-darmor\/#breadcrumb","itemListElement":[{"@type":"ListItem","position":1,"name":"Home","item":"https:\/\/www.campings.com\/fr\/content\/"},{"@type":"ListItem","position":2,"name":"Guide Camping C\u00f4tes d&rsquo;Armor"}]},{"@type":"WebSite","@id":"https:\/\/www.campings.com\/fr\/content\/#website","url":"https:\/\/www.campings.com\/fr\/content\/","name":"","description":"","publisher":{"@id":"https:\/\/www.campings.com\/fr\/content\/#organization"},"potentialAction":[{"@type":"SearchAction","target":{"@type":"EntryPoint","urlTemplate":"https:\/\/www.campings.com\/fr\/content\/?s={search_term_string}"},"query-input":{"@type":"PropertyValueSpecification","valueRequired":true,"valueName":"search_term_string"}}],"inLanguage":"fr-FR"},{"@type":"Organization","@id":"https:\/\/www.campings.com\/fr\/content\/#organization","name":"CAMPINGS.COM","url":"https:\/\/www.campings.com\/fr\/content\/","logo":{"@type":"ImageObject","inLanguage":"fr-FR","@id":"https:\/\/www.campings.com\/fr\/content\/#\/schema\/logo\/image\/","url":"https:\/\/www.campings.com\/fr\/content\/wp-content\/uploads\/2019\/01\/cropped-logo-1.png","contentUrl":"https:\/\/www.campings.com\/fr\/content\/wp-content\/uploads\/2019\/01\/cropped-logo-1.png","width":174,"height":42,"caption":"CAMPINGS.COM"},"image":{"@id":"https:\/\/www.campings.com\/fr\/content\/#\/schema\/logo\/image\/"}}]}},"_links":{"self":[{"href":"https:\/\/www.campings.com\/fr\/content\/wp-json\/wp\/v2\/pages\/503","targetHints":{"allow":["GET"]}}],"collection":[{"href":"https:\/\/www.campings.com\/fr\/content\/wp-json\/wp\/v2\/pages"}],"about":[{"href":"https:\/\/www.campings.com\/fr\/content\/wp-json\/wp\/v2\/types\/page"}],"author":[{"embeddable":true,"href":"https:\/\/www.campings.com\/fr\/content\/wp-json\/wp\/v2\/users\/2"}],"replies":[{"embeddable":true,"href":"https:\/\/www.campings.com\/fr\/content\/wp-json\/wp\/v2\/comments?post=503"}],"version-history":[{"count":12,"href":"https:\/\/www.campings.com\/fr\/content\/wp-json\/wp\/v2\/pages\/503\/revisions"}],"predecessor-version":[{"id":4856,"href":"https:\/\/www.campings.com\/fr\/content\/wp-json\/wp\/v2\/pages\/503\/revisions\/4856"}],"wp:featuredmedia":[{"embeddable":true,"href":"https:\/\/www.campings.com\/fr\/content\/wp-json\/wp\/v2\/media\/896"}],"wp:attachment":[{"href":"https:\/\/www.campings.com\/fr\/content\/wp-json\/wp\/v2\/media?parent=503"}],"curies":[{"name":"wp","href":"https:\/\/api.w.org\/{rel}","templated":true}]}}