{"id":4874,"date":"2025-01-28T10:06:03","date_gmt":"2025-01-28T09:06:03","guid":{"rendered":"https:\/\/www.campings.com\/fr\/content\/?page_id=4874"},"modified":"2026-01-16T16:12:14","modified_gmt":"2026-01-16T15:12:14","slug":"credit-voyage","status":"publish","type":"page","link":"https:\/\/www.campings.com\/fr\/content\/credit-voyage\/","title":{"rendered":"<span style=\"display:none;\">Faites des \u00e9conomies avec le cr\u00e9dit voyage<\/span>"},"content":{"rendered":"<div class=\"lp-cc\">\n<section class=\"lp--br-hero\">\n<div class=\"trademark\"><\/div>\n<div class=\"hero--wrapper\">\n<article>\n<h2>Faites des \u00e9conomies avec le <strong>cr\u00e9dit voyage<\/strong>.<\/h2>\n<p>Profitez d\u2019un remboursement exclusif de 10 % sous forme de cr\u00e9dit voyage \u00e0 chaque r\u00e9servation effectu\u00e9e sur Campings.com.<\/p>\n<p>C\u2019est simple et avantageux !<\/p>\n<\/article>\n<\/div>\n<\/section>\n<section class=\"lp--section\">\n<article class=\"lp--section-wrapper lp--br-hiw\">\n<div class=\"lp--section-content\">\n<h2>Comment \u00e7a <strong>marche ?<\/strong><\/h2>\n<p>Apr\u00e8s avoir confirm\u00e9 votre r\u00e9servation, recevez instantan\u00e9ment par email un cr\u00e9dit voyage sous forme de bon d\u2019achat \u00e9quivalent \u00e0 :<\/p>\n<div class=\"lp--br-hiw-wrapper\">\n<ul>\n<li>Vous r\u00e9servez aujourd\u2019hui un s\u00e9jour d\u2019un montant de\u00a0890\u20ac<\/li>\n<li>Vous recevez un email contenant votre\u00a0cr\u00e9dit voyage d\u2019un montant de 89\u20ac<\/li>\n<li>Vous pouvez utiliser votre cr\u00e9dit voyage\u00a0lors de votre prochaine r\u00e9servation*<\/li>\n<\/ul>\n<div class=\"lp--br-ticket\">\n<div class=\"percent\"><img decoding=\"async\" src=\"https:\/\/www.campings.com\/fr\/content\/wp-content\/uploads\/2025\/01\/10percent-ticket.png\" alt=\"\" \/><\/div>\n<div class=\"text\">du montant de votre r\u00e9servation initiale<\/div>\n<\/div>\n<\/div>\n<\/div>\n<\/article>\n<\/section>\n<section class=\"lp--section lp--br-htu lp--thematic\">\n<article class=\"lp--section-wrapper\">\n<div class=\"lp--section-content\">\n<header>\n<h2><strong>Comment utiliser<\/strong> le cr\u00e9dit voyage ?<\/h2>\n<\/header>\n<p>Pour utiliser votre cr\u00e9dit voyage sur votre prochaine r\u00e9servation, suivez les \u00e9tapes ci-dessous.<\/p>\n<div class=\"lp--br-htu--steps-wrapper\">\n<div class=\"lp--br-htu--step\"><img decoding=\"async\" src=\"https:\/\/www.campings.com\/fr\/content\/wp-content\/uploads\/2025\/01\/br-htu-1.png\" \/><\/p>\n<p>Cliquez sur <strong>R\u00e9server<\/strong> sur l&rsquo;h\u00e9bergement choisi<\/p>\n<\/div>\n<div class=\"lp--br-htu--step\"><img decoding=\"async\" src=\"https:\/\/www.campings.com\/fr\/content\/wp-content\/uploads\/2025\/01\/br-htu-2.png\" \/><\/p>\n<p>Dans le formulaire de coordonn\u00e9es, indiquez votre <strong>adresse email<\/strong><\/p>\n<\/div>\n<div class=\"lp--br-htu--step\"><img decoding=\"async\" src=\"https:\/\/www.campings.com\/fr\/content\/wp-content\/uploads\/2025\/01\/br-htu-30.png\" \/><\/p>\n<p>Dans le champ cr\u00e9dit voyage, indiquez <strong>le code de votre cr\u00e9dit voyage<\/strong><\/p>\n<\/div>\n<\/div>\n<\/div>\n<\/article>\n<\/section>\n<section class=\"lp--section\">\n<article class=\"lp--section-wrapper lp--section-wrapper--cgu\">\n<div class=\"lp--section-content\">\n<p><strong>Conditions d&rsquo;utilisation<\/strong><\/p>\n<p>Le cr\u00e9dit voyage est sous forme de bon d\u2019achat, il ne peut exc\u00e9der un montant de 150\u20ac et est utilisable en une seule fois.<br \/>\nLe cr\u00e9dit voyage est valable sur notre site internet \u00e0 partir du lendemain du dernier jour de votre s\u00e9jour initialement r\u00e9serv\u00e9 et pour une dur\u00e9e de 12 mois. Le cr\u00e9dit voyage est utilisable sur des dates de s\u00e9jour du lendemain du dernier jour de votre s\u00e9jour initialement et sur une p\u00e9riode de 18 mois.<br \/>\nLe cr\u00e9dit voyage est non cumulable avec d\u2019autre cr\u00e9dit voyage ou code promotionnel.\u2028Le montant du cr\u00e9dit voyage g\u00e9n\u00e9r\u00e9 est calcul\u00e9 \u00e0 partir du montant de l&rsquo;h\u00e9bergement (hors frais de dossier, assurance, frais de traitement ou option).<br \/>\nLe nouveau s\u00e9jour r\u00e9serv\u00e9 gr\u00e2ce \u00e0 votre cr\u00e9dit voyage doit avoir un montant au minimum 5 fois sup\u00e9rieur \u00e0 la valeur du cr\u00e9dit voyage.<br \/>\nEn cas d\u2019annulation de la r\u00e9servation effectu\u00e9e avec le cr\u00e9dit voyage, le cr\u00e9dit voyage ne sera pas recr\u00e9dit\u00e9, sera perdu et ne sera pas rembours\u00e9.\u2028La r\u00e9servation d\u2019emplacement pour tente, caravane ou camping-car n\u2019est pas \u00e9ligible \u00e0 l\u2019obtention ni \u00e0 l\u2019utilisation d\u2019un cr\u00e9dit voyage.<\/p>\n<\/div>\n<\/article>\n<\/section>\n<\/div>\n","protected":false},"excerpt":{"rendered":"<p>Faites des \u00e9conomies avec le cr\u00e9dit voyage. Profitez d\u2019un remboursement exclusif de 10 % sous forme de cr\u00e9dit voyage \u00e0 chaque r\u00e9servation effectu\u00e9e sur Campings.com. C\u2019est simple et avantageux ! Comment \u00e7a marche ? Apr\u00e8s avoir confirm\u00e9 votre r\u00e9servation, recevez instantan\u00e9ment par email un cr\u00e9dit voyage sous forme de bon d\u2019achat \u00e9quivalent \u00e0 : Vous [&hellip;]<\/p>\n","protected":false},"author":35,"featured_media":0,"parent":0,"menu_order":0,"comment_status":"closed","ping_status":"closed","template":"template-onecolumn.php","meta":{"_acf_changed":false,"footnotes":""},"class_list":["post-4874","page","type-page","status-publish","hentry"],"acf":[],"yoast_head":"<!-- This site is optimized with the Yoast SEO plugin v27.1.1 - https:\/\/yoast.com\/product\/yoast-seo-wordpress\/ -->\n<title>Faites des \u00e9conomies avec le cr\u00e9dit voyage -<\/title>\n<meta name=\"description\" content=\"Re\u00e7ois automatiquement un remboursement de 10% sous forme de cr\u00e9dit voyage pour toute r\u00e9servation r\u00e9alis\u00e9e via Campings.com. Prodfites-en pour ta prochaine r\u00e9servation!\" \/>\n<meta name=\"robots\" content=\"index, follow, max-snippet:-1, max-image-preview:large, max-video-preview:-1\" \/>\n<link rel=\"canonical\" href=\"https:\/\/www.campings.com\/fr\/content\/credit-voyage\/\" \/>\n<meta property=\"og:locale\" content=\"fr_FR\" \/>\n<meta property=\"og:type\" content=\"article\" \/>\n<meta property=\"og:title\" content=\"Faites des \u00e9conomies avec le cr\u00e9dit voyage -\" \/>\n<meta property=\"og:description\" content=\"Re\u00e7ois automatiquement un remboursement de 10% sous forme de cr\u00e9dit voyage pour toute r\u00e9servation r\u00e9alis\u00e9e via Campings.com. Prodfites-en pour ta prochaine r\u00e9servation!\" \/>\n<meta property=\"og:url\" content=\"https:\/\/www.campings.com\/fr\/content\/credit-voyage\/\" \/>\n<meta property=\"article:modified_time\" content=\"2026-01-16T15:12:14+00:00\" \/>\n<meta property=\"og:image\" content=\"https:\/\/www.campings.com\/fr\/content\/wp-content\/uploads\/2025\/01\/10percent-ticket.png\" \/>\n<meta name=\"twitter:card\" content=\"summary_large_image\" \/>\n<meta name=\"twitter:label1\" content=\"Dur\u00e9e de lecture estim\u00e9e\" \/>\n\t<meta name=\"twitter:data1\" content=\"2 minutes\" \/>\n<script type=\"application\/ld+json\" class=\"yoast-schema-graph\">{\"@context\":\"https:\/\/schema.org\",\"@graph\":[{\"@type\":\"WebPage\",\"@id\":\"https:\/\/www.campings.com\/fr\/content\/credit-voyage\/\",\"url\":\"https:\/\/www.campings.com\/fr\/content\/credit-voyage\/\",\"name\":\"Faites des \u00e9conomies avec le cr\u00e9dit voyage -\",\"isPartOf\":{\"@id\":\"https:\/\/www.campings.com\/fr\/content\/#website\"},\"primaryImageOfPage\":{\"@id\":\"https:\/\/www.campings.com\/fr\/content\/credit-voyage\/#primaryimage\"},\"image\":{\"@id\":\"https:\/\/www.campings.com\/fr\/content\/credit-voyage\/#primaryimage\"},\"thumbnailUrl\":\"https:\/\/www.campings.com\/fr\/content\/wp-content\/uploads\/2025\/01\/10percent-ticket.png\",\"datePublished\":\"2025-01-28T09:06:03+00:00\",\"dateModified\":\"2026-01-16T15:12:14+00:00\",\"description\":\"Re\u00e7ois automatiquement un remboursement de 10% sous forme de cr\u00e9dit voyage pour toute r\u00e9servation r\u00e9alis\u00e9e via Campings.com. Prodfites-en pour ta prochaine r\u00e9servation!\",\"breadcrumb\":{\"@id\":\"https:\/\/www.campings.com\/fr\/content\/credit-voyage\/#breadcrumb\"},\"inLanguage\":\"fr-FR\",\"potentialAction\":[{\"@type\":\"ReadAction\",\"target\":[\"https:\/\/www.campings.com\/fr\/content\/credit-voyage\/\"]}]},{\"@type\":\"ImageObject\",\"inLanguage\":\"fr-FR\",\"@id\":\"https:\/\/www.campings.com\/fr\/content\/credit-voyage\/#primaryimage\",\"url\":\"https:\/\/www.campings.com\/fr\/content\/wp-content\/uploads\/2025\/01\/10percent-ticket.png\",\"contentUrl\":\"https:\/\/www.campings.com\/fr\/content\/wp-content\/uploads\/2025\/01\/10percent-ticket.png\",\"width\":144,\"height\":144},{\"@type\":\"BreadcrumbList\",\"@id\":\"https:\/\/www.campings.com\/fr\/content\/credit-voyage\/#breadcrumb\",\"itemListElement\":[{\"@type\":\"ListItem\",\"position\":1,\"name\":\"Home\",\"item\":\"https:\/\/www.campings.com\/fr\/content\/\"},{\"@type\":\"ListItem\",\"position\":2,\"name\":\"Faites des \u00e9conomies avec le cr\u00e9dit voyage\"}]},{\"@type\":\"WebSite\",\"@id\":\"https:\/\/www.campings.com\/fr\/content\/#website\",\"url\":\"https:\/\/www.campings.com\/fr\/content\/\",\"name\":\"\",\"description\":\"\",\"publisher\":{\"@id\":\"https:\/\/www.campings.com\/fr\/content\/#organization\"},\"potentialAction\":[{\"@type\":\"SearchAction\",\"target\":{\"@type\":\"EntryPoint\",\"urlTemplate\":\"https:\/\/www.campings.com\/fr\/content\/?s={search_term_string}\"},\"query-input\":{\"@type\":\"PropertyValueSpecification\",\"valueRequired\":true,\"valueName\":\"search_term_string\"}}],\"inLanguage\":\"fr-FR\"},{\"@type\":\"Organization\",\"@id\":\"https:\/\/www.campings.com\/fr\/content\/#organization\",\"name\":\"CAMPINGS.COM\",\"url\":\"https:\/\/www.campings.com\/fr\/content\/\",\"logo\":{\"@type\":\"ImageObject\",\"inLanguage\":\"fr-FR\",\"@id\":\"https:\/\/www.campings.com\/fr\/content\/#\/schema\/logo\/image\/\",\"url\":\"https:\/\/www.campings.com\/fr\/content\/wp-content\/uploads\/2019\/01\/cropped-logo-1.png\",\"contentUrl\":\"https:\/\/www.campings.com\/fr\/content\/wp-content\/uploads\/2019\/01\/cropped-logo-1.png\",\"width\":174,\"height\":42,\"caption\":\"CAMPINGS.COM\"},\"image\":{\"@id\":\"https:\/\/www.campings.com\/fr\/content\/#\/schema\/logo\/image\/\"}}]}<\/script>\n<!-- \/ Yoast SEO plugin. -->","yoast_head_json":{"title":"Faites des \u00e9conomies avec le cr\u00e9dit voyage -","description":"Re\u00e7ois automatiquement un remboursement de 10% sous forme de cr\u00e9dit voyage pour toute r\u00e9servation r\u00e9alis\u00e9e via Campings.com. Prodfites-en pour ta prochaine r\u00e9servation!","robots":{"index":"index","follow":"follow","max-snippet":"max-snippet:-1","max-image-preview":"max-image-preview:large","max-video-preview":"max-video-preview:-1"},"canonical":"https:\/\/www.campings.com\/fr\/content\/credit-voyage\/","og_locale":"fr_FR","og_type":"article","og_title":"Faites des \u00e9conomies avec le cr\u00e9dit voyage -","og_description":"Re\u00e7ois automatiquement un remboursement de 10% sous forme de cr\u00e9dit voyage pour toute r\u00e9servation r\u00e9alis\u00e9e via Campings.com. Prodfites-en pour ta prochaine r\u00e9servation!","og_url":"https:\/\/www.campings.com\/fr\/content\/credit-voyage\/","article_modified_time":"2026-01-16T15:12:14+00:00","og_image":[{"url":"https:\/\/www.campings.com\/fr\/content\/wp-content\/uploads\/2025\/01\/10percent-ticket.png","type":"","width":"","height":""}],"twitter_card":"summary_large_image","twitter_misc":{"Dur\u00e9e de lecture estim\u00e9e":"2 minutes"},"schema":{"@context":"https:\/\/schema.org","@graph":[{"@type":"WebPage","@id":"https:\/\/www.campings.com\/fr\/content\/credit-voyage\/","url":"https:\/\/www.campings.com\/fr\/content\/credit-voyage\/","name":"Faites des \u00e9conomies avec le cr\u00e9dit voyage -","isPartOf":{"@id":"https:\/\/www.campings.com\/fr\/content\/#website"},"primaryImageOfPage":{"@id":"https:\/\/www.campings.com\/fr\/content\/credit-voyage\/#primaryimage"},"image":{"@id":"https:\/\/www.campings.com\/fr\/content\/credit-voyage\/#primaryimage"},"thumbnailUrl":"https:\/\/www.campings.com\/fr\/content\/wp-content\/uploads\/2025\/01\/10percent-ticket.png","datePublished":"2025-01-28T09:06:03+00:00","dateModified":"2026-01-16T15:12:14+00:00","description":"Re\u00e7ois automatiquement un remboursement de 10% sous forme de cr\u00e9dit voyage pour toute r\u00e9servation r\u00e9alis\u00e9e via Campings.com. Prodfites-en pour ta prochaine r\u00e9servation!","breadcrumb":{"@id":"https:\/\/www.campings.com\/fr\/content\/credit-voyage\/#breadcrumb"},"inLanguage":"fr-FR","potentialAction":[{"@type":"ReadAction","target":["https:\/\/www.campings.com\/fr\/content\/credit-voyage\/"]}]},{"@type":"ImageObject","inLanguage":"fr-FR","@id":"https:\/\/www.campings.com\/fr\/content\/credit-voyage\/#primaryimage","url":"https:\/\/www.campings.com\/fr\/content\/wp-content\/uploads\/2025\/01\/10percent-ticket.png","contentUrl":"https:\/\/www.campings.com\/fr\/content\/wp-content\/uploads\/2025\/01\/10percent-ticket.png","width":144,"height":144},{"@type":"BreadcrumbList","@id":"https:\/\/www.campings.com\/fr\/content\/credit-voyage\/#breadcrumb","itemListElement":[{"@type":"ListItem","position":1,"name":"Home","item":"https:\/\/www.campings.com\/fr\/content\/"},{"@type":"ListItem","position":2,"name":"Faites des \u00e9conomies avec le cr\u00e9dit voyage"}]},{"@type":"WebSite","@id":"https:\/\/www.campings.com\/fr\/content\/#website","url":"https:\/\/www.campings.com\/fr\/content\/","name":"","description":"","publisher":{"@id":"https:\/\/www.campings.com\/fr\/content\/#organization"},"potentialAction":[{"@type":"SearchAction","target":{"@type":"EntryPoint","urlTemplate":"https:\/\/www.campings.com\/fr\/content\/?s={search_term_string}"},"query-input":{"@type":"PropertyValueSpecification","valueRequired":true,"valueName":"search_term_string"}}],"inLanguage":"fr-FR"},{"@type":"Organization","@id":"https:\/\/www.campings.com\/fr\/content\/#organization","name":"CAMPINGS.COM","url":"https:\/\/www.campings.com\/fr\/content\/","logo":{"@type":"ImageObject","inLanguage":"fr-FR","@id":"https:\/\/www.campings.com\/fr\/content\/#\/schema\/logo\/image\/","url":"https:\/\/www.campings.com\/fr\/content\/wp-content\/uploads\/2019\/01\/cropped-logo-1.png","contentUrl":"https:\/\/www.campings.com\/fr\/content\/wp-content\/uploads\/2019\/01\/cropped-logo-1.png","width":174,"height":42,"caption":"CAMPINGS.COM"},"image":{"@id":"https:\/\/www.campings.com\/fr\/content\/#\/schema\/logo\/image\/"}}]}},"_links":{"self":[{"href":"https:\/\/www.campings.com\/fr\/content\/wp-json\/wp\/v2\/pages\/4874","targetHints":{"allow":["GET"]}}],"collection":[{"href":"https:\/\/www.campings.com\/fr\/content\/wp-json\/wp\/v2\/pages"}],"about":[{"href":"https:\/\/www.campings.com\/fr\/content\/wp-json\/wp\/v2\/types\/page"}],"author":[{"embeddable":true,"href":"https:\/\/www.campings.com\/fr\/content\/wp-json\/wp\/v2\/users\/35"}],"replies":[{"embeddable":true,"href":"https:\/\/www.campings.com\/fr\/content\/wp-json\/wp\/v2\/comments?post=4874"}],"version-history":[{"count":42,"href":"https:\/\/www.campings.com\/fr\/content\/wp-json\/wp\/v2\/pages\/4874\/revisions"}],"predecessor-version":[{"id":6306,"href":"https:\/\/www.campings.com\/fr\/content\/wp-json\/wp\/v2\/pages\/4874\/revisions\/6306"}],"wp:attachment":[{"href":"https:\/\/www.campings.com\/fr\/content\/wp-json\/wp\/v2\/media?parent=4874"}],"curies":[{"name":"wp","href":"https:\/\/api.w.org\/{rel}","templated":true}]}}