{"id":471,"date":"2019-03-22T16:08:50","date_gmt":"2019-03-22T16:08:50","guid":{"rendered":"https:\/\/www.campings.com\/fr\/content\/?page_id=471"},"modified":"2024-12-27T09:23:41","modified_gmt":"2024-12-27T08:23:41","slug":"guide-camping-vendee","status":"publish","type":"page","link":"https:\/\/www.campings.com\/fr\/content\/guide-camping-vendee\/","title":{"rendered":"Guide Camping Vend\u00e9e"},"content":{"rendered":"<p>C&rsquo;est l&rsquo;un des d\u00e9partements les plus visit\u00e9s de France. Dans l&rsquo;ouest de la France, la Vend\u00e9e n&rsquo;attire pas seulement les touristes fran\u00e7ais et \u00e9trangers gr\u00e2ce \u00e0 son climat doux et cl\u00e9ment. La Vend\u00e9e, c&rsquo;est un d\u00e9partement \u00e0 la culture riche, l&rsquo;histoire mouvement\u00e9e et surtout aux beaut\u00e9s naturelles remarquables, de ses longues plages de sable fin \u00e0 ses for\u00eats plus sauvages. Pour \u00eatre s\u00fbr de faire plaisir \u00e0 votre famille ou \u00e0 votre moiti\u00e9 cet \u00e9t\u00e9, offrez-leur tout simplement des vacances en camping en Vend\u00e9e.<\/p>\n<p>Votre s\u00e9jour sera aussi chaleureux qu&rsquo;enrichissant. Saint-Jean de Monts, Saint-Gilles-Croix-de-Vie, la Tranche-sur-Mer ou Les Sables d&rsquo;Olonne ? Il y a forc\u00e9ment une station baln\u00e9aire qui vous correspond. Gr\u00e2ce \u00e0 une location de mobil-home en Vend\u00e9e, vous pourrez aussi en apprendre plus sur le Marais Poitevin et pr\u00e9voir facilement une excursion \u00e0 la journ\u00e9e \u00e0 l&rsquo;\u00eele d&rsquo;Yeu ou \u00e0 l&rsquo;\u00eele de Noirmoutier. Les plus petits comme les plus grands seront \u00e9merveill\u00e9s devant le r\u00e9alisme des spectacles du Puy du Fou. A grand renfort de chevaliers, gladiateurs, vikings et mousquetaires, ce parc \u00e0 th\u00e8me unique en son genre \u00e0 r\u00e9ussi \u00e0 se hisser parmi les sites touristiques les plus embl\u00e9matiques de Vend\u00e9e. Dans des endroits plus calmes, \u00e9pargn\u00e9s par la foule et le tourisme de masse, des campings commencent m\u00eame \u00e0 ouvrir leur porte dans la campagne vend\u00e9enne. La preuve que ce magnifique d\u00e9partement n&rsquo;a pas fini de vous surprendre !<\/p>\n","protected":false},"excerpt":{"rendered":"<p>C&rsquo;est l&rsquo;un des d\u00e9partements les plus visit\u00e9s de France. Dans l&rsquo;ouest de la France, la Vend\u00e9e n&rsquo;attire pas seulement les touristes fran\u00e7ais et \u00e9trangers gr\u00e2ce \u00e0 son climat doux et cl\u00e9ment. La Vend\u00e9e, c&rsquo;est un d\u00e9partement \u00e0 la culture riche, l&rsquo;histoire mouvement\u00e9e et surtout aux beaut\u00e9s naturelles remarquables, de ses longues plages de sable fin [&hellip;]<\/p>\n","protected":false},"author":2,"featured_media":918,"parent":0,"menu_order":0,"comment_status":"closed","ping_status":"closed","template":"template-region.php","meta":{"_acf_changed":false,"footnotes":""},"class_list":["post-471","page","type-page","status-publish","has-post-thumbnail","hentry"],"acf":[],"yoast_head":"<!-- This site is optimized with the Yoast SEO plugin v27.1.1 - https:\/\/yoast.com\/product\/yoast-seo-wordpress\/ -->\n<title>Guide Camping Vend\u00e9e -<\/title>\n<meta name=\"robots\" content=\"index, follow, max-snippet:-1, max-image-preview:large, max-video-preview:-1\" \/>\n<link rel=\"canonical\" href=\"https:\/\/www.campings.com\/fr\/content\/guide-camping-vendee\/\" \/>\n<meta property=\"og:locale\" content=\"fr_FR\" \/>\n<meta property=\"og:type\" content=\"article\" \/>\n<meta property=\"og:title\" content=\"Guide Camping Vend\u00e9e -\" \/>\n<meta property=\"og:description\" content=\"C&rsquo;est l&rsquo;un des d\u00e9partements les plus visit\u00e9s de France. Dans l&rsquo;ouest de la France, la Vend\u00e9e n&rsquo;attire pas seulement les touristes fran\u00e7ais et \u00e9trangers gr\u00e2ce \u00e0 son climat doux et cl\u00e9ment. La Vend\u00e9e, c&rsquo;est un d\u00e9partement \u00e0 la culture riche, l&rsquo;histoire mouvement\u00e9e et surtout aux beaut\u00e9s naturelles remarquables, de ses longues plages de sable fin [&hellip;]\" \/>\n<meta property=\"og:url\" content=\"https:\/\/www.campings.com\/fr\/content\/guide-camping-vendee\/\" \/>\n<meta property=\"article:modified_time\" content=\"2024-12-27T08:23:41+00:00\" \/>\n<meta property=\"og:image\" content=\"https:\/\/www.campings.com\/fr\/content\/wp-content\/uploads\/2019\/03\/Vend\u00e9e-1-min.jpg\" \/>\n\t<meta property=\"og:image:width\" content=\"1670\" \/>\n\t<meta property=\"og:image:height\" content=\"650\" \/>\n\t<meta property=\"og:image:type\" content=\"image\/jpeg\" \/>\n<meta name=\"twitter:card\" content=\"summary_large_image\" \/>\n<meta name=\"twitter:label1\" content=\"Dur\u00e9e de lecture estim\u00e9e\" \/>\n\t<meta name=\"twitter:data1\" content=\"1 minute\" \/>\n<script type=\"application\/ld+json\" class=\"yoast-schema-graph\">{\"@context\":\"https:\/\/schema.org\",\"@graph\":[{\"@type\":\"WebPage\",\"@id\":\"https:\/\/www.campings.com\/fr\/content\/guide-camping-vendee\/\",\"url\":\"https:\/\/www.campings.com\/fr\/content\/guide-camping-vendee\/\",\"name\":\"Guide Camping Vend\u00e9e -\",\"isPartOf\":{\"@id\":\"https:\/\/www.campings.com\/fr\/content\/#website\"},\"primaryImageOfPage\":{\"@id\":\"https:\/\/www.campings.com\/fr\/content\/guide-camping-vendee\/#primaryimage\"},\"image\":{\"@id\":\"https:\/\/www.campings.com\/fr\/content\/guide-camping-vendee\/#primaryimage\"},\"thumbnailUrl\":\"https:\/\/www.campings.com\/fr\/content\/wp-content\/uploads\/2019\/03\/Vend\u00e9e-1-min.jpg\",\"datePublished\":\"2019-03-22T16:08:50+00:00\",\"dateModified\":\"2024-12-27T08:23:41+00:00\",\"breadcrumb\":{\"@id\":\"https:\/\/www.campings.com\/fr\/content\/guide-camping-vendee\/#breadcrumb\"},\"inLanguage\":\"fr-FR\",\"potentialAction\":[{\"@type\":\"ReadAction\",\"target\":[\"https:\/\/www.campings.com\/fr\/content\/guide-camping-vendee\/\"]}]},{\"@type\":\"ImageObject\",\"inLanguage\":\"fr-FR\",\"@id\":\"https:\/\/www.campings.com\/fr\/content\/guide-camping-vendee\/#primaryimage\",\"url\":\"https:\/\/www.campings.com\/fr\/content\/wp-content\/uploads\/2019\/03\/Vend\u00e9e-1-min.jpg\",\"contentUrl\":\"https:\/\/www.campings.com\/fr\/content\/wp-content\/uploads\/2019\/03\/Vend\u00e9e-1-min.jpg\",\"width\":1670,\"height\":650},{\"@type\":\"BreadcrumbList\",\"@id\":\"https:\/\/www.campings.com\/fr\/content\/guide-camping-vendee\/#breadcrumb\",\"itemListElement\":[{\"@type\":\"ListItem\",\"position\":1,\"name\":\"Home\",\"item\":\"https:\/\/www.campings.com\/fr\/content\/\"},{\"@type\":\"ListItem\",\"position\":2,\"name\":\"Guide Camping Vend\u00e9e\"}]},{\"@type\":\"WebSite\",\"@id\":\"https:\/\/www.campings.com\/fr\/content\/#website\",\"url\":\"https:\/\/www.campings.com\/fr\/content\/\",\"name\":\"\",\"description\":\"\",\"publisher\":{\"@id\":\"https:\/\/www.campings.com\/fr\/content\/#organization\"},\"potentialAction\":[{\"@type\":\"SearchAction\",\"target\":{\"@type\":\"EntryPoint\",\"urlTemplate\":\"https:\/\/www.campings.com\/fr\/content\/?s={search_term_string}\"},\"query-input\":{\"@type\":\"PropertyValueSpecification\",\"valueRequired\":true,\"valueName\":\"search_term_string\"}}],\"inLanguage\":\"fr-FR\"},{\"@type\":\"Organization\",\"@id\":\"https:\/\/www.campings.com\/fr\/content\/#organization\",\"name\":\"CAMPINGS.COM\",\"url\":\"https:\/\/www.campings.com\/fr\/content\/\",\"logo\":{\"@type\":\"ImageObject\",\"inLanguage\":\"fr-FR\",\"@id\":\"https:\/\/www.campings.com\/fr\/content\/#\/schema\/logo\/image\/\",\"url\":\"https:\/\/www.campings.com\/fr\/content\/wp-content\/uploads\/2019\/01\/cropped-logo-1.png\",\"contentUrl\":\"https:\/\/www.campings.com\/fr\/content\/wp-content\/uploads\/2019\/01\/cropped-logo-1.png\",\"width\":174,\"height\":42,\"caption\":\"CAMPINGS.COM\"},\"image\":{\"@id\":\"https:\/\/www.campings.com\/fr\/content\/#\/schema\/logo\/image\/\"}}]}<\/script>\n<!-- \/ Yoast SEO plugin. -->","yoast_head_json":{"title":"Guide Camping Vend\u00e9e -","robots":{"index":"index","follow":"follow","max-snippet":"max-snippet:-1","max-image-preview":"max-image-preview:large","max-video-preview":"max-video-preview:-1"},"canonical":"https:\/\/www.campings.com\/fr\/content\/guide-camping-vendee\/","og_locale":"fr_FR","og_type":"article","og_title":"Guide Camping Vend\u00e9e -","og_description":"C&rsquo;est l&rsquo;un des d\u00e9partements les plus visit\u00e9s de France. Dans l&rsquo;ouest de la France, la Vend\u00e9e n&rsquo;attire pas seulement les touristes fran\u00e7ais et \u00e9trangers gr\u00e2ce \u00e0 son climat doux et cl\u00e9ment. La Vend\u00e9e, c&rsquo;est un d\u00e9partement \u00e0 la culture riche, l&rsquo;histoire mouvement\u00e9e et surtout aux beaut\u00e9s naturelles remarquables, de ses longues plages de sable fin [&hellip;]","og_url":"https:\/\/www.campings.com\/fr\/content\/guide-camping-vendee\/","article_modified_time":"2024-12-27T08:23:41+00:00","og_image":[{"width":1670,"height":650,"url":"https:\/\/www.campings.com\/fr\/content\/wp-content\/uploads\/2019\/03\/Vend\u00e9e-1-min.jpg","type":"image\/jpeg"}],"twitter_card":"summary_large_image","twitter_misc":{"Dur\u00e9e de lecture estim\u00e9e":"1 minute"},"schema":{"@context":"https:\/\/schema.org","@graph":[{"@type":"WebPage","@id":"https:\/\/www.campings.com\/fr\/content\/guide-camping-vendee\/","url":"https:\/\/www.campings.com\/fr\/content\/guide-camping-vendee\/","name":"Guide Camping Vend\u00e9e -","isPartOf":{"@id":"https:\/\/www.campings.com\/fr\/content\/#website"},"primaryImageOfPage":{"@id":"https:\/\/www.campings.com\/fr\/content\/guide-camping-vendee\/#primaryimage"},"image":{"@id":"https:\/\/www.campings.com\/fr\/content\/guide-camping-vendee\/#primaryimage"},"thumbnailUrl":"https:\/\/www.campings.com\/fr\/content\/wp-content\/uploads\/2019\/03\/Vend\u00e9e-1-min.jpg","datePublished":"2019-03-22T16:08:50+00:00","dateModified":"2024-12-27T08:23:41+00:00","breadcrumb":{"@id":"https:\/\/www.campings.com\/fr\/content\/guide-camping-vendee\/#breadcrumb"},"inLanguage":"fr-FR","potentialAction":[{"@type":"ReadAction","target":["https:\/\/www.campings.com\/fr\/content\/guide-camping-vendee\/"]}]},{"@type":"ImageObject","inLanguage":"fr-FR","@id":"https:\/\/www.campings.com\/fr\/content\/guide-camping-vendee\/#primaryimage","url":"https:\/\/www.campings.com\/fr\/content\/wp-content\/uploads\/2019\/03\/Vend\u00e9e-1-min.jpg","contentUrl":"https:\/\/www.campings.com\/fr\/content\/wp-content\/uploads\/2019\/03\/Vend\u00e9e-1-min.jpg","width":1670,"height":650},{"@type":"BreadcrumbList","@id":"https:\/\/www.campings.com\/fr\/content\/guide-camping-vendee\/#breadcrumb","itemListElement":[{"@type":"ListItem","position":1,"name":"Home","item":"https:\/\/www.campings.com\/fr\/content\/"},{"@type":"ListItem","position":2,"name":"Guide Camping Vend\u00e9e"}]},{"@type":"WebSite","@id":"https:\/\/www.campings.com\/fr\/content\/#website","url":"https:\/\/www.campings.com\/fr\/content\/","name":"","description":"","publisher":{"@id":"https:\/\/www.campings.com\/fr\/content\/#organization"},"potentialAction":[{"@type":"SearchAction","target":{"@type":"EntryPoint","urlTemplate":"https:\/\/www.campings.com\/fr\/content\/?s={search_term_string}"},"query-input":{"@type":"PropertyValueSpecification","valueRequired":true,"valueName":"search_term_string"}}],"inLanguage":"fr-FR"},{"@type":"Organization","@id":"https:\/\/www.campings.com\/fr\/content\/#organization","name":"CAMPINGS.COM","url":"https:\/\/www.campings.com\/fr\/content\/","logo":{"@type":"ImageObject","inLanguage":"fr-FR","@id":"https:\/\/www.campings.com\/fr\/content\/#\/schema\/logo\/image\/","url":"https:\/\/www.campings.com\/fr\/content\/wp-content\/uploads\/2019\/01\/cropped-logo-1.png","contentUrl":"https:\/\/www.campings.com\/fr\/content\/wp-content\/uploads\/2019\/01\/cropped-logo-1.png","width":174,"height":42,"caption":"CAMPINGS.COM"},"image":{"@id":"https:\/\/www.campings.com\/fr\/content\/#\/schema\/logo\/image\/"}}]}},"_links":{"self":[{"href":"https:\/\/www.campings.com\/fr\/content\/wp-json\/wp\/v2\/pages\/471","targetHints":{"allow":["GET"]}}],"collection":[{"href":"https:\/\/www.campings.com\/fr\/content\/wp-json\/wp\/v2\/pages"}],"about":[{"href":"https:\/\/www.campings.com\/fr\/content\/wp-json\/wp\/v2\/types\/page"}],"author":[{"embeddable":true,"href":"https:\/\/www.campings.com\/fr\/content\/wp-json\/wp\/v2\/users\/2"}],"replies":[{"embeddable":true,"href":"https:\/\/www.campings.com\/fr\/content\/wp-json\/wp\/v2\/comments?post=471"}],"version-history":[{"count":20,"href":"https:\/\/www.campings.com\/fr\/content\/wp-json\/wp\/v2\/pages\/471\/revisions"}],"predecessor-version":[{"id":4870,"href":"https:\/\/www.campings.com\/fr\/content\/wp-json\/wp\/v2\/pages\/471\/revisions\/4870"}],"wp:featuredmedia":[{"embeddable":true,"href":"https:\/\/www.campings.com\/fr\/content\/wp-json\/wp\/v2\/media\/918"}],"wp:attachment":[{"href":"https:\/\/www.campings.com\/fr\/content\/wp-json\/wp\/v2\/media?parent=471"}],"curies":[{"name":"wp","href":"https:\/\/api.w.org\/{rel}","templated":true}]}}