{"id":443,"date":"2019-03-22T15:31:45","date_gmt":"2019-03-22T15:31:45","guid":{"rendered":"https:\/\/www.campings.com\/fr\/content\/?page_id=443"},"modified":"2025-06-25T14:20:45","modified_gmt":"2025-06-25T13:20:45","slug":"guide-camping-espagne","status":"publish","type":"page","link":"https:\/\/www.campings.com\/fr\/content\/guide-camping-espagne\/","title":{"rendered":"Guide Camping Espagne"},"content":{"rendered":"<p><span style=\"font-weight: 400\">C&rsquo;est l&rsquo;un des pays les plus visit\u00e9s avec la France et l&rsquo;Italie. Non seulement en Europe mais aussi dans le monde entier ! Il s&rsquo;agit de l&rsquo;<a href=\"https:\/\/www.campings.com\/fr\/espagne\">Espagne<\/a>. Au sud de la France, baign\u00e9e par les eaux chaudes de la mer M\u00e9diterran\u00e9e, la location de mobil-home en Espagne attire les vacanciers pour bien des raisons. A commencer bien s\u00fbr par son climat agr\u00e9able tout au long de l&rsquo;ann\u00e9e. Mais aussi ses traditions color\u00e9es, son sens de la f\u00eate et sa cuisine d\u00e9licieuse \u00e0 base de paella et tapas. <\/span><\/p>\n<p><span style=\"font-weight: 400\">L&rsquo;Espagne, c&rsquo;est un pays \u00e0 la culture riche, \u00e0 l&rsquo;histoire fascinante et aux innombrables tr\u00e9sors naturels. Au-del\u00e0 des longues plages de sable fin si caract\u00e9ristiques de l&rsquo;Espagne et des soir\u00e9es anim\u00e9es de la belle <a href=\"https:\/\/www.campings.com\/fr\/espagne\/catalogne\/barcelone-1\">Barcelone<\/a>, il faut savoir sortir des sentiers battus. On tombe amoureux de l&rsquo;Espagne lorsqu&rsquo;on s&rsquo;accorde une randonn\u00e9e dans l&rsquo;arri\u00e8re-pays de la Costa Brava, qu&rsquo;on se perd dans les ruelles labyrinthiques des villages de la Costa Daurada ou encore qu&rsquo;on s&rsquo;extasie devant l&rsquo;h\u00e9ritage arabe de la culture andalouse. <\/span><\/p>\n<p><span style=\"font-weight: 400\">Les belles villes de Valence, \u00e0 l&rsquo;extr\u00e9mit\u00e9 sud-est du pays, et de Bilbao, cit\u00e9 avant-gardiste de l&rsquo;attachant Pays Basque, commencent \u00e0 avoir le vent en poupe, si<\/span><span style=\"font-weight: 400\">gne que les vacances en camping en Espagne sont capables de se renouveler. Quel que soit votre choix de destination en Espagne, vous pouvez \u00eatre certain de passer un s\u00e9jour d\u00e9paysant, chaleureux et enrichissant sur tous les points. <\/span><\/p>\n","protected":false},"excerpt":{"rendered":"<p>C&rsquo;est l&rsquo;un des pays les plus visit\u00e9s avec la France et l&rsquo;Italie. Non seulement en Europe mais aussi dans le monde entier ! Il s&rsquo;agit de l&rsquo;Espagne. Au sud de la France, baign\u00e9e par les eaux chaudes de la mer M\u00e9diterran\u00e9e, la location de mobil-home en Espagne attire les vacanciers pour bien des raisons. A [&hellip;]<\/p>\n","protected":false},"author":2,"featured_media":899,"parent":0,"menu_order":0,"comment_status":"closed","ping_status":"closed","template":"template-region.php","meta":{"_acf_changed":false,"footnotes":""},"class_list":["post-443","page","type-page","status-publish","has-post-thumbnail","hentry"],"acf":[],"yoast_head":"<!-- This site is optimized with the Yoast SEO plugin v27.1.1 - https:\/\/yoast.com\/product\/yoast-seo-wordpress\/ -->\n<title>Guide Camping Espagne -<\/title>\n<meta name=\"robots\" content=\"index, follow, max-snippet:-1, max-image-preview:large, max-video-preview:-1\" \/>\n<link rel=\"canonical\" href=\"https:\/\/www.campings.com\/fr\/content\/guide-camping-espagne\/\" \/>\n<meta property=\"og:locale\" content=\"fr_FR\" \/>\n<meta property=\"og:type\" content=\"article\" \/>\n<meta property=\"og:title\" content=\"Guide Camping Espagne -\" \/>\n<meta property=\"og:description\" content=\"C&rsquo;est l&rsquo;un des pays les plus visit\u00e9s avec la France et l&rsquo;Italie. Non seulement en Europe mais aussi dans le monde entier ! Il s&rsquo;agit de l&rsquo;Espagne. Au sud de la France, baign\u00e9e par les eaux chaudes de la mer M\u00e9diterran\u00e9e, la location de mobil-home en Espagne attire les vacanciers pour bien des raisons. A [&hellip;]\" \/>\n<meta property=\"og:url\" content=\"https:\/\/www.campings.com\/fr\/content\/guide-camping-espagne\/\" \/>\n<meta property=\"article:modified_time\" content=\"2025-06-25T13:20:45+00:00\" \/>\n<meta property=\"og:image\" content=\"https:\/\/www.campings.com\/fr\/content\/wp-content\/uploads\/2019\/03\/espagne.jpg\" \/>\n\t<meta property=\"og:image:width\" content=\"1670\" \/>\n\t<meta property=\"og:image:height\" content=\"650\" \/>\n\t<meta property=\"og:image:type\" content=\"image\/jpeg\" \/>\n<meta name=\"twitter:card\" content=\"summary_large_image\" \/>\n<meta name=\"twitter:label1\" content=\"Dur\u00e9e de lecture estim\u00e9e\" \/>\n\t<meta name=\"twitter:data1\" content=\"1 minute\" \/>\n<script type=\"application\/ld+json\" class=\"yoast-schema-graph\">{\"@context\":\"https:\/\/schema.org\",\"@graph\":[{\"@type\":\"WebPage\",\"@id\":\"https:\/\/www.campings.com\/fr\/content\/guide-camping-espagne\/\",\"url\":\"https:\/\/www.campings.com\/fr\/content\/guide-camping-espagne\/\",\"name\":\"Guide Camping Espagne -\",\"isPartOf\":{\"@id\":\"https:\/\/www.campings.com\/fr\/content\/#website\"},\"primaryImageOfPage\":{\"@id\":\"https:\/\/www.campings.com\/fr\/content\/guide-camping-espagne\/#primaryimage\"},\"image\":{\"@id\":\"https:\/\/www.campings.com\/fr\/content\/guide-camping-espagne\/#primaryimage\"},\"thumbnailUrl\":\"https:\/\/www.campings.com\/fr\/content\/wp-content\/uploads\/2019\/03\/espagne.jpg\",\"datePublished\":\"2019-03-22T15:31:45+00:00\",\"dateModified\":\"2025-06-25T13:20:45+00:00\",\"breadcrumb\":{\"@id\":\"https:\/\/www.campings.com\/fr\/content\/guide-camping-espagne\/#breadcrumb\"},\"inLanguage\":\"fr-FR\",\"potentialAction\":[{\"@type\":\"ReadAction\",\"target\":[\"https:\/\/www.campings.com\/fr\/content\/guide-camping-espagne\/\"]}]},{\"@type\":\"ImageObject\",\"inLanguage\":\"fr-FR\",\"@id\":\"https:\/\/www.campings.com\/fr\/content\/guide-camping-espagne\/#primaryimage\",\"url\":\"https:\/\/www.campings.com\/fr\/content\/wp-content\/uploads\/2019\/03\/espagne.jpg\",\"contentUrl\":\"https:\/\/www.campings.com\/fr\/content\/wp-content\/uploads\/2019\/03\/espagne.jpg\",\"width\":1670,\"height\":650},{\"@type\":\"BreadcrumbList\",\"@id\":\"https:\/\/www.campings.com\/fr\/content\/guide-camping-espagne\/#breadcrumb\",\"itemListElement\":[{\"@type\":\"ListItem\",\"position\":1,\"name\":\"Home\",\"item\":\"https:\/\/www.campings.com\/fr\/content\/\"},{\"@type\":\"ListItem\",\"position\":2,\"name\":\"Guide Camping Espagne\"}]},{\"@type\":\"WebSite\",\"@id\":\"https:\/\/www.campings.com\/fr\/content\/#website\",\"url\":\"https:\/\/www.campings.com\/fr\/content\/\",\"name\":\"\",\"description\":\"\",\"publisher\":{\"@id\":\"https:\/\/www.campings.com\/fr\/content\/#organization\"},\"potentialAction\":[{\"@type\":\"SearchAction\",\"target\":{\"@type\":\"EntryPoint\",\"urlTemplate\":\"https:\/\/www.campings.com\/fr\/content\/?s={search_term_string}\"},\"query-input\":{\"@type\":\"PropertyValueSpecification\",\"valueRequired\":true,\"valueName\":\"search_term_string\"}}],\"inLanguage\":\"fr-FR\"},{\"@type\":\"Organization\",\"@id\":\"https:\/\/www.campings.com\/fr\/content\/#organization\",\"name\":\"CAMPINGS.COM\",\"url\":\"https:\/\/www.campings.com\/fr\/content\/\",\"logo\":{\"@type\":\"ImageObject\",\"inLanguage\":\"fr-FR\",\"@id\":\"https:\/\/www.campings.com\/fr\/content\/#\/schema\/logo\/image\/\",\"url\":\"https:\/\/www.campings.com\/fr\/content\/wp-content\/uploads\/2019\/01\/cropped-logo-1.png\",\"contentUrl\":\"https:\/\/www.campings.com\/fr\/content\/wp-content\/uploads\/2019\/01\/cropped-logo-1.png\",\"width\":174,\"height\":42,\"caption\":\"CAMPINGS.COM\"},\"image\":{\"@id\":\"https:\/\/www.campings.com\/fr\/content\/#\/schema\/logo\/image\/\"}}]}<\/script>\n<!-- \/ Yoast SEO plugin. -->","yoast_head_json":{"title":"Guide Camping Espagne -","robots":{"index":"index","follow":"follow","max-snippet":"max-snippet:-1","max-image-preview":"max-image-preview:large","max-video-preview":"max-video-preview:-1"},"canonical":"https:\/\/www.campings.com\/fr\/content\/guide-camping-espagne\/","og_locale":"fr_FR","og_type":"article","og_title":"Guide Camping Espagne -","og_description":"C&rsquo;est l&rsquo;un des pays les plus visit\u00e9s avec la France et l&rsquo;Italie. Non seulement en Europe mais aussi dans le monde entier ! Il s&rsquo;agit de l&rsquo;Espagne. Au sud de la France, baign\u00e9e par les eaux chaudes de la mer M\u00e9diterran\u00e9e, la location de mobil-home en Espagne attire les vacanciers pour bien des raisons. A [&hellip;]","og_url":"https:\/\/www.campings.com\/fr\/content\/guide-camping-espagne\/","article_modified_time":"2025-06-25T13:20:45+00:00","og_image":[{"width":1670,"height":650,"url":"https:\/\/www.campings.com\/fr\/content\/wp-content\/uploads\/2019\/03\/espagne.jpg","type":"image\/jpeg"}],"twitter_card":"summary_large_image","twitter_misc":{"Dur\u00e9e de lecture estim\u00e9e":"1 minute"},"schema":{"@context":"https:\/\/schema.org","@graph":[{"@type":"WebPage","@id":"https:\/\/www.campings.com\/fr\/content\/guide-camping-espagne\/","url":"https:\/\/www.campings.com\/fr\/content\/guide-camping-espagne\/","name":"Guide Camping Espagne -","isPartOf":{"@id":"https:\/\/www.campings.com\/fr\/content\/#website"},"primaryImageOfPage":{"@id":"https:\/\/www.campings.com\/fr\/content\/guide-camping-espagne\/#primaryimage"},"image":{"@id":"https:\/\/www.campings.com\/fr\/content\/guide-camping-espagne\/#primaryimage"},"thumbnailUrl":"https:\/\/www.campings.com\/fr\/content\/wp-content\/uploads\/2019\/03\/espagne.jpg","datePublished":"2019-03-22T15:31:45+00:00","dateModified":"2025-06-25T13:20:45+00:00","breadcrumb":{"@id":"https:\/\/www.campings.com\/fr\/content\/guide-camping-espagne\/#breadcrumb"},"inLanguage":"fr-FR","potentialAction":[{"@type":"ReadAction","target":["https:\/\/www.campings.com\/fr\/content\/guide-camping-espagne\/"]}]},{"@type":"ImageObject","inLanguage":"fr-FR","@id":"https:\/\/www.campings.com\/fr\/content\/guide-camping-espagne\/#primaryimage","url":"https:\/\/www.campings.com\/fr\/content\/wp-content\/uploads\/2019\/03\/espagne.jpg","contentUrl":"https:\/\/www.campings.com\/fr\/content\/wp-content\/uploads\/2019\/03\/espagne.jpg","width":1670,"height":650},{"@type":"BreadcrumbList","@id":"https:\/\/www.campings.com\/fr\/content\/guide-camping-espagne\/#breadcrumb","itemListElement":[{"@type":"ListItem","position":1,"name":"Home","item":"https:\/\/www.campings.com\/fr\/content\/"},{"@type":"ListItem","position":2,"name":"Guide Camping Espagne"}]},{"@type":"WebSite","@id":"https:\/\/www.campings.com\/fr\/content\/#website","url":"https:\/\/www.campings.com\/fr\/content\/","name":"","description":"","publisher":{"@id":"https:\/\/www.campings.com\/fr\/content\/#organization"},"potentialAction":[{"@type":"SearchAction","target":{"@type":"EntryPoint","urlTemplate":"https:\/\/www.campings.com\/fr\/content\/?s={search_term_string}"},"query-input":{"@type":"PropertyValueSpecification","valueRequired":true,"valueName":"search_term_string"}}],"inLanguage":"fr-FR"},{"@type":"Organization","@id":"https:\/\/www.campings.com\/fr\/content\/#organization","name":"CAMPINGS.COM","url":"https:\/\/www.campings.com\/fr\/content\/","logo":{"@type":"ImageObject","inLanguage":"fr-FR","@id":"https:\/\/www.campings.com\/fr\/content\/#\/schema\/logo\/image\/","url":"https:\/\/www.campings.com\/fr\/content\/wp-content\/uploads\/2019\/01\/cropped-logo-1.png","contentUrl":"https:\/\/www.campings.com\/fr\/content\/wp-content\/uploads\/2019\/01\/cropped-logo-1.png","width":174,"height":42,"caption":"CAMPINGS.COM"},"image":{"@id":"https:\/\/www.campings.com\/fr\/content\/#\/schema\/logo\/image\/"}}]}},"_links":{"self":[{"href":"https:\/\/www.campings.com\/fr\/content\/wp-json\/wp\/v2\/pages\/443","targetHints":{"allow":["GET"]}}],"collection":[{"href":"https:\/\/www.campings.com\/fr\/content\/wp-json\/wp\/v2\/pages"}],"about":[{"href":"https:\/\/www.campings.com\/fr\/content\/wp-json\/wp\/v2\/types\/page"}],"author":[{"embeddable":true,"href":"https:\/\/www.campings.com\/fr\/content\/wp-json\/wp\/v2\/users\/2"}],"replies":[{"embeddable":true,"href":"https:\/\/www.campings.com\/fr\/content\/wp-json\/wp\/v2\/comments?post=443"}],"version-history":[{"count":19,"href":"https:\/\/www.campings.com\/fr\/content\/wp-json\/wp\/v2\/pages\/443\/revisions"}],"predecessor-version":[{"id":5639,"href":"https:\/\/www.campings.com\/fr\/content\/wp-json\/wp\/v2\/pages\/443\/revisions\/5639"}],"wp:featuredmedia":[{"embeddable":true,"href":"https:\/\/www.campings.com\/fr\/content\/wp-json\/wp\/v2\/media\/899"}],"wp:attachment":[{"href":"https:\/\/www.campings.com\/fr\/content\/wp-json\/wp\/v2\/media?parent=443"}],"curies":[{"name":"wp","href":"https:\/\/api.w.org\/{rel}","templated":true}]}}