{"id":433,"date":"2019-03-22T15:14:45","date_gmt":"2019-03-22T15:14:45","guid":{"rendered":"https:\/\/www.campings.com\/fr\/content\/?page_id=433"},"modified":"2025-06-25T12:59:20","modified_gmt":"2025-06-25T11:59:20","slug":"guide-camping-herault","status":"publish","type":"page","link":"https:\/\/www.campings.com\/fr\/content\/guide-camping-herault\/","title":{"rendered":"Guide Camping H\u00e9rault"},"content":{"rendered":"<p>Rien de mieux que des vacances en famille ou entre amis pour se ressourcer et se reposer. Mais quelle r\u00e9gion choisir ? Entre la C\u00f4te d&rsquo;Azur et le Pays Basque, les coins de r\u00eave ne manquent pas pour passer un \u00e9t\u00e9 des plus merveilleux. Nich\u00e9 dans le Languedoc, l&rsquo;<a href=\"https:\/\/www.campings.com\/fr\/france\/languedoc-roussillon\/herault\">H\u00e9rault<\/a> est l&rsquo;un d&rsquo;entre eux. Ce sublime d\u00e9partement aux traditions bien marqu\u00e9es est baign\u00e9 par le soleil toute l&rsquo;ann\u00e9e et berc\u00e9 par le va-et-vient des vagues de la M\u00e9diterran\u00e9e. Le patrimoine y affiche des facettes vari\u00e9es, faites pour plaire au plus grand nombre. En optant pour une location de mobil-home dans l&rsquo;H\u00e9rault, vous pourrez bronzer sur la plage, d\u00e9couvrir les vignobles et partir en randonn\u00e9es dans des montagnes qui encerclent des paysages \u00e0 couper le souffle.<\/p>\n<p>Certaines villes ne sont plus \u00e0 pr\u00e9senter : <a href=\"https:\/\/www.campings.com\/fr\/france\/languedoc-roussillon\/herault\/montpellier\">Montpellier<\/a>, Agde, Palavas-les-Flots, Saint-Guilhem-le-D\u00e9sert&#8230; Mais l&rsquo;int\u00e9r\u00eat des vacances au camping dans l&rsquo;H\u00e9rault est loin de s&rsquo;arr\u00eater l\u00e0 ! Comment oublier le mythique Canal du Midi, le Cirque de Navacelles et Europark &#8211; Vias ? Le camping dans l&rsquo;H\u00e9rault est fait pour vous. Plongez dans une r\u00e9gion \u00e0 l&rsquo;histoire passionnante, o\u00f9 les festivit\u00e9s rythment l&rsquo;\u00e9t\u00e9. L&rsquo;occasion aussi de s&rsquo;essayer aux sports nautiques ou \u00e0 d&rsquo;autres loisirs motivants en lien avec la nature. Pour vos prochaines vacances, nous vous donnons donc rendez-vous \u00e0 la mer, \u00e0 la montagne, dans la for\u00eat et en ville ! Car les campings dans l&rsquo;H\u00e9rault sont pr\u00e9sents partout.<\/p>\n","protected":false},"excerpt":{"rendered":"<p>Rien de mieux que des vacances en famille ou entre amis pour se ressourcer et se reposer. Mais quelle r\u00e9gion choisir ? Entre la C\u00f4te d&rsquo;Azur et le Pays Basque, les coins de r\u00eave ne manquent pas pour passer un \u00e9t\u00e9 des plus merveilleux. Nich\u00e9 dans le Languedoc, l&rsquo;H\u00e9rault est l&rsquo;un d&rsquo;entre eux. Ce sublime [&hellip;]<\/p>\n","protected":false},"author":2,"featured_media":906,"parent":0,"menu_order":0,"comment_status":"closed","ping_status":"closed","template":"template-region.php","meta":{"_acf_changed":false,"footnotes":""},"class_list":["post-433","page","type-page","status-publish","has-post-thumbnail","hentry"],"acf":[],"yoast_head":"<!-- This site is optimized with the Yoast SEO plugin v27.1.1 - https:\/\/yoast.com\/product\/yoast-seo-wordpress\/ -->\n<title>Guide Camping H\u00e9rault -<\/title>\n<meta name=\"robots\" content=\"index, follow, max-snippet:-1, max-image-preview:large, max-video-preview:-1\" \/>\n<link rel=\"canonical\" href=\"https:\/\/www.campings.com\/fr\/content\/guide-camping-herault\/\" \/>\n<meta property=\"og:locale\" content=\"fr_FR\" \/>\n<meta property=\"og:type\" content=\"article\" \/>\n<meta property=\"og:title\" content=\"Guide Camping H\u00e9rault -\" \/>\n<meta property=\"og:description\" content=\"Rien de mieux que des vacances en famille ou entre amis pour se ressourcer et se reposer. Mais quelle r\u00e9gion choisir ? Entre la C\u00f4te d&rsquo;Azur et le Pays Basque, les coins de r\u00eave ne manquent pas pour passer un \u00e9t\u00e9 des plus merveilleux. Nich\u00e9 dans le Languedoc, l&rsquo;H\u00e9rault est l&rsquo;un d&rsquo;entre eux. Ce sublime [&hellip;]\" \/>\n<meta property=\"og:url\" content=\"https:\/\/www.campings.com\/fr\/content\/guide-camping-herault\/\" \/>\n<meta property=\"article:modified_time\" content=\"2025-06-25T11:59:20+00:00\" \/>\n<meta property=\"og:image\" content=\"https:\/\/www.campings.com\/fr\/content\/wp-content\/uploads\/2019\/03\/h\u00e9raault.jpg\" \/>\n\t<meta property=\"og:image:width\" content=\"1670\" \/>\n\t<meta property=\"og:image:height\" content=\"650\" \/>\n\t<meta property=\"og:image:type\" content=\"image\/jpeg\" \/>\n<meta name=\"twitter:card\" content=\"summary_large_image\" \/>\n<meta name=\"twitter:label1\" content=\"Dur\u00e9e de lecture estim\u00e9e\" \/>\n\t<meta name=\"twitter:data1\" content=\"1 minute\" \/>\n<script type=\"application\/ld+json\" class=\"yoast-schema-graph\">{\"@context\":\"https:\/\/schema.org\",\"@graph\":[{\"@type\":\"WebPage\",\"@id\":\"https:\/\/www.campings.com\/fr\/content\/guide-camping-herault\/\",\"url\":\"https:\/\/www.campings.com\/fr\/content\/guide-camping-herault\/\",\"name\":\"Guide Camping H\u00e9rault -\",\"isPartOf\":{\"@id\":\"https:\/\/www.campings.com\/fr\/content\/#website\"},\"primaryImageOfPage\":{\"@id\":\"https:\/\/www.campings.com\/fr\/content\/guide-camping-herault\/#primaryimage\"},\"image\":{\"@id\":\"https:\/\/www.campings.com\/fr\/content\/guide-camping-herault\/#primaryimage\"},\"thumbnailUrl\":\"https:\/\/www.campings.com\/fr\/content\/wp-content\/uploads\/2019\/03\/h\u00e9raault.jpg\",\"datePublished\":\"2019-03-22T15:14:45+00:00\",\"dateModified\":\"2025-06-25T11:59:20+00:00\",\"breadcrumb\":{\"@id\":\"https:\/\/www.campings.com\/fr\/content\/guide-camping-herault\/#breadcrumb\"},\"inLanguage\":\"fr-FR\",\"potentialAction\":[{\"@type\":\"ReadAction\",\"target\":[\"https:\/\/www.campings.com\/fr\/content\/guide-camping-herault\/\"]}]},{\"@type\":\"ImageObject\",\"inLanguage\":\"fr-FR\",\"@id\":\"https:\/\/www.campings.com\/fr\/content\/guide-camping-herault\/#primaryimage\",\"url\":\"https:\/\/www.campings.com\/fr\/content\/wp-content\/uploads\/2019\/03\/h\u00e9raault.jpg\",\"contentUrl\":\"https:\/\/www.campings.com\/fr\/content\/wp-content\/uploads\/2019\/03\/h\u00e9raault.jpg\",\"width\":1670,\"height\":650},{\"@type\":\"BreadcrumbList\",\"@id\":\"https:\/\/www.campings.com\/fr\/content\/guide-camping-herault\/#breadcrumb\",\"itemListElement\":[{\"@type\":\"ListItem\",\"position\":1,\"name\":\"Home\",\"item\":\"https:\/\/www.campings.com\/fr\/content\/\"},{\"@type\":\"ListItem\",\"position\":2,\"name\":\"Guide Camping H\u00e9rault\"}]},{\"@type\":\"WebSite\",\"@id\":\"https:\/\/www.campings.com\/fr\/content\/#website\",\"url\":\"https:\/\/www.campings.com\/fr\/content\/\",\"name\":\"\",\"description\":\"\",\"publisher\":{\"@id\":\"https:\/\/www.campings.com\/fr\/content\/#organization\"},\"potentialAction\":[{\"@type\":\"SearchAction\",\"target\":{\"@type\":\"EntryPoint\",\"urlTemplate\":\"https:\/\/www.campings.com\/fr\/content\/?s={search_term_string}\"},\"query-input\":{\"@type\":\"PropertyValueSpecification\",\"valueRequired\":true,\"valueName\":\"search_term_string\"}}],\"inLanguage\":\"fr-FR\"},{\"@type\":\"Organization\",\"@id\":\"https:\/\/www.campings.com\/fr\/content\/#organization\",\"name\":\"CAMPINGS.COM\",\"url\":\"https:\/\/www.campings.com\/fr\/content\/\",\"logo\":{\"@type\":\"ImageObject\",\"inLanguage\":\"fr-FR\",\"@id\":\"https:\/\/www.campings.com\/fr\/content\/#\/schema\/logo\/image\/\",\"url\":\"https:\/\/www.campings.com\/fr\/content\/wp-content\/uploads\/2019\/01\/cropped-logo-1.png\",\"contentUrl\":\"https:\/\/www.campings.com\/fr\/content\/wp-content\/uploads\/2019\/01\/cropped-logo-1.png\",\"width\":174,\"height\":42,\"caption\":\"CAMPINGS.COM\"},\"image\":{\"@id\":\"https:\/\/www.campings.com\/fr\/content\/#\/schema\/logo\/image\/\"}}]}<\/script>\n<!-- \/ Yoast SEO plugin. -->","yoast_head_json":{"title":"Guide Camping H\u00e9rault -","robots":{"index":"index","follow":"follow","max-snippet":"max-snippet:-1","max-image-preview":"max-image-preview:large","max-video-preview":"max-video-preview:-1"},"canonical":"https:\/\/www.campings.com\/fr\/content\/guide-camping-herault\/","og_locale":"fr_FR","og_type":"article","og_title":"Guide Camping H\u00e9rault -","og_description":"Rien de mieux que des vacances en famille ou entre amis pour se ressourcer et se reposer. Mais quelle r\u00e9gion choisir ? Entre la C\u00f4te d&rsquo;Azur et le Pays Basque, les coins de r\u00eave ne manquent pas pour passer un \u00e9t\u00e9 des plus merveilleux. Nich\u00e9 dans le Languedoc, l&rsquo;H\u00e9rault est l&rsquo;un d&rsquo;entre eux. Ce sublime [&hellip;]","og_url":"https:\/\/www.campings.com\/fr\/content\/guide-camping-herault\/","article_modified_time":"2025-06-25T11:59:20+00:00","og_image":[{"width":1670,"height":650,"url":"https:\/\/www.campings.com\/fr\/content\/wp-content\/uploads\/2019\/03\/h\u00e9raault.jpg","type":"image\/jpeg"}],"twitter_card":"summary_large_image","twitter_misc":{"Dur\u00e9e de lecture estim\u00e9e":"1 minute"},"schema":{"@context":"https:\/\/schema.org","@graph":[{"@type":"WebPage","@id":"https:\/\/www.campings.com\/fr\/content\/guide-camping-herault\/","url":"https:\/\/www.campings.com\/fr\/content\/guide-camping-herault\/","name":"Guide Camping H\u00e9rault -","isPartOf":{"@id":"https:\/\/www.campings.com\/fr\/content\/#website"},"primaryImageOfPage":{"@id":"https:\/\/www.campings.com\/fr\/content\/guide-camping-herault\/#primaryimage"},"image":{"@id":"https:\/\/www.campings.com\/fr\/content\/guide-camping-herault\/#primaryimage"},"thumbnailUrl":"https:\/\/www.campings.com\/fr\/content\/wp-content\/uploads\/2019\/03\/h\u00e9raault.jpg","datePublished":"2019-03-22T15:14:45+00:00","dateModified":"2025-06-25T11:59:20+00:00","breadcrumb":{"@id":"https:\/\/www.campings.com\/fr\/content\/guide-camping-herault\/#breadcrumb"},"inLanguage":"fr-FR","potentialAction":[{"@type":"ReadAction","target":["https:\/\/www.campings.com\/fr\/content\/guide-camping-herault\/"]}]},{"@type":"ImageObject","inLanguage":"fr-FR","@id":"https:\/\/www.campings.com\/fr\/content\/guide-camping-herault\/#primaryimage","url":"https:\/\/www.campings.com\/fr\/content\/wp-content\/uploads\/2019\/03\/h\u00e9raault.jpg","contentUrl":"https:\/\/www.campings.com\/fr\/content\/wp-content\/uploads\/2019\/03\/h\u00e9raault.jpg","width":1670,"height":650},{"@type":"BreadcrumbList","@id":"https:\/\/www.campings.com\/fr\/content\/guide-camping-herault\/#breadcrumb","itemListElement":[{"@type":"ListItem","position":1,"name":"Home","item":"https:\/\/www.campings.com\/fr\/content\/"},{"@type":"ListItem","position":2,"name":"Guide Camping H\u00e9rault"}]},{"@type":"WebSite","@id":"https:\/\/www.campings.com\/fr\/content\/#website","url":"https:\/\/www.campings.com\/fr\/content\/","name":"","description":"","publisher":{"@id":"https:\/\/www.campings.com\/fr\/content\/#organization"},"potentialAction":[{"@type":"SearchAction","target":{"@type":"EntryPoint","urlTemplate":"https:\/\/www.campings.com\/fr\/content\/?s={search_term_string}"},"query-input":{"@type":"PropertyValueSpecification","valueRequired":true,"valueName":"search_term_string"}}],"inLanguage":"fr-FR"},{"@type":"Organization","@id":"https:\/\/www.campings.com\/fr\/content\/#organization","name":"CAMPINGS.COM","url":"https:\/\/www.campings.com\/fr\/content\/","logo":{"@type":"ImageObject","inLanguage":"fr-FR","@id":"https:\/\/www.campings.com\/fr\/content\/#\/schema\/logo\/image\/","url":"https:\/\/www.campings.com\/fr\/content\/wp-content\/uploads\/2019\/01\/cropped-logo-1.png","contentUrl":"https:\/\/www.campings.com\/fr\/content\/wp-content\/uploads\/2019\/01\/cropped-logo-1.png","width":174,"height":42,"caption":"CAMPINGS.COM"},"image":{"@id":"https:\/\/www.campings.com\/fr\/content\/#\/schema\/logo\/image\/"}}]}},"_links":{"self":[{"href":"https:\/\/www.campings.com\/fr\/content\/wp-json\/wp\/v2\/pages\/433","targetHints":{"allow":["GET"]}}],"collection":[{"href":"https:\/\/www.campings.com\/fr\/content\/wp-json\/wp\/v2\/pages"}],"about":[{"href":"https:\/\/www.campings.com\/fr\/content\/wp-json\/wp\/v2\/types\/page"}],"author":[{"embeddable":true,"href":"https:\/\/www.campings.com\/fr\/content\/wp-json\/wp\/v2\/users\/2"}],"replies":[{"embeddable":true,"href":"https:\/\/www.campings.com\/fr\/content\/wp-json\/wp\/v2\/comments?post=433"}],"version-history":[{"count":20,"href":"https:\/\/www.campings.com\/fr\/content\/wp-json\/wp\/v2\/pages\/433\/revisions"}],"predecessor-version":[{"id":5633,"href":"https:\/\/www.campings.com\/fr\/content\/wp-json\/wp\/v2\/pages\/433\/revisions\/5633"}],"wp:featuredmedia":[{"embeddable":true,"href":"https:\/\/www.campings.com\/fr\/content\/wp-json\/wp\/v2\/media\/906"}],"wp:attachment":[{"href":"https:\/\/www.campings.com\/fr\/content\/wp-json\/wp\/v2\/media?parent=433"}],"curies":[{"name":"wp","href":"https:\/\/api.w.org\/{rel}","templated":true}]}}