{"id":4087,"date":"2023-07-11T05:44:07","date_gmt":"2023-07-11T04:44:07","guid":{"rendered":"https:\/\/www.campings.com\/fr\/content\/?page_id=4087"},"modified":"2026-02-16T15:49:28","modified_gmt":"2026-02-16T14:49:28","slug":"ecoresponsabilite","status":"publish","type":"page","link":"https:\/\/www.campings.com\/fr\/content\/ecoresponsabilite\/","title":{"rendered":"<span style=\"display:none\">Eco-responsabilit\u00e9<\/span>"},"content":{"rendered":"<div class=\"lp-cc lp-ecolabels\">\n<section class=\"lp-ecolabels--hero\">\n<div class=\"hero--wrapper\">\n<p class=\"label--new\">Nouveau<\/p>\n<h2>Nos labels <strong>Qualit\u00e9<\/strong><\/h2>\n<p>Vous avez la possibilit\u00e9 de trouver sur notre site les campings qui s\u2019engagent pour un tourisme durable. Notre moteur de recherche permet d\u2019identifier les h\u00e9bergements ayant re\u00e7u les labels La Clef Verte et Ecolabel. Gr\u00e2ce \u00e0 cette nouvelle fonctionnalit\u00e9, nous valorisons nos partenaires les plus respectueux de l\u2019environnement.\u00a0<\/p><\/div>\n<\/section>\n<section class=\"lp--section\">\n<article class=\"lp--section-wrapper\">\n<ul class=\"lp-ecolabels--list\">\n<li>\n<figure><img loading=\"lazy\" decoding=\"async\" class=\"alignnone\" src=\"https:\/\/www.campings.com\/fr\/content\/wp-content\/uploads\/2023\/07\/cv-logo-1-150x150.png\" alt=\"\" width=\"80\" height=\"80\" \/><\/figure>\n<div>\n<h6>La Clef verte<\/h6>\n<p>Pr\u00e9sent sur les cinq continents, l&rsquo;ecolabel touristique Clef Verte \/ Green Key est le premier label de tourisme durable international pour les h\u00e9bergements touristiques et les restaurants qui s\u2019engagent dans une d\u00e9marche environnementale performante avec pour objectif d\u2019\u00e9voluer en permanence vers les meilleures pratiques recommand\u00e9es par Clef Verte.<br \/>D\u00e9velopp\u00e9 en France depuis 1998, le label Clef Verte est, par le nombre d&rsquo;\u00e9tablissements labellis\u00e9s et par son ant\u00e9riorit\u00e9, le premier \u00e9colabel pour les\u00a0\u00e9tablissements touristiques en France.<br \/>Ses crit\u00e8res sont bas\u00e9s sur le respect de la nature et des personnes. Ils se traduisent notamment par une consommation raisonn\u00e9e d\u2019\u00e9nergie et d\u2019eau, par une bonne gestion des d\u00e9chets, par une proposition de loisirs qui ne nuisent pas \u00e0 notre environnement, par une sensibilisation des h\u00f4tes et la formation des employ\u00e9s\u2026 Ces derniers permettent aux \u00e9tablissements de r\u00e9duire leur impact environnemental et de s\u2019engager en faveur de la r\u00e9alisation des Objectifs de D\u00e9veloppement Durable de l\u2019ONU.<br \/>Pour en savoir plus : <a href=\"https:\/\/www.laclefverte.org\/\">https:\/\/www.laclefverte.org\/<\/a><br \/><a href=\"https:\/\/www.campings.com\/fr\/search\/?product_properties%5B0%5D=green_key\">R\u00e9servez dans un camping labellis\u00e9 Clef Verte.<\/a><\/p>\n<\/div>\n<\/li>\n<li>\n<figure><img loading=\"lazy\" decoding=\"async\" class=\"alignnone\" src=\"https:\/\/www.campings.com\/fr\/content\/wp-content\/uploads\/2023\/07\/Logo_Ecolabel.svg-150x150.png\" alt=\"\" width=\"80\" height=\"80\" \/><\/figure>\n<div>\n<h6>\u00c9colabel Europ\u00e9en<\/h6>\n<p>Initi\u00e9 en 1992 par la Commission Europ\u00e9enne, l\u2019\u00c9colabel Europ\u00e9en est un label officiel permettant de valoriser les produits et services respectueux de l\u2019environnement. Les h\u00e9bergements touristiques tels que les campings peuvent y pr\u00e9tendre depuis 2005. \u00a0L\u2019Ecolabel europ\u00e9en est le seul label \u00e9cologique officiel commun \u00e0 l\u2019ensemble des pays de l&rsquo;Union europ\u00e9enne.<br \/>Ce label garantit que l\u2019h\u00e9bergement contribue activement \u00e0 l\u2019utilisation de sources d\u2019\u00e9nergie renouvelables, l\u2019\u00e9conomie d\u2019\u00e9nergie et d\u2019eau, la r\u00e9duction de la production de d\u00e9chets, la lutte contre le gaspillage alimentaire ou encore l&rsquo;am\u00e9lioration de l&rsquo;environnement local.<br \/>Pour en savoir plus : <a href=\"https:\/\/www.ecolabels.fr\/\">https:\/\/www.ecolabels.fr\/<\/a><br \/><a href=\"https:\/\/www.campings.com\/fr\/search\/?product_properties%5B0%5D=ecolabel\">R\u00e9servez dans un camping labellis\u00e9 Ecolabel.<\/a><\/p>\n<\/div>\n<\/li>\n<\/ul>\n<\/article>\n<\/section>\n<\/div>\n","protected":false},"excerpt":{"rendered":"<p>Nouveau Nos labels Qualit\u00e9 Vous avez la possibilit\u00e9 de trouver sur notre site les campings qui s\u2019engagent pour un tourisme durable. Notre moteur de recherche permet d\u2019identifier les h\u00e9bergements ayant re\u00e7u les labels La Clef Verte et Ecolabel. Gr\u00e2ce \u00e0 cette nouvelle fonctionnalit\u00e9, nous valorisons nos partenaires les plus respectueux de l\u2019environnement.\u00a0 La Clef verte [&hellip;]<\/p>\n","protected":false},"author":25,"featured_media":0,"parent":0,"menu_order":0,"comment_status":"closed","ping_status":"closed","template":"template-onecolumn.php","meta":{"_acf_changed":false,"footnotes":""},"class_list":["post-4087","page","type-page","status-publish","hentry"],"acf":[],"yoast_head":"<!-- This site is optimized with the Yoast SEO plugin v27.1.1 - https:\/\/yoast.com\/product\/yoast-seo-wordpress\/ -->\n<title>Eco-responsabilit\u00e9 -<\/title>\n<meta name=\"robots\" content=\"index, follow, max-snippet:-1, max-image-preview:large, max-video-preview:-1\" \/>\n<link rel=\"canonical\" href=\"https:\/\/www.campings.com\/fr\/content\/ecoresponsabilite\/\" \/>\n<meta property=\"og:locale\" content=\"fr_FR\" \/>\n<meta property=\"og:type\" content=\"article\" \/>\n<meta property=\"og:title\" content=\"Eco-responsabilit\u00e9 -\" \/>\n<meta property=\"og:description\" content=\"Nouveau Nos labels Qualit\u00e9 Vous avez la possibilit\u00e9 de trouver sur notre site les campings qui s\u2019engagent pour un tourisme durable. Notre moteur de recherche permet d\u2019identifier les h\u00e9bergements ayant re\u00e7u les labels La Clef Verte et Ecolabel. Gr\u00e2ce \u00e0 cette nouvelle fonctionnalit\u00e9, nous valorisons nos partenaires les plus respectueux de l\u2019environnement.\u00a0 La Clef verte [&hellip;]\" \/>\n<meta property=\"og:url\" content=\"https:\/\/www.campings.com\/fr\/content\/ecoresponsabilite\/\" \/>\n<meta property=\"article:modified_time\" content=\"2026-02-16T14:49:28+00:00\" \/>\n<meta property=\"og:image\" content=\"https:\/\/www.campings.com\/fr\/content\/wp-content\/uploads\/2023\/07\/cv-logo-1-150x150.png\" \/>\n<meta name=\"twitter:card\" content=\"summary_large_image\" \/>\n<meta name=\"twitter:label1\" content=\"Dur\u00e9e de lecture estim\u00e9e\" \/>\n\t<meta name=\"twitter:data1\" content=\"2 minutes\" \/>\n<script type=\"application\/ld+json\" class=\"yoast-schema-graph\">{\"@context\":\"https:\/\/schema.org\",\"@graph\":[{\"@type\":\"WebPage\",\"@id\":\"https:\/\/www.campings.com\/fr\/content\/ecoresponsabilite\/\",\"url\":\"https:\/\/www.campings.com\/fr\/content\/ecoresponsabilite\/\",\"name\":\"Eco-responsabilit\u00e9 -\",\"isPartOf\":{\"@id\":\"https:\/\/www.campings.com\/fr\/content\/#website\"},\"primaryImageOfPage\":{\"@id\":\"https:\/\/www.campings.com\/fr\/content\/ecoresponsabilite\/#primaryimage\"},\"image\":{\"@id\":\"https:\/\/www.campings.com\/fr\/content\/ecoresponsabilite\/#primaryimage\"},\"thumbnailUrl\":\"https:\/\/www.campings.com\/fr\/content\/wp-content\/uploads\/2023\/07\/cv-logo-1-150x150.png\",\"datePublished\":\"2023-07-11T04:44:07+00:00\",\"dateModified\":\"2026-02-16T14:49:28+00:00\",\"breadcrumb\":{\"@id\":\"https:\/\/www.campings.com\/fr\/content\/ecoresponsabilite\/#breadcrumb\"},\"inLanguage\":\"fr-FR\",\"potentialAction\":[{\"@type\":\"ReadAction\",\"target\":[\"https:\/\/www.campings.com\/fr\/content\/ecoresponsabilite\/\"]}]},{\"@type\":\"ImageObject\",\"inLanguage\":\"fr-FR\",\"@id\":\"https:\/\/www.campings.com\/fr\/content\/ecoresponsabilite\/#primaryimage\",\"url\":\"https:\/\/www.campings.com\/fr\/content\/wp-content\/uploads\/2023\/07\/cv-logo-1.png\",\"contentUrl\":\"https:\/\/www.campings.com\/fr\/content\/wp-content\/uploads\/2023\/07\/cv-logo-1.png\",\"width\":261,\"height\":301},{\"@type\":\"BreadcrumbList\",\"@id\":\"https:\/\/www.campings.com\/fr\/content\/ecoresponsabilite\/#breadcrumb\",\"itemListElement\":[{\"@type\":\"ListItem\",\"position\":1,\"name\":\"Home\",\"item\":\"https:\/\/www.campings.com\/fr\/content\/\"},{\"@type\":\"ListItem\",\"position\":2,\"name\":\"Eco-responsabilit\u00e9\"}]},{\"@type\":\"WebSite\",\"@id\":\"https:\/\/www.campings.com\/fr\/content\/#website\",\"url\":\"https:\/\/www.campings.com\/fr\/content\/\",\"name\":\"\",\"description\":\"\",\"publisher\":{\"@id\":\"https:\/\/www.campings.com\/fr\/content\/#organization\"},\"potentialAction\":[{\"@type\":\"SearchAction\",\"target\":{\"@type\":\"EntryPoint\",\"urlTemplate\":\"https:\/\/www.campings.com\/fr\/content\/?s={search_term_string}\"},\"query-input\":{\"@type\":\"PropertyValueSpecification\",\"valueRequired\":true,\"valueName\":\"search_term_string\"}}],\"inLanguage\":\"fr-FR\"},{\"@type\":\"Organization\",\"@id\":\"https:\/\/www.campings.com\/fr\/content\/#organization\",\"name\":\"CAMPINGS.COM\",\"url\":\"https:\/\/www.campings.com\/fr\/content\/\",\"logo\":{\"@type\":\"ImageObject\",\"inLanguage\":\"fr-FR\",\"@id\":\"https:\/\/www.campings.com\/fr\/content\/#\/schema\/logo\/image\/\",\"url\":\"https:\/\/www.campings.com\/fr\/content\/wp-content\/uploads\/2019\/01\/cropped-logo-1.png\",\"contentUrl\":\"https:\/\/www.campings.com\/fr\/content\/wp-content\/uploads\/2019\/01\/cropped-logo-1.png\",\"width\":174,\"height\":42,\"caption\":\"CAMPINGS.COM\"},\"image\":{\"@id\":\"https:\/\/www.campings.com\/fr\/content\/#\/schema\/logo\/image\/\"}}]}<\/script>\n<!-- \/ Yoast SEO plugin. -->","yoast_head_json":{"title":"Eco-responsabilit\u00e9 -","robots":{"index":"index","follow":"follow","max-snippet":"max-snippet:-1","max-image-preview":"max-image-preview:large","max-video-preview":"max-video-preview:-1"},"canonical":"https:\/\/www.campings.com\/fr\/content\/ecoresponsabilite\/","og_locale":"fr_FR","og_type":"article","og_title":"Eco-responsabilit\u00e9 -","og_description":"Nouveau Nos labels Qualit\u00e9 Vous avez la possibilit\u00e9 de trouver sur notre site les campings qui s\u2019engagent pour un tourisme durable. Notre moteur de recherche permet d\u2019identifier les h\u00e9bergements ayant re\u00e7u les labels La Clef Verte et Ecolabel. Gr\u00e2ce \u00e0 cette nouvelle fonctionnalit\u00e9, nous valorisons nos partenaires les plus respectueux de l\u2019environnement.\u00a0 La Clef verte [&hellip;]","og_url":"https:\/\/www.campings.com\/fr\/content\/ecoresponsabilite\/","article_modified_time":"2026-02-16T14:49:28+00:00","og_image":[{"url":"https:\/\/www.campings.com\/fr\/content\/wp-content\/uploads\/2023\/07\/cv-logo-1-150x150.png","type":"","width":"","height":""}],"twitter_card":"summary_large_image","twitter_misc":{"Dur\u00e9e de lecture estim\u00e9e":"2 minutes"},"schema":{"@context":"https:\/\/schema.org","@graph":[{"@type":"WebPage","@id":"https:\/\/www.campings.com\/fr\/content\/ecoresponsabilite\/","url":"https:\/\/www.campings.com\/fr\/content\/ecoresponsabilite\/","name":"Eco-responsabilit\u00e9 -","isPartOf":{"@id":"https:\/\/www.campings.com\/fr\/content\/#website"},"primaryImageOfPage":{"@id":"https:\/\/www.campings.com\/fr\/content\/ecoresponsabilite\/#primaryimage"},"image":{"@id":"https:\/\/www.campings.com\/fr\/content\/ecoresponsabilite\/#primaryimage"},"thumbnailUrl":"https:\/\/www.campings.com\/fr\/content\/wp-content\/uploads\/2023\/07\/cv-logo-1-150x150.png","datePublished":"2023-07-11T04:44:07+00:00","dateModified":"2026-02-16T14:49:28+00:00","breadcrumb":{"@id":"https:\/\/www.campings.com\/fr\/content\/ecoresponsabilite\/#breadcrumb"},"inLanguage":"fr-FR","potentialAction":[{"@type":"ReadAction","target":["https:\/\/www.campings.com\/fr\/content\/ecoresponsabilite\/"]}]},{"@type":"ImageObject","inLanguage":"fr-FR","@id":"https:\/\/www.campings.com\/fr\/content\/ecoresponsabilite\/#primaryimage","url":"https:\/\/www.campings.com\/fr\/content\/wp-content\/uploads\/2023\/07\/cv-logo-1.png","contentUrl":"https:\/\/www.campings.com\/fr\/content\/wp-content\/uploads\/2023\/07\/cv-logo-1.png","width":261,"height":301},{"@type":"BreadcrumbList","@id":"https:\/\/www.campings.com\/fr\/content\/ecoresponsabilite\/#breadcrumb","itemListElement":[{"@type":"ListItem","position":1,"name":"Home","item":"https:\/\/www.campings.com\/fr\/content\/"},{"@type":"ListItem","position":2,"name":"Eco-responsabilit\u00e9"}]},{"@type":"WebSite","@id":"https:\/\/www.campings.com\/fr\/content\/#website","url":"https:\/\/www.campings.com\/fr\/content\/","name":"","description":"","publisher":{"@id":"https:\/\/www.campings.com\/fr\/content\/#organization"},"potentialAction":[{"@type":"SearchAction","target":{"@type":"EntryPoint","urlTemplate":"https:\/\/www.campings.com\/fr\/content\/?s={search_term_string}"},"query-input":{"@type":"PropertyValueSpecification","valueRequired":true,"valueName":"search_term_string"}}],"inLanguage":"fr-FR"},{"@type":"Organization","@id":"https:\/\/www.campings.com\/fr\/content\/#organization","name":"CAMPINGS.COM","url":"https:\/\/www.campings.com\/fr\/content\/","logo":{"@type":"ImageObject","inLanguage":"fr-FR","@id":"https:\/\/www.campings.com\/fr\/content\/#\/schema\/logo\/image\/","url":"https:\/\/www.campings.com\/fr\/content\/wp-content\/uploads\/2019\/01\/cropped-logo-1.png","contentUrl":"https:\/\/www.campings.com\/fr\/content\/wp-content\/uploads\/2019\/01\/cropped-logo-1.png","width":174,"height":42,"caption":"CAMPINGS.COM"},"image":{"@id":"https:\/\/www.campings.com\/fr\/content\/#\/schema\/logo\/image\/"}}]}},"_links":{"self":[{"href":"https:\/\/www.campings.com\/fr\/content\/wp-json\/wp\/v2\/pages\/4087","targetHints":{"allow":["GET"]}}],"collection":[{"href":"https:\/\/www.campings.com\/fr\/content\/wp-json\/wp\/v2\/pages"}],"about":[{"href":"https:\/\/www.campings.com\/fr\/content\/wp-json\/wp\/v2\/types\/page"}],"author":[{"embeddable":true,"href":"https:\/\/www.campings.com\/fr\/content\/wp-json\/wp\/v2\/users\/25"}],"replies":[{"embeddable":true,"href":"https:\/\/www.campings.com\/fr\/content\/wp-json\/wp\/v2\/comments?post=4087"}],"version-history":[{"count":8,"href":"https:\/\/www.campings.com\/fr\/content\/wp-json\/wp\/v2\/pages\/4087\/revisions"}],"predecessor-version":[{"id":6405,"href":"https:\/\/www.campings.com\/fr\/content\/wp-json\/wp\/v2\/pages\/4087\/revisions\/6405"}],"wp:attachment":[{"href":"https:\/\/www.campings.com\/fr\/content\/wp-json\/wp\/v2\/media?parent=4087"}],"curies":[{"name":"wp","href":"https:\/\/api.w.org\/{rel}","templated":true}]}}