{"id":407,"date":"2019-03-22T14:22:51","date_gmt":"2019-03-22T14:22:51","guid":{"rendered":"https:\/\/www.campings.com\/fr\/content\/?page_id=407"},"modified":"2024-12-09T22:37:37","modified_gmt":"2024-12-09T21:37:37","slug":"guide-camping-poitou-charantes","status":"publish","type":"page","link":"https:\/\/www.campings.com\/fr\/content\/guide-camping-poitou-charantes\/","title":{"rendered":"Guide Camping Poitou-Charantes"},"content":{"rendered":"<p><span style=\"font-weight: 400\"> Il est tout \u00e0 fait possible de s&rsquo;offrir des vacances d\u00e9paysantes au soleil sans quitter l&rsquo;Hexagone. Pour cela, la r\u00e9gion Poitou Charentes est la destination parfaite. Cette sublime r\u00e9gion plait autant pour ses beaut\u00e9s naturelles que pour son patrimoine historique et culturel. Sans oublier son \u00e9tonnante modernit\u00e9, symbolis\u00e9e \u00e0 la perfection par le c\u00e9l\u00e8bre et incontournable parc du Futuroscope ! <\/span><\/p>\n<p><span style=\"font-weight: 400\">D\u00e9cider de partir en camping en Poitou-Charentes, c&rsquo;est avoir la certitude de passer un s\u00e9jour des plus agr\u00e9ables. En visitant l&rsquo;\u00cele d&rsquo;Ol\u00e9ron ou l&rsquo;\u00cele de R\u00e9, vous vous sentirez loin de votre quotidien. Entre Royan et la Rochelle, ce ne sont pas les belles villes qui manquent pour se divertir et se cultiver en famille ou entre amis. <\/span><span style=\"font-weight: 400\">Que vous choisissez de partir un week-end ou deux semaines, il y aura toujours quelque chose \u00e0 faire et de nouvelles activit\u00e9s \u00e0 d\u00e9couvrir. Gr\u00e2ce \u00e0 notre s\u00e9lection en ligne, vous pouvez facilement r\u00e9server des vacances en camping en Poitou-Charentes et partir explorer les tr\u00e9sors du marais poitevin. <\/span><\/p>\n<p><span style=\"font-weight: 400\">Une mise en garde s&rsquo;impose ! Une fois que vous aurez go\u00fbt\u00e9 aux nombreux charmes de la r\u00e9gion, il vous sera difficile de retrouver votre routine. La bonne nouvelle, c&rsquo;est que vous aurez toujours la possibilit\u00e9 de r\u00e9server \u00e0 nouveau une location de mobil-home en Poitou-Charentes pour vos prochaines vacances. Un s\u00e9jour ne suffit pas pour faire le tour des plus belles plages ou des villages les plus pittoresques de cette r\u00e9gion unique.<\/span><\/p>\n","protected":false},"excerpt":{"rendered":"<p>Il est tout \u00e0 fait possible de s&rsquo;offrir des vacances d\u00e9paysantes au soleil sans quitter l&rsquo;Hexagone. Pour cela, la r\u00e9gion Poitou Charentes est la destination parfaite. Cette sublime r\u00e9gion plait autant pour ses beaut\u00e9s naturelles que pour son patrimoine historique et culturel. Sans oublier son \u00e9tonnante modernit\u00e9, symbolis\u00e9e \u00e0 la perfection par le c\u00e9l\u00e8bre et [&hellip;]<\/p>\n","protected":false},"author":2,"featured_media":911,"parent":0,"menu_order":0,"comment_status":"closed","ping_status":"closed","template":"template-region.php","meta":{"_acf_changed":false,"footnotes":""},"class_list":["post-407","page","type-page","status-publish","has-post-thumbnail","hentry"],"acf":[],"yoast_head":"<!-- This site is optimized with the Yoast SEO plugin v27.1.1 - https:\/\/yoast.com\/product\/yoast-seo-wordpress\/ -->\n<title>Guide Camping Poitou-Charantes -<\/title>\n<meta name=\"robots\" content=\"index, follow, max-snippet:-1, max-image-preview:large, max-video-preview:-1\" \/>\n<link rel=\"canonical\" href=\"https:\/\/www.campings.com\/fr\/content\/guide-camping-poitou-charantes\/\" \/>\n<meta property=\"og:locale\" content=\"fr_FR\" \/>\n<meta property=\"og:type\" content=\"article\" \/>\n<meta property=\"og:title\" content=\"Guide Camping Poitou-Charantes -\" \/>\n<meta property=\"og:description\" content=\"Il est tout \u00e0 fait possible de s&rsquo;offrir des vacances d\u00e9paysantes au soleil sans quitter l&rsquo;Hexagone. Pour cela, la r\u00e9gion Poitou Charentes est la destination parfaite. Cette sublime r\u00e9gion plait autant pour ses beaut\u00e9s naturelles que pour son patrimoine historique et culturel. Sans oublier son \u00e9tonnante modernit\u00e9, symbolis\u00e9e \u00e0 la perfection par le c\u00e9l\u00e8bre et [&hellip;]\" \/>\n<meta property=\"og:url\" content=\"https:\/\/www.campings.com\/fr\/content\/guide-camping-poitou-charantes\/\" \/>\n<meta property=\"article:modified_time\" content=\"2024-12-09T21:37:37+00:00\" \/>\n<meta property=\"og:image\" content=\"https:\/\/www.campings.com\/fr\/content\/wp-content\/uploads\/2019\/03\/Poitou-charentes-min.jpg\" \/>\n\t<meta property=\"og:image:width\" content=\"1670\" \/>\n\t<meta property=\"og:image:height\" content=\"650\" \/>\n\t<meta property=\"og:image:type\" content=\"image\/jpeg\" \/>\n<meta name=\"twitter:card\" content=\"summary_large_image\" \/>\n<meta name=\"twitter:label1\" content=\"Dur\u00e9e de lecture estim\u00e9e\" \/>\n\t<meta name=\"twitter:data1\" content=\"1 minute\" \/>\n<script type=\"application\/ld+json\" class=\"yoast-schema-graph\">{\"@context\":\"https:\/\/schema.org\",\"@graph\":[{\"@type\":\"WebPage\",\"@id\":\"https:\/\/www.campings.com\/fr\/content\/guide-camping-poitou-charantes\/\",\"url\":\"https:\/\/www.campings.com\/fr\/content\/guide-camping-poitou-charantes\/\",\"name\":\"Guide Camping Poitou-Charantes -\",\"isPartOf\":{\"@id\":\"https:\/\/www.campings.com\/fr\/content\/#website\"},\"primaryImageOfPage\":{\"@id\":\"https:\/\/www.campings.com\/fr\/content\/guide-camping-poitou-charantes\/#primaryimage\"},\"image\":{\"@id\":\"https:\/\/www.campings.com\/fr\/content\/guide-camping-poitou-charantes\/#primaryimage\"},\"thumbnailUrl\":\"https:\/\/www.campings.com\/fr\/content\/wp-content\/uploads\/2019\/03\/Poitou-charentes-min.jpg\",\"datePublished\":\"2019-03-22T14:22:51+00:00\",\"dateModified\":\"2024-12-09T21:37:37+00:00\",\"breadcrumb\":{\"@id\":\"https:\/\/www.campings.com\/fr\/content\/guide-camping-poitou-charantes\/#breadcrumb\"},\"inLanguage\":\"fr-FR\",\"potentialAction\":[{\"@type\":\"ReadAction\",\"target\":[\"https:\/\/www.campings.com\/fr\/content\/guide-camping-poitou-charantes\/\"]}]},{\"@type\":\"ImageObject\",\"inLanguage\":\"fr-FR\",\"@id\":\"https:\/\/www.campings.com\/fr\/content\/guide-camping-poitou-charantes\/#primaryimage\",\"url\":\"https:\/\/www.campings.com\/fr\/content\/wp-content\/uploads\/2019\/03\/Poitou-charentes-min.jpg\",\"contentUrl\":\"https:\/\/www.campings.com\/fr\/content\/wp-content\/uploads\/2019\/03\/Poitou-charentes-min.jpg\",\"width\":1670,\"height\":650},{\"@type\":\"BreadcrumbList\",\"@id\":\"https:\/\/www.campings.com\/fr\/content\/guide-camping-poitou-charantes\/#breadcrumb\",\"itemListElement\":[{\"@type\":\"ListItem\",\"position\":1,\"name\":\"Home\",\"item\":\"https:\/\/www.campings.com\/fr\/content\/\"},{\"@type\":\"ListItem\",\"position\":2,\"name\":\"Guide Camping Poitou-Charantes\"}]},{\"@type\":\"WebSite\",\"@id\":\"https:\/\/www.campings.com\/fr\/content\/#website\",\"url\":\"https:\/\/www.campings.com\/fr\/content\/\",\"name\":\"\",\"description\":\"\",\"publisher\":{\"@id\":\"https:\/\/www.campings.com\/fr\/content\/#organization\"},\"potentialAction\":[{\"@type\":\"SearchAction\",\"target\":{\"@type\":\"EntryPoint\",\"urlTemplate\":\"https:\/\/www.campings.com\/fr\/content\/?s={search_term_string}\"},\"query-input\":{\"@type\":\"PropertyValueSpecification\",\"valueRequired\":true,\"valueName\":\"search_term_string\"}}],\"inLanguage\":\"fr-FR\"},{\"@type\":\"Organization\",\"@id\":\"https:\/\/www.campings.com\/fr\/content\/#organization\",\"name\":\"CAMPINGS.COM\",\"url\":\"https:\/\/www.campings.com\/fr\/content\/\",\"logo\":{\"@type\":\"ImageObject\",\"inLanguage\":\"fr-FR\",\"@id\":\"https:\/\/www.campings.com\/fr\/content\/#\/schema\/logo\/image\/\",\"url\":\"https:\/\/www.campings.com\/fr\/content\/wp-content\/uploads\/2019\/01\/cropped-logo-1.png\",\"contentUrl\":\"https:\/\/www.campings.com\/fr\/content\/wp-content\/uploads\/2019\/01\/cropped-logo-1.png\",\"width\":174,\"height\":42,\"caption\":\"CAMPINGS.COM\"},\"image\":{\"@id\":\"https:\/\/www.campings.com\/fr\/content\/#\/schema\/logo\/image\/\"}}]}<\/script>\n<!-- \/ Yoast SEO plugin. -->","yoast_head_json":{"title":"Guide Camping Poitou-Charantes -","robots":{"index":"index","follow":"follow","max-snippet":"max-snippet:-1","max-image-preview":"max-image-preview:large","max-video-preview":"max-video-preview:-1"},"canonical":"https:\/\/www.campings.com\/fr\/content\/guide-camping-poitou-charantes\/","og_locale":"fr_FR","og_type":"article","og_title":"Guide Camping Poitou-Charantes -","og_description":"Il est tout \u00e0 fait possible de s&rsquo;offrir des vacances d\u00e9paysantes au soleil sans quitter l&rsquo;Hexagone. Pour cela, la r\u00e9gion Poitou Charentes est la destination parfaite. Cette sublime r\u00e9gion plait autant pour ses beaut\u00e9s naturelles que pour son patrimoine historique et culturel. Sans oublier son \u00e9tonnante modernit\u00e9, symbolis\u00e9e \u00e0 la perfection par le c\u00e9l\u00e8bre et [&hellip;]","og_url":"https:\/\/www.campings.com\/fr\/content\/guide-camping-poitou-charantes\/","article_modified_time":"2024-12-09T21:37:37+00:00","og_image":[{"width":1670,"height":650,"url":"https:\/\/www.campings.com\/fr\/content\/wp-content\/uploads\/2019\/03\/Poitou-charentes-min.jpg","type":"image\/jpeg"}],"twitter_card":"summary_large_image","twitter_misc":{"Dur\u00e9e de lecture estim\u00e9e":"1 minute"},"schema":{"@context":"https:\/\/schema.org","@graph":[{"@type":"WebPage","@id":"https:\/\/www.campings.com\/fr\/content\/guide-camping-poitou-charantes\/","url":"https:\/\/www.campings.com\/fr\/content\/guide-camping-poitou-charantes\/","name":"Guide Camping Poitou-Charantes -","isPartOf":{"@id":"https:\/\/www.campings.com\/fr\/content\/#website"},"primaryImageOfPage":{"@id":"https:\/\/www.campings.com\/fr\/content\/guide-camping-poitou-charantes\/#primaryimage"},"image":{"@id":"https:\/\/www.campings.com\/fr\/content\/guide-camping-poitou-charantes\/#primaryimage"},"thumbnailUrl":"https:\/\/www.campings.com\/fr\/content\/wp-content\/uploads\/2019\/03\/Poitou-charentes-min.jpg","datePublished":"2019-03-22T14:22:51+00:00","dateModified":"2024-12-09T21:37:37+00:00","breadcrumb":{"@id":"https:\/\/www.campings.com\/fr\/content\/guide-camping-poitou-charantes\/#breadcrumb"},"inLanguage":"fr-FR","potentialAction":[{"@type":"ReadAction","target":["https:\/\/www.campings.com\/fr\/content\/guide-camping-poitou-charantes\/"]}]},{"@type":"ImageObject","inLanguage":"fr-FR","@id":"https:\/\/www.campings.com\/fr\/content\/guide-camping-poitou-charantes\/#primaryimage","url":"https:\/\/www.campings.com\/fr\/content\/wp-content\/uploads\/2019\/03\/Poitou-charentes-min.jpg","contentUrl":"https:\/\/www.campings.com\/fr\/content\/wp-content\/uploads\/2019\/03\/Poitou-charentes-min.jpg","width":1670,"height":650},{"@type":"BreadcrumbList","@id":"https:\/\/www.campings.com\/fr\/content\/guide-camping-poitou-charantes\/#breadcrumb","itemListElement":[{"@type":"ListItem","position":1,"name":"Home","item":"https:\/\/www.campings.com\/fr\/content\/"},{"@type":"ListItem","position":2,"name":"Guide Camping Poitou-Charantes"}]},{"@type":"WebSite","@id":"https:\/\/www.campings.com\/fr\/content\/#website","url":"https:\/\/www.campings.com\/fr\/content\/","name":"","description":"","publisher":{"@id":"https:\/\/www.campings.com\/fr\/content\/#organization"},"potentialAction":[{"@type":"SearchAction","target":{"@type":"EntryPoint","urlTemplate":"https:\/\/www.campings.com\/fr\/content\/?s={search_term_string}"},"query-input":{"@type":"PropertyValueSpecification","valueRequired":true,"valueName":"search_term_string"}}],"inLanguage":"fr-FR"},{"@type":"Organization","@id":"https:\/\/www.campings.com\/fr\/content\/#organization","name":"CAMPINGS.COM","url":"https:\/\/www.campings.com\/fr\/content\/","logo":{"@type":"ImageObject","inLanguage":"fr-FR","@id":"https:\/\/www.campings.com\/fr\/content\/#\/schema\/logo\/image\/","url":"https:\/\/www.campings.com\/fr\/content\/wp-content\/uploads\/2019\/01\/cropped-logo-1.png","contentUrl":"https:\/\/www.campings.com\/fr\/content\/wp-content\/uploads\/2019\/01\/cropped-logo-1.png","width":174,"height":42,"caption":"CAMPINGS.COM"},"image":{"@id":"https:\/\/www.campings.com\/fr\/content\/#\/schema\/logo\/image\/"}}]}},"_links":{"self":[{"href":"https:\/\/www.campings.com\/fr\/content\/wp-json\/wp\/v2\/pages\/407","targetHints":{"allow":["GET"]}}],"collection":[{"href":"https:\/\/www.campings.com\/fr\/content\/wp-json\/wp\/v2\/pages"}],"about":[{"href":"https:\/\/www.campings.com\/fr\/content\/wp-json\/wp\/v2\/types\/page"}],"author":[{"embeddable":true,"href":"https:\/\/www.campings.com\/fr\/content\/wp-json\/wp\/v2\/users\/2"}],"replies":[{"embeddable":true,"href":"https:\/\/www.campings.com\/fr\/content\/wp-json\/wp\/v2\/comments?post=407"}],"version-history":[{"count":12,"href":"https:\/\/www.campings.com\/fr\/content\/wp-json\/wp\/v2\/pages\/407\/revisions"}],"predecessor-version":[{"id":4840,"href":"https:\/\/www.campings.com\/fr\/content\/wp-json\/wp\/v2\/pages\/407\/revisions\/4840"}],"wp:featuredmedia":[{"embeddable":true,"href":"https:\/\/www.campings.com\/fr\/content\/wp-json\/wp\/v2\/media\/911"}],"wp:attachment":[{"href":"https:\/\/www.campings.com\/fr\/content\/wp-json\/wp\/v2\/media?parent=407"}],"curies":[{"name":"wp","href":"https:\/\/api.w.org\/{rel}","templated":true}]}}