{"id":3652,"date":"2022-03-25T11:58:29","date_gmt":"2022-03-25T11:58:29","guid":{"rendered":"https:\/\/www.campings.com\/fr\/content\/?page_id=3652"},"modified":"2022-03-25T11:58:29","modified_gmt":"2022-03-25T11:58:29","slug":"auvergne-campings-pas-cher","status":"publish","type":"page","link":"https:\/\/www.campings.com\/fr\/content\/guide-vacances-auvergne\/auvergne-campings-pas-cher\/","title":{"rendered":"Auvergne : les meilleurs campings pas cher pour vos vacances"},"content":{"rendered":"<p>Avec ses volcans et ses r\u00e9serves naturelles de toute beaut\u00e9, <a href=\"https:\/\/www.campings.com\/fr\/content\/guide-vacances-auvergne\/\"><strong>l\u2019Auvergne<\/strong><\/a> est un territoire qui offre des panoramas grandioses\u2026 C\u2019est aussi une destination r\u00eav\u00e9e pour passer un s\u00e9jour entre lacs et montagnes. Si vous avez un budget serr\u00e9 pour partir en vacances, parcourez sans attendre notre s\u00e9lection des meilleurs campings pas chers.<\/p>\n<p>Envie de vous ressourcer en\u00a0<a href=\"https:\/\/www.campings.com\/fr\/france\/auvergne\"><strong><u>Auvergne<\/u><\/strong><\/a>\u00a0et vous reconnecter avec la nature ? Avec ses paysages \u00e9poustouflants, ses monuments historiques, ses volcans et ses grands espaces, le Massif central\u2026 la r\u00e9gion vous promet un d\u00e9paysement total. Pour pr\u00e9parer votre s\u00e9jour, d\u00e9couvrez notre liste de campings pas chers pour des vacances r\u00e9ussies, m\u00eame avec un petit budget.<\/p>\n<h2><strong>Les meilleurs campings proches du Massif central<\/strong><\/h2>\n<h3><strong>Camping Le Moulin du Teinturier<\/strong><\/h3>\n<p>Situ\u00e9 dans le Cantal, cet \u00e9tablissement 3 \u00e9toiles est parfait pour les familles. Il abrite un espace aquatique et un centre \u00e9questre. Des randonn\u00e9es p\u00e9destres sont \u00e9galement organis\u00e9es. La location d\u2019un chalet est accessible \u00e0 partir de 240 \u20ac.<\/p>\n<p>Adresse : 9 Rue de Montjoly, 15140 Saint-Martin-Valmeroux<\/p>\n<p><a href=\"https:\/\/www.campings.com\/fr\/camping\/camping-le-moulin-du-teinturier-76578\">Plus d\u2019infos sur le camping le Moulin du Teinturier<\/a>.<\/p>\n<h3><strong>Camping Pommeraie<\/strong><\/h3>\n<p>Ce camping vous promet un s\u00e9jour tout confort dans le Cantal. Les tarifs d\u2019h\u00e9bergement sont \u00e0 partir de 169 \u20ac. L\u2019\u00e9tablissement dispose d\u2019un parc aquatique avec deux piscines (dont une couverte et chauff\u00e9e).<\/p>\n<p>Adresse : Camping La Pommeraie, 15800 Vic-sur-C\u00e8re<\/p>\n<p><a href=\"https:\/\/www.campings.com\/fr\/camping\/camping-pommeraie-78747\">Plus d\u2019infos sur le Camping Pommeraie<\/a>.<\/p>\n<h3><strong>Camping Village De Vacances La Gineste<\/strong><\/h3>\n<p>Offrez-vous des vacances \u00e0 la hauteur de vos attentes dans ce camping situ\u00e9 \u00e0 Arnac, dans le Cantal ! L\u2019\u00e9tablissement est bord\u00e9 par un lac et offre un acc\u00e8s direct \u00e0 une plage priv\u00e9e. Les inconditionnels de la baignade pourront se baigner dans les deux piscines. L\u2019\u00e9t\u00e9, les r\u00e9sidents ont acc\u00e8s \u00e0 des terrains de tennis et volley-ball, sans oublier l\u2019aire de jeux pour les enfants. Le camping propose des chalets et des mobil-homes \u00e0 partir de 179 \u20ac.<\/p>\n<p>Adresse : La Gineste, 15150 Arnac<\/p>\n<p><a href=\"https:\/\/www.campings.com\/fr\/camping\/camping-village-de-vacances-la-gineste-camping-paradis-82156\">Plus d\u2019infos sur le camping Village de Vacances La Gineste<\/a>.<\/p>\n<h2><strong>Les campings aux alentours de Clermont-Ferrand<\/strong><\/h2>\n<p>Pour des vacances r\u00e9ussies en\u00a0<a href=\"https:\/\/www.campings.com\/fr\/content\/guide-vacances-auvergne\/\"><strong><u>Auvergne<\/u><\/strong><\/a>, Campings.com vous recommande cette s\u00e9lection de campings \u00e0 petit prix autour de Clermont-Ferrand.<\/p>\n<h3><strong>Camping Paradis Aydat, \u00e0 proximit\u00e9 du lac d\u2019Aydat<\/strong><\/h3>\n<p>Situ\u00e9 \u00e0 Aydat, dans le Puy-de-D\u00f4me, ce camping familial est l\u2019un des moins chers d\u2019Auvergne. Dans cet \u00e9crin de nature nich\u00e9 au c\u0153ur des volcans d\u2019Auvergne, les logements sont \u00e0 partir de 229 \u20ac. Une piscine ext\u00e9rieure chauff\u00e9e est accessible toute la saison.<\/p>\n<p>Adresse : 18 Boulevard du Lac, 63970 Aydat<\/p>\n<p><a href=\"https:\/\/www.campings.com\/fr\/camping\/camping-paradis-aydat-82721\"><u>Plus d\u2019infos sur le camping Paradis\u00a0<\/u><\/a><a href=\"https:\/\/www.campings.com\/fr\/camping\/camping-paradis-aydat-82721\">Aydat<\/a>.<\/p>\n<p><img loading=\"lazy\" decoding=\"async\" class=\"alignnone size-full wp-image-3653\" src=\"https:\/\/www.campings.com\/fr\/content\/wp-content\/uploads\/2022\/03\/Camping-pas-cher-Aydat.png\" alt=\"\" width=\"1000\" height=\"665\" srcset=\"https:\/\/www.campings.com\/fr\/content\/wp-content\/uploads\/2022\/03\/Camping-pas-cher-Aydat.png 1000w, https:\/\/www.campings.com\/fr\/content\/wp-content\/uploads\/2022\/03\/Camping-pas-cher-Aydat-300x200.png 300w, https:\/\/www.campings.com\/fr\/content\/wp-content\/uploads\/2022\/03\/Camping-pas-cher-Aydat-768x511.png 768w, https:\/\/www.campings.com\/fr\/content\/wp-content\/uploads\/2022\/03\/Camping-pas-cher-Aydat-450x299.png 450w, https:\/\/www.campings.com\/fr\/content\/wp-content\/uploads\/2022\/03\/Camping-pas-cher-Aydat-430x286.png 430w\" sizes=\"auto, (max-width: 1000px) 100vw, 1000px\" \/><\/p>\n<h3><strong>Camping Les Sablons<\/strong><\/h3>\n<p>Ce camping calme et familial vous accueille pr\u00e8s de Clermont-Ferrand, \u00e0 Pont-du-Ch\u00e2teau. Situ\u00e9 dans une nature calme et pr\u00e9serv\u00e9e, il offre un cadre id\u00e9al pour se ressourcer. Une rivi\u00e8re et un \u00e9tang sont situ\u00e9s \u00e0 proximit\u00e9. Vous pourrez vous adonner \u00e0 la p\u00eache ou au kayak. Un parc aquatique est accessible en \u00e9t\u00e9. La location d\u2019un mobil-home dans ce camping pas cher est propos\u00e9e \u00e0 partir de 219 \u20ac.<\/p>\n<p>Adresse : Rte de Vichy, 63430 Pont-du-Ch\u00e2teau<\/p>\n<p><a href=\"https:\/\/www.campings.com\/fr\/camping\/camping-les-sablons-78083\">Plus d\u2019infos sur le camping Les sablons<\/a>.<\/p>\n<h3><strong>Camping Chanset<\/strong><\/h3>\n<p>Pr\u00e8s de Clermont-Ferrand, \u00e0 Ceyrat, ce camping familial pas cher vous accueille dans une ambiance conviviale. La location d\u2019un mobil-home pour 4 personnes est accessible \u00e0 partir de 189 \u20ac. En \u00e9t\u00e9, de nombreuses animations sont propos\u00e9es : tournois de p\u00e9tanque, soir\u00e9es \u00e0 th\u00e8mes\u2026 Pendant les beaux jours, les r\u00e9sidents peuvent profiter de la piscine ext\u00e9rieure chauff\u00e9e.<\/p>\n<p>Adresse : rue du Camping, 63122 Ceyrat<\/p>\n<p><a href=\"https:\/\/www.campings.com\/fr\/camping\/camping-chanset-77070\">Plus d\u2019infos sur le Camping Chanset<\/a>.<\/p>\n<h2><strong>Liste des campings pas chers avec piscine en Auvergne\u00a0<\/strong><\/h2>\n<h3><strong>Camping Le Saint Eloy<\/strong><\/h3>\n<p>Au c\u0153ur d\u2019une nature pr\u00e9serv\u00e9e, dans le Puy de D\u00f4me, ce camping propose plusieurs types d\u2019h\u00e9bergement d\u00e8s 110 \u20ac. R\u00e9solument pas cher, ce camping poss\u00e8de un parc aquatique avec une piscine chauff\u00e9e et une pataugeoire. L\u2019\u00e9tang de Lallabert, situ\u00e9 \u00e0 500 m ravira les amateurs de p\u00eache.<\/p>\n<p>Adresse : Route de la Chaise Dieu, 63630 Saint Germaint l&rsquo;Herm<\/p>\n<p><a href=\"https:\/\/www.campings.com\/fr\/camping\/camping-le-saint-eloy-78277\">Plus d\u2019infos sur le camping le Saint Eloy<\/a>.<\/p>\n<h3><strong>Camping de Tauves<\/strong><\/h3>\n<p>Ce camping familial, situ\u00e9 dans le Puy de D\u00f4me est l\u2019un des moins chers d\u2019Auvergne. La location d\u2019un d\u2019h\u00e9bergement est propos\u00e9e \u00e0 partir de 175 \u20ac. Les r\u00e9sidents auront acc\u00e8s \u00e0 une piscine ext\u00e9rieure chauff\u00e9e en pleine saison.<br \/>\nAdresse : Les Aurandeix, 63690 Tauves<\/p>\n<p><a href=\"https:\/\/www.campings.com\/fr\/camping\/camping-de-tauves-78610\">Plus d\u2019infos sur le camping de Tauves<\/a>.<\/p>\n<h3><strong>Camping La Fressange<\/strong><\/h3>\n<p><strong><br \/>\n<\/strong>Ce camping est parfait pour passer des vacances en famille agr\u00e9ables m\u00eame avec un budget limit\u00e9. Vous pourrez louer un h\u00e9bergement tout confort \u00e0 partir de 190 \u20ac. Une piscine chauff\u00e9e est accessible en \u00e9t\u00e9.<br \/>\nAdresse : La Fressange, 43140 Saint-Didier-en-Velay<\/p>\n<p><a href=\"https:\/\/www.campings.com\/fr\/camping\/camping-la-fressange-82339\">Plus d\u2019infos sur le camping La Fressange<\/a>.<\/p>\n<h2><strong>S\u00e9lection de campings autour des lacs d\u2019Auvergne<\/strong><\/h2>\n<p>Envie de s\u00e9journer dans un camping pas cher situ\u00e9 \u00e0 proximit\u00e9 des lacs d\u2019<a href=\"https:\/\/www.campings.com\/fr\/content\/guide-vacances-auvergne\/\"><strong><u>Auvergne<\/u><\/strong><\/a>\u00a0? D\u00e9couvrez notre s\u00e9lection !<\/p>\n<h3><strong>Camping Chanset, dans le Puy de D\u00f4me<\/strong><\/h3>\n<p>\u00c0 Ceyrat, dans le Puy-de-D\u00f4me ce camping se trouve en plein c\u0153ur du Parc naturel r\u00e9gional des Volcans d\u2019Auvergne. Il constitue un excellent point de chute pour partir \u00e0 la d\u00e9couverte des lacs de la r\u00e9gion. Sur place, vous pourrez profiter de la piscine ext\u00e9rieure chauff\u00e9e. La location de mobil-home est accessible \u00e0 partir de 198 \u20ac.<\/p>\n<p><a href=\"https:\/\/www.campings.com\/fr\/camping\/camping-chanset-77070\">Plus d\u2019infos sur le Camping Chanset<\/a>.<\/p>\n<p><img loading=\"lazy\" decoding=\"async\" class=\"alignnone size-full wp-image-3654\" src=\"https:\/\/www.campings.com\/fr\/content\/wp-content\/uploads\/2022\/03\/Camping-pas-cher-Chanset.png\" alt=\"\" width=\"1000\" height=\"665\" srcset=\"https:\/\/www.campings.com\/fr\/content\/wp-content\/uploads\/2022\/03\/Camping-pas-cher-Chanset.png 1000w, https:\/\/www.campings.com\/fr\/content\/wp-content\/uploads\/2022\/03\/Camping-pas-cher-Chanset-300x200.png 300w, https:\/\/www.campings.com\/fr\/content\/wp-content\/uploads\/2022\/03\/Camping-pas-cher-Chanset-768x511.png 768w, https:\/\/www.campings.com\/fr\/content\/wp-content\/uploads\/2022\/03\/Camping-pas-cher-Chanset-450x299.png 450w, https:\/\/www.campings.com\/fr\/content\/wp-content\/uploads\/2022\/03\/Camping-pas-cher-Chanset-430x286.png 430w\" sizes=\"auto, (max-width: 1000px) 100vw, 1000px\" \/><\/p>\n<h3><strong>Camping de l\u2019Europe, un 4 \u00e9toiles pour des vacances r\u00e9ussies en famille\u00a0<\/strong><\/h3>\n<p>Ce camping, bien qu\u2019il soit class\u00e9 4 \u00e9toiles reste tr\u00e8s abordable. Pour louer un mobil-home, il faut compter en moyenne 179 \u20ac. Sur place, vous aurez acc\u00e8s \u00e0 une piscine chauff\u00e9e avec toboggan. Pour pratiquer des activit\u00e9s nautiques, vous pourrez vous rendre au lac situ\u00e9 \u00e0 proximit\u00e9.<\/p>\n<p><a href=\"https:\/\/www.campings.com\/fr\/camping\/camping-de-l-europe-camping-paradis-77861\">Plus d\u2019infos sur le Camping de l\u2019Europe<\/a>.<\/p>\n<h3><strong>Les Prairies d\u2019Auvergne, un camping nature en Auvergne\u00a0<\/strong><\/h3>\n<p>\u00c0 Sauxillanges (Puy de D\u00f4me), ce camping vous promet des vacances agr\u00e9ables. Situ\u00e9 \u00e0 proximit\u00e9 de nombreux itin\u00e9raires de randonn\u00e9e, cet \u00e9tablissement est parfait pour les adeptes d\u2019activit\u00e9s de plein air. De plus, le camping offre un acc\u00e8s direct \u00e0 un \u00e9tang o\u00f9 pratiquer la p\u00eache. Sur place, les r\u00e9sidents ont acc\u00e8s \u00e0 des tables de ping-pong, une salle de fitness\u2026 Pour louer un logement, il faut pr\u00e9voir 285 \u20ac\/semaine.<\/p>\n<p><a href=\"https:\/\/www.campings.com\/fr\/camping\/camping-des-prairies-dauvergne-78520\">Plus d\u2019infos sur le Camping des Prairies d\u2019Auvergne<\/a>.<\/p>\n","protected":false},"excerpt":{"rendered":"<p>Avec ses volcans et ses r\u00e9serves naturelles de toute beaut\u00e9, l\u2019Auvergne est un territoire qui offre des panoramas grandioses\u2026 C\u2019est aussi une destination r\u00eav\u00e9e pour passer un s\u00e9jour entre lacs et montagnes. Si vous avez un budget serr\u00e9 pour partir en vacances, parcourez sans attendre notre s\u00e9lection des meilleurs campings pas chers. Envie de vous [&hellip;]<\/p>\n","protected":false},"author":18,"featured_media":0,"parent":3583,"menu_order":0,"comment_status":"closed","ping_status":"closed","template":"template-twocolumns.php","meta":{"_acf_changed":false,"footnotes":""},"class_list":["post-3652","page","type-page","status-publish","hentry"],"acf":[],"yoast_head":"<!-- This site is optimized with the Yoast SEO plugin v27.1.1 - https:\/\/yoast.com\/product\/yoast-seo-wordpress\/ -->\n<title>Auvergne : les meilleurs campings pas cher pour vos vacances -<\/title>\n<meta name=\"robots\" content=\"index, follow, max-snippet:-1, max-image-preview:large, max-video-preview:-1\" \/>\n<link rel=\"canonical\" href=\"https:\/\/www.campings.com\/fr\/content\/guide-vacances-auvergne\/auvergne-campings-pas-cher\/\" \/>\n<meta property=\"og:locale\" content=\"fr_FR\" \/>\n<meta property=\"og:type\" content=\"article\" \/>\n<meta property=\"og:title\" content=\"Auvergne : les meilleurs campings pas cher pour vos vacances -\" \/>\n<meta property=\"og:description\" content=\"Avec ses volcans et ses r\u00e9serves naturelles de toute beaut\u00e9, l\u2019Auvergne est un territoire qui offre des panoramas grandioses\u2026 C\u2019est aussi une destination r\u00eav\u00e9e pour passer un s\u00e9jour entre lacs et montagnes. Si vous avez un budget serr\u00e9 pour partir en vacances, parcourez sans attendre notre s\u00e9lection des meilleurs campings pas chers. Envie de vous [&hellip;]\" \/>\n<meta property=\"og:url\" content=\"https:\/\/www.campings.com\/fr\/content\/guide-vacances-auvergne\/auvergne-campings-pas-cher\/\" \/>\n<meta property=\"og:image\" content=\"https:\/\/www.campings.com\/fr\/content\/wp-content\/uploads\/2022\/03\/Camping-pas-cher-Aydat.png\" \/>\n\t<meta property=\"og:image:width\" content=\"1000\" \/>\n\t<meta property=\"og:image:height\" content=\"665\" \/>\n\t<meta property=\"og:image:type\" content=\"image\/png\" \/>\n<meta name=\"twitter:card\" content=\"summary_large_image\" \/>\n<meta name=\"twitter:label1\" content=\"Dur\u00e9e de lecture estim\u00e9e\" \/>\n\t<meta name=\"twitter:data1\" content=\"5 minutes\" \/>\n<script type=\"application\/ld+json\" class=\"yoast-schema-graph\">{\"@context\":\"https:\/\/schema.org\",\"@graph\":[{\"@type\":\"WebPage\",\"@id\":\"https:\/\/www.campings.com\/fr\/content\/guide-vacances-auvergne\/auvergne-campings-pas-cher\/\",\"url\":\"https:\/\/www.campings.com\/fr\/content\/guide-vacances-auvergne\/auvergne-campings-pas-cher\/\",\"name\":\"Auvergne : les meilleurs campings pas cher pour vos vacances -\",\"isPartOf\":{\"@id\":\"https:\/\/www.campings.com\/fr\/content\/#website\"},\"primaryImageOfPage\":{\"@id\":\"https:\/\/www.campings.com\/fr\/content\/guide-vacances-auvergne\/auvergne-campings-pas-cher\/#primaryimage\"},\"image\":{\"@id\":\"https:\/\/www.campings.com\/fr\/content\/guide-vacances-auvergne\/auvergne-campings-pas-cher\/#primaryimage\"},\"thumbnailUrl\":\"https:\/\/www.campings.com\/fr\/content\/wp-content\/uploads\/2022\/03\/Camping-pas-cher-Aydat.png\",\"datePublished\":\"2022-03-25T11:58:29+00:00\",\"breadcrumb\":{\"@id\":\"https:\/\/www.campings.com\/fr\/content\/guide-vacances-auvergne\/auvergne-campings-pas-cher\/#breadcrumb\"},\"inLanguage\":\"fr-FR\",\"potentialAction\":[{\"@type\":\"ReadAction\",\"target\":[\"https:\/\/www.campings.com\/fr\/content\/guide-vacances-auvergne\/auvergne-campings-pas-cher\/\"]}]},{\"@type\":\"ImageObject\",\"inLanguage\":\"fr-FR\",\"@id\":\"https:\/\/www.campings.com\/fr\/content\/guide-vacances-auvergne\/auvergne-campings-pas-cher\/#primaryimage\",\"url\":\"https:\/\/www.campings.com\/fr\/content\/wp-content\/uploads\/2022\/03\/Camping-pas-cher-Aydat.png\",\"contentUrl\":\"https:\/\/www.campings.com\/fr\/content\/wp-content\/uploads\/2022\/03\/Camping-pas-cher-Aydat.png\",\"width\":1000,\"height\":665},{\"@type\":\"BreadcrumbList\",\"@id\":\"https:\/\/www.campings.com\/fr\/content\/guide-vacances-auvergne\/auvergne-campings-pas-cher\/#breadcrumb\",\"itemListElement\":[{\"@type\":\"ListItem\",\"position\":1,\"name\":\"Home\",\"item\":\"https:\/\/www.campings.com\/fr\/content\/\"},{\"@type\":\"ListItem\",\"position\":2,\"name\":\"Le guide de vos vacances en Auvergne\",\"item\":\"https:\/\/www.campings.com\/fr\/content\/guide-vacances-auvergne\/\"},{\"@type\":\"ListItem\",\"position\":3,\"name\":\"Auvergne : les meilleurs campings pas cher pour vos vacances\"}]},{\"@type\":\"WebSite\",\"@id\":\"https:\/\/www.campings.com\/fr\/content\/#website\",\"url\":\"https:\/\/www.campings.com\/fr\/content\/\",\"name\":\"\",\"description\":\"\",\"publisher\":{\"@id\":\"https:\/\/www.campings.com\/fr\/content\/#organization\"},\"potentialAction\":[{\"@type\":\"SearchAction\",\"target\":{\"@type\":\"EntryPoint\",\"urlTemplate\":\"https:\/\/www.campings.com\/fr\/content\/?s={search_term_string}\"},\"query-input\":{\"@type\":\"PropertyValueSpecification\",\"valueRequired\":true,\"valueName\":\"search_term_string\"}}],\"inLanguage\":\"fr-FR\"},{\"@type\":\"Organization\",\"@id\":\"https:\/\/www.campings.com\/fr\/content\/#organization\",\"name\":\"CAMPINGS.COM\",\"url\":\"https:\/\/www.campings.com\/fr\/content\/\",\"logo\":{\"@type\":\"ImageObject\",\"inLanguage\":\"fr-FR\",\"@id\":\"https:\/\/www.campings.com\/fr\/content\/#\/schema\/logo\/image\/\",\"url\":\"https:\/\/www.campings.com\/fr\/content\/wp-content\/uploads\/2019\/01\/cropped-logo-1.png\",\"contentUrl\":\"https:\/\/www.campings.com\/fr\/content\/wp-content\/uploads\/2019\/01\/cropped-logo-1.png\",\"width\":174,\"height\":42,\"caption\":\"CAMPINGS.COM\"},\"image\":{\"@id\":\"https:\/\/www.campings.com\/fr\/content\/#\/schema\/logo\/image\/\"}}]}<\/script>\n<!-- \/ Yoast SEO plugin. -->","yoast_head_json":{"title":"Auvergne : les meilleurs campings pas cher pour vos vacances -","robots":{"index":"index","follow":"follow","max-snippet":"max-snippet:-1","max-image-preview":"max-image-preview:large","max-video-preview":"max-video-preview:-1"},"canonical":"https:\/\/www.campings.com\/fr\/content\/guide-vacances-auvergne\/auvergne-campings-pas-cher\/","og_locale":"fr_FR","og_type":"article","og_title":"Auvergne : les meilleurs campings pas cher pour vos vacances -","og_description":"Avec ses volcans et ses r\u00e9serves naturelles de toute beaut\u00e9, l\u2019Auvergne est un territoire qui offre des panoramas grandioses\u2026 C\u2019est aussi une destination r\u00eav\u00e9e pour passer un s\u00e9jour entre lacs et montagnes. Si vous avez un budget serr\u00e9 pour partir en vacances, parcourez sans attendre notre s\u00e9lection des meilleurs campings pas chers. Envie de vous [&hellip;]","og_url":"https:\/\/www.campings.com\/fr\/content\/guide-vacances-auvergne\/auvergne-campings-pas-cher\/","og_image":[{"width":1000,"height":665,"url":"https:\/\/www.campings.com\/fr\/content\/wp-content\/uploads\/2022\/03\/Camping-pas-cher-Aydat.png","type":"image\/png"}],"twitter_card":"summary_large_image","twitter_misc":{"Dur\u00e9e de lecture estim\u00e9e":"5 minutes"},"schema":{"@context":"https:\/\/schema.org","@graph":[{"@type":"WebPage","@id":"https:\/\/www.campings.com\/fr\/content\/guide-vacances-auvergne\/auvergne-campings-pas-cher\/","url":"https:\/\/www.campings.com\/fr\/content\/guide-vacances-auvergne\/auvergne-campings-pas-cher\/","name":"Auvergne : les meilleurs campings pas cher pour vos vacances -","isPartOf":{"@id":"https:\/\/www.campings.com\/fr\/content\/#website"},"primaryImageOfPage":{"@id":"https:\/\/www.campings.com\/fr\/content\/guide-vacances-auvergne\/auvergne-campings-pas-cher\/#primaryimage"},"image":{"@id":"https:\/\/www.campings.com\/fr\/content\/guide-vacances-auvergne\/auvergne-campings-pas-cher\/#primaryimage"},"thumbnailUrl":"https:\/\/www.campings.com\/fr\/content\/wp-content\/uploads\/2022\/03\/Camping-pas-cher-Aydat.png","datePublished":"2022-03-25T11:58:29+00:00","breadcrumb":{"@id":"https:\/\/www.campings.com\/fr\/content\/guide-vacances-auvergne\/auvergne-campings-pas-cher\/#breadcrumb"},"inLanguage":"fr-FR","potentialAction":[{"@type":"ReadAction","target":["https:\/\/www.campings.com\/fr\/content\/guide-vacances-auvergne\/auvergne-campings-pas-cher\/"]}]},{"@type":"ImageObject","inLanguage":"fr-FR","@id":"https:\/\/www.campings.com\/fr\/content\/guide-vacances-auvergne\/auvergne-campings-pas-cher\/#primaryimage","url":"https:\/\/www.campings.com\/fr\/content\/wp-content\/uploads\/2022\/03\/Camping-pas-cher-Aydat.png","contentUrl":"https:\/\/www.campings.com\/fr\/content\/wp-content\/uploads\/2022\/03\/Camping-pas-cher-Aydat.png","width":1000,"height":665},{"@type":"BreadcrumbList","@id":"https:\/\/www.campings.com\/fr\/content\/guide-vacances-auvergne\/auvergne-campings-pas-cher\/#breadcrumb","itemListElement":[{"@type":"ListItem","position":1,"name":"Home","item":"https:\/\/www.campings.com\/fr\/content\/"},{"@type":"ListItem","position":2,"name":"Le guide de vos vacances en Auvergne","item":"https:\/\/www.campings.com\/fr\/content\/guide-vacances-auvergne\/"},{"@type":"ListItem","position":3,"name":"Auvergne : les meilleurs campings pas cher pour vos vacances"}]},{"@type":"WebSite","@id":"https:\/\/www.campings.com\/fr\/content\/#website","url":"https:\/\/www.campings.com\/fr\/content\/","name":"","description":"","publisher":{"@id":"https:\/\/www.campings.com\/fr\/content\/#organization"},"potentialAction":[{"@type":"SearchAction","target":{"@type":"EntryPoint","urlTemplate":"https:\/\/www.campings.com\/fr\/content\/?s={search_term_string}"},"query-input":{"@type":"PropertyValueSpecification","valueRequired":true,"valueName":"search_term_string"}}],"inLanguage":"fr-FR"},{"@type":"Organization","@id":"https:\/\/www.campings.com\/fr\/content\/#organization","name":"CAMPINGS.COM","url":"https:\/\/www.campings.com\/fr\/content\/","logo":{"@type":"ImageObject","inLanguage":"fr-FR","@id":"https:\/\/www.campings.com\/fr\/content\/#\/schema\/logo\/image\/","url":"https:\/\/www.campings.com\/fr\/content\/wp-content\/uploads\/2019\/01\/cropped-logo-1.png","contentUrl":"https:\/\/www.campings.com\/fr\/content\/wp-content\/uploads\/2019\/01\/cropped-logo-1.png","width":174,"height":42,"caption":"CAMPINGS.COM"},"image":{"@id":"https:\/\/www.campings.com\/fr\/content\/#\/schema\/logo\/image\/"}}]}},"_links":{"self":[{"href":"https:\/\/www.campings.com\/fr\/content\/wp-json\/wp\/v2\/pages\/3652","targetHints":{"allow":["GET"]}}],"collection":[{"href":"https:\/\/www.campings.com\/fr\/content\/wp-json\/wp\/v2\/pages"}],"about":[{"href":"https:\/\/www.campings.com\/fr\/content\/wp-json\/wp\/v2\/types\/page"}],"author":[{"embeddable":true,"href":"https:\/\/www.campings.com\/fr\/content\/wp-json\/wp\/v2\/users\/18"}],"replies":[{"embeddable":true,"href":"https:\/\/www.campings.com\/fr\/content\/wp-json\/wp\/v2\/comments?post=3652"}],"version-history":[{"count":1,"href":"https:\/\/www.campings.com\/fr\/content\/wp-json\/wp\/v2\/pages\/3652\/revisions"}],"predecessor-version":[{"id":3655,"href":"https:\/\/www.campings.com\/fr\/content\/wp-json\/wp\/v2\/pages\/3652\/revisions\/3655"}],"up":[{"embeddable":true,"href":"https:\/\/www.campings.com\/fr\/content\/wp-json\/wp\/v2\/pages\/3583"}],"wp:attachment":[{"href":"https:\/\/www.campings.com\/fr\/content\/wp-json\/wp\/v2\/media?parent=3652"}],"curies":[{"name":"wp","href":"https:\/\/api.w.org\/{rel}","templated":true}]}}