{"id":3648,"date":"2022-03-25T11:44:20","date_gmt":"2022-03-25T11:44:20","guid":{"rendered":"https:\/\/www.campings.com\/fr\/content\/?page_id=3648"},"modified":"2022-03-25T11:44:20","modified_gmt":"2022-03-25T11:44:20","slug":"campings-ouverts-toute-lannee-auvergne","status":"publish","type":"page","link":"https:\/\/www.campings.com\/fr\/content\/guide-vacances-auvergne\/campings-ouverts-toute-lannee-auvergne\/","title":{"rendered":"Les campings ouverts toute l&rsquo;ann\u00e9e en Auvergne"},"content":{"rendered":"<p>\u00c0 la recherche<strong>\u00a0<\/strong>d\u2019un camping ouvert toute l\u2019ann\u00e9e pour partir sans contraintes? <a href=\"https:\/\/www.campings.com\/fr\/content\/guide-vacances-auvergne\/\"><strong>L\u2019Auvergne<\/strong><\/a> r\u00e9pertorie de nombreux \u00e9tablissements o\u00f9 se ressourcer en famille ou entre amis en toute saison. D\u00e9couvrez sans attendre notre s\u00e9lection de campings pour partir en vacances m\u00eame au dernier moment !<\/p>\n<p>Envie de vous plonger au c\u0153ur de l\u2019histoire des volcans d\u2019<a href=\"https:\/\/www.campings.com\/fr\/france\/auvergne\"><strong>Auvergne<\/strong><\/a>\u00a0? Avec ses grands espaces et ses paysages \u00e9poustouflants de beaut\u00e9, la r\u00e9gion se pr\u00eate parfaitement \u00e0 des vacances en camping. Si vous envisagez d\u2019y s\u00e9journer, voici une liste de campings ouverts toute l\u2019ann\u00e9e en Auvergne.<\/p>\n<h2><strong>Les campings ouverts toute l\u2019ann\u00e9e dans le Puy-de-D\u00f4me<\/strong><\/h2>\n<h3><strong>Le Camping Le Saint Eloy, un camping ouvert toute l&rsquo;ann\u00e9e en France\u00a0<\/strong><\/h3>\n<p>\u00c0 Saint-Germain-l&rsquo;Herm, dans le Puy-de-D\u00f4me, ce camping comblera toutes vos attentes. Travers\u00e9 par l&rsquo;\u00e9tang de Lallabert, l\u2019\u00e9tablissement offre un cadre parfait pour se ressourcer. Il met \u00e0 votre disposition une piscine ext\u00e9rieure chauff\u00e9e, un terrain de tennis, un terrain de p\u00e9tanque\u2026<\/p>\n<p>Adresse : route de la Chaise Dieu, 63630 Saint Germaint l&rsquo;Herm<\/p>\n<p><a href=\"https:\/\/www.campings.com\/fr\/camping\/camping-le-saint-eloy-78277\">Plus d\u2019infos sur le\u00a0Camping Le Saint Eloy<\/a>.<\/p>\n<h3><strong>Le Camping de Tauves<\/strong><\/h3>\n<p>\u00c0 Tauves, dans le Puy-de-D\u00f4me, cet \u00e9tablissement est situ\u00e9 dans un cadre de verdure en pleine nature. Pour se divertir, les r\u00e9sidents ont acc\u00e8s \u00e0 plusieurs infrastructures : piscine ext\u00e9rieure, aire de jeux pour enfants, p\u00e9tanque\u2026<\/p>\n<p><a href=\"https:\/\/www.campings.com\/fr\/camping\/camping-de-tauves-78610\">Plus d\u2019infos sur le\u00a0Camping de Tauves<\/a>.<\/p>\n<h3><strong>Le Camping Chanset<\/strong><\/h3>\n<p>\u00c0 Ceyrat, ce camping vous promet un s\u00e9jour totalement d\u00e9paysant dans un cadre reposant. Vous aurez acc\u00e8s \u00e0 une piscine chauff\u00e9e, des tables de ping-pong, des jeux de soci\u00e9t\u00e9\u2026<\/p>\n<p><a href=\"https:\/\/www.campings.com\/fr\/camping\/camping-chanset-77070\">Plus d\u2019infos sur le\u00a0Camping Chanset<\/a>.<\/p>\n<h3><strong>Le Camping les Chelles<\/strong><\/h3>\n<p>\u00c0 Olliergues, pr\u00e8s de Clermont-Ferrand, ce camping comblera toutes vos attentes. Situ\u00e9 dans un magnifique cadre de verdure, l\u2019\u00e9tablissement met \u00e0 votre disposition un \u00e9ventail de services : laverie, wifi, restaurant, bar\u2026 De nombreuses activit\u00e9s de loisirs sont \u00e9galement propos\u00e9es (ping-pong, p\u00e9tanque). En \u00e9t\u00e9, vous pourrez vous baigner dans la piscine ext\u00e9rieure.<\/p>\n<p><a href=\"https:\/\/www.campings.com\/fr\/camping\/camping-les-chelles-77900\">Plus d\u2019infos sur le\u00a0Camping les Chelles<\/a>.<\/p>\n<h2><strong>Liste de campings ouverts toute l\u2019ann\u00e9e avec piscine couverte<\/strong><\/h2>\n<p>Envie de profiter des joies de la baignade \u00e0 n\u2019importe quel moment de l\u2019ann\u00e9e pendant vos vacances en\u00a0<strong><a href=\"https:\/\/www.campings.com\/fr\/content\/guide-vacances-auvergne\/\">Auvergne <\/a><\/strong>?\u00a0Voici notre liste de campings avec piscine couverte ouverts toute l\u2019ann\u00e9e.<\/p>\n<h3><strong>Les Chanterelles &#8211; Camping Paradis (63)<\/strong><\/h3>\n<p>Dans le Puy-de-D\u00f4me, ce camping offre un cadre agr\u00e9able et reposant pour des vacances. Situ\u00e9 \u00e0 proximit\u00e9 d\u2019une base nautique, il dispose d\u2019une piscine couverte pour se baigner en toute saison. Les enfants pourront \u00e9galement profiter des structures gonflables et d\u2019une aire de jeux pour se divertir.<\/p>\n<p>Adresse : 710 Route de la Chaponni\u00e8re, 63550 Saint-R\u00e9my-sur-Durolle<\/p>\n<p><a href=\"https:\/\/www.campings.com\/fr\/camping\/les-chanterelles-camping-paradis-78387\">Plus d\u2019infos sur Les Chanterelles &#8211; Camping Paradis<\/a>.<\/p>\n<p><img loading=\"lazy\" decoding=\"async\" class=\"alignnone size-full wp-image-3649\" src=\"https:\/\/www.campings.com\/fr\/content\/wp-content\/uploads\/2022\/03\/Camping-ouvert-toute-lannee-les-chanterelles.png\" alt=\"\" width=\"1000\" height=\"665\" srcset=\"https:\/\/www.campings.com\/fr\/content\/wp-content\/uploads\/2022\/03\/Camping-ouvert-toute-lannee-les-chanterelles.png 1000w, https:\/\/www.campings.com\/fr\/content\/wp-content\/uploads\/2022\/03\/Camping-ouvert-toute-lannee-les-chanterelles-300x200.png 300w, https:\/\/www.campings.com\/fr\/content\/wp-content\/uploads\/2022\/03\/Camping-ouvert-toute-lannee-les-chanterelles-768x511.png 768w, https:\/\/www.campings.com\/fr\/content\/wp-content\/uploads\/2022\/03\/Camping-ouvert-toute-lannee-les-chanterelles-450x299.png 450w, https:\/\/www.campings.com\/fr\/content\/wp-content\/uploads\/2022\/03\/Camping-ouvert-toute-lannee-les-chanterelles-430x286.png 430w\" sizes=\"auto, (max-width: 1000px) 100vw, 1000px\" \/><\/p>\n<h3><strong>Le Camping Domaine Maevag<\/strong><\/h3>\n<p>Situ\u00e9 \u00e0 Chazemais, dans l\u2019Allier, cet \u00e9tablissement est l\u2019adresse id\u00e9ale pour des vacances r\u00e9ussies en Auvergne. Il met \u00e0 votre disposition une piscine couverte chauff\u00e9e, des jeux de soci\u00e9t\u00e9, un terrain de p\u00e9tanque, un court de tennis\u2026<\/p>\n<p>Adresse : La Croix Fayot, 03 370 Chazemais<\/p>\n<p><a href=\"https:\/\/www.campings.com\/fr\/camping\/camping-domaine-maevag-77102\">Plus d\u2019infos sur le\u00a0Camping Domaine Maevag<\/a>.<\/p>\n<h3><strong>Le Camping Pommeraie<\/strong><\/h3>\n<p>\u00c0 Vic-sur-C\u00e8re, ce camping familial propose des mobil-homes confortables et enti\u00e8rement \u00e9quip\u00e9s. Sur place, les r\u00e9sidents ont acc\u00e8s \u00e0 un large \u00e9ventail d\u2019infrastructures de loisirs : salle de jeux, structures gonflables, piscine\u2026<\/p>\n<p>Adresse : Camping La Pommeraie, 15800 Vic-sur-C\u00e8re<\/p>\n<p><a href=\"https:\/\/www.campings.com\/fr\/camping\/camping-pommeraie-78747\">Plus d\u2019infos sur le\u00a0Camping Pommeraie<\/a>.<\/p>\n<h3><strong>Ch\u00e2teau Camping la Grange-Fort<\/strong><\/h3>\n<p>Situ\u00e9 au bord d\u2019une rivi\u00e8re, cet \u00e9tablissement vous promet un s\u00e9jour inoubliable. Au programme : baignades dans la piscine, ping-pong, tennis, poney\u2026 Vous n\u2019aurez pas le temps de vous ennuyer !<\/p>\n<p>Adresse : Les Pradeaux, 63500 Les Pradeaux<\/p>\n<p><a href=\"https:\/\/www.campings.com\/fr\/camping\/camping-chateau-la-grange-fort-77589\">Plus d\u2019infos sur le\u00a0Camping Ch\u00e2teau la Grange Fort<\/a>.<\/p>\n<h2><strong>S\u00e9lection de campings ouverts toute l\u2019ann\u00e9e du c\u00f4t\u00e9 de Super-Besse<\/strong><\/h2>\n<p>Pour un s\u00e9jour aux sports d\u2019hiver en\u00a0<a href=\"https:\/\/www.campings.com\/fr\/content\/guide-vacances-auvergne\/\"><strong>Auvergne<\/strong><\/a>, voici quelques suggestions de campings du c\u00f4t\u00e9 de Super-Besse.<\/p>\n<h3><strong>La Marmotte, un camping familial en Auvergne\u00a0<\/strong><\/h3>\n<p>\u00c0 La Bourboule, cet \u00e9tablissement met \u00e0 votre disposition des mobil-homes modernes et enti\u00e8rement \u00e9quip\u00e9s. Les r\u00e9sidents auront \u00e9galement acc\u00e8s \u00e0 une large palette de divertissements : ping-pong, baby-foot, aire de jeux\u2026<\/p>\n<p>Adresse : 1228 Av. Mar\u00e9chal Leclerc, 63150 La Bourboule<\/p>\n<p><a href=\"https:\/\/www.campings.com\/fr\/camping\/camping-la-marmotte-86254\">Plus d\u2019infos sur le\u00a0Camping la Marmotte<\/a>.<\/p>\n<h3><strong>Le Domaine Du Lac Chambon, un camping 100 % nature en Auvergne\u00a0<\/strong><\/h3>\n<p>\u00c0 Murol, dans le Puy-de-D\u00f4me, ce camping est parfait pour les familles. Vous y trouverez un grand choix d\u2019\u00e9quipements et de services : wifi, d\u00e9p\u00f4t de pain, laverie\u2026<\/p>\n<p>Adresse : All\u00e9e de la Plage, 63790 Murol<\/p>\n<p><a href=\"https:\/\/www.campings.com\/fr\/camping\/domaine-du-lac-chambon-77859\">Plus d\u2019infos sur le\u00a0Domaine Du Lac Chambon<\/a>.<\/p>\n<p><img loading=\"lazy\" decoding=\"async\" class=\"alignnone size-full wp-image-3650\" src=\"https:\/\/www.campings.com\/fr\/content\/wp-content\/uploads\/2022\/03\/Camping-ouvert-toute-lannee-domaine-du-lac-de-chambon.png\" alt=\"\" width=\"1000\" height=\"665\" srcset=\"https:\/\/www.campings.com\/fr\/content\/wp-content\/uploads\/2022\/03\/Camping-ouvert-toute-lannee-domaine-du-lac-de-chambon.png 1000w, https:\/\/www.campings.com\/fr\/content\/wp-content\/uploads\/2022\/03\/Camping-ouvert-toute-lannee-domaine-du-lac-de-chambon-300x200.png 300w, https:\/\/www.campings.com\/fr\/content\/wp-content\/uploads\/2022\/03\/Camping-ouvert-toute-lannee-domaine-du-lac-de-chambon-768x511.png 768w, https:\/\/www.campings.com\/fr\/content\/wp-content\/uploads\/2022\/03\/Camping-ouvert-toute-lannee-domaine-du-lac-de-chambon-450x299.png 450w, https:\/\/www.campings.com\/fr\/content\/wp-content\/uploads\/2022\/03\/Camping-ouvert-toute-lannee-domaine-du-lac-de-chambon-430x286.png 430w\" sizes=\"auto, (max-width: 1000px) 100vw, 1000px\" \/><\/p>\n<h3><strong>Le Camping de Tauves, pour des vacances d&rsquo;hiver r\u00e9ussies\u00a0<\/strong><\/h3>\n<p>Situ\u00e9 dans le Puy-de-D\u00f4me, ce camping familial est un excellent point de chute pour s\u2019adonner aux activit\u00e9s sportives en montagne, lors de vos vacances d\u2019hiver comme d\u2019\u00e9t\u00e9. Sur place, les r\u00e9sidents pourront profiter du terrain de tennis et de la piscine ext\u00e9rieure chauff\u00e9e.<\/p>\n<p>Adresse : Les Aurandeix, 63690 Tauves<\/p>\n<p><a href=\"https:\/\/www.campings.com\/fr\/camping\/camping-de-tauves-78610\">Plus d\u2019infos sur le\u00a0Camping de Tauves<\/a>.<\/p>\n","protected":false},"excerpt":{"rendered":"<p>\u00c0 la recherche\u00a0d\u2019un camping ouvert toute l\u2019ann\u00e9e pour partir sans contraintes? L\u2019Auvergne r\u00e9pertorie de nombreux \u00e9tablissements o\u00f9 se ressourcer en famille ou entre amis en toute saison. D\u00e9couvrez sans attendre notre s\u00e9lection de campings pour partir en vacances m\u00eame au dernier moment ! Envie de vous plonger au c\u0153ur de l\u2019histoire des volcans d\u2019Auvergne\u00a0? Avec [&hellip;]<\/p>\n","protected":false},"author":18,"featured_media":0,"parent":3583,"menu_order":0,"comment_status":"closed","ping_status":"closed","template":"template-twocolumns.php","meta":{"_acf_changed":false,"footnotes":""},"class_list":["post-3648","page","type-page","status-publish","hentry"],"acf":[],"yoast_head":"<!-- This site is optimized with the Yoast SEO plugin v27.1.1 - https:\/\/yoast.com\/product\/yoast-seo-wordpress\/ -->\n<title>Les campings ouverts toute l&#039;ann\u00e9e en Auvergne -<\/title>\n<meta name=\"robots\" content=\"index, follow, max-snippet:-1, max-image-preview:large, max-video-preview:-1\" \/>\n<link rel=\"canonical\" href=\"https:\/\/www.campings.com\/fr\/content\/guide-vacances-auvergne\/campings-ouverts-toute-lannee-auvergne\/\" \/>\n<meta property=\"og:locale\" content=\"fr_FR\" \/>\n<meta property=\"og:type\" content=\"article\" \/>\n<meta property=\"og:title\" content=\"Les campings ouverts toute l&#039;ann\u00e9e en Auvergne -\" \/>\n<meta property=\"og:description\" content=\"\u00c0 la recherche\u00a0d\u2019un camping ouvert toute l\u2019ann\u00e9e pour partir sans contraintes? L\u2019Auvergne r\u00e9pertorie de nombreux \u00e9tablissements o\u00f9 se ressourcer en famille ou entre amis en toute saison. D\u00e9couvrez sans attendre notre s\u00e9lection de campings pour partir en vacances m\u00eame au dernier moment ! Envie de vous plonger au c\u0153ur de l\u2019histoire des volcans d\u2019Auvergne\u00a0? Avec [&hellip;]\" \/>\n<meta property=\"og:url\" content=\"https:\/\/www.campings.com\/fr\/content\/guide-vacances-auvergne\/campings-ouverts-toute-lannee-auvergne\/\" \/>\n<meta property=\"og:image\" content=\"https:\/\/www.campings.com\/fr\/content\/wp-content\/uploads\/2022\/03\/Camping-ouvert-toute-lannee-les-chanterelles.png\" \/>\n\t<meta property=\"og:image:width\" content=\"1000\" \/>\n\t<meta property=\"og:image:height\" content=\"665\" \/>\n\t<meta property=\"og:image:type\" content=\"image\/png\" \/>\n<meta name=\"twitter:card\" content=\"summary_large_image\" \/>\n<meta name=\"twitter:label1\" content=\"Dur\u00e9e de lecture estim\u00e9e\" \/>\n\t<meta name=\"twitter:data1\" content=\"4 minutes\" \/>\n<script type=\"application\/ld+json\" class=\"yoast-schema-graph\">{\"@context\":\"https:\/\/schema.org\",\"@graph\":[{\"@type\":\"WebPage\",\"@id\":\"https:\/\/www.campings.com\/fr\/content\/guide-vacances-auvergne\/campings-ouverts-toute-lannee-auvergne\/\",\"url\":\"https:\/\/www.campings.com\/fr\/content\/guide-vacances-auvergne\/campings-ouverts-toute-lannee-auvergne\/\",\"name\":\"Les campings ouverts toute l'ann\u00e9e en Auvergne -\",\"isPartOf\":{\"@id\":\"https:\/\/www.campings.com\/fr\/content\/#website\"},\"primaryImageOfPage\":{\"@id\":\"https:\/\/www.campings.com\/fr\/content\/guide-vacances-auvergne\/campings-ouverts-toute-lannee-auvergne\/#primaryimage\"},\"image\":{\"@id\":\"https:\/\/www.campings.com\/fr\/content\/guide-vacances-auvergne\/campings-ouverts-toute-lannee-auvergne\/#primaryimage\"},\"thumbnailUrl\":\"https:\/\/www.campings.com\/fr\/content\/wp-content\/uploads\/2022\/03\/Camping-ouvert-toute-lannee-les-chanterelles.png\",\"datePublished\":\"2022-03-25T11:44:20+00:00\",\"breadcrumb\":{\"@id\":\"https:\/\/www.campings.com\/fr\/content\/guide-vacances-auvergne\/campings-ouverts-toute-lannee-auvergne\/#breadcrumb\"},\"inLanguage\":\"fr-FR\",\"potentialAction\":[{\"@type\":\"ReadAction\",\"target\":[\"https:\/\/www.campings.com\/fr\/content\/guide-vacances-auvergne\/campings-ouverts-toute-lannee-auvergne\/\"]}]},{\"@type\":\"ImageObject\",\"inLanguage\":\"fr-FR\",\"@id\":\"https:\/\/www.campings.com\/fr\/content\/guide-vacances-auvergne\/campings-ouverts-toute-lannee-auvergne\/#primaryimage\",\"url\":\"https:\/\/www.campings.com\/fr\/content\/wp-content\/uploads\/2022\/03\/Camping-ouvert-toute-lannee-les-chanterelles.png\",\"contentUrl\":\"https:\/\/www.campings.com\/fr\/content\/wp-content\/uploads\/2022\/03\/Camping-ouvert-toute-lannee-les-chanterelles.png\",\"width\":1000,\"height\":665},{\"@type\":\"BreadcrumbList\",\"@id\":\"https:\/\/www.campings.com\/fr\/content\/guide-vacances-auvergne\/campings-ouverts-toute-lannee-auvergne\/#breadcrumb\",\"itemListElement\":[{\"@type\":\"ListItem\",\"position\":1,\"name\":\"Home\",\"item\":\"https:\/\/www.campings.com\/fr\/content\/\"},{\"@type\":\"ListItem\",\"position\":2,\"name\":\"Le guide de vos vacances en Auvergne\",\"item\":\"https:\/\/www.campings.com\/fr\/content\/guide-vacances-auvergne\/\"},{\"@type\":\"ListItem\",\"position\":3,\"name\":\"Les campings ouverts toute l&rsquo;ann\u00e9e en Auvergne\"}]},{\"@type\":\"WebSite\",\"@id\":\"https:\/\/www.campings.com\/fr\/content\/#website\",\"url\":\"https:\/\/www.campings.com\/fr\/content\/\",\"name\":\"\",\"description\":\"\",\"publisher\":{\"@id\":\"https:\/\/www.campings.com\/fr\/content\/#organization\"},\"potentialAction\":[{\"@type\":\"SearchAction\",\"target\":{\"@type\":\"EntryPoint\",\"urlTemplate\":\"https:\/\/www.campings.com\/fr\/content\/?s={search_term_string}\"},\"query-input\":{\"@type\":\"PropertyValueSpecification\",\"valueRequired\":true,\"valueName\":\"search_term_string\"}}],\"inLanguage\":\"fr-FR\"},{\"@type\":\"Organization\",\"@id\":\"https:\/\/www.campings.com\/fr\/content\/#organization\",\"name\":\"CAMPINGS.COM\",\"url\":\"https:\/\/www.campings.com\/fr\/content\/\",\"logo\":{\"@type\":\"ImageObject\",\"inLanguage\":\"fr-FR\",\"@id\":\"https:\/\/www.campings.com\/fr\/content\/#\/schema\/logo\/image\/\",\"url\":\"https:\/\/www.campings.com\/fr\/content\/wp-content\/uploads\/2019\/01\/cropped-logo-1.png\",\"contentUrl\":\"https:\/\/www.campings.com\/fr\/content\/wp-content\/uploads\/2019\/01\/cropped-logo-1.png\",\"width\":174,\"height\":42,\"caption\":\"CAMPINGS.COM\"},\"image\":{\"@id\":\"https:\/\/www.campings.com\/fr\/content\/#\/schema\/logo\/image\/\"}}]}<\/script>\n<!-- \/ Yoast SEO plugin. -->","yoast_head_json":{"title":"Les campings ouverts toute l'ann\u00e9e en Auvergne -","robots":{"index":"index","follow":"follow","max-snippet":"max-snippet:-1","max-image-preview":"max-image-preview:large","max-video-preview":"max-video-preview:-1"},"canonical":"https:\/\/www.campings.com\/fr\/content\/guide-vacances-auvergne\/campings-ouverts-toute-lannee-auvergne\/","og_locale":"fr_FR","og_type":"article","og_title":"Les campings ouverts toute l'ann\u00e9e en Auvergne -","og_description":"\u00c0 la recherche\u00a0d\u2019un camping ouvert toute l\u2019ann\u00e9e pour partir sans contraintes? L\u2019Auvergne r\u00e9pertorie de nombreux \u00e9tablissements o\u00f9 se ressourcer en famille ou entre amis en toute saison. D\u00e9couvrez sans attendre notre s\u00e9lection de campings pour partir en vacances m\u00eame au dernier moment ! Envie de vous plonger au c\u0153ur de l\u2019histoire des volcans d\u2019Auvergne\u00a0? Avec [&hellip;]","og_url":"https:\/\/www.campings.com\/fr\/content\/guide-vacances-auvergne\/campings-ouverts-toute-lannee-auvergne\/","og_image":[{"width":1000,"height":665,"url":"https:\/\/www.campings.com\/fr\/content\/wp-content\/uploads\/2022\/03\/Camping-ouvert-toute-lannee-les-chanterelles.png","type":"image\/png"}],"twitter_card":"summary_large_image","twitter_misc":{"Dur\u00e9e de lecture estim\u00e9e":"4 minutes"},"schema":{"@context":"https:\/\/schema.org","@graph":[{"@type":"WebPage","@id":"https:\/\/www.campings.com\/fr\/content\/guide-vacances-auvergne\/campings-ouverts-toute-lannee-auvergne\/","url":"https:\/\/www.campings.com\/fr\/content\/guide-vacances-auvergne\/campings-ouverts-toute-lannee-auvergne\/","name":"Les campings ouverts toute l'ann\u00e9e en Auvergne -","isPartOf":{"@id":"https:\/\/www.campings.com\/fr\/content\/#website"},"primaryImageOfPage":{"@id":"https:\/\/www.campings.com\/fr\/content\/guide-vacances-auvergne\/campings-ouverts-toute-lannee-auvergne\/#primaryimage"},"image":{"@id":"https:\/\/www.campings.com\/fr\/content\/guide-vacances-auvergne\/campings-ouverts-toute-lannee-auvergne\/#primaryimage"},"thumbnailUrl":"https:\/\/www.campings.com\/fr\/content\/wp-content\/uploads\/2022\/03\/Camping-ouvert-toute-lannee-les-chanterelles.png","datePublished":"2022-03-25T11:44:20+00:00","breadcrumb":{"@id":"https:\/\/www.campings.com\/fr\/content\/guide-vacances-auvergne\/campings-ouverts-toute-lannee-auvergne\/#breadcrumb"},"inLanguage":"fr-FR","potentialAction":[{"@type":"ReadAction","target":["https:\/\/www.campings.com\/fr\/content\/guide-vacances-auvergne\/campings-ouverts-toute-lannee-auvergne\/"]}]},{"@type":"ImageObject","inLanguage":"fr-FR","@id":"https:\/\/www.campings.com\/fr\/content\/guide-vacances-auvergne\/campings-ouverts-toute-lannee-auvergne\/#primaryimage","url":"https:\/\/www.campings.com\/fr\/content\/wp-content\/uploads\/2022\/03\/Camping-ouvert-toute-lannee-les-chanterelles.png","contentUrl":"https:\/\/www.campings.com\/fr\/content\/wp-content\/uploads\/2022\/03\/Camping-ouvert-toute-lannee-les-chanterelles.png","width":1000,"height":665},{"@type":"BreadcrumbList","@id":"https:\/\/www.campings.com\/fr\/content\/guide-vacances-auvergne\/campings-ouverts-toute-lannee-auvergne\/#breadcrumb","itemListElement":[{"@type":"ListItem","position":1,"name":"Home","item":"https:\/\/www.campings.com\/fr\/content\/"},{"@type":"ListItem","position":2,"name":"Le guide de vos vacances en Auvergne","item":"https:\/\/www.campings.com\/fr\/content\/guide-vacances-auvergne\/"},{"@type":"ListItem","position":3,"name":"Les campings ouverts toute l&rsquo;ann\u00e9e en Auvergne"}]},{"@type":"WebSite","@id":"https:\/\/www.campings.com\/fr\/content\/#website","url":"https:\/\/www.campings.com\/fr\/content\/","name":"","description":"","publisher":{"@id":"https:\/\/www.campings.com\/fr\/content\/#organization"},"potentialAction":[{"@type":"SearchAction","target":{"@type":"EntryPoint","urlTemplate":"https:\/\/www.campings.com\/fr\/content\/?s={search_term_string}"},"query-input":{"@type":"PropertyValueSpecification","valueRequired":true,"valueName":"search_term_string"}}],"inLanguage":"fr-FR"},{"@type":"Organization","@id":"https:\/\/www.campings.com\/fr\/content\/#organization","name":"CAMPINGS.COM","url":"https:\/\/www.campings.com\/fr\/content\/","logo":{"@type":"ImageObject","inLanguage":"fr-FR","@id":"https:\/\/www.campings.com\/fr\/content\/#\/schema\/logo\/image\/","url":"https:\/\/www.campings.com\/fr\/content\/wp-content\/uploads\/2019\/01\/cropped-logo-1.png","contentUrl":"https:\/\/www.campings.com\/fr\/content\/wp-content\/uploads\/2019\/01\/cropped-logo-1.png","width":174,"height":42,"caption":"CAMPINGS.COM"},"image":{"@id":"https:\/\/www.campings.com\/fr\/content\/#\/schema\/logo\/image\/"}}]}},"_links":{"self":[{"href":"https:\/\/www.campings.com\/fr\/content\/wp-json\/wp\/v2\/pages\/3648","targetHints":{"allow":["GET"]}}],"collection":[{"href":"https:\/\/www.campings.com\/fr\/content\/wp-json\/wp\/v2\/pages"}],"about":[{"href":"https:\/\/www.campings.com\/fr\/content\/wp-json\/wp\/v2\/types\/page"}],"author":[{"embeddable":true,"href":"https:\/\/www.campings.com\/fr\/content\/wp-json\/wp\/v2\/users\/18"}],"replies":[{"embeddable":true,"href":"https:\/\/www.campings.com\/fr\/content\/wp-json\/wp\/v2\/comments?post=3648"}],"version-history":[{"count":2,"href":"https:\/\/www.campings.com\/fr\/content\/wp-json\/wp\/v2\/pages\/3648\/revisions"}],"predecessor-version":[{"id":5618,"href":"https:\/\/www.campings.com\/fr\/content\/wp-json\/wp\/v2\/pages\/3648\/revisions\/5618"}],"up":[{"embeddable":true,"href":"https:\/\/www.campings.com\/fr\/content\/wp-json\/wp\/v2\/pages\/3583"}],"wp:attachment":[{"href":"https:\/\/www.campings.com\/fr\/content\/wp-json\/wp\/v2\/media?parent=3648"}],"curies":[{"name":"wp","href":"https:\/\/api.w.org\/{rel}","templated":true}]}}