{"id":3644,"date":"2022-03-25T11:24:27","date_gmt":"2022-03-25T11:24:27","guid":{"rendered":"https:\/\/www.campings.com\/fr\/content\/?page_id=3644"},"modified":"2022-03-25T11:24:27","modified_gmt":"2022-03-25T11:24:27","slug":"campings-piscine-auvergne","status":"publish","type":"page","link":"https:\/\/www.campings.com\/fr\/content\/guide-vacances-auvergne\/campings-piscine-auvergne\/","title":{"rendered":"Les plus beaux campings avec piscine en Auvergne"},"content":{"rendered":"<p>Vous programmez des vacances en <a href=\"https:\/\/www.campings.com\/fr\/content\/guide-vacances-auvergne\/\"><strong>Auvergne<\/strong><\/a> avec votre tribu ? Destination nature par excellence, le pays des volcans vous promet un s\u00e9jour inoubliable ! Si vous \u00eates \u00e0 la recherche d\u2019un camping avec piscine o\u00f9 poser vos valises, vous \u00eates au bon endroit ! Parcourez sans attendre notre s\u00e9lection.<\/p>\n<p>Parsem\u00e9e de for\u00eats, de montagnes et de cours d\u2019eau, l\u2019<a href=\"https:\/\/www.campings.com\/fr\/france\/auvergne\"><strong><u>Auvergne<\/u><\/strong><\/a>\u00a0est un v\u00e9ritable paradis pour les amoureux de nature. Ce territoire est propice \u00e0 une foule d\u2019activit\u00e9s de plein air : randonn\u00e9e \u00e0 pied, \u00e0 cheval ou \u00e0 v\u00e9lo\u2026 Si vous comptez s\u00e9journer en Auvergne, louer un camping avec piscine est un bon moyen de joindre l\u2019utile \u00e0 l\u2019agr\u00e9able ! Voici notre liste des meilleurs \u00e9tablissements avec piscine o\u00f9 s\u00e9journer.<\/p>\n<h2><strong>Les meilleurs campings \u00e0 proximit\u00e9 du Massif central<\/strong><\/h2>\n<h3><strong>Camping Pommeraie<\/strong><\/h3>\n<p>\u00c0 Vic-sur-C\u00e8re, dans le Cantal, ce camping propose des mobil-homes tout confort dans un cadre chaleureux et bois\u00e9. En pleine saison, les r\u00e9sidents pourront se baigner dans la piscine int\u00e9rieure couverte chauff\u00e9e. En \u00e9t\u00e9, une piscine ext\u00e9rieure chauff\u00e9e est \u00e9galement accessible.<\/p>\n<p><a href=\"https:\/\/www.campings.com\/fr\/camping\/camping-pommeraie-78747\">Plus d\u2019infos sur le Camping Pommeraie<\/a>.<\/p>\n<h3><strong>Camping Village De Vacances La Gineste &#8211; Camping Paradis<\/strong><\/h3>\n<p>\u00c0 Arnac, dans le Cantal, ce camping familial r\u00e9pondra \u00e0 toutes vos attentes. Un \u00e9ventail d\u2019animations est propos\u00e9 pour tous les \u00e2ges. En plus de la piscine ext\u00e9rieure chauff\u00e9e, vous pourrez vous pr\u00e9lasser sur la plage privative avec vue sur le lac. La p\u00eache et la baignade sont \u00e9galement autoris\u00e9es.<\/p>\n<p>Plus d\u2019infos sur le camping\u00a0<a href=\"https:\/\/www.campings.com\/fr\/camping\/camping-village-de-vacances-la-gineste-camping-paradis-82156\">Village de vacances La Gineste \u2013 Camping Paradis<\/a>.<\/p>\n<h3><strong>Camping Le Moulin du Teinturier<\/strong><\/h3>\n<p>Au c\u0153ur du Massif central, dans le Parc des Volcans d\u2019Auvergne, ce village de chalets vous accueille dans un cadre verdoyant. Sur place, un espace aquatique comblera de bonheur les amateurs de baignade. La piscine ext\u00e9rieure chauff\u00e9e et la pataugeoire sont accessibles en juillet et en ao\u00fbt.<\/p>\n<p><a href=\"https:\/\/www.campings.com\/fr\/camping\/camping-le-moulin-du-teinturier-76578\">Plus d\u2019infos sur le camping Le Moulin du Teinturier<\/a>.<\/p>\n<h2><strong>Liste des campings avec parc aquatique dans le Puy-de-D\u00f4me<\/strong><\/h2>\n<p>Voici une liste de campings avec parc aquatique en\u00a0<a href=\"https:\/\/www.campings.com\/fr\/content\/guide-vacances-auvergne\/\"><strong><u>Auvergne<\/u><\/strong><\/a>\u00a0pour profiter pleinement des joies de la baignade.<\/p>\n<h3><strong>Ch\u00e2teau-Camping La Grange Fort<\/strong><\/h3>\n<p>\u00c0 Les Pradeaux (Puy-de-D\u00f4me) ce camping est surnomm\u00e9 le petit Versailles de l\u2019Auvergne. En effet, l\u2019\u00e9tablissement est situ\u00e9 au pied du ch\u00e2teau fort de la Grange Fort. Son immense espace aquatique fait tout son attrait : piscine ext\u00e9rieure et int\u00e9rieure, deux toboggans\u2026 Un vrai paradis pour les enfants !<\/p>\n<p>Plus d\u2019infos sur le\u00a0<a href=\"https:\/\/www.campings.com\/fr\/camping\/camping-chateau-la-grange-fort-77589\">Camping Ch\u00e2teau La Grange Fort<\/a>.<\/p>\n<p><img loading=\"lazy\" decoding=\"async\" class=\"alignnone size-full wp-image-3646\" src=\"https:\/\/www.campings.com\/fr\/content\/wp-content\/uploads\/2022\/03\/Camping-piscine-chateau-la-grange-fort.png\" alt=\"\" width=\"1000\" height=\"665\" srcset=\"https:\/\/www.campings.com\/fr\/content\/wp-content\/uploads\/2022\/03\/Camping-piscine-chateau-la-grange-fort.png 1000w, https:\/\/www.campings.com\/fr\/content\/wp-content\/uploads\/2022\/03\/Camping-piscine-chateau-la-grange-fort-300x200.png 300w, https:\/\/www.campings.com\/fr\/content\/wp-content\/uploads\/2022\/03\/Camping-piscine-chateau-la-grange-fort-768x511.png 768w, https:\/\/www.campings.com\/fr\/content\/wp-content\/uploads\/2022\/03\/Camping-piscine-chateau-la-grange-fort-450x299.png 450w, https:\/\/www.campings.com\/fr\/content\/wp-content\/uploads\/2022\/03\/Camping-piscine-chateau-la-grange-fort-430x286.png 430w\" sizes=\"auto, (max-width: 1000px) 100vw, 1000px\" \/><\/p>\n<p>&nbsp;<\/p>\n<h3><strong>Camping de L&rsquo;Europe &#8211; Camping Paradis, un camping 4 \u00e9toiles<\/strong><\/h3>\n<p>\u00c0 Murol (Puy-de-D\u00f4me), ce camping 4 \u00e9toiles abrite un grand parc aquatique avec piscine chauff\u00e9e ext\u00e9rieure, toboggan et pataugeoire. Les r\u00e9sidents pourront \u00e9galement jouer \u00e0 la p\u00e9tanque ou au tennis. L\u2019\u00e9tablissement est ouvert de mai \u00e0 septembre.<\/p>\n<p><a href=\"https:\/\/www.campings.com\/fr\/camping\/camping-de-l-europe-camping-paradis-77861\">Plus d\u2019infos sur le Camping de L&rsquo;Europe &#8211; Camping Paradis<\/a>.<\/p>\n<h3><strong>Campings Les Loges<\/strong><\/h3>\n<p>\u00c0 Nonette, ce camping vous accueille dans un cadre de verdure, parfait pour se d\u00e9connecter ! Il constitue un point de chute parfait pour d\u00e9couvrir la r\u00e9gion et s\u2019adonner \u00e0 des activit\u00e9s sportives. Une piscine ext\u00e9rieure chauff\u00e9e et un toboggan aquatique sont accessibles en \u00e9t\u00e9.<\/p>\n<p><a href=\"https:\/\/www.campings.com\/fr\/camping\/camping-les-loges-77890\">Plus d\u2019infos sur le Camping Les Loges<\/a>.<\/p>\n<h2><strong>S\u00e9lection de campings avec piscine couverte dans le pays des volcans<\/strong><\/h2>\n<p>Campings.com a s\u00e9lectionn\u00e9 pour vous une liste de campings avec piscine couverte en\u00a0<a href=\"https:\/\/www.campings.com\/fr\/content\/guide-vacances-auvergne\/\"><strong><u>Auvergne<\/u><\/strong><\/a>.<\/p>\n<h3><strong>Camping La Pommeraie, un \u00e9tablissement avec piscine dans le Cantal<\/strong><\/h3>\n<p>\u00c0 Vic-sur-C\u00e8re, dans le Cantal, ce camping familial met \u00e0 votre disposition une piscine couverte chauff\u00e9e. Vous pourrez vous baigner tout en profitant de la vue ext\u00e9rieure. Une seconde piscine chauff\u00e9e est disponible \u00e0 l\u2019ext\u00e9rieur (pendant les beaux jours). Les enfants pourront profiter des structures gonflables, du toboggan et de la pataugeoire aquatique.<\/p>\n<p><a href=\"https:\/\/www.campings.com\/fr\/camping\/camping-pommeraie-78747\">Plus d\u2019infos sur le camping La Pommeraie<\/a>.<\/p>\n<h3><strong>La Rochelambert, un camping nature <\/strong>avec une piscine chauff\u00e9e<\/h3>\n<p>Situ\u00e9 \u00e0 Saint-Paulien, en Haute-Loire, ce camping 4 \u00e9toiles vous promet un s\u00e9jour inoubliable en Auvergne. Vous pourrez vous baigner dans la piscine couverte chauff\u00e9e, sans vous soucier des caprices de la m\u00e9t\u00e9o. Travers\u00e9 par une rivi\u00e8re, le camping propose un large choix d\u2019activit\u00e9s: p\u00eache, descente en rivi\u00e8re\u2026<\/p>\n<p><a href=\"https:\/\/www.campings.com\/fr\/camping\/camping-la-rochelambert-77919\">Plus d\u2019infos sur le camping La Rochelambert<\/a>.<\/p>\n<p><img loading=\"lazy\" decoding=\"async\" class=\"alignnone size-full wp-image-3645\" src=\"https:\/\/www.campings.com\/fr\/content\/wp-content\/uploads\/2022\/03\/Camping-piscine-la-rochelambert.png\" alt=\"\" width=\"1000\" height=\"665\" srcset=\"https:\/\/www.campings.com\/fr\/content\/wp-content\/uploads\/2022\/03\/Camping-piscine-la-rochelambert.png 1000w, https:\/\/www.campings.com\/fr\/content\/wp-content\/uploads\/2022\/03\/Camping-piscine-la-rochelambert-300x200.png 300w, https:\/\/www.campings.com\/fr\/content\/wp-content\/uploads\/2022\/03\/Camping-piscine-la-rochelambert-768x511.png 768w, https:\/\/www.campings.com\/fr\/content\/wp-content\/uploads\/2022\/03\/Camping-piscine-la-rochelambert-450x299.png 450w, https:\/\/www.campings.com\/fr\/content\/wp-content\/uploads\/2022\/03\/Camping-piscine-la-rochelambert-430x286.png 430w\" sizes=\"auto, (max-width: 1000px) 100vw, 1000px\" \/><\/p>\n<h3><strong>Les Chanterelles &#8211; Camping Paradis, un lieu familial en Auvergne<\/strong><\/h3>\n<p>\u00c0 Saint-R\u00e9my-sur-Durolle (Puy-de-D\u00f4me), ce camping familial est id\u00e9alement situ\u00e9 \u00e0 proximit\u00e9 de la cha\u00eene des Puys. Un endroit parfait pour passer des vacances en montagne tout en profitant des joies de la baignade. Le camping met \u00e0 la disposition des r\u00e9sidents deux piscines am\u00e9nag\u00e9es, dont une belle piscine couverte.<\/p>\n<p><a href=\"https:\/\/www.campings.com\/fr\/camping\/les-chanterelles-camping-paradis-78387\">Plus d\u2019infos sur le camping Les Chanterelles &#8211; Camping Paradis<\/a>.<\/p>\n","protected":false},"excerpt":{"rendered":"<p>Vous programmez des vacances en Auvergne avec votre tribu ? Destination nature par excellence, le pays des volcans vous promet un s\u00e9jour inoubliable ! Si vous \u00eates \u00e0 la recherche d\u2019un camping avec piscine o\u00f9 poser vos valises, vous \u00eates au bon endroit ! Parcourez sans attendre notre s\u00e9lection. Parsem\u00e9e de for\u00eats, de montagnes et [&hellip;]<\/p>\n","protected":false},"author":18,"featured_media":0,"parent":3583,"menu_order":0,"comment_status":"closed","ping_status":"closed","template":"template-twocolumns.php","meta":{"_acf_changed":false,"footnotes":""},"class_list":["post-3644","page","type-page","status-publish","hentry"],"acf":[],"yoast_head":"<!-- This site is optimized with the Yoast SEO plugin v27.1.1 - https:\/\/yoast.com\/product\/yoast-seo-wordpress\/ -->\n<title>Les plus beaux campings avec piscine en Auvergne -<\/title>\n<meta name=\"robots\" content=\"index, follow, max-snippet:-1, max-image-preview:large, max-video-preview:-1\" \/>\n<link rel=\"canonical\" href=\"https:\/\/www.campings.com\/fr\/content\/guide-vacances-auvergne\/campings-piscine-auvergne\/\" \/>\n<meta property=\"og:locale\" content=\"fr_FR\" \/>\n<meta property=\"og:type\" content=\"article\" \/>\n<meta property=\"og:title\" content=\"Les plus beaux campings avec piscine en Auvergne -\" \/>\n<meta property=\"og:description\" content=\"Vous programmez des vacances en Auvergne avec votre tribu ? Destination nature par excellence, le pays des volcans vous promet un s\u00e9jour inoubliable ! Si vous \u00eates \u00e0 la recherche d\u2019un camping avec piscine o\u00f9 poser vos valises, vous \u00eates au bon endroit ! Parcourez sans attendre notre s\u00e9lection. Parsem\u00e9e de for\u00eats, de montagnes et [&hellip;]\" \/>\n<meta property=\"og:url\" content=\"https:\/\/www.campings.com\/fr\/content\/guide-vacances-auvergne\/campings-piscine-auvergne\/\" \/>\n<meta property=\"og:image\" content=\"https:\/\/www.campings.com\/fr\/content\/wp-content\/uploads\/2022\/03\/Camping-piscine-chateau-la-grange-fort.png\" \/>\n\t<meta property=\"og:image:width\" content=\"1000\" \/>\n\t<meta property=\"og:image:height\" content=\"665\" \/>\n\t<meta property=\"og:image:type\" content=\"image\/png\" \/>\n<meta name=\"twitter:card\" content=\"summary_large_image\" \/>\n<meta name=\"twitter:label1\" content=\"Dur\u00e9e de lecture estim\u00e9e\" \/>\n\t<meta name=\"twitter:data1\" content=\"4 minutes\" \/>\n<script type=\"application\/ld+json\" class=\"yoast-schema-graph\">{\"@context\":\"https:\/\/schema.org\",\"@graph\":[{\"@type\":\"WebPage\",\"@id\":\"https:\/\/www.campings.com\/fr\/content\/guide-vacances-auvergne\/campings-piscine-auvergne\/\",\"url\":\"https:\/\/www.campings.com\/fr\/content\/guide-vacances-auvergne\/campings-piscine-auvergne\/\",\"name\":\"Les plus beaux campings avec piscine en Auvergne -\",\"isPartOf\":{\"@id\":\"https:\/\/www.campings.com\/fr\/content\/#website\"},\"primaryImageOfPage\":{\"@id\":\"https:\/\/www.campings.com\/fr\/content\/guide-vacances-auvergne\/campings-piscine-auvergne\/#primaryimage\"},\"image\":{\"@id\":\"https:\/\/www.campings.com\/fr\/content\/guide-vacances-auvergne\/campings-piscine-auvergne\/#primaryimage\"},\"thumbnailUrl\":\"https:\/\/www.campings.com\/fr\/content\/wp-content\/uploads\/2022\/03\/Camping-piscine-chateau-la-grange-fort.png\",\"datePublished\":\"2022-03-25T11:24:27+00:00\",\"breadcrumb\":{\"@id\":\"https:\/\/www.campings.com\/fr\/content\/guide-vacances-auvergne\/campings-piscine-auvergne\/#breadcrumb\"},\"inLanguage\":\"fr-FR\",\"potentialAction\":[{\"@type\":\"ReadAction\",\"target\":[\"https:\/\/www.campings.com\/fr\/content\/guide-vacances-auvergne\/campings-piscine-auvergne\/\"]}]},{\"@type\":\"ImageObject\",\"inLanguage\":\"fr-FR\",\"@id\":\"https:\/\/www.campings.com\/fr\/content\/guide-vacances-auvergne\/campings-piscine-auvergne\/#primaryimage\",\"url\":\"https:\/\/www.campings.com\/fr\/content\/wp-content\/uploads\/2022\/03\/Camping-piscine-chateau-la-grange-fort.png\",\"contentUrl\":\"https:\/\/www.campings.com\/fr\/content\/wp-content\/uploads\/2022\/03\/Camping-piscine-chateau-la-grange-fort.png\",\"width\":1000,\"height\":665},{\"@type\":\"BreadcrumbList\",\"@id\":\"https:\/\/www.campings.com\/fr\/content\/guide-vacances-auvergne\/campings-piscine-auvergne\/#breadcrumb\",\"itemListElement\":[{\"@type\":\"ListItem\",\"position\":1,\"name\":\"Home\",\"item\":\"https:\/\/www.campings.com\/fr\/content\/\"},{\"@type\":\"ListItem\",\"position\":2,\"name\":\"Le guide de vos vacances en Auvergne\",\"item\":\"https:\/\/www.campings.com\/fr\/content\/guide-vacances-auvergne\/\"},{\"@type\":\"ListItem\",\"position\":3,\"name\":\"Les plus beaux campings avec piscine en Auvergne\"}]},{\"@type\":\"WebSite\",\"@id\":\"https:\/\/www.campings.com\/fr\/content\/#website\",\"url\":\"https:\/\/www.campings.com\/fr\/content\/\",\"name\":\"\",\"description\":\"\",\"publisher\":{\"@id\":\"https:\/\/www.campings.com\/fr\/content\/#organization\"},\"potentialAction\":[{\"@type\":\"SearchAction\",\"target\":{\"@type\":\"EntryPoint\",\"urlTemplate\":\"https:\/\/www.campings.com\/fr\/content\/?s={search_term_string}\"},\"query-input\":{\"@type\":\"PropertyValueSpecification\",\"valueRequired\":true,\"valueName\":\"search_term_string\"}}],\"inLanguage\":\"fr-FR\"},{\"@type\":\"Organization\",\"@id\":\"https:\/\/www.campings.com\/fr\/content\/#organization\",\"name\":\"CAMPINGS.COM\",\"url\":\"https:\/\/www.campings.com\/fr\/content\/\",\"logo\":{\"@type\":\"ImageObject\",\"inLanguage\":\"fr-FR\",\"@id\":\"https:\/\/www.campings.com\/fr\/content\/#\/schema\/logo\/image\/\",\"url\":\"https:\/\/www.campings.com\/fr\/content\/wp-content\/uploads\/2019\/01\/cropped-logo-1.png\",\"contentUrl\":\"https:\/\/www.campings.com\/fr\/content\/wp-content\/uploads\/2019\/01\/cropped-logo-1.png\",\"width\":174,\"height\":42,\"caption\":\"CAMPINGS.COM\"},\"image\":{\"@id\":\"https:\/\/www.campings.com\/fr\/content\/#\/schema\/logo\/image\/\"}}]}<\/script>\n<!-- \/ Yoast SEO plugin. -->","yoast_head_json":{"title":"Les plus beaux campings avec piscine en Auvergne -","robots":{"index":"index","follow":"follow","max-snippet":"max-snippet:-1","max-image-preview":"max-image-preview:large","max-video-preview":"max-video-preview:-1"},"canonical":"https:\/\/www.campings.com\/fr\/content\/guide-vacances-auvergne\/campings-piscine-auvergne\/","og_locale":"fr_FR","og_type":"article","og_title":"Les plus beaux campings avec piscine en Auvergne -","og_description":"Vous programmez des vacances en Auvergne avec votre tribu ? Destination nature par excellence, le pays des volcans vous promet un s\u00e9jour inoubliable ! Si vous \u00eates \u00e0 la recherche d\u2019un camping avec piscine o\u00f9 poser vos valises, vous \u00eates au bon endroit ! Parcourez sans attendre notre s\u00e9lection. Parsem\u00e9e de for\u00eats, de montagnes et [&hellip;]","og_url":"https:\/\/www.campings.com\/fr\/content\/guide-vacances-auvergne\/campings-piscine-auvergne\/","og_image":[{"width":1000,"height":665,"url":"https:\/\/www.campings.com\/fr\/content\/wp-content\/uploads\/2022\/03\/Camping-piscine-chateau-la-grange-fort.png","type":"image\/png"}],"twitter_card":"summary_large_image","twitter_misc":{"Dur\u00e9e de lecture estim\u00e9e":"4 minutes"},"schema":{"@context":"https:\/\/schema.org","@graph":[{"@type":"WebPage","@id":"https:\/\/www.campings.com\/fr\/content\/guide-vacances-auvergne\/campings-piscine-auvergne\/","url":"https:\/\/www.campings.com\/fr\/content\/guide-vacances-auvergne\/campings-piscine-auvergne\/","name":"Les plus beaux campings avec piscine en Auvergne -","isPartOf":{"@id":"https:\/\/www.campings.com\/fr\/content\/#website"},"primaryImageOfPage":{"@id":"https:\/\/www.campings.com\/fr\/content\/guide-vacances-auvergne\/campings-piscine-auvergne\/#primaryimage"},"image":{"@id":"https:\/\/www.campings.com\/fr\/content\/guide-vacances-auvergne\/campings-piscine-auvergne\/#primaryimage"},"thumbnailUrl":"https:\/\/www.campings.com\/fr\/content\/wp-content\/uploads\/2022\/03\/Camping-piscine-chateau-la-grange-fort.png","datePublished":"2022-03-25T11:24:27+00:00","breadcrumb":{"@id":"https:\/\/www.campings.com\/fr\/content\/guide-vacances-auvergne\/campings-piscine-auvergne\/#breadcrumb"},"inLanguage":"fr-FR","potentialAction":[{"@type":"ReadAction","target":["https:\/\/www.campings.com\/fr\/content\/guide-vacances-auvergne\/campings-piscine-auvergne\/"]}]},{"@type":"ImageObject","inLanguage":"fr-FR","@id":"https:\/\/www.campings.com\/fr\/content\/guide-vacances-auvergne\/campings-piscine-auvergne\/#primaryimage","url":"https:\/\/www.campings.com\/fr\/content\/wp-content\/uploads\/2022\/03\/Camping-piscine-chateau-la-grange-fort.png","contentUrl":"https:\/\/www.campings.com\/fr\/content\/wp-content\/uploads\/2022\/03\/Camping-piscine-chateau-la-grange-fort.png","width":1000,"height":665},{"@type":"BreadcrumbList","@id":"https:\/\/www.campings.com\/fr\/content\/guide-vacances-auvergne\/campings-piscine-auvergne\/#breadcrumb","itemListElement":[{"@type":"ListItem","position":1,"name":"Home","item":"https:\/\/www.campings.com\/fr\/content\/"},{"@type":"ListItem","position":2,"name":"Le guide de vos vacances en Auvergne","item":"https:\/\/www.campings.com\/fr\/content\/guide-vacances-auvergne\/"},{"@type":"ListItem","position":3,"name":"Les plus beaux campings avec piscine en Auvergne"}]},{"@type":"WebSite","@id":"https:\/\/www.campings.com\/fr\/content\/#website","url":"https:\/\/www.campings.com\/fr\/content\/","name":"","description":"","publisher":{"@id":"https:\/\/www.campings.com\/fr\/content\/#organization"},"potentialAction":[{"@type":"SearchAction","target":{"@type":"EntryPoint","urlTemplate":"https:\/\/www.campings.com\/fr\/content\/?s={search_term_string}"},"query-input":{"@type":"PropertyValueSpecification","valueRequired":true,"valueName":"search_term_string"}}],"inLanguage":"fr-FR"},{"@type":"Organization","@id":"https:\/\/www.campings.com\/fr\/content\/#organization","name":"CAMPINGS.COM","url":"https:\/\/www.campings.com\/fr\/content\/","logo":{"@type":"ImageObject","inLanguage":"fr-FR","@id":"https:\/\/www.campings.com\/fr\/content\/#\/schema\/logo\/image\/","url":"https:\/\/www.campings.com\/fr\/content\/wp-content\/uploads\/2019\/01\/cropped-logo-1.png","contentUrl":"https:\/\/www.campings.com\/fr\/content\/wp-content\/uploads\/2019\/01\/cropped-logo-1.png","width":174,"height":42,"caption":"CAMPINGS.COM"},"image":{"@id":"https:\/\/www.campings.com\/fr\/content\/#\/schema\/logo\/image\/"}}]}},"_links":{"self":[{"href":"https:\/\/www.campings.com\/fr\/content\/wp-json\/wp\/v2\/pages\/3644","targetHints":{"allow":["GET"]}}],"collection":[{"href":"https:\/\/www.campings.com\/fr\/content\/wp-json\/wp\/v2\/pages"}],"about":[{"href":"https:\/\/www.campings.com\/fr\/content\/wp-json\/wp\/v2\/types\/page"}],"author":[{"embeddable":true,"href":"https:\/\/www.campings.com\/fr\/content\/wp-json\/wp\/v2\/users\/18"}],"replies":[{"embeddable":true,"href":"https:\/\/www.campings.com\/fr\/content\/wp-json\/wp\/v2\/comments?post=3644"}],"version-history":[{"count":1,"href":"https:\/\/www.campings.com\/fr\/content\/wp-json\/wp\/v2\/pages\/3644\/revisions"}],"predecessor-version":[{"id":3647,"href":"https:\/\/www.campings.com\/fr\/content\/wp-json\/wp\/v2\/pages\/3644\/revisions\/3647"}],"up":[{"embeddable":true,"href":"https:\/\/www.campings.com\/fr\/content\/wp-json\/wp\/v2\/pages\/3583"}],"wp:attachment":[{"href":"https:\/\/www.campings.com\/fr\/content\/wp-json\/wp\/v2\/media?parent=3644"}],"curies":[{"name":"wp","href":"https:\/\/api.w.org\/{rel}","templated":true}]}}