{"id":3640,"date":"2022-03-25T11:14:56","date_gmt":"2022-03-25T11:14:56","guid":{"rendered":"https:\/\/www.campings.com\/fr\/content\/?page_id=3640"},"modified":"2022-03-25T11:14:56","modified_gmt":"2022-03-25T11:14:56","slug":"campings-volcans-dauvergne","status":"publish","type":"page","link":"https:\/\/www.campings.com\/fr\/content\/guide-vacances-auvergne\/campings-volcans-dauvergne\/","title":{"rendered":"Les meilleurs campings situ\u00e9s pr\u00e8s des volcans d&rsquo;Auvergne"},"content":{"rendered":"<p>Envie de partir \u00e0 la d\u00e9couverte des volcans d\u2019<a href=\"https:\/\/www.campings.com\/fr\/content\/guide-vacances-auvergne\/\"><strong>Auvergne<\/strong><\/a> ? Ces merveilles, class\u00e9es au patrimoine mondial de l\u2019UNESCO, regorgent de paysages sauvages d\u2019une exceptionnelle beaut\u00e9. D\u00e9couvrez notre s\u00e9lection des meilleurs campings o\u00f9 s\u00e9journer en famille ou entre amis.<\/p>\n<p>Avec ses volcans, ses vall\u00e9es, ses rivi\u00e8res et ses montagnes, <a href=\"https:\/\/www.campings.com\/fr\/france\/auvergne\">l\u2019<strong><u>Auvergne<\/u><\/strong>\u00a0<\/a>rec\u00e8le de nombreux tr\u00e9sors. Une destination id\u00e9ale pour se ressourcer pleinement au contact de la nature\u2026 Elle abrite \u00e9galement un patrimoine architectural et culturel d\u2019une grande richesse \u00e0 d\u00e9couvrir. Voici notre s\u00e9lection des meilleurs campings o\u00f9 poser vos valises !<\/p>\n<h2><strong>Les campings pr\u00e8s du Parc r\u00e9gional des volcans d\u2019Auvergne<\/strong><\/h2>\n<p>Le Parc naturel r\u00e9gional des volcans d\u2019Auvergne est le plus grand de France. Incontournable en Auvergne, il abrite une mosa\u00efque infinie de paysages. Pour simplifier votre s\u00e9jour, nous avons s\u00e9lectionn\u00e9 quelques \u00e9tablissements o\u00f9 loger.<\/p>\n<h3><strong>Le Camping la Ferme de Joll\u00e8re<\/strong><\/h3>\n<p>Situ\u00e9 \u00e0 Perpezat (63210), ce camping est parfait pour les amateurs de calme et de verdure. L\u2019\u00e9tablissement offre une vue imprenable sur le massif du Sancy, qui culmine \u00e0 1\u00a0885 m\u00e8tres d\u2019altitude. C\u00f4t\u00e9 divertissements, un grand choix d\u2019infrastructures de loisirs sont propos\u00e9es pour tous les \u00e2ges : ping-pong, aire de jeux\u2026<\/p>\n<p><a href=\"https:\/\/www.campings.com\/fr\/camping\/camping-la-ferme-de-jollere-78016\">Plus d\u2019infos sur le Camping la Ferme de Joll\u00e8re<\/a>.<\/p>\n<h3><strong>Le Camping Paradis Aydat<\/strong><\/h3>\n<p>Situ\u00e9 \u00e0 Aydat, cet \u00e9tablissement familial offre un acc\u00e8s direct au lac. Un large \u00e9ventail d\u2019activit\u00e9s de loisirs est propos\u00e9 pour animer vos journ\u00e9es. De plus, l\u2019\u00e9tablissement met \u00e0 votre disposition un restaurant, un snack ainsi qu\u2019un d\u00e9p\u00f4t de pain.<\/p>\n<p><a href=\"https:\/\/www.campings.com\/fr\/camping\/camping-paradis-aydat-82721\">Plus d\u2019infos sur\u00a0le\u00a0Camping Paradis Aydat<\/a>.<\/p>\n<p><img loading=\"lazy\" decoding=\"async\" class=\"alignnone size-full wp-image-3641\" src=\"https:\/\/www.campings.com\/fr\/content\/wp-content\/uploads\/2022\/03\/Camping-volcan-dauvergne-aydat.png\" alt=\"\" width=\"1000\" height=\"665\" srcset=\"https:\/\/www.campings.com\/fr\/content\/wp-content\/uploads\/2022\/03\/Camping-volcan-dauvergne-aydat.png 1000w, https:\/\/www.campings.com\/fr\/content\/wp-content\/uploads\/2022\/03\/Camping-volcan-dauvergne-aydat-300x200.png 300w, https:\/\/www.campings.com\/fr\/content\/wp-content\/uploads\/2022\/03\/Camping-volcan-dauvergne-aydat-768x511.png 768w, https:\/\/www.campings.com\/fr\/content\/wp-content\/uploads\/2022\/03\/Camping-volcan-dauvergne-aydat-450x299.png 450w, https:\/\/www.campings.com\/fr\/content\/wp-content\/uploads\/2022\/03\/Camping-volcan-dauvergne-aydat-430x286.png 430w\" sizes=\"auto, (max-width: 1000px) 100vw, 1000px\" \/><\/p>\n<h3><strong>Le Camping Chanset<\/strong><\/h3>\n<p>\u00c0 Ceyrat dans le Puy-de-D\u00f4me (63), cet \u00e9tablissement est un point de chute parfait pour d\u00e9couvrir les merveilles de l\u2019Auvergne. Sur place, vous pourrez pratiquer de nombreuses activit\u00e9s. Il dispose d\u2019une piscine chauff\u00e9e, de tables de ping-pong, d\u2019une salle de jeux\u2026<\/p>\n<p><a href=\"https:\/\/www.campings.com\/fr\/camping\/camping-chanset-77070\">Plus d\u2019infos sur le\u00a0Camping Chanset<\/a>.<\/p>\n<h2><strong>Liste des campings proches de la Cha\u00eene des Puys<\/strong><\/h2>\n<p>En\u00a0<a href=\"https:\/\/www.campings.com\/fr\/content\/guide-vacances-auvergne\/\"><strong><u>Auvergne<\/u><\/strong><\/a>, la Cha\u00eene des Puys regroupe un ensemble de 80 volcans. Inscrite au patrimoine mondial de l\u2019UNESCO, elle donne \u00e0 voir un spectacle naturel fascinant. Pour d\u00e9couvrir ce site exceptionnel, voici quelques campings o\u00f9 poser vos valises&#8230;<\/p>\n<h3><strong>Le Camping la Marmotte<\/strong><\/h3>\n<p>Situ\u00e9 \u00e0 la Bourboule, ce camping familial offre un cadre reposant pour vos vacances. Il met \u00e0 votre disposition des mobil-homes modernes, un restaurant, un bar\u2026 Sur place, plusieurs distractions sont disponibles : baby-foot, ping-pong\u2026<\/p>\n<p>Adresse : 1228 Av. Mar\u00e9chal Leclerc, 63150 La Bourboule<\/p>\n<p><a href=\"https:\/\/www.campings.com\/fr\/camping\/camping-la-marmotte-86254\">Plus d\u2019infos sur le\u00a0Camping la Marmotte<\/a>.<\/p>\n<h3><strong>Le Camping de Tauves<\/strong><\/h3>\n<p>\u00c0 Tauves, cet \u00e9tablissement est parfait pour les familles. Vous y trouverez des mobil-homes modernes et confortables enti\u00e8rement \u00e9quip\u00e9s. Sur place, vous pourrez vous baigner dans une grande piscine ext\u00e9rieure chauff\u00e9e.<\/p>\n<p>Adresse : Les Aurandeix, 63690 Tauves.<\/p>\n<p><a href=\"https:\/\/www.campings.com\/fr\/camping\/camping-de-tauves-78610\">Plus d\u2019infos sur le\u00a0Camping de Tauves<\/a>.<\/p>\n<h3><strong>Le Camping de L&rsquo;Europe &#8211; Camping Paradis, pour \u00eatre au pied des volcans<\/strong><\/h3>\n<p>\u00c0 Murol, au c\u0153ur du Parc des Volcans d\u2019Auvergne, cet \u00e9tablissement est propice \u00e0 la d\u00e9tente au contact de la nature. Ce camping met \u00e0 votre disposition une piscine chauff\u00e9e avec toboggan, un terrain de p\u00e9tanque, un terrain de tennis\u2026<\/p>\n<p>Adresse : Jassat, 63790 Murol<\/p>\n<p><a href=\"https:\/\/www.campings.com\/fr\/camping\/camping-de-l-europe-camping-paradis-77861\">Plus d\u2019infos sur le\u00a0Camping de L&rsquo;Europe &#8211; Camping Paradis<\/a>.<\/p>\n<h2><strong>S\u00e9lection de campings avec piscine autour des volcans d&rsquo;Auvergne\u00a0<\/strong><\/h2>\n<p>Envie de s\u00e9journer dans un camping avec piscine en\u00a0<strong><u><a href=\"https:\/\/www.campings.com\/fr\/content\/guide-vacances-auvergne\/\">Auvergne <\/a><\/u><\/strong><u>?<\/u>\u00a0Parcourez notre s\u00e9lection d\u2019\u00e9tablissements et choisissez celui qui vous correspond le mieux !<\/p>\n<h3><strong>Le Camping La Fressange, pour faire les volcans d&rsquo;Auvergne\u00a0<\/strong><\/h3>\n<p>Ce camping offre un cadre verdoyant parfait pour des vacances en Auvergne ! Situ\u00e9 \u00e0 Saint-Didier-en-Velay, il dispose d\u2019une grande piscine ext\u00e9rieure et d\u2019un beau terrain de tennis. C\u00f4t\u00e9 services, vous aurez acc\u00e8s \u00e0 un d\u00e9p\u00f4t de pain, une laverie et un service de location de barbecue.<\/p>\n<p><a href=\"https:\/\/www.campings.com\/fr\/camping\/camping-la-fressange-82339\">Plus d\u2019infos sur le\u00a0Camping La Fressange<\/a>.<\/p>\n<p><img loading=\"lazy\" decoding=\"async\" class=\"alignnone size-full wp-image-3642\" src=\"https:\/\/www.campings.com\/fr\/content\/wp-content\/uploads\/2022\/03\/Camping-volcan-dauvergne-la-fressange.png\" alt=\"\" width=\"1000\" height=\"665\" srcset=\"https:\/\/www.campings.com\/fr\/content\/wp-content\/uploads\/2022\/03\/Camping-volcan-dauvergne-la-fressange.png 1000w, https:\/\/www.campings.com\/fr\/content\/wp-content\/uploads\/2022\/03\/Camping-volcan-dauvergne-la-fressange-300x200.png 300w, https:\/\/www.campings.com\/fr\/content\/wp-content\/uploads\/2022\/03\/Camping-volcan-dauvergne-la-fressange-768x511.png 768w, https:\/\/www.campings.com\/fr\/content\/wp-content\/uploads\/2022\/03\/Camping-volcan-dauvergne-la-fressange-450x299.png 450w, https:\/\/www.campings.com\/fr\/content\/wp-content\/uploads\/2022\/03\/Camping-volcan-dauvergne-la-fressange-430x286.png 430w\" sizes=\"auto, (max-width: 1000px) 100vw, 1000px\" \/><\/p>\n<h3><strong>Les Sablons, un camping au c\u0153ur des volcans d&rsquo;Auvergne\u00a0<\/strong><\/h3>\n<p>\u00c0 Pont-du-Ch\u00e2teau, ce camping b\u00e9n\u00e9ficie d\u2019un emplacement privil\u00e9gi\u00e9, \u00e0 600 m de l\u2019Allier. L\u2019\u00e9tablissement abrite une piscine avec toboggan ainsi qu\u2019une pataugeoire pour les tout-petits. Vous aurez \u00e9galement acc\u00e8s \u00e0 une salle de fitness, un terrain de tennis et des tables de ping-pong.<\/p>\n<p>Adresse : Route de Vichy, 63430 Pont-du-Ch\u00e2teau<\/p>\n<p><a href=\"https:\/\/www.campings.com\/fr\/camping\/camping-les-sablons-78083\">Plus d\u2019infos sur le\u00a0Camping les Sablons<\/a>.<\/p>\n<h3><strong>Le Camping Village De Vacances La Gineste &#8211; Camping Paradis, un lieu familial en Auvergne\u00a0<\/strong><\/h3>\n<p>\u00c0 Arnac, au c\u0153ur de l\u2019Auvergne, ce camping familial vous promet un s\u00e9jour agr\u00e9able et convivial. Il est \u00e9quip\u00e9 d\u2019une grande piscine ext\u00e9rieure chauff\u00e9e accessible toute l\u2019ann\u00e9e. Sur place, vous aurez m\u00eame acc\u00e8s \u00e0 un court de tennis. Les plus petits pourront profiter d\u2019un espace de jeux aqualudiques.<\/p>\n<p>Adresse : La Gineste, 15150 Arnac<\/p>\n<p><a href=\"https:\/\/www.campings.com\/fr\/camping\/camping-village-de-vacances-la-gineste-camping-paradis-82156\">Plus d\u2019infos sur le\u00a0Camping Village De Vacances La Gineste &#8211; Camping Paradis<\/a>.<\/p>\n","protected":false},"excerpt":{"rendered":"<p>Envie de partir \u00e0 la d\u00e9couverte des volcans d\u2019Auvergne ? Ces merveilles, class\u00e9es au patrimoine mondial de l\u2019UNESCO, regorgent de paysages sauvages d\u2019une exceptionnelle beaut\u00e9. D\u00e9couvrez notre s\u00e9lection des meilleurs campings o\u00f9 s\u00e9journer en famille ou entre amis. Avec ses volcans, ses vall\u00e9es, ses rivi\u00e8res et ses montagnes, l\u2019Auvergne\u00a0rec\u00e8le de nombreux tr\u00e9sors. Une destination id\u00e9ale [&hellip;]<\/p>\n","protected":false},"author":18,"featured_media":0,"parent":3583,"menu_order":0,"comment_status":"closed","ping_status":"closed","template":"template-twocolumns.php","meta":{"_acf_changed":false,"footnotes":""},"class_list":["post-3640","page","type-page","status-publish","hentry"],"acf":[],"yoast_head":"<!-- This site is optimized with the Yoast SEO plugin v27.1.1 - https:\/\/yoast.com\/product\/yoast-seo-wordpress\/ -->\n<title>Les meilleurs campings situ\u00e9s pr\u00e8s des volcans d&#039;Auvergne -<\/title>\n<meta name=\"robots\" content=\"index, follow, max-snippet:-1, max-image-preview:large, max-video-preview:-1\" \/>\n<link rel=\"canonical\" href=\"https:\/\/www.campings.com\/fr\/content\/guide-vacances-auvergne\/campings-volcans-dauvergne\/\" \/>\n<meta property=\"og:locale\" content=\"fr_FR\" \/>\n<meta property=\"og:type\" content=\"article\" \/>\n<meta property=\"og:title\" content=\"Les meilleurs campings situ\u00e9s pr\u00e8s des volcans d&#039;Auvergne -\" \/>\n<meta property=\"og:description\" content=\"Envie de partir \u00e0 la d\u00e9couverte des volcans d\u2019Auvergne ? Ces merveilles, class\u00e9es au patrimoine mondial de l\u2019UNESCO, regorgent de paysages sauvages d\u2019une exceptionnelle beaut\u00e9. D\u00e9couvrez notre s\u00e9lection des meilleurs campings o\u00f9 s\u00e9journer en famille ou entre amis. Avec ses volcans, ses vall\u00e9es, ses rivi\u00e8res et ses montagnes, l\u2019Auvergne\u00a0rec\u00e8le de nombreux tr\u00e9sors. Une destination id\u00e9ale [&hellip;]\" \/>\n<meta property=\"og:url\" content=\"https:\/\/www.campings.com\/fr\/content\/guide-vacances-auvergne\/campings-volcans-dauvergne\/\" \/>\n<meta property=\"og:image\" content=\"https:\/\/www.campings.com\/fr\/content\/wp-content\/uploads\/2022\/03\/Camping-volcan-dauvergne-aydat.png\" \/>\n\t<meta property=\"og:image:width\" content=\"1000\" \/>\n\t<meta property=\"og:image:height\" content=\"665\" \/>\n\t<meta property=\"og:image:type\" content=\"image\/png\" \/>\n<meta name=\"twitter:card\" content=\"summary_large_image\" \/>\n<meta name=\"twitter:label1\" content=\"Dur\u00e9e de lecture estim\u00e9e\" \/>\n\t<meta name=\"twitter:data1\" content=\"4 minutes\" \/>\n<script type=\"application\/ld+json\" class=\"yoast-schema-graph\">{\"@context\":\"https:\/\/schema.org\",\"@graph\":[{\"@type\":\"WebPage\",\"@id\":\"https:\/\/www.campings.com\/fr\/content\/guide-vacances-auvergne\/campings-volcans-dauvergne\/\",\"url\":\"https:\/\/www.campings.com\/fr\/content\/guide-vacances-auvergne\/campings-volcans-dauvergne\/\",\"name\":\"Les meilleurs campings situ\u00e9s pr\u00e8s des volcans d'Auvergne -\",\"isPartOf\":{\"@id\":\"https:\/\/www.campings.com\/fr\/content\/#website\"},\"primaryImageOfPage\":{\"@id\":\"https:\/\/www.campings.com\/fr\/content\/guide-vacances-auvergne\/campings-volcans-dauvergne\/#primaryimage\"},\"image\":{\"@id\":\"https:\/\/www.campings.com\/fr\/content\/guide-vacances-auvergne\/campings-volcans-dauvergne\/#primaryimage\"},\"thumbnailUrl\":\"https:\/\/www.campings.com\/fr\/content\/wp-content\/uploads\/2022\/03\/Camping-volcan-dauvergne-aydat.png\",\"datePublished\":\"2022-03-25T11:14:56+00:00\",\"breadcrumb\":{\"@id\":\"https:\/\/www.campings.com\/fr\/content\/guide-vacances-auvergne\/campings-volcans-dauvergne\/#breadcrumb\"},\"inLanguage\":\"fr-FR\",\"potentialAction\":[{\"@type\":\"ReadAction\",\"target\":[\"https:\/\/www.campings.com\/fr\/content\/guide-vacances-auvergne\/campings-volcans-dauvergne\/\"]}]},{\"@type\":\"ImageObject\",\"inLanguage\":\"fr-FR\",\"@id\":\"https:\/\/www.campings.com\/fr\/content\/guide-vacances-auvergne\/campings-volcans-dauvergne\/#primaryimage\",\"url\":\"https:\/\/www.campings.com\/fr\/content\/wp-content\/uploads\/2022\/03\/Camping-volcan-dauvergne-aydat.png\",\"contentUrl\":\"https:\/\/www.campings.com\/fr\/content\/wp-content\/uploads\/2022\/03\/Camping-volcan-dauvergne-aydat.png\",\"width\":1000,\"height\":665},{\"@type\":\"BreadcrumbList\",\"@id\":\"https:\/\/www.campings.com\/fr\/content\/guide-vacances-auvergne\/campings-volcans-dauvergne\/#breadcrumb\",\"itemListElement\":[{\"@type\":\"ListItem\",\"position\":1,\"name\":\"Home\",\"item\":\"https:\/\/www.campings.com\/fr\/content\/\"},{\"@type\":\"ListItem\",\"position\":2,\"name\":\"Le guide de vos vacances en Auvergne\",\"item\":\"https:\/\/www.campings.com\/fr\/content\/guide-vacances-auvergne\/\"},{\"@type\":\"ListItem\",\"position\":3,\"name\":\"Les meilleurs campings situ\u00e9s pr\u00e8s des volcans d&rsquo;Auvergne\"}]},{\"@type\":\"WebSite\",\"@id\":\"https:\/\/www.campings.com\/fr\/content\/#website\",\"url\":\"https:\/\/www.campings.com\/fr\/content\/\",\"name\":\"\",\"description\":\"\",\"publisher\":{\"@id\":\"https:\/\/www.campings.com\/fr\/content\/#organization\"},\"potentialAction\":[{\"@type\":\"SearchAction\",\"target\":{\"@type\":\"EntryPoint\",\"urlTemplate\":\"https:\/\/www.campings.com\/fr\/content\/?s={search_term_string}\"},\"query-input\":{\"@type\":\"PropertyValueSpecification\",\"valueRequired\":true,\"valueName\":\"search_term_string\"}}],\"inLanguage\":\"fr-FR\"},{\"@type\":\"Organization\",\"@id\":\"https:\/\/www.campings.com\/fr\/content\/#organization\",\"name\":\"CAMPINGS.COM\",\"url\":\"https:\/\/www.campings.com\/fr\/content\/\",\"logo\":{\"@type\":\"ImageObject\",\"inLanguage\":\"fr-FR\",\"@id\":\"https:\/\/www.campings.com\/fr\/content\/#\/schema\/logo\/image\/\",\"url\":\"https:\/\/www.campings.com\/fr\/content\/wp-content\/uploads\/2019\/01\/cropped-logo-1.png\",\"contentUrl\":\"https:\/\/www.campings.com\/fr\/content\/wp-content\/uploads\/2019\/01\/cropped-logo-1.png\",\"width\":174,\"height\":42,\"caption\":\"CAMPINGS.COM\"},\"image\":{\"@id\":\"https:\/\/www.campings.com\/fr\/content\/#\/schema\/logo\/image\/\"}}]}<\/script>\n<!-- \/ Yoast SEO plugin. -->","yoast_head_json":{"title":"Les meilleurs campings situ\u00e9s pr\u00e8s des volcans d'Auvergne -","robots":{"index":"index","follow":"follow","max-snippet":"max-snippet:-1","max-image-preview":"max-image-preview:large","max-video-preview":"max-video-preview:-1"},"canonical":"https:\/\/www.campings.com\/fr\/content\/guide-vacances-auvergne\/campings-volcans-dauvergne\/","og_locale":"fr_FR","og_type":"article","og_title":"Les meilleurs campings situ\u00e9s pr\u00e8s des volcans d'Auvergne -","og_description":"Envie de partir \u00e0 la d\u00e9couverte des volcans d\u2019Auvergne ? Ces merveilles, class\u00e9es au patrimoine mondial de l\u2019UNESCO, regorgent de paysages sauvages d\u2019une exceptionnelle beaut\u00e9. D\u00e9couvrez notre s\u00e9lection des meilleurs campings o\u00f9 s\u00e9journer en famille ou entre amis. Avec ses volcans, ses vall\u00e9es, ses rivi\u00e8res et ses montagnes, l\u2019Auvergne\u00a0rec\u00e8le de nombreux tr\u00e9sors. Une destination id\u00e9ale [&hellip;]","og_url":"https:\/\/www.campings.com\/fr\/content\/guide-vacances-auvergne\/campings-volcans-dauvergne\/","og_image":[{"width":1000,"height":665,"url":"https:\/\/www.campings.com\/fr\/content\/wp-content\/uploads\/2022\/03\/Camping-volcan-dauvergne-aydat.png","type":"image\/png"}],"twitter_card":"summary_large_image","twitter_misc":{"Dur\u00e9e de lecture estim\u00e9e":"4 minutes"},"schema":{"@context":"https:\/\/schema.org","@graph":[{"@type":"WebPage","@id":"https:\/\/www.campings.com\/fr\/content\/guide-vacances-auvergne\/campings-volcans-dauvergne\/","url":"https:\/\/www.campings.com\/fr\/content\/guide-vacances-auvergne\/campings-volcans-dauvergne\/","name":"Les meilleurs campings situ\u00e9s pr\u00e8s des volcans d'Auvergne -","isPartOf":{"@id":"https:\/\/www.campings.com\/fr\/content\/#website"},"primaryImageOfPage":{"@id":"https:\/\/www.campings.com\/fr\/content\/guide-vacances-auvergne\/campings-volcans-dauvergne\/#primaryimage"},"image":{"@id":"https:\/\/www.campings.com\/fr\/content\/guide-vacances-auvergne\/campings-volcans-dauvergne\/#primaryimage"},"thumbnailUrl":"https:\/\/www.campings.com\/fr\/content\/wp-content\/uploads\/2022\/03\/Camping-volcan-dauvergne-aydat.png","datePublished":"2022-03-25T11:14:56+00:00","breadcrumb":{"@id":"https:\/\/www.campings.com\/fr\/content\/guide-vacances-auvergne\/campings-volcans-dauvergne\/#breadcrumb"},"inLanguage":"fr-FR","potentialAction":[{"@type":"ReadAction","target":["https:\/\/www.campings.com\/fr\/content\/guide-vacances-auvergne\/campings-volcans-dauvergne\/"]}]},{"@type":"ImageObject","inLanguage":"fr-FR","@id":"https:\/\/www.campings.com\/fr\/content\/guide-vacances-auvergne\/campings-volcans-dauvergne\/#primaryimage","url":"https:\/\/www.campings.com\/fr\/content\/wp-content\/uploads\/2022\/03\/Camping-volcan-dauvergne-aydat.png","contentUrl":"https:\/\/www.campings.com\/fr\/content\/wp-content\/uploads\/2022\/03\/Camping-volcan-dauvergne-aydat.png","width":1000,"height":665},{"@type":"BreadcrumbList","@id":"https:\/\/www.campings.com\/fr\/content\/guide-vacances-auvergne\/campings-volcans-dauvergne\/#breadcrumb","itemListElement":[{"@type":"ListItem","position":1,"name":"Home","item":"https:\/\/www.campings.com\/fr\/content\/"},{"@type":"ListItem","position":2,"name":"Le guide de vos vacances en Auvergne","item":"https:\/\/www.campings.com\/fr\/content\/guide-vacances-auvergne\/"},{"@type":"ListItem","position":3,"name":"Les meilleurs campings situ\u00e9s pr\u00e8s des volcans d&rsquo;Auvergne"}]},{"@type":"WebSite","@id":"https:\/\/www.campings.com\/fr\/content\/#website","url":"https:\/\/www.campings.com\/fr\/content\/","name":"","description":"","publisher":{"@id":"https:\/\/www.campings.com\/fr\/content\/#organization"},"potentialAction":[{"@type":"SearchAction","target":{"@type":"EntryPoint","urlTemplate":"https:\/\/www.campings.com\/fr\/content\/?s={search_term_string}"},"query-input":{"@type":"PropertyValueSpecification","valueRequired":true,"valueName":"search_term_string"}}],"inLanguage":"fr-FR"},{"@type":"Organization","@id":"https:\/\/www.campings.com\/fr\/content\/#organization","name":"CAMPINGS.COM","url":"https:\/\/www.campings.com\/fr\/content\/","logo":{"@type":"ImageObject","inLanguage":"fr-FR","@id":"https:\/\/www.campings.com\/fr\/content\/#\/schema\/logo\/image\/","url":"https:\/\/www.campings.com\/fr\/content\/wp-content\/uploads\/2019\/01\/cropped-logo-1.png","contentUrl":"https:\/\/www.campings.com\/fr\/content\/wp-content\/uploads\/2019\/01\/cropped-logo-1.png","width":174,"height":42,"caption":"CAMPINGS.COM"},"image":{"@id":"https:\/\/www.campings.com\/fr\/content\/#\/schema\/logo\/image\/"}}]}},"_links":{"self":[{"href":"https:\/\/www.campings.com\/fr\/content\/wp-json\/wp\/v2\/pages\/3640","targetHints":{"allow":["GET"]}}],"collection":[{"href":"https:\/\/www.campings.com\/fr\/content\/wp-json\/wp\/v2\/pages"}],"about":[{"href":"https:\/\/www.campings.com\/fr\/content\/wp-json\/wp\/v2\/types\/page"}],"author":[{"embeddable":true,"href":"https:\/\/www.campings.com\/fr\/content\/wp-json\/wp\/v2\/users\/18"}],"replies":[{"embeddable":true,"href":"https:\/\/www.campings.com\/fr\/content\/wp-json\/wp\/v2\/comments?post=3640"}],"version-history":[{"count":1,"href":"https:\/\/www.campings.com\/fr\/content\/wp-json\/wp\/v2\/pages\/3640\/revisions"}],"predecessor-version":[{"id":3643,"href":"https:\/\/www.campings.com\/fr\/content\/wp-json\/wp\/v2\/pages\/3640\/revisions\/3643"}],"up":[{"embeddable":true,"href":"https:\/\/www.campings.com\/fr\/content\/wp-json\/wp\/v2\/pages\/3583"}],"wp:attachment":[{"href":"https:\/\/www.campings.com\/fr\/content\/wp-json\/wp\/v2\/media?parent=3640"}],"curies":[{"name":"wp","href":"https:\/\/api.w.org\/{rel}","templated":true}]}}