{"id":3594,"date":"2022-03-25T11:07:04","date_gmt":"2022-03-25T11:07:04","guid":{"rendered":"https:\/\/www.campings.com\/fr\/content\/?page_id=3594"},"modified":"2022-03-25T11:07:04","modified_gmt":"2022-03-25T11:07:04","slug":"campings-4-etoiles-auvergne","status":"publish","type":"page","link":"https:\/\/www.campings.com\/fr\/content\/guide-vacances-auvergne\/campings-4-etoiles-auvergne\/","title":{"rendered":"Les meilleurs campings 4 \u00e9toiles o\u00f9 s\u00e9journer en Auvergne"},"content":{"rendered":"<p>Avec ses c\u00e9l\u00e8bres volcans et ses paysages grandioses, <a href=\"https:\/\/www.campings.com\/fr\/france\/auvergne\"><strong>l\u2019Auvergne<\/strong><\/a> vous promet un total d\u00e9paysement. La r\u00e9gion abrite une faune et une flore d\u2019une incroyable richesse \u00e0 d\u00e9couvrir\u2026 Autant d\u2019atouts qui en font une destination id\u00e9ale pour passer de bonnes vacances en famille ou entre amis. Voici notre s\u00e9lection de campings 4 \u00e9toiles pour un s\u00e9jour inoubliable.<\/p>\n<p><a href=\"https:\/\/www.campings.com\/fr\/content\/guide-vacances-auvergne\/\">L\u2019<strong>Auvergne<\/strong>\u00a0<\/a>offre une vari\u00e9t\u00e9 infinie de panoramas\u2026 Au fil des si\u00e8cles, l\u2019activit\u00e9 volcanique a fa\u00e7onn\u00e9 ce territoire aux mille facettes. Ainsi, la r\u00e9gion abrite plusieurs parcs naturels abritant une riche biodiversit\u00e9. Elle regorge de lacs et de rivi\u00e8res o\u00f9 pratiquer un \u00e9ventail d\u2019activit\u00e9s nautiques. La r\u00e9gion profite d\u2019un climat vari\u00e9 : plut\u00f4t continental \u00e0 l\u2019est et au nord, oc\u00e9anique au sud-ouest et m\u00e9diterran\u00e9en au sud.<\/p>\n<h2><strong>Le meilleur camping 4 \u00e9toiles dans le Puy-de-D\u00f4me\u00a0<\/strong><\/h2>\n<p>Avec son immense diversit\u00e9 de paysages, le Puy-de-D\u00f4me est une destination id\u00e9ale pour des vacances en famille. Afin de vous d\u00e9connecter et de respirer un air pur, optez pour un s\u00e9jour dans le Camping de L\u2019Europe-Camping Paradis \u00e0 Murol. Situ\u00e9 au bord d\u2019un lac, il offre tous les services essentiels pour passer un s\u00e9jour agr\u00e9able et tout-confort. Sur place, vous aurez acc\u00e8s \u00e0 un grand choix d\u2019infrastructures de loisirs :<\/p>\n<ul>\n<li>Un court de tennis ;<\/li>\n<li>Une piscine chauff\u00e9e avec parc aquatique ;<\/li>\n<li>Une aire de jeux et un club enfant ;<\/li>\n<li>Etc.<\/li>\n<\/ul>\n<p><a href=\"https:\/\/www.campings.com\/fr\/camping\/camping-de-l-europe-camping-paradis-77861\">Plus d\u2019infos sur le Camping de L\u2019Europe-Camping Paradis<\/a><\/p>\n<h2><strong>Les campings 4 \u00e9toiles aux alentours du lac Chambon<\/strong><\/h2>\n<p>Avec ses eaux scintillantes propices \u00e0 la baignade, le lac Chambon regorge d\u2019atouts. Afin de visiter ce site touristique embl\u00e9matique <a href=\"https:\/\/www.campings.com\/fr\/content\/guide-vacances-auvergne\/\">d\u2019<strong>Auvergne<\/strong><\/a>, nous avons s\u00e9lectionn\u00e9 les meilleurs campings 4 \u00e9toiles aux alentours.<\/p>\n<h3><strong>Camping Domaine du Lac Chambon<\/strong><\/h3>\n<p>Situ\u00e9 au bord du lac \u00e9ponyme, le Domaine du Lac Chambon b\u00e9n\u00e9ficie d\u2019un cadre naturel idyllique. Ce camping offre un grand choix de prestations de qualit\u00e9 pour un s\u00e9jour tout confort :<\/p>\n<ul>\n<li>Un personnel accueillant et chaleureux ;<\/li>\n<li>Des animations de qualit\u00e9 ;<\/li>\n<li>Une piscine chauff\u00e9e ;<\/li>\n<li>Un restaurant ;<\/li>\n<li>Des chambres avec baignoire ;<\/li>\n<li>Etc.<\/li>\n<\/ul>\n<p><a href=\"https:\/\/www.campings.com\/fr\/camping\/domaine-du-lac-chambon-77859\">Plus d\u2019infos sur le camping Domaine du Lac Chambon<\/a><\/p>\n<p><img loading=\"lazy\" decoding=\"async\" class=\"alignnone size-full wp-image-3637\" src=\"https:\/\/www.campings.com\/fr\/content\/wp-content\/uploads\/2022\/03\/Camping-4-etoiles-domaine-du-lac-de-chambon.png\" alt=\"\" width=\"1000\" height=\"665\" srcset=\"https:\/\/www.campings.com\/fr\/content\/wp-content\/uploads\/2022\/03\/Camping-4-etoiles-domaine-du-lac-de-chambon.png 1000w, https:\/\/www.campings.com\/fr\/content\/wp-content\/uploads\/2022\/03\/Camping-4-etoiles-domaine-du-lac-de-chambon-300x200.png 300w, https:\/\/www.campings.com\/fr\/content\/wp-content\/uploads\/2022\/03\/Camping-4-etoiles-domaine-du-lac-de-chambon-768x511.png 768w, https:\/\/www.campings.com\/fr\/content\/wp-content\/uploads\/2022\/03\/Camping-4-etoiles-domaine-du-lac-de-chambon-450x299.png 450w, https:\/\/www.campings.com\/fr\/content\/wp-content\/uploads\/2022\/03\/Camping-4-etoiles-domaine-du-lac-de-chambon-430x286.png 430w\" sizes=\"auto, (max-width: 1000px) 100vw, 1000px\" \/><\/p>\n<h3><strong>Camping la Marmotte<\/strong><\/h3>\n<p>Ce camping est situ\u00e9 \u00e0 La Bourboule, dans le Puy-de-D\u00f4me, \u00e0 une vingtaine de minutes \u00e0 pied du centre-ville. Sur place, un large panel d\u2019activit\u00e9s vari\u00e9es attend les r\u00e9sidents :<\/p>\n<ul>\n<li>Aire de jeux pour les enfants ;<\/li>\n<li>Ping-pong ;<\/li>\n<li>Baby-foot ;<\/li>\n<li>P\u00e9tanque.<\/li>\n<\/ul>\n<p><a href=\"https:\/\/www.campings.com\/fr\/camping\/camping-la-marmotte-86254\">Plus d\u2019infos sur le Camping la Marmotte<\/a><\/p>\n<h3><strong>Camping la Ferme de Joll\u00e8re<\/strong><\/h3>\n<p>En s\u00e9journant dans ce camping, vous tomberez sous le charme de Perpezat, un petit village typique situ\u00e9 dans le Puy-de-D\u00f4me. De plus, l\u2019\u00e9tablissement est situ\u00e9 pr\u00e8s de Vulcania et du Massif du Sancy. Sur place, les r\u00e9sidents auront acc\u00e8s \u00e0 un \u00e9ventail de services pour faciliter leur s\u00e9jour. Enfin, un programme riche en divertissements et animations est propos\u00e9.<\/p>\n<p><a href=\"https:\/\/www.campings.com\/fr\/camping\/camping-la-ferme-de-jollere-78016\">Plus d\u2019infos sur le Camping la Ferme de Joll\u00e8re<\/a><\/p>\n<h2><strong>Les campings 4 \u00e9toiles proches de Clermont-Ferrand\u00a0<\/strong><\/h2>\n<p>Avec son patrimoine naturel, historique et volcanique, Clermont-Ferrand est une m\u00e9tropole aux multiples facettes, qui a beaucoup \u00e0 offrir. Voici une s\u00e9lection des meilleurs campings 4 \u00e9toiles \u00e0 proximit\u00e9.<\/p>\n<h3><strong>Camping du Lac d\u2019Aydat, un camping de luxe en Auvergne o\u00f9 se ressourcer\u00a0<\/strong><\/h3>\n<p>Situ\u00e9 au bord du Lac d\u2019Aydat, d\u2019o\u00f9 son nom, ce camping promet un s\u00e9jour calme et reposant. L\u2019\u00e9tablissement b\u00e9n\u00e9ficie \u00e9galement d\u2019un emplacement privil\u00e9gi\u00e9 pour partir \u00e0 la d\u00e9couverte des volcans d\u2019Auvergne. Ouvert du 1er avril au 31 octobre (les animaux de compagnie ne sont pas accept\u00e9s).<\/p>\n<p><a href=\"https:\/\/www.campings.com\/fr\/camping\/camping-paradis-aydat-82721\">Plus d\u2019infos sur le Camping du Lac d\u2019Aydat<\/a><\/p>\n<h3><strong>Les Sablons, un camping familial en Auvergne\u00a0<\/strong><\/h3>\n<p>Situ\u00e9 \u00e0 Pont-du-Ch\u00e2teau, \u00e0 4,2 km de la gare, ce camping offre un cadre agr\u00e9able et convivial pour des vacances. L\u2019\u00e9tablissement dispose d\u2019une piscine ext\u00e9rieure et d\u2019une pataugeoire. Et pendant la haute saison, des soir\u00e9es \u00e0 th\u00e8me sont r\u00e9guli\u00e8rement organis\u00e9es.<\/p>\n<p><a href=\"https:\/\/www.campings.com\/fr\/camping\/camping-les-sablons-78083\">Plus d\u2019infos sur le Camping Les Sablons<\/a><\/p>\n<h3><strong>Camping Chanset (63)<\/strong><\/h3>\n<p>\u00c0 Ceyrat, ce camping familial comblera vos attentes. De nombreux services sont disponibles pour assurer le confort des clients. Par ailleurs, un programme riche en animations est propos\u00e9 pour occuper les enfants tout au long de l\u2019ann\u00e9e.<\/p>\n<p><a href=\"https:\/\/www.campings.com\/fr\/camping\/camping-chanset-77070\">Plus d\u2019infos sur le Camping Chanset<\/a><\/p>\n<p><img loading=\"lazy\" decoding=\"async\" class=\"alignnone size-full wp-image-3638\" src=\"https:\/\/www.campings.com\/fr\/content\/wp-content\/uploads\/2022\/03\/Camping-4-etoiles-chanset.png\" alt=\"\" width=\"1000\" height=\"665\" srcset=\"https:\/\/www.campings.com\/fr\/content\/wp-content\/uploads\/2022\/03\/Camping-4-etoiles-chanset.png 1000w, https:\/\/www.campings.com\/fr\/content\/wp-content\/uploads\/2022\/03\/Camping-4-etoiles-chanset-300x200.png 300w, https:\/\/www.campings.com\/fr\/content\/wp-content\/uploads\/2022\/03\/Camping-4-etoiles-chanset-768x511.png 768w, https:\/\/www.campings.com\/fr\/content\/wp-content\/uploads\/2022\/03\/Camping-4-etoiles-chanset-450x299.png 450w, https:\/\/www.campings.com\/fr\/content\/wp-content\/uploads\/2022\/03\/Camping-4-etoiles-chanset-430x286.png 430w\" sizes=\"auto, (max-width: 1000px) 100vw, 1000px\" \/><\/p>\n<h2><strong>Liste des campings haut-de-gamme avec piscine\u00a0<\/strong><\/h2>\n<p>Envie de loger dans un camping Premium avec piscine pendant vos vacances en\u00a0<a href=\"https:\/\/www.campings.com\/fr\/content\/guide-vacances-auvergne\/\"><strong>Auvergne\u00a0<\/strong><\/a>? D\u00e9couvrez sans attendre notre s\u00e9lection de campings haut-de-gamme avec piscine !<\/p>\n<h3><strong>Camping Le Vaubarlet<\/strong><\/h3>\n<p>Ce camping 4 \u00e9toiles est situ\u00e9 \u00e0 proximit\u00e9 d\u2019une rivi\u00e8re au milieu d\u2019une nature verdoyante. Les amateurs de baignade pourront profiter de la piscine ext\u00e9rieure chauff\u00e9e ouverte toute l\u2019ann\u00e9e. De nombreuses activit\u00e9s \u00e0 faire en famille y sont organis\u00e9es.<\/p>\n<p><a href=\"https:\/\/www.campings.com\/fr\/camping\/le-vaubarlet-camping-sites-et-paysages-82270\">Plus d\u2019infos sur le Camping le Vaubarlet<\/a><\/p>\n<h3><strong>Camping Pommeraie, pour des vacances en Auvergne tout confort\u00a0<\/strong><\/h3>\n<p>Ce camping familial poss\u00e8de une piscine ext\u00e9rieure chauff\u00e9e accessible durant la haute saison. En plus de ses prestations et services, une programmation riche et vari\u00e9e est r\u00e9serv\u00e9e aux r\u00e9sidents.<\/p>\n<p><a href=\"https:\/\/www.campings.com\/fr\/camping\/camping-pommeraie-78747\">Plus d\u2019infos sur le Camping Pommeraie<\/a><\/p>\n<h3><strong>Camping de l\u2019Europe, une location de camping en Auvergne au c\u0153ur des volcans\u00a0<\/strong><\/h3>\n<p>En plein c\u0153ur des volcans d\u2019Auvergne, ce camping haut-de-gamme vous promet un s\u00e9jour inoubliable. Il dispose d\u2019une piscine chauff\u00e9e accessible durant la p\u00e9riode estivale. Le site propose \u00e9galement un choix vari\u00e9 d\u2019activit\u00e9s et d\u2019animations pour toute la famille.<\/p>\n<p><a href=\"https:\/\/www.campings.com\/fr\/camping\/camping-de-l-europe-camping-paradis-77861\">Plus d\u2019infos sur le Camping de L\u2019Europe<\/a>.<\/p>\n","protected":false},"excerpt":{"rendered":"<p>Avec ses c\u00e9l\u00e8bres volcans et ses paysages grandioses, l\u2019Auvergne vous promet un total d\u00e9paysement. La r\u00e9gion abrite une faune et une flore d\u2019une incroyable richesse \u00e0 d\u00e9couvrir\u2026 Autant d\u2019atouts qui en font une destination id\u00e9ale pour passer de bonnes vacances en famille ou entre amis. Voici notre s\u00e9lection de campings 4 \u00e9toiles pour un s\u00e9jour [&hellip;]<\/p>\n","protected":false},"author":18,"featured_media":0,"parent":3583,"menu_order":0,"comment_status":"closed","ping_status":"closed","template":"template-twocolumns.php","meta":{"_acf_changed":false,"footnotes":""},"class_list":["post-3594","page","type-page","status-publish","hentry"],"acf":[],"yoast_head":"<!-- This site is optimized with the Yoast SEO plugin v27.1.1 - https:\/\/yoast.com\/product\/yoast-seo-wordpress\/ -->\n<title>Les meilleurs campings 4 \u00e9toiles o\u00f9 s\u00e9journer en Auvergne -<\/title>\n<meta name=\"robots\" content=\"index, follow, max-snippet:-1, max-image-preview:large, max-video-preview:-1\" \/>\n<link rel=\"canonical\" href=\"https:\/\/www.campings.com\/fr\/content\/guide-vacances-auvergne\/campings-4-etoiles-auvergne\/\" \/>\n<meta property=\"og:locale\" content=\"fr_FR\" \/>\n<meta property=\"og:type\" content=\"article\" \/>\n<meta property=\"og:title\" content=\"Les meilleurs campings 4 \u00e9toiles o\u00f9 s\u00e9journer en Auvergne -\" \/>\n<meta property=\"og:description\" content=\"Avec ses c\u00e9l\u00e8bres volcans et ses paysages grandioses, l\u2019Auvergne vous promet un total d\u00e9paysement. La r\u00e9gion abrite une faune et une flore d\u2019une incroyable richesse \u00e0 d\u00e9couvrir\u2026 Autant d\u2019atouts qui en font une destination id\u00e9ale pour passer de bonnes vacances en famille ou entre amis. Voici notre s\u00e9lection de campings 4 \u00e9toiles pour un s\u00e9jour [&hellip;]\" \/>\n<meta property=\"og:url\" content=\"https:\/\/www.campings.com\/fr\/content\/guide-vacances-auvergne\/campings-4-etoiles-auvergne\/\" \/>\n<meta property=\"og:image\" content=\"https:\/\/www.campings.com\/fr\/content\/wp-content\/uploads\/2022\/03\/Camping-4-etoiles-domaine-du-lac-de-chambon.png\" \/>\n\t<meta property=\"og:image:width\" content=\"1000\" \/>\n\t<meta property=\"og:image:height\" content=\"665\" \/>\n\t<meta property=\"og:image:type\" content=\"image\/png\" \/>\n<meta name=\"twitter:card\" content=\"summary_large_image\" \/>\n<meta name=\"twitter:label1\" content=\"Dur\u00e9e de lecture estim\u00e9e\" \/>\n\t<meta name=\"twitter:data1\" content=\"5 minutes\" \/>\n<script type=\"application\/ld+json\" class=\"yoast-schema-graph\">{\"@context\":\"https:\/\/schema.org\",\"@graph\":[{\"@type\":\"WebPage\",\"@id\":\"https:\/\/www.campings.com\/fr\/content\/guide-vacances-auvergne\/campings-4-etoiles-auvergne\/\",\"url\":\"https:\/\/www.campings.com\/fr\/content\/guide-vacances-auvergne\/campings-4-etoiles-auvergne\/\",\"name\":\"Les meilleurs campings 4 \u00e9toiles o\u00f9 s\u00e9journer en Auvergne -\",\"isPartOf\":{\"@id\":\"https:\/\/www.campings.com\/fr\/content\/#website\"},\"primaryImageOfPage\":{\"@id\":\"https:\/\/www.campings.com\/fr\/content\/guide-vacances-auvergne\/campings-4-etoiles-auvergne\/#primaryimage\"},\"image\":{\"@id\":\"https:\/\/www.campings.com\/fr\/content\/guide-vacances-auvergne\/campings-4-etoiles-auvergne\/#primaryimage\"},\"thumbnailUrl\":\"https:\/\/www.campings.com\/fr\/content\/wp-content\/uploads\/2022\/03\/Camping-4-etoiles-domaine-du-lac-de-chambon.png\",\"datePublished\":\"2022-03-25T11:07:04+00:00\",\"breadcrumb\":{\"@id\":\"https:\/\/www.campings.com\/fr\/content\/guide-vacances-auvergne\/campings-4-etoiles-auvergne\/#breadcrumb\"},\"inLanguage\":\"fr-FR\",\"potentialAction\":[{\"@type\":\"ReadAction\",\"target\":[\"https:\/\/www.campings.com\/fr\/content\/guide-vacances-auvergne\/campings-4-etoiles-auvergne\/\"]}]},{\"@type\":\"ImageObject\",\"inLanguage\":\"fr-FR\",\"@id\":\"https:\/\/www.campings.com\/fr\/content\/guide-vacances-auvergne\/campings-4-etoiles-auvergne\/#primaryimage\",\"url\":\"https:\/\/www.campings.com\/fr\/content\/wp-content\/uploads\/2022\/03\/Camping-4-etoiles-domaine-du-lac-de-chambon.png\",\"contentUrl\":\"https:\/\/www.campings.com\/fr\/content\/wp-content\/uploads\/2022\/03\/Camping-4-etoiles-domaine-du-lac-de-chambon.png\",\"width\":1000,\"height\":665},{\"@type\":\"BreadcrumbList\",\"@id\":\"https:\/\/www.campings.com\/fr\/content\/guide-vacances-auvergne\/campings-4-etoiles-auvergne\/#breadcrumb\",\"itemListElement\":[{\"@type\":\"ListItem\",\"position\":1,\"name\":\"Home\",\"item\":\"https:\/\/www.campings.com\/fr\/content\/\"},{\"@type\":\"ListItem\",\"position\":2,\"name\":\"Le guide de vos vacances en Auvergne\",\"item\":\"https:\/\/www.campings.com\/fr\/content\/guide-vacances-auvergne\/\"},{\"@type\":\"ListItem\",\"position\":3,\"name\":\"Les meilleurs campings 4 \u00e9toiles o\u00f9 s\u00e9journer en Auvergne\"}]},{\"@type\":\"WebSite\",\"@id\":\"https:\/\/www.campings.com\/fr\/content\/#website\",\"url\":\"https:\/\/www.campings.com\/fr\/content\/\",\"name\":\"\",\"description\":\"\",\"publisher\":{\"@id\":\"https:\/\/www.campings.com\/fr\/content\/#organization\"},\"potentialAction\":[{\"@type\":\"SearchAction\",\"target\":{\"@type\":\"EntryPoint\",\"urlTemplate\":\"https:\/\/www.campings.com\/fr\/content\/?s={search_term_string}\"},\"query-input\":{\"@type\":\"PropertyValueSpecification\",\"valueRequired\":true,\"valueName\":\"search_term_string\"}}],\"inLanguage\":\"fr-FR\"},{\"@type\":\"Organization\",\"@id\":\"https:\/\/www.campings.com\/fr\/content\/#organization\",\"name\":\"CAMPINGS.COM\",\"url\":\"https:\/\/www.campings.com\/fr\/content\/\",\"logo\":{\"@type\":\"ImageObject\",\"inLanguage\":\"fr-FR\",\"@id\":\"https:\/\/www.campings.com\/fr\/content\/#\/schema\/logo\/image\/\",\"url\":\"https:\/\/www.campings.com\/fr\/content\/wp-content\/uploads\/2019\/01\/cropped-logo-1.png\",\"contentUrl\":\"https:\/\/www.campings.com\/fr\/content\/wp-content\/uploads\/2019\/01\/cropped-logo-1.png\",\"width\":174,\"height\":42,\"caption\":\"CAMPINGS.COM\"},\"image\":{\"@id\":\"https:\/\/www.campings.com\/fr\/content\/#\/schema\/logo\/image\/\"}}]}<\/script>\n<!-- \/ Yoast SEO plugin. -->","yoast_head_json":{"title":"Les meilleurs campings 4 \u00e9toiles o\u00f9 s\u00e9journer en Auvergne -","robots":{"index":"index","follow":"follow","max-snippet":"max-snippet:-1","max-image-preview":"max-image-preview:large","max-video-preview":"max-video-preview:-1"},"canonical":"https:\/\/www.campings.com\/fr\/content\/guide-vacances-auvergne\/campings-4-etoiles-auvergne\/","og_locale":"fr_FR","og_type":"article","og_title":"Les meilleurs campings 4 \u00e9toiles o\u00f9 s\u00e9journer en Auvergne -","og_description":"Avec ses c\u00e9l\u00e8bres volcans et ses paysages grandioses, l\u2019Auvergne vous promet un total d\u00e9paysement. La r\u00e9gion abrite une faune et une flore d\u2019une incroyable richesse \u00e0 d\u00e9couvrir\u2026 Autant d\u2019atouts qui en font une destination id\u00e9ale pour passer de bonnes vacances en famille ou entre amis. Voici notre s\u00e9lection de campings 4 \u00e9toiles pour un s\u00e9jour [&hellip;]","og_url":"https:\/\/www.campings.com\/fr\/content\/guide-vacances-auvergne\/campings-4-etoiles-auvergne\/","og_image":[{"width":1000,"height":665,"url":"https:\/\/www.campings.com\/fr\/content\/wp-content\/uploads\/2022\/03\/Camping-4-etoiles-domaine-du-lac-de-chambon.png","type":"image\/png"}],"twitter_card":"summary_large_image","twitter_misc":{"Dur\u00e9e de lecture estim\u00e9e":"5 minutes"},"schema":{"@context":"https:\/\/schema.org","@graph":[{"@type":"WebPage","@id":"https:\/\/www.campings.com\/fr\/content\/guide-vacances-auvergne\/campings-4-etoiles-auvergne\/","url":"https:\/\/www.campings.com\/fr\/content\/guide-vacances-auvergne\/campings-4-etoiles-auvergne\/","name":"Les meilleurs campings 4 \u00e9toiles o\u00f9 s\u00e9journer en Auvergne -","isPartOf":{"@id":"https:\/\/www.campings.com\/fr\/content\/#website"},"primaryImageOfPage":{"@id":"https:\/\/www.campings.com\/fr\/content\/guide-vacances-auvergne\/campings-4-etoiles-auvergne\/#primaryimage"},"image":{"@id":"https:\/\/www.campings.com\/fr\/content\/guide-vacances-auvergne\/campings-4-etoiles-auvergne\/#primaryimage"},"thumbnailUrl":"https:\/\/www.campings.com\/fr\/content\/wp-content\/uploads\/2022\/03\/Camping-4-etoiles-domaine-du-lac-de-chambon.png","datePublished":"2022-03-25T11:07:04+00:00","breadcrumb":{"@id":"https:\/\/www.campings.com\/fr\/content\/guide-vacances-auvergne\/campings-4-etoiles-auvergne\/#breadcrumb"},"inLanguage":"fr-FR","potentialAction":[{"@type":"ReadAction","target":["https:\/\/www.campings.com\/fr\/content\/guide-vacances-auvergne\/campings-4-etoiles-auvergne\/"]}]},{"@type":"ImageObject","inLanguage":"fr-FR","@id":"https:\/\/www.campings.com\/fr\/content\/guide-vacances-auvergne\/campings-4-etoiles-auvergne\/#primaryimage","url":"https:\/\/www.campings.com\/fr\/content\/wp-content\/uploads\/2022\/03\/Camping-4-etoiles-domaine-du-lac-de-chambon.png","contentUrl":"https:\/\/www.campings.com\/fr\/content\/wp-content\/uploads\/2022\/03\/Camping-4-etoiles-domaine-du-lac-de-chambon.png","width":1000,"height":665},{"@type":"BreadcrumbList","@id":"https:\/\/www.campings.com\/fr\/content\/guide-vacances-auvergne\/campings-4-etoiles-auvergne\/#breadcrumb","itemListElement":[{"@type":"ListItem","position":1,"name":"Home","item":"https:\/\/www.campings.com\/fr\/content\/"},{"@type":"ListItem","position":2,"name":"Le guide de vos vacances en Auvergne","item":"https:\/\/www.campings.com\/fr\/content\/guide-vacances-auvergne\/"},{"@type":"ListItem","position":3,"name":"Les meilleurs campings 4 \u00e9toiles o\u00f9 s\u00e9journer en Auvergne"}]},{"@type":"WebSite","@id":"https:\/\/www.campings.com\/fr\/content\/#website","url":"https:\/\/www.campings.com\/fr\/content\/","name":"","description":"","publisher":{"@id":"https:\/\/www.campings.com\/fr\/content\/#organization"},"potentialAction":[{"@type":"SearchAction","target":{"@type":"EntryPoint","urlTemplate":"https:\/\/www.campings.com\/fr\/content\/?s={search_term_string}"},"query-input":{"@type":"PropertyValueSpecification","valueRequired":true,"valueName":"search_term_string"}}],"inLanguage":"fr-FR"},{"@type":"Organization","@id":"https:\/\/www.campings.com\/fr\/content\/#organization","name":"CAMPINGS.COM","url":"https:\/\/www.campings.com\/fr\/content\/","logo":{"@type":"ImageObject","inLanguage":"fr-FR","@id":"https:\/\/www.campings.com\/fr\/content\/#\/schema\/logo\/image\/","url":"https:\/\/www.campings.com\/fr\/content\/wp-content\/uploads\/2019\/01\/cropped-logo-1.png","contentUrl":"https:\/\/www.campings.com\/fr\/content\/wp-content\/uploads\/2019\/01\/cropped-logo-1.png","width":174,"height":42,"caption":"CAMPINGS.COM"},"image":{"@id":"https:\/\/www.campings.com\/fr\/content\/#\/schema\/logo\/image\/"}}]}},"_links":{"self":[{"href":"https:\/\/www.campings.com\/fr\/content\/wp-json\/wp\/v2\/pages\/3594","targetHints":{"allow":["GET"]}}],"collection":[{"href":"https:\/\/www.campings.com\/fr\/content\/wp-json\/wp\/v2\/pages"}],"about":[{"href":"https:\/\/www.campings.com\/fr\/content\/wp-json\/wp\/v2\/types\/page"}],"author":[{"embeddable":true,"href":"https:\/\/www.campings.com\/fr\/content\/wp-json\/wp\/v2\/users\/18"}],"replies":[{"embeddable":true,"href":"https:\/\/www.campings.com\/fr\/content\/wp-json\/wp\/v2\/comments?post=3594"}],"version-history":[{"count":1,"href":"https:\/\/www.campings.com\/fr\/content\/wp-json\/wp\/v2\/pages\/3594\/revisions"}],"predecessor-version":[{"id":3639,"href":"https:\/\/www.campings.com\/fr\/content\/wp-json\/wp\/v2\/pages\/3594\/revisions\/3639"}],"up":[{"embeddable":true,"href":"https:\/\/www.campings.com\/fr\/content\/wp-json\/wp\/v2\/pages\/3583"}],"wp:attachment":[{"href":"https:\/\/www.campings.com\/fr\/content\/wp-json\/wp\/v2\/media?parent=3594"}],"curies":[{"name":"wp","href":"https:\/\/api.w.org\/{rel}","templated":true}]}}