{"id":3588,"date":"2022-03-25T09:43:31","date_gmt":"2022-03-25T09:43:31","guid":{"rendered":"https:\/\/www.campings.com\/fr\/content\/?page_id=3588"},"modified":"2022-03-25T09:43:31","modified_gmt":"2022-03-25T09:43:31","slug":"canoe-auvergne","status":"publish","type":"page","link":"https:\/\/www.campings.com\/fr\/content\/guide-vacances-auvergne\/canoe-auvergne\/","title":{"rendered":"O\u00f9 faire du cano\u00eb en Auvergne ?"},"content":{"rendered":"<p>En plus de ses c\u00e9l\u00e8bres volcans, <a href=\"https:\/\/www.campings.com\/fr\/content\/guide-vacances-auvergne\/\"><strong>l\u2019Auvergne<\/strong><\/a> abrite de belles rivi\u00e8res sauvages o\u00f9 pratiquer le cano\u00eb. Ce loisir, accessible \u00e0 tous, est parfait pour d\u00e9couvrir la faune et la flore de la r\u00e9gion.<\/p>\n<p>L\u2019<a href=\"https:\/\/www.campings.com\/fr\/france\/auvergne\"><strong><u>Auvergne<\/u><\/strong><\/a>\u00a0est riche d\u2019une nature pr\u00e9serv\u00e9e, offrant une mosa\u00efque de paysages d\u2019une infinie diversit\u00e9. Avec ses nombreuses rivi\u00e8res, la r\u00e9gion est un excellent terrain de jeu pour les amateurs de cano\u00eb. L\u2019Allier, l\u2019Alagnon et le Cher sont les cours d\u2019eau les plus connus&#8230; L\u2019Allier s&rsquo;\u00e9tend sur plus de 420 km. L\u2019Alagnon longe les rives du Cantal, de la Haute-Loire et du Puy-de-D\u00f4me sur 85 km. Enfin, le Cher, long de 368 km, prend sa source dans la Creuse et coule sur 70 km en Auvergne. Le r\u00e9seau hydrographique est particuli\u00e8rement propice \u00e0 la pratique du cano\u00eb. Pour la demi-journ\u00e9e ou la journ\u00e9e enti\u00e8re, d\u00e9couvrez les meilleurs spots o\u00f9 faire du cano\u00eb en Auvergne !<\/p>\n<h2><strong>Descente en cano\u00eb sur la Sioule<\/strong><\/h2>\n<p>Situ\u00e9e au nord du Massif central, la Sioule est une rivi\u00e8re longue de 150 km. Elle offre plusieurs parcours de cano\u00eb r\u00e9partis sur plus de 40 km, \u00e0 faire en deux jours. Plusieurs navettes sont disponibles pour rejoindre les points de d\u00e9part. Une fois sur place, plusieurs types de bateaux sont propos\u00e9s pour votre balade en cano\u00eb. Il est important de respecter toutes les r\u00e8gles pour une pratique en toute s\u00e9curit\u00e9. Ch\u00e2teaux, viaducs, ponts\u2026 Ce parcours permet d\u2019appr\u00e9cier pleinement le riche patrimoine architectural et naturel de la r\u00e9gion.<\/p>\n<h2><strong>La descente de la rivi\u00e8re Allier en cano\u00eb <\/strong><\/h2>\n<p>En <a href=\"https:\/\/www.campings.com\/fr\/content\/guide-vacances-auvergne\/\"><strong><u>Auvergne<\/u><\/strong><\/a>, la rivi\u00e8re Allier traverse plusieurs communes et compte plusieurs spots de cano\u00eb. Voici les plus connus :<\/p>\n<ul>\n<li>Le parcours Vichy-Moulins de 78 km ;<\/li>\n<li>Le parcours Moulins-Le Veurdre de 35 km ;<\/li>\n<li>Le parcours Le Veurdre-Le Bec d\u2019Allier de 76 km.<\/li>\n<\/ul>\n<p><img loading=\"lazy\" decoding=\"async\" class=\"alignnone size-full wp-image-3591\" src=\"https:\/\/www.campings.com\/fr\/content\/wp-content\/uploads\/2022\/03\/Canoe-1.png\" alt=\"\" width=\"1000\" height=\"665\" srcset=\"https:\/\/www.campings.com\/fr\/content\/wp-content\/uploads\/2022\/03\/Canoe-1.png 1000w, https:\/\/www.campings.com\/fr\/content\/wp-content\/uploads\/2022\/03\/Canoe-1-300x200.png 300w, https:\/\/www.campings.com\/fr\/content\/wp-content\/uploads\/2022\/03\/Canoe-1-768x511.png 768w, https:\/\/www.campings.com\/fr\/content\/wp-content\/uploads\/2022\/03\/Canoe-1-450x299.png 450w, https:\/\/www.campings.com\/fr\/content\/wp-content\/uploads\/2022\/03\/Canoe-1-430x286.png 430w\" sizes=\"auto, (max-width: 1000px) 100vw, 1000px\" \/><\/p>\n<h2><strong>Les gorges du Cher en cano\u00eb, pour faire du rafting en Auvergne<\/strong><\/h2>\n<p>Chaque ann\u00e9e, les gorges du Cher attirent de nombreux touristes. Ce territoire, class\u00e9 Natura 2000, abrite des paysages naturels spectaculaires et se pr\u00eate \u00e0 un grand choix d\u2019activit\u00e9s sportives. Accrobranche, tyrolienne, randonn\u00e9es\u2026 Pour faire du sport et admirer l\u2019incroyable biodiversit\u00e9 des Gorges du Cher, le cano\u00eb reste le meilleur compromis. Sur place: possibilit\u00e9 de location de cano\u00eb \u00e0 la demi-journ\u00e9e.<\/p>\n<h2><strong>Faire du cano\u00eb sur la Loire, une exp\u00e9rience riche en aventure <\/strong><\/h2>\n<p>La Loire offre de nombreux parcours de cano\u00eb \u00e0 faire en famille ou entre amis. Les op\u00e9rateurs touristiques du d\u00e9partement proposent plusieurs formules adapt\u00e9es aux demandes des visiteurs.<\/p>\n<ul>\n<li>Faire 2 heures de cano\u00eb sur un plan d\u2019eau ;<\/li>\n<li>Relier Vorey \u00e0 Flaceleyre en 2 heures ;<\/li>\n<li>Relier Vorey \u00e0 Chamali\u00e8res en une demi-journ\u00e9e.<\/li>\n<\/ul>\n<p>Les plus aventureux choisiront la grande randonn\u00e9e sur la Loire, qui permet de parcourir plus de 60 km en cano\u00eb. Cette distance peut augmenter selon les conditions m\u00e9t\u00e9orologiques. Ce parcours, \u00e0 faire en plusieurs jours permet de naviguer au c\u0153ur d\u2019une nature sauvage et pr\u00e9serv\u00e9e.<\/p>\n<p><img loading=\"lazy\" decoding=\"async\" class=\"alignnone size-full wp-image-3590\" src=\"https:\/\/www.campings.com\/fr\/content\/wp-content\/uploads\/2022\/03\/Canoe-2.png\" alt=\"\" width=\"1000\" height=\"665\" srcset=\"https:\/\/www.campings.com\/fr\/content\/wp-content\/uploads\/2022\/03\/Canoe-2.png 1000w, https:\/\/www.campings.com\/fr\/content\/wp-content\/uploads\/2022\/03\/Canoe-2-300x200.png 300w, https:\/\/www.campings.com\/fr\/content\/wp-content\/uploads\/2022\/03\/Canoe-2-768x511.png 768w, https:\/\/www.campings.com\/fr\/content\/wp-content\/uploads\/2022\/03\/Canoe-2-450x299.png 450w, https:\/\/www.campings.com\/fr\/content\/wp-content\/uploads\/2022\/03\/Canoe-2-430x286.png 430w\" sizes=\"auto, (max-width: 1000px) 100vw, 1000px\" \/><\/p>\n<h2><strong>S\u00e9lection des meilleurs campings en Auvergne pour faire du<\/strong>\u00a0cano\u00eb\u00a0<strong>en famille ou une randonn\u00e9e en<\/strong>\u00a0cano\u00eb<\/h2>\n<p>Pour profiter pleinement des activit\u00e9s nautiques disponibles en\u00a0<a href=\"https:\/\/www.campings.com\/fr\/content\/guide-vacances-auvergne\/\"><strong><u>Auvergne<\/u><\/strong><\/a>, n\u2019h\u00e9sitez pas \u00e0 poser vos valises dans un camping. A la fois convivial et pas cher, ce type d&rsquo;h\u00e9bergement garantit un s\u00e9jour tout confort. Nous avons s\u00e9lectionn\u00e9 pour vous les meilleurs campings situ\u00e9s \u00e0 proximit\u00e9 des spots de cano\u00eb de la r\u00e9gion.<\/p>\n<h3><strong>Camping La Fressange pour faire du<\/strong>\u00a0cano\u00eb en Haute-Loire<\/h3>\n<p>Situ\u00e9 \u00e0 Saint-Didier-en-Velay, en Haute-Loire, ce camping est parfait pour un s\u00e9jour en famille. Il dispose d\u2019une piscine couverte accessible uniquement en \u00e9t\u00e9. L\u2019\u00e9tablissement met \u00e9galement \u00e0 la disposition des clients plusieurs services pour assurer leur confort. Enfin, tous les membres de la famille peuvent profiter d\u2019un large \u00e9ventail d\u2019animations pour se divertir.<\/p>\n<p><a href=\"https:\/\/www.campings.com\/fr\/camping\/camping-la-fressange-82339\">Plus d\u2019infos sur le Camping La Fressange<\/a><\/p>\n<h3><strong>Camping Le Pont d&rsquo;Allagnon pour faire du<\/strong>\u00a0cano\u00eb dans le Puy de D\u00f4me<\/h3>\n<p>Implant\u00e9 \u00e0 Lempdes, pr\u00e8s de la rivi\u00e8re Alagnon, ce camping b\u00e9n\u00e9ficie d\u2019un emplacement g\u00e9ographique parfait. Il abrite une piscine chauff\u00e9e accessible en \u00e9t\u00e9. L\u2019\u00e9tablissement propose un large choix d\u2019animations pour occuper les enfants.<\/p>\n<p><a href=\"https:\/\/www.campings.com\/fr\/camping\/camping-le-pont-dallagnon-77559\">Plus d\u2019infos sur le Camping Le Pont d\u2019Allagnon<\/a><\/p>\n<h3><strong>Camping La Chanterelle pour des vacances en Auvergne sous le signe des loisirs<\/strong><\/h3>\n<p>Envie d\u2019un s\u00e9jour sans chichis en Auvergne ? Posez vos valises dans ce camping \u00e0 Champagnac-le-Vieux, situ\u00e9 en plein c\u0153ur d\u2019un parc naturel. Ce camping offre tous les services dont vous aurez besoin pour passer un s\u00e9jour agr\u00e9able. De plus, de nombreuses animations sont propos\u00e9es pour tous les \u00e2ges.<\/p>\n<p><a href=\"https:\/\/www.campings.com\/fr\/camping\/camping-la-chanterelle-77075\">Plus d\u2019infos sur le Camping La Chanterelle<\/a>.<\/p>\n<p>&nbsp;<\/p>\n","protected":false},"excerpt":{"rendered":"<p>En plus de ses c\u00e9l\u00e8bres volcans, l\u2019Auvergne abrite de belles rivi\u00e8res sauvages o\u00f9 pratiquer le cano\u00eb. Ce loisir, accessible \u00e0 tous, est parfait pour d\u00e9couvrir la faune et la flore de la r\u00e9gion. L\u2019Auvergne\u00a0est riche d\u2019une nature pr\u00e9serv\u00e9e, offrant une mosa\u00efque de paysages d\u2019une infinie diversit\u00e9. Avec ses nombreuses rivi\u00e8res, la r\u00e9gion est un excellent [&hellip;]<\/p>\n","protected":false},"author":18,"featured_media":0,"parent":3583,"menu_order":0,"comment_status":"closed","ping_status":"closed","template":"template-twocolumns.php","meta":{"_acf_changed":false,"footnotes":""},"class_list":["post-3588","page","type-page","status-publish","hentry"],"acf":[],"yoast_head":"<!-- This site is optimized with the Yoast SEO plugin v27.1.1 - https:\/\/yoast.com\/product\/yoast-seo-wordpress\/ -->\n<title>O\u00f9 faire du cano\u00eb en Auvergne ? -<\/title>\n<meta name=\"robots\" content=\"index, follow, max-snippet:-1, max-image-preview:large, max-video-preview:-1\" \/>\n<link rel=\"canonical\" href=\"https:\/\/www.campings.com\/fr\/content\/guide-vacances-auvergne\/canoe-auvergne\/\" \/>\n<meta property=\"og:locale\" content=\"fr_FR\" \/>\n<meta property=\"og:type\" content=\"article\" \/>\n<meta property=\"og:title\" content=\"O\u00f9 faire du cano\u00eb en Auvergne ? -\" \/>\n<meta property=\"og:description\" content=\"En plus de ses c\u00e9l\u00e8bres volcans, l\u2019Auvergne abrite de belles rivi\u00e8res sauvages o\u00f9 pratiquer le cano\u00eb. Ce loisir, accessible \u00e0 tous, est parfait pour d\u00e9couvrir la faune et la flore de la r\u00e9gion. L\u2019Auvergne\u00a0est riche d\u2019une nature pr\u00e9serv\u00e9e, offrant une mosa\u00efque de paysages d\u2019une infinie diversit\u00e9. Avec ses nombreuses rivi\u00e8res, la r\u00e9gion est un excellent [&hellip;]\" \/>\n<meta property=\"og:url\" content=\"https:\/\/www.campings.com\/fr\/content\/guide-vacances-auvergne\/canoe-auvergne\/\" \/>\n<meta property=\"og:image\" content=\"https:\/\/www.campings.com\/fr\/content\/wp-content\/uploads\/2022\/03\/Canoe-1.png\" \/>\n\t<meta property=\"og:image:width\" content=\"1000\" \/>\n\t<meta property=\"og:image:height\" content=\"665\" \/>\n\t<meta property=\"og:image:type\" content=\"image\/png\" \/>\n<meta name=\"twitter:card\" content=\"summary_large_image\" \/>\n<meta name=\"twitter:label1\" content=\"Dur\u00e9e de lecture estim\u00e9e\" \/>\n\t<meta name=\"twitter:data1\" content=\"4 minutes\" \/>\n<script type=\"application\/ld+json\" class=\"yoast-schema-graph\">{\"@context\":\"https:\/\/schema.org\",\"@graph\":[{\"@type\":\"WebPage\",\"@id\":\"https:\/\/www.campings.com\/fr\/content\/guide-vacances-auvergne\/canoe-auvergne\/\",\"url\":\"https:\/\/www.campings.com\/fr\/content\/guide-vacances-auvergne\/canoe-auvergne\/\",\"name\":\"O\u00f9 faire du cano\u00eb en Auvergne ? -\",\"isPartOf\":{\"@id\":\"https:\/\/www.campings.com\/fr\/content\/#website\"},\"primaryImageOfPage\":{\"@id\":\"https:\/\/www.campings.com\/fr\/content\/guide-vacances-auvergne\/canoe-auvergne\/#primaryimage\"},\"image\":{\"@id\":\"https:\/\/www.campings.com\/fr\/content\/guide-vacances-auvergne\/canoe-auvergne\/#primaryimage\"},\"thumbnailUrl\":\"https:\/\/www.campings.com\/fr\/content\/wp-content\/uploads\/2022\/03\/Canoe-1.png\",\"datePublished\":\"2022-03-25T09:43:31+00:00\",\"breadcrumb\":{\"@id\":\"https:\/\/www.campings.com\/fr\/content\/guide-vacances-auvergne\/canoe-auvergne\/#breadcrumb\"},\"inLanguage\":\"fr-FR\",\"potentialAction\":[{\"@type\":\"ReadAction\",\"target\":[\"https:\/\/www.campings.com\/fr\/content\/guide-vacances-auvergne\/canoe-auvergne\/\"]}]},{\"@type\":\"ImageObject\",\"inLanguage\":\"fr-FR\",\"@id\":\"https:\/\/www.campings.com\/fr\/content\/guide-vacances-auvergne\/canoe-auvergne\/#primaryimage\",\"url\":\"https:\/\/www.campings.com\/fr\/content\/wp-content\/uploads\/2022\/03\/Canoe-1.png\",\"contentUrl\":\"https:\/\/www.campings.com\/fr\/content\/wp-content\/uploads\/2022\/03\/Canoe-1.png\",\"width\":1000,\"height\":665},{\"@type\":\"BreadcrumbList\",\"@id\":\"https:\/\/www.campings.com\/fr\/content\/guide-vacances-auvergne\/canoe-auvergne\/#breadcrumb\",\"itemListElement\":[{\"@type\":\"ListItem\",\"position\":1,\"name\":\"Home\",\"item\":\"https:\/\/www.campings.com\/fr\/content\/\"},{\"@type\":\"ListItem\",\"position\":2,\"name\":\"Le guide de vos vacances en Auvergne\",\"item\":\"https:\/\/www.campings.com\/fr\/content\/guide-vacances-auvergne\/\"},{\"@type\":\"ListItem\",\"position\":3,\"name\":\"O\u00f9 faire du cano\u00eb en Auvergne ?\"}]},{\"@type\":\"WebSite\",\"@id\":\"https:\/\/www.campings.com\/fr\/content\/#website\",\"url\":\"https:\/\/www.campings.com\/fr\/content\/\",\"name\":\"\",\"description\":\"\",\"publisher\":{\"@id\":\"https:\/\/www.campings.com\/fr\/content\/#organization\"},\"potentialAction\":[{\"@type\":\"SearchAction\",\"target\":{\"@type\":\"EntryPoint\",\"urlTemplate\":\"https:\/\/www.campings.com\/fr\/content\/?s={search_term_string}\"},\"query-input\":{\"@type\":\"PropertyValueSpecification\",\"valueRequired\":true,\"valueName\":\"search_term_string\"}}],\"inLanguage\":\"fr-FR\"},{\"@type\":\"Organization\",\"@id\":\"https:\/\/www.campings.com\/fr\/content\/#organization\",\"name\":\"CAMPINGS.COM\",\"url\":\"https:\/\/www.campings.com\/fr\/content\/\",\"logo\":{\"@type\":\"ImageObject\",\"inLanguage\":\"fr-FR\",\"@id\":\"https:\/\/www.campings.com\/fr\/content\/#\/schema\/logo\/image\/\",\"url\":\"https:\/\/www.campings.com\/fr\/content\/wp-content\/uploads\/2019\/01\/cropped-logo-1.png\",\"contentUrl\":\"https:\/\/www.campings.com\/fr\/content\/wp-content\/uploads\/2019\/01\/cropped-logo-1.png\",\"width\":174,\"height\":42,\"caption\":\"CAMPINGS.COM\"},\"image\":{\"@id\":\"https:\/\/www.campings.com\/fr\/content\/#\/schema\/logo\/image\/\"}}]}<\/script>\n<!-- \/ Yoast SEO plugin. -->","yoast_head_json":{"title":"O\u00f9 faire du cano\u00eb en Auvergne ? -","robots":{"index":"index","follow":"follow","max-snippet":"max-snippet:-1","max-image-preview":"max-image-preview:large","max-video-preview":"max-video-preview:-1"},"canonical":"https:\/\/www.campings.com\/fr\/content\/guide-vacances-auvergne\/canoe-auvergne\/","og_locale":"fr_FR","og_type":"article","og_title":"O\u00f9 faire du cano\u00eb en Auvergne ? -","og_description":"En plus de ses c\u00e9l\u00e8bres volcans, l\u2019Auvergne abrite de belles rivi\u00e8res sauvages o\u00f9 pratiquer le cano\u00eb. Ce loisir, accessible \u00e0 tous, est parfait pour d\u00e9couvrir la faune et la flore de la r\u00e9gion. L\u2019Auvergne\u00a0est riche d\u2019une nature pr\u00e9serv\u00e9e, offrant une mosa\u00efque de paysages d\u2019une infinie diversit\u00e9. Avec ses nombreuses rivi\u00e8res, la r\u00e9gion est un excellent [&hellip;]","og_url":"https:\/\/www.campings.com\/fr\/content\/guide-vacances-auvergne\/canoe-auvergne\/","og_image":[{"width":1000,"height":665,"url":"https:\/\/www.campings.com\/fr\/content\/wp-content\/uploads\/2022\/03\/Canoe-1.png","type":"image\/png"}],"twitter_card":"summary_large_image","twitter_misc":{"Dur\u00e9e de lecture estim\u00e9e":"4 minutes"},"schema":{"@context":"https:\/\/schema.org","@graph":[{"@type":"WebPage","@id":"https:\/\/www.campings.com\/fr\/content\/guide-vacances-auvergne\/canoe-auvergne\/","url":"https:\/\/www.campings.com\/fr\/content\/guide-vacances-auvergne\/canoe-auvergne\/","name":"O\u00f9 faire du cano\u00eb en Auvergne ? -","isPartOf":{"@id":"https:\/\/www.campings.com\/fr\/content\/#website"},"primaryImageOfPage":{"@id":"https:\/\/www.campings.com\/fr\/content\/guide-vacances-auvergne\/canoe-auvergne\/#primaryimage"},"image":{"@id":"https:\/\/www.campings.com\/fr\/content\/guide-vacances-auvergne\/canoe-auvergne\/#primaryimage"},"thumbnailUrl":"https:\/\/www.campings.com\/fr\/content\/wp-content\/uploads\/2022\/03\/Canoe-1.png","datePublished":"2022-03-25T09:43:31+00:00","breadcrumb":{"@id":"https:\/\/www.campings.com\/fr\/content\/guide-vacances-auvergne\/canoe-auvergne\/#breadcrumb"},"inLanguage":"fr-FR","potentialAction":[{"@type":"ReadAction","target":["https:\/\/www.campings.com\/fr\/content\/guide-vacances-auvergne\/canoe-auvergne\/"]}]},{"@type":"ImageObject","inLanguage":"fr-FR","@id":"https:\/\/www.campings.com\/fr\/content\/guide-vacances-auvergne\/canoe-auvergne\/#primaryimage","url":"https:\/\/www.campings.com\/fr\/content\/wp-content\/uploads\/2022\/03\/Canoe-1.png","contentUrl":"https:\/\/www.campings.com\/fr\/content\/wp-content\/uploads\/2022\/03\/Canoe-1.png","width":1000,"height":665},{"@type":"BreadcrumbList","@id":"https:\/\/www.campings.com\/fr\/content\/guide-vacances-auvergne\/canoe-auvergne\/#breadcrumb","itemListElement":[{"@type":"ListItem","position":1,"name":"Home","item":"https:\/\/www.campings.com\/fr\/content\/"},{"@type":"ListItem","position":2,"name":"Le guide de vos vacances en Auvergne","item":"https:\/\/www.campings.com\/fr\/content\/guide-vacances-auvergne\/"},{"@type":"ListItem","position":3,"name":"O\u00f9 faire du cano\u00eb en Auvergne ?"}]},{"@type":"WebSite","@id":"https:\/\/www.campings.com\/fr\/content\/#website","url":"https:\/\/www.campings.com\/fr\/content\/","name":"","description":"","publisher":{"@id":"https:\/\/www.campings.com\/fr\/content\/#organization"},"potentialAction":[{"@type":"SearchAction","target":{"@type":"EntryPoint","urlTemplate":"https:\/\/www.campings.com\/fr\/content\/?s={search_term_string}"},"query-input":{"@type":"PropertyValueSpecification","valueRequired":true,"valueName":"search_term_string"}}],"inLanguage":"fr-FR"},{"@type":"Organization","@id":"https:\/\/www.campings.com\/fr\/content\/#organization","name":"CAMPINGS.COM","url":"https:\/\/www.campings.com\/fr\/content\/","logo":{"@type":"ImageObject","inLanguage":"fr-FR","@id":"https:\/\/www.campings.com\/fr\/content\/#\/schema\/logo\/image\/","url":"https:\/\/www.campings.com\/fr\/content\/wp-content\/uploads\/2019\/01\/cropped-logo-1.png","contentUrl":"https:\/\/www.campings.com\/fr\/content\/wp-content\/uploads\/2019\/01\/cropped-logo-1.png","width":174,"height":42,"caption":"CAMPINGS.COM"},"image":{"@id":"https:\/\/www.campings.com\/fr\/content\/#\/schema\/logo\/image\/"}}]}},"_links":{"self":[{"href":"https:\/\/www.campings.com\/fr\/content\/wp-json\/wp\/v2\/pages\/3588","targetHints":{"allow":["GET"]}}],"collection":[{"href":"https:\/\/www.campings.com\/fr\/content\/wp-json\/wp\/v2\/pages"}],"about":[{"href":"https:\/\/www.campings.com\/fr\/content\/wp-json\/wp\/v2\/types\/page"}],"author":[{"embeddable":true,"href":"https:\/\/www.campings.com\/fr\/content\/wp-json\/wp\/v2\/users\/18"}],"replies":[{"embeddable":true,"href":"https:\/\/www.campings.com\/fr\/content\/wp-json\/wp\/v2\/comments?post=3588"}],"version-history":[{"count":1,"href":"https:\/\/www.campings.com\/fr\/content\/wp-json\/wp\/v2\/pages\/3588\/revisions"}],"predecessor-version":[{"id":3592,"href":"https:\/\/www.campings.com\/fr\/content\/wp-json\/wp\/v2\/pages\/3588\/revisions\/3592"}],"up":[{"embeddable":true,"href":"https:\/\/www.campings.com\/fr\/content\/wp-json\/wp\/v2\/pages\/3583"}],"wp:attachment":[{"href":"https:\/\/www.campings.com\/fr\/content\/wp-json\/wp\/v2\/media?parent=3588"}],"curies":[{"name":"wp","href":"https:\/\/api.w.org\/{rel}","templated":true}]}}