{"id":3578,"date":"2022-03-24T17:08:26","date_gmt":"2022-03-24T17:08:26","guid":{"rendered":"https:\/\/www.campings.com\/fr\/content\/?page_id=3578"},"modified":"2022-03-25T10:51:24","modified_gmt":"2022-03-25T10:51:24","slug":"la-rochelle-activites-a-faire","status":"publish","type":"page","link":"https:\/\/www.campings.com\/fr\/content\/guide-vacances-charente-maritime\/la-rochelle-activites-a-faire\/","title":{"rendered":"La Rochelle : votre guide des meilleures activit\u00e9s \u00e0 faire"},"content":{"rendered":"<p>La Rochelle est la ville id\u00e9ale pour se ressourcer, m\u00eame le temps d\u2019un week-end ! Que vous soyez en famille ou entre amis, elle regorge de sites historiques et de plages de sable \u00e0 d\u00e9couvrir. D\u00e9couvrez les endroits \u00e0 ne pas manquer pendant votre s\u00e9jour.<\/p>\n<p>Situ\u00e9e au bord de l\u2019oc\u00e9an, La Rochelle jouit d\u2019une position privil\u00e9gi\u00e9e face aux \u00eeles de R\u00e9, Ol\u00e9ron et Aix. \u2026 Chef-lieu du d\u00e9partement de\u00a0<u><a href=\"https:\/\/www.campings.com\/fr\/content\/guide-vacances-charente-maritime\/\">Charente-Maritime<\/a>,<\/u>\u00a0la ville compte 76 343 habitants en 2021.<strong>\u00a0<\/strong>Entre son complexe portuaire, ses trois tours, ses mus\u00e9es, son Aquarium\u2026 Vous n\u2019aurez pas le temps de vous ennuyer !<\/p>\n<h2><strong>Les lieux \u00e0 voir \u00e0 La Rochelle <\/strong><\/h2>\n<p>Vous envisagez de s\u00e9journer \u00e0 La Rochelle en\u00a0<a href=\"https:\/\/www.campings.com\/fr\/france\/poitou-charentes\/charente-maritime\"><u>Charente-Maritime<\/u>\u00a0<\/a>? Voici la liste des activit\u00e9s incontournables \u00e0 ne pas manquer!<\/p>\n<h3><strong>Visiter l\u2019aquarium de la ville<\/strong><\/h3>\n<p>Faisant face au Vieux Port, l\u2019aquarium de La Rochelle est un lieu \u00e0 ne pas manquer ! Une occasion unique de se plonger dans une ambiance marine fascinante en admirant les 12 000 esp\u00e8ces pr\u00e9sentes. Les m\u00e9duses et leur ballet diaphane, les tortues de mer, les requins et raies\u2026 Vous y d\u00e9couvrirez une incroyable diversit\u00e9 d\u2019animaux marins de l\u2019Atlantique, de la M\u00e9diterran\u00e9e ou des Tropiques.<\/p>\n<h3><strong>Se promener sur les quais du Vieux-Port<\/strong><\/h3>\n<p>Avec ses tours et ses quais, le Vieux-Port est le lieu le plus embl\u00e9matique de La Rochelle et fait partie du riche patrimoine historique de la ville. Il est aussi l\u2019un des endroits les plus anim\u00e9s de la ville. La promenade sur les quais vous conduira de la tour de la Cha\u00eene \u00e0 la Tour Saint-Nicolas.<\/p>\n<p><img loading=\"lazy\" decoding=\"async\" class=\"alignnone size-full wp-image-3579\" src=\"https:\/\/www.campings.com\/fr\/content\/wp-content\/uploads\/2022\/03\/La-rochelle-vieux-port.png\" alt=\"\" width=\"1000\" height=\"665\" srcset=\"https:\/\/www.campings.com\/fr\/content\/wp-content\/uploads\/2022\/03\/La-rochelle-vieux-port.png 1000w, https:\/\/www.campings.com\/fr\/content\/wp-content\/uploads\/2022\/03\/La-rochelle-vieux-port-300x200.png 300w, https:\/\/www.campings.com\/fr\/content\/wp-content\/uploads\/2022\/03\/La-rochelle-vieux-port-768x511.png 768w, https:\/\/www.campings.com\/fr\/content\/wp-content\/uploads\/2022\/03\/La-rochelle-vieux-port-450x299.png 450w, https:\/\/www.campings.com\/fr\/content\/wp-content\/uploads\/2022\/03\/La-rochelle-vieux-port-430x286.png 430w\" sizes=\"auto, (max-width: 1000px) 100vw, 1000px\" \/><\/p>\n<h3><strong>La Plage de la Concurrence<\/strong><\/h3>\n<p>Cette plage urbaine, facile d\u2019acc\u00e8s offre une magnifique vue sur les voiliers qui voguent sur le Vieux-Port. Situ\u00e9e au bas de la promenade du Mail, cette plage est le spot parfait pour une baignade improvis\u00e9e.<\/p>\n<h2><strong>Les march\u00e9s de La Rochelle \u00e0 ne pas manquer<\/strong><\/h2>\n<ul>\n<li>Les Halles du XIX\u00e8me<\/li>\n<\/ul>\n<p>Incontournable, ce march\u00e9 couvert se tient en plein c\u0153ur de la Vieille Ville. Il est ouvert tous les jours de l\u2019ann\u00e9e, de 8 h \u00e0 13 h. Les mercredis et samedis sont des jours de grands march\u00e9s. Vous y trouverez un grand choix de produits du terroir et de produits de la mer : sardines, hu\u00eetres, moules\u2026<\/p>\n<ul>\n<li>Le march\u00e9 de la Pallice<\/li>\n<\/ul>\n<p>Ce grand march\u00e9 r\u00e9unit vendeurs et camelots. Il a lieu tous les dimanches de 8 h \u00e0 13 h, \u00e0 l\u2019ouest de La Rochelle. Vous y trouverez des produits alimentaires frais, des v\u00eatements et des objets en tous genres\u2026<\/p>\n<h2><strong>S\u00e9lection de restaurants \u00e0 La Rochelle <\/strong><\/h2>\n<h3><strong>Le Merluberlu\u00a0<\/strong><\/h3>\n<p>\u00c0 La Rochelle, ce restaurant propose une cuisine \u00e0 base de poissons frais et de fruits de mer. Le poulpe est l\u2019une des sp\u00e9cialit\u00e9s du restaurant o\u00f9 il est d\u00e9clin\u00e9 en plusieurs recettes. Le soir est d\u00e9di\u00e9 au bistrot et aux tapas de la mer. Le tarif des menus varie entre 20 et 30 \u20ac. Le restaurant est ouvert du lundi au samedi : de 11 h 30 \u00e0 14 h 30 le lundi et mardi, de 11 h 30 \u00e0 14 h 30 et de 17 h \u00e0 minuit du mercredi au vendredi, de 11 h 30 \u00e0 14 h et de 17 h \u00e0 2 h le samedi.<\/p>\n<p>Adresse : 37 quai Valin, 17 000 La Rochelle<br \/>\nPour r\u00e9server : + 33 5 46 27 97 07.<\/p>\n<h3><strong>La Malette\u00a0<\/strong><\/h3>\n<p>Ce restaurant propose une cuisine simple et gourmande \u00e0 base de poissons et de fruits de mer. Il est ouvert du mercredi au samedi de 7 h \u00e0 22 h 30. Les prix sont tr\u00e8s abordables et varient entre 3 et 10 \u20ac.<\/p>\n<p>Adresse : 6, rue de la Cloche, 17000, La Rochelle.<br \/>\nPour r\u00e9server : +33 6 66 43 30 58<\/p>\n<h3><strong>L\u2019Ardoise\u00a0<\/strong><\/h3>\n<p>Ce bistrot familial et accueillant propose une carte simple et vari\u00e9e : quiches, salades, burgers, desserts\u2026 Le tarif des menus pour adultes varie entre 13 et 19 \u20ac, le menu enfant est autour de 7,50 \u20ac. Le restaurant est ouvert le lundi, mardi, mercredi, jeudi et vendredi de 11h30 \u00e0 14h30.<br \/>\nAdresse : 33, av. du G\u00e9n\u00e9ral de Gaulle, 17000 La Rochelle.<br \/>\nPour r\u00e9server : +33 5 46 29 46 16.<\/p>\n<h3><strong>Le Thiers Temps\u00a0<\/strong><\/h3>\n<p>Ce restaurant propose une cuisine cr\u00e9ative concoct\u00e9e avec des produits frais du march\u00e9. Le tarif du menu pour adultes varie de 18,50 \u00e0 31,50 \u20ac, tandis que celui du menu enfant est autour de 10 \u20ac. Le restaurant est ouvert le mardi, mercredi, jeudi, vendredi et samedi de 12h \u00e0 14h et de 19h30 \u00e0 22h.<\/p>\n<p>Adresse : 26, rue Thiers, 17000 La Rochelle.<br \/>\nPour r\u00e9server : +33 5 46 34 31 81<\/p>\n<p><img loading=\"lazy\" decoding=\"async\" class=\"alignnone size-full wp-image-3580\" src=\"https:\/\/www.campings.com\/fr\/content\/wp-content\/uploads\/2022\/03\/la-rochelle.png\" alt=\"\" width=\"1000\" height=\"665\" srcset=\"https:\/\/www.campings.com\/fr\/content\/wp-content\/uploads\/2022\/03\/la-rochelle.png 1000w, https:\/\/www.campings.com\/fr\/content\/wp-content\/uploads\/2022\/03\/la-rochelle-300x200.png 300w, https:\/\/www.campings.com\/fr\/content\/wp-content\/uploads\/2022\/03\/la-rochelle-768x511.png 768w, https:\/\/www.campings.com\/fr\/content\/wp-content\/uploads\/2022\/03\/la-rochelle-450x299.png 450w, https:\/\/www.campings.com\/fr\/content\/wp-content\/uploads\/2022\/03\/la-rochelle-430x286.png 430w\" sizes=\"auto, (max-width: 1000px) 100vw, 1000px\" \/><\/p>\n<h2><strong>S\u00e9lection de campings \u00e0 La Rochelle et ses environs\u00a0<\/strong><\/h2>\n<p>Pour profiter au maximum de votre s\u00e9jour \u00e0 La Rochelle en\u00a0<a href=\"https:\/\/www.campings.com\/fr\/content\/guide-vacances-charente-maritime\/\"><u>Charente-Maritime<\/u><\/a>, voici des choix de campings premier ordre situ\u00e9s \u00e0 proximit\u00e9.<\/p>\n<h3><strong>Camping Les Peupliers, un camping tout confort pour un s\u00e9jour \u00e0 La Rochelle\u00a0<\/strong><\/h3>\n<p>Ce camping est situ\u00e9 sur l\u2019\u00eele de R\u00e9, \u00e0 800 m de la mer seulement. Un sauna, une salle de fitness et un hammam sont accessibles uniquement en \u00e9t\u00e9. De plus, vous pourrez vous baigner dans une piscine ext\u00e9rieure chauff\u00e9e durant la saison estivale. Divers \u00e9quipements &amp; services sont propos\u00e9s pour rendre votre s\u00e9jour plus agr\u00e9able : d\u00e9p\u00f4t de pain, laverie, espaces de restauration.<\/p>\n<p><a href=\"https:\/\/www.campings.com\/fr\/camping\/camping-les-peupliers-77450\">Plus d\u2019infos sur le Camping Les Peupliers<\/a><\/p>\n<h3><strong>Camping Domaine Les Charmilles &#8211; Camping Paradis<\/strong><\/h3>\n<p>Situ\u00e9 \u00e0 Saint-Laurent-de-la-Pr\u00e9e, en plein c\u0153ur d\u2019un parc bois\u00e9 de 5 hectares, ce camping vous promet un s\u00e9jour inoubliable. Le bord de mer est \u00e0 4 km seulement. Ce camping abrite une piscine couverte chauff\u00e9e et une piscine ext\u00e9rieure non chauff\u00e9e. Les r\u00e9sidents auront acc\u00e8s \u00e0 des tables de ping-pong et un baby-foot pour se divertir.<\/p>\n<p><a href=\"https:\/\/www.campings.com\/fr\/camping\/camping-domaine-les-charmilles-camping-paradis-78329\">Plus d\u2019infos sur le Camping Domaine Les Charmilles &#8211; Camping Paradis<\/a><\/p>\n<h3><strong>Camping Les Ch\u00e8vrefeuilles, un camping familial avec piscine\u00a0<\/strong><\/h3>\n<p>Ce camping est situ\u00e9 \u00e0 Royan, \u00e0 4 km de la plage, dans un cadre agr\u00e9able et reposant. Il met \u00e0 votre disposition une piscine, des tables de ping-pong, un babyfoot. Une aire de jeux et des structures gonflables sont \u00e9galement propos\u00e9es pour les enfants.<\/p>\n<p><a href=\"https:\/\/www.campings.com\/fr\/camping\/camping-les-chevrefeuilles-78166\">Plus d\u2019infos sur le Camping Les Ch\u00e8vrefeuilles<\/a><\/p>\n","protected":false},"excerpt":{"rendered":"<p>La Rochelle est la ville id\u00e9ale pour se ressourcer, m\u00eame le temps d\u2019un week-end ! Que vous soyez en famille ou entre amis, elle regorge de sites historiques et de plages de sable \u00e0 d\u00e9couvrir. D\u00e9couvrez les endroits \u00e0 ne pas manquer pendant votre s\u00e9jour. Situ\u00e9e au bord de l\u2019oc\u00e9an, La Rochelle jouit d\u2019une position [&hellip;]<\/p>\n","protected":false},"author":18,"featured_media":0,"parent":3537,"menu_order":0,"comment_status":"closed","ping_status":"closed","template":"template-twocolumns.php","meta":{"_acf_changed":false,"footnotes":""},"class_list":["post-3578","page","type-page","status-publish","hentry"],"acf":[],"yoast_head":"<!-- This site is optimized with the Yoast SEO plugin v27.1.1 - https:\/\/yoast.com\/product\/yoast-seo-wordpress\/ -->\n<title>La Rochelle : votre guide des meilleures activit\u00e9s \u00e0 faire -<\/title>\n<meta name=\"robots\" content=\"index, follow, max-snippet:-1, max-image-preview:large, max-video-preview:-1\" \/>\n<link rel=\"canonical\" href=\"https:\/\/www.campings.com\/fr\/content\/guide-vacances-charente-maritime\/la-rochelle-activites-a-faire\/\" \/>\n<meta property=\"og:locale\" content=\"fr_FR\" \/>\n<meta property=\"og:type\" content=\"article\" \/>\n<meta property=\"og:title\" content=\"La Rochelle : votre guide des meilleures activit\u00e9s \u00e0 faire -\" \/>\n<meta property=\"og:description\" content=\"La Rochelle est la ville id\u00e9ale pour se ressourcer, m\u00eame le temps d\u2019un week-end ! Que vous soyez en famille ou entre amis, elle regorge de sites historiques et de plages de sable \u00e0 d\u00e9couvrir. D\u00e9couvrez les endroits \u00e0 ne pas manquer pendant votre s\u00e9jour. Situ\u00e9e au bord de l\u2019oc\u00e9an, La Rochelle jouit d\u2019une position [&hellip;]\" \/>\n<meta property=\"og:url\" content=\"https:\/\/www.campings.com\/fr\/content\/guide-vacances-charente-maritime\/la-rochelle-activites-a-faire\/\" \/>\n<meta property=\"article:modified_time\" content=\"2022-03-25T10:51:24+00:00\" \/>\n<meta property=\"og:image\" content=\"https:\/\/www.campings.com\/fr\/content\/wp-content\/uploads\/2022\/03\/La-rochelle-vieux-port.png\" \/>\n\t<meta property=\"og:image:width\" content=\"1000\" \/>\n\t<meta property=\"og:image:height\" content=\"665\" \/>\n\t<meta property=\"og:image:type\" content=\"image\/png\" \/>\n<meta name=\"twitter:card\" content=\"summary_large_image\" \/>\n<meta name=\"twitter:label1\" content=\"Dur\u00e9e de lecture estim\u00e9e\" \/>\n\t<meta name=\"twitter:data1\" content=\"5 minutes\" \/>\n<script type=\"application\/ld+json\" class=\"yoast-schema-graph\">{\"@context\":\"https:\/\/schema.org\",\"@graph\":[{\"@type\":\"WebPage\",\"@id\":\"https:\/\/www.campings.com\/fr\/content\/guide-vacances-charente-maritime\/la-rochelle-activites-a-faire\/\",\"url\":\"https:\/\/www.campings.com\/fr\/content\/guide-vacances-charente-maritime\/la-rochelle-activites-a-faire\/\",\"name\":\"La Rochelle : votre guide des meilleures activit\u00e9s \u00e0 faire -\",\"isPartOf\":{\"@id\":\"https:\/\/www.campings.com\/fr\/content\/#website\"},\"primaryImageOfPage\":{\"@id\":\"https:\/\/www.campings.com\/fr\/content\/guide-vacances-charente-maritime\/la-rochelle-activites-a-faire\/#primaryimage\"},\"image\":{\"@id\":\"https:\/\/www.campings.com\/fr\/content\/guide-vacances-charente-maritime\/la-rochelle-activites-a-faire\/#primaryimage\"},\"thumbnailUrl\":\"https:\/\/www.campings.com\/fr\/content\/wp-content\/uploads\/2022\/03\/La-rochelle-vieux-port.png\",\"datePublished\":\"2022-03-24T17:08:26+00:00\",\"dateModified\":\"2022-03-25T10:51:24+00:00\",\"breadcrumb\":{\"@id\":\"https:\/\/www.campings.com\/fr\/content\/guide-vacances-charente-maritime\/la-rochelle-activites-a-faire\/#breadcrumb\"},\"inLanguage\":\"fr-FR\",\"potentialAction\":[{\"@type\":\"ReadAction\",\"target\":[\"https:\/\/www.campings.com\/fr\/content\/guide-vacances-charente-maritime\/la-rochelle-activites-a-faire\/\"]}]},{\"@type\":\"ImageObject\",\"inLanguage\":\"fr-FR\",\"@id\":\"https:\/\/www.campings.com\/fr\/content\/guide-vacances-charente-maritime\/la-rochelle-activites-a-faire\/#primaryimage\",\"url\":\"https:\/\/www.campings.com\/fr\/content\/wp-content\/uploads\/2022\/03\/La-rochelle-vieux-port.png\",\"contentUrl\":\"https:\/\/www.campings.com\/fr\/content\/wp-content\/uploads\/2022\/03\/La-rochelle-vieux-port.png\",\"width\":1000,\"height\":665},{\"@type\":\"BreadcrumbList\",\"@id\":\"https:\/\/www.campings.com\/fr\/content\/guide-vacances-charente-maritime\/la-rochelle-activites-a-faire\/#breadcrumb\",\"itemListElement\":[{\"@type\":\"ListItem\",\"position\":1,\"name\":\"Home\",\"item\":\"https:\/\/www.campings.com\/fr\/content\/\"},{\"@type\":\"ListItem\",\"position\":2,\"name\":\"Le guide de vos vacances en Charente-Maritime\",\"item\":\"https:\/\/www.campings.com\/fr\/content\/guide-vacances-charente-maritime\/\"},{\"@type\":\"ListItem\",\"position\":3,\"name\":\"La Rochelle : votre guide des meilleures activit\u00e9s \u00e0 faire\"}]},{\"@type\":\"WebSite\",\"@id\":\"https:\/\/www.campings.com\/fr\/content\/#website\",\"url\":\"https:\/\/www.campings.com\/fr\/content\/\",\"name\":\"\",\"description\":\"\",\"publisher\":{\"@id\":\"https:\/\/www.campings.com\/fr\/content\/#organization\"},\"potentialAction\":[{\"@type\":\"SearchAction\",\"target\":{\"@type\":\"EntryPoint\",\"urlTemplate\":\"https:\/\/www.campings.com\/fr\/content\/?s={search_term_string}\"},\"query-input\":{\"@type\":\"PropertyValueSpecification\",\"valueRequired\":true,\"valueName\":\"search_term_string\"}}],\"inLanguage\":\"fr-FR\"},{\"@type\":\"Organization\",\"@id\":\"https:\/\/www.campings.com\/fr\/content\/#organization\",\"name\":\"CAMPINGS.COM\",\"url\":\"https:\/\/www.campings.com\/fr\/content\/\",\"logo\":{\"@type\":\"ImageObject\",\"inLanguage\":\"fr-FR\",\"@id\":\"https:\/\/www.campings.com\/fr\/content\/#\/schema\/logo\/image\/\",\"url\":\"https:\/\/www.campings.com\/fr\/content\/wp-content\/uploads\/2019\/01\/cropped-logo-1.png\",\"contentUrl\":\"https:\/\/www.campings.com\/fr\/content\/wp-content\/uploads\/2019\/01\/cropped-logo-1.png\",\"width\":174,\"height\":42,\"caption\":\"CAMPINGS.COM\"},\"image\":{\"@id\":\"https:\/\/www.campings.com\/fr\/content\/#\/schema\/logo\/image\/\"}}]}<\/script>\n<!-- \/ Yoast SEO plugin. -->","yoast_head_json":{"title":"La Rochelle : votre guide des meilleures activit\u00e9s \u00e0 faire -","robots":{"index":"index","follow":"follow","max-snippet":"max-snippet:-1","max-image-preview":"max-image-preview:large","max-video-preview":"max-video-preview:-1"},"canonical":"https:\/\/www.campings.com\/fr\/content\/guide-vacances-charente-maritime\/la-rochelle-activites-a-faire\/","og_locale":"fr_FR","og_type":"article","og_title":"La Rochelle : votre guide des meilleures activit\u00e9s \u00e0 faire -","og_description":"La Rochelle est la ville id\u00e9ale pour se ressourcer, m\u00eame le temps d\u2019un week-end ! Que vous soyez en famille ou entre amis, elle regorge de sites historiques et de plages de sable \u00e0 d\u00e9couvrir. D\u00e9couvrez les endroits \u00e0 ne pas manquer pendant votre s\u00e9jour. Situ\u00e9e au bord de l\u2019oc\u00e9an, La Rochelle jouit d\u2019une position [&hellip;]","og_url":"https:\/\/www.campings.com\/fr\/content\/guide-vacances-charente-maritime\/la-rochelle-activites-a-faire\/","article_modified_time":"2022-03-25T10:51:24+00:00","og_image":[{"width":1000,"height":665,"url":"https:\/\/www.campings.com\/fr\/content\/wp-content\/uploads\/2022\/03\/La-rochelle-vieux-port.png","type":"image\/png"}],"twitter_card":"summary_large_image","twitter_misc":{"Dur\u00e9e de lecture estim\u00e9e":"5 minutes"},"schema":{"@context":"https:\/\/schema.org","@graph":[{"@type":"WebPage","@id":"https:\/\/www.campings.com\/fr\/content\/guide-vacances-charente-maritime\/la-rochelle-activites-a-faire\/","url":"https:\/\/www.campings.com\/fr\/content\/guide-vacances-charente-maritime\/la-rochelle-activites-a-faire\/","name":"La Rochelle : votre guide des meilleures activit\u00e9s \u00e0 faire -","isPartOf":{"@id":"https:\/\/www.campings.com\/fr\/content\/#website"},"primaryImageOfPage":{"@id":"https:\/\/www.campings.com\/fr\/content\/guide-vacances-charente-maritime\/la-rochelle-activites-a-faire\/#primaryimage"},"image":{"@id":"https:\/\/www.campings.com\/fr\/content\/guide-vacances-charente-maritime\/la-rochelle-activites-a-faire\/#primaryimage"},"thumbnailUrl":"https:\/\/www.campings.com\/fr\/content\/wp-content\/uploads\/2022\/03\/La-rochelle-vieux-port.png","datePublished":"2022-03-24T17:08:26+00:00","dateModified":"2022-03-25T10:51:24+00:00","breadcrumb":{"@id":"https:\/\/www.campings.com\/fr\/content\/guide-vacances-charente-maritime\/la-rochelle-activites-a-faire\/#breadcrumb"},"inLanguage":"fr-FR","potentialAction":[{"@type":"ReadAction","target":["https:\/\/www.campings.com\/fr\/content\/guide-vacances-charente-maritime\/la-rochelle-activites-a-faire\/"]}]},{"@type":"ImageObject","inLanguage":"fr-FR","@id":"https:\/\/www.campings.com\/fr\/content\/guide-vacances-charente-maritime\/la-rochelle-activites-a-faire\/#primaryimage","url":"https:\/\/www.campings.com\/fr\/content\/wp-content\/uploads\/2022\/03\/La-rochelle-vieux-port.png","contentUrl":"https:\/\/www.campings.com\/fr\/content\/wp-content\/uploads\/2022\/03\/La-rochelle-vieux-port.png","width":1000,"height":665},{"@type":"BreadcrumbList","@id":"https:\/\/www.campings.com\/fr\/content\/guide-vacances-charente-maritime\/la-rochelle-activites-a-faire\/#breadcrumb","itemListElement":[{"@type":"ListItem","position":1,"name":"Home","item":"https:\/\/www.campings.com\/fr\/content\/"},{"@type":"ListItem","position":2,"name":"Le guide de vos vacances en Charente-Maritime","item":"https:\/\/www.campings.com\/fr\/content\/guide-vacances-charente-maritime\/"},{"@type":"ListItem","position":3,"name":"La Rochelle : votre guide des meilleures activit\u00e9s \u00e0 faire"}]},{"@type":"WebSite","@id":"https:\/\/www.campings.com\/fr\/content\/#website","url":"https:\/\/www.campings.com\/fr\/content\/","name":"","description":"","publisher":{"@id":"https:\/\/www.campings.com\/fr\/content\/#organization"},"potentialAction":[{"@type":"SearchAction","target":{"@type":"EntryPoint","urlTemplate":"https:\/\/www.campings.com\/fr\/content\/?s={search_term_string}"},"query-input":{"@type":"PropertyValueSpecification","valueRequired":true,"valueName":"search_term_string"}}],"inLanguage":"fr-FR"},{"@type":"Organization","@id":"https:\/\/www.campings.com\/fr\/content\/#organization","name":"CAMPINGS.COM","url":"https:\/\/www.campings.com\/fr\/content\/","logo":{"@type":"ImageObject","inLanguage":"fr-FR","@id":"https:\/\/www.campings.com\/fr\/content\/#\/schema\/logo\/image\/","url":"https:\/\/www.campings.com\/fr\/content\/wp-content\/uploads\/2019\/01\/cropped-logo-1.png","contentUrl":"https:\/\/www.campings.com\/fr\/content\/wp-content\/uploads\/2019\/01\/cropped-logo-1.png","width":174,"height":42,"caption":"CAMPINGS.COM"},"image":{"@id":"https:\/\/www.campings.com\/fr\/content\/#\/schema\/logo\/image\/"}}]}},"_links":{"self":[{"href":"https:\/\/www.campings.com\/fr\/content\/wp-json\/wp\/v2\/pages\/3578","targetHints":{"allow":["GET"]}}],"collection":[{"href":"https:\/\/www.campings.com\/fr\/content\/wp-json\/wp\/v2\/pages"}],"about":[{"href":"https:\/\/www.campings.com\/fr\/content\/wp-json\/wp\/v2\/types\/page"}],"author":[{"embeddable":true,"href":"https:\/\/www.campings.com\/fr\/content\/wp-json\/wp\/v2\/users\/18"}],"replies":[{"embeddable":true,"href":"https:\/\/www.campings.com\/fr\/content\/wp-json\/wp\/v2\/comments?post=3578"}],"version-history":[{"count":2,"href":"https:\/\/www.campings.com\/fr\/content\/wp-json\/wp\/v2\/pages\/3578\/revisions"}],"predecessor-version":[{"id":3629,"href":"https:\/\/www.campings.com\/fr\/content\/wp-json\/wp\/v2\/pages\/3578\/revisions\/3629"}],"up":[{"embeddable":true,"href":"https:\/\/www.campings.com\/fr\/content\/wp-json\/wp\/v2\/pages\/3537"}],"wp:attachment":[{"href":"https:\/\/www.campings.com\/fr\/content\/wp-json\/wp\/v2\/media?parent=3578"}],"curies":[{"name":"wp","href":"https:\/\/api.w.org\/{rel}","templated":true}]}}