{"id":3574,"date":"2022-03-24T17:02:25","date_gmt":"2022-03-24T17:02:25","guid":{"rendered":"https:\/\/www.campings.com\/fr\/content\/?page_id=3574"},"modified":"2022-03-25T10:55:22","modified_gmt":"2022-03-25T10:55:22","slug":"campings-pas-chers-charente-maritime","status":"publish","type":"page","link":"https:\/\/www.campings.com\/fr\/content\/guide-vacances-charente-maritime\/campings-pas-chers-charente-maritime\/","title":{"rendered":"Les meilleurs campings pas chers en Charente-Maritime"},"content":{"rendered":"<p>\u00c0 la recherche d\u2019un h\u00e9bergement abordable en <a href=\"https:\/\/www.campings.com\/fr\/content\/guide-vacances-charente-maritime\/\">Charente-Maritime<\/a> pour vos prochaines vacances? Si votre budget est limit\u00e9, parcourez sans attendre notre s\u00e9lection de campings pas chers pour r\u00e9ussir vos vacances en famille !<\/p>\n<p>La\u00a0<a href=\"https:\/\/www.campings.com\/fr\/france\/poitou-charentes\/charente-maritime\"><u>Charente-Maritime<\/u><\/a>\u00a0est l\u2019une des destinations pr\u00e9f\u00e9r\u00e9es des Fran\u00e7ais. Ses plages, son climat oc\u00e9anique temp\u00e9r\u00e9 et sa douceur de vivre attirent chaque ann\u00e9e des milliers de touristes. Autant d\u2019atouts qui font de ce d\u00e9partement un endroit parfait pour des vacances avec vos proches.<\/p>\n<h2><strong>Les meilleurs campings en bord de mer pour des vacances pas cher\u00a0<\/strong><\/h2>\n<h3><strong>Camping les Acacias\u00a0<\/strong><\/h3>\n<p>Ce camping est situ\u00e9 dans un cadre verdoyant, sur l&rsquo;\u00eele de R\u00e9 \u00e0 tout juste 500 m de la plage. Pour rejoindre La Rochelle, il vous faudra seulement 20 minutes en voiture. Sur place, une aire de jeux est d\u00e9di\u00e9e aux enfants. Vous aurez m\u00eame la possibilit\u00e9 de louer un v\u00e9lo avec toute votre tribu pour partir \u00e0 la d\u00e9couverte de l\u2019\u00eele. Le camping met \u00e0 votre disposition un \u00e9ventail de services pour simplifier votre s\u00e9jour : snack, restaurant&#8230;<\/p>\n<p><a href=\"https:\/\/www.campings.com\/fr\/camping\/camping-les-acacias-83177\">Plus d\u2019infos sur le Camping Les Acacias<\/a><\/p>\n<h3><strong>Camping La Perroche Plage\u00a0<\/strong><\/h3>\n<p>\u00c0 Saint-Pierre-d&rsquo;Ol\u00e9ron, \u00e0 seulement 200 m de la mer, ce camping est parfait pour profiter des plaisirs de la baignade. Sur place, de nombreux services sont propos\u00e9s : location de barbecue, wifi, d\u00e9p\u00f4t de pain. Vous aurez \u00e9galement acc\u00e8s au sauna, au bain \u00e0 remous et \u00e0 l\u2019espace bien-\u00eatre (uniquement en \u00e9t\u00e9). Les enfants pourront profiter d\u2019une aire de jeux et de structures gonflables.<\/p>\n<p><a href=\"https:\/\/www.campings.com\/fr\/camping\/camping-la-perroche-plage-77393\">Plus d\u2019infos sur le Camping La Perroche Plage<\/a><\/p>\n<h3><strong>Camping Campiotel des Dunes, un camping tranquille en Charente-Maritime\u00a0<\/strong><\/h3>\n<p>Situ\u00e9 dans le magnifique village d\u2019Ars-en-R\u00e9, sur l\u2019\u00eele de R\u00e9, ce camping offre un cadre r\u00eav\u00e9 pour se ressourcer. Vous pourrez vous pr\u00e9lasser dans la piscine ext\u00e9rieure chauff\u00e9e (accessible uniquement en \u00e9t\u00e9). Sur place, de nombreux services et \u00e9quipements sont propos\u00e9s : laverie, wifi, restaurant, bar\u2026 Vous pourrez passer d\u2019agr\u00e9ables moments de d\u00e9tente en jouant au billard, baby-foot ou au ping-pong. En \u00e9t\u00e9, vous aurez \u00e9galement acc\u00e8s \u00e0 une salle de fitness. Plusieurs activit\u00e9s sont d\u00e9di\u00e9es aux enfants : une aire de jeux, une pataugeoire (en \u00e9t\u00e9).<\/p>\n<p><a href=\"https:\/\/www.campings.com\/fr\/camping\/camping-campiotel-des-dunes-76783\">Plus d\u2019infos sur le camping Campiotel des Dunes<\/a><\/p>\n<p><img loading=\"lazy\" decoding=\"async\" class=\"alignnone size-full wp-image-3575\" src=\"https:\/\/www.campings.com\/fr\/content\/wp-content\/uploads\/2022\/03\/Camping-pas-cher-campiotel-des-dunes.png\" alt=\"\" width=\"1000\" height=\"665\" srcset=\"https:\/\/www.campings.com\/fr\/content\/wp-content\/uploads\/2022\/03\/Camping-pas-cher-campiotel-des-dunes.png 1000w, https:\/\/www.campings.com\/fr\/content\/wp-content\/uploads\/2022\/03\/Camping-pas-cher-campiotel-des-dunes-300x200.png 300w, https:\/\/www.campings.com\/fr\/content\/wp-content\/uploads\/2022\/03\/Camping-pas-cher-campiotel-des-dunes-768x511.png 768w, https:\/\/www.campings.com\/fr\/content\/wp-content\/uploads\/2022\/03\/Camping-pas-cher-campiotel-des-dunes-450x299.png 450w, https:\/\/www.campings.com\/fr\/content\/wp-content\/uploads\/2022\/03\/Camping-pas-cher-campiotel-des-dunes-430x286.png 430w\" sizes=\"auto, (max-width: 1000px) 100vw, 1000px\" \/><\/p>\n<h3><strong>Camping l&rsquo;Anse des Pins\u00a0<\/strong><\/h3>\n<p>\u00c0 Saint-Georges-d&rsquo;Ol\u00e9ron, en Charente-Maritime, ce camping ravira les amateurs de baignade. En effet, il met \u00e0 leur disposition une piscine couverte chauff\u00e9e et un bassin ext\u00e9rieur non chauff\u00e9. De nombreux \u00e9quipements &amp; services sont propos\u00e9s : location de barbecue, wifi, ping-pong, bain \u00e0 remous, sauna\u2026 Quant aux enfants, ils n\u2019auront pas le temps de s\u2019ennuyer. Ils auront acc\u00e8s \u00e0 un \u00e9ventail d\u2019activit\u00e9s : aires de jeux, toboggan aquatique, structures gonflables\u2026<\/p>\n<p><a href=\"https:\/\/www.campings.com\/fr\/camping\/camping-l-anse-des-pins-77392\">Plus d\u2019infos sur le Camping l&rsquo;Anse des Pins\u00a0<\/a><\/p>\n<h2><strong>Les campings familiaux en Charente-Maritime<\/strong><\/h2>\n<p>Campings.com a r\u00e9pertori\u00e9 les meilleurs campings familiaux en\u00a0<a href=\"https:\/\/www.campings.com\/fr\/content\/guide-vacances-charente-maritime\/\"><u>Charente-Maritime<\/u><\/a>\u00a0pour vos prochaines vacances.<\/p>\n<h3><strong>Le camping les Flots Atlantique, un camping famille pas cher en Charente-Maritime\u00a0<\/strong><\/h3>\n<p>\u00c0 Saint-Pierre d&rsquo;Ol\u00e9ron en Charente-Maritime, ce camping vous promet des vacances inoubliables \u00e0 petit prix. Situ\u00e9 \u00e0 50 m de l\u2019oc\u00e9an, il offre un cadre de r\u00eave pour des vacances en famille ou entre amis. Vous aurez acc\u00e8s \u00e0 divers services et \u00e9quipements : d\u00e9p\u00f4t de pain, services de restauration, wifi, laverie\u2026 Tout au long de l\u2019ann\u00e9e, les enfants pourront se divertir dans l\u2019aire de jeux qui leur est d\u00e9di\u00e9e.<\/p>\n<p><a href=\"https:\/\/www.campings.com\/fr\/camping\/camping-les-flots-atlantique-78372\">Plus d\u2019infos sur le camping les Flots Atlantique<\/a><\/p>\n<h3><strong>Camping Antioche\u00a0<\/strong><\/h3>\n<p>Sur l\u2019\u00eele de R\u00e9, ce camping se trouve \u00e0 200 m seulement du bord de mer. Sur place, un grand choix d\u2019\u00e9quipements et de services sont propos\u00e9s pour simplifier votre s\u00e9jour : wifi, \u00e9picerie, restaurant et bar. Pour vous divertir, le camping met \u00e0 votre disposition des tables de ping-pong, un bain \u00e0 remous, un baby-foot&#8230;<\/p>\n<p><a href=\"https:\/\/www.campings.com\/fr\/camping\/camping-antioche-83190\">Plus d\u2019infos sur le camping Antioche<\/a><\/p>\n<h3><strong>Camping La C\u00f4te Sauvage\u00a0<\/strong><\/h3>\n<p>\u00c0 Les Mathes, entre mer et for\u00eat en Charente-Maritime, cet \u00e9tablissement promet un s\u00e9jour agr\u00e9able et reposant. Diverses activit\u00e9s sont propos\u00e9es : piscine, billard, salle de fitness, tables de ping-pong, aire de jeux, toboggan aquatique&#8230;<\/p>\n<p><a href=\"https:\/\/www.campings.com\/fr\/camping\/camping-la-cote-sauvage-79176\">Plus d\u2019infos sur le Camping La C\u00f4te Sauvage<\/a><\/p>\n<h3><strong>Camping Campiotel des Dunes\u00a0<\/strong><\/h3>\n<p>\u00c0 Ars-en-R\u00e9, sur l\u2019\u00eele de R\u00e9, ce camping est parfait pour profiter d\u2019agr\u00e9ables moments de d\u00e9tente avec vos proches. Diverses activit\u00e9s sont propos\u00e9es aux clients : piscine, billard, baby-foot, ping-pong\u2026<\/p>\n<p><a href=\"https:\/\/www.campings.com\/fr\/camping\/camping-campiotel-des-dunes-76783\">Plus d\u2019infos sur le Camping Campiotel des Dunes\u00a0<\/a><\/p>\n<h2><strong>Les campings pas chers avec parc aquatique\u00a0<\/strong><\/h2>\n<p>Envie de s\u00e9journer dans un camping avec parc aquatique ? Campings.com a s\u00e9lectionn\u00e9 les \u00e9tablissements offrant le meilleur rapport qualit\u00e9\/prix en\u00a0<u><a href=\"https:\/\/www.campings.com\/fr\/content\/guide-vacances-charente-maritime\/\">Charente-Maritime<\/a>.<\/u><\/p>\n<h3><strong>Camping La Pin\u00e8de\u00a0<\/strong><\/h3>\n<p>Situ\u00e9 \u00e0 proximit\u00e9 de Royan, ce camping b\u00e9n\u00e9ficie d\u2019un cadre privil\u00e9gi\u00e9, \u00e0 5 km du bord de mer. Les r\u00e9sidents auront acc\u00e8s \u00e0 un espace bien-\u00eatre, une laverie, un d\u00e9p\u00f4t de pain\u2026<\/p>\n<p><a href=\"https:\/\/www.campings.com\/fr\/camping\/camping-la-pinede-77570\">Plus d\u2019infos sur le Camping La Pin\u00e8de<\/a><\/p>\n<p><img loading=\"lazy\" decoding=\"async\" class=\"alignnone size-full wp-image-3576\" src=\"https:\/\/www.campings.com\/fr\/content\/wp-content\/uploads\/2022\/03\/Camping-pas-cher-la-pinede.png\" alt=\"\" width=\"1000\" height=\"665\" srcset=\"https:\/\/www.campings.com\/fr\/content\/wp-content\/uploads\/2022\/03\/Camping-pas-cher-la-pinede.png 1000w, https:\/\/www.campings.com\/fr\/content\/wp-content\/uploads\/2022\/03\/Camping-pas-cher-la-pinede-300x200.png 300w, https:\/\/www.campings.com\/fr\/content\/wp-content\/uploads\/2022\/03\/Camping-pas-cher-la-pinede-768x511.png 768w, https:\/\/www.campings.com\/fr\/content\/wp-content\/uploads\/2022\/03\/Camping-pas-cher-la-pinede-450x299.png 450w, https:\/\/www.campings.com\/fr\/content\/wp-content\/uploads\/2022\/03\/Camping-pas-cher-la-pinede-430x286.png 430w\" sizes=\"auto, (max-width: 1000px) 100vw, 1000px\" \/><\/p>\n<h3><strong>Camping Le Royan\u00a0<\/strong><\/h3>\n<p>\u00c0 Royan, ce camping familial comblera toutes vos attentes. Il se trouve \u00e0 2 km du centre-ville et \u00e0 2,5 km des plages de sable fin de l\u2019oc\u00e9an Atlantique. Sur place, les amateurs de baignade pourront profiter de la piscine et des toboggans aquatiques. Les sportifs pourront entretenir leur forme gr\u00e2ce aux nombreux cours de fitness et d\u2019aquagym propos\u00e9s.<\/p>\n<p><a href=\"https:\/\/www.campings.com\/fr\/camping\/camping-le-royan-82694\">Plus d\u2019infos sur le Camping Le Royan<\/a><\/p>\n<h3><strong>Le camping Sea Green Les Grenettes et sa piscine ext\u00e9rieure chauff\u00e9e<\/strong><\/h3>\n<p>\u00c0 Sainte-Marie-de-R\u00e9 en Charente-Maritime, ce camping met \u00e0 votre disposition de nombreux d\u2019\u00e9quipements et services. Parasols, transats, d\u00e9p\u00f4t de pain, service de restauration\u2026 Pour \u00e9gayer vos journ\u00e9es, des activit\u00e9s pour tous les \u00e2ges sont organis\u00e9es.<\/p>\n<p><a href=\"https:\/\/www.campings.com\/fr\/camping\/camping-sea-green-les-grenettes-78427\">Plus d\u2019infos sur le Camping Sea Green Les Grenettes<\/a><\/p>\n<h3><strong>Le camping C\u00f4t\u00e9 O La Palmyre\u00a0<\/strong><\/h3>\n<p>\u00c0 La Palmyre, ce camping offre un cadre parfait pour se ressourcer. Un large \u00e9ventail d\u2019activit\u00e9s est propos\u00e9 aux r\u00e9sidents : baby-foot, ping-pong, billard, piscine.<\/p>\n<p><a href=\"https:\/\/www.campings.com\/fr\/camping\/camping-cote-o-la-palmyre-77470\">Plus d\u2019infos sur le Camping C\u00f4t\u00e9 O La Palmyre\u00a0<\/a><\/p>\n","protected":false},"excerpt":{"rendered":"<p>\u00c0 la recherche d\u2019un h\u00e9bergement abordable en Charente-Maritime pour vos prochaines vacances? Si votre budget est limit\u00e9, parcourez sans attendre notre s\u00e9lection de campings pas chers pour r\u00e9ussir vos vacances en famille ! La\u00a0Charente-Maritime\u00a0est l\u2019une des destinations pr\u00e9f\u00e9r\u00e9es des Fran\u00e7ais. Ses plages, son climat oc\u00e9anique temp\u00e9r\u00e9 et sa douceur de vivre attirent chaque ann\u00e9e des [&hellip;]<\/p>\n","protected":false},"author":18,"featured_media":0,"parent":3537,"menu_order":0,"comment_status":"closed","ping_status":"closed","template":"template-twocolumns.php","meta":{"_acf_changed":false,"footnotes":""},"class_list":["post-3574","page","type-page","status-publish","hentry"],"acf":[],"yoast_head":"<!-- This site is optimized with the Yoast SEO plugin v27.1.1 - https:\/\/yoast.com\/product\/yoast-seo-wordpress\/ -->\n<title>Les meilleurs campings pas chers en Charente-Maritime -<\/title>\n<meta name=\"robots\" content=\"index, follow, max-snippet:-1, max-image-preview:large, max-video-preview:-1\" \/>\n<link rel=\"canonical\" href=\"https:\/\/www.campings.com\/fr\/content\/guide-vacances-charente-maritime\/campings-pas-chers-charente-maritime\/\" \/>\n<meta property=\"og:locale\" content=\"fr_FR\" \/>\n<meta property=\"og:type\" content=\"article\" \/>\n<meta property=\"og:title\" content=\"Les meilleurs campings pas chers en Charente-Maritime -\" \/>\n<meta property=\"og:description\" content=\"\u00c0 la recherche d\u2019un h\u00e9bergement abordable en Charente-Maritime pour vos prochaines vacances? Si votre budget est limit\u00e9, parcourez sans attendre notre s\u00e9lection de campings pas chers pour r\u00e9ussir vos vacances en famille ! La\u00a0Charente-Maritime\u00a0est l\u2019une des destinations pr\u00e9f\u00e9r\u00e9es des Fran\u00e7ais. Ses plages, son climat oc\u00e9anique temp\u00e9r\u00e9 et sa douceur de vivre attirent chaque ann\u00e9e des [&hellip;]\" \/>\n<meta property=\"og:url\" content=\"https:\/\/www.campings.com\/fr\/content\/guide-vacances-charente-maritime\/campings-pas-chers-charente-maritime\/\" \/>\n<meta property=\"article:modified_time\" content=\"2022-03-25T10:55:22+00:00\" \/>\n<meta property=\"og:image\" content=\"https:\/\/www.campings.com\/fr\/content\/wp-content\/uploads\/2022\/03\/Camping-pas-cher-campiotel-des-dunes.png\" \/>\n\t<meta property=\"og:image:width\" content=\"1000\" \/>\n\t<meta property=\"og:image:height\" content=\"665\" \/>\n\t<meta property=\"og:image:type\" content=\"image\/png\" \/>\n<meta name=\"twitter:card\" content=\"summary_large_image\" \/>\n<meta name=\"twitter:label1\" content=\"Dur\u00e9e de lecture estim\u00e9e\" \/>\n\t<meta name=\"twitter:data1\" content=\"5 minutes\" \/>\n<script type=\"application\/ld+json\" class=\"yoast-schema-graph\">{\"@context\":\"https:\/\/schema.org\",\"@graph\":[{\"@type\":\"WebPage\",\"@id\":\"https:\/\/www.campings.com\/fr\/content\/guide-vacances-charente-maritime\/campings-pas-chers-charente-maritime\/\",\"url\":\"https:\/\/www.campings.com\/fr\/content\/guide-vacances-charente-maritime\/campings-pas-chers-charente-maritime\/\",\"name\":\"Les meilleurs campings pas chers en Charente-Maritime -\",\"isPartOf\":{\"@id\":\"https:\/\/www.campings.com\/fr\/content\/#website\"},\"primaryImageOfPage\":{\"@id\":\"https:\/\/www.campings.com\/fr\/content\/guide-vacances-charente-maritime\/campings-pas-chers-charente-maritime\/#primaryimage\"},\"image\":{\"@id\":\"https:\/\/www.campings.com\/fr\/content\/guide-vacances-charente-maritime\/campings-pas-chers-charente-maritime\/#primaryimage\"},\"thumbnailUrl\":\"https:\/\/www.campings.com\/fr\/content\/wp-content\/uploads\/2022\/03\/Camping-pas-cher-campiotel-des-dunes.png\",\"datePublished\":\"2022-03-24T17:02:25+00:00\",\"dateModified\":\"2022-03-25T10:55:22+00:00\",\"breadcrumb\":{\"@id\":\"https:\/\/www.campings.com\/fr\/content\/guide-vacances-charente-maritime\/campings-pas-chers-charente-maritime\/#breadcrumb\"},\"inLanguage\":\"fr-FR\",\"potentialAction\":[{\"@type\":\"ReadAction\",\"target\":[\"https:\/\/www.campings.com\/fr\/content\/guide-vacances-charente-maritime\/campings-pas-chers-charente-maritime\/\"]}]},{\"@type\":\"ImageObject\",\"inLanguage\":\"fr-FR\",\"@id\":\"https:\/\/www.campings.com\/fr\/content\/guide-vacances-charente-maritime\/campings-pas-chers-charente-maritime\/#primaryimage\",\"url\":\"https:\/\/www.campings.com\/fr\/content\/wp-content\/uploads\/2022\/03\/Camping-pas-cher-campiotel-des-dunes.png\",\"contentUrl\":\"https:\/\/www.campings.com\/fr\/content\/wp-content\/uploads\/2022\/03\/Camping-pas-cher-campiotel-des-dunes.png\",\"width\":1000,\"height\":665},{\"@type\":\"BreadcrumbList\",\"@id\":\"https:\/\/www.campings.com\/fr\/content\/guide-vacances-charente-maritime\/campings-pas-chers-charente-maritime\/#breadcrumb\",\"itemListElement\":[{\"@type\":\"ListItem\",\"position\":1,\"name\":\"Home\",\"item\":\"https:\/\/www.campings.com\/fr\/content\/\"},{\"@type\":\"ListItem\",\"position\":2,\"name\":\"Le guide de vos vacances en Charente-Maritime\",\"item\":\"https:\/\/www.campings.com\/fr\/content\/guide-vacances-charente-maritime\/\"},{\"@type\":\"ListItem\",\"position\":3,\"name\":\"Les meilleurs campings pas chers en Charente-Maritime\"}]},{\"@type\":\"WebSite\",\"@id\":\"https:\/\/www.campings.com\/fr\/content\/#website\",\"url\":\"https:\/\/www.campings.com\/fr\/content\/\",\"name\":\"\",\"description\":\"\",\"publisher\":{\"@id\":\"https:\/\/www.campings.com\/fr\/content\/#organization\"},\"potentialAction\":[{\"@type\":\"SearchAction\",\"target\":{\"@type\":\"EntryPoint\",\"urlTemplate\":\"https:\/\/www.campings.com\/fr\/content\/?s={search_term_string}\"},\"query-input\":{\"@type\":\"PropertyValueSpecification\",\"valueRequired\":true,\"valueName\":\"search_term_string\"}}],\"inLanguage\":\"fr-FR\"},{\"@type\":\"Organization\",\"@id\":\"https:\/\/www.campings.com\/fr\/content\/#organization\",\"name\":\"CAMPINGS.COM\",\"url\":\"https:\/\/www.campings.com\/fr\/content\/\",\"logo\":{\"@type\":\"ImageObject\",\"inLanguage\":\"fr-FR\",\"@id\":\"https:\/\/www.campings.com\/fr\/content\/#\/schema\/logo\/image\/\",\"url\":\"https:\/\/www.campings.com\/fr\/content\/wp-content\/uploads\/2019\/01\/cropped-logo-1.png\",\"contentUrl\":\"https:\/\/www.campings.com\/fr\/content\/wp-content\/uploads\/2019\/01\/cropped-logo-1.png\",\"width\":174,\"height\":42,\"caption\":\"CAMPINGS.COM\"},\"image\":{\"@id\":\"https:\/\/www.campings.com\/fr\/content\/#\/schema\/logo\/image\/\"}}]}<\/script>\n<!-- \/ Yoast SEO plugin. -->","yoast_head_json":{"title":"Les meilleurs campings pas chers en Charente-Maritime -","robots":{"index":"index","follow":"follow","max-snippet":"max-snippet:-1","max-image-preview":"max-image-preview:large","max-video-preview":"max-video-preview:-1"},"canonical":"https:\/\/www.campings.com\/fr\/content\/guide-vacances-charente-maritime\/campings-pas-chers-charente-maritime\/","og_locale":"fr_FR","og_type":"article","og_title":"Les meilleurs campings pas chers en Charente-Maritime -","og_description":"\u00c0 la recherche d\u2019un h\u00e9bergement abordable en Charente-Maritime pour vos prochaines vacances? Si votre budget est limit\u00e9, parcourez sans attendre notre s\u00e9lection de campings pas chers pour r\u00e9ussir vos vacances en famille ! La\u00a0Charente-Maritime\u00a0est l\u2019une des destinations pr\u00e9f\u00e9r\u00e9es des Fran\u00e7ais. Ses plages, son climat oc\u00e9anique temp\u00e9r\u00e9 et sa douceur de vivre attirent chaque ann\u00e9e des [&hellip;]","og_url":"https:\/\/www.campings.com\/fr\/content\/guide-vacances-charente-maritime\/campings-pas-chers-charente-maritime\/","article_modified_time":"2022-03-25T10:55:22+00:00","og_image":[{"width":1000,"height":665,"url":"https:\/\/www.campings.com\/fr\/content\/wp-content\/uploads\/2022\/03\/Camping-pas-cher-campiotel-des-dunes.png","type":"image\/png"}],"twitter_card":"summary_large_image","twitter_misc":{"Dur\u00e9e de lecture estim\u00e9e":"5 minutes"},"schema":{"@context":"https:\/\/schema.org","@graph":[{"@type":"WebPage","@id":"https:\/\/www.campings.com\/fr\/content\/guide-vacances-charente-maritime\/campings-pas-chers-charente-maritime\/","url":"https:\/\/www.campings.com\/fr\/content\/guide-vacances-charente-maritime\/campings-pas-chers-charente-maritime\/","name":"Les meilleurs campings pas chers en Charente-Maritime -","isPartOf":{"@id":"https:\/\/www.campings.com\/fr\/content\/#website"},"primaryImageOfPage":{"@id":"https:\/\/www.campings.com\/fr\/content\/guide-vacances-charente-maritime\/campings-pas-chers-charente-maritime\/#primaryimage"},"image":{"@id":"https:\/\/www.campings.com\/fr\/content\/guide-vacances-charente-maritime\/campings-pas-chers-charente-maritime\/#primaryimage"},"thumbnailUrl":"https:\/\/www.campings.com\/fr\/content\/wp-content\/uploads\/2022\/03\/Camping-pas-cher-campiotel-des-dunes.png","datePublished":"2022-03-24T17:02:25+00:00","dateModified":"2022-03-25T10:55:22+00:00","breadcrumb":{"@id":"https:\/\/www.campings.com\/fr\/content\/guide-vacances-charente-maritime\/campings-pas-chers-charente-maritime\/#breadcrumb"},"inLanguage":"fr-FR","potentialAction":[{"@type":"ReadAction","target":["https:\/\/www.campings.com\/fr\/content\/guide-vacances-charente-maritime\/campings-pas-chers-charente-maritime\/"]}]},{"@type":"ImageObject","inLanguage":"fr-FR","@id":"https:\/\/www.campings.com\/fr\/content\/guide-vacances-charente-maritime\/campings-pas-chers-charente-maritime\/#primaryimage","url":"https:\/\/www.campings.com\/fr\/content\/wp-content\/uploads\/2022\/03\/Camping-pas-cher-campiotel-des-dunes.png","contentUrl":"https:\/\/www.campings.com\/fr\/content\/wp-content\/uploads\/2022\/03\/Camping-pas-cher-campiotel-des-dunes.png","width":1000,"height":665},{"@type":"BreadcrumbList","@id":"https:\/\/www.campings.com\/fr\/content\/guide-vacances-charente-maritime\/campings-pas-chers-charente-maritime\/#breadcrumb","itemListElement":[{"@type":"ListItem","position":1,"name":"Home","item":"https:\/\/www.campings.com\/fr\/content\/"},{"@type":"ListItem","position":2,"name":"Le guide de vos vacances en Charente-Maritime","item":"https:\/\/www.campings.com\/fr\/content\/guide-vacances-charente-maritime\/"},{"@type":"ListItem","position":3,"name":"Les meilleurs campings pas chers en Charente-Maritime"}]},{"@type":"WebSite","@id":"https:\/\/www.campings.com\/fr\/content\/#website","url":"https:\/\/www.campings.com\/fr\/content\/","name":"","description":"","publisher":{"@id":"https:\/\/www.campings.com\/fr\/content\/#organization"},"potentialAction":[{"@type":"SearchAction","target":{"@type":"EntryPoint","urlTemplate":"https:\/\/www.campings.com\/fr\/content\/?s={search_term_string}"},"query-input":{"@type":"PropertyValueSpecification","valueRequired":true,"valueName":"search_term_string"}}],"inLanguage":"fr-FR"},{"@type":"Organization","@id":"https:\/\/www.campings.com\/fr\/content\/#organization","name":"CAMPINGS.COM","url":"https:\/\/www.campings.com\/fr\/content\/","logo":{"@type":"ImageObject","inLanguage":"fr-FR","@id":"https:\/\/www.campings.com\/fr\/content\/#\/schema\/logo\/image\/","url":"https:\/\/www.campings.com\/fr\/content\/wp-content\/uploads\/2019\/01\/cropped-logo-1.png","contentUrl":"https:\/\/www.campings.com\/fr\/content\/wp-content\/uploads\/2019\/01\/cropped-logo-1.png","width":174,"height":42,"caption":"CAMPINGS.COM"},"image":{"@id":"https:\/\/www.campings.com\/fr\/content\/#\/schema\/logo\/image\/"}}]}},"_links":{"self":[{"href":"https:\/\/www.campings.com\/fr\/content\/wp-json\/wp\/v2\/pages\/3574","targetHints":{"allow":["GET"]}}],"collection":[{"href":"https:\/\/www.campings.com\/fr\/content\/wp-json\/wp\/v2\/pages"}],"about":[{"href":"https:\/\/www.campings.com\/fr\/content\/wp-json\/wp\/v2\/types\/page"}],"author":[{"embeddable":true,"href":"https:\/\/www.campings.com\/fr\/content\/wp-json\/wp\/v2\/users\/18"}],"replies":[{"embeddable":true,"href":"https:\/\/www.campings.com\/fr\/content\/wp-json\/wp\/v2\/comments?post=3574"}],"version-history":[{"count":2,"href":"https:\/\/www.campings.com\/fr\/content\/wp-json\/wp\/v2\/pages\/3574\/revisions"}],"predecessor-version":[{"id":3636,"href":"https:\/\/www.campings.com\/fr\/content\/wp-json\/wp\/v2\/pages\/3574\/revisions\/3636"}],"up":[{"embeddable":true,"href":"https:\/\/www.campings.com\/fr\/content\/wp-json\/wp\/v2\/pages\/3537"}],"wp:attachment":[{"href":"https:\/\/www.campings.com\/fr\/content\/wp-json\/wp\/v2\/media?parent=3574"}],"curies":[{"name":"wp","href":"https:\/\/api.w.org\/{rel}","templated":true}]}}