{"id":3570,"date":"2022-03-24T16:57:59","date_gmt":"2022-03-24T16:57:59","guid":{"rendered":"https:\/\/www.campings.com\/fr\/content\/?page_id=3570"},"modified":"2022-03-25T10:54:20","modified_gmt":"2022-03-25T10:54:20","slug":"campings-piscine-charente-maritime","status":"publish","type":"page","link":"https:\/\/www.campings.com\/fr\/content\/guide-vacances-charente-maritime\/campings-piscine-charente-maritime\/","title":{"rendered":"Les meilleurs campings avec piscine en Charente-Maritime"},"content":{"rendered":"<p>Vous envisagez de passer vos vacances en <a href=\"https:\/\/www.campings.com\/fr\/content\/guide-vacances-charente-maritime\/\">Charente-Maritime<\/a> ? Et si vous optiez pour un h\u00e9bergement en camping avec piscine pour profiter pleinement des joies de la baignade ? D\u00e9couvrez notre s\u00e9lection !<\/p>\n<p>Envie de douceur de vivre, de plages, d\u2019air iod\u00e9 et de nature ? Mettez le cap sur la\u00a0<a href=\"https:\/\/www.campings.com\/fr\/france\/poitou-charentes\/charente-maritime\"><strong><u>Charente-Maritime<\/u><\/strong><\/a> pour vos prochaines vacances en famille ! Voici une liste de campings o\u00f9 poser vos valises lors de votre s\u00e9jour.<\/p>\n<h2><strong>Les meilleurs campings en bord de mer avec parc aquatique<\/strong><\/h2>\n<h3><strong>Camping Signol<\/strong><\/h3>\n<p>Situ\u00e9 \u00e0 Saint-Georges-d&rsquo;Ol\u00e9ron en Charente-Maritime, ce camping en bord de mer offre un cadre parfait pour des vacances en famille ou entre amis. La mer se trouve \u00e0 800 m de l\u2019\u00e9tablissement seulement. Les amateurs de baignade pourront profiter de la piscine couverte et chauff\u00e9e lorsque le beau temps n\u2019est pas au rendez-vous. Une piscine ext\u00e9rieure chauff\u00e9e est \u00e9galement accessible pendant les beaux jours.<\/p>\n<p><a href=\"https:\/\/www.campings.com\/fr\/camping\/camping-signol-78233\">Plus d\u2019infos sur le Camping Signol\u00a0<\/a><\/p>\n<h3><strong>Camping La Pin\u00e8de<\/strong><\/h3>\n<p>\u00c0 La Palmyre, pr\u00e8s de Royan, ce camping est situ\u00e9 dans un cadre naturel privil\u00e9gi\u00e9, parfait pour se reposer. Sa proximit\u00e9 avec le littoral (5 km) et sa piscine couverte chauff\u00e9e en font un lieu id\u00e9al pour les vacances. Il abrite \u00e9galement une piscine ext\u00e9rieure chauff\u00e9e accessible pendant les beaux jours.<\/p>\n<p><a href=\"https:\/\/www.campings.com\/fr\/camping\/camping-la-pinede-77570\">Plus d\u2019infos sur le Camping La Pin\u00e8de\u00a0<\/a><\/p>\n<h3><strong>Camping Domaine Les Charmilles &#8211; Camping Paradis<\/strong><\/h3>\n<p>Ce camping est situ\u00e9 dans un cadre naturel bois\u00e9 de 6 hectares parfait pour se ressourcer. Gr\u00e2ce \u00e0 sa proximit\u00e9 avec la mer (4 km), ses piscines et son espace aquatique, ce camping ravira tous les vacanciers.<\/p>\n<p><a href=\"https:\/\/www.campings.com\/fr\/camping\/camping-domaine-les-charmilles-camping-paradis-78329\">Plus d\u2019infos sur le Camping Domaine Les Charmilles &#8211; Camping Paradis<\/a><\/p>\n<p><img loading=\"lazy\" decoding=\"async\" class=\"alignnone size-full wp-image-3571\" src=\"https:\/\/www.campings.com\/fr\/content\/wp-content\/uploads\/2022\/03\/Camping-piscine-les-charmilles.png\" alt=\"\" width=\"1000\" height=\"665\" srcset=\"https:\/\/www.campings.com\/fr\/content\/wp-content\/uploads\/2022\/03\/Camping-piscine-les-charmilles.png 1000w, https:\/\/www.campings.com\/fr\/content\/wp-content\/uploads\/2022\/03\/Camping-piscine-les-charmilles-300x200.png 300w, https:\/\/www.campings.com\/fr\/content\/wp-content\/uploads\/2022\/03\/Camping-piscine-les-charmilles-768x511.png 768w, https:\/\/www.campings.com\/fr\/content\/wp-content\/uploads\/2022\/03\/Camping-piscine-les-charmilles-450x299.png 450w, https:\/\/www.campings.com\/fr\/content\/wp-content\/uploads\/2022\/03\/Camping-piscine-les-charmilles-430x286.png 430w\" sizes=\"auto, (max-width: 1000px) 100vw, 1000px\" \/><\/p>\n<h2><strong>Les campings avec piscine chauff\u00e9e pr\u00e8s de La Rochelle<\/strong><\/h2>\n<p>Vous envisagez de passer vos vacances en\u00a0<a href=\"https:\/\/www.campings.com\/fr\/content\/guide-vacances-charente-maritime\/\"><strong><u>Charente-Maritime<\/u><\/strong>\u00a0<\/a>? Voici une s\u00e9lection de campings avec piscine chauff\u00e9e pr\u00e8s de La Rochelle.<\/p>\n<h3><strong>Camping la Cailletiere &#8211; Camping Paradis<\/strong><\/h3>\n<p>Situ\u00e9 sur l&rsquo;\u00eele d&rsquo;Ol\u00e9ron \u00e0 4 km de la plage, ce camping accueille les vacanciers dans une ambiance familiale et conviviale. Il est \u00e9quip\u00e9 d\u2019une piscine couverte et chauff\u00e9e (accessible pendant les beaux jours) et d&rsquo;une pataugeoire pour les plus petits. En \u00e9t\u00e9, des activit\u00e9s r\u00e9cr\u00e9atives sont propos\u00e9es aux enfants : jeux en \u00e9quipe, ateliers cr\u00e9atifs, chasse au tr\u00e9sor, maquillage, danse\u2026 Le soir, des spectacles et concerts sont organis\u00e9s pour se d\u00e9tendre en famille.<\/p>\n<p><a href=\"https:\/\/www.campings.com\/fr\/camping\/camping-la-cailletiere-camping-paradis-82978\">Plus d\u2019infos sur le camping la Cailletiere &#8211; Camping Paradis<\/a><\/p>\n<h3><strong>Camping Au Pigeonnier<\/strong><\/h3>\n<p>\u00c0 Ch\u00e2teau-d&rsquo;Ol\u00e9ron en Charente-Maritime, ce camping comblera tous les vacanciers. Ces derniers pourront se baigner dans la piscine couverte chauff\u00e9e, en haute saison tout comme en hors saison. De plus, de nombreux \u00e9quipements et services sont propos\u00e9s pour faciliter leur s\u00e9jour : services de restauration, \u00e9picerie\u2026<\/p>\n<p><a href=\"https:\/\/www.campings.com\/fr\/camping\/camping-au-pigeonnier-82941\">Plus d\u2019infos sur le Camping Au Pigeonnier<\/a><\/p>\n<h3><strong>Camping la Ferme<\/strong><\/h3>\n<p>Pr\u00e8s de Royan, en Poitou-Charentes, ce camping se situe \u00e0 5 km de la mer seulement. Il met \u00e0 la disposition des r\u00e9sidents une piscine couverte chauff\u00e9e et une piscine ext\u00e9rieure chauff\u00e9e. De nombreux \u00e9quipements et services sont \u00e9galement propos\u00e9s : location de barbecue, wifi, laverie\u2026<\/p>\n<p><a href=\"https:\/\/www.campings.com\/fr\/camping\/camping-la-ferme-78185\">Plus d\u2019infos sur le Camping la Ferme\u00a0<\/a><\/p>\n<h2><strong>Liste de campings avec piscine couverte<\/strong><\/h2>\n<p>Voici une s\u00e9lection de campings avec piscine couverte en\u00a0<a href=\"https:\/\/www.campings.com\/fr\/content\/guide-vacances-charente-maritime\/\"><strong><u>Charente-Maritime<\/u><\/strong><\/a>.<\/p>\n<h3><strong>Flower Camping L&rsquo;Abri C\u00f4tier, un camping familial en Charente-Maritime\u00a0<\/strong><\/h3>\n<p>Situ\u00e9 \u00e0 Saint-Nazaire-sur-Charente, ce camping est parfait pour un s\u00e9jour plac\u00e9 sous le signe de la convivialit\u00e9. En plus d\u2019\u00eatre situ\u00e9 \u00e0 proximit\u00e9 de la plage (3 km), il dispose d\u2019une piscine couverte chauff\u00e9e, accessible toute l\u2019ann\u00e9e. Vous aurez acc\u00e8s \u00e0 de nombreux \u00e9quipements et services : laverie, location de barbecue, wifi\u2026<\/p>\n<p><a href=\"https:\/\/www.campings.com\/fr\/camping\/flower-camping-labri-cotier-78368\">Plus d\u2019infos sur le Flower Camping L&rsquo;Abri C\u00f4tier\u00a0<\/a><\/p>\n<h3><strong>Camping La Clairi\u00e8re<\/strong><\/h3>\n<p>\u00c0 La Tremblade, \u00e0 quelques kilom\u00e8tres de la mer, ce camping est situ\u00e9 dans un cadre verdoyant tr\u00e8s reposant. Il abrite une piscine couverte chauff\u00e9e et un bassin ext\u00e9rieur chauff\u00e9 accessible toute l\u2019ann\u00e9e. Pour faciliter votre s\u00e9jour, l\u2019\u00e9tablissement met \u00e0 votre disposition une laverie, un bar, une \u00e9picerie&#8230;<\/p>\n<p><a href=\"https:\/\/www.campings.com\/fr\/camping\/camping-la-clairiere-77458\">Plus d\u2019infos sur le Camping La Clairi\u00e8re\u00a0<\/a><\/p>\n<p><img loading=\"lazy\" decoding=\"async\" class=\"alignnone size-full wp-image-3572\" src=\"https:\/\/www.campings.com\/fr\/content\/wp-content\/uploads\/2022\/03\/Camping-piscine-la-clairiere.png\" alt=\"\" width=\"1000\" height=\"665\" srcset=\"https:\/\/www.campings.com\/fr\/content\/wp-content\/uploads\/2022\/03\/Camping-piscine-la-clairiere.png 1000w, https:\/\/www.campings.com\/fr\/content\/wp-content\/uploads\/2022\/03\/Camping-piscine-la-clairiere-300x200.png 300w, https:\/\/www.campings.com\/fr\/content\/wp-content\/uploads\/2022\/03\/Camping-piscine-la-clairiere-768x511.png 768w, https:\/\/www.campings.com\/fr\/content\/wp-content\/uploads\/2022\/03\/Camping-piscine-la-clairiere-450x299.png 450w, https:\/\/www.campings.com\/fr\/content\/wp-content\/uploads\/2022\/03\/Camping-piscine-la-clairiere-430x286.png 430w\" sizes=\"auto, (max-width: 1000px) 100vw, 1000px\" \/><\/p>\n<h3><strong>Camping Le Beaulieu<\/strong><\/h3>\n<p>Pr\u00e8s de La Rochelle, en Poitou-Charentes, ce camping est situ\u00e9 \u00e0 5 km de la plage. Il abrite une piscine couverte chauff\u00e9e, accessible uniquement durant la p\u00e9riode estivale. Les r\u00e9sidents auront \u00e9galement acc\u00e8s \u00e0 une piscine ext\u00e9rieure chauff\u00e9e durant les beaux jours. Sur place, plusieurs activit\u00e9s sont propos\u00e9es : baby-foot, tennis, billard. Les enfants pourront \u00e9galement profiter d\u2019une aire de jeux pour se divertir.<\/p>\n<p><a href=\"https:\/\/www.campings.com\/fr\/camping\/camping-le-beaulieu-78124\">Plus d\u2019infos sur le Camping Le Beaulieu<\/a><\/p>\n","protected":false},"excerpt":{"rendered":"<p>Vous envisagez de passer vos vacances en Charente-Maritime ? Et si vous optiez pour un h\u00e9bergement en camping avec piscine pour profiter pleinement des joies de la baignade ? D\u00e9couvrez notre s\u00e9lection ! Envie de douceur de vivre, de plages, d\u2019air iod\u00e9 et de nature ? Mettez le cap sur la\u00a0Charente-Maritime pour vos prochaines vacances [&hellip;]<\/p>\n","protected":false},"author":18,"featured_media":0,"parent":3537,"menu_order":0,"comment_status":"closed","ping_status":"closed","template":"template-twocolumns.php","meta":{"_acf_changed":false,"footnotes":""},"class_list":["post-3570","page","type-page","status-publish","hentry"],"acf":[],"yoast_head":"<!-- This site is optimized with the Yoast SEO plugin v27.1.1 - https:\/\/yoast.com\/product\/yoast-seo-wordpress\/ -->\n<title>Les meilleurs campings avec piscine en Charente-Maritime -<\/title>\n<meta name=\"robots\" content=\"index, follow, max-snippet:-1, max-image-preview:large, max-video-preview:-1\" \/>\n<link rel=\"canonical\" href=\"https:\/\/www.campings.com\/fr\/content\/guide-vacances-charente-maritime\/campings-piscine-charente-maritime\/\" \/>\n<meta property=\"og:locale\" content=\"fr_FR\" \/>\n<meta property=\"og:type\" content=\"article\" \/>\n<meta property=\"og:title\" content=\"Les meilleurs campings avec piscine en Charente-Maritime -\" \/>\n<meta property=\"og:description\" content=\"Vous envisagez de passer vos vacances en Charente-Maritime ? Et si vous optiez pour un h\u00e9bergement en camping avec piscine pour profiter pleinement des joies de la baignade ? D\u00e9couvrez notre s\u00e9lection ! Envie de douceur de vivre, de plages, d\u2019air iod\u00e9 et de nature ? Mettez le cap sur la\u00a0Charente-Maritime pour vos prochaines vacances [&hellip;]\" \/>\n<meta property=\"og:url\" content=\"https:\/\/www.campings.com\/fr\/content\/guide-vacances-charente-maritime\/campings-piscine-charente-maritime\/\" \/>\n<meta property=\"article:modified_time\" content=\"2022-03-25T10:54:20+00:00\" \/>\n<meta property=\"og:image\" content=\"https:\/\/www.campings.com\/fr\/content\/wp-content\/uploads\/2022\/03\/Camping-piscine-les-charmilles.png\" \/>\n\t<meta property=\"og:image:width\" content=\"1000\" \/>\n\t<meta property=\"og:image:height\" content=\"665\" \/>\n\t<meta property=\"og:image:type\" content=\"image\/png\" \/>\n<meta name=\"twitter:card\" content=\"summary_large_image\" \/>\n<meta name=\"twitter:label1\" content=\"Dur\u00e9e de lecture estim\u00e9e\" \/>\n\t<meta name=\"twitter:data1\" content=\"4 minutes\" \/>\n<script type=\"application\/ld+json\" class=\"yoast-schema-graph\">{\"@context\":\"https:\/\/schema.org\",\"@graph\":[{\"@type\":\"WebPage\",\"@id\":\"https:\/\/www.campings.com\/fr\/content\/guide-vacances-charente-maritime\/campings-piscine-charente-maritime\/\",\"url\":\"https:\/\/www.campings.com\/fr\/content\/guide-vacances-charente-maritime\/campings-piscine-charente-maritime\/\",\"name\":\"Les meilleurs campings avec piscine en Charente-Maritime -\",\"isPartOf\":{\"@id\":\"https:\/\/www.campings.com\/fr\/content\/#website\"},\"primaryImageOfPage\":{\"@id\":\"https:\/\/www.campings.com\/fr\/content\/guide-vacances-charente-maritime\/campings-piscine-charente-maritime\/#primaryimage\"},\"image\":{\"@id\":\"https:\/\/www.campings.com\/fr\/content\/guide-vacances-charente-maritime\/campings-piscine-charente-maritime\/#primaryimage\"},\"thumbnailUrl\":\"https:\/\/www.campings.com\/fr\/content\/wp-content\/uploads\/2022\/03\/Camping-piscine-les-charmilles.png\",\"datePublished\":\"2022-03-24T16:57:59+00:00\",\"dateModified\":\"2022-03-25T10:54:20+00:00\",\"breadcrumb\":{\"@id\":\"https:\/\/www.campings.com\/fr\/content\/guide-vacances-charente-maritime\/campings-piscine-charente-maritime\/#breadcrumb\"},\"inLanguage\":\"fr-FR\",\"potentialAction\":[{\"@type\":\"ReadAction\",\"target\":[\"https:\/\/www.campings.com\/fr\/content\/guide-vacances-charente-maritime\/campings-piscine-charente-maritime\/\"]}]},{\"@type\":\"ImageObject\",\"inLanguage\":\"fr-FR\",\"@id\":\"https:\/\/www.campings.com\/fr\/content\/guide-vacances-charente-maritime\/campings-piscine-charente-maritime\/#primaryimage\",\"url\":\"https:\/\/www.campings.com\/fr\/content\/wp-content\/uploads\/2022\/03\/Camping-piscine-les-charmilles.png\",\"contentUrl\":\"https:\/\/www.campings.com\/fr\/content\/wp-content\/uploads\/2022\/03\/Camping-piscine-les-charmilles.png\",\"width\":1000,\"height\":665},{\"@type\":\"BreadcrumbList\",\"@id\":\"https:\/\/www.campings.com\/fr\/content\/guide-vacances-charente-maritime\/campings-piscine-charente-maritime\/#breadcrumb\",\"itemListElement\":[{\"@type\":\"ListItem\",\"position\":1,\"name\":\"Home\",\"item\":\"https:\/\/www.campings.com\/fr\/content\/\"},{\"@type\":\"ListItem\",\"position\":2,\"name\":\"Le guide de vos vacances en Charente-Maritime\",\"item\":\"https:\/\/www.campings.com\/fr\/content\/guide-vacances-charente-maritime\/\"},{\"@type\":\"ListItem\",\"position\":3,\"name\":\"Les meilleurs campings avec piscine en Charente-Maritime\"}]},{\"@type\":\"WebSite\",\"@id\":\"https:\/\/www.campings.com\/fr\/content\/#website\",\"url\":\"https:\/\/www.campings.com\/fr\/content\/\",\"name\":\"\",\"description\":\"\",\"publisher\":{\"@id\":\"https:\/\/www.campings.com\/fr\/content\/#organization\"},\"potentialAction\":[{\"@type\":\"SearchAction\",\"target\":{\"@type\":\"EntryPoint\",\"urlTemplate\":\"https:\/\/www.campings.com\/fr\/content\/?s={search_term_string}\"},\"query-input\":{\"@type\":\"PropertyValueSpecification\",\"valueRequired\":true,\"valueName\":\"search_term_string\"}}],\"inLanguage\":\"fr-FR\"},{\"@type\":\"Organization\",\"@id\":\"https:\/\/www.campings.com\/fr\/content\/#organization\",\"name\":\"CAMPINGS.COM\",\"url\":\"https:\/\/www.campings.com\/fr\/content\/\",\"logo\":{\"@type\":\"ImageObject\",\"inLanguage\":\"fr-FR\",\"@id\":\"https:\/\/www.campings.com\/fr\/content\/#\/schema\/logo\/image\/\",\"url\":\"https:\/\/www.campings.com\/fr\/content\/wp-content\/uploads\/2019\/01\/cropped-logo-1.png\",\"contentUrl\":\"https:\/\/www.campings.com\/fr\/content\/wp-content\/uploads\/2019\/01\/cropped-logo-1.png\",\"width\":174,\"height\":42,\"caption\":\"CAMPINGS.COM\"},\"image\":{\"@id\":\"https:\/\/www.campings.com\/fr\/content\/#\/schema\/logo\/image\/\"}}]}<\/script>\n<!-- \/ Yoast SEO plugin. -->","yoast_head_json":{"title":"Les meilleurs campings avec piscine en Charente-Maritime -","robots":{"index":"index","follow":"follow","max-snippet":"max-snippet:-1","max-image-preview":"max-image-preview:large","max-video-preview":"max-video-preview:-1"},"canonical":"https:\/\/www.campings.com\/fr\/content\/guide-vacances-charente-maritime\/campings-piscine-charente-maritime\/","og_locale":"fr_FR","og_type":"article","og_title":"Les meilleurs campings avec piscine en Charente-Maritime -","og_description":"Vous envisagez de passer vos vacances en Charente-Maritime ? Et si vous optiez pour un h\u00e9bergement en camping avec piscine pour profiter pleinement des joies de la baignade ? D\u00e9couvrez notre s\u00e9lection ! Envie de douceur de vivre, de plages, d\u2019air iod\u00e9 et de nature ? Mettez le cap sur la\u00a0Charente-Maritime pour vos prochaines vacances [&hellip;]","og_url":"https:\/\/www.campings.com\/fr\/content\/guide-vacances-charente-maritime\/campings-piscine-charente-maritime\/","article_modified_time":"2022-03-25T10:54:20+00:00","og_image":[{"width":1000,"height":665,"url":"https:\/\/www.campings.com\/fr\/content\/wp-content\/uploads\/2022\/03\/Camping-piscine-les-charmilles.png","type":"image\/png"}],"twitter_card":"summary_large_image","twitter_misc":{"Dur\u00e9e de lecture estim\u00e9e":"4 minutes"},"schema":{"@context":"https:\/\/schema.org","@graph":[{"@type":"WebPage","@id":"https:\/\/www.campings.com\/fr\/content\/guide-vacances-charente-maritime\/campings-piscine-charente-maritime\/","url":"https:\/\/www.campings.com\/fr\/content\/guide-vacances-charente-maritime\/campings-piscine-charente-maritime\/","name":"Les meilleurs campings avec piscine en Charente-Maritime -","isPartOf":{"@id":"https:\/\/www.campings.com\/fr\/content\/#website"},"primaryImageOfPage":{"@id":"https:\/\/www.campings.com\/fr\/content\/guide-vacances-charente-maritime\/campings-piscine-charente-maritime\/#primaryimage"},"image":{"@id":"https:\/\/www.campings.com\/fr\/content\/guide-vacances-charente-maritime\/campings-piscine-charente-maritime\/#primaryimage"},"thumbnailUrl":"https:\/\/www.campings.com\/fr\/content\/wp-content\/uploads\/2022\/03\/Camping-piscine-les-charmilles.png","datePublished":"2022-03-24T16:57:59+00:00","dateModified":"2022-03-25T10:54:20+00:00","breadcrumb":{"@id":"https:\/\/www.campings.com\/fr\/content\/guide-vacances-charente-maritime\/campings-piscine-charente-maritime\/#breadcrumb"},"inLanguage":"fr-FR","potentialAction":[{"@type":"ReadAction","target":["https:\/\/www.campings.com\/fr\/content\/guide-vacances-charente-maritime\/campings-piscine-charente-maritime\/"]}]},{"@type":"ImageObject","inLanguage":"fr-FR","@id":"https:\/\/www.campings.com\/fr\/content\/guide-vacances-charente-maritime\/campings-piscine-charente-maritime\/#primaryimage","url":"https:\/\/www.campings.com\/fr\/content\/wp-content\/uploads\/2022\/03\/Camping-piscine-les-charmilles.png","contentUrl":"https:\/\/www.campings.com\/fr\/content\/wp-content\/uploads\/2022\/03\/Camping-piscine-les-charmilles.png","width":1000,"height":665},{"@type":"BreadcrumbList","@id":"https:\/\/www.campings.com\/fr\/content\/guide-vacances-charente-maritime\/campings-piscine-charente-maritime\/#breadcrumb","itemListElement":[{"@type":"ListItem","position":1,"name":"Home","item":"https:\/\/www.campings.com\/fr\/content\/"},{"@type":"ListItem","position":2,"name":"Le guide de vos vacances en Charente-Maritime","item":"https:\/\/www.campings.com\/fr\/content\/guide-vacances-charente-maritime\/"},{"@type":"ListItem","position":3,"name":"Les meilleurs campings avec piscine en Charente-Maritime"}]},{"@type":"WebSite","@id":"https:\/\/www.campings.com\/fr\/content\/#website","url":"https:\/\/www.campings.com\/fr\/content\/","name":"","description":"","publisher":{"@id":"https:\/\/www.campings.com\/fr\/content\/#organization"},"potentialAction":[{"@type":"SearchAction","target":{"@type":"EntryPoint","urlTemplate":"https:\/\/www.campings.com\/fr\/content\/?s={search_term_string}"},"query-input":{"@type":"PropertyValueSpecification","valueRequired":true,"valueName":"search_term_string"}}],"inLanguage":"fr-FR"},{"@type":"Organization","@id":"https:\/\/www.campings.com\/fr\/content\/#organization","name":"CAMPINGS.COM","url":"https:\/\/www.campings.com\/fr\/content\/","logo":{"@type":"ImageObject","inLanguage":"fr-FR","@id":"https:\/\/www.campings.com\/fr\/content\/#\/schema\/logo\/image\/","url":"https:\/\/www.campings.com\/fr\/content\/wp-content\/uploads\/2019\/01\/cropped-logo-1.png","contentUrl":"https:\/\/www.campings.com\/fr\/content\/wp-content\/uploads\/2019\/01\/cropped-logo-1.png","width":174,"height":42,"caption":"CAMPINGS.COM"},"image":{"@id":"https:\/\/www.campings.com\/fr\/content\/#\/schema\/logo\/image\/"}}]}},"_links":{"self":[{"href":"https:\/\/www.campings.com\/fr\/content\/wp-json\/wp\/v2\/pages\/3570","targetHints":{"allow":["GET"]}}],"collection":[{"href":"https:\/\/www.campings.com\/fr\/content\/wp-json\/wp\/v2\/pages"}],"about":[{"href":"https:\/\/www.campings.com\/fr\/content\/wp-json\/wp\/v2\/types\/page"}],"author":[{"embeddable":true,"href":"https:\/\/www.campings.com\/fr\/content\/wp-json\/wp\/v2\/users\/18"}],"replies":[{"embeddable":true,"href":"https:\/\/www.campings.com\/fr\/content\/wp-json\/wp\/v2\/comments?post=3570"}],"version-history":[{"count":2,"href":"https:\/\/www.campings.com\/fr\/content\/wp-json\/wp\/v2\/pages\/3570\/revisions"}],"predecessor-version":[{"id":3634,"href":"https:\/\/www.campings.com\/fr\/content\/wp-json\/wp\/v2\/pages\/3570\/revisions\/3634"}],"up":[{"embeddable":true,"href":"https:\/\/www.campings.com\/fr\/content\/wp-json\/wp\/v2\/pages\/3537"}],"wp:attachment":[{"href":"https:\/\/www.campings.com\/fr\/content\/wp-json\/wp\/v2\/media?parent=3570"}],"curies":[{"name":"wp","href":"https:\/\/api.w.org\/{rel}","templated":true}]}}