{"id":3566,"date":"2022-03-24T16:53:41","date_gmt":"2022-03-24T16:53:41","guid":{"rendered":"https:\/\/www.campings.com\/fr\/content\/?page_id=3566"},"modified":"2022-03-25T10:52:41","modified_gmt":"2022-03-25T10:52:41","slug":"campings-ouverts-toute-lannee-charente-maritime","status":"publish","type":"page","link":"https:\/\/www.campings.com\/fr\/content\/guide-vacances-charente-maritime\/campings-ouverts-toute-lannee-charente-maritime\/","title":{"rendered":"Les campings ouverts toute l&rsquo;ann\u00e9e en Charente-Maritime"},"content":{"rendered":"<p>Vous pr\u00e9voyez des vacances en <a href=\"https:\/\/www.campings.com\/fr\/content\/guide-vacances-charente-maritime\/\">Charente-Maritime<\/a> ? Cette destination authentique ravira aussi bien les amoureux de nature que les amateurs de plaisirs baln\u00e9aires. Nous avons s\u00e9lectionn\u00e9 pour vous les campings ouverts toute l\u2019ann\u00e9e en Charente-Maritime<strong>.<\/strong><\/p>\n<p>Avec sa c\u00f4te sauvage, ses plages, ses marais salants, ses canaux et son climat oc\u00e9anique, la\u00a0<a href=\"https:\/\/www.campings.com\/fr\/france\/poitou-charentes\/charente-maritime\"><u>Charente-Maritime<\/u><\/a>\u00a0a beaucoup \u00e0 offrir\u2026 Une destination qui se pr\u00eate tr\u00e8s bien au camping\u2026 Voici notre s\u00e9lection d\u2019\u00e9tablissements ouverts toute l\u2019ann\u00e9e !<\/p>\n<h2><strong>Les campings ouverts toute l\u2019ann\u00e9e en bord de mer\u00a0<\/strong><\/h2>\n<p>Envie de profiter au maximum de la plage pendant vos vacances en famille ou entre amis ? Campings.com a r\u00e9pertori\u00e9 une liste de campings ouverts toute l\u2019ann\u00e9e en bord de mer !<\/p>\n<h3><strong>Camping Les Foug\u00e8res<\/strong><\/h3>\n<p>Ce camping, situ\u00e9 sur l\u2019\u00eele de R\u00e9, en Poitou-Charentes, \u00e0 800 m de la plage abrite de nombreuses infrastructures modernes. Il met \u00e0 votre disposition une piscine ext\u00e9rieure chauff\u00e9e (en \u00e9t\u00e9), des tables de ping-pong, une aire de jeux, une laverie\u2026<\/p>\n<p><a href=\"https:\/\/www.campings.com\/fr\/camping\/camping-les-fougeres-78128\">Plus d\u2019infos sur le Camping Les Foug\u00e8res<\/a><\/p>\n<h3><strong>Camping Au Petit Port de l&rsquo;Houmeau<\/strong><\/h3>\n<p>\u00c0 1 km de l\u2019oc\u00e9an, \u00e0 L&rsquo;Houmeau en Charente-Maritime ce camping familial offre un cadre naturel parfait pour les vacances. Il poss\u00e8de une piscine ext\u00e9rieure chauff\u00e9e, accessible en \u00e9t\u00e9. Sur place, de nombreux \u00e9quipements et services sont propos\u00e9s : Wifi, location de barbecue, laverie, tables de ping-pong&#8230; Le camping met \u00e0 votre disposition un bain \u00e0 remous, ouvert en \u00e9t\u00e9 uniquement.<\/p>\n<p><a href=\"https:\/\/www.campings.com\/fr\/camping\/camping-au-petit-port-de-lhoumeau-77387\">Plus d\u2019infos sur le Camping Au Petit Port de l&rsquo;Houmeau<\/a><\/p>\n<h3><strong>Camping Le Beaulieu<\/strong><\/h3>\n<p>Pr\u00e8s de La Rochelle (\u00e0 5 km de la plage), au c\u0153ur d\u2019une nature luxuriante, cet \u00e9tablissement a tout pour plaire. Il offre \u00e0 ses r\u00e9sidents un large \u00e9ventail d\u2019\u00e9quipements et services. Laverie, location de barbecue, piscine ext\u00e9rieure chauff\u00e9e, terrain de tennis, baby-foot, billard, sauna\u2026 Une pataugeoire et un toboggan aquatique sont mis \u00e0 la disposition des enfants en \u00e9t\u00e9 uniquement.<\/p>\n<p><a href=\"https:\/\/www.campings.com\/fr\/camping\/camping-le-beaulieu-78124\">Plus d\u2019infos sur le Camping Le Beaulieu<\/a><\/p>\n<p><img loading=\"lazy\" decoding=\"async\" class=\"alignnone size-full wp-image-3567\" src=\"https:\/\/www.campings.com\/fr\/content\/wp-content\/uploads\/2022\/03\/Camping-ouvert-toute-lannee-le-Beaulieu.png\" alt=\"\" width=\"1000\" height=\"665\" srcset=\"https:\/\/www.campings.com\/fr\/content\/wp-content\/uploads\/2022\/03\/Camping-ouvert-toute-lannee-le-Beaulieu.png 1000w, https:\/\/www.campings.com\/fr\/content\/wp-content\/uploads\/2022\/03\/Camping-ouvert-toute-lannee-le-Beaulieu-300x200.png 300w, https:\/\/www.campings.com\/fr\/content\/wp-content\/uploads\/2022\/03\/Camping-ouvert-toute-lannee-le-Beaulieu-768x511.png 768w, https:\/\/www.campings.com\/fr\/content\/wp-content\/uploads\/2022\/03\/Camping-ouvert-toute-lannee-le-Beaulieu-450x299.png 450w, https:\/\/www.campings.com\/fr\/content\/wp-content\/uploads\/2022\/03\/Camping-ouvert-toute-lannee-le-Beaulieu-430x286.png 430w\" sizes=\"auto, (max-width: 1000px) 100vw, 1000px\" \/><\/p>\n<h3><strong>Les Hameaux des Marines<\/strong><\/h3>\n<p>\u00c0 Saint-Denis-d&rsquo;Ol\u00e9ron, \u00e0 300 m du bord de mer, ce camping est parfait pour profiter pleinement des plaisirs baln\u00e9aires. Les r\u00e9sidents pourront m\u00eame se baigner dans une piscine couverte chauff\u00e9e lorsque le soleil n\u2019est pas au rendez-vous. Des tables de ping-pong sont \u00e9galement mises \u00e0 la disposition des vacanciers tout au long de l\u2019ann\u00e9e.<\/p>\n<p><a href=\"https:\/\/www.campings.com\/fr\/camping\/les-hameaux-des-marines-78247\">Plus d\u2019infos sur les Hameaux des Marines<\/a><\/p>\n<h2><strong>Liste de campings ouverts toute l\u2019ann\u00e9e avec une piscine couverte\u00a0<\/strong><\/h2>\n<p>Campings.com a s\u00e9lectionn\u00e9 les campings ouverts toute l\u2019ann\u00e9e avec piscine couverte en\u00a0<a href=\"https:\/\/www.campings.com\/fr\/content\/guide-vacances-charente-maritime\/\"><u>Charente-Maritime<\/u><\/a>.<\/p>\n<h3><strong>Camping Siblu La Pignade &#8211; Funpass inclus<\/strong><\/h3>\n<p>\u00c0 Ronce-les-Bains, \u00e0 proximit\u00e9 de l\u2019oc\u00e9an et au milieu des pins, cet \u00e9tablissement b\u00e9n\u00e9ficie d\u2019un cadre idyllique pour les familles. Il abrite une piscine ext\u00e9rieure chauff\u00e9e et une piscine couverte chauff\u00e9e. Sur place, les vacanciers auront acc\u00e8s \u00e0 un bar et \u00e0 une pizzeria.<\/p>\n<p><a href=\"https:\/\/www.campings.com\/fr\/camping\/camping-siblu-la-pignade-funpass-inclus-78134\">Plus d\u2019infos sur le Camping Siblu La Pignade &#8211; Funpass inclus<\/a><\/p>\n<h3><strong>Camping la Ferme<\/strong><\/h3>\n<p>A proximit\u00e9 de Royan et \u00e0 5 km de la mer, ce camping b\u00e9n\u00e9ficie d\u2019un emplacement parfait. Sur place, tout est r\u00e9uni pour passer un s\u00e9jour agr\u00e9able : location de barbecue, wifi, laverie, restaurant et bar. Les r\u00e9sidents ont acc\u00e8s \u00e0 une piscine couverte chauff\u00e9e, une piscine ext\u00e9rieure chauff\u00e9e et un terrain de tennis.<\/p>\n<p><a href=\"https:\/\/www.campings.com\/fr\/camping\/camping-la-ferme-78185\">Plus d\u2019infos sur le Camping la Ferme<\/a><\/p>\n<h3><strong>Camping Walmone<\/strong><\/h3>\n<p>Ce camping est situ\u00e9 \u00e0 Saint-Sulpice-de-Royan en Charente-Maritime, \u00e0 4 km de la mer seulement. Les r\u00e9sidents pourront se baigner dans une piscine couverte chauff\u00e9e, ouverte en \u00e9t\u00e9 uniquement. Le camping met \u00e0 leur disposition une laverie, un service de location de barbecue, wifi\u2026<\/p>\n<p><a href=\"https:\/\/www.campings.com\/fr\/camping\/camping-walmone-78407\">Plus d\u2019infos sur le<strong>\u00a0<\/strong>Camping Walmone\u00a0<\/a><\/p>\n<h2><strong>S\u00e9lection de campings ouverts \u00e0 l\u2019ann\u00e9e sur l\u2019\u00eele de R\u00e9 et l\u2019\u00eele d\u2019Ol\u00e9ron<\/strong><\/h2>\n<p>Vous comptez s\u00e9journer sur l\u2019\u00eele de R\u00e9 ou l\u2019\u00eele d\u2019Ol\u00e9ron en\u00a0<a href=\"https:\/\/www.campings.com\/fr\/content\/guide-vacances-charente-maritime\/\"><u>Charente-Maritime<\/u>\u00a0<\/a>? Campings.com a r\u00e9pertori\u00e9 les campings ouverts toute l\u2019ann\u00e9e sur ces \u00eeles.<\/p>\n<h3><strong>Camping Les Peupliers\u00a0<\/strong><\/h3>\n<p>Situ\u00e9 \u00e0 800 m de la mer, ce camping offre un grand choix d\u2019\u00e9quipements et services pour le confort des r\u00e9sidents. Wifi, laverie, \u00e9picerie, d\u00e9p\u00f4t de pain, services de restauration\u2026 Ils pourront \u00e9galement avoir acc\u00e8s au sauna, \u00e0 une salle de fitness et \u00e0 un hammam.<\/p>\n<p><a href=\"https:\/\/www.campings.com\/fr\/camping\/camping-les-peupliers-77450\">Plus d\u2019infos sur le Camping Les Peupliers\u00a0<\/a><\/p>\n<p><img loading=\"lazy\" decoding=\"async\" class=\"alignnone size-full wp-image-3568\" src=\"https:\/\/www.campings.com\/fr\/content\/wp-content\/uploads\/2022\/03\/Camping-ouvert-toute-lannee-les-peupliers.png\" alt=\"\" width=\"1000\" height=\"665\" srcset=\"https:\/\/www.campings.com\/fr\/content\/wp-content\/uploads\/2022\/03\/Camping-ouvert-toute-lannee-les-peupliers.png 1000w, https:\/\/www.campings.com\/fr\/content\/wp-content\/uploads\/2022\/03\/Camping-ouvert-toute-lannee-les-peupliers-300x200.png 300w, https:\/\/www.campings.com\/fr\/content\/wp-content\/uploads\/2022\/03\/Camping-ouvert-toute-lannee-les-peupliers-768x511.png 768w, https:\/\/www.campings.com\/fr\/content\/wp-content\/uploads\/2022\/03\/Camping-ouvert-toute-lannee-les-peupliers-450x299.png 450w, https:\/\/www.campings.com\/fr\/content\/wp-content\/uploads\/2022\/03\/Camping-ouvert-toute-lannee-les-peupliers-430x286.png 430w\" sizes=\"auto, (max-width: 1000px) 100vw, 1000px\" \/><\/p>\n<h3><strong>Camping Les Maraises\u00a0<\/strong><\/h3>\n<p>\u00c0 Saint-Martin-de-R\u00e9, en plein c\u0153ur de l\u2019\u00eele de R\u00e9, cet \u00e9tablissement se trouve \u00e0 2 km de la mer. Il abrite une piscine ext\u00e9rieure chauff\u00e9e, accessible en pleine saison. Il met \u00e0 la disposition des r\u00e9sidents un bar, un snack, une laverie et un service de location de barbecue. De plus, les enfants ont acc\u00e8s \u00e0 une aire de jeux ainsi qu\u2019une salle de jeux tout au long de l&rsquo;ann\u00e9e.<\/p>\n<p><a href=\"https:\/\/www.campings.com\/fr\/camping\/camping-les-maraises-78347\">Plus d\u2019infos sur le Camping Les Maraises\u00a0<\/a><\/p>\n<h3><strong>Camping Le Suroit, un camping calme en Charente\u00a0<\/strong><\/h3>\n<p>\u00c0 Saint-Georges-d&rsquo;Ol\u00e9ron, ce camping offre un acc\u00e8s direct \u00e0 la mer. Il propose de nombreuses distractions pour toute la famille : ping-pong, aire de jeux, pataugeoire, toboggan, bain \u00e0 remous\u2026 Il abrite aussi une piscine couverte chauff\u00e9e et une piscine ext\u00e9rieure non chauff\u00e9e.<\/p>\n<p><a href=\"https:\/\/www.campings.com\/fr\/camping\/camping-le-suroit-78245\">Plus d\u2019infos sur le Camping Le Suroit\u00a0<\/a><\/p>\n<h3><strong>Camping Ol\u00e9ron Loisirs\u00a0<\/strong><\/h3>\n<p>Ce camping, situ\u00e9 \u00e0 Saint-Georges-d&rsquo;Ol\u00e9ron, \u00e0 3 km de la plage, offre un magnifique cadre pour les vacances. Il dispose d\u2019une piscine ext\u00e9rieure non chauff\u00e9e et d\u2019une piscine couverte chauff\u00e9e. Divers \u00e9quipements et services sont propos\u00e9s : laverie, location de barbecue, d\u00e9p\u00f4t de pain, \u00e9picerie, bar et snack.<\/p>\n<p><a href=\"https:\/\/www.campings.com\/fr\/camping\/camping-oleron-loisirs-77902\">Plus d\u2019infos sur le Camping Ol\u00e9ron Loisirs\u00a0<\/a><\/p>\n","protected":false},"excerpt":{"rendered":"<p>Vous pr\u00e9voyez des vacances en Charente-Maritime ? Cette destination authentique ravira aussi bien les amoureux de nature que les amateurs de plaisirs baln\u00e9aires. Nous avons s\u00e9lectionn\u00e9 pour vous les campings ouverts toute l\u2019ann\u00e9e en Charente-Maritime. Avec sa c\u00f4te sauvage, ses plages, ses marais salants, ses canaux et son climat oc\u00e9anique, la\u00a0Charente-Maritime\u00a0a beaucoup \u00e0 offrir\u2026 Une [&hellip;]<\/p>\n","protected":false},"author":18,"featured_media":0,"parent":3537,"menu_order":0,"comment_status":"closed","ping_status":"closed","template":"template-twocolumns.php","meta":{"_acf_changed":false,"footnotes":""},"class_list":["post-3566","page","type-page","status-publish","hentry"],"acf":[],"yoast_head":"<!-- This site is optimized with the Yoast SEO plugin v27.1.1 - https:\/\/yoast.com\/product\/yoast-seo-wordpress\/ -->\n<title>Les campings ouverts toute l&#039;ann\u00e9e en Charente-Maritime -<\/title>\n<meta name=\"robots\" content=\"index, follow, max-snippet:-1, max-image-preview:large, max-video-preview:-1\" \/>\n<link rel=\"canonical\" href=\"https:\/\/www.campings.com\/fr\/content\/guide-vacances-charente-maritime\/campings-ouverts-toute-lannee-charente-maritime\/\" \/>\n<meta property=\"og:locale\" content=\"fr_FR\" \/>\n<meta property=\"og:type\" content=\"article\" \/>\n<meta property=\"og:title\" content=\"Les campings ouverts toute l&#039;ann\u00e9e en Charente-Maritime -\" \/>\n<meta property=\"og:description\" content=\"Vous pr\u00e9voyez des vacances en Charente-Maritime ? Cette destination authentique ravira aussi bien les amoureux de nature que les amateurs de plaisirs baln\u00e9aires. Nous avons s\u00e9lectionn\u00e9 pour vous les campings ouverts toute l\u2019ann\u00e9e en Charente-Maritime. Avec sa c\u00f4te sauvage, ses plages, ses marais salants, ses canaux et son climat oc\u00e9anique, la\u00a0Charente-Maritime\u00a0a beaucoup \u00e0 offrir\u2026 Une [&hellip;]\" \/>\n<meta property=\"og:url\" content=\"https:\/\/www.campings.com\/fr\/content\/guide-vacances-charente-maritime\/campings-ouverts-toute-lannee-charente-maritime\/\" \/>\n<meta property=\"article:modified_time\" content=\"2022-03-25T10:52:41+00:00\" \/>\n<meta property=\"og:image\" content=\"https:\/\/www.campings.com\/fr\/content\/wp-content\/uploads\/2022\/03\/Camping-ouvert-toute-lannee-le-Beaulieu.png\" \/>\n\t<meta property=\"og:image:width\" content=\"1000\" \/>\n\t<meta property=\"og:image:height\" content=\"665\" \/>\n\t<meta property=\"og:image:type\" content=\"image\/png\" \/>\n<meta name=\"twitter:card\" content=\"summary_large_image\" \/>\n<meta name=\"twitter:label1\" content=\"Dur\u00e9e de lecture estim\u00e9e\" \/>\n\t<meta name=\"twitter:data1\" content=\"5 minutes\" \/>\n<script type=\"application\/ld+json\" class=\"yoast-schema-graph\">{\"@context\":\"https:\/\/schema.org\",\"@graph\":[{\"@type\":\"WebPage\",\"@id\":\"https:\/\/www.campings.com\/fr\/content\/guide-vacances-charente-maritime\/campings-ouverts-toute-lannee-charente-maritime\/\",\"url\":\"https:\/\/www.campings.com\/fr\/content\/guide-vacances-charente-maritime\/campings-ouverts-toute-lannee-charente-maritime\/\",\"name\":\"Les campings ouverts toute l'ann\u00e9e en Charente-Maritime -\",\"isPartOf\":{\"@id\":\"https:\/\/www.campings.com\/fr\/content\/#website\"},\"primaryImageOfPage\":{\"@id\":\"https:\/\/www.campings.com\/fr\/content\/guide-vacances-charente-maritime\/campings-ouverts-toute-lannee-charente-maritime\/#primaryimage\"},\"image\":{\"@id\":\"https:\/\/www.campings.com\/fr\/content\/guide-vacances-charente-maritime\/campings-ouverts-toute-lannee-charente-maritime\/#primaryimage\"},\"thumbnailUrl\":\"https:\/\/www.campings.com\/fr\/content\/wp-content\/uploads\/2022\/03\/Camping-ouvert-toute-lannee-le-Beaulieu.png\",\"datePublished\":\"2022-03-24T16:53:41+00:00\",\"dateModified\":\"2022-03-25T10:52:41+00:00\",\"breadcrumb\":{\"@id\":\"https:\/\/www.campings.com\/fr\/content\/guide-vacances-charente-maritime\/campings-ouverts-toute-lannee-charente-maritime\/#breadcrumb\"},\"inLanguage\":\"fr-FR\",\"potentialAction\":[{\"@type\":\"ReadAction\",\"target\":[\"https:\/\/www.campings.com\/fr\/content\/guide-vacances-charente-maritime\/campings-ouverts-toute-lannee-charente-maritime\/\"]}]},{\"@type\":\"ImageObject\",\"inLanguage\":\"fr-FR\",\"@id\":\"https:\/\/www.campings.com\/fr\/content\/guide-vacances-charente-maritime\/campings-ouverts-toute-lannee-charente-maritime\/#primaryimage\",\"url\":\"https:\/\/www.campings.com\/fr\/content\/wp-content\/uploads\/2022\/03\/Camping-ouvert-toute-lannee-le-Beaulieu.png\",\"contentUrl\":\"https:\/\/www.campings.com\/fr\/content\/wp-content\/uploads\/2022\/03\/Camping-ouvert-toute-lannee-le-Beaulieu.png\",\"width\":1000,\"height\":665},{\"@type\":\"BreadcrumbList\",\"@id\":\"https:\/\/www.campings.com\/fr\/content\/guide-vacances-charente-maritime\/campings-ouverts-toute-lannee-charente-maritime\/#breadcrumb\",\"itemListElement\":[{\"@type\":\"ListItem\",\"position\":1,\"name\":\"Home\",\"item\":\"https:\/\/www.campings.com\/fr\/content\/\"},{\"@type\":\"ListItem\",\"position\":2,\"name\":\"Le guide de vos vacances en Charente-Maritime\",\"item\":\"https:\/\/www.campings.com\/fr\/content\/guide-vacances-charente-maritime\/\"},{\"@type\":\"ListItem\",\"position\":3,\"name\":\"Les campings ouverts toute l&rsquo;ann\u00e9e en Charente-Maritime\"}]},{\"@type\":\"WebSite\",\"@id\":\"https:\/\/www.campings.com\/fr\/content\/#website\",\"url\":\"https:\/\/www.campings.com\/fr\/content\/\",\"name\":\"\",\"description\":\"\",\"publisher\":{\"@id\":\"https:\/\/www.campings.com\/fr\/content\/#organization\"},\"potentialAction\":[{\"@type\":\"SearchAction\",\"target\":{\"@type\":\"EntryPoint\",\"urlTemplate\":\"https:\/\/www.campings.com\/fr\/content\/?s={search_term_string}\"},\"query-input\":{\"@type\":\"PropertyValueSpecification\",\"valueRequired\":true,\"valueName\":\"search_term_string\"}}],\"inLanguage\":\"fr-FR\"},{\"@type\":\"Organization\",\"@id\":\"https:\/\/www.campings.com\/fr\/content\/#organization\",\"name\":\"CAMPINGS.COM\",\"url\":\"https:\/\/www.campings.com\/fr\/content\/\",\"logo\":{\"@type\":\"ImageObject\",\"inLanguage\":\"fr-FR\",\"@id\":\"https:\/\/www.campings.com\/fr\/content\/#\/schema\/logo\/image\/\",\"url\":\"https:\/\/www.campings.com\/fr\/content\/wp-content\/uploads\/2019\/01\/cropped-logo-1.png\",\"contentUrl\":\"https:\/\/www.campings.com\/fr\/content\/wp-content\/uploads\/2019\/01\/cropped-logo-1.png\",\"width\":174,\"height\":42,\"caption\":\"CAMPINGS.COM\"},\"image\":{\"@id\":\"https:\/\/www.campings.com\/fr\/content\/#\/schema\/logo\/image\/\"}}]}<\/script>\n<!-- \/ Yoast SEO plugin. -->","yoast_head_json":{"title":"Les campings ouverts toute l'ann\u00e9e en Charente-Maritime -","robots":{"index":"index","follow":"follow","max-snippet":"max-snippet:-1","max-image-preview":"max-image-preview:large","max-video-preview":"max-video-preview:-1"},"canonical":"https:\/\/www.campings.com\/fr\/content\/guide-vacances-charente-maritime\/campings-ouverts-toute-lannee-charente-maritime\/","og_locale":"fr_FR","og_type":"article","og_title":"Les campings ouverts toute l'ann\u00e9e en Charente-Maritime -","og_description":"Vous pr\u00e9voyez des vacances en Charente-Maritime ? Cette destination authentique ravira aussi bien les amoureux de nature que les amateurs de plaisirs baln\u00e9aires. Nous avons s\u00e9lectionn\u00e9 pour vous les campings ouverts toute l\u2019ann\u00e9e en Charente-Maritime. Avec sa c\u00f4te sauvage, ses plages, ses marais salants, ses canaux et son climat oc\u00e9anique, la\u00a0Charente-Maritime\u00a0a beaucoup \u00e0 offrir\u2026 Une [&hellip;]","og_url":"https:\/\/www.campings.com\/fr\/content\/guide-vacances-charente-maritime\/campings-ouverts-toute-lannee-charente-maritime\/","article_modified_time":"2022-03-25T10:52:41+00:00","og_image":[{"width":1000,"height":665,"url":"https:\/\/www.campings.com\/fr\/content\/wp-content\/uploads\/2022\/03\/Camping-ouvert-toute-lannee-le-Beaulieu.png","type":"image\/png"}],"twitter_card":"summary_large_image","twitter_misc":{"Dur\u00e9e de lecture estim\u00e9e":"5 minutes"},"schema":{"@context":"https:\/\/schema.org","@graph":[{"@type":"WebPage","@id":"https:\/\/www.campings.com\/fr\/content\/guide-vacances-charente-maritime\/campings-ouverts-toute-lannee-charente-maritime\/","url":"https:\/\/www.campings.com\/fr\/content\/guide-vacances-charente-maritime\/campings-ouverts-toute-lannee-charente-maritime\/","name":"Les campings ouverts toute l'ann\u00e9e en Charente-Maritime -","isPartOf":{"@id":"https:\/\/www.campings.com\/fr\/content\/#website"},"primaryImageOfPage":{"@id":"https:\/\/www.campings.com\/fr\/content\/guide-vacances-charente-maritime\/campings-ouverts-toute-lannee-charente-maritime\/#primaryimage"},"image":{"@id":"https:\/\/www.campings.com\/fr\/content\/guide-vacances-charente-maritime\/campings-ouverts-toute-lannee-charente-maritime\/#primaryimage"},"thumbnailUrl":"https:\/\/www.campings.com\/fr\/content\/wp-content\/uploads\/2022\/03\/Camping-ouvert-toute-lannee-le-Beaulieu.png","datePublished":"2022-03-24T16:53:41+00:00","dateModified":"2022-03-25T10:52:41+00:00","breadcrumb":{"@id":"https:\/\/www.campings.com\/fr\/content\/guide-vacances-charente-maritime\/campings-ouverts-toute-lannee-charente-maritime\/#breadcrumb"},"inLanguage":"fr-FR","potentialAction":[{"@type":"ReadAction","target":["https:\/\/www.campings.com\/fr\/content\/guide-vacances-charente-maritime\/campings-ouverts-toute-lannee-charente-maritime\/"]}]},{"@type":"ImageObject","inLanguage":"fr-FR","@id":"https:\/\/www.campings.com\/fr\/content\/guide-vacances-charente-maritime\/campings-ouverts-toute-lannee-charente-maritime\/#primaryimage","url":"https:\/\/www.campings.com\/fr\/content\/wp-content\/uploads\/2022\/03\/Camping-ouvert-toute-lannee-le-Beaulieu.png","contentUrl":"https:\/\/www.campings.com\/fr\/content\/wp-content\/uploads\/2022\/03\/Camping-ouvert-toute-lannee-le-Beaulieu.png","width":1000,"height":665},{"@type":"BreadcrumbList","@id":"https:\/\/www.campings.com\/fr\/content\/guide-vacances-charente-maritime\/campings-ouverts-toute-lannee-charente-maritime\/#breadcrumb","itemListElement":[{"@type":"ListItem","position":1,"name":"Home","item":"https:\/\/www.campings.com\/fr\/content\/"},{"@type":"ListItem","position":2,"name":"Le guide de vos vacances en Charente-Maritime","item":"https:\/\/www.campings.com\/fr\/content\/guide-vacances-charente-maritime\/"},{"@type":"ListItem","position":3,"name":"Les campings ouverts toute l&rsquo;ann\u00e9e en Charente-Maritime"}]},{"@type":"WebSite","@id":"https:\/\/www.campings.com\/fr\/content\/#website","url":"https:\/\/www.campings.com\/fr\/content\/","name":"","description":"","publisher":{"@id":"https:\/\/www.campings.com\/fr\/content\/#organization"},"potentialAction":[{"@type":"SearchAction","target":{"@type":"EntryPoint","urlTemplate":"https:\/\/www.campings.com\/fr\/content\/?s={search_term_string}"},"query-input":{"@type":"PropertyValueSpecification","valueRequired":true,"valueName":"search_term_string"}}],"inLanguage":"fr-FR"},{"@type":"Organization","@id":"https:\/\/www.campings.com\/fr\/content\/#organization","name":"CAMPINGS.COM","url":"https:\/\/www.campings.com\/fr\/content\/","logo":{"@type":"ImageObject","inLanguage":"fr-FR","@id":"https:\/\/www.campings.com\/fr\/content\/#\/schema\/logo\/image\/","url":"https:\/\/www.campings.com\/fr\/content\/wp-content\/uploads\/2019\/01\/cropped-logo-1.png","contentUrl":"https:\/\/www.campings.com\/fr\/content\/wp-content\/uploads\/2019\/01\/cropped-logo-1.png","width":174,"height":42,"caption":"CAMPINGS.COM"},"image":{"@id":"https:\/\/www.campings.com\/fr\/content\/#\/schema\/logo\/image\/"}}]}},"_links":{"self":[{"href":"https:\/\/www.campings.com\/fr\/content\/wp-json\/wp\/v2\/pages\/3566","targetHints":{"allow":["GET"]}}],"collection":[{"href":"https:\/\/www.campings.com\/fr\/content\/wp-json\/wp\/v2\/pages"}],"about":[{"href":"https:\/\/www.campings.com\/fr\/content\/wp-json\/wp\/v2\/types\/page"}],"author":[{"embeddable":true,"href":"https:\/\/www.campings.com\/fr\/content\/wp-json\/wp\/v2\/users\/18"}],"replies":[{"embeddable":true,"href":"https:\/\/www.campings.com\/fr\/content\/wp-json\/wp\/v2\/comments?post=3566"}],"version-history":[{"count":2,"href":"https:\/\/www.campings.com\/fr\/content\/wp-json\/wp\/v2\/pages\/3566\/revisions"}],"predecessor-version":[{"id":3631,"href":"https:\/\/www.campings.com\/fr\/content\/wp-json\/wp\/v2\/pages\/3566\/revisions\/3631"}],"up":[{"embeddable":true,"href":"https:\/\/www.campings.com\/fr\/content\/wp-json\/wp\/v2\/pages\/3537"}],"wp:attachment":[{"href":"https:\/\/www.campings.com\/fr\/content\/wp-json\/wp\/v2\/media?parent=3566"}],"curies":[{"name":"wp","href":"https:\/\/api.w.org\/{rel}","templated":true}]}}