{"id":3562,"date":"2022-03-24T16:49:34","date_gmt":"2022-03-24T16:49:34","guid":{"rendered":"https:\/\/www.campings.com\/fr\/content\/?page_id=3562"},"modified":"2022-08-02T13:09:32","modified_gmt":"2022-08-02T13:09:32","slug":"meilleurs-campings-charente-maritime","status":"publish","type":"page","link":"https:\/\/www.campings.com\/fr\/content\/guide-vacances-charente-maritime\/meilleurs-campings-charente-maritime\/","title":{"rendered":"Les meilleurs campings o\u00f9 s\u00e9journer en Charente-Maritime"},"content":{"rendered":"<p>&nbsp;<\/p>\n<p>Envie de vacances en <a href=\"https:\/\/www.campings.com\/fr\/content\/guide-vacances-charente-maritime\/\">Charente-Maritime<\/a> rimant avec confort et convivialit\u00e9 ? Et si vous optiez pour un h\u00e9bergement en camping pour vous ressourcer avec vos proches ? D\u00e9couvrez notre s\u00e9lection de campings pour pr\u00e9parer sereinement votre prochain s\u00e9jour!<\/p>\n<p>Avec son littoral, son climat oc\u00e9anique, ses paysages entre terre et mer, la\u00a0<a href=\"https:\/\/www.campings.com\/fr\/france\/poitou-charentes\/charente-maritime\"><u>Charente-Maritime<\/u><\/a>\u00a0est une destination id\u00e9ale pour les familles ! De plus, ce d\u00e9partement abrite un patrimoine naturel et historique de toute beaut\u00e9 \u00e0 d\u00e9couvrir. D\u00e9couvrez notre s\u00e9lection de campings en Charente-Maritime pour voyager \u00e0 petit prix.<\/p>\n<p>&nbsp;<\/p>\n<h2><strong>S\u00e9lection de campings en bord de mer en Charente-Maritime\u00a0<\/strong><\/h2>\n<h3><\/h3>\n<p>&nbsp;<\/p>\n<h3>Camping Les Pins &#8211; Camping Paradis \u2605\u2605\u2605\u2605<\/h3>\n<p>Bienvenue dans ce Camping Paradis familial ,dans un parc de 4 ha , calme \u00e0 deux km de la mer et proche de la for\u00eat de la coubre avec une piscine et pataugeoire ext\u00e9rieur et une piscine couverte avec pataugeoire couverte.<\/p>\n<p><a href=\"https:\/\/www.campings.com\/fr\/camping\/camping-les-pins-camping-paradis-78358\">Plus d\u2019infos sur le Camping Les Pins<\/a><\/p>\n<p>&nbsp;<\/p>\n<h3>Camping Domaine Les Charmilles &#8211; Camping Paradis \u2605\u2605\u2605\u2605<\/h3>\n<p>Si vous cherchez un camping en Charente-Maritime, le Camping Domaine Les Charmilles &#8211; Camping Paradis \u00e0 Saint-Laurent-de-la-Pr\u00e9e est sans aucun doute celui qu&rsquo;il vous faut. Laissez-vous s\u00e9duire par le Poitou-Charentes et ses tr\u00e9sors. A noter par ailleurs : la pr\u00e9sence de la mer \u00e0 4 km du camping. Les vacanciers sauront \u00e9galement appr\u00e9cier la piscine couverte chauff\u00e9e, accessible pendant l&rsquo;\u00e9t\u00e9 seulement. Les \u00e9quipements nautiques du camping comprennent de plus une piscine ext\u00e9rieure non chauff\u00e9e, dont ils auront la possibilit\u00e9 de jouir pendant les beaux jours.<\/p>\n<p><a href=\"https:\/\/www.campings.com\/fr\/camping\/camping-le-nauzan-plage-78712\">Plus d\u2019infos sur le Camping Domaine Les Charmilles<\/a><\/p>\n<p>&nbsp;<\/p>\n<h3>Camping Les Maraises \u2605\u2605<\/h3>\n<p>Le Camping Les Maraises propose tous les avantages d&rsquo;un camping \u00e0 Saint-Martin-de-R\u00e9 en Charente-Maritime. Vous pourrez profiter de vacances apaisantes ou amusantes suivant vos envies. Install\u00e9 en Poitou-Charentes, \u00e0 2 km de la mer, ce camping vous permettra sans conteste de profiter des splendeurs de ce secteur, pendant toute la dur\u00e9e de votre visite. Les vacanciers sauront de m\u00eame appr\u00e9cier la piscine ext\u00e9rieure chauff\u00e9e, accessible uniquement en pleine saison.<\/p>\n<p><a href=\"https:\/\/www.campings.com\/fr\/camping\/camping-les-maraises-78347\">Plus d\u2019infos sur le Camping Les Maraises<\/a><\/p>\n<p>&nbsp;<\/p>\n<h2><strong>Les meilleurs campings familiaux en Charente-Maritime\u00a0<\/strong><\/h2>\n<p>Apr\u00e8s le\u00a0<a href=\"https:\/\/www.campings.com\/fr\/content\/guide-vacances-var\/\"><u>Var<\/u><\/a>, le d\u00e9partement de la <a href=\"https:\/\/www.campings.com\/fr\/content\/guide-vacances-charente-maritime\/\">Charente-Maritime<\/a> est la 2\u00e8me destination touristique la plus pris\u00e9e en haute saison. Campings.com a r\u00e9pertori\u00e9 une liste de campings o\u00f9 s\u00e9journer en famille.<\/p>\n<p>&nbsp;<\/p>\n<h3><strong>Camping l&rsquo;Anse des Pins \u2605\u2605\u2605\u2605 <\/strong><\/h3>\n<p>D\u00e9couvrez vite le Camping Anse des Pins \u00e0 Saint-Georges-d&rsquo;Ol\u00e9ron, en Charente-Maritime ! Votre s\u00e9jour se d\u00e9roulera en Poitou-Charentes. Laissez-vous donc envo\u00fbter par la beaut\u00e9 de ce lieu privil\u00e9gi\u00e9 ! Les fans de baignade pourront faire un saut, durant la p\u00e9riode estivale uniquement, dans la piscine couverte chauff\u00e9e. Elle est accompagn\u00e9e d&rsquo;une piscine ext\u00e9rieure non chauff\u00e9e, dont l&rsquo;acc\u00e8s est possible pendant les beaux jours.<\/p>\n<p><a href=\"https:\/\/www.campings.com\/fr\/camping\/camping-l-anse-des-pins-77392\">Plus d\u2019infos sur le Camping l&rsquo;Anse des Pins<\/a><\/p>\n<p>&nbsp;<\/p>\n<h3>Camping Ol\u00e9ron Loisirs \u2605\u2605\u2605\u2605<\/h3>\n<p>Cette ann\u00e9e, partez au Camping Ol\u00e9ron Loisirs, un \u00e9tablissement bas\u00e9 \u00e0 Saint-Georges-d&rsquo;Ol\u00e9ron en Charente-Maritime. Vous ne serez absolument pas d\u00e9\u00e7u par ce camping qui vous fera passer des cong\u00e9s inoubliables aussi bien en famille qu&rsquo;entre amis. Votre s\u00e9jour aura lieu en Poitou-Charentes, non loin de la plage (3 km). Laissez-vous donc envo\u00fbter par le charme de ce lieu sp\u00e9cial ! Vous appr\u00e9cierez tout particuli\u00e8rement sa piscine couverte chauff\u00e9e (accessible m\u00eame hors saison), sans oublier sa piscine ext\u00e9rieure non chauff\u00e9e.<\/p>\n<p><a href=\"https:\/\/www.campings.com\/fr\/camping\/camping-oleron-loisirs-77902\">Plus d\u2019infos sur le Camping Ol\u00e9ron Loisirs<\/a><\/p>\n<p>&nbsp;<\/p>\n<h3>Camping Le Logis \u2605\u2605\u2605<\/h3>\n<p>Cette ann\u00e9e, effectuez une r\u00e9servation au Camping Le Logis et laissez-vous charmer par la ville de Saint-Palais-sur-Mer en Charente-Maritime dans laquelle l&rsquo;\u00e9tablissement se trouve : c&rsquo;est un tr\u00e8s bel endroit que vous appr\u00e9cierez sans conteste. Log\u00e9 au coeur du Poitou-Charentes, ce camping aura de quoi vous ravir par sa localisation, d&rsquo;autant plus qu&rsquo;il est install\u00e9 \u00e0 1,2 km du bord de mer. Si vous \u00eates plut\u00f4t fan d&rsquo;eau douce, vous pourrez vous pr\u00e9lasser pendant des heures dans la piscine ext\u00e9rieure chauff\u00e9e, accessible pendant l&rsquo;\u00e9t\u00e9 seulement.<\/p>\n<p><a href=\"https:\/\/www.campings.com\/fr\/camping\/camping-le-logis-78356\">Plus d\u2019infos sur le Camping Le Logis<\/a><\/p>\n<p>&nbsp;<\/p>\n<h2><strong>Liste des campings 5 \u00e9toiles\u00a0<\/strong><\/h2>\n<p>&nbsp;<\/p>\n<h3>Camping Les Gros Joncs \u2605\u2605\u2605\u2605\u2605<\/h3>\n<p>Cette ann\u00e9e, faites une r\u00e9servation au Camping Les Gros Joncs et laissez-vous s\u00e9duire par la ville de Saint-Georges-d&rsquo;Ol\u00e9ron en Charente-Maritime dans laquelle l&rsquo;\u00e9tablissement se trouve : c&rsquo;est un tr\u00e8s bel endroit que vous aimerez sans aucun doute. Votre s\u00e9jour se d\u00e9roulera en Poitou-Charentes, non loin de la plage (400 m). Laissez-vous donc subjuguer par la beaut\u00e9 de cet endroit sp\u00e9cial ! Les fans de baignade pourront aussi faire un saut, uniquement en pleine saison, dans la piscine couverte chauff\u00e9e. Elle est compl\u00e9t\u00e9e par une piscine ext\u00e9rieure chauff\u00e9e, dont l&rsquo;acc\u00e8s est possible pendant les beaux jours.<\/p>\n<p><a href=\"https:\/\/www.campings.com\/fr\/camping\/camping-signol-78233\">Plus d\u2019infos sur le Camping Les Gros Joncs<\/a><\/p>\n<p>&nbsp;<\/p>\n<h3><strong>Camping Signol \u2605\u2605\u2605\u2605\u2605 <\/strong><\/h3>\n<p>Vous recherchez le camping id\u00e9al pour passer des cong\u00e9s en famille ou entre amis ? Pourquoi ne pas faire une r\u00e9servation au Camping Signol situ\u00e9 dans la commune de Saint-Georges-d&rsquo;Ol\u00e9ron en Charente-Maritime ? Laissez-vous \u00e9blouir par le Poitou-Charentes et ses merveilles. A noter par ailleurs : la pr\u00e9sence de la mer \u00e0 800 m du camping. Les fans de baignade pourront aussi faire un saut, y compris hors saison, dans la piscine couverte chauff\u00e9e. Elle est accompagn\u00e9e d&rsquo;une piscine ext\u00e9rieure chauff\u00e9e, dont l&rsquo;acc\u00e8s est possible pendant les beaux jours.<\/p>\n<p><a href=\"https:\/\/www.campings.com\/fr\/camping\/camping-signol-78233\">Plus d\u2019infos sur le Camping Signol<\/a><\/p>\n<p>&nbsp;<\/p>\n<h3>Camping La C\u00f4te Sauvage \u2605\u2605\u2605\u2605\u2605<\/h3>\n<p>Cette ann\u00e9e, r\u00e9servez au Camping La C\u00f4te Sauvage et laissez-vous s\u00e9duire par la ville de Les Mathes en Charente-Maritime dans laquelle l&rsquo;\u00e9tablissement se trouve : c&rsquo;est un tr\u00e8s bel endroit que vous appr\u00e9cierez sans conteste. Laissez-vous charmer par le Poitou-Charentes et ses merveilles. C\u00f4t\u00e9 activit\u00e9s aquatiques, les baigneurs peuvent jouir de la piscine couverte chauff\u00e9e, uniquement en pleine saison, et de la piscine ext\u00e9rieure non chauff\u00e9e, pendant les beaux jours.<\/p>\n<p><a href=\"https:\/\/www.campings.com\/fr\/camping\/camping-la-cote-sauvage-79176\">Plus d\u2019infos sur le Camping La C\u00f4te Sauvage<\/a><\/p>\n<p>&nbsp;<\/p>\n<h2><strong>S\u00e9lection de campings pas chers\u00a0<\/strong><\/h2>\n<p>La <a href=\"https:\/\/www.campings.com\/fr\/content\/guide-vacances-charente-maritime\/\">Charente-Maritime<\/a> est l\u2019une des destinations touristiques les plus pris\u00e9es pour des vacances familiales. Pour des vacances \u00e0 petit budget, Campings.com a s\u00e9lectionn\u00e9 les campings pas chers dans le d\u00e9partement :<\/p>\n<p>&nbsp;<\/p>\n<h3><strong>Camping Le Platin &#8211; Redoute \u2605\u2605\u2605 <\/strong><\/h3>\n<p>Le Camping La Redoute est nich\u00e9 \u00e0 Rivedoux Plage, \u00e0 l&rsquo;entr\u00e9e de l&rsquo;Ile de R\u00e9. C&rsquo;est le cadre id\u00e9al pour passer des vacances inoubliables en famille ou entre amis. Il met \u00e0 votre disposition une grande piscine ext\u00e9rieure chauff\u00e9e avec une pataugeoire. Vous b\u00e9n\u00e9ficiez \u00e9galement d&rsquo;un acc\u00e8s direct \u00e0 la plage.<\/p>\n<p><a href=\"https:\/\/www.campings.com\/fr\/camping\/camping-le-platin-redoute-78127\">Plus d\u2019infos sur le Camping Le Platin &#8211; Redoute<\/a><\/p>\n<p>&nbsp;<\/p>\n<h3>Camping C\u00f4t\u00e9 O La Palmyre \u2605\u2605\u2605\u2605<\/h3>\n<p>Cette ann\u00e9e, rendez-vous \u00e0 C\u00f4t\u00e9 O La Palmyre, un \u00e9tablissement bas\u00e9 \u00e0 La Palmyre en Charente-Maritime. Vous ne serez vraiment pas d\u00e9\u00e7u par ce camping qui vous fera passer des cong\u00e9s m\u00e9morables aussi bien en famille qu&rsquo;entre amis. Nich\u00e9 au coeur du Poitou-Charentes, ce camping saura vous r\u00e9jouir par sa situation g\u00e9ographique, d&rsquo;autant plus qu&rsquo;il se trouve install\u00e9 \u00e0 4,5 km du bord de mer. Les vacanciers sauront de m\u00eame appr\u00e9cier la piscine ext\u00e9rieure chauff\u00e9e, accessible durant la p\u00e9riode estivale uniquement.<\/p>\n<p><a href=\"https:\/\/www.campings.com\/fr\/camping\/camping-cote-o-la-palmyre-77470\">Plus d\u2019infos sur le Camping C\u00f4t\u00e9 O La Palmyre<\/a><\/p>\n<h3><\/h3>\n<h3>Camping C\u00f4t\u00e9 O &#8211; La Palmyre Quartier Privil\u00e8ge \u2605\u2605\u2605\u2605<\/h3>\n<p>Vous cherchez le camping parfait pour passer des cong\u00e9s en famille ou entre amis ? Pourquoi ne pas r\u00e9server au Camping C\u00f4t\u00e9 O &#8211; La Palmyre Quartier Privil\u00e8ge localis\u00e9 dans la ville de La Palmyre en Charente-Maritime ? Log\u00e9 au coeur du Poitou-Charentes, ce camping saura vous combler par son emplacement, d&rsquo;autant plus qu&rsquo;il est install\u00e9 \u00e0 5 km de la mer. Si vous \u00eates davantage fan d&rsquo;eau douce, vous pourrez vous pr\u00e9lasser pendant des heures dans la piscine couverte chauff\u00e9e, ouverte uniquement en pleine saison.<\/p>\n<p><a href=\"https:\/\/www.campings.com\/fr\/camping\/camping-cote-o-la-palmyre-quartier-privilege-77472\">Plus d\u2019infos sur le Camping C\u00f4t\u00e9 O &#8211; La Palmyre Quartier Privil\u00e8ge<\/a><\/p>\n<p>&nbsp;<\/p>\n","protected":false},"excerpt":{"rendered":"<p>&nbsp; Envie de vacances en Charente-Maritime rimant avec confort et convivialit\u00e9 ? Et si vous optiez pour un h\u00e9bergement en camping pour vous ressourcer avec vos proches ? D\u00e9couvrez notre s\u00e9lection de campings pour pr\u00e9parer sereinement votre prochain s\u00e9jour! Avec son littoral, son climat oc\u00e9anique, ses paysages entre terre et mer, la\u00a0Charente-Maritime\u00a0est une destination id\u00e9ale [&hellip;]<\/p>\n","protected":false},"author":18,"featured_media":0,"parent":3537,"menu_order":0,"comment_status":"closed","ping_status":"closed","template":"template-twocolumns.php","meta":{"_acf_changed":false,"footnotes":""},"class_list":["post-3562","page","type-page","status-publish","hentry"],"acf":[],"yoast_head":"<!-- This site is optimized with the Yoast SEO plugin v27.1.1 - https:\/\/yoast.com\/product\/yoast-seo-wordpress\/ -->\n<title>Les meilleurs campings o\u00f9 s\u00e9journer en Charente-Maritime -<\/title>\n<meta name=\"robots\" content=\"index, follow, max-snippet:-1, max-image-preview:large, max-video-preview:-1\" \/>\n<link rel=\"canonical\" href=\"https:\/\/www.campings.com\/fr\/content\/guide-vacances-charente-maritime\/meilleurs-campings-charente-maritime\/\" \/>\n<meta property=\"og:locale\" content=\"fr_FR\" \/>\n<meta property=\"og:type\" content=\"article\" \/>\n<meta property=\"og:title\" content=\"Les meilleurs campings o\u00f9 s\u00e9journer en Charente-Maritime -\" \/>\n<meta property=\"og:description\" content=\"&nbsp; Envie de vacances en Charente-Maritime rimant avec confort et convivialit\u00e9 ? Et si vous optiez pour un h\u00e9bergement en camping pour vous ressourcer avec vos proches ? D\u00e9couvrez notre s\u00e9lection de campings pour pr\u00e9parer sereinement votre prochain s\u00e9jour! Avec son littoral, son climat oc\u00e9anique, ses paysages entre terre et mer, la\u00a0Charente-Maritime\u00a0est une destination id\u00e9ale [&hellip;]\" \/>\n<meta property=\"og:url\" content=\"https:\/\/www.campings.com\/fr\/content\/guide-vacances-charente-maritime\/meilleurs-campings-charente-maritime\/\" \/>\n<meta property=\"article:modified_time\" content=\"2022-08-02T13:09:32+00:00\" \/>\n<meta name=\"twitter:card\" content=\"summary_large_image\" \/>\n<meta name=\"twitter:label1\" content=\"Dur\u00e9e de lecture estim\u00e9e\" \/>\n\t<meta name=\"twitter:data1\" content=\"7 minutes\" \/>\n<script type=\"application\/ld+json\" class=\"yoast-schema-graph\">{\"@context\":\"https:\/\/schema.org\",\"@graph\":[{\"@type\":\"WebPage\",\"@id\":\"https:\/\/www.campings.com\/fr\/content\/guide-vacances-charente-maritime\/meilleurs-campings-charente-maritime\/\",\"url\":\"https:\/\/www.campings.com\/fr\/content\/guide-vacances-charente-maritime\/meilleurs-campings-charente-maritime\/\",\"name\":\"Les meilleurs campings o\u00f9 s\u00e9journer en Charente-Maritime -\",\"isPartOf\":{\"@id\":\"https:\/\/www.campings.com\/fr\/content\/#website\"},\"datePublished\":\"2022-03-24T16:49:34+00:00\",\"dateModified\":\"2022-08-02T13:09:32+00:00\",\"breadcrumb\":{\"@id\":\"https:\/\/www.campings.com\/fr\/content\/guide-vacances-charente-maritime\/meilleurs-campings-charente-maritime\/#breadcrumb\"},\"inLanguage\":\"fr-FR\",\"potentialAction\":[{\"@type\":\"ReadAction\",\"target\":[\"https:\/\/www.campings.com\/fr\/content\/guide-vacances-charente-maritime\/meilleurs-campings-charente-maritime\/\"]}]},{\"@type\":\"BreadcrumbList\",\"@id\":\"https:\/\/www.campings.com\/fr\/content\/guide-vacances-charente-maritime\/meilleurs-campings-charente-maritime\/#breadcrumb\",\"itemListElement\":[{\"@type\":\"ListItem\",\"position\":1,\"name\":\"Home\",\"item\":\"https:\/\/www.campings.com\/fr\/content\/\"},{\"@type\":\"ListItem\",\"position\":2,\"name\":\"Le guide de vos vacances en Charente-Maritime\",\"item\":\"https:\/\/www.campings.com\/fr\/content\/guide-vacances-charente-maritime\/\"},{\"@type\":\"ListItem\",\"position\":3,\"name\":\"Les meilleurs campings o\u00f9 s\u00e9journer en Charente-Maritime\"}]},{\"@type\":\"WebSite\",\"@id\":\"https:\/\/www.campings.com\/fr\/content\/#website\",\"url\":\"https:\/\/www.campings.com\/fr\/content\/\",\"name\":\"\",\"description\":\"\",\"publisher\":{\"@id\":\"https:\/\/www.campings.com\/fr\/content\/#organization\"},\"potentialAction\":[{\"@type\":\"SearchAction\",\"target\":{\"@type\":\"EntryPoint\",\"urlTemplate\":\"https:\/\/www.campings.com\/fr\/content\/?s={search_term_string}\"},\"query-input\":{\"@type\":\"PropertyValueSpecification\",\"valueRequired\":true,\"valueName\":\"search_term_string\"}}],\"inLanguage\":\"fr-FR\"},{\"@type\":\"Organization\",\"@id\":\"https:\/\/www.campings.com\/fr\/content\/#organization\",\"name\":\"CAMPINGS.COM\",\"url\":\"https:\/\/www.campings.com\/fr\/content\/\",\"logo\":{\"@type\":\"ImageObject\",\"inLanguage\":\"fr-FR\",\"@id\":\"https:\/\/www.campings.com\/fr\/content\/#\/schema\/logo\/image\/\",\"url\":\"https:\/\/www.campings.com\/fr\/content\/wp-content\/uploads\/2019\/01\/cropped-logo-1.png\",\"contentUrl\":\"https:\/\/www.campings.com\/fr\/content\/wp-content\/uploads\/2019\/01\/cropped-logo-1.png\",\"width\":174,\"height\":42,\"caption\":\"CAMPINGS.COM\"},\"image\":{\"@id\":\"https:\/\/www.campings.com\/fr\/content\/#\/schema\/logo\/image\/\"}}]}<\/script>\n<!-- \/ Yoast SEO plugin. -->","yoast_head_json":{"title":"Les meilleurs campings o\u00f9 s\u00e9journer en Charente-Maritime -","robots":{"index":"index","follow":"follow","max-snippet":"max-snippet:-1","max-image-preview":"max-image-preview:large","max-video-preview":"max-video-preview:-1"},"canonical":"https:\/\/www.campings.com\/fr\/content\/guide-vacances-charente-maritime\/meilleurs-campings-charente-maritime\/","og_locale":"fr_FR","og_type":"article","og_title":"Les meilleurs campings o\u00f9 s\u00e9journer en Charente-Maritime -","og_description":"&nbsp; Envie de vacances en Charente-Maritime rimant avec confort et convivialit\u00e9 ? Et si vous optiez pour un h\u00e9bergement en camping pour vous ressourcer avec vos proches ? D\u00e9couvrez notre s\u00e9lection de campings pour pr\u00e9parer sereinement votre prochain s\u00e9jour! Avec son littoral, son climat oc\u00e9anique, ses paysages entre terre et mer, la\u00a0Charente-Maritime\u00a0est une destination id\u00e9ale [&hellip;]","og_url":"https:\/\/www.campings.com\/fr\/content\/guide-vacances-charente-maritime\/meilleurs-campings-charente-maritime\/","article_modified_time":"2022-08-02T13:09:32+00:00","twitter_card":"summary_large_image","twitter_misc":{"Dur\u00e9e de lecture estim\u00e9e":"7 minutes"},"schema":{"@context":"https:\/\/schema.org","@graph":[{"@type":"WebPage","@id":"https:\/\/www.campings.com\/fr\/content\/guide-vacances-charente-maritime\/meilleurs-campings-charente-maritime\/","url":"https:\/\/www.campings.com\/fr\/content\/guide-vacances-charente-maritime\/meilleurs-campings-charente-maritime\/","name":"Les meilleurs campings o\u00f9 s\u00e9journer en Charente-Maritime -","isPartOf":{"@id":"https:\/\/www.campings.com\/fr\/content\/#website"},"datePublished":"2022-03-24T16:49:34+00:00","dateModified":"2022-08-02T13:09:32+00:00","breadcrumb":{"@id":"https:\/\/www.campings.com\/fr\/content\/guide-vacances-charente-maritime\/meilleurs-campings-charente-maritime\/#breadcrumb"},"inLanguage":"fr-FR","potentialAction":[{"@type":"ReadAction","target":["https:\/\/www.campings.com\/fr\/content\/guide-vacances-charente-maritime\/meilleurs-campings-charente-maritime\/"]}]},{"@type":"BreadcrumbList","@id":"https:\/\/www.campings.com\/fr\/content\/guide-vacances-charente-maritime\/meilleurs-campings-charente-maritime\/#breadcrumb","itemListElement":[{"@type":"ListItem","position":1,"name":"Home","item":"https:\/\/www.campings.com\/fr\/content\/"},{"@type":"ListItem","position":2,"name":"Le guide de vos vacances en Charente-Maritime","item":"https:\/\/www.campings.com\/fr\/content\/guide-vacances-charente-maritime\/"},{"@type":"ListItem","position":3,"name":"Les meilleurs campings o\u00f9 s\u00e9journer en Charente-Maritime"}]},{"@type":"WebSite","@id":"https:\/\/www.campings.com\/fr\/content\/#website","url":"https:\/\/www.campings.com\/fr\/content\/","name":"","description":"","publisher":{"@id":"https:\/\/www.campings.com\/fr\/content\/#organization"},"potentialAction":[{"@type":"SearchAction","target":{"@type":"EntryPoint","urlTemplate":"https:\/\/www.campings.com\/fr\/content\/?s={search_term_string}"},"query-input":{"@type":"PropertyValueSpecification","valueRequired":true,"valueName":"search_term_string"}}],"inLanguage":"fr-FR"},{"@type":"Organization","@id":"https:\/\/www.campings.com\/fr\/content\/#organization","name":"CAMPINGS.COM","url":"https:\/\/www.campings.com\/fr\/content\/","logo":{"@type":"ImageObject","inLanguage":"fr-FR","@id":"https:\/\/www.campings.com\/fr\/content\/#\/schema\/logo\/image\/","url":"https:\/\/www.campings.com\/fr\/content\/wp-content\/uploads\/2019\/01\/cropped-logo-1.png","contentUrl":"https:\/\/www.campings.com\/fr\/content\/wp-content\/uploads\/2019\/01\/cropped-logo-1.png","width":174,"height":42,"caption":"CAMPINGS.COM"},"image":{"@id":"https:\/\/www.campings.com\/fr\/content\/#\/schema\/logo\/image\/"}}]}},"_links":{"self":[{"href":"https:\/\/www.campings.com\/fr\/content\/wp-json\/wp\/v2\/pages\/3562","targetHints":{"allow":["GET"]}}],"collection":[{"href":"https:\/\/www.campings.com\/fr\/content\/wp-json\/wp\/v2\/pages"}],"about":[{"href":"https:\/\/www.campings.com\/fr\/content\/wp-json\/wp\/v2\/types\/page"}],"author":[{"embeddable":true,"href":"https:\/\/www.campings.com\/fr\/content\/wp-json\/wp\/v2\/users\/18"}],"replies":[{"embeddable":true,"href":"https:\/\/www.campings.com\/fr\/content\/wp-json\/wp\/v2\/comments?post=3562"}],"version-history":[{"count":6,"href":"https:\/\/www.campings.com\/fr\/content\/wp-json\/wp\/v2\/pages\/3562\/revisions"}],"predecessor-version":[{"id":3884,"href":"https:\/\/www.campings.com\/fr\/content\/wp-json\/wp\/v2\/pages\/3562\/revisions\/3884"}],"up":[{"embeddable":true,"href":"https:\/\/www.campings.com\/fr\/content\/wp-json\/wp\/v2\/pages\/3537"}],"wp:attachment":[{"href":"https:\/\/www.campings.com\/fr\/content\/wp-json\/wp\/v2\/media?parent=3562"}],"curies":[{"name":"wp","href":"https:\/\/api.w.org\/{rel}","templated":true}]}}