{"id":3558,"date":"2022-03-24T16:43:19","date_gmt":"2022-03-24T16:43:19","guid":{"rendered":"https:\/\/www.campings.com\/fr\/content\/?page_id=3558"},"modified":"2022-03-25T10:53:51","modified_gmt":"2022-03-25T10:53:51","slug":"campings-5-etoiles-charente-maritime","status":"publish","type":"page","link":"https:\/\/www.campings.com\/fr\/content\/guide-vacances-charente-maritime\/campings-5-etoiles-charente-maritime\/","title":{"rendered":"Les meilleurs campings 5 \u00e9toiles en Charente-Maritime"},"content":{"rendered":"<p>Envie de profiter d\u2019une parenth\u00e8se de douceur en <a href=\"https:\/\/www.campings.com\/fr\/content\/guide-vacances-charente-maritime\/\">Charente-Maritime<\/a> afin de vous ressourcer ? V\u00e9ritable mosa\u00efque de paysages sans cesse changeants, ce d\u00e9partement saura vous \u00e9merveiller. D\u00e9couvrez notre s\u00e9lection de campings 5 \u00e9toiles pour profiter pleinement de vos vacances.<\/p>\n<p>Avec son littoral, ses \u00eeles, ses marais salants, son climat oc\u00e9anique et ses sites naturels pr\u00e9serv\u00e9s, la\u00a0<a href=\"https:\/\/www.campings.com\/fr\/france\/poitou-charentes\/charente-maritime\"><u>Charente-Maritime<\/u><\/a> s\u00e9duit toujours autant. Cette destination, id\u00e9ale pour des vacances en famille vous promet un total d\u00e9paysement. Voici notre s\u00e9lection de campings 5 \u00e9toiles pour un s\u00e9jour haut-de-gamme.<\/p>\n<h2><strong>Les meilleurs campings 5 \u00e9toiles en bord de mer\u00a0<\/strong><\/h2>\n<h3><strong>Le camping Les Gros Joncs\u00a0<\/strong><\/h3>\n<p>\u00c0 Saint-Georges-d\u2019Ol\u00e9ron, en Charente-Maritime, ce camping se trouve seulement \u00e0 400 m de la plage. Sur place, les r\u00e9sidents pourront profiter d\u2019une piscine couverte chauff\u00e9e et d\u2019un bassin ext\u00e9rieur chauff\u00e9 (accessible pendant les beaux jours). De nombreux \u00e9quipements &amp; services sont mis \u00e0 leur disposition : pr\u00eat de livres, d\u00e9p\u00f4t de pain, laverie, services de restauration\u2026 Un club enfant, un toboggan et une pataugeoire sont mis \u00e0 la disposition des enfants.<\/p>\n<p><a href=\"https:\/\/www.campings.com\/fr\/camping\/camping-les-gros-joncs-83022\">Plus d\u2019infos sur le Camping Les Gros Joncs<\/a><\/p>\n<h3><strong>Le camping Signol\u00a0<\/strong><\/h3>\n<p>Ce camping se trouve \u00e0 800 m de la plage seulement, \u00e0 Saint-Georges-d&rsquo;Ol\u00e9ron. Il abrite une piscine couverte chauff\u00e9e ainsi qu\u2019un bassin ext\u00e9rieur chauff\u00e9. Des services de restauration (bar et snack) sont disponibles sur place. De plus, vous aurez acc\u00e8s \u00e0 des tables de ping-pong, une salle de fitness et un hammam (en \u00e9t\u00e9 uniquement). Les enfants pourront profiter de la pataugeoire. Des structures gonflables et une aire de jeux sont \u00e9galement disponibles durant la p\u00e9riode estivale.<\/p>\n<p><a href=\"https:\/\/www.campings.com\/fr\/camping\/camping-signol-78233\">Plus d\u2019infos sur le Camping Signol<\/a>.<\/p>\n<p><img loading=\"lazy\" decoding=\"async\" class=\"alignnone size-full wp-image-3559\" src=\"https:\/\/www.campings.com\/fr\/content\/wp-content\/uploads\/2022\/03\/Camping-5-etoiles-Signol.png\" alt=\"\" width=\"1000\" height=\"665\" srcset=\"https:\/\/www.campings.com\/fr\/content\/wp-content\/uploads\/2022\/03\/Camping-5-etoiles-Signol.png 1000w, https:\/\/www.campings.com\/fr\/content\/wp-content\/uploads\/2022\/03\/Camping-5-etoiles-Signol-300x200.png 300w, https:\/\/www.campings.com\/fr\/content\/wp-content\/uploads\/2022\/03\/Camping-5-etoiles-Signol-768x511.png 768w, https:\/\/www.campings.com\/fr\/content\/wp-content\/uploads\/2022\/03\/Camping-5-etoiles-Signol-450x299.png 450w, https:\/\/www.campings.com\/fr\/content\/wp-content\/uploads\/2022\/03\/Camping-5-etoiles-Signol-430x286.png 430w\" sizes=\"auto, (max-width: 1000px) 100vw, 1000px\" \/><\/p>\n<h2><strong>Les campings 5 \u00e9toiles du c\u00f4t\u00e9 de La Rochelle<\/strong><\/h2>\n<p>Pour vos vacances en\u00a0<u><a href=\"https:\/\/www.campings.com\/fr\/content\/guide-vacances-charente-maritime\/\">Charente-Maritime<\/a>,<\/u>\u00a0Campings.com a s\u00e9lectionn\u00e9 ces 2 campings 5 \u00e9toiles du c\u00f4t\u00e9 de La Rochelle.<\/p>\n<h3><strong>Camping La C\u00f4te Sauvage<\/strong><\/h3>\n<p>Cet \u00e9tablissement tout confort se trouve \u00e0 Les Mathes en Charente-Maritime, sur la c\u00f4te Atlantique. Les r\u00e9sidents pourront profiter d\u2019une piscine ext\u00e9rieure pendant les beaux jours et d\u2019une piscine couverte chauff\u00e9e en pleine saison. De nombreux services &amp; \u00e9quipements sont propos\u00e9s pour simplifier leur s\u00e9jour: Wifi, laverie, d\u00e9p\u00f4t de pain, transats, restaurant, bar\u2026 Ainsi, ils trouveront tout ce dont ils ont besoin sur place ! Par ailleurs, les distractions sont nombreuses et vari\u00e9es : billard, salle de fitness, tables de ping-pong\u2026 Les enfants pourront profiter pleinement des diverses activit\u00e9s qui leur sont propos\u00e9es : toboggan, club, aire de jeux\u2026<\/p>\n<p><a href=\"https:\/\/www.campings.com\/fr\/camping\/camping-la-cote-sauvage-79176\">Plus d\u2019infos sur le Camping La C\u00f4te Sauvage<\/a><\/p>\n<h3><strong>Camping La Brande, pour un s\u00e9jour tranquille\u00a0<\/strong><\/h3>\n<p>Au c\u0153ur de l&rsquo;\u00eele d&rsquo;Ol\u00e9ron, ce camping de r\u00eave se trouve \u00e0 300 m de la plage seulement. Bain \u00e0 remous, sauna, hammam, un grand espace aquatique\u2026 Cet \u00e9tablissement saura vous \u00e9merveiller ! Sur place, vous aurez acc\u00e8s \u00e0 un panel de services : \u00e9picerie, point presse, d\u00e9p\u00f4t de pain, restaurant, snack, glacier\u2026 Le camping ne propose pas moins de 70 activit\u00e9s diff\u00e9rentes par semaine pour les adultes.<\/p>\n<p><a href=\"https:\/\/www.campings.com\/fr\/camping\/camping-la-brande-82963\">Plus d\u2019infos sur le Camping La Brande<\/a><\/p>\n<h2><strong>Liste des campings de luxe avec piscine\u00a0<\/strong><\/h2>\n<p>D\u00e9couvrez la s\u00e9lection de campings de luxe avec piscine en\u00a0<a href=\"https:\/\/www.campings.com\/fr\/content\/guide-vacances-charente-maritime\/\"><u>Charente-Maritime<\/u><\/a>\u00a0par Campings.com !<\/p>\n<h3><strong>Le camping Le Suroit, un camping 5 \u00e9toiles en Charente-Maritime les pieds dans l&rsquo;eau\u00a0<\/strong><\/h3>\n<p>Situ\u00e9 \u00e0 Saint-Georges-d&rsquo;Ol\u00e9ron, ce camping b\u00e9n\u00e9ficie d\u2019un cadre parfait pour des vacances tout confort. Il dispose d\u2019une piscine couverte chauff\u00e9e (accessible en pleine saison) et d\u2019un bassin ext\u00e9rieur non chauff\u00e9, ouvert en \u00e9t\u00e9. En plus d\u2019un service de restauration, un service de location de barbecue est propos\u00e9 pour vos repas en plein air. Pour animer vos vacances, divers loisirs sont propos\u00e9s : tables de ping-pong, bain \u00e0 remous (uniquement en haute saison).<\/p>\n<p><a href=\"https:\/\/www.campings.com\/fr\/camping\/camping-le-suroit-78245\">Plus d\u2019infos sur le Camping Le Suroit\u00a0<\/a><\/p>\n<p><img loading=\"lazy\" decoding=\"async\" class=\"alignnone size-full wp-image-3560\" src=\"https:\/\/www.campings.com\/fr\/content\/wp-content\/uploads\/2022\/03\/Camping-5-etoiles-Le-Suroit.png\" alt=\"\" width=\"1000\" height=\"665\" srcset=\"https:\/\/www.campings.com\/fr\/content\/wp-content\/uploads\/2022\/03\/Camping-5-etoiles-Le-Suroit.png 1000w, https:\/\/www.campings.com\/fr\/content\/wp-content\/uploads\/2022\/03\/Camping-5-etoiles-Le-Suroit-300x200.png 300w, https:\/\/www.campings.com\/fr\/content\/wp-content\/uploads\/2022\/03\/Camping-5-etoiles-Le-Suroit-768x511.png 768w, https:\/\/www.campings.com\/fr\/content\/wp-content\/uploads\/2022\/03\/Camping-5-etoiles-Le-Suroit-450x299.png 450w, https:\/\/www.campings.com\/fr\/content\/wp-content\/uploads\/2022\/03\/Camping-5-etoiles-Le-Suroit-430x286.png 430w\" sizes=\"auto, (max-width: 1000px) 100vw, 1000px\" \/><\/p>\n<h3><strong>Le camping C\u00f4t\u00e9 O &#8211; La Palmyre Quartier Privil\u00e8ge\u00a0<\/strong><\/h3>\n<p>Situ\u00e9 \u00e0 La Palmyre en Charente-Maritime, ce camping est install\u00e9 \u00e0 5 km de la mer seulement. Vous pourrez profiter d\u2019une piscine couverte chauff\u00e9e, accessible uniquement en pleine saison. En outre, de nombreux services sont propos\u00e9s aux vacanciers : laverie, service de d\u00e9p\u00f4t de pain\u2026 Un bar et une \u00e9picerie sont \u00e9galement pr\u00e9sents sur place. Pour vous divertir, l\u2019\u00e9tablissement met \u00e0 votre disposition des tables de ping-pong. Les enfants pourront se distraire avec des structures gonflables, une pataugeoire et un parc aquatique. Ils pourront aussi profiter de l\u2019aire de jeux qui leur est d\u00e9di\u00e9e.<\/p>\n<p><a href=\"https:\/\/www.campings.com\/fr\/camping\/camping-cote-o-la-palmyre-quartier-privilege-77472\">Plus d\u2019infos sur le Camping C\u00f4t\u00e9 O &#8211; La Palmyre Quartier Privil\u00e8ge<\/a><\/p>\n<h3><strong>Le camping Au Pigeonnier, un camping 5 \u00e9toiles sur l\u2019\u00eele d\u2019Ol\u00e9ron avec piscine couverte<\/strong><\/h3>\n<p>Situ\u00e9 au Ch\u00e2teau-d&rsquo;Ol\u00e9ron en Charente-Maritime, ce camping se trouve \u00e0 1 km de la plage seulement. Les vacanciers pourront se baigner dans la piscine couverte chauff\u00e9e, m\u00eame hors saison. Sur place tout a \u00e9t\u00e9 pens\u00e9 pour vous faire passer un s\u00e9jour agr\u00e9able. Vous aurez acc\u00e8s \u00e0 un panel d\u2019\u00e9quipements et de services : restauration, tables de ping-pong, espace bien-\u00eatre (accessible en \u00e9t\u00e9). Les enfants quant \u00e0 eux pourront profiter des aires de jeux et des structures gonflables tout au long de l\u2019ann\u00e9e.<\/p>\n<p><a href=\"https:\/\/www.campings.com\/fr\/camping\/camping-au-pigeonnier-82941\">Plus d\u2019infos sur le Camping Au Pigeonnier<\/a><\/p>\n","protected":false},"excerpt":{"rendered":"<p>Envie de profiter d\u2019une parenth\u00e8se de douceur en Charente-Maritime afin de vous ressourcer ? V\u00e9ritable mosa\u00efque de paysages sans cesse changeants, ce d\u00e9partement saura vous \u00e9merveiller. D\u00e9couvrez notre s\u00e9lection de campings 5 \u00e9toiles pour profiter pleinement de vos vacances. Avec son littoral, ses \u00eeles, ses marais salants, son climat oc\u00e9anique et ses sites naturels pr\u00e9serv\u00e9s, [&hellip;]<\/p>\n","protected":false},"author":18,"featured_media":0,"parent":3537,"menu_order":0,"comment_status":"closed","ping_status":"closed","template":"template-twocolumns.php","meta":{"_acf_changed":false,"footnotes":""},"class_list":["post-3558","page","type-page","status-publish","hentry"],"acf":[],"yoast_head":"<!-- This site is optimized with the Yoast SEO plugin v27.1.1 - https:\/\/yoast.com\/product\/yoast-seo-wordpress\/ -->\n<title>Les meilleurs campings 5 \u00e9toiles en Charente-Maritime -<\/title>\n<meta name=\"robots\" content=\"index, follow, max-snippet:-1, max-image-preview:large, max-video-preview:-1\" \/>\n<link rel=\"canonical\" href=\"https:\/\/www.campings.com\/fr\/content\/guide-vacances-charente-maritime\/campings-5-etoiles-charente-maritime\/\" \/>\n<meta property=\"og:locale\" content=\"fr_FR\" \/>\n<meta property=\"og:type\" content=\"article\" \/>\n<meta property=\"og:title\" content=\"Les meilleurs campings 5 \u00e9toiles en Charente-Maritime -\" \/>\n<meta property=\"og:description\" content=\"Envie de profiter d\u2019une parenth\u00e8se de douceur en Charente-Maritime afin de vous ressourcer ? V\u00e9ritable mosa\u00efque de paysages sans cesse changeants, ce d\u00e9partement saura vous \u00e9merveiller. D\u00e9couvrez notre s\u00e9lection de campings 5 \u00e9toiles pour profiter pleinement de vos vacances. Avec son littoral, ses \u00eeles, ses marais salants, son climat oc\u00e9anique et ses sites naturels pr\u00e9serv\u00e9s, [&hellip;]\" \/>\n<meta property=\"og:url\" content=\"https:\/\/www.campings.com\/fr\/content\/guide-vacances-charente-maritime\/campings-5-etoiles-charente-maritime\/\" \/>\n<meta property=\"article:modified_time\" content=\"2022-03-25T10:53:51+00:00\" \/>\n<meta property=\"og:image\" content=\"https:\/\/www.campings.com\/fr\/content\/wp-content\/uploads\/2022\/03\/Camping-5-etoiles-Signol.png\" \/>\n\t<meta property=\"og:image:width\" content=\"1000\" \/>\n\t<meta property=\"og:image:height\" content=\"665\" \/>\n\t<meta property=\"og:image:type\" content=\"image\/png\" \/>\n<meta name=\"twitter:card\" content=\"summary_large_image\" \/>\n<meta name=\"twitter:label1\" content=\"Dur\u00e9e de lecture estim\u00e9e\" \/>\n\t<meta name=\"twitter:data1\" content=\"4 minutes\" \/>\n<script type=\"application\/ld+json\" class=\"yoast-schema-graph\">{\"@context\":\"https:\/\/schema.org\",\"@graph\":[{\"@type\":\"WebPage\",\"@id\":\"https:\/\/www.campings.com\/fr\/content\/guide-vacances-charente-maritime\/campings-5-etoiles-charente-maritime\/\",\"url\":\"https:\/\/www.campings.com\/fr\/content\/guide-vacances-charente-maritime\/campings-5-etoiles-charente-maritime\/\",\"name\":\"Les meilleurs campings 5 \u00e9toiles en Charente-Maritime -\",\"isPartOf\":{\"@id\":\"https:\/\/www.campings.com\/fr\/content\/#website\"},\"primaryImageOfPage\":{\"@id\":\"https:\/\/www.campings.com\/fr\/content\/guide-vacances-charente-maritime\/campings-5-etoiles-charente-maritime\/#primaryimage\"},\"image\":{\"@id\":\"https:\/\/www.campings.com\/fr\/content\/guide-vacances-charente-maritime\/campings-5-etoiles-charente-maritime\/#primaryimage\"},\"thumbnailUrl\":\"https:\/\/www.campings.com\/fr\/content\/wp-content\/uploads\/2022\/03\/Camping-5-etoiles-Signol.png\",\"datePublished\":\"2022-03-24T16:43:19+00:00\",\"dateModified\":\"2022-03-25T10:53:51+00:00\",\"breadcrumb\":{\"@id\":\"https:\/\/www.campings.com\/fr\/content\/guide-vacances-charente-maritime\/campings-5-etoiles-charente-maritime\/#breadcrumb\"},\"inLanguage\":\"fr-FR\",\"potentialAction\":[{\"@type\":\"ReadAction\",\"target\":[\"https:\/\/www.campings.com\/fr\/content\/guide-vacances-charente-maritime\/campings-5-etoiles-charente-maritime\/\"]}]},{\"@type\":\"ImageObject\",\"inLanguage\":\"fr-FR\",\"@id\":\"https:\/\/www.campings.com\/fr\/content\/guide-vacances-charente-maritime\/campings-5-etoiles-charente-maritime\/#primaryimage\",\"url\":\"https:\/\/www.campings.com\/fr\/content\/wp-content\/uploads\/2022\/03\/Camping-5-etoiles-Signol.png\",\"contentUrl\":\"https:\/\/www.campings.com\/fr\/content\/wp-content\/uploads\/2022\/03\/Camping-5-etoiles-Signol.png\",\"width\":1000,\"height\":665},{\"@type\":\"BreadcrumbList\",\"@id\":\"https:\/\/www.campings.com\/fr\/content\/guide-vacances-charente-maritime\/campings-5-etoiles-charente-maritime\/#breadcrumb\",\"itemListElement\":[{\"@type\":\"ListItem\",\"position\":1,\"name\":\"Home\",\"item\":\"https:\/\/www.campings.com\/fr\/content\/\"},{\"@type\":\"ListItem\",\"position\":2,\"name\":\"Le guide de vos vacances en Charente-Maritime\",\"item\":\"https:\/\/www.campings.com\/fr\/content\/guide-vacances-charente-maritime\/\"},{\"@type\":\"ListItem\",\"position\":3,\"name\":\"Les meilleurs campings 5 \u00e9toiles en Charente-Maritime\"}]},{\"@type\":\"WebSite\",\"@id\":\"https:\/\/www.campings.com\/fr\/content\/#website\",\"url\":\"https:\/\/www.campings.com\/fr\/content\/\",\"name\":\"\",\"description\":\"\",\"publisher\":{\"@id\":\"https:\/\/www.campings.com\/fr\/content\/#organization\"},\"potentialAction\":[{\"@type\":\"SearchAction\",\"target\":{\"@type\":\"EntryPoint\",\"urlTemplate\":\"https:\/\/www.campings.com\/fr\/content\/?s={search_term_string}\"},\"query-input\":{\"@type\":\"PropertyValueSpecification\",\"valueRequired\":true,\"valueName\":\"search_term_string\"}}],\"inLanguage\":\"fr-FR\"},{\"@type\":\"Organization\",\"@id\":\"https:\/\/www.campings.com\/fr\/content\/#organization\",\"name\":\"CAMPINGS.COM\",\"url\":\"https:\/\/www.campings.com\/fr\/content\/\",\"logo\":{\"@type\":\"ImageObject\",\"inLanguage\":\"fr-FR\",\"@id\":\"https:\/\/www.campings.com\/fr\/content\/#\/schema\/logo\/image\/\",\"url\":\"https:\/\/www.campings.com\/fr\/content\/wp-content\/uploads\/2019\/01\/cropped-logo-1.png\",\"contentUrl\":\"https:\/\/www.campings.com\/fr\/content\/wp-content\/uploads\/2019\/01\/cropped-logo-1.png\",\"width\":174,\"height\":42,\"caption\":\"CAMPINGS.COM\"},\"image\":{\"@id\":\"https:\/\/www.campings.com\/fr\/content\/#\/schema\/logo\/image\/\"}}]}<\/script>\n<!-- \/ Yoast SEO plugin. -->","yoast_head_json":{"title":"Les meilleurs campings 5 \u00e9toiles en Charente-Maritime -","robots":{"index":"index","follow":"follow","max-snippet":"max-snippet:-1","max-image-preview":"max-image-preview:large","max-video-preview":"max-video-preview:-1"},"canonical":"https:\/\/www.campings.com\/fr\/content\/guide-vacances-charente-maritime\/campings-5-etoiles-charente-maritime\/","og_locale":"fr_FR","og_type":"article","og_title":"Les meilleurs campings 5 \u00e9toiles en Charente-Maritime -","og_description":"Envie de profiter d\u2019une parenth\u00e8se de douceur en Charente-Maritime afin de vous ressourcer ? V\u00e9ritable mosa\u00efque de paysages sans cesse changeants, ce d\u00e9partement saura vous \u00e9merveiller. D\u00e9couvrez notre s\u00e9lection de campings 5 \u00e9toiles pour profiter pleinement de vos vacances. Avec son littoral, ses \u00eeles, ses marais salants, son climat oc\u00e9anique et ses sites naturels pr\u00e9serv\u00e9s, [&hellip;]","og_url":"https:\/\/www.campings.com\/fr\/content\/guide-vacances-charente-maritime\/campings-5-etoiles-charente-maritime\/","article_modified_time":"2022-03-25T10:53:51+00:00","og_image":[{"width":1000,"height":665,"url":"https:\/\/www.campings.com\/fr\/content\/wp-content\/uploads\/2022\/03\/Camping-5-etoiles-Signol.png","type":"image\/png"}],"twitter_card":"summary_large_image","twitter_misc":{"Dur\u00e9e de lecture estim\u00e9e":"4 minutes"},"schema":{"@context":"https:\/\/schema.org","@graph":[{"@type":"WebPage","@id":"https:\/\/www.campings.com\/fr\/content\/guide-vacances-charente-maritime\/campings-5-etoiles-charente-maritime\/","url":"https:\/\/www.campings.com\/fr\/content\/guide-vacances-charente-maritime\/campings-5-etoiles-charente-maritime\/","name":"Les meilleurs campings 5 \u00e9toiles en Charente-Maritime -","isPartOf":{"@id":"https:\/\/www.campings.com\/fr\/content\/#website"},"primaryImageOfPage":{"@id":"https:\/\/www.campings.com\/fr\/content\/guide-vacances-charente-maritime\/campings-5-etoiles-charente-maritime\/#primaryimage"},"image":{"@id":"https:\/\/www.campings.com\/fr\/content\/guide-vacances-charente-maritime\/campings-5-etoiles-charente-maritime\/#primaryimage"},"thumbnailUrl":"https:\/\/www.campings.com\/fr\/content\/wp-content\/uploads\/2022\/03\/Camping-5-etoiles-Signol.png","datePublished":"2022-03-24T16:43:19+00:00","dateModified":"2022-03-25T10:53:51+00:00","breadcrumb":{"@id":"https:\/\/www.campings.com\/fr\/content\/guide-vacances-charente-maritime\/campings-5-etoiles-charente-maritime\/#breadcrumb"},"inLanguage":"fr-FR","potentialAction":[{"@type":"ReadAction","target":["https:\/\/www.campings.com\/fr\/content\/guide-vacances-charente-maritime\/campings-5-etoiles-charente-maritime\/"]}]},{"@type":"ImageObject","inLanguage":"fr-FR","@id":"https:\/\/www.campings.com\/fr\/content\/guide-vacances-charente-maritime\/campings-5-etoiles-charente-maritime\/#primaryimage","url":"https:\/\/www.campings.com\/fr\/content\/wp-content\/uploads\/2022\/03\/Camping-5-etoiles-Signol.png","contentUrl":"https:\/\/www.campings.com\/fr\/content\/wp-content\/uploads\/2022\/03\/Camping-5-etoiles-Signol.png","width":1000,"height":665},{"@type":"BreadcrumbList","@id":"https:\/\/www.campings.com\/fr\/content\/guide-vacances-charente-maritime\/campings-5-etoiles-charente-maritime\/#breadcrumb","itemListElement":[{"@type":"ListItem","position":1,"name":"Home","item":"https:\/\/www.campings.com\/fr\/content\/"},{"@type":"ListItem","position":2,"name":"Le guide de vos vacances en Charente-Maritime","item":"https:\/\/www.campings.com\/fr\/content\/guide-vacances-charente-maritime\/"},{"@type":"ListItem","position":3,"name":"Les meilleurs campings 5 \u00e9toiles en Charente-Maritime"}]},{"@type":"WebSite","@id":"https:\/\/www.campings.com\/fr\/content\/#website","url":"https:\/\/www.campings.com\/fr\/content\/","name":"","description":"","publisher":{"@id":"https:\/\/www.campings.com\/fr\/content\/#organization"},"potentialAction":[{"@type":"SearchAction","target":{"@type":"EntryPoint","urlTemplate":"https:\/\/www.campings.com\/fr\/content\/?s={search_term_string}"},"query-input":{"@type":"PropertyValueSpecification","valueRequired":true,"valueName":"search_term_string"}}],"inLanguage":"fr-FR"},{"@type":"Organization","@id":"https:\/\/www.campings.com\/fr\/content\/#organization","name":"CAMPINGS.COM","url":"https:\/\/www.campings.com\/fr\/content\/","logo":{"@type":"ImageObject","inLanguage":"fr-FR","@id":"https:\/\/www.campings.com\/fr\/content\/#\/schema\/logo\/image\/","url":"https:\/\/www.campings.com\/fr\/content\/wp-content\/uploads\/2019\/01\/cropped-logo-1.png","contentUrl":"https:\/\/www.campings.com\/fr\/content\/wp-content\/uploads\/2019\/01\/cropped-logo-1.png","width":174,"height":42,"caption":"CAMPINGS.COM"},"image":{"@id":"https:\/\/www.campings.com\/fr\/content\/#\/schema\/logo\/image\/"}}]}},"_links":{"self":[{"href":"https:\/\/www.campings.com\/fr\/content\/wp-json\/wp\/v2\/pages\/3558","targetHints":{"allow":["GET"]}}],"collection":[{"href":"https:\/\/www.campings.com\/fr\/content\/wp-json\/wp\/v2\/pages"}],"about":[{"href":"https:\/\/www.campings.com\/fr\/content\/wp-json\/wp\/v2\/types\/page"}],"author":[{"embeddable":true,"href":"https:\/\/www.campings.com\/fr\/content\/wp-json\/wp\/v2\/users\/18"}],"replies":[{"embeddable":true,"href":"https:\/\/www.campings.com\/fr\/content\/wp-json\/wp\/v2\/comments?post=3558"}],"version-history":[{"count":2,"href":"https:\/\/www.campings.com\/fr\/content\/wp-json\/wp\/v2\/pages\/3558\/revisions"}],"predecessor-version":[{"id":3633,"href":"https:\/\/www.campings.com\/fr\/content\/wp-json\/wp\/v2\/pages\/3558\/revisions\/3633"}],"up":[{"embeddable":true,"href":"https:\/\/www.campings.com\/fr\/content\/wp-json\/wp\/v2\/pages\/3537"}],"wp:attachment":[{"href":"https:\/\/www.campings.com\/fr\/content\/wp-json\/wp\/v2\/media?parent=3558"}],"curies":[{"name":"wp","href":"https:\/\/api.w.org\/{rel}","templated":true}]}}