{"id":3544,"date":"2022-03-24T16:25:10","date_gmt":"2022-03-24T16:25:10","guid":{"rendered":"https:\/\/www.campings.com\/fr\/content\/?page_id=3544"},"modified":"2022-03-25T10:52:12","modified_gmt":"2022-03-25T10:52:12","slug":"activites-ile-doleron","status":"publish","type":"page","link":"https:\/\/www.campings.com\/fr\/content\/guide-vacances-charente-maritime\/activites-ile-doleron\/","title":{"rendered":"Les activit\u00e9s incontournables \u00e0 faire sur l&rsquo;\u00eele d&rsquo;Ol\u00e9ron"},"content":{"rendered":"<p>Vous partez pour l\u2019\u00eele d\u2019Ol\u00e9ron en <a href=\"https:\/\/www.campings.com\/fr\/france\/poitou-charentes\/charente-maritime\">Charente-Maritime<\/a> ?<strong>\u00a0<\/strong>Face \u00e0 l&rsquo;oc\u00e9an, cette importante station baln\u00e9aire offre un cadre agr\u00e9able, parfait pour se ressourcer. Voici un tour d\u2019horizon des activit\u00e9s \u00e0 faire et des lieux \u00e0 visiter sur l\u2019\u00eele.<\/p>\n<p>Envie de r\u00e9ussir vos vacances en\u00a0<a href=\"https:\/\/www.campings.com\/fr\/content\/guide-vacances-charente-maritime\/\"><u>Charente-Maritime<\/u><\/a>, dans la r\u00e9gion Nouvelle-Aquitaine? Pour bien d\u00e9marrer votre s\u00e9jour, l\u2019\u00eele d\u2019Ol\u00e9ron reste un passage incontournable\u2026 Situ\u00e9e dans le golfe de Gascogne (Nouvelle-Aquitaine), elle forme avec les \u00eeles d&rsquo;Aix, de R\u00e9, N\u00f4le et Madame, l&rsquo;archipel charentais. Cette grande \u00eele fran\u00e7aise, qui abrite une population de pr\u00e8s de 22 000 habitants permanents est tr\u00e8s pris\u00e9e en \u00e9t\u00e9. D\u00e9couvrez dans ce guide toutes les infos \u00e0 conna\u00eetre pour bien profiter de vos vacances !<\/p>\n<h2><strong>Les activit\u00e9s incontournables \u00e0 faire sur l\u2019\u00eele d\u2019Ol\u00e9ron<\/strong><\/h2>\n<p>D\u00e9couvrez toutes les activit\u00e9s \u00e0 faire pendant votre s\u00e9jour sur l\u2019\u00eele d\u2019Ol\u00e9ron, en\u00a0<a href=\"https:\/\/www.campings.com\/fr\/content\/guide-vacances-charente-maritime\/\"><u>Charente-Maritime<\/u><\/a>.<\/p>\n<h3><strong>D\u00e9couvrir le Port des Salines<\/strong><\/h3>\n<p>Au Port des Salines, \u00e0 Le Grand-Village-Plage, vous d\u00e9couvrirez l\u2019histoire des marais salants et le m\u00e9tier ancestral des sauniers\u2026 La saliculture reste une tradition encore tr\u00e8s forte, qui se perp\u00e9tue depuis des si\u00e8cles. De nombreuses animations y sont organis\u00e9es : balades en bateau, d\u00e9gustation de produits locaux, chasses au tr\u00e9sor\u2026<\/p>\n<h3><strong>Le Phare de Chassiron<\/strong><\/h3>\n<p>Situ\u00e9 \u00e0 la pointe nord de l&rsquo;\u00eele d&rsquo;Ol\u00e9ron, ce phare permet aux marins de rep\u00e9rer facilement l&rsquo;entr\u00e9e du pertuis d&rsquo;Antioche. Perch\u00e9 sur une falaise rocheuse, il poss\u00e8de un escalier de 224 marches. Une fois arriv\u00e9 en haut, vous d\u00e9couvrirez un panorama unique \u00e0 360\u00b0.<\/p>\n<h3><strong>Faire une visite de la citadelle du Ch\u00e2teau d\u2019Ol\u00e9ron<\/strong><\/h3>\n<p>Si vous passez sur l\u2019\u00eele d\u2019Ol\u00e9ron, la citadelle du Ch\u00e2teau d\u2019Ol\u00e9ron est un lieu immanquable. Sa construction a d\u00e9marr\u00e9 en 1630 sur les vestiges de l\u2019ancien ch\u00e2teau m\u00e9di\u00e9val. Cet ouvrage militaire remarquable fait partie des sites les plus visit\u00e9s de l\u2019\u00eele. Plusieurs visites guid\u00e9es sont organis\u00e9es :\u00a0<em>balades nocturnes th\u00e9\u00e2tralis\u00e9es, visites p\u00e9dagogiques, petit train\u2026<\/em><em>\u00a0<\/em><\/p>\n<h3><strong>Voir le Fort Boyard<\/strong><\/h3>\n<p>Ce fort mythique est situ\u00e9 au large de l\u2019\u00eele d\u2019Ol\u00e9ron. \u00c0 l\u2019origine, il a \u00e9t\u00e9 con\u00e7u pour prot\u00e9ger l\u2019arsenal de Rochefort et la rade de l\u2019\u00eele d\u2019Aix. De nombreuses compagnies proposent des croisi\u00e8res vers le Fort. Pour le d\u00e9part des visites, il existe plusieurs possibilit\u00e9s depuis<strong>\u00a0<\/strong>Rochefort, La Rochelle, La Tremblade, Fouras, Port-des-Barques, l\u2019\u00eele d\u2019Ol\u00e9ron et l\u2019\u00eele de R\u00e9.<\/p>\n<h2><strong>Sur quelle plage faire du surf ?<\/strong><\/h2>\n<p>L\u2019\u00eele d\u2019Ol\u00e9ron regorge de plages incontournables pour les amateurs de surf :<\/p>\n<ul>\n<li>La plage de Saint-Trojan-les-Bains :<\/li>\n<\/ul>\n<p>Situ\u00e9e au sud de l\u2019\u00eele d\u2019Ol\u00e9ron, cette plage est tr\u00e8s pris\u00e9e par les surfeurs. Si vous souhaitez prendre des cours, les moniteurs certifi\u00e9s de l&rsquo;\u00e9cole de surf Moana sont \u00e0 votre disposition.<\/p>\n<ul>\n<li>Le Grand-Village plage<\/li>\n<\/ul>\n<p>Ce village, nich\u00e9 au c\u0153ur des pins abrite une longue plage de sable fin bord\u00e9e de dunes, situ\u00e9e sur la c\u00f4te ouest de l\u2019\u00eele. Ce spot ravira les amateurs de belles vagues et les adeptes de char \u00e0 voile.<\/p>\n<ul>\n<li>La plage de Vert-bois<\/li>\n<\/ul>\n<p>Situ\u00e9e \u00e0 Dolus-d&rsquo;Ol\u00e9ron, au sud-ouest de l&rsquo;\u00eele d&rsquo;Ol\u00e9ron, cette plage est tr\u00e8s appr\u00e9ci\u00e9e par les surfeurs locaux. Les vents forts et la houle forment de belles vagues.<\/p>\n<p><img loading=\"lazy\" decoding=\"async\" class=\"alignnone size-full wp-image-3549\" src=\"https:\/\/www.campings.com\/fr\/content\/wp-content\/uploads\/2022\/03\/ile-doleron-plage-surf.png\" alt=\"\" width=\"1000\" height=\"665\" srcset=\"https:\/\/www.campings.com\/fr\/content\/wp-content\/uploads\/2022\/03\/ile-doleron-plage-surf.png 1000w, https:\/\/www.campings.com\/fr\/content\/wp-content\/uploads\/2022\/03\/ile-doleron-plage-surf-300x200.png 300w, https:\/\/www.campings.com\/fr\/content\/wp-content\/uploads\/2022\/03\/ile-doleron-plage-surf-768x511.png 768w, https:\/\/www.campings.com\/fr\/content\/wp-content\/uploads\/2022\/03\/ile-doleron-plage-surf-450x299.png 450w, https:\/\/www.campings.com\/fr\/content\/wp-content\/uploads\/2022\/03\/ile-doleron-plage-surf-430x286.png 430w\" sizes=\"auto, (max-width: 1000px) 100vw, 1000px\" \/><\/p>\n<h2><strong>O\u00f9 aller pour faire les meilleurs march\u00e9s ?<\/strong><\/h2>\n<p>L\u2019\u00eele d\u2019Ol\u00e9ron abrite de nombreux march\u00e9s, dont certains sont ouverts toute l\u2019ann\u00e9e.<\/p>\n<ul>\n<li><strong>March\u00e9 de St-Denis-d\u2019Ol\u00e9ron<\/strong>:<\/li>\n<\/ul>\n<p>Dans ce march\u00e9, vous y trouverez des produits alimentaires et artisanaux pendant les vacances scolaires et en p\u00e9riode hivernale. Vous pourrez \u00e9galement y acheter des bijoux et des v\u00eatements. Ce march\u00e9 est ouvert de 7h \u00e0 13h.<\/p>\n<ul>\n<li><strong> March\u00e9 de la Br\u00e9e les Bains :<\/strong><\/li>\n<\/ul>\n<p>Ce march\u00e9 alimentaire est ouvert le mercredi, vendredi, samedi, dimanche de 09h \u00e0 12h.<strong>\u00a0<\/strong>Vous y trouverez des produits locaux, des fruits &amp; l\u00e9gumes, de la viande, du poisson&#8230;<\/p>\n<ul>\n<li><strong> March\u00e9 de Saint-Georges-d\u2019Ol\u00e9ron :<\/strong><\/li>\n<\/ul>\n<p>Dans ce march\u00e9, les commer\u00e7ants proposent essentiellement des produits locaux et r\u00e9gionaux. Il est ouvert tous les matins de 7h \u00e0 13 h. Le samedi et dimanche, il est ouvert toute la journ\u00e9e.<\/p>\n<ul>\n<li><strong> March\u00e9 \u00e0 Le Grand-Village-Plage :<\/strong><\/li>\n<\/ul>\n<p>Ce march\u00e9 est ouvert tous les jours de 8h \u00e0 13h. Vous y d\u00e9couvrirez un grand choix de produits frais et locaux, des fruits et des l\u00e9gumes, etc.<\/p>\n<h2><strong>S\u00e9lection de restaurants<\/strong><\/h2>\n<p>En plus de son patrimoine naturel et architectural, la station baln\u00e9aire est aussi r\u00e9put\u00e9e pour sa gastronomie. Voici une s\u00e9lection de restaurants \u00e0 d\u00e9couvrir:<\/p>\n<ul>\n<li>Au gr\u00e9 du Vin<\/li>\n<\/ul>\n<p>Ce restaurant propose une cuisine fran\u00e7aise vari\u00e9e, avec des sp\u00e9cialit\u00e9s de fruits de mer et de poissons. Son risotto, cuit \u00e0 la perfection est un incontournable de la carte ! Les prix varient entre 16 et 35 \u20ac.<\/p>\n<p>Adresse : place de la R\u00e9publique, 17480 Le Ch\u00e2teau-d&rsquo;Ol\u00e9ron<br \/>\nPour r\u00e9server : +33 5 46 85 02 73.<\/p>\n<ul>\n<li>Auberge le Saint-Pierre<\/li>\n<\/ul>\n<p>Ce restaurant propose une cuisine traditionnelle \u00e9labor\u00e9e \u00e0 base de produits locaux. Le tartare de b\u0153uf &amp; frites est l\u2019un des plats les plus command\u00e9s de sa carte. Le prix moyen est de 38 \u20ac.<br \/>\nAdresse : 19, rue de la R\u00e9publique, 17310 Saint-Pierre-d&rsquo;Ol\u00e9ron<br \/>\nPour r\u00e9server : +33 5 46 47 14 39.<\/p>\n<ul>\n<li>De l\u2019\u00eele aux Papilles :<\/li>\n<\/ul>\n<p>Ce restaurant propose une cuisine gourmande 100 % maison et de saison \u00e9labor\u00e9e \u00e0 base de produits frais et locaux. Le prix des plats varie entre 32,5 \u20ac et 45 \u20ac.<\/p>\n<p>Adresse : place Camille Memain, 17310 Saint-Pierre-d&rsquo;Ol\u00e9ron<br \/>\nPour r\u00e9server : +33 5 46 36 87 45.<\/p>\n<ul>\n<li>L\u2019assiette du Capitaine :<\/li>\n<\/ul>\n<p>Ce restaurant propose une cuisine aux influences exotiques avec des poissons frais et locaux, servis avec des ti-punchs. Le prix d\u2019un menu est de 35 \u20ac en moyenne.<br \/>\nAdresse : 2, bd du Capitaine Leclerc, 17310 Saint-Pierre-d&rsquo;Ol\u00e9ron<br \/>\nPour r\u00e9server : +33 5 46 47 38 78<\/p>\n<p><img loading=\"lazy\" decoding=\"async\" class=\"alignnone size-full wp-image-3550\" src=\"https:\/\/www.campings.com\/fr\/content\/wp-content\/uploads\/2022\/03\/ile-doleron-restaurants.png\" alt=\"\" width=\"1000\" height=\"665\" srcset=\"https:\/\/www.campings.com\/fr\/content\/wp-content\/uploads\/2022\/03\/ile-doleron-restaurants.png 1000w, https:\/\/www.campings.com\/fr\/content\/wp-content\/uploads\/2022\/03\/ile-doleron-restaurants-300x200.png 300w, https:\/\/www.campings.com\/fr\/content\/wp-content\/uploads\/2022\/03\/ile-doleron-restaurants-768x511.png 768w, https:\/\/www.campings.com\/fr\/content\/wp-content\/uploads\/2022\/03\/ile-doleron-restaurants-450x299.png 450w, https:\/\/www.campings.com\/fr\/content\/wp-content\/uploads\/2022\/03\/ile-doleron-restaurants-430x286.png 430w\" sizes=\"auto, (max-width: 1000px) 100vw, 1000px\" \/><\/p>\n<h2><strong>S\u00e9lection de campings sur l&rsquo;ile d&rsquo;Ol\u00e9ron France<\/strong><\/h2>\n<p>Afin d\u2019organiser au mieux vos vacances sur l\u2019\u00eele d\u2019Ol\u00e9ron en\u00a0<a href=\"https:\/\/www.campings.com\/fr\/content\/guide-vacances-charente-maritime\/\"><u>Charente-Maritime<\/u><\/a>, Campings.com vous propose une s\u00e9lection de campings.<\/p>\n<h3>Camping Le Suroit<\/h3>\n<p>Au nord-ouest de l\u2019\u00eele d\u2019Ol\u00e9ron, en Poitou-Charentes, ce camping propose diverses activit\u00e9s aux vacanciers : piscine, ping-pong, bain \u00e0 remous\u2026 L\u2019\u00e9tablissement propose une pataugeoire et un toboggan aquatique. Ainsi, les enfants pourront profiter pleinement des joies de la baignade.<\/p>\n<p><a href=\"https:\/\/www.campings.com\/fr\/camping\/camping-le-suroit-78245\">Plus d\u2019infos sur le camping le Suroit<\/a><\/p>\n<h3>Camping Ol\u00e9ron Loisirs<\/h3>\n<p>Cet \u00e9tablissement est situ\u00e9 \u00e0 Saint-Georges-D\u2019ol\u00e9ron en Charente-Maritime, \u00e0 3 km de la plage seulement. Il met \u00e0 votre disposition une piscine couverte chauff\u00e9e et une piscine ext\u00e9rieure non chauff\u00e9e. Sur place, vous aurez acc\u00e8s \u00e0 divers services et \u00e9quipements : laverie, location de barbecue, wifi\u2026<\/p>\n<p><a href=\"https:\/\/www.campings.com\/fr\/camping\/camping-oleron-loisirs-77902\">Plus d\u2019infos sur le Camping Ol\u00e9ron Loisirs<\/a><\/p>\n<h3>Camping l&rsquo;Anse des Pins<\/h3>\n<p>\u00c0 Saint-Georges-d&rsquo;Ol\u00e9ron, cet \u00e9tablissement ravira les amateurs de baignade. Il met \u00e0 leur disposition une piscine couverte chauff\u00e9e et une piscine ext\u00e9rieure non chauff\u00e9e. Ce camping promet un s\u00e9jour agr\u00e9able \u00e0 ses visiteurs. Ils pourront b\u00e9n\u00e9ficier de nombreux services tout au long de leur s\u00e9jour : wifi, location de barbecue, jeux de soci\u00e9t\u00e9\u2026<\/p>\n<p><a href=\"https:\/\/www.campings.com\/fr\/camping\/camping-l-anse-des-pins-77392\">Plus d\u2019infos sur le Camping l&rsquo;Anse des Pins<\/a><\/p>\n","protected":false},"excerpt":{"rendered":"<p>Vous partez pour l\u2019\u00eele d\u2019Ol\u00e9ron en Charente-Maritime ?\u00a0Face \u00e0 l&rsquo;oc\u00e9an, cette importante station baln\u00e9aire offre un cadre agr\u00e9able, parfait pour se ressourcer. Voici un tour d\u2019horizon des activit\u00e9s \u00e0 faire et des lieux \u00e0 visiter sur l\u2019\u00eele. Envie de r\u00e9ussir vos vacances en\u00a0Charente-Maritime, dans la r\u00e9gion Nouvelle-Aquitaine? Pour bien d\u00e9marrer votre s\u00e9jour, l\u2019\u00eele d\u2019Ol\u00e9ron reste [&hellip;]<\/p>\n","protected":false},"author":18,"featured_media":0,"parent":3537,"menu_order":0,"comment_status":"closed","ping_status":"closed","template":"template-twocolumns.php","meta":{"_acf_changed":false,"footnotes":""},"class_list":["post-3544","page","type-page","status-publish","hentry"],"acf":[],"yoast_head":"<!-- This site is optimized with the Yoast SEO plugin v27.1.1 - https:\/\/yoast.com\/product\/yoast-seo-wordpress\/ -->\n<title>Les activit\u00e9s incontournables \u00e0 faire sur l&#039;\u00eele d&#039;Ol\u00e9ron -<\/title>\n<meta name=\"robots\" content=\"index, follow, max-snippet:-1, max-image-preview:large, max-video-preview:-1\" \/>\n<link rel=\"canonical\" href=\"https:\/\/www.campings.com\/fr\/content\/guide-vacances-charente-maritime\/activites-ile-doleron\/\" \/>\n<meta property=\"og:locale\" content=\"fr_FR\" \/>\n<meta property=\"og:type\" content=\"article\" \/>\n<meta property=\"og:title\" content=\"Les activit\u00e9s incontournables \u00e0 faire sur l&#039;\u00eele d&#039;Ol\u00e9ron -\" \/>\n<meta property=\"og:description\" content=\"Vous partez pour l\u2019\u00eele d\u2019Ol\u00e9ron en Charente-Maritime ?\u00a0Face \u00e0 l&rsquo;oc\u00e9an, cette importante station baln\u00e9aire offre un cadre agr\u00e9able, parfait pour se ressourcer. Voici un tour d\u2019horizon des activit\u00e9s \u00e0 faire et des lieux \u00e0 visiter sur l\u2019\u00eele. Envie de r\u00e9ussir vos vacances en\u00a0Charente-Maritime, dans la r\u00e9gion Nouvelle-Aquitaine? Pour bien d\u00e9marrer votre s\u00e9jour, l\u2019\u00eele d\u2019Ol\u00e9ron reste [&hellip;]\" \/>\n<meta property=\"og:url\" content=\"https:\/\/www.campings.com\/fr\/content\/guide-vacances-charente-maritime\/activites-ile-doleron\/\" \/>\n<meta property=\"article:modified_time\" content=\"2022-03-25T10:52:12+00:00\" \/>\n<meta property=\"og:image\" content=\"https:\/\/www.campings.com\/fr\/content\/wp-content\/uploads\/2022\/03\/ile-doleron-plage-surf.png\" \/>\n\t<meta property=\"og:image:width\" content=\"1000\" \/>\n\t<meta property=\"og:image:height\" content=\"665\" \/>\n\t<meta property=\"og:image:type\" content=\"image\/png\" \/>\n<meta name=\"twitter:card\" content=\"summary_large_image\" \/>\n<meta name=\"twitter:label1\" content=\"Dur\u00e9e de lecture estim\u00e9e\" \/>\n\t<meta name=\"twitter:data1\" content=\"6 minutes\" \/>\n<script type=\"application\/ld+json\" class=\"yoast-schema-graph\">{\"@context\":\"https:\/\/schema.org\",\"@graph\":[{\"@type\":\"WebPage\",\"@id\":\"https:\/\/www.campings.com\/fr\/content\/guide-vacances-charente-maritime\/activites-ile-doleron\/\",\"url\":\"https:\/\/www.campings.com\/fr\/content\/guide-vacances-charente-maritime\/activites-ile-doleron\/\",\"name\":\"Les activit\u00e9s incontournables \u00e0 faire sur l'\u00eele d'Ol\u00e9ron -\",\"isPartOf\":{\"@id\":\"https:\/\/www.campings.com\/fr\/content\/#website\"},\"primaryImageOfPage\":{\"@id\":\"https:\/\/www.campings.com\/fr\/content\/guide-vacances-charente-maritime\/activites-ile-doleron\/#primaryimage\"},\"image\":{\"@id\":\"https:\/\/www.campings.com\/fr\/content\/guide-vacances-charente-maritime\/activites-ile-doleron\/#primaryimage\"},\"thumbnailUrl\":\"https:\/\/www.campings.com\/fr\/content\/wp-content\/uploads\/2022\/03\/ile-doleron-plage-surf.png\",\"datePublished\":\"2022-03-24T16:25:10+00:00\",\"dateModified\":\"2022-03-25T10:52:12+00:00\",\"breadcrumb\":{\"@id\":\"https:\/\/www.campings.com\/fr\/content\/guide-vacances-charente-maritime\/activites-ile-doleron\/#breadcrumb\"},\"inLanguage\":\"fr-FR\",\"potentialAction\":[{\"@type\":\"ReadAction\",\"target\":[\"https:\/\/www.campings.com\/fr\/content\/guide-vacances-charente-maritime\/activites-ile-doleron\/\"]}]},{\"@type\":\"ImageObject\",\"inLanguage\":\"fr-FR\",\"@id\":\"https:\/\/www.campings.com\/fr\/content\/guide-vacances-charente-maritime\/activites-ile-doleron\/#primaryimage\",\"url\":\"https:\/\/www.campings.com\/fr\/content\/wp-content\/uploads\/2022\/03\/ile-doleron-plage-surf.png\",\"contentUrl\":\"https:\/\/www.campings.com\/fr\/content\/wp-content\/uploads\/2022\/03\/ile-doleron-plage-surf.png\",\"width\":1000,\"height\":665},{\"@type\":\"BreadcrumbList\",\"@id\":\"https:\/\/www.campings.com\/fr\/content\/guide-vacances-charente-maritime\/activites-ile-doleron\/#breadcrumb\",\"itemListElement\":[{\"@type\":\"ListItem\",\"position\":1,\"name\":\"Home\",\"item\":\"https:\/\/www.campings.com\/fr\/content\/\"},{\"@type\":\"ListItem\",\"position\":2,\"name\":\"Le guide de vos vacances en Charente-Maritime\",\"item\":\"https:\/\/www.campings.com\/fr\/content\/guide-vacances-charente-maritime\/\"},{\"@type\":\"ListItem\",\"position\":3,\"name\":\"Les activit\u00e9s incontournables \u00e0 faire sur l&rsquo;\u00eele d&rsquo;Ol\u00e9ron\"}]},{\"@type\":\"WebSite\",\"@id\":\"https:\/\/www.campings.com\/fr\/content\/#website\",\"url\":\"https:\/\/www.campings.com\/fr\/content\/\",\"name\":\"\",\"description\":\"\",\"publisher\":{\"@id\":\"https:\/\/www.campings.com\/fr\/content\/#organization\"},\"potentialAction\":[{\"@type\":\"SearchAction\",\"target\":{\"@type\":\"EntryPoint\",\"urlTemplate\":\"https:\/\/www.campings.com\/fr\/content\/?s={search_term_string}\"},\"query-input\":{\"@type\":\"PropertyValueSpecification\",\"valueRequired\":true,\"valueName\":\"search_term_string\"}}],\"inLanguage\":\"fr-FR\"},{\"@type\":\"Organization\",\"@id\":\"https:\/\/www.campings.com\/fr\/content\/#organization\",\"name\":\"CAMPINGS.COM\",\"url\":\"https:\/\/www.campings.com\/fr\/content\/\",\"logo\":{\"@type\":\"ImageObject\",\"inLanguage\":\"fr-FR\",\"@id\":\"https:\/\/www.campings.com\/fr\/content\/#\/schema\/logo\/image\/\",\"url\":\"https:\/\/www.campings.com\/fr\/content\/wp-content\/uploads\/2019\/01\/cropped-logo-1.png\",\"contentUrl\":\"https:\/\/www.campings.com\/fr\/content\/wp-content\/uploads\/2019\/01\/cropped-logo-1.png\",\"width\":174,\"height\":42,\"caption\":\"CAMPINGS.COM\"},\"image\":{\"@id\":\"https:\/\/www.campings.com\/fr\/content\/#\/schema\/logo\/image\/\"}}]}<\/script>\n<!-- \/ Yoast SEO plugin. -->","yoast_head_json":{"title":"Les activit\u00e9s incontournables \u00e0 faire sur l'\u00eele d'Ol\u00e9ron -","robots":{"index":"index","follow":"follow","max-snippet":"max-snippet:-1","max-image-preview":"max-image-preview:large","max-video-preview":"max-video-preview:-1"},"canonical":"https:\/\/www.campings.com\/fr\/content\/guide-vacances-charente-maritime\/activites-ile-doleron\/","og_locale":"fr_FR","og_type":"article","og_title":"Les activit\u00e9s incontournables \u00e0 faire sur l'\u00eele d'Ol\u00e9ron -","og_description":"Vous partez pour l\u2019\u00eele d\u2019Ol\u00e9ron en Charente-Maritime ?\u00a0Face \u00e0 l&rsquo;oc\u00e9an, cette importante station baln\u00e9aire offre un cadre agr\u00e9able, parfait pour se ressourcer. Voici un tour d\u2019horizon des activit\u00e9s \u00e0 faire et des lieux \u00e0 visiter sur l\u2019\u00eele. Envie de r\u00e9ussir vos vacances en\u00a0Charente-Maritime, dans la r\u00e9gion Nouvelle-Aquitaine? Pour bien d\u00e9marrer votre s\u00e9jour, l\u2019\u00eele d\u2019Ol\u00e9ron reste [&hellip;]","og_url":"https:\/\/www.campings.com\/fr\/content\/guide-vacances-charente-maritime\/activites-ile-doleron\/","article_modified_time":"2022-03-25T10:52:12+00:00","og_image":[{"width":1000,"height":665,"url":"https:\/\/www.campings.com\/fr\/content\/wp-content\/uploads\/2022\/03\/ile-doleron-plage-surf.png","type":"image\/png"}],"twitter_card":"summary_large_image","twitter_misc":{"Dur\u00e9e de lecture estim\u00e9e":"6 minutes"},"schema":{"@context":"https:\/\/schema.org","@graph":[{"@type":"WebPage","@id":"https:\/\/www.campings.com\/fr\/content\/guide-vacances-charente-maritime\/activites-ile-doleron\/","url":"https:\/\/www.campings.com\/fr\/content\/guide-vacances-charente-maritime\/activites-ile-doleron\/","name":"Les activit\u00e9s incontournables \u00e0 faire sur l'\u00eele d'Ol\u00e9ron -","isPartOf":{"@id":"https:\/\/www.campings.com\/fr\/content\/#website"},"primaryImageOfPage":{"@id":"https:\/\/www.campings.com\/fr\/content\/guide-vacances-charente-maritime\/activites-ile-doleron\/#primaryimage"},"image":{"@id":"https:\/\/www.campings.com\/fr\/content\/guide-vacances-charente-maritime\/activites-ile-doleron\/#primaryimage"},"thumbnailUrl":"https:\/\/www.campings.com\/fr\/content\/wp-content\/uploads\/2022\/03\/ile-doleron-plage-surf.png","datePublished":"2022-03-24T16:25:10+00:00","dateModified":"2022-03-25T10:52:12+00:00","breadcrumb":{"@id":"https:\/\/www.campings.com\/fr\/content\/guide-vacances-charente-maritime\/activites-ile-doleron\/#breadcrumb"},"inLanguage":"fr-FR","potentialAction":[{"@type":"ReadAction","target":["https:\/\/www.campings.com\/fr\/content\/guide-vacances-charente-maritime\/activites-ile-doleron\/"]}]},{"@type":"ImageObject","inLanguage":"fr-FR","@id":"https:\/\/www.campings.com\/fr\/content\/guide-vacances-charente-maritime\/activites-ile-doleron\/#primaryimage","url":"https:\/\/www.campings.com\/fr\/content\/wp-content\/uploads\/2022\/03\/ile-doleron-plage-surf.png","contentUrl":"https:\/\/www.campings.com\/fr\/content\/wp-content\/uploads\/2022\/03\/ile-doleron-plage-surf.png","width":1000,"height":665},{"@type":"BreadcrumbList","@id":"https:\/\/www.campings.com\/fr\/content\/guide-vacances-charente-maritime\/activites-ile-doleron\/#breadcrumb","itemListElement":[{"@type":"ListItem","position":1,"name":"Home","item":"https:\/\/www.campings.com\/fr\/content\/"},{"@type":"ListItem","position":2,"name":"Le guide de vos vacances en Charente-Maritime","item":"https:\/\/www.campings.com\/fr\/content\/guide-vacances-charente-maritime\/"},{"@type":"ListItem","position":3,"name":"Les activit\u00e9s incontournables \u00e0 faire sur l&rsquo;\u00eele d&rsquo;Ol\u00e9ron"}]},{"@type":"WebSite","@id":"https:\/\/www.campings.com\/fr\/content\/#website","url":"https:\/\/www.campings.com\/fr\/content\/","name":"","description":"","publisher":{"@id":"https:\/\/www.campings.com\/fr\/content\/#organization"},"potentialAction":[{"@type":"SearchAction","target":{"@type":"EntryPoint","urlTemplate":"https:\/\/www.campings.com\/fr\/content\/?s={search_term_string}"},"query-input":{"@type":"PropertyValueSpecification","valueRequired":true,"valueName":"search_term_string"}}],"inLanguage":"fr-FR"},{"@type":"Organization","@id":"https:\/\/www.campings.com\/fr\/content\/#organization","name":"CAMPINGS.COM","url":"https:\/\/www.campings.com\/fr\/content\/","logo":{"@type":"ImageObject","inLanguage":"fr-FR","@id":"https:\/\/www.campings.com\/fr\/content\/#\/schema\/logo\/image\/","url":"https:\/\/www.campings.com\/fr\/content\/wp-content\/uploads\/2019\/01\/cropped-logo-1.png","contentUrl":"https:\/\/www.campings.com\/fr\/content\/wp-content\/uploads\/2019\/01\/cropped-logo-1.png","width":174,"height":42,"caption":"CAMPINGS.COM"},"image":{"@id":"https:\/\/www.campings.com\/fr\/content\/#\/schema\/logo\/image\/"}}]}},"_links":{"self":[{"href":"https:\/\/www.campings.com\/fr\/content\/wp-json\/wp\/v2\/pages\/3544","targetHints":{"allow":["GET"]}}],"collection":[{"href":"https:\/\/www.campings.com\/fr\/content\/wp-json\/wp\/v2\/pages"}],"about":[{"href":"https:\/\/www.campings.com\/fr\/content\/wp-json\/wp\/v2\/types\/page"}],"author":[{"embeddable":true,"href":"https:\/\/www.campings.com\/fr\/content\/wp-json\/wp\/v2\/users\/18"}],"replies":[{"embeddable":true,"href":"https:\/\/www.campings.com\/fr\/content\/wp-json\/wp\/v2\/comments?post=3544"}],"version-history":[{"count":4,"href":"https:\/\/www.campings.com\/fr\/content\/wp-json\/wp\/v2\/pages\/3544\/revisions"}],"predecessor-version":[{"id":3630,"href":"https:\/\/www.campings.com\/fr\/content\/wp-json\/wp\/v2\/pages\/3544\/revisions\/3630"}],"up":[{"embeddable":true,"href":"https:\/\/www.campings.com\/fr\/content\/wp-json\/wp\/v2\/pages\/3537"}],"wp:attachment":[{"href":"https:\/\/www.campings.com\/fr\/content\/wp-json\/wp\/v2\/media?parent=3544"}],"curies":[{"name":"wp","href":"https:\/\/api.w.org\/{rel}","templated":true}]}}