{"id":3461,"date":"2022-02-17T13:26:41","date_gmt":"2022-02-17T13:26:41","guid":{"rendered":"https:\/\/www.campings.com\/fr\/content\/?page_id=3461"},"modified":"2022-03-25T10:46:16","modified_gmt":"2022-03-25T10:46:16","slug":"campings-nouvelle-aquitaine","status":"publish","type":"page","link":"https:\/\/www.campings.com\/fr\/content\/guide-vacances-nouvelle-aquitaine\/campings-nouvelle-aquitaine\/","title":{"rendered":"La s\u00e9lection des meilleurs campings en Nouvelle-Aquitaine"},"content":{"rendered":"<p>Premi\u00e8re r\u00e9gion touristique de France pendant la saison estivale, la <a href=\"https:\/\/www.campings.com\/fr\/content\/guide-vacances-nouvelle-aquitaine\/\"><strong>Nouvelle-Aquitaine <\/strong><\/a>cumule de nombreux atouts. Entre ses plages de sable fin, ses paysages naturels, ses montagnes, ses lacs &amp; for\u00eats\u2026 Difficile de s\u2019ennuyer !<\/p>\n<p>Situ\u00e9e dans le quart sud-ouest du pays, la <a href=\"https:\/\/www.campings.com\/fr\/france\/aquitaine\"><strong>Nouvelle-Aquitaine<\/strong>\u00a0<\/a>b\u00e9n\u00e9ficie d\u2019un climat oc\u00e9anique temp\u00e9r\u00e9, agr\u00e9able en toute saison. Avec ses plages, ses montagnes, ses vignobles, son patrimoine architectural\u2026 la r\u00e9gion se pr\u00eate \u00e0 toutes les envies de vacances. Nous avons s\u00e9lectionn\u00e9 pour vous les meilleurs campings o\u00f9 s\u00e9journer en Aquitaine.<\/p>\n<h2><strong>S\u00e9lection de campings en bord de mer<\/strong><\/h2>\n<h3><strong>Camping Club Marina-Landes, au plus pr\u00e8s de la c\u00f4te<\/strong><\/h3>\n<p>Situ\u00e9 \u00e0 500 m de la plage, ce camping offre un grand choix d\u2019animations pour passer des vacances inoubliables.<\/p>\n<p><a href=\"https:\/\/www.campings.com\/fr\/camping\/club-marina-landes-80979\">Plus d&rsquo;informations sur Camping Club Marina-Landes.<\/a><\/p>\n<h3><strong>Camping L\u2019Or\u00e9e du Bois<\/strong><\/h3>\n<p>Situ\u00e9 au bord de l\u2019oc\u00e9an, au c\u0153ur d\u2019une nature pr\u00e9serv\u00e9e, ce camping est parfait pour des vacances en famille. Il comprend plusieurs bassins pour profiter pleinement de la baignade. De plus, il se trouve \u00e0 proximit\u00e9 de nombreux commerces et march\u00e9s.<\/p>\n<p><a href=\"https:\/\/www.campings.com\/fr\/camping\/camping-l-oree-du-bois-82232\">Plus d\u2019infos sur le Camping L\u2019Or\u00e9e du Bois<\/a><\/p>\n<h3><strong>Camping Les Bruy\u00e8res<\/strong><\/h3>\n<p>Situ\u00e9 \u00e0 Sainte-Eulalie-en-Born, dans les Landes, ce camping vous accueille dans un environnement calme et pr\u00e9serv\u00e9. Les r\u00e9sidents ont acc\u00e8s \u00e0 un large choix d\u2019activit\u00e9s : piscine, p\u00e9tanque, aire de jeux et pataugeoire pour enfants\u2026<\/p>\n<p><a href=\"https:\/\/www.campings.com\/fr\/camping\/camping-les-bruyeres-79103\">Plus d\u2019infos sur le Camping Les Bruy\u00e8res<\/a>.<\/p>\n<h3><strong>Camping Slow Village Biscarrosse Lac<\/strong><\/h3>\n<p>Ce camping haut-de-gamme, b\u00e9n\u00e9ficie d\u2019un emplacement g\u00e9ographique exceptionnel \u00e0 Biscarrosse. Plusieurs infrastructures sont am\u00e9nag\u00e9es pour le confort et le bien-\u00eatre des r\u00e9sidents :<\/p>\n<ul>\n<li>Sup\u00e9rette ;<\/li>\n<li>Restaurant ;<\/li>\n<li>Bar ;<\/li>\n<li>Location de barbecue ;<\/li>\n<li>Etc.<\/li>\n<\/ul>\n<p><a href=\"https:\/\/www.campings.com\/fr\/camping\/slow-village-biscarosse-lac-76912\">Plus d\u2019infos sur le Camping Slow Village Biscarrosse Lac<\/a>.<\/p>\n<h2><strong>Les campings avec parc aquatique\u00a0<\/strong><\/h2>\n<p>Vous partez en vacances avec votre tribu ? Voici une s\u00e9lection des meilleurs campings avec parc aquatique en <a href=\"https:\/\/www.campings.com\/fr\/content\/guide-vacances-nouvelle-aquitaine\/\"><strong>Nouvelle-Aquitaine<\/strong><\/a>.<\/p>\n<h3><strong>Camping Sylvamar<\/strong><\/h3>\n<p>\u00c0 Labenne, en plein c\u0153ur des Landes, ce camping dispose d\u2019un grand parc aquatique compos\u00e9 de plusieurs bassins. Il abrite aussi une rivi\u00e8re rapide et un espace aqualudique pour les enfants.<\/p>\n<p><a href=\"https:\/\/www.campings.com\/fr\/camping\/camping-sylvamar-77502\">Plus d\u2019infos sur le Camping Sylvamar<\/a>.<\/p>\n<h3><strong>Camping des Familles et sa piscine ext\u00e9rieure chauff\u00e9e<\/strong><\/h3>\n<p>Si vous s\u00e9journez en Gironde en famille, posez vos valises dans ce camping ! Cet \u00e9tablissement dispose d\u2019une piscine ext\u00e9rieure chauff\u00e9e ouverte durant toute la p\u00e9riode estivale.<\/p>\n<p><a href=\"https:\/\/www.campings.com\/fr\/camping\/camping-des-familles-77318\">Plus d\u2019infos sur le Camping des Familles.<\/a><\/p>\n<p><img loading=\"lazy\" decoding=\"async\" class=\"alignnone size-full wp-image-3462\" src=\"https:\/\/www.campings.com\/fr\/content\/wp-content\/uploads\/2022\/02\/campings-camping-des-familles-min.png\" alt=\"\" width=\"1000\" height=\"665\" srcset=\"https:\/\/www.campings.com\/fr\/content\/wp-content\/uploads\/2022\/02\/campings-camping-des-familles-min.png 1000w, https:\/\/www.campings.com\/fr\/content\/wp-content\/uploads\/2022\/02\/campings-camping-des-familles-min-300x200.png 300w, https:\/\/www.campings.com\/fr\/content\/wp-content\/uploads\/2022\/02\/campings-camping-des-familles-min-768x511.png 768w, https:\/\/www.campings.com\/fr\/content\/wp-content\/uploads\/2022\/02\/campings-camping-des-familles-min-450x299.png 450w, https:\/\/www.campings.com\/fr\/content\/wp-content\/uploads\/2022\/02\/campings-camping-des-familles-min-430x286.png 430w\" sizes=\"auto, (max-width: 1000px) 100vw, 1000px\" \/><\/p>\n<h3><strong>Camping La Linotte<\/strong><\/h3>\n<p>Situ\u00e9 au c\u0153ur d\u2019un environnement verdoyant, \u00e0 Le Bugue, ce camping familial dispose d\u2019un grand parc aquatique. La piscine ext\u00e9rieure est accessible uniquement pendant la haute saison.<\/p>\n<p><a href=\"https:\/\/www.campings.com\/fr\/camping\/camping-la-linotte-77562\">Plus d\u2019infos sur le Camping La Linotte<\/a>.<\/p>\n<h3><strong>Camping Les Cottages de L\u00e9on<\/strong><\/h3>\n<p>Situ\u00e9 \u00e0 L\u00e9on, \u00e0 4 km de la C\u00f4te atlantique, ce camping dispose de :<\/p>\n<ul>\n<li>3 piscines ext\u00e9rieures chauff\u00e9es ;<\/li>\n<li>1 piscine couverte ;<\/li>\n<li>1 bassin de nage ;<\/li>\n<li>1 pataugeoire.<\/li>\n<\/ul>\n<p><a href=\"https:\/\/www.campings.com\/fr\/camping\/les-cottages-de-leon-87396\">Plus d\u2019infos sur le Camping Les Cottages de L\u00e9on<\/a>.<\/p>\n<h2><strong>S\u00e9lection de campings dans les Landes\u00a0<\/strong><\/h2>\n<h3><strong>Camping Domaine d\u2019Eurolac<\/strong><\/h3>\n<p>\u00c0 Aureilhan, ce camping b\u00e9n\u00e9ficie d\u2019un emplacement parfait pour profiter de la beaut\u00e9 des plages landaises. En \u00e9t\u00e9, les r\u00e9sidents ont \u00e9galement acc\u00e8s \u00e0 une piscine ext\u00e9rieure.<\/p>\n<p><a href=\"https:\/\/www.campings.com\/fr\/camping\/camping-domaine-d-eurolac-76653\">Plus d\u2019infos sur le Camping Domaine d\u2019Eurolac<\/a><\/p>\n<h3><strong>Camping Le Soleil des Landes<\/strong><\/h3>\n<p>\u00c0 Lit-et-Mixe, ce camping familial se trouve \u00e0 7 km de la plage seulement. Sur place, vous aurez acc\u00e8s \u00e0 un grand choix d\u2019animations : p\u00e9tanque, concours sportifs, ping-pong&#8230;<\/p>\n<p><a href=\"https:\/\/www.campings.com\/fr\/camping\/camping-le-soleil-des-landes-77674\">Plus d\u2019infos sur le Camping Le Soleil des Landes<\/a><\/p>\n<h3><strong>Camping Mayotte Vacances<\/strong><\/h3>\n<p>Situ\u00e9 \u00e0 proximit\u00e9 du lac de Biscarrosse, de l\u2019oc\u00e9an Atlantique et du bassin d\u2019Arcachon, ce camping est parfait pour les vacances. De plus, vous aurez acc\u00e8s \u00e0 un large \u00e9ventail d\u2019\u00e9quipements pour passer un agr\u00e9able s\u00e9jour : piscine, fitness&#8230;<\/p>\n<p><a href=\"https:\/\/www.campings.com\/fr\/camping\/camping-mayotte-vacances-76910\">Plus d\u2019infos sur le Camping Mayotte Vacances<\/a><\/p>\n<h3><strong>Camping Club Famille Lou Pignada<\/strong><\/h3>\n<p>\u00c0 Messanges, \u00e0 1,5 km de la plage, ce camping offre \u00e0 ses r\u00e9sidents un grand parc aquatique.<\/p>\n<p><a href=\"https:\/\/www.campings.com\/fr\/camping\/camping-club-famille-lou-pignada-77799\">Plus d\u2019infos sur le Camping Club Famille Lou Pignada<\/a><\/p>\n<h2><strong>Les campings pas chers de la r\u00e9gion Nouvelle-Aquitaine<\/strong><\/h2>\n<p>Envie de passer un s\u00e9jour agr\u00e9able et \u00e0 petit prix en <a href=\"https:\/\/www.campings.com\/fr\/content\/guide-vacances-nouvelle-aquitaine\/\"><strong>Nouvelle-Aquitaine<\/strong>\u00a0<\/a>? Voici notre s\u00e9lection de campings pas cher.<\/p>\n<h3><strong>Camping Saint Martin<\/strong><\/h3>\n<p>Situ\u00e9 \u00e0 Moliets-et-Maa dans les Landes, ce camping est parfait pour des vacances \u00e0 petit budget. L\u2019\u00e9tablissement est \u00e9quip\u00e9 d\u2019un parc aquatique pour profiter des joies de la baignade.<\/p>\n<p><a href=\"https:\/\/www.campings.com\/fr\/camping\/camping-saint-martin-79300\">Plus d\u2019infos sur le camping Saint Martin<\/a>.<\/p>\n<h3><strong>Camping Natur\u00e9o Resort<\/strong><\/h3>\n<p>Situ\u00e9 \u00e0 Seignosse, ce camping 4 \u00e9toiles est install\u00e9 \u00e0 600 m de la plage seulement. L\u2019\u00e9tablissement dispose d\u2019une piscine ext\u00e9rieure de 450 m\u00b2, d\u2019un club enfant, etc.<\/p>\n<p><a href=\"https:\/\/www.campings.com\/fr\/camping\/natureo-resort-78510\">Plus d\u2019infos sur le Camping Natur\u00e9o Resort.<\/a><\/p>\n<h3><strong>Camping Lou Pignada<\/strong><\/h3>\n<p>Entre oc\u00e9an et for\u00eats, ce camping familial situ\u00e9 \u00e0 Messanges est parfait pour des vacances \u00e0 petit prix. En plus de sa piscine ext\u00e9rieure chauff\u00e9e, il propose aussi des attractions vari\u00e9es : ping-pong, aire de jeux pour enfants, pataugeoire\u2026<\/p>\n<p><a href=\"https:\/\/www.campings.com\/fr\/camping\/camping-lou-pignada-77909\">Plus d\u2019infos sur le Camping Lou Pignada<\/a>.<\/p>\n<h3><strong>Camping Les \u00c9tangs du Plessac-Camping Paradis<\/strong><\/h3>\n<p>\u00c0 F\u00e9lix-de-Bourdeilles, en Dordogne, ce camping b\u00e9n\u00e9ficie d\u2019un grand choix d\u2019infrastructures pour assurer le confort des r\u00e9sidents.<\/p>\n<p><a href=\"https:\/\/www.campings.com\/fr\/camping\/camping-les-etangs-du-plessac-camping-paradis-78225\">Plus d\u2019infos sur le Camping Les \u00c9tangs du Plessac-Camping Paradis<\/a><\/p>\n<p><img loading=\"lazy\" decoding=\"async\" class=\"alignnone size-full wp-image-3463\" src=\"https:\/\/www.campings.com\/fr\/content\/wp-content\/uploads\/2022\/02\/Campings-les-etangs-du-plessac-min.png\" alt=\"\" width=\"1000\" height=\"665\" srcset=\"https:\/\/www.campings.com\/fr\/content\/wp-content\/uploads\/2022\/02\/Campings-les-etangs-du-plessac-min.png 1000w, https:\/\/www.campings.com\/fr\/content\/wp-content\/uploads\/2022\/02\/Campings-les-etangs-du-plessac-min-300x200.png 300w, https:\/\/www.campings.com\/fr\/content\/wp-content\/uploads\/2022\/02\/Campings-les-etangs-du-plessac-min-768x511.png 768w, https:\/\/www.campings.com\/fr\/content\/wp-content\/uploads\/2022\/02\/Campings-les-etangs-du-plessac-min-450x299.png 450w, https:\/\/www.campings.com\/fr\/content\/wp-content\/uploads\/2022\/02\/Campings-les-etangs-du-plessac-min-430x286.png 430w\" sizes=\"auto, (max-width: 1000px) 100vw, 1000px\" \/><\/p>\n<h2><strong>S\u00e9lection de campings 5 \u00e9toiles\u00a0<\/strong><\/h2>\n<h3><strong>Camping Sylvamar<\/strong><\/h3>\n<p>Nich\u00e9 au c\u0153ur d\u2019une pin\u00e8de de 27 ha \u00e0 Labenne, ce camping se caract\u00e9rise par son volcan aquatique XXL.<\/p>\n<p><a href=\"https:\/\/www.campings.com\/fr\/camping\/camping-sylvamar-77502\">Plus d\u2019infos sur le Camping Sylvamar<\/a>.<\/p>\n<h3><strong>Camping Village Resort et Spa Le Vieux-Port<\/strong><\/h3>\n<p>Situ\u00e9 \u00e0 Messanges, ce camping dispose d\u2019un grand parc aquatique compos\u00e9 de 7 piscines.<\/p>\n<p><a href=\"https:\/\/www.campings.com\/fr\/camping\/camping-village-resort-et-spa-le-vieux-port-77802\">Plus d\u2019infos sur le Camping Village Resort et Spa Le Vieux-Port<\/a>.<\/p>\n<h3><strong>Camping Club Famille Lou Pignada<\/strong><\/h3>\n<p>\u00c0 Messanges, pr\u00e8s du bord de mer, ce camping 5 \u00e9toiles offre un grand choix d\u2019\u00e9quipements &amp; services pour votre confort.<\/p>\n<p><a href=\"https:\/\/www.campings.com\/fr\/camping\/camping-club-famille-lou-pignada-77799\">Plus d\u2019infos sur le Camping Club Famille Lou Pignada<\/a><\/p>\n","protected":false},"excerpt":{"rendered":"<p>Premi\u00e8re r\u00e9gion touristique de France pendant la saison estivale, la Nouvelle-Aquitaine cumule de nombreux atouts. Entre ses plages de sable fin, ses paysages naturels, ses montagnes, ses lacs &amp; for\u00eats\u2026 Difficile de s\u2019ennuyer ! Situ\u00e9e dans le quart sud-ouest du pays, la Nouvelle-Aquitaine\u00a0b\u00e9n\u00e9ficie d\u2019un climat oc\u00e9anique temp\u00e9r\u00e9, agr\u00e9able en toute saison. Avec ses plages, ses [&hellip;]<\/p>\n","protected":false},"author":18,"featured_media":0,"parent":3428,"menu_order":0,"comment_status":"closed","ping_status":"closed","template":"template-twocolumns.php","meta":{"_acf_changed":false,"footnotes":""},"class_list":["post-3461","page","type-page","status-publish","hentry"],"acf":[],"yoast_head":"<!-- This site is optimized with the Yoast SEO plugin v27.1.1 - https:\/\/yoast.com\/product\/yoast-seo-wordpress\/ -->\n<title>La s\u00e9lection des meilleurs campings en Nouvelle-Aquitaine -<\/title>\n<meta name=\"robots\" content=\"index, follow, max-snippet:-1, max-image-preview:large, max-video-preview:-1\" \/>\n<link rel=\"canonical\" href=\"https:\/\/www.campings.com\/fr\/content\/guide-vacances-nouvelle-aquitaine\/campings-nouvelle-aquitaine\/\" \/>\n<meta property=\"og:locale\" content=\"fr_FR\" \/>\n<meta property=\"og:type\" content=\"article\" \/>\n<meta property=\"og:title\" content=\"La s\u00e9lection des meilleurs campings en Nouvelle-Aquitaine -\" \/>\n<meta property=\"og:description\" content=\"Premi\u00e8re r\u00e9gion touristique de France pendant la saison estivale, la Nouvelle-Aquitaine cumule de nombreux atouts. Entre ses plages de sable fin, ses paysages naturels, ses montagnes, ses lacs &amp; for\u00eats\u2026 Difficile de s\u2019ennuyer ! Situ\u00e9e dans le quart sud-ouest du pays, la Nouvelle-Aquitaine\u00a0b\u00e9n\u00e9ficie d\u2019un climat oc\u00e9anique temp\u00e9r\u00e9, agr\u00e9able en toute saison. Avec ses plages, ses [&hellip;]\" \/>\n<meta property=\"og:url\" content=\"https:\/\/www.campings.com\/fr\/content\/guide-vacances-nouvelle-aquitaine\/campings-nouvelle-aquitaine\/\" \/>\n<meta property=\"article:modified_time\" content=\"2022-03-25T10:46:16+00:00\" \/>\n<meta property=\"og:image\" content=\"https:\/\/www.campings.com\/fr\/content\/wp-content\/uploads\/2022\/02\/campings-camping-des-familles-min.png\" \/>\n\t<meta property=\"og:image:width\" content=\"1000\" \/>\n\t<meta property=\"og:image:height\" content=\"665\" \/>\n\t<meta property=\"og:image:type\" content=\"image\/png\" \/>\n<meta name=\"twitter:card\" content=\"summary_large_image\" \/>\n<meta name=\"twitter:label1\" content=\"Dur\u00e9e de lecture estim\u00e9e\" \/>\n\t<meta name=\"twitter:data1\" content=\"5 minutes\" \/>\n<script type=\"application\/ld+json\" class=\"yoast-schema-graph\">{\"@context\":\"https:\/\/schema.org\",\"@graph\":[{\"@type\":\"WebPage\",\"@id\":\"https:\/\/www.campings.com\/fr\/content\/guide-vacances-nouvelle-aquitaine\/campings-nouvelle-aquitaine\/\",\"url\":\"https:\/\/www.campings.com\/fr\/content\/guide-vacances-nouvelle-aquitaine\/campings-nouvelle-aquitaine\/\",\"name\":\"La s\u00e9lection des meilleurs campings en Nouvelle-Aquitaine -\",\"isPartOf\":{\"@id\":\"https:\/\/www.campings.com\/fr\/content\/#website\"},\"primaryImageOfPage\":{\"@id\":\"https:\/\/www.campings.com\/fr\/content\/guide-vacances-nouvelle-aquitaine\/campings-nouvelle-aquitaine\/#primaryimage\"},\"image\":{\"@id\":\"https:\/\/www.campings.com\/fr\/content\/guide-vacances-nouvelle-aquitaine\/campings-nouvelle-aquitaine\/#primaryimage\"},\"thumbnailUrl\":\"https:\/\/www.campings.com\/fr\/content\/wp-content\/uploads\/2022\/02\/campings-camping-des-familles-min.png\",\"datePublished\":\"2022-02-17T13:26:41+00:00\",\"dateModified\":\"2022-03-25T10:46:16+00:00\",\"breadcrumb\":{\"@id\":\"https:\/\/www.campings.com\/fr\/content\/guide-vacances-nouvelle-aquitaine\/campings-nouvelle-aquitaine\/#breadcrumb\"},\"inLanguage\":\"fr-FR\",\"potentialAction\":[{\"@type\":\"ReadAction\",\"target\":[\"https:\/\/www.campings.com\/fr\/content\/guide-vacances-nouvelle-aquitaine\/campings-nouvelle-aquitaine\/\"]}]},{\"@type\":\"ImageObject\",\"inLanguage\":\"fr-FR\",\"@id\":\"https:\/\/www.campings.com\/fr\/content\/guide-vacances-nouvelle-aquitaine\/campings-nouvelle-aquitaine\/#primaryimage\",\"url\":\"https:\/\/www.campings.com\/fr\/content\/wp-content\/uploads\/2022\/02\/campings-camping-des-familles-min.png\",\"contentUrl\":\"https:\/\/www.campings.com\/fr\/content\/wp-content\/uploads\/2022\/02\/campings-camping-des-familles-min.png\",\"width\":1000,\"height\":665},{\"@type\":\"BreadcrumbList\",\"@id\":\"https:\/\/www.campings.com\/fr\/content\/guide-vacances-nouvelle-aquitaine\/campings-nouvelle-aquitaine\/#breadcrumb\",\"itemListElement\":[{\"@type\":\"ListItem\",\"position\":1,\"name\":\"Home\",\"item\":\"https:\/\/www.campings.com\/fr\/content\/\"},{\"@type\":\"ListItem\",\"position\":2,\"name\":\"Le guide de vos vacances en Nouvelle-Aquitaine\",\"item\":\"https:\/\/www.campings.com\/fr\/content\/guide-vacances-nouvelle-aquitaine\/\"},{\"@type\":\"ListItem\",\"position\":3,\"name\":\"La s\u00e9lection des meilleurs campings en Nouvelle-Aquitaine\"}]},{\"@type\":\"WebSite\",\"@id\":\"https:\/\/www.campings.com\/fr\/content\/#website\",\"url\":\"https:\/\/www.campings.com\/fr\/content\/\",\"name\":\"\",\"description\":\"\",\"publisher\":{\"@id\":\"https:\/\/www.campings.com\/fr\/content\/#organization\"},\"potentialAction\":[{\"@type\":\"SearchAction\",\"target\":{\"@type\":\"EntryPoint\",\"urlTemplate\":\"https:\/\/www.campings.com\/fr\/content\/?s={search_term_string}\"},\"query-input\":{\"@type\":\"PropertyValueSpecification\",\"valueRequired\":true,\"valueName\":\"search_term_string\"}}],\"inLanguage\":\"fr-FR\"},{\"@type\":\"Organization\",\"@id\":\"https:\/\/www.campings.com\/fr\/content\/#organization\",\"name\":\"CAMPINGS.COM\",\"url\":\"https:\/\/www.campings.com\/fr\/content\/\",\"logo\":{\"@type\":\"ImageObject\",\"inLanguage\":\"fr-FR\",\"@id\":\"https:\/\/www.campings.com\/fr\/content\/#\/schema\/logo\/image\/\",\"url\":\"https:\/\/www.campings.com\/fr\/content\/wp-content\/uploads\/2019\/01\/cropped-logo-1.png\",\"contentUrl\":\"https:\/\/www.campings.com\/fr\/content\/wp-content\/uploads\/2019\/01\/cropped-logo-1.png\",\"width\":174,\"height\":42,\"caption\":\"CAMPINGS.COM\"},\"image\":{\"@id\":\"https:\/\/www.campings.com\/fr\/content\/#\/schema\/logo\/image\/\"}}]}<\/script>\n<!-- \/ Yoast SEO plugin. -->","yoast_head_json":{"title":"La s\u00e9lection des meilleurs campings en Nouvelle-Aquitaine -","robots":{"index":"index","follow":"follow","max-snippet":"max-snippet:-1","max-image-preview":"max-image-preview:large","max-video-preview":"max-video-preview:-1"},"canonical":"https:\/\/www.campings.com\/fr\/content\/guide-vacances-nouvelle-aquitaine\/campings-nouvelle-aquitaine\/","og_locale":"fr_FR","og_type":"article","og_title":"La s\u00e9lection des meilleurs campings en Nouvelle-Aquitaine -","og_description":"Premi\u00e8re r\u00e9gion touristique de France pendant la saison estivale, la Nouvelle-Aquitaine cumule de nombreux atouts. Entre ses plages de sable fin, ses paysages naturels, ses montagnes, ses lacs &amp; for\u00eats\u2026 Difficile de s\u2019ennuyer ! Situ\u00e9e dans le quart sud-ouest du pays, la Nouvelle-Aquitaine\u00a0b\u00e9n\u00e9ficie d\u2019un climat oc\u00e9anique temp\u00e9r\u00e9, agr\u00e9able en toute saison. Avec ses plages, ses [&hellip;]","og_url":"https:\/\/www.campings.com\/fr\/content\/guide-vacances-nouvelle-aquitaine\/campings-nouvelle-aquitaine\/","article_modified_time":"2022-03-25T10:46:16+00:00","og_image":[{"width":1000,"height":665,"url":"https:\/\/www.campings.com\/fr\/content\/wp-content\/uploads\/2022\/02\/campings-camping-des-familles-min.png","type":"image\/png"}],"twitter_card":"summary_large_image","twitter_misc":{"Dur\u00e9e de lecture estim\u00e9e":"5 minutes"},"schema":{"@context":"https:\/\/schema.org","@graph":[{"@type":"WebPage","@id":"https:\/\/www.campings.com\/fr\/content\/guide-vacances-nouvelle-aquitaine\/campings-nouvelle-aquitaine\/","url":"https:\/\/www.campings.com\/fr\/content\/guide-vacances-nouvelle-aquitaine\/campings-nouvelle-aquitaine\/","name":"La s\u00e9lection des meilleurs campings en Nouvelle-Aquitaine -","isPartOf":{"@id":"https:\/\/www.campings.com\/fr\/content\/#website"},"primaryImageOfPage":{"@id":"https:\/\/www.campings.com\/fr\/content\/guide-vacances-nouvelle-aquitaine\/campings-nouvelle-aquitaine\/#primaryimage"},"image":{"@id":"https:\/\/www.campings.com\/fr\/content\/guide-vacances-nouvelle-aquitaine\/campings-nouvelle-aquitaine\/#primaryimage"},"thumbnailUrl":"https:\/\/www.campings.com\/fr\/content\/wp-content\/uploads\/2022\/02\/campings-camping-des-familles-min.png","datePublished":"2022-02-17T13:26:41+00:00","dateModified":"2022-03-25T10:46:16+00:00","breadcrumb":{"@id":"https:\/\/www.campings.com\/fr\/content\/guide-vacances-nouvelle-aquitaine\/campings-nouvelle-aquitaine\/#breadcrumb"},"inLanguage":"fr-FR","potentialAction":[{"@type":"ReadAction","target":["https:\/\/www.campings.com\/fr\/content\/guide-vacances-nouvelle-aquitaine\/campings-nouvelle-aquitaine\/"]}]},{"@type":"ImageObject","inLanguage":"fr-FR","@id":"https:\/\/www.campings.com\/fr\/content\/guide-vacances-nouvelle-aquitaine\/campings-nouvelle-aquitaine\/#primaryimage","url":"https:\/\/www.campings.com\/fr\/content\/wp-content\/uploads\/2022\/02\/campings-camping-des-familles-min.png","contentUrl":"https:\/\/www.campings.com\/fr\/content\/wp-content\/uploads\/2022\/02\/campings-camping-des-familles-min.png","width":1000,"height":665},{"@type":"BreadcrumbList","@id":"https:\/\/www.campings.com\/fr\/content\/guide-vacances-nouvelle-aquitaine\/campings-nouvelle-aquitaine\/#breadcrumb","itemListElement":[{"@type":"ListItem","position":1,"name":"Home","item":"https:\/\/www.campings.com\/fr\/content\/"},{"@type":"ListItem","position":2,"name":"Le guide de vos vacances en Nouvelle-Aquitaine","item":"https:\/\/www.campings.com\/fr\/content\/guide-vacances-nouvelle-aquitaine\/"},{"@type":"ListItem","position":3,"name":"La s\u00e9lection des meilleurs campings en Nouvelle-Aquitaine"}]},{"@type":"WebSite","@id":"https:\/\/www.campings.com\/fr\/content\/#website","url":"https:\/\/www.campings.com\/fr\/content\/","name":"","description":"","publisher":{"@id":"https:\/\/www.campings.com\/fr\/content\/#organization"},"potentialAction":[{"@type":"SearchAction","target":{"@type":"EntryPoint","urlTemplate":"https:\/\/www.campings.com\/fr\/content\/?s={search_term_string}"},"query-input":{"@type":"PropertyValueSpecification","valueRequired":true,"valueName":"search_term_string"}}],"inLanguage":"fr-FR"},{"@type":"Organization","@id":"https:\/\/www.campings.com\/fr\/content\/#organization","name":"CAMPINGS.COM","url":"https:\/\/www.campings.com\/fr\/content\/","logo":{"@type":"ImageObject","inLanguage":"fr-FR","@id":"https:\/\/www.campings.com\/fr\/content\/#\/schema\/logo\/image\/","url":"https:\/\/www.campings.com\/fr\/content\/wp-content\/uploads\/2019\/01\/cropped-logo-1.png","contentUrl":"https:\/\/www.campings.com\/fr\/content\/wp-content\/uploads\/2019\/01\/cropped-logo-1.png","width":174,"height":42,"caption":"CAMPINGS.COM"},"image":{"@id":"https:\/\/www.campings.com\/fr\/content\/#\/schema\/logo\/image\/"}}]}},"_links":{"self":[{"href":"https:\/\/www.campings.com\/fr\/content\/wp-json\/wp\/v2\/pages\/3461","targetHints":{"allow":["GET"]}}],"collection":[{"href":"https:\/\/www.campings.com\/fr\/content\/wp-json\/wp\/v2\/pages"}],"about":[{"href":"https:\/\/www.campings.com\/fr\/content\/wp-json\/wp\/v2\/types\/page"}],"author":[{"embeddable":true,"href":"https:\/\/www.campings.com\/fr\/content\/wp-json\/wp\/v2\/users\/18"}],"replies":[{"embeddable":true,"href":"https:\/\/www.campings.com\/fr\/content\/wp-json\/wp\/v2\/comments?post=3461"}],"version-history":[{"count":2,"href":"https:\/\/www.campings.com\/fr\/content\/wp-json\/wp\/v2\/pages\/3461\/revisions"}],"predecessor-version":[{"id":3622,"href":"https:\/\/www.campings.com\/fr\/content\/wp-json\/wp\/v2\/pages\/3461\/revisions\/3622"}],"up":[{"embeddable":true,"href":"https:\/\/www.campings.com\/fr\/content\/wp-json\/wp\/v2\/pages\/3428"}],"wp:attachment":[{"href":"https:\/\/www.campings.com\/fr\/content\/wp-json\/wp\/v2\/media?parent=3461"}],"curies":[{"name":"wp","href":"https:\/\/api.w.org\/{rel}","templated":true}]}}