{"id":3450,"date":"2022-02-17T11:51:38","date_gmt":"2022-02-17T11:51:38","guid":{"rendered":"https:\/\/www.campings.com\/fr\/content\/?page_id=3450"},"modified":"2022-03-25T10:49:20","modified_gmt":"2022-03-25T10:49:20","slug":"plages-nouvelle-aquitaine","status":"publish","type":"page","link":"https:\/\/www.campings.com\/fr\/content\/guide-vacances-nouvelle-aquitaine\/plages-nouvelle-aquitaine\/","title":{"rendered":"Les plus belles plages de la r\u00e9gion Nouvelle-Aquitaine"},"content":{"rendered":"<p>Vous r\u00eavez de vacances au soleil les pieds dans l\u2019eau? Direction les plus belles plages de la r\u00e9gion <a href=\"https:\/\/www.campings.com\/fr\/content\/guide-vacances-nouvelle-aquitaine\/\"><strong>Nouvelle-Aquitaine<\/strong><\/a> pour vous ressourcer ! D\u00e9couvrez les meilleurs spots o\u00f9 poser votre serviette.<\/p>\n<p>La <a href=\"https:\/\/www.campings.com\/fr\/france\/aquitaine\"><strong>Nouvelle-Aquitaine<\/strong>\u00a0<\/a>est une destination tr\u00e8s pris\u00e9e par les touristes en \u00e9t\u00e9. Avec ses kilom\u00e8tres de littoral, ses paysages, son climat oc\u00e9anique temp\u00e9r\u00e9, ses lacs et \u00e9tangs, la r\u00e9gion est parfaite pour le farniente. Vous pourrez \u00e9galement pratiquer un large \u00e9ventail d\u2019activit\u00e9s nautiques comme le surf, la planche \u00e0 voile, le cano\u00eb\u2026 Pour vous aider \u00e0 pr\u00e9parer votre s\u00e9jour, nous avons s\u00e9lectionn\u00e9 pour vous les plus belles plages de la c\u00f4te.<\/p>\n<h2><strong>Plage de l\u2019Oc\u00e9an \u00e0 Hourtin\u00a0<\/strong><\/h2>\n<p>Ce petit tr\u00e9sor de la C\u00f4te atlantique est situ\u00e9 \u00e0 10 km environ du village d\u2019Hourtin. Avec son sable fin et son oc\u00e9an \u00e0 perte de vue, ce spot est parfait pour se pr\u00e9lasser au soleil. Les baignades y sont surveill\u00e9es tout l\u2019\u00e9t\u00e9. La plage est \u00e9quip\u00e9e de douches, de sanitaires et d&rsquo;un poste de secours. Vous trouverez \u00e9galement de nombreux restaurants o\u00f9 savourer les sp\u00e9cialit\u00e9s de fruits de mer.<\/p>\n<h2><strong>La plage de la Corniche \u00e0 Pyla-sur-Mer<\/strong><\/h2>\n<p>Aux pieds de la Dune du Pilat, cette plage de sable fin est l\u2019une des plus belles de <a href=\"https:\/\/www.campings.com\/fr\/content\/guide-vacances-nouvelle-aquitaine\/\"><strong>Nouvelle-Aquitaine<\/strong><\/a>. Avec ses eaux limpides et peu profondes, elle convient parfaitement aux enfants. Ce spot plaira aux adeptes des panoramas sauvages&#8230; Pendant la saison estivale, la baignade est surveill\u00e9e. \u00c0 noter qu\u2019elle n\u2019est pas accessible aux personnes \u00e0 mobilit\u00e9 r\u00e9duite (PMR).<\/p>\n<h2><strong>Plage Remember \u00e0 Mimizan (France)\u00a0<\/strong><\/h2>\n<p>Si vous \u00eates de passage \u00e0 Mimizan, inutile d\u2019aller bien loin pour se baigner et profiter de la chaleur du sable fin. Situ\u00e9e \u00e0 proximit\u00e9 du centre-ville, cette plage est propice \u00e0 de nombreux loisirs et sports nautiques : surf, char \u00e0 voile\u2026 Pour plus de tranquillit\u00e9, \u00e9loignez vous plus au nord o\u00f9 vous trouverez plus de calme. La plage recense \u00e9galement une zone d\u00e9di\u00e9e aux naturistes. C\u00f4t\u00e9 infrastructures, vous aurez acc\u00e8s \u00e0 des douches et \u00e0 un grand parking gratuit.<\/p>\n<p><img loading=\"lazy\" decoding=\"async\" class=\"alignnone size-full wp-image-3452\" src=\"https:\/\/www.campings.com\/fr\/content\/wp-content\/uploads\/2022\/02\/Plage-Remember.png\" alt=\"\" width=\"1000\" height=\"665\" srcset=\"https:\/\/www.campings.com\/fr\/content\/wp-content\/uploads\/2022\/02\/Plage-Remember.png 1000w, https:\/\/www.campings.com\/fr\/content\/wp-content\/uploads\/2022\/02\/Plage-Remember-300x200.png 300w, https:\/\/www.campings.com\/fr\/content\/wp-content\/uploads\/2022\/02\/Plage-Remember-768x511.png 768w, https:\/\/www.campings.com\/fr\/content\/wp-content\/uploads\/2022\/02\/Plage-Remember-450x299.png 450w, https:\/\/www.campings.com\/fr\/content\/wp-content\/uploads\/2022\/02\/Plage-Remember-430x286.png 430w\" sizes=\"auto, (max-width: 1000px) 100vw, 1000px\" \/><\/p>\n<h2><strong>Plage des Bourdaines \u00e0 Seignosse\u00a0<\/strong><\/h2>\n<p>Si vous aimez les spots secrets et intimistes, rendez-vous \u00e0 la plage des Bourdaines. Avec son petit c\u00f4t\u00e9 sauvage, elle figure parmi les plus belles plages de France. Si vous souhaitez apprendre le surf, vous trouverez quelques \u00e9coles \u00e0 l\u2019arri\u00e8re-plage. Sur place, vous trouverez \u00e9galement un bar, un restaurant et plusieurs douches pour vous laver apr\u00e8s la baignade.<\/p>\n<h2><strong>Plage du lac de Navarrosse \u00e0 Biscarrosse (Landes)<\/strong><\/h2>\n<p>Pour vous d\u00e9tendre et pique-niquer, le lac de Biscarosse est le spot id\u00e9al. Plage familiale par excellence, elle est bord\u00e9e d\u2019une jolie pin\u00e8de. Ce lac de faible profondeur (moins d\u20191m) convient pour la baignade des tout-petits. En juillet et ao\u00fbt, la plage est surveill\u00e9e. Un poste de secours est install\u00e9 pour garantir votre s\u00e9curit\u00e9.<\/p>\n<h2><strong>La C\u00f4te des Basques \u00e0 Biarritz<\/strong><\/h2>\n<p>La cote des Basques est un spot de surf bien connu. Cet endroit mythique, berceau du surf fran\u00e7ais est r\u00e9put\u00e9 pour ses belles vagues et son cadre enchanteur totalement d\u00e9paysant. Entour\u00e9e de falaises, la plage offre une vue spectaculaire. Si vous pratiquez le surf, ce site recense les plus beaux spots de la r\u00e9gion. Une navette gratuite facilite l\u2019acc\u00e8s \u00e0 la plage. Vous aurez acc\u00e8s \u00e0 un parking juste au-dessus de la falaise.<\/p>\n<h2><strong>Plage des Deux Jumeaux \u00e0 Hendaye\u00a0<\/strong><\/h2>\n<p>Cette plage, labellis\u00e9e \u00ab handiplage \u00bb est accessible aux personnes \u00e0 mobilit\u00e9 r\u00e9duite (PMR). De ce fait, vous y trouverez des tiralos, des fauteuils et autres \u00e9quipements sp\u00e9cifiques\u2026 La baignade est s\u00e9curis\u00e9e en \u00e9t\u00e9.<\/p>\n<h2><strong>La plage des Ch\u00eanes Li\u00e8ges \u00e0 Moliets-et-Maa<\/strong><\/h2>\n<p>Cette magnifique plage est parfaite si vous souhaitez passer une journ\u00e9e au calme. Peu fr\u00e9quent\u00e9e, elle a su pr\u00e9server son charme et son authenticit\u00e9. C\u00f4t\u00e9 infrastructures, la plage de Moliets-et-Maa est \u00e9quip\u00e9e de douches et WC. L\u2019eau y est peu profonde\u2026 Elle est donc parfaite pour se promener les pieds dans l\u2019eau avec les enfants. En dehors des zones r\u00e9glement\u00e9es, vous trouverez une zone d\u00e9di\u00e9e aux naturistes pour bronzer tranquillement, \u00e0 l\u2019abri des regards indiscrets.<\/p>\n<h2><strong>Plage de la Lette Blanche\u00a0<\/strong><\/h2>\n<p>Ce petit joyau du littoral de Nouvelle-Aquitaine se trouve \u00e0 Vielle-Saint-Girons. Cette plage, situ\u00e9e dans un environnement id\u00e9al est l\u2019endroit parfait pour une journ\u00e9e inoubliable en famille. Un petit havre de paix o\u00f9 vous pourrez vous baigner et pratiquer des activit\u00e9s nautiques vari\u00e9es : surf, paddle, planche \u00e0 voile&#8230; Vous trouverez \u00e9galement des restaurants \u00e0 proximit\u00e9 o\u00f9 d\u00e9guster les sp\u00e9cialit\u00e9s locales\u2026<\/p>\n<p><img loading=\"lazy\" decoding=\"async\" class=\"alignnone size-full wp-image-3451\" src=\"https:\/\/www.campings.com\/fr\/content\/wp-content\/uploads\/2022\/02\/Plage-Lette-Blanche.png\" alt=\"\" width=\"1000\" height=\"665\" srcset=\"https:\/\/www.campings.com\/fr\/content\/wp-content\/uploads\/2022\/02\/Plage-Lette-Blanche.png 1000w, https:\/\/www.campings.com\/fr\/content\/wp-content\/uploads\/2022\/02\/Plage-Lette-Blanche-300x200.png 300w, https:\/\/www.campings.com\/fr\/content\/wp-content\/uploads\/2022\/02\/Plage-Lette-Blanche-768x511.png 768w, https:\/\/www.campings.com\/fr\/content\/wp-content\/uploads\/2022\/02\/Plage-Lette-Blanche-450x299.png 450w, https:\/\/www.campings.com\/fr\/content\/wp-content\/uploads\/2022\/02\/Plage-Lette-Blanche-430x286.png 430w\" sizes=\"auto, (max-width: 1000px) 100vw, 1000px\" \/><\/p>\n<h2><strong>Les plages de Lacanau<\/strong><\/h2>\n<p>Lacanau est l\u2019une des stations baln\u00e9aires les plus fr\u00e9quent\u00e9es de la r\u00e9gion. Situ\u00e9e \u00e0 une cinquantaine de kilom\u00e8tres de Bordeaux, elle abrite de belles plages sauvages, encadr\u00e9es de dunes. Si vous aimez les plages anim\u00e9es, rendez-vous \u00e0 la Plage Centrale o\u00f9 vous trouverez votre bonheur. Pour plus de calme, vous aurez le choix entre la Plage des \u00c9cureuils et la Plage du Lion. Vous pourrez \u00e9galement vous rendre au lac Lacanau, un bon spot pour pique-niquer en famille.<\/p>\n<h2><strong>S\u00e9lection des meilleurs campings \u00e0 proximit\u00e9 des belles plages de Nouvelle-Aquitaine\u00a0<\/strong><\/h2>\n<p>Envie d\u2019un s\u00e9jour les pieds dans l\u2019eau en <a href=\"https:\/\/www.campings.com\/fr\/content\/guide-vacances-nouvelle-aquitaine\/\"><strong>Nouvelle-Aquitaine\u00a0<\/strong><\/a>? Louez un h\u00e9bergement dans l\u2019un de ces 3 \u00e9tablissements, situ\u00e9s \u00e0 proximit\u00e9 des plus belles plages de la r\u00e9gion.<\/p>\n<h3><strong>Le Village de Chalets Auguste Delaune<\/strong><\/h3>\n<p>Situ\u00e9 \u00e0 800 m de la plage d\u2019Hendaye, ce bel \u00e9tablissement se trouve au milieu d\u2019un parc verdoyant de 2 ha. Apr\u00e8s une journ\u00e9e de baignade, vous pourrez profiter des nombreuses animations propos\u00e9es: piscine, p\u00e9tanque, baby-foot, jeux de soci\u00e9t\u00e9\u2026 Sur place, tout a \u00e9t\u00e9 pens\u00e9 pour garantir un s\u00e9jour agr\u00e9able et tout confort : restaurant, acc\u00e8s au Wifi\u2026 Vous serez h\u00e9berg\u00e9s dans des chalets spacieux, adapt\u00e9s \u00e0 vos besoins. Vous aurez m\u00eame la possibilit\u00e9 de louer un barbecue pour vos repas en famille.<\/p>\n<p>Adresse : 37, avenue Lissardy, 64 700 Hendaye<\/p>\n<p><a href=\"https:\/\/www.campings.com\/fr\/camping\/village-de-chalets-auguste-delaune-77332\"><strong>Plus d\u2019infos sur le<\/strong>\u00a0<strong>Village de Chalets Auguste Delaune<\/strong><\/a>.<\/p>\n<h3><strong>Le Camping Plage sud<\/strong><\/h3>\n<p>\u00c0 Biscarosse, cet \u00e9tablissement familial est parfait pour des vacances \u00e0 plusieurs. Situ\u00e9 \u00e0 800 m\u00e8tres seulement de la plage, ce camping vous promet des journ\u00e9es bien remplies. Apr\u00e8s une journ\u00e9e \u00e0 peaufiner votre bronzage en bord de mer, vous pourrez vous baigner dans la piscine ext\u00e9rieure chauff\u00e9e. Et pour animer vos journ\u00e9es, de nombreuses animations sont propos\u00e9es pour tous les \u00e2ges. Vous aurez acc\u00e8s au Wifi, \u00e0 un snack-bar avec terrasse, un d\u00e9p\u00f4t de pain, etc.<\/p>\n<p>Adresse : 230, rue des B\u00e9casses, 40600 Biscarrosse<\/p>\n<p><a href=\"https:\/\/www.campings.com\/fr\/camping\/camping-plage-sud-76913\"><strong>Plus d\u2019infos sur le<\/strong>\u00a0<strong>Camping Plage sud<\/strong><\/a>.<\/p>\n<h3><strong>Le Natur\u00e9o Resort, \u00e0 proximit\u00e9 de la plage du sud-ouest de Seignosse<\/strong><\/h3>\n<p>Cet \u00e9tablissement se trouve \u00e0 600 m\u00e8tres de la plage de Seignosse. Situ\u00e9 dans les Landes, au c\u0153ur d\u2019une v\u00e9g\u00e9tation luxuriante, ce camping vous plonge imm\u00e9diatement dans une ambiance conviviale. Sur place, un club enfant est d\u00e9di\u00e9 aux tout-petits. Les plus grands pourront se d\u00e9tendre dans l\u2019espace bien-\u00eatre&#8230; Pendant les beaux jours, vous pourrez vous baigner dans une grande piscine ext\u00e9rieure chauff\u00e9e. C\u00f4t\u00e9 services &amp; \u00e9quipements, tout a \u00e9t\u00e9 pens\u00e9 pour vous garantir un s\u00e9jour agr\u00e9able et sans stress. Vous logerez dans des mobil-homes spacieux, offrant tout le confort moderne dont vous avez besoin. Vous aurez \u00e9galement acc\u00e8s \u00e0 une \u00e9picerie et \u00e0 un restaurant pour d\u00e9guster des plats locaux\u2026<\/p>\n<p>Adresse : Avenue des Tucs, 40 510 Seignosse<\/p>\n<p><a href=\"https:\/\/www.campings.com\/fr\/camping\/natureo-resort-78510\"><strong>Plus d\u2019infos sur Le Natur\u00e9o Resort<\/strong><\/a><\/p>\n","protected":false},"excerpt":{"rendered":"<p>Vous r\u00eavez de vacances au soleil les pieds dans l\u2019eau? Direction les plus belles plages de la r\u00e9gion Nouvelle-Aquitaine pour vous ressourcer ! D\u00e9couvrez les meilleurs spots o\u00f9 poser votre serviette. La Nouvelle-Aquitaine\u00a0est une destination tr\u00e8s pris\u00e9e par les touristes en \u00e9t\u00e9. Avec ses kilom\u00e8tres de littoral, ses paysages, son climat oc\u00e9anique temp\u00e9r\u00e9, ses lacs [&hellip;]<\/p>\n","protected":false},"author":18,"featured_media":0,"parent":3428,"menu_order":0,"comment_status":"closed","ping_status":"closed","template":"template-twocolumns.php","meta":{"_acf_changed":false,"footnotes":""},"class_list":["post-3450","page","type-page","status-publish","hentry"],"acf":[],"yoast_head":"<!-- This site is optimized with the Yoast SEO plugin v27.1.1 - https:\/\/yoast.com\/product\/yoast-seo-wordpress\/ -->\n<title>Les plus belles plages de la r\u00e9gion Nouvelle-Aquitaine -<\/title>\n<meta name=\"robots\" content=\"index, follow, max-snippet:-1, max-image-preview:large, max-video-preview:-1\" \/>\n<link rel=\"canonical\" href=\"https:\/\/www.campings.com\/fr\/content\/guide-vacances-nouvelle-aquitaine\/plages-nouvelle-aquitaine\/\" \/>\n<meta property=\"og:locale\" content=\"fr_FR\" \/>\n<meta property=\"og:type\" content=\"article\" \/>\n<meta property=\"og:title\" content=\"Les plus belles plages de la r\u00e9gion Nouvelle-Aquitaine -\" \/>\n<meta property=\"og:description\" content=\"Vous r\u00eavez de vacances au soleil les pieds dans l\u2019eau? Direction les plus belles plages de la r\u00e9gion Nouvelle-Aquitaine pour vous ressourcer ! D\u00e9couvrez les meilleurs spots o\u00f9 poser votre serviette. La Nouvelle-Aquitaine\u00a0est une destination tr\u00e8s pris\u00e9e par les touristes en \u00e9t\u00e9. Avec ses kilom\u00e8tres de littoral, ses paysages, son climat oc\u00e9anique temp\u00e9r\u00e9, ses lacs [&hellip;]\" \/>\n<meta property=\"og:url\" content=\"https:\/\/www.campings.com\/fr\/content\/guide-vacances-nouvelle-aquitaine\/plages-nouvelle-aquitaine\/\" \/>\n<meta property=\"article:modified_time\" content=\"2022-03-25T10:49:20+00:00\" \/>\n<meta property=\"og:image\" content=\"https:\/\/www.campings.com\/fr\/content\/wp-content\/uploads\/2022\/02\/Plage-Remember.png\" \/>\n\t<meta property=\"og:image:width\" content=\"1000\" \/>\n\t<meta property=\"og:image:height\" content=\"665\" \/>\n\t<meta property=\"og:image:type\" content=\"image\/png\" \/>\n<meta name=\"twitter:card\" content=\"summary_large_image\" \/>\n<meta name=\"twitter:label1\" content=\"Dur\u00e9e de lecture estim\u00e9e\" \/>\n\t<meta name=\"twitter:data1\" content=\"6 minutes\" \/>\n<script type=\"application\/ld+json\" class=\"yoast-schema-graph\">{\"@context\":\"https:\/\/schema.org\",\"@graph\":[{\"@type\":\"WebPage\",\"@id\":\"https:\/\/www.campings.com\/fr\/content\/guide-vacances-nouvelle-aquitaine\/plages-nouvelle-aquitaine\/\",\"url\":\"https:\/\/www.campings.com\/fr\/content\/guide-vacances-nouvelle-aquitaine\/plages-nouvelle-aquitaine\/\",\"name\":\"Les plus belles plages de la r\u00e9gion Nouvelle-Aquitaine -\",\"isPartOf\":{\"@id\":\"https:\/\/www.campings.com\/fr\/content\/#website\"},\"primaryImageOfPage\":{\"@id\":\"https:\/\/www.campings.com\/fr\/content\/guide-vacances-nouvelle-aquitaine\/plages-nouvelle-aquitaine\/#primaryimage\"},\"image\":{\"@id\":\"https:\/\/www.campings.com\/fr\/content\/guide-vacances-nouvelle-aquitaine\/plages-nouvelle-aquitaine\/#primaryimage\"},\"thumbnailUrl\":\"https:\/\/www.campings.com\/fr\/content\/wp-content\/uploads\/2022\/02\/Plage-Remember.png\",\"datePublished\":\"2022-02-17T11:51:38+00:00\",\"dateModified\":\"2022-03-25T10:49:20+00:00\",\"breadcrumb\":{\"@id\":\"https:\/\/www.campings.com\/fr\/content\/guide-vacances-nouvelle-aquitaine\/plages-nouvelle-aquitaine\/#breadcrumb\"},\"inLanguage\":\"fr-FR\",\"potentialAction\":[{\"@type\":\"ReadAction\",\"target\":[\"https:\/\/www.campings.com\/fr\/content\/guide-vacances-nouvelle-aquitaine\/plages-nouvelle-aquitaine\/\"]}]},{\"@type\":\"ImageObject\",\"inLanguage\":\"fr-FR\",\"@id\":\"https:\/\/www.campings.com\/fr\/content\/guide-vacances-nouvelle-aquitaine\/plages-nouvelle-aquitaine\/#primaryimage\",\"url\":\"https:\/\/www.campings.com\/fr\/content\/wp-content\/uploads\/2022\/02\/Plage-Remember.png\",\"contentUrl\":\"https:\/\/www.campings.com\/fr\/content\/wp-content\/uploads\/2022\/02\/Plage-Remember.png\",\"width\":1000,\"height\":665},{\"@type\":\"BreadcrumbList\",\"@id\":\"https:\/\/www.campings.com\/fr\/content\/guide-vacances-nouvelle-aquitaine\/plages-nouvelle-aquitaine\/#breadcrumb\",\"itemListElement\":[{\"@type\":\"ListItem\",\"position\":1,\"name\":\"Home\",\"item\":\"https:\/\/www.campings.com\/fr\/content\/\"},{\"@type\":\"ListItem\",\"position\":2,\"name\":\"Le guide de vos vacances en Nouvelle-Aquitaine\",\"item\":\"https:\/\/www.campings.com\/fr\/content\/guide-vacances-nouvelle-aquitaine\/\"},{\"@type\":\"ListItem\",\"position\":3,\"name\":\"Les plus belles plages de la r\u00e9gion Nouvelle-Aquitaine\"}]},{\"@type\":\"WebSite\",\"@id\":\"https:\/\/www.campings.com\/fr\/content\/#website\",\"url\":\"https:\/\/www.campings.com\/fr\/content\/\",\"name\":\"\",\"description\":\"\",\"publisher\":{\"@id\":\"https:\/\/www.campings.com\/fr\/content\/#organization\"},\"potentialAction\":[{\"@type\":\"SearchAction\",\"target\":{\"@type\":\"EntryPoint\",\"urlTemplate\":\"https:\/\/www.campings.com\/fr\/content\/?s={search_term_string}\"},\"query-input\":{\"@type\":\"PropertyValueSpecification\",\"valueRequired\":true,\"valueName\":\"search_term_string\"}}],\"inLanguage\":\"fr-FR\"},{\"@type\":\"Organization\",\"@id\":\"https:\/\/www.campings.com\/fr\/content\/#organization\",\"name\":\"CAMPINGS.COM\",\"url\":\"https:\/\/www.campings.com\/fr\/content\/\",\"logo\":{\"@type\":\"ImageObject\",\"inLanguage\":\"fr-FR\",\"@id\":\"https:\/\/www.campings.com\/fr\/content\/#\/schema\/logo\/image\/\",\"url\":\"https:\/\/www.campings.com\/fr\/content\/wp-content\/uploads\/2019\/01\/cropped-logo-1.png\",\"contentUrl\":\"https:\/\/www.campings.com\/fr\/content\/wp-content\/uploads\/2019\/01\/cropped-logo-1.png\",\"width\":174,\"height\":42,\"caption\":\"CAMPINGS.COM\"},\"image\":{\"@id\":\"https:\/\/www.campings.com\/fr\/content\/#\/schema\/logo\/image\/\"}}]}<\/script>\n<!-- \/ Yoast SEO plugin. -->","yoast_head_json":{"title":"Les plus belles plages de la r\u00e9gion Nouvelle-Aquitaine -","robots":{"index":"index","follow":"follow","max-snippet":"max-snippet:-1","max-image-preview":"max-image-preview:large","max-video-preview":"max-video-preview:-1"},"canonical":"https:\/\/www.campings.com\/fr\/content\/guide-vacances-nouvelle-aquitaine\/plages-nouvelle-aquitaine\/","og_locale":"fr_FR","og_type":"article","og_title":"Les plus belles plages de la r\u00e9gion Nouvelle-Aquitaine -","og_description":"Vous r\u00eavez de vacances au soleil les pieds dans l\u2019eau? Direction les plus belles plages de la r\u00e9gion Nouvelle-Aquitaine pour vous ressourcer ! D\u00e9couvrez les meilleurs spots o\u00f9 poser votre serviette. La Nouvelle-Aquitaine\u00a0est une destination tr\u00e8s pris\u00e9e par les touristes en \u00e9t\u00e9. Avec ses kilom\u00e8tres de littoral, ses paysages, son climat oc\u00e9anique temp\u00e9r\u00e9, ses lacs [&hellip;]","og_url":"https:\/\/www.campings.com\/fr\/content\/guide-vacances-nouvelle-aquitaine\/plages-nouvelle-aquitaine\/","article_modified_time":"2022-03-25T10:49:20+00:00","og_image":[{"width":1000,"height":665,"url":"https:\/\/www.campings.com\/fr\/content\/wp-content\/uploads\/2022\/02\/Plage-Remember.png","type":"image\/png"}],"twitter_card":"summary_large_image","twitter_misc":{"Dur\u00e9e de lecture estim\u00e9e":"6 minutes"},"schema":{"@context":"https:\/\/schema.org","@graph":[{"@type":"WebPage","@id":"https:\/\/www.campings.com\/fr\/content\/guide-vacances-nouvelle-aquitaine\/plages-nouvelle-aquitaine\/","url":"https:\/\/www.campings.com\/fr\/content\/guide-vacances-nouvelle-aquitaine\/plages-nouvelle-aquitaine\/","name":"Les plus belles plages de la r\u00e9gion Nouvelle-Aquitaine -","isPartOf":{"@id":"https:\/\/www.campings.com\/fr\/content\/#website"},"primaryImageOfPage":{"@id":"https:\/\/www.campings.com\/fr\/content\/guide-vacances-nouvelle-aquitaine\/plages-nouvelle-aquitaine\/#primaryimage"},"image":{"@id":"https:\/\/www.campings.com\/fr\/content\/guide-vacances-nouvelle-aquitaine\/plages-nouvelle-aquitaine\/#primaryimage"},"thumbnailUrl":"https:\/\/www.campings.com\/fr\/content\/wp-content\/uploads\/2022\/02\/Plage-Remember.png","datePublished":"2022-02-17T11:51:38+00:00","dateModified":"2022-03-25T10:49:20+00:00","breadcrumb":{"@id":"https:\/\/www.campings.com\/fr\/content\/guide-vacances-nouvelle-aquitaine\/plages-nouvelle-aquitaine\/#breadcrumb"},"inLanguage":"fr-FR","potentialAction":[{"@type":"ReadAction","target":["https:\/\/www.campings.com\/fr\/content\/guide-vacances-nouvelle-aquitaine\/plages-nouvelle-aquitaine\/"]}]},{"@type":"ImageObject","inLanguage":"fr-FR","@id":"https:\/\/www.campings.com\/fr\/content\/guide-vacances-nouvelle-aquitaine\/plages-nouvelle-aquitaine\/#primaryimage","url":"https:\/\/www.campings.com\/fr\/content\/wp-content\/uploads\/2022\/02\/Plage-Remember.png","contentUrl":"https:\/\/www.campings.com\/fr\/content\/wp-content\/uploads\/2022\/02\/Plage-Remember.png","width":1000,"height":665},{"@type":"BreadcrumbList","@id":"https:\/\/www.campings.com\/fr\/content\/guide-vacances-nouvelle-aquitaine\/plages-nouvelle-aquitaine\/#breadcrumb","itemListElement":[{"@type":"ListItem","position":1,"name":"Home","item":"https:\/\/www.campings.com\/fr\/content\/"},{"@type":"ListItem","position":2,"name":"Le guide de vos vacances en Nouvelle-Aquitaine","item":"https:\/\/www.campings.com\/fr\/content\/guide-vacances-nouvelle-aquitaine\/"},{"@type":"ListItem","position":3,"name":"Les plus belles plages de la r\u00e9gion Nouvelle-Aquitaine"}]},{"@type":"WebSite","@id":"https:\/\/www.campings.com\/fr\/content\/#website","url":"https:\/\/www.campings.com\/fr\/content\/","name":"","description":"","publisher":{"@id":"https:\/\/www.campings.com\/fr\/content\/#organization"},"potentialAction":[{"@type":"SearchAction","target":{"@type":"EntryPoint","urlTemplate":"https:\/\/www.campings.com\/fr\/content\/?s={search_term_string}"},"query-input":{"@type":"PropertyValueSpecification","valueRequired":true,"valueName":"search_term_string"}}],"inLanguage":"fr-FR"},{"@type":"Organization","@id":"https:\/\/www.campings.com\/fr\/content\/#organization","name":"CAMPINGS.COM","url":"https:\/\/www.campings.com\/fr\/content\/","logo":{"@type":"ImageObject","inLanguage":"fr-FR","@id":"https:\/\/www.campings.com\/fr\/content\/#\/schema\/logo\/image\/","url":"https:\/\/www.campings.com\/fr\/content\/wp-content\/uploads\/2019\/01\/cropped-logo-1.png","contentUrl":"https:\/\/www.campings.com\/fr\/content\/wp-content\/uploads\/2019\/01\/cropped-logo-1.png","width":174,"height":42,"caption":"CAMPINGS.COM"},"image":{"@id":"https:\/\/www.campings.com\/fr\/content\/#\/schema\/logo\/image\/"}}]}},"_links":{"self":[{"href":"https:\/\/www.campings.com\/fr\/content\/wp-json\/wp\/v2\/pages\/3450","targetHints":{"allow":["GET"]}}],"collection":[{"href":"https:\/\/www.campings.com\/fr\/content\/wp-json\/wp\/v2\/pages"}],"about":[{"href":"https:\/\/www.campings.com\/fr\/content\/wp-json\/wp\/v2\/types\/page"}],"author":[{"embeddable":true,"href":"https:\/\/www.campings.com\/fr\/content\/wp-json\/wp\/v2\/users\/18"}],"replies":[{"embeddable":true,"href":"https:\/\/www.campings.com\/fr\/content\/wp-json\/wp\/v2\/comments?post=3450"}],"version-history":[{"count":2,"href":"https:\/\/www.campings.com\/fr\/content\/wp-json\/wp\/v2\/pages\/3450\/revisions"}],"predecessor-version":[{"id":3627,"href":"https:\/\/www.campings.com\/fr\/content\/wp-json\/wp\/v2\/pages\/3450\/revisions\/3627"}],"up":[{"embeddable":true,"href":"https:\/\/www.campings.com\/fr\/content\/wp-json\/wp\/v2\/pages\/3428"}],"wp:attachment":[{"href":"https:\/\/www.campings.com\/fr\/content\/wp-json\/wp\/v2\/media?parent=3450"}],"curies":[{"name":"wp","href":"https:\/\/api.w.org\/{rel}","templated":true}]}}