{"id":3446,"date":"2022-02-17T11:46:13","date_gmt":"2022-02-17T11:46:13","guid":{"rendered":"https:\/\/www.campings.com\/fr\/content\/?page_id=3446"},"modified":"2022-03-25T10:49:54","modified_gmt":"2022-03-25T10:49:54","slug":"campings-pas-cher-nouvelle-aquitaine","status":"publish","type":"page","link":"https:\/\/www.campings.com\/fr\/content\/guide-vacances-nouvelle-aquitaine\/campings-pas-cher-nouvelle-aquitaine\/","title":{"rendered":"Nos meilleurs campings pas cher en Nouvelle-Aquitaine"},"content":{"rendered":"<p>Vous souhaitez partir en vacances en <a href=\"https:\/\/www.campings.com\/fr\/content\/guide-vacances-nouvelle-aquitaine\/\"><strong><u>Nouvelle-Aquitaine<\/u><\/strong><\/a> avec un petit budget ? Optez pour une location en camping pour r\u00e9duire vos d\u00e9penses. Nous avons s\u00e9lectionn\u00e9 les \u00e9tablissements offrant le meilleur rapport qualit\u00e9-prix dans la r\u00e9gion.<\/p>\n<p>Envie de passer des vacances agr\u00e9ables avec vos proches ? Avec ses plages de sable fin \u00e0 perte de vue, son climat oc\u00e9anique doux et ses magnifiques sites naturels\u2026 la <a href=\"https:\/\/www.campings.com\/fr\/france\/aquitaine\"><strong>Nouvelle-Aquitaine\u00a0<\/strong><\/a>se pr\u00eate parfaitement au camping. Zoom sur les meilleurs campings pas chers dans la r\u00e9gion !<\/p>\n<h2><strong>Les meilleurs campings au bord de l\u2019oc\u00e9an\u00a0<\/strong><\/h2>\n<h3><strong>Le Camping Atlantic Club Montalivet<\/strong><\/h3>\n<p>\u00c0 Vendays-Montalivet (Gironde), cet \u00e9tablissement offre un acc\u00e8s direct \u00e0 la plage. Sur place, vous aurez acc\u00e8s \u00e0 de nombreux \u00e9quipements et services : piscines ext\u00e9rieures, laverie, \u00e9picerie, restaurant, Wifi\u2026<\/p>\n<p><a href=\"https:\/\/www.campings.com\/fr\/camping\/camping-atlantic-club-montalivet-77925\"><strong>Plus d\u2019infos sur le<\/strong>\u00a0<strong>Camping Atlantic Club Montalivet<\/strong><\/a>.<\/p>\n<h3><strong>Le Camping Camp\u00e9ole Les Tourterelles<\/strong><\/h3>\n<p>\u00c0 Vielle-Saint-Girons, ce camping se trouve \u00e0 200 m de la station baln\u00e9aire de Saint-Girons Plage. Pendant la saison estivale, un programme d\u2019animations riche et vari\u00e9 comblera les plus petits comme les plus grands. Le camping dispose d\u2019une piscine chauff\u00e9e, une pataugeoire et de nombreux jeux aquatiques.<\/p>\n<p><a href=\"https:\/\/www.campings.com\/fr\/camping\/camping-les-tourterelles-78748\"><strong>Plus d\u2019infos sur le<\/strong>\u00a0<strong>Camping Les Tourterelles<\/strong><\/a>.<\/p>\n<h3><strong>Le Camping M\u00e9doc Plage 4*<\/strong><\/h3>\n<p>Ce camping 4 \u00e9toiles se trouve \u00e0 950 m\u00e8tres de la plage seulement. Situ\u00e9 dans un cadre enchanteur, cet \u00e9tablissement est parfait pour des vacances plac\u00e9es sous le signe de la d\u00e9tente. Les r\u00e9sidents pourront profiter pleinement des activit\u00e9s baln\u00e9aires pendant leur s\u00e9jour.<\/p>\n<p>Adresse : 33, avenue de l&rsquo;Europe, 33 930 Vendays-Montalivet.<\/p>\n<p><a href=\"https:\/\/www.campings.com\/fr\/camping\/camping-medoc-plage-4-78715\"><strong>Plus d\u2019infos sur le<\/strong>\u00a0<strong>Camping M\u00e9doc Plage 4*<\/strong><\/a>.<\/p>\n<h3><strong>Le Camping Village Resort et Spa Le Vieux Port<\/strong><\/h3>\n<p>Cet \u00e9tablissement 5 \u00e9toiles offre aussi une belle proximit\u00e9 avec la plage et l\u2019Oc\u00e9an Atlantique. Sur place, tout est pens\u00e9 pour le confort des r\u00e9sidents : courts de tennis, salle de fitness, piscines couvertes\u2026 Le personnel vous r\u00e9serve un accueil et un service d\u2019une qualit\u00e9 irr\u00e9prochable.<br \/>\nAdresse : 850, route de la Plage Sud, 40 660 Messanges<\/p>\n<p><a href=\"https:\/\/www.campings.com\/fr\/camping\/camping-village-resort-et-spa-le-vieux-port-77802\"><strong>Plus d\u2019infos sur le<\/strong>\u00a0<strong>Camping Village Resort et Spa Le Vieux Port<\/strong><\/a>.<\/p>\n<p><img loading=\"lazy\" decoding=\"async\" class=\"alignnone size-full wp-image-3447\" src=\"https:\/\/www.campings.com\/fr\/content\/wp-content\/uploads\/2022\/02\/pas-cher-le-vieux-port-min.png\" alt=\"\" width=\"1000\" height=\"665\" srcset=\"https:\/\/www.campings.com\/fr\/content\/wp-content\/uploads\/2022\/02\/pas-cher-le-vieux-port-min.png 1000w, https:\/\/www.campings.com\/fr\/content\/wp-content\/uploads\/2022\/02\/pas-cher-le-vieux-port-min-300x200.png 300w, https:\/\/www.campings.com\/fr\/content\/wp-content\/uploads\/2022\/02\/pas-cher-le-vieux-port-min-768x511.png 768w, https:\/\/www.campings.com\/fr\/content\/wp-content\/uploads\/2022\/02\/pas-cher-le-vieux-port-min-450x299.png 450w, https:\/\/www.campings.com\/fr\/content\/wp-content\/uploads\/2022\/02\/pas-cher-le-vieux-port-min-430x286.png 430w\" sizes=\"auto, (max-width: 1000px) 100vw, 1000px\" \/><\/p>\n<h2><strong>Les campings pas chers dans le Sud-Ouest<\/strong><\/h2>\n<p>Envie de partir \u00e0 la d\u00e9couverte des plus beaux sites naturels de <a href=\"https:\/\/www.campings.com\/fr\/content\/guide-vacances-nouvelle-aquitaine\/\"><strong>Nouvelle-Aquitaine<\/strong><\/a><strong><u> ?<\/u><\/strong><strong>\u00a0<\/strong>Voici notre s\u00e9lection de campings pas chers dans cette partie du sud-ouest.<\/p>\n<h3><strong>Le Camping Village Resort et Spa Le Vieux Port<\/strong><\/h3>\n<p>En plus d\u2019\u00eatre situ\u00e9 \u00e0 proximit\u00e9 de la mer, ce camping propose des tarifs tr\u00e8s attractifs. Sur place, les r\u00e9sidents ont acc\u00e8s \u00e0 un panel d\u2019activit\u00e9s pour passer un s\u00e9jour agr\u00e9able et ludique.<\/p>\n<p><a href=\"https:\/\/www.campings.com\/fr\/camping\/camping-village-resort-et-spa-le-vieux-port-77802\"><strong>Plus d\u2019infos sur le<\/strong>\u00a0<strong>Camping Village Resort et Spa Le Vieux Port<\/strong><\/a>.<\/p>\n<h3><strong>Le Camping Atlantic Club Montalivet<\/strong><\/h3>\n<p>Cet \u00e9tablissement \u00e0 l\u2019ambiance conviviale offre un cadre parfait pour des vacances en famille. En plus de proposer des tarifs abordables, ce camping met \u00e0 votre disposition des services haut-de-gamme pour votre confort. Vous trouverez sur place une laverie, un restaurant, un bar, une \u00e9picerie\u2026<\/p>\n<p>Adresse : Avenue de l\u2019Europe, 33 930 Vendays-Montalivet<\/p>\n<p><a href=\"https:\/\/www.campings.com\/fr\/camping\/camping-atlantic-club-montalivet-77925\"><strong>Plus d\u2019infos sur le<\/strong>\u00a0<strong>Camping Atlantic Club Montalivet<\/strong><\/a>.<\/p>\n<h3><strong>Le Camping Maeva Escapade l&rsquo;Arbre d&rsquo;Or<\/strong><\/h3>\n<p>\u00c0 Parentis-en-Born, au bord du lac de Biscarosse, ce camping pas cher est parfait pour les familles. Des animations pour tous les \u00e2ges sont propos\u00e9es pour vous divertir : karaok\u00e9s, olympiades aquatiques, etc. Le camping dispose de deux grandes piscines.<\/p>\n<p>Adresse : 1037 Route du Lac, 40160 Parentis-en-Born<\/p>\n<p><a href=\"https:\/\/www.campings.com\/fr\/camping\/camping-maeva-escapade-l-arbre-d-or-76572\"><strong>Plus d\u2019infos sur le<\/strong>\u00a0<strong>Camping Maeva Escapade l&rsquo;Arbre d&rsquo;Or<\/strong><\/a>.<\/p>\n<h2><strong>Les campings pas chers avec parc aquatique\u00a0<\/strong><\/h2>\n<h3><strong>Le Camping Paradis des Pins<\/strong><\/h3>\n<p>\u00c0 Soulac-sur-Mer, cet \u00e9tablissement est \u00e9quip\u00e9 d\u2019une grande piscine ext\u00e9rieure chauff\u00e9e et d\u2019une pataugeoire. Sur place, vous pourrez profiter du baby-foot, du billard et des tables de ping-pong.<\/p>\n<p><a href=\"https:\/\/www.campings.com\/fr\/camping\/camping-des-pins-camping-paradis-78572\"><strong>Plus d\u2019infos sur le<\/strong>\u00a0<strong>Camping des Pins &#8211; Camping Paradis<\/strong><\/a>.<\/p>\n<h3><strong>Camping Paradis L&rsquo;Escapade<\/strong><\/h3>\n<p>Pour des vacances r\u00e9ussies en Dordogne, ce camping 4 \u00e9toiles comblera toutes vos attentes. Situ\u00e9 \u00e0 Lamonzie-Montastruc, pr\u00e8s de Bergerac, il dispose d\u2019une piscine couverte chauff\u00e9e toute l\u2019ann\u00e9e et d\u2019une piscine ext\u00e9rieure. Vous pourrez \u00e9galement profiter des tables de ping-pong, d\u2019un billard et d\u2019un hammam.<\/p>\n<p><a href=\"https:\/\/www.campings.com\/fr\/camping\/l-escapade-camping-paradis-77506\"><strong>Plus d\u2019infos sur<\/strong>\u00a0<strong>L&rsquo;Escapade &#8211; Camping Paradis<\/strong><\/a>.<\/p>\n<h3><strong>Le Camping Oyam<\/strong><\/h3>\n<p>\u00c0 Bidart, ce camping avec parc aquatique vous accueille dans une ambiance chaleureuse. Le bord de mer de Bidart se situe \u00e0 1,2km seulement de l\u2019\u00e9tablissement<\/p>\n<p>Adresse : 343 Rue d&rsquo;Oyamburua, 64210 Bidart<\/p>\n<p><a href=\"https:\/\/www.campings.com\/fr\/camping\/camping-oyam-76905\"><strong>Plus d\u2019infos sur le<\/strong>\u00a0<strong>Camping Oyam<\/strong><\/a>.<\/p>\n<p><img loading=\"lazy\" decoding=\"async\" class=\"alignnone size-full wp-image-3448\" src=\"https:\/\/www.campings.com\/fr\/content\/wp-content\/uploads\/2022\/02\/pas-cher-oyam-min.png\" alt=\"\" width=\"1000\" height=\"665\" srcset=\"https:\/\/www.campings.com\/fr\/content\/wp-content\/uploads\/2022\/02\/pas-cher-oyam-min.png 1000w, https:\/\/www.campings.com\/fr\/content\/wp-content\/uploads\/2022\/02\/pas-cher-oyam-min-300x200.png 300w, https:\/\/www.campings.com\/fr\/content\/wp-content\/uploads\/2022\/02\/pas-cher-oyam-min-768x511.png 768w, https:\/\/www.campings.com\/fr\/content\/wp-content\/uploads\/2022\/02\/pas-cher-oyam-min-450x299.png 450w, https:\/\/www.campings.com\/fr\/content\/wp-content\/uploads\/2022\/02\/pas-cher-oyam-min-430x286.png 430w\" sizes=\"auto, (max-width: 1000px) 100vw, 1000px\" \/><\/p>\n<h3><strong>Le Camping Atlantic Club Montalivet<\/strong><\/h3>\n<p>Ce camping 5 \u00e9toiles dispose d\u2019un bel espace aquatique pour passer des moments ludiques et agr\u00e9ables avec vos enfants. Sur place, vous aurez acc\u00e8s \u00e0 une laverie, un d\u00e9p\u00f4t de pain, une sup\u00e9rette, un restaurant, un bar\u2026<\/p>\n<p>Adresse : Avenue de l&rsquo;Europe, 33930 Vendays-Montalivet<\/p>\n<p><a href=\"https:\/\/www.campings.com\/fr\/camping\/camping-atlantic-club-montalivet-77925\"><strong>Plus d\u2019infos sur le<\/strong>\u00a0<strong>Camping Atlantic Club Montalivet<\/strong><\/a>.<\/p>\n<h2><strong>S\u00e9lection des meilleurs campings pour les familles dans la r\u00e9gion Nouvelle-Aquitaine<\/strong><\/h2>\n<p>Pour des vacances avec les enfants sous le signe de la bonne humeur et du divertissement, louez un camping familial ! Voici notre s\u00e9lection des meilleurs campings en\u00a0<a href=\"https:\/\/www.campings.com\/fr\/content\/guide-vacances-nouvelle-aquitaine\/\"><strong>Aquitaine<\/strong><\/a>.<\/p>\n<h3><strong>Le Camping La Castillonderie, un camping avec piscine id\u00e9al pour les vacances\u00a0<\/strong><\/h3>\n<p>Situ\u00e9 \u00e0 Thonac, cet \u00e9tablissement convient parfaitement aux familles. Les enfants auront \u00e0 leur disposition une aire de jeux, un ch\u00e2teau gonflable ainsi qu\u2019un mini club. En \u00e9t\u00e9, un programme d\u2019animations riche et vari\u00e9 vous attend.<\/p>\n<p><a href=\"https:\/\/www.campings.com\/fr\/camping\/camping-la-castillonderie-78618\"><strong>Plus d\u2019infos sur le<\/strong>\u00a0<strong>Camping La Castillonderie<\/strong><\/a>.<\/p>\n<h3><strong>Le Camping Brant\u00f4me Peyrelevade<\/strong><\/h3>\n<p>Ce camping \u00e0 l\u2019ambiance chaleureuse et d\u00e9tendue offre une belle proximit\u00e9 avec le Parc Naturel R\u00e9gional du P\u00e9rigord. Pour vous divertir, des activit\u00e9s ludiques et vari\u00e9es sont propos\u00e9es pour tous les \u00e2ges.<\/p>\n<p>Adresse : 46 avenue Andr\u00e9 Maurois, 24310 Brant\u00f4me<\/p>\n<p><a href=\"https:\/\/www.campings.com\/fr\/camping\/camping-brantome-peyrelevade-82385\"><strong>Plus d\u2019infos sur le<\/strong>\u00a0<strong>Camping Brant\u00f4me Peyrelevade<\/strong><\/a>.<\/p>\n<h3><strong>Le Slow Village Biscarosse Lac, camping familial sur la c\u00f4te<\/strong><\/h3>\n<p>Pour une ambiance farniente en famille, posez vos valises dans ce camping \u00e0 Biscarosse dans les Landes. Il dispose d\u2019une grande piscine ext\u00e9rieure chauff\u00e9e, un restaurant et un bar. Un \u00e9ventail d\u2019activit\u00e9s vous attend pour rythmer vos journ\u00e9es.<\/p>\n<p>Adresse : 7141, route des Lacs, Port Maguide &#8211; 40600 Biscarrosse.<\/p>\n<p><a href=\"https:\/\/www.campings.com\/fr\/camping\/slow-village-biscarosse-lac-76912\"><strong>Plus d\u2019infos sur le<\/strong>\u00a0<strong>Slow Village Biscarosse Lac<\/strong><\/a>.<\/p>\n<h3><strong>Le Camping Les Chalets de Dordogne<\/strong><\/h3>\n<p>Ce camping \u00e0 l\u2019ambiance conviviale et anim\u00e9e est parfait pour des vacances en famille en pleine nature. Vous logerez dans des chalets confortables et spacieux. Les r\u00e9sidents auront acc\u00e8s \u00e0 une sup\u00e9rette, un bar, une piscine, un terrain de p\u00e9tanque\u2026<\/p>\n<p>Adresse : lieu-dit le Moutard, 24500 Razac-d&rsquo;Eymet<\/p>\n<p><a href=\"https:\/\/www.campings.com\/fr\/camping\/camping-les-chalets-de-dordogne-78150\"><strong>Plus d\u2019infos sur le<\/strong>\u00a0<strong>Camping Les Chalets de Dordogne<\/strong><\/a>.<\/p>\n","protected":false},"excerpt":{"rendered":"<p>Vous souhaitez partir en vacances en Nouvelle-Aquitaine avec un petit budget ? Optez pour une location en camping pour r\u00e9duire vos d\u00e9penses. Nous avons s\u00e9lectionn\u00e9 les \u00e9tablissements offrant le meilleur rapport qualit\u00e9-prix dans la r\u00e9gion. Envie de passer des vacances agr\u00e9ables avec vos proches ? Avec ses plages de sable fin \u00e0 perte de vue, [&hellip;]<\/p>\n","protected":false},"author":18,"featured_media":0,"parent":3428,"menu_order":0,"comment_status":"closed","ping_status":"closed","template":"template-twocolumns.php","meta":{"_acf_changed":false,"footnotes":""},"class_list":["post-3446","page","type-page","status-publish","hentry"],"acf":[],"yoast_head":"<!-- This site is optimized with the Yoast SEO plugin v27.1.1 - https:\/\/yoast.com\/product\/yoast-seo-wordpress\/ -->\n<title>Nos meilleurs campings pas cher en Nouvelle-Aquitaine -<\/title>\n<meta name=\"robots\" content=\"index, follow, max-snippet:-1, max-image-preview:large, max-video-preview:-1\" \/>\n<link rel=\"canonical\" href=\"https:\/\/www.campings.com\/fr\/content\/guide-vacances-nouvelle-aquitaine\/campings-pas-cher-nouvelle-aquitaine\/\" \/>\n<meta property=\"og:locale\" content=\"fr_FR\" \/>\n<meta property=\"og:type\" content=\"article\" \/>\n<meta property=\"og:title\" content=\"Nos meilleurs campings pas cher en Nouvelle-Aquitaine -\" \/>\n<meta property=\"og:description\" content=\"Vous souhaitez partir en vacances en Nouvelle-Aquitaine avec un petit budget ? Optez pour une location en camping pour r\u00e9duire vos d\u00e9penses. Nous avons s\u00e9lectionn\u00e9 les \u00e9tablissements offrant le meilleur rapport qualit\u00e9-prix dans la r\u00e9gion. Envie de passer des vacances agr\u00e9ables avec vos proches ? Avec ses plages de sable fin \u00e0 perte de vue, [&hellip;]\" \/>\n<meta property=\"og:url\" content=\"https:\/\/www.campings.com\/fr\/content\/guide-vacances-nouvelle-aquitaine\/campings-pas-cher-nouvelle-aquitaine\/\" \/>\n<meta property=\"article:modified_time\" content=\"2022-03-25T10:49:54+00:00\" \/>\n<meta property=\"og:image\" content=\"https:\/\/www.campings.com\/fr\/content\/wp-content\/uploads\/2022\/02\/pas-cher-le-vieux-port-min.png\" \/>\n\t<meta property=\"og:image:width\" content=\"1000\" \/>\n\t<meta property=\"og:image:height\" content=\"665\" \/>\n\t<meta property=\"og:image:type\" content=\"image\/png\" \/>\n<meta name=\"twitter:card\" content=\"summary_large_image\" \/>\n<meta name=\"twitter:label1\" content=\"Dur\u00e9e de lecture estim\u00e9e\" \/>\n\t<meta name=\"twitter:data1\" content=\"5 minutes\" \/>\n<script type=\"application\/ld+json\" class=\"yoast-schema-graph\">{\"@context\":\"https:\/\/schema.org\",\"@graph\":[{\"@type\":\"WebPage\",\"@id\":\"https:\/\/www.campings.com\/fr\/content\/guide-vacances-nouvelle-aquitaine\/campings-pas-cher-nouvelle-aquitaine\/\",\"url\":\"https:\/\/www.campings.com\/fr\/content\/guide-vacances-nouvelle-aquitaine\/campings-pas-cher-nouvelle-aquitaine\/\",\"name\":\"Nos meilleurs campings pas cher en Nouvelle-Aquitaine -\",\"isPartOf\":{\"@id\":\"https:\/\/www.campings.com\/fr\/content\/#website\"},\"primaryImageOfPage\":{\"@id\":\"https:\/\/www.campings.com\/fr\/content\/guide-vacances-nouvelle-aquitaine\/campings-pas-cher-nouvelle-aquitaine\/#primaryimage\"},\"image\":{\"@id\":\"https:\/\/www.campings.com\/fr\/content\/guide-vacances-nouvelle-aquitaine\/campings-pas-cher-nouvelle-aquitaine\/#primaryimage\"},\"thumbnailUrl\":\"https:\/\/www.campings.com\/fr\/content\/wp-content\/uploads\/2022\/02\/pas-cher-le-vieux-port-min.png\",\"datePublished\":\"2022-02-17T11:46:13+00:00\",\"dateModified\":\"2022-03-25T10:49:54+00:00\",\"breadcrumb\":{\"@id\":\"https:\/\/www.campings.com\/fr\/content\/guide-vacances-nouvelle-aquitaine\/campings-pas-cher-nouvelle-aquitaine\/#breadcrumb\"},\"inLanguage\":\"fr-FR\",\"potentialAction\":[{\"@type\":\"ReadAction\",\"target\":[\"https:\/\/www.campings.com\/fr\/content\/guide-vacances-nouvelle-aquitaine\/campings-pas-cher-nouvelle-aquitaine\/\"]}]},{\"@type\":\"ImageObject\",\"inLanguage\":\"fr-FR\",\"@id\":\"https:\/\/www.campings.com\/fr\/content\/guide-vacances-nouvelle-aquitaine\/campings-pas-cher-nouvelle-aquitaine\/#primaryimage\",\"url\":\"https:\/\/www.campings.com\/fr\/content\/wp-content\/uploads\/2022\/02\/pas-cher-le-vieux-port-min.png\",\"contentUrl\":\"https:\/\/www.campings.com\/fr\/content\/wp-content\/uploads\/2022\/02\/pas-cher-le-vieux-port-min.png\",\"width\":1000,\"height\":665},{\"@type\":\"BreadcrumbList\",\"@id\":\"https:\/\/www.campings.com\/fr\/content\/guide-vacances-nouvelle-aquitaine\/campings-pas-cher-nouvelle-aquitaine\/#breadcrumb\",\"itemListElement\":[{\"@type\":\"ListItem\",\"position\":1,\"name\":\"Home\",\"item\":\"https:\/\/www.campings.com\/fr\/content\/\"},{\"@type\":\"ListItem\",\"position\":2,\"name\":\"Le guide de vos vacances en Nouvelle-Aquitaine\",\"item\":\"https:\/\/www.campings.com\/fr\/content\/guide-vacances-nouvelle-aquitaine\/\"},{\"@type\":\"ListItem\",\"position\":3,\"name\":\"Nos meilleurs campings pas cher en Nouvelle-Aquitaine\"}]},{\"@type\":\"WebSite\",\"@id\":\"https:\/\/www.campings.com\/fr\/content\/#website\",\"url\":\"https:\/\/www.campings.com\/fr\/content\/\",\"name\":\"\",\"description\":\"\",\"publisher\":{\"@id\":\"https:\/\/www.campings.com\/fr\/content\/#organization\"},\"potentialAction\":[{\"@type\":\"SearchAction\",\"target\":{\"@type\":\"EntryPoint\",\"urlTemplate\":\"https:\/\/www.campings.com\/fr\/content\/?s={search_term_string}\"},\"query-input\":{\"@type\":\"PropertyValueSpecification\",\"valueRequired\":true,\"valueName\":\"search_term_string\"}}],\"inLanguage\":\"fr-FR\"},{\"@type\":\"Organization\",\"@id\":\"https:\/\/www.campings.com\/fr\/content\/#organization\",\"name\":\"CAMPINGS.COM\",\"url\":\"https:\/\/www.campings.com\/fr\/content\/\",\"logo\":{\"@type\":\"ImageObject\",\"inLanguage\":\"fr-FR\",\"@id\":\"https:\/\/www.campings.com\/fr\/content\/#\/schema\/logo\/image\/\",\"url\":\"https:\/\/www.campings.com\/fr\/content\/wp-content\/uploads\/2019\/01\/cropped-logo-1.png\",\"contentUrl\":\"https:\/\/www.campings.com\/fr\/content\/wp-content\/uploads\/2019\/01\/cropped-logo-1.png\",\"width\":174,\"height\":42,\"caption\":\"CAMPINGS.COM\"},\"image\":{\"@id\":\"https:\/\/www.campings.com\/fr\/content\/#\/schema\/logo\/image\/\"}}]}<\/script>\n<!-- \/ Yoast SEO plugin. -->","yoast_head_json":{"title":"Nos meilleurs campings pas cher en Nouvelle-Aquitaine -","robots":{"index":"index","follow":"follow","max-snippet":"max-snippet:-1","max-image-preview":"max-image-preview:large","max-video-preview":"max-video-preview:-1"},"canonical":"https:\/\/www.campings.com\/fr\/content\/guide-vacances-nouvelle-aquitaine\/campings-pas-cher-nouvelle-aquitaine\/","og_locale":"fr_FR","og_type":"article","og_title":"Nos meilleurs campings pas cher en Nouvelle-Aquitaine -","og_description":"Vous souhaitez partir en vacances en Nouvelle-Aquitaine avec un petit budget ? Optez pour une location en camping pour r\u00e9duire vos d\u00e9penses. Nous avons s\u00e9lectionn\u00e9 les \u00e9tablissements offrant le meilleur rapport qualit\u00e9-prix dans la r\u00e9gion. Envie de passer des vacances agr\u00e9ables avec vos proches ? Avec ses plages de sable fin \u00e0 perte de vue, [&hellip;]","og_url":"https:\/\/www.campings.com\/fr\/content\/guide-vacances-nouvelle-aquitaine\/campings-pas-cher-nouvelle-aquitaine\/","article_modified_time":"2022-03-25T10:49:54+00:00","og_image":[{"width":1000,"height":665,"url":"https:\/\/www.campings.com\/fr\/content\/wp-content\/uploads\/2022\/02\/pas-cher-le-vieux-port-min.png","type":"image\/png"}],"twitter_card":"summary_large_image","twitter_misc":{"Dur\u00e9e de lecture estim\u00e9e":"5 minutes"},"schema":{"@context":"https:\/\/schema.org","@graph":[{"@type":"WebPage","@id":"https:\/\/www.campings.com\/fr\/content\/guide-vacances-nouvelle-aquitaine\/campings-pas-cher-nouvelle-aquitaine\/","url":"https:\/\/www.campings.com\/fr\/content\/guide-vacances-nouvelle-aquitaine\/campings-pas-cher-nouvelle-aquitaine\/","name":"Nos meilleurs campings pas cher en Nouvelle-Aquitaine -","isPartOf":{"@id":"https:\/\/www.campings.com\/fr\/content\/#website"},"primaryImageOfPage":{"@id":"https:\/\/www.campings.com\/fr\/content\/guide-vacances-nouvelle-aquitaine\/campings-pas-cher-nouvelle-aquitaine\/#primaryimage"},"image":{"@id":"https:\/\/www.campings.com\/fr\/content\/guide-vacances-nouvelle-aquitaine\/campings-pas-cher-nouvelle-aquitaine\/#primaryimage"},"thumbnailUrl":"https:\/\/www.campings.com\/fr\/content\/wp-content\/uploads\/2022\/02\/pas-cher-le-vieux-port-min.png","datePublished":"2022-02-17T11:46:13+00:00","dateModified":"2022-03-25T10:49:54+00:00","breadcrumb":{"@id":"https:\/\/www.campings.com\/fr\/content\/guide-vacances-nouvelle-aquitaine\/campings-pas-cher-nouvelle-aquitaine\/#breadcrumb"},"inLanguage":"fr-FR","potentialAction":[{"@type":"ReadAction","target":["https:\/\/www.campings.com\/fr\/content\/guide-vacances-nouvelle-aquitaine\/campings-pas-cher-nouvelle-aquitaine\/"]}]},{"@type":"ImageObject","inLanguage":"fr-FR","@id":"https:\/\/www.campings.com\/fr\/content\/guide-vacances-nouvelle-aquitaine\/campings-pas-cher-nouvelle-aquitaine\/#primaryimage","url":"https:\/\/www.campings.com\/fr\/content\/wp-content\/uploads\/2022\/02\/pas-cher-le-vieux-port-min.png","contentUrl":"https:\/\/www.campings.com\/fr\/content\/wp-content\/uploads\/2022\/02\/pas-cher-le-vieux-port-min.png","width":1000,"height":665},{"@type":"BreadcrumbList","@id":"https:\/\/www.campings.com\/fr\/content\/guide-vacances-nouvelle-aquitaine\/campings-pas-cher-nouvelle-aquitaine\/#breadcrumb","itemListElement":[{"@type":"ListItem","position":1,"name":"Home","item":"https:\/\/www.campings.com\/fr\/content\/"},{"@type":"ListItem","position":2,"name":"Le guide de vos vacances en Nouvelle-Aquitaine","item":"https:\/\/www.campings.com\/fr\/content\/guide-vacances-nouvelle-aquitaine\/"},{"@type":"ListItem","position":3,"name":"Nos meilleurs campings pas cher en Nouvelle-Aquitaine"}]},{"@type":"WebSite","@id":"https:\/\/www.campings.com\/fr\/content\/#website","url":"https:\/\/www.campings.com\/fr\/content\/","name":"","description":"","publisher":{"@id":"https:\/\/www.campings.com\/fr\/content\/#organization"},"potentialAction":[{"@type":"SearchAction","target":{"@type":"EntryPoint","urlTemplate":"https:\/\/www.campings.com\/fr\/content\/?s={search_term_string}"},"query-input":{"@type":"PropertyValueSpecification","valueRequired":true,"valueName":"search_term_string"}}],"inLanguage":"fr-FR"},{"@type":"Organization","@id":"https:\/\/www.campings.com\/fr\/content\/#organization","name":"CAMPINGS.COM","url":"https:\/\/www.campings.com\/fr\/content\/","logo":{"@type":"ImageObject","inLanguage":"fr-FR","@id":"https:\/\/www.campings.com\/fr\/content\/#\/schema\/logo\/image\/","url":"https:\/\/www.campings.com\/fr\/content\/wp-content\/uploads\/2019\/01\/cropped-logo-1.png","contentUrl":"https:\/\/www.campings.com\/fr\/content\/wp-content\/uploads\/2019\/01\/cropped-logo-1.png","width":174,"height":42,"caption":"CAMPINGS.COM"},"image":{"@id":"https:\/\/www.campings.com\/fr\/content\/#\/schema\/logo\/image\/"}}]}},"_links":{"self":[{"href":"https:\/\/www.campings.com\/fr\/content\/wp-json\/wp\/v2\/pages\/3446","targetHints":{"allow":["GET"]}}],"collection":[{"href":"https:\/\/www.campings.com\/fr\/content\/wp-json\/wp\/v2\/pages"}],"about":[{"href":"https:\/\/www.campings.com\/fr\/content\/wp-json\/wp\/v2\/types\/page"}],"author":[{"embeddable":true,"href":"https:\/\/www.campings.com\/fr\/content\/wp-json\/wp\/v2\/users\/18"}],"replies":[{"embeddable":true,"href":"https:\/\/www.campings.com\/fr\/content\/wp-json\/wp\/v2\/comments?post=3446"}],"version-history":[{"count":2,"href":"https:\/\/www.campings.com\/fr\/content\/wp-json\/wp\/v2\/pages\/3446\/revisions"}],"predecessor-version":[{"id":3628,"href":"https:\/\/www.campings.com\/fr\/content\/wp-json\/wp\/v2\/pages\/3446\/revisions\/3628"}],"up":[{"embeddable":true,"href":"https:\/\/www.campings.com\/fr\/content\/wp-json\/wp\/v2\/pages\/3428"}],"wp:attachment":[{"href":"https:\/\/www.campings.com\/fr\/content\/wp-json\/wp\/v2\/media?parent=3446"}],"curies":[{"name":"wp","href":"https:\/\/api.w.org\/{rel}","templated":true}]}}