{"id":3442,"date":"2022-02-17T11:40:13","date_gmt":"2022-02-17T11:40:13","guid":{"rendered":"https:\/\/www.campings.com\/fr\/content\/?page_id=3442"},"modified":"2022-03-25T10:47:02","modified_gmt":"2022-03-25T10:47:02","slug":"campings-ouverts-toute-annee-nouvelle-aquitaine","status":"publish","type":"page","link":"https:\/\/www.campings.com\/fr\/content\/guide-vacances-nouvelle-aquitaine\/campings-ouverts-toute-annee-nouvelle-aquitaine\/","title":{"rendered":"Les campings ouverts toute l&rsquo;ann\u00e9e en Nouvelle-Aquitaine"},"content":{"rendered":"<p>Avec ses plages de sable fin et sa pluralit\u00e9 de paysages, la <a href=\"https:\/\/www.campings.com\/fr\/content\/guide-vacances-nouvelle-aquitaine\/\"><strong><u>Nouvelle-Aquitaine<\/u><\/strong><\/a> est un territoire \u00e0 visiter toute l\u2019ann\u00e9e. Nous avons s\u00e9lectionn\u00e9 les meilleurs campings ouverts toute l\u2019ann\u00e9e dans la r\u00e9gion.<\/p>\n<p>En plus de son magnifique littoral, la <a href=\"https:\/\/www.campings.com\/fr\/france\/aquitaine\">Nouvelle-Aquitaine\u00a0<\/a>regorge de sites d\u2019exception \u00e0 visiter. La dune du Pilat, l\u2019\u00eele d\u2019Ol\u00e9ron, la vall\u00e9e de la Dordogne, la route des vins de Bordeaux\u2026 De plus, cette r\u00e9gion de la France b\u00e9n\u00e9ficie d\u2019un climat oc\u00e9anique, avec des hivers doux et des \u00e9t\u00e9s relativement chauds. Des conditions parfaites pour faire du camping en famille toute l\u2019ann\u00e9e !<\/p>\n<h2><strong>Les campings ouverts toute l\u2019ann\u00e9e dans les Landes<\/strong><\/h2>\n<h3><strong>Camping Le Carbonnier<\/strong><\/h3>\n<p>Ce camping 4 \u00e9toiles, situ\u00e9 \u00e0 Saint-Martial-de-Nabirat est parfait pour les familles. Il poss\u00e8de deux piscines (une couverte et une ext\u00e9rieure). Les enfants pourront profiter de l\u2019aire de jeux qui leur est d\u00e9di\u00e9e.<\/p>\n<p><a href=\"https:\/\/www.campings.com\/fr\/camping\/camping-le-carbonnier-78339\">Plus d\u2019infos sur le Camping Le Carbonnier<\/a>.<\/p>\n<h3><strong>Camping Club Famille Lou Pignada<\/strong><\/h3>\n<p>Situ\u00e9 \u00e0 Messanges, cet \u00e9tablissement offre un programme d\u2019activit\u00e9s tr\u00e8s vari\u00e9. Les r\u00e9sidents ont acc\u00e8s \u00e0 un immense parc aquatique et \u00e0 un bassin Baln\u00e9o disponible \u00e0 partir de mai 2022.<\/p>\n<p><a href=\"https:\/\/www.campings.com\/fr\/camping\/camping-club-famille-lou-pignada-77799\">Plus d\u2019infos sur le Camping Club Famille Lou Pignada<\/a>.<\/p>\n<h3><strong>Camping Domaine de la Marina<\/strong><\/h3>\n<p>\u00c0 Messanges, ce camping se trouve \u00e0 800 m\u00e8tres de la plage seulement. L\u2019\u00e9tablissement dispose d\u2019une piscine couverte chauff\u00e9e et d\u2019une aire de jeux aqualudique pour les enfants.<\/p>\n<p><a href=\"https:\/\/www.campings.com\/fr\/camping\/camping-domaine-de-la-marina-77804\">Plus d\u2019infos sur le Camping Domaine de la Marina<\/a>.<\/p>\n<h3><strong>Camping Mayotte Vacances<\/strong><\/h3>\n<p>Si vous comptez s\u00e9journer \u00e0 Biscarrosse, ce camping est l\u2019endroit id\u00e9al o\u00f9 poser vos valises. Vous aurez acc\u00e8s \u00e0 un parc aquatique compos\u00e9 d\u2019une piscine couverte et d\u2019un bassin ext\u00e9rieur. De plus des animations pour tous les \u00e2ges sont organis\u00e9es tout au long de l\u2019ann\u00e9e.<\/p>\n<p><a href=\"https:\/\/www.campings.com\/fr\/camping\/camping-mayotte-vacances-76910\">Plus d\u2019infos sur le Camping Mayotte Vacances.<\/a><\/p>\n<h2><strong>Liste de campings ouverts toute l\u2019ann\u00e9e dans le Pays basque<\/strong><\/h2>\n<p>R\u00e9put\u00e9 pour ses plages et ses paysages entre mer et montagnes, le Pays basque, en <a href=\"https:\/\/www.campings.com\/fr\/content\/guide-vacances-nouvelle-aquitaine\/\">Nouvelle-Aquitaine<\/a> attire de nombreux touristes. D\u00e9couvrez les meilleurs campings o\u00f9 s\u00e9journer.<\/p>\n<h3><strong>Camping SeaGreen Erreka<\/strong><\/h3>\n<p>Situ\u00e9 \u00e0 Bidart, au c\u0153ur d\u2019un immense parc verdoyant, ce camping est parfait pour un s\u00e9jour reposant. L\u2019\u00e9tablissement dispose d\u2019une piscine ext\u00e9rieure chauff\u00e9e, accessible uniquement durant la haute saison. Des animations vari\u00e9es sont propos\u00e9es tout au long de l\u2019ann\u00e9e aux r\u00e9sidents.<\/p>\n<p><a href=\"https:\/\/www.campings.com\/fr\/camping\/camping-seagreen-erreka-76904\">Plus d\u2019infos sur le Camping SeaGreen Erreka.<\/a><\/p>\n<p><img loading=\"lazy\" decoding=\"async\" class=\"alignnone size-full wp-image-3443\" src=\"https:\/\/www.campings.com\/fr\/content\/wp-content\/uploads\/2022\/02\/ouvert-toute-lannee-seagreen-erreka-min.png\" alt=\"\" width=\"1000\" height=\"665\" srcset=\"https:\/\/www.campings.com\/fr\/content\/wp-content\/uploads\/2022\/02\/ouvert-toute-lannee-seagreen-erreka-min.png 1000w, https:\/\/www.campings.com\/fr\/content\/wp-content\/uploads\/2022\/02\/ouvert-toute-lannee-seagreen-erreka-min-300x200.png 300w, https:\/\/www.campings.com\/fr\/content\/wp-content\/uploads\/2022\/02\/ouvert-toute-lannee-seagreen-erreka-min-768x511.png 768w, https:\/\/www.campings.com\/fr\/content\/wp-content\/uploads\/2022\/02\/ouvert-toute-lannee-seagreen-erreka-min-450x299.png 450w, https:\/\/www.campings.com\/fr\/content\/wp-content\/uploads\/2022\/02\/ouvert-toute-lannee-seagreen-erreka-min-430x286.png 430w\" sizes=\"auto, (max-width: 1000px) 100vw, 1000px\" \/><\/p>\n<h3><strong>Camping Biper Gorri<\/strong><\/h3>\n<p>Si vous souhaitez visiter Espelette, un village qui fait la fiert\u00e9 des Basques, ce camping est l\u2019endroit parfait. Les r\u00e9sidents pourront profiter du hammam, du sauna et d\u2019une aire de jeux pour les enfants. L\u2019\u00e9tablissement dispose d\u2019un grand parc aquatique avec une piscine couverte et une piscine ext\u00e9rieure chauff\u00e9e, pour un bien-\u00eatre garanti.<\/p>\n<p><a href=\"https:\/\/www.campings.com\/fr\/camping\/camping-biper-gorri-77238\">Plus d\u2019infos sur le Camping Biper Gorri<\/a>.<\/p>\n<h3><strong>Camping Village de Chalets Auguste Delaune<\/strong><\/h3>\n<p>Situ\u00e9 \u00e0 Hendaye, \u00e0 800 m\u00e8tres de la plage, ce camping familial dispose d\u2019une piscine ext\u00e9rieure chauff\u00e9e. Sur place, de nombreux \u00e9quipements et services sont propos\u00e9s pour assurer le confort des clients.<\/p>\n<p><a href=\"https:\/\/www.campings.com\/fr\/camping\/village-de-chalets-auguste-delaune-77332\">Plus d\u2019infos sur le Camping Village de Chalets Auguste Delaune<\/a>.<\/p>\n<h3><strong>Camping Europ Camping<\/strong><\/h3>\n<p>\u00c0 Ascarat, ce camping 4 \u00e9toiles ouvert toute l\u2019ann\u00e9e comblera toutes vos attentes. Vous aurez acc\u00e8s \u00e0 :<\/p>\n<ul>\n<li>Une piscine ext\u00e9rieure chauff\u00e9e ;<\/li>\n<li>Un bassin pour les enfants ;<\/li>\n<li>Un court de tennis.<\/li>\n<\/ul>\n<p><a href=\"https:\/\/www.campings.com\/fr\/camping\/camping-europ-camping-76788\">Plus d\u2019infos sur le Camping Europ Camping<\/a>.<\/p>\n<h2><strong>Liste de campings ouverts toute l\u2019ann\u00e9e en Gironde<\/strong><\/h2>\n<h3><strong>Camping le Ch\u00eane du Lac <\/strong><\/h3>\n<p>\u00c0 proximit\u00e9 des vignobles de Bayas, ce camping 3 \u00e9toiles propose un choix vari\u00e9 d\u2019activit\u00e9s pour animer vos journ\u00e9es.<\/p>\n<p><a href=\"https:\/\/www.campings.com\/fr\/camping\/camping-le-chene-du-lac-76850\">Plus d\u2019infos sur le Camping le Ch\u00eane du Lac<\/a><\/p>\n<h3><strong>Camping L\u2019Or\u00e9e du Bois (location camping \u00e0 l&rsquo;ann\u00e9e)<\/strong><\/h3>\n<p>Situ\u00e9 \u00e0 Hourtin, \u00e0 proximit\u00e9 des march\u00e9s, ce camping b\u00e9n\u00e9ficie d\u2019un bel emplacement, entre plage et lac. En \u00e9t\u00e9, les r\u00e9sidents ont acc\u00e8s \u00e0 la piscine couverte pour se baigner. Avec son ambiance chaleureuse, l\u2019\u00e9tablissement est parfait pour les familles.<\/p>\n<p><a href=\"https:\/\/www.campings.com\/fr\/camping\/camping-l-oree-du-bois-82232\">Plus d\u2019infos sur le Camping L\u2019Or\u00e9e du Bois<\/a><\/p>\n<h3><strong>Camping Vert Bord d\u2019eau (camping mobil home ouvert toute l&rsquo;ann\u00e9e)<\/strong><\/h3>\n<p>Implant\u00e9 \u00e0 Saint-Symphorien, ce camping dispose d\u2019un immense espace de loisirs et des infrastructures suivantes :<\/p>\n<ul>\n<li>Une piscine chauff\u00e9e ;<\/li>\n<li>Une salle de fitness ;<\/li>\n<li>Un bain \u00e0 remous ;<\/li>\n<li>Une aire de jeux ;<\/li>\n<li>Etc.<\/li>\n<\/ul>\n<p><a href=\"https:\/\/www.campings.com\/fr\/camping\/camping-vert-bord-deau-78416\">Plus d\u2019infos sur le Camping Vert Bord d\u2019eau<\/a><\/p>\n<h3><strong>Camping Siblu Les Viviers-Funpass inclus, camping ouvert toute l&rsquo;ann\u00e9e en bord de mer<\/strong><\/h3>\n<p>Ce camping appr\u00e9ci\u00e9 pour son ambiance familiale se trouve \u00e0 L\u00e8ge-Cap-Ferret, \u00e0 5 km de la plage seulement. Situ\u00e9 au bord d\u2019un lac, il b\u00e9n\u00e9ficie d\u2019un cadre privil\u00e9gi\u00e9, parfait pour des vacances agr\u00e9ables et reposantes. Sur place, vous aurez acc\u00e8s \u00e0 :<\/p>\n<ul>\n<li>Deux piscines chauff\u00e9es durant l\u2019\u00e9t\u00e9 ;<\/li>\n<li>Un sauna ;<\/li>\n<li>Un court de tennis ;<\/li>\n<li>Un bain \u00e0 remous ;<\/li>\n<li>Une aire de jeux ;<\/li>\n<li>Un toboggan aquatique.<\/li>\n<\/ul>\n<p><a href=\"https:\/\/www.campings.com\/fr\/camping\/camping-siblu-les-viviers-funpass-inclus-77609\">Plus d\u2019infos sur le Camping Siblu Les Viviers-Funpass inclus<\/a><\/p>\n<p><img loading=\"lazy\" decoding=\"async\" class=\"alignnone size-full wp-image-3444\" src=\"https:\/\/www.campings.com\/fr\/content\/wp-content\/uploads\/2022\/02\/ouvert-toute-lannee-siblu-les-viviers-min.png\" alt=\"\" width=\"1000\" height=\"665\" srcset=\"https:\/\/www.campings.com\/fr\/content\/wp-content\/uploads\/2022\/02\/ouvert-toute-lannee-siblu-les-viviers-min.png 1000w, https:\/\/www.campings.com\/fr\/content\/wp-content\/uploads\/2022\/02\/ouvert-toute-lannee-siblu-les-viviers-min-300x200.png 300w, https:\/\/www.campings.com\/fr\/content\/wp-content\/uploads\/2022\/02\/ouvert-toute-lannee-siblu-les-viviers-min-768x511.png 768w, https:\/\/www.campings.com\/fr\/content\/wp-content\/uploads\/2022\/02\/ouvert-toute-lannee-siblu-les-viviers-min-450x299.png 450w, https:\/\/www.campings.com\/fr\/content\/wp-content\/uploads\/2022\/02\/ouvert-toute-lannee-siblu-les-viviers-min-430x286.png 430w\" sizes=\"auto, (max-width: 1000px) 100vw, 1000px\" \/><\/p>\n<h2><strong>Liste des campings ouverts toute l\u2019ann\u00e9e avec une piscine couverte<\/strong><\/h2>\n<p>La <a href=\"https:\/\/www.campings.com\/fr\/content\/guide-vacances-nouvelle-aquitaine\/\">Nouvelle-Aquitaine\u00a0<\/a>abrite de magnifiques plages de sable blanc o\u00f9 se ressourcer en \u00e9t\u00e9 comme en hiver. Voici quelques campings ouverts toute l\u2019ann\u00e9e \u00e9quip\u00e9s d\u2019une piscine couverte.<\/p>\n<h3><strong>Camping Lou Broustaricq, ouvert toute l&rsquo;ann\u00e9e dans le sud<\/strong>\u00a0de la France<\/h3>\n<p>\u00c0 Sanguinet, \u00e0 200 m\u00e8tres de la plage, ce camping dispose de nombreux \u00e9quipements pour vous faire passer un s\u00e9jour agr\u00e9able.<\/p>\n<p>Terrains de sport ;<\/p>\n<ul>\n<li>Piscine ;<\/li>\n<li>Salon de massage ;<\/li>\n<li>Spa ;<\/li>\n<li>Aire de jeux pour enfants.<\/li>\n<\/ul>\n<p><a href=\"https:\/\/www.campings.com\/fr\/camping\/to-sur-camping-lou-broustaricq-76656\">Plus d\u2019infos sur le Camping Lou Broustaricq.<\/a><\/p>\n<h3><strong>Camping Paradis, un camping \u00e0 l&rsquo;ann\u00e9e pas cher<\/strong><\/h3>\n<p>Situ\u00e9 \u00e0 Lamonzie-Montastruc, ce camping est le point de chute parfait pour d\u00e9couvrir les tr\u00e9sors cach\u00e9s de la r\u00e9gion. Sur place, vous aurez acc\u00e8s \u00e0 un parc aquatique, un hammam et des aires de jeux pour enfants.<\/p>\n<p><a href=\"https:\/\/www.campings.com\/fr\/camping\/l-escapade-camping-paradis-77506\">Plus d\u2019infos sur le Camping Paradis<\/a>.<\/p>\n<h3><strong>Camping Le Soleil des Landes<\/strong><\/h3>\n<p>\u00c0 Lit-et-Mixe dans les Landes, \u00e0 7 km de la plage seulement, ce camping vous promet un s\u00e9jour agr\u00e9able et convivial. L\u2019\u00e9tablissement propose des mobil-homes spacieux et tout confort. Vous aurez \u00e9galement acc\u00e8s \u00e0 un court de tennis, un espace aquatique, une piscine couverte chauff\u00e9e&#8230;<\/p>\n<p><a href=\"https:\/\/www.campings.com\/fr\/camping\/camping-le-soleil-des-landes-77674\">Plus d\u2019infos sur le Camping Le Soleil des Landes<\/a><\/p>\n<h3><strong>Camping le Carbonnier<\/strong><\/h3>\n<p>Ce camping 4 \u00e9toiles, situ\u00e9 \u00e0 Saint-Martial-de-Nabirat en Dordogne r\u00e9unit tous les atouts pour passer un s\u00e9jour agr\u00e9able. Il dispose d\u2019une piscine ext\u00e9rieure chauff\u00e9e ainsi que d\u2019une piscine couverte chauff\u00e9e accessible m\u00eame hors saison.<\/p>\n<p><a href=\"https:\/\/www.campings.com\/fr\/camping\/camping-le-carbonnier-78339\">Plus d\u2019infos sur le Camping le Carbonnier<\/a><\/p>\n","protected":false},"excerpt":{"rendered":"<p>Avec ses plages de sable fin et sa pluralit\u00e9 de paysages, la Nouvelle-Aquitaine est un territoire \u00e0 visiter toute l\u2019ann\u00e9e. Nous avons s\u00e9lectionn\u00e9 les meilleurs campings ouverts toute l\u2019ann\u00e9e dans la r\u00e9gion. En plus de son magnifique littoral, la Nouvelle-Aquitaine\u00a0regorge de sites d\u2019exception \u00e0 visiter. La dune du Pilat, l\u2019\u00eele d\u2019Ol\u00e9ron, la vall\u00e9e de la [&hellip;]<\/p>\n","protected":false},"author":18,"featured_media":0,"parent":3428,"menu_order":0,"comment_status":"closed","ping_status":"closed","template":"template-twocolumns.php","meta":{"_acf_changed":false,"footnotes":""},"class_list":["post-3442","page","type-page","status-publish","hentry"],"acf":[],"yoast_head":"<!-- This site is optimized with the Yoast SEO plugin v27.1.1 - https:\/\/yoast.com\/product\/yoast-seo-wordpress\/ -->\n<title>Les campings ouverts toute l&#039;ann\u00e9e en Nouvelle-Aquitaine -<\/title>\n<meta name=\"robots\" content=\"index, follow, max-snippet:-1, max-image-preview:large, max-video-preview:-1\" \/>\n<link rel=\"canonical\" href=\"https:\/\/www.campings.com\/fr\/content\/guide-vacances-nouvelle-aquitaine\/campings-ouverts-toute-annee-nouvelle-aquitaine\/\" \/>\n<meta property=\"og:locale\" content=\"fr_FR\" \/>\n<meta property=\"og:type\" content=\"article\" \/>\n<meta property=\"og:title\" content=\"Les campings ouverts toute l&#039;ann\u00e9e en Nouvelle-Aquitaine -\" \/>\n<meta property=\"og:description\" content=\"Avec ses plages de sable fin et sa pluralit\u00e9 de paysages, la Nouvelle-Aquitaine est un territoire \u00e0 visiter toute l\u2019ann\u00e9e. Nous avons s\u00e9lectionn\u00e9 les meilleurs campings ouverts toute l\u2019ann\u00e9e dans la r\u00e9gion. En plus de son magnifique littoral, la Nouvelle-Aquitaine\u00a0regorge de sites d\u2019exception \u00e0 visiter. La dune du Pilat, l\u2019\u00eele d\u2019Ol\u00e9ron, la vall\u00e9e de la [&hellip;]\" \/>\n<meta property=\"og:url\" content=\"https:\/\/www.campings.com\/fr\/content\/guide-vacances-nouvelle-aquitaine\/campings-ouverts-toute-annee-nouvelle-aquitaine\/\" \/>\n<meta property=\"article:modified_time\" content=\"2022-03-25T10:47:02+00:00\" \/>\n<meta property=\"og:image\" content=\"https:\/\/www.campings.com\/fr\/content\/wp-content\/uploads\/2022\/02\/ouvert-toute-lannee-seagreen-erreka-min.png\" \/>\n\t<meta property=\"og:image:width\" content=\"1000\" \/>\n\t<meta property=\"og:image:height\" content=\"665\" \/>\n\t<meta property=\"og:image:type\" content=\"image\/png\" \/>\n<meta name=\"twitter:card\" content=\"summary_large_image\" \/>\n<meta name=\"twitter:label1\" content=\"Dur\u00e9e de lecture estim\u00e9e\" \/>\n\t<meta name=\"twitter:data1\" content=\"6 minutes\" \/>\n<script type=\"application\/ld+json\" class=\"yoast-schema-graph\">{\"@context\":\"https:\/\/schema.org\",\"@graph\":[{\"@type\":\"WebPage\",\"@id\":\"https:\/\/www.campings.com\/fr\/content\/guide-vacances-nouvelle-aquitaine\/campings-ouverts-toute-annee-nouvelle-aquitaine\/\",\"url\":\"https:\/\/www.campings.com\/fr\/content\/guide-vacances-nouvelle-aquitaine\/campings-ouverts-toute-annee-nouvelle-aquitaine\/\",\"name\":\"Les campings ouverts toute l'ann\u00e9e en Nouvelle-Aquitaine -\",\"isPartOf\":{\"@id\":\"https:\/\/www.campings.com\/fr\/content\/#website\"},\"primaryImageOfPage\":{\"@id\":\"https:\/\/www.campings.com\/fr\/content\/guide-vacances-nouvelle-aquitaine\/campings-ouverts-toute-annee-nouvelle-aquitaine\/#primaryimage\"},\"image\":{\"@id\":\"https:\/\/www.campings.com\/fr\/content\/guide-vacances-nouvelle-aquitaine\/campings-ouverts-toute-annee-nouvelle-aquitaine\/#primaryimage\"},\"thumbnailUrl\":\"https:\/\/www.campings.com\/fr\/content\/wp-content\/uploads\/2022\/02\/ouvert-toute-lannee-seagreen-erreka-min.png\",\"datePublished\":\"2022-02-17T11:40:13+00:00\",\"dateModified\":\"2022-03-25T10:47:02+00:00\",\"breadcrumb\":{\"@id\":\"https:\/\/www.campings.com\/fr\/content\/guide-vacances-nouvelle-aquitaine\/campings-ouverts-toute-annee-nouvelle-aquitaine\/#breadcrumb\"},\"inLanguage\":\"fr-FR\",\"potentialAction\":[{\"@type\":\"ReadAction\",\"target\":[\"https:\/\/www.campings.com\/fr\/content\/guide-vacances-nouvelle-aquitaine\/campings-ouverts-toute-annee-nouvelle-aquitaine\/\"]}]},{\"@type\":\"ImageObject\",\"inLanguage\":\"fr-FR\",\"@id\":\"https:\/\/www.campings.com\/fr\/content\/guide-vacances-nouvelle-aquitaine\/campings-ouverts-toute-annee-nouvelle-aquitaine\/#primaryimage\",\"url\":\"https:\/\/www.campings.com\/fr\/content\/wp-content\/uploads\/2022\/02\/ouvert-toute-lannee-seagreen-erreka-min.png\",\"contentUrl\":\"https:\/\/www.campings.com\/fr\/content\/wp-content\/uploads\/2022\/02\/ouvert-toute-lannee-seagreen-erreka-min.png\",\"width\":1000,\"height\":665},{\"@type\":\"BreadcrumbList\",\"@id\":\"https:\/\/www.campings.com\/fr\/content\/guide-vacances-nouvelle-aquitaine\/campings-ouverts-toute-annee-nouvelle-aquitaine\/#breadcrumb\",\"itemListElement\":[{\"@type\":\"ListItem\",\"position\":1,\"name\":\"Home\",\"item\":\"https:\/\/www.campings.com\/fr\/content\/\"},{\"@type\":\"ListItem\",\"position\":2,\"name\":\"Le guide de vos vacances en Nouvelle-Aquitaine\",\"item\":\"https:\/\/www.campings.com\/fr\/content\/guide-vacances-nouvelle-aquitaine\/\"},{\"@type\":\"ListItem\",\"position\":3,\"name\":\"Les campings ouverts toute l&rsquo;ann\u00e9e en Nouvelle-Aquitaine\"}]},{\"@type\":\"WebSite\",\"@id\":\"https:\/\/www.campings.com\/fr\/content\/#website\",\"url\":\"https:\/\/www.campings.com\/fr\/content\/\",\"name\":\"\",\"description\":\"\",\"publisher\":{\"@id\":\"https:\/\/www.campings.com\/fr\/content\/#organization\"},\"potentialAction\":[{\"@type\":\"SearchAction\",\"target\":{\"@type\":\"EntryPoint\",\"urlTemplate\":\"https:\/\/www.campings.com\/fr\/content\/?s={search_term_string}\"},\"query-input\":{\"@type\":\"PropertyValueSpecification\",\"valueRequired\":true,\"valueName\":\"search_term_string\"}}],\"inLanguage\":\"fr-FR\"},{\"@type\":\"Organization\",\"@id\":\"https:\/\/www.campings.com\/fr\/content\/#organization\",\"name\":\"CAMPINGS.COM\",\"url\":\"https:\/\/www.campings.com\/fr\/content\/\",\"logo\":{\"@type\":\"ImageObject\",\"inLanguage\":\"fr-FR\",\"@id\":\"https:\/\/www.campings.com\/fr\/content\/#\/schema\/logo\/image\/\",\"url\":\"https:\/\/www.campings.com\/fr\/content\/wp-content\/uploads\/2019\/01\/cropped-logo-1.png\",\"contentUrl\":\"https:\/\/www.campings.com\/fr\/content\/wp-content\/uploads\/2019\/01\/cropped-logo-1.png\",\"width\":174,\"height\":42,\"caption\":\"CAMPINGS.COM\"},\"image\":{\"@id\":\"https:\/\/www.campings.com\/fr\/content\/#\/schema\/logo\/image\/\"}}]}<\/script>\n<!-- \/ Yoast SEO plugin. -->","yoast_head_json":{"title":"Les campings ouverts toute l'ann\u00e9e en Nouvelle-Aquitaine -","robots":{"index":"index","follow":"follow","max-snippet":"max-snippet:-1","max-image-preview":"max-image-preview:large","max-video-preview":"max-video-preview:-1"},"canonical":"https:\/\/www.campings.com\/fr\/content\/guide-vacances-nouvelle-aquitaine\/campings-ouverts-toute-annee-nouvelle-aquitaine\/","og_locale":"fr_FR","og_type":"article","og_title":"Les campings ouverts toute l'ann\u00e9e en Nouvelle-Aquitaine -","og_description":"Avec ses plages de sable fin et sa pluralit\u00e9 de paysages, la Nouvelle-Aquitaine est un territoire \u00e0 visiter toute l\u2019ann\u00e9e. Nous avons s\u00e9lectionn\u00e9 les meilleurs campings ouverts toute l\u2019ann\u00e9e dans la r\u00e9gion. En plus de son magnifique littoral, la Nouvelle-Aquitaine\u00a0regorge de sites d\u2019exception \u00e0 visiter. La dune du Pilat, l\u2019\u00eele d\u2019Ol\u00e9ron, la vall\u00e9e de la [&hellip;]","og_url":"https:\/\/www.campings.com\/fr\/content\/guide-vacances-nouvelle-aquitaine\/campings-ouverts-toute-annee-nouvelle-aquitaine\/","article_modified_time":"2022-03-25T10:47:02+00:00","og_image":[{"width":1000,"height":665,"url":"https:\/\/www.campings.com\/fr\/content\/wp-content\/uploads\/2022\/02\/ouvert-toute-lannee-seagreen-erreka-min.png","type":"image\/png"}],"twitter_card":"summary_large_image","twitter_misc":{"Dur\u00e9e de lecture estim\u00e9e":"6 minutes"},"schema":{"@context":"https:\/\/schema.org","@graph":[{"@type":"WebPage","@id":"https:\/\/www.campings.com\/fr\/content\/guide-vacances-nouvelle-aquitaine\/campings-ouverts-toute-annee-nouvelle-aquitaine\/","url":"https:\/\/www.campings.com\/fr\/content\/guide-vacances-nouvelle-aquitaine\/campings-ouverts-toute-annee-nouvelle-aquitaine\/","name":"Les campings ouverts toute l'ann\u00e9e en Nouvelle-Aquitaine -","isPartOf":{"@id":"https:\/\/www.campings.com\/fr\/content\/#website"},"primaryImageOfPage":{"@id":"https:\/\/www.campings.com\/fr\/content\/guide-vacances-nouvelle-aquitaine\/campings-ouverts-toute-annee-nouvelle-aquitaine\/#primaryimage"},"image":{"@id":"https:\/\/www.campings.com\/fr\/content\/guide-vacances-nouvelle-aquitaine\/campings-ouverts-toute-annee-nouvelle-aquitaine\/#primaryimage"},"thumbnailUrl":"https:\/\/www.campings.com\/fr\/content\/wp-content\/uploads\/2022\/02\/ouvert-toute-lannee-seagreen-erreka-min.png","datePublished":"2022-02-17T11:40:13+00:00","dateModified":"2022-03-25T10:47:02+00:00","breadcrumb":{"@id":"https:\/\/www.campings.com\/fr\/content\/guide-vacances-nouvelle-aquitaine\/campings-ouverts-toute-annee-nouvelle-aquitaine\/#breadcrumb"},"inLanguage":"fr-FR","potentialAction":[{"@type":"ReadAction","target":["https:\/\/www.campings.com\/fr\/content\/guide-vacances-nouvelle-aquitaine\/campings-ouverts-toute-annee-nouvelle-aquitaine\/"]}]},{"@type":"ImageObject","inLanguage":"fr-FR","@id":"https:\/\/www.campings.com\/fr\/content\/guide-vacances-nouvelle-aquitaine\/campings-ouverts-toute-annee-nouvelle-aquitaine\/#primaryimage","url":"https:\/\/www.campings.com\/fr\/content\/wp-content\/uploads\/2022\/02\/ouvert-toute-lannee-seagreen-erreka-min.png","contentUrl":"https:\/\/www.campings.com\/fr\/content\/wp-content\/uploads\/2022\/02\/ouvert-toute-lannee-seagreen-erreka-min.png","width":1000,"height":665},{"@type":"BreadcrumbList","@id":"https:\/\/www.campings.com\/fr\/content\/guide-vacances-nouvelle-aquitaine\/campings-ouverts-toute-annee-nouvelle-aquitaine\/#breadcrumb","itemListElement":[{"@type":"ListItem","position":1,"name":"Home","item":"https:\/\/www.campings.com\/fr\/content\/"},{"@type":"ListItem","position":2,"name":"Le guide de vos vacances en Nouvelle-Aquitaine","item":"https:\/\/www.campings.com\/fr\/content\/guide-vacances-nouvelle-aquitaine\/"},{"@type":"ListItem","position":3,"name":"Les campings ouverts toute l&rsquo;ann\u00e9e en Nouvelle-Aquitaine"}]},{"@type":"WebSite","@id":"https:\/\/www.campings.com\/fr\/content\/#website","url":"https:\/\/www.campings.com\/fr\/content\/","name":"","description":"","publisher":{"@id":"https:\/\/www.campings.com\/fr\/content\/#organization"},"potentialAction":[{"@type":"SearchAction","target":{"@type":"EntryPoint","urlTemplate":"https:\/\/www.campings.com\/fr\/content\/?s={search_term_string}"},"query-input":{"@type":"PropertyValueSpecification","valueRequired":true,"valueName":"search_term_string"}}],"inLanguage":"fr-FR"},{"@type":"Organization","@id":"https:\/\/www.campings.com\/fr\/content\/#organization","name":"CAMPINGS.COM","url":"https:\/\/www.campings.com\/fr\/content\/","logo":{"@type":"ImageObject","inLanguage":"fr-FR","@id":"https:\/\/www.campings.com\/fr\/content\/#\/schema\/logo\/image\/","url":"https:\/\/www.campings.com\/fr\/content\/wp-content\/uploads\/2019\/01\/cropped-logo-1.png","contentUrl":"https:\/\/www.campings.com\/fr\/content\/wp-content\/uploads\/2019\/01\/cropped-logo-1.png","width":174,"height":42,"caption":"CAMPINGS.COM"},"image":{"@id":"https:\/\/www.campings.com\/fr\/content\/#\/schema\/logo\/image\/"}}]}},"_links":{"self":[{"href":"https:\/\/www.campings.com\/fr\/content\/wp-json\/wp\/v2\/pages\/3442","targetHints":{"allow":["GET"]}}],"collection":[{"href":"https:\/\/www.campings.com\/fr\/content\/wp-json\/wp\/v2\/pages"}],"about":[{"href":"https:\/\/www.campings.com\/fr\/content\/wp-json\/wp\/v2\/types\/page"}],"author":[{"embeddable":true,"href":"https:\/\/www.campings.com\/fr\/content\/wp-json\/wp\/v2\/users\/18"}],"replies":[{"embeddable":true,"href":"https:\/\/www.campings.com\/fr\/content\/wp-json\/wp\/v2\/comments?post=3442"}],"version-history":[{"count":2,"href":"https:\/\/www.campings.com\/fr\/content\/wp-json\/wp\/v2\/pages\/3442\/revisions"}],"predecessor-version":[{"id":3623,"href":"https:\/\/www.campings.com\/fr\/content\/wp-json\/wp\/v2\/pages\/3442\/revisions\/3623"}],"up":[{"embeddable":true,"href":"https:\/\/www.campings.com\/fr\/content\/wp-json\/wp\/v2\/pages\/3428"}],"wp:attachment":[{"href":"https:\/\/www.campings.com\/fr\/content\/wp-json\/wp\/v2\/media?parent=3442"}],"curies":[{"name":"wp","href":"https:\/\/api.w.org\/{rel}","templated":true}]}}