{"id":3437,"date":"2022-02-17T11:35:41","date_gmt":"2022-02-17T11:35:41","guid":{"rendered":"https:\/\/www.campings.com\/fr\/content\/?page_id=3437"},"modified":"2022-08-09T10:13:22","modified_gmt":"2022-08-09T10:13:22","slug":"campings-bord-de-mer-aquitaine","status":"publish","type":"page","link":"https:\/\/www.campings.com\/fr\/content\/guide-vacances-nouvelle-aquitaine\/campings-bord-de-mer-aquitaine\/","title":{"rendered":"Les meilleurs campings en bord de mer en Aquitaine"},"content":{"rendered":"<p>&nbsp;<\/p>\n<p>Envie de profiter des belles plages de <a href=\"https:\/\/www.campings.com\/fr\/content\/guide-vacances-nouvelle-aquitaine\/\"><strong><u>Nouvelle-Aquitaine<\/u><\/strong><\/a>\u00a0pendant vos prochaines vacances ? Nous avons s\u00e9lectionn\u00e9 les meilleurs campings situ\u00e9s en bord de mer pour un s\u00e9jour inoubliable en famille ou entre amis.<\/p>\n<p>Situ\u00e9e au Sud-Ouest de la France, la <a href=\"https:\/\/www.campings.com\/fr\/france\/aquitaine\"><strong>Nouvelle-Aquitaine<\/strong>\u00a0<\/a>b\u00e9n\u00e9ficie d\u2019un climat oc\u00e9anique agr\u00e9able toute l\u2019ann\u00e9e, propice \u00e0 la douceur de vivre. Entre ses plages de sable fin, ses sites naturels, sa gastronomie\u2026 la r\u00e9gion a beaucoup \u00e0 offrir. Pour des vacances r\u00e9ussies avec vos proches, laissez-vous tenter par un camping en bord de mer dans la r\u00e9gion !<\/p>\n<p>&nbsp;<\/p>\n<p>&nbsp;<\/p>\n<h2><strong>Les meilleurs campings sur la c\u00f4te Aquitaine\u00a0<\/strong><\/h2>\n<p>&nbsp;<\/p>\n<h3>Camping Lou Pignada \u2605\u2605\u2605\u2605 dans les Landes<\/h3>\n<p>Cette ann\u00e9e, faites une r\u00e9servation au Camping Lou Pignada et laissez-vous charmer par la ville d&rsquo;Ondres dans les Landes dans laquelle l&rsquo;\u00e9tablissement se trouve : c&rsquo;est un tr\u00e8s beau lieu que vous appr\u00e9cierez sans nul doute. Votre s\u00e9jour se passera en Aquitaine, non loin de la plage (2 km). Laissez-vous donc subjuguer par le charme de ce lieu unique ! Si vous \u00eates plut\u00f4t marin d&rsquo;eau douce, vous pourrez vous baigner des heures dans la piscine ext\u00e9rieure chauff\u00e9e, ouverte durant la p\u00e9riode estivale uniquement..<\/p>\n<p><a href=\"https:\/\/www.campings.com\/fr\/camping\/camping-lou-pignada-77909\">Plus d\u2019infos sur le Camping Lou Pignada<\/a><\/p>\n<p>&nbsp;<\/p>\n<h3>Village de Chalets Auguste Delaune dans les Pyr\u00e9n\u00e9es-Atlantiques<\/h3>\n<p>Le Village de Chalets Auguste Delaune propose tous les avantages d&rsquo;un camping \u00e0 Hendaye dans les Pyr\u00e9n\u00e9es-Atlantiques. Vous pourrez appr\u00e9cier des cong\u00e9s d\u00e9lassants ou festifs suivant vos envies. Nich\u00e9 au coeur de l&rsquo;Aquitaine, ce camping aura de quoi vous combler par sa localisation, d&rsquo;autant plus qu&rsquo;il se trouve situ\u00e9 \u00e0 800 m du bord de mer. Vous pourrez profiter \u00e9galement des plaisirs de la baignade dans la piscine ext\u00e9rieure chauff\u00e9e qu&rsquo;offre le camping, une installation dont l&rsquo;acc\u00e8s est possible pendant l&rsquo;\u00e9t\u00e9 seulement.<\/p>\n<p><a href=\"https:\/\/www.campings.com\/fr\/camping\/village-de-chalets-auguste-delaune-77332\">Plus d\u2019infos sur le Village de Chalets Auguste Delaune<\/a><\/p>\n<p>&nbsp;<\/p>\n<h3>Camping Camp\u00e9ole Le Vivier \u2605\u2605\u2605\u2605 dans les Landes<\/h3>\n<p>D\u00e9couvrez de nouveaux horizons cette ann\u00e9e ! Le Camping Le Vivier vous propose des vacances entre amis ou entre proches dans un camping \u00e0 Biscarrosse dans les Landes qui en comblera plus d&rsquo;un ! Bas\u00e9 en Aquitaine, \u00e0 800 m du bord de mer, ce camping vous permettra sans aucun doute de profiter des splendeurs de ce secteur, pendant l&rsquo;int\u00e9gralit\u00e9 de votre voyage. C\u00f4t\u00e9 loisirs aquatiques, les vacanciers peuvent aussi jouir de la piscine ext\u00e9rieure chauff\u00e9e, uniquement en pleine saison.<\/p>\n<p><a href=\"https:\/\/www.campings.com\/fr\/camping\/camping-campeole-le-vivier-76909\">Plus d\u2019infos sur le Camping Camp\u00e9ole Le Vivier<\/a><\/p>\n<p>&nbsp;<\/p>\n<h3>Camping le Bimbo \u2605\u2605\u2605\u2605 dans les Landes<\/h3>\n<p>Qui dit vacances dit piscine. Pour agr\u00e9menter votre s\u00e9jour, le Camping Paradis le Bimbo met \u00e0 votre disposition un vaste espace aquatique d&rsquo;une superficie de 700m2, accessible tout au long de la saison. Vous trouverez une piscine couverte chauff\u00e9e, deux piscines plein air, un triple toboggan, une pataugeoire avec des jets d&rsquo;eau et un jacuzzi. Pour vos moments de d\u00e9tente, l&rsquo;espace bien-\u00eatre avec spa, un solarium et sauna du Camping le Bimbo vous attend pour vous chouchouter. Les petits et grands pourront profiter de la joie de la baignade dans la zone moins profonde ou pique-niquer au bord du lac, \u00e0 l&rsquo;ombre des pins. Dans la zone plus profonde, vous pouvez aussi vous adonner \u00e0 vos sports nautiques favoris tels que le ski nautique, le paddle, le kitesurf, les balades en barques. Vous pouvez \u00e9galement faire de la randonn\u00e9e \u00e0 pied ou \u00e0 v\u00e9lo.<\/p>\n<p><a href=\"https:\/\/www.campings.com\/fr\/camping\/camping-le-bimbo-81281\">Plus d\u2019infos sur le Camping le Bimbo<\/a><\/p>\n<p>&nbsp;<\/p>\n<p>&nbsp;<\/p>\n<h2><strong>Les campings en bord de mer avec parc aquatique<\/strong><\/h2>\n<p>Pour des vacances en famille, optez pour un camping avec parc aquatique pour vivre des moments inoubliables. Nous avons r\u00e9pertori\u00e9 les meilleurs \u00e9tablissements en <a href=\"https:\/\/www.campings.com\/fr\/content\/guide-vacances-nouvelle-aquitaine\/\"><strong>Nouvelle-Aquitaine<\/strong><\/a>.<\/p>\n<p>&nbsp;<\/p>\n<h3>Camping Atlantic Club Montalivet \u2605\u2605\u2605\u2605\u2605 en Gironde<\/h3>\n<p>Que vous fassiez une r\u00e9servation pour plusieurs semaines ou pour quelques jours, le Camping Atlantic Club Montalivet, situ\u00e9 \u00e0 Vendays-Montalivet en Gironde, satisfera l&rsquo;ensemble de vos d\u00e9sirs. Laissez-vous charmer par l&rsquo;Aquitaine et ses tr\u00e9sors. A noter \u00e9galement la pr\u00e9sence de la plage dans le camping. Vous appr\u00e9cierez tout particuli\u00e8rement sa piscine ext\u00e9rieure chauff\u00e9e (ouverte au public pendant l&rsquo;\u00e9t\u00e9 seulement).<\/p>\n<p><a href=\"https:\/\/www.campings.com\/fr\/camping\/camping-atlantic-club-montalivet-77925\">Plus d\u2019infos sur le Camping Atlantic Club Montalivet<\/a><\/p>\n<p>&nbsp;<\/p>\n<h3>Camping Siblu Les Viviers &#8211; Funpass inclus \u2605\u2605\u2605\u2605<\/h3>\n<p>Le Camping Les Viviers propose tous les avantages d&rsquo;un camping \u00e0 L\u00e8ge-Cap-Ferret en Gironde. Vous pourrez appr\u00e9cier des vacances reposantes ou amusantes suivant vos d\u00e9sirs. Install\u00e9 en Aquitaine (France), \u00e0 5 km de la mer, ce camping vous permettra sans aucun doute de profiter des richesses de ce secteur, pendant toute la dur\u00e9e de votre s\u00e9jour. Vous pourrez profiter \u00e9galement des plaisirs de la baignade dans la piscine couverte chauff\u00e9e qu&rsquo;offre le camping, une infrastructure dont l&rsquo;acc\u00e8s est possible uniquement en pleine saison. Une piscine ext\u00e9rieure chauff\u00e9e est aussi \u00e0 votre disposition, pendant les beaux jours.<\/p>\n<p><a href=\"https:\/\/www.campings.com\/fr\/camping\/camping-siblu-les-viviers-funpass-inclus-77609\">Plus d\u2019infos sur le Camping Siblu Les Viviers<\/a><\/p>\n<p>&nbsp;<\/p>\n<h3>Camping Oyam \u2605\u2605\u2605\u2605 dans les Pyr\u00e9n\u00e9es-Atlantiques<\/h3>\n<p>Au Camping Oyam, un \u00e9tablissement d\u00e9pendant de la commune de Bidart, vous ne pourrez que profiter de vacances bien m\u00e9rit\u00e9es dans les Pyr\u00e9n\u00e9es-Atlantiques. Install\u00e9 en Aquitaine, \u00e0 1,2 km de la mer, ce camping vous permettra sans conteste de profiter des richesses de ce secteur, pendant toute la dur\u00e9e de votre visite. Vous appr\u00e9cierez tout sp\u00e9cialement sa piscine ext\u00e9rieure chauff\u00e9e (ouverte uniquement en pleine saison).<\/p>\n<p><a href=\"https:\/\/www.campings.com\/fr\/camping\/camping-oyam-76905\">Plus d\u2019infos sur le Camping Oyam<\/a><\/p>\n<p>&nbsp;<\/p>\n<h3>Camping Domaine de la Marina \u2605\u2605\u2605\u2605 dans les Landes<\/h3>\n<p>Cette ann\u00e9e, rendez-vous au Camping Domaine de la Marina, un \u00e9tablissement bas\u00e9 \u00e0 Messanges dans les Landes. Vous ne serez absolument pas d\u00e9\u00e7u par ce camping qui vous fera passer des vacances inoubliables aussi bien en famille qu&rsquo;entre amis. Le camping se trouve au sein d&rsquo;un cadre privil\u00e9gi\u00e9 en Aquitaine. Sa proximit\u00e9 avec la plage (1 km) en fait un endroit r\u00eav\u00e9 pour les vacances. C\u00f4t\u00e9 activit\u00e9s aquatiques, les baigneurs peuvent aussi profiter de la piscine couverte chauff\u00e9e, durant la p\u00e9riode estivale uniquement.<\/p>\n<p><a href=\"https:\/\/www.campings.com\/fr\/camping\/camping-domaine-de-la-marina-77804\">Plus d\u2019infos sur le Camping Domaine de la Marina<\/a><\/p>\n<p>&nbsp;<\/p>\n<p>&nbsp;<\/p>\n<h2><strong>Les campings 5 \u00e9toiles proches de l\u2019Oc\u00e9an et de ses plages\u00a0<\/strong><\/h2>\n<p>Envie de s\u00e9journer dans un \u00e9tablissement de luxe pendant vos vacances en <a href=\"https:\/\/www.campings.com\/fr\/content\/guide-vacances-nouvelle-aquitaine\/\"><strong>Nouvelle-Aquitaine<\/strong>\u00a0<\/a>? Nous avons s\u00e9lectionn\u00e9 ces campings 5 \u00e9toiles, situ\u00e9s \u00e0 proximit\u00e9 des plages de l\u2019Oc\u00e9an Atlantique.<\/p>\n<p>&nbsp;<\/p>\n<h3><strong>Camping Mayotte Vacances \u2605\u2605\u2605\u2605\u2605 dans les Landes<\/strong><\/h3>\n<p>Le Camping Mayotte Vacances dans les Landes r\u00e9ussira \u00e0 satisfaire l&rsquo;ensemble de vos attentes. Situ\u00e9 dans la commune de Biscarrosse, vous y passerez des vacances qui renforceront vos liens avec votre famille ou vos amis. Nich\u00e9 au creux de l&rsquo;Aquitaine, \u00e0 une distance raisonnable de la plage (13,4 km), ce camping pourra vous ouvrir les secrets de ce territoire. Vous appr\u00e9cierez tout sp\u00e9cialement sa piscine couverte chauff\u00e9e (ouverte au public pendant l&rsquo;\u00e9t\u00e9 seulement), tout comme sa piscine ext\u00e9rieure chauff\u00e9e (accessible pendant les beaux jours).<\/p>\n<p><a href=\"https:\/\/www.campings.com\/fr\/camping\/camping-mayotte-vacances-76910\">Plus d\u2019infos sur le Camping Mayotte Vacances<\/a><\/p>\n<p>&nbsp;<\/p>\n<h3>Village Tropical Sen-Yan \u2605\u2605\u2605\u2605\u2605 dans les Landes<\/h3>\n<p>Au Village Tropical Sen-Yan, un \u00e9tablissement d\u00e9pendant de la commune de M\u00e9zos, vous ne pourrez que profiter de cong\u00e9s bien m\u00e9rit\u00e9s dans les Landes. Laissez-vous \u00e9blouir par l&rsquo;Aquitaine et ses tr\u00e9sors. A noter par ailleurs : la pr\u00e9sence du bord de mer \u00e0 12 km du camping. Les f\u00e9rus de baignade pourront aussi nager, durant la p\u00e9riode estivale uniquement, dans la piscine couverte chauff\u00e9e. Elle est compl\u00e9t\u00e9e par une piscine ext\u00e9rieure chauff\u00e9e, dont l&rsquo;acc\u00e8s est possible pendant les beaux jours.<\/p>\n<p><a href=\"https:\/\/www.campings.com\/fr\/camping\/village-tropical-sen-yan-77735\">Plus d\u2019infos sur le Village Tropical Sen-Yan<\/a><\/p>\n<p>&nbsp;<\/p>\n<h3 class=\"product__name\">Camping Village Resort et Spa Le Vieux Port\u00a0 <sup class=\"product__stars\">\u2605\u2605\u2605\u2605\u2605 <\/sup>dans les Landes<\/h3>\n<p>Le Camping Village Resort et Spa Le Vieux Port, \u00e9tablissement situ\u00e9 dans les Landes, est l&rsquo;endroit parfait pour passer ses vacances. Ce camping \u00e0 Messanges arrivera \u00e0 vous d\u00e9connecter de vos tracas quotidiens au cours de vos cong\u00e9s. Nich\u00e9 au coeur de l&rsquo;Aquitaine (France), ce camping a de quoi vous r\u00e9jouir par sa situation g\u00e9ographique en acc\u00e8s direct \u00e0 l&rsquo;oc\u00e9an.<\/p>\n<p><a href=\"https:\/\/www.campings.com\/fr\/camping\/camping-village-resort-et-spa-le-vieux-port-77802\">Plus d\u2019infos sur le Camping Village Resort et Spa Le Vieux Port<\/a><\/p>\n<p>&nbsp;<\/p>\n<h3>Camping Lou Pignada \u2605\u2605\u2605\u2605\u2605 dans les Landes<\/h3>\n<p>Si vous cherchez un camping dans les Landes, le Camping Club Famille Lou Pignada \u00e0 Messanges est sans aucun doute celui qu&rsquo;il vous faut. Log\u00e9 au coeur de l&rsquo;Aquitaine, ce camping saura vous ravir par son emplacement, d&rsquo;autant plus qu&rsquo;il se trouve situ\u00e9 \u00e0 quelques kilom\u00e8tres du bord de mer. Vous aurez l&rsquo;occasion de profiter \u00e9galement des joies de la baignade dans la piscine couverte chauff\u00e9e que poss\u00e8de le camping, une installation dont l&rsquo;acc\u00e8s est possible uniquement en pleine saison. Une piscine ext\u00e9rieure chauff\u00e9e est aussi \u00e0 la disposition des vacanciers, tous les mois de l&rsquo;ann\u00e9e.<\/p>\n<p><a href=\"https:\/\/www.campings.com\/fr\/camping\/camping-club-famille-lou-pignada-77799\">Plus d\u2019infos sur le Camping Club Famille Lou Pignada<\/a><\/p>\n","protected":false},"excerpt":{"rendered":"<p>&nbsp; Envie de profiter des belles plages de Nouvelle-Aquitaine\u00a0pendant vos prochaines vacances ? Nous avons s\u00e9lectionn\u00e9 les meilleurs campings situ\u00e9s en bord de mer pour un s\u00e9jour inoubliable en famille ou entre amis. Situ\u00e9e au Sud-Ouest de la France, la Nouvelle-Aquitaine\u00a0b\u00e9n\u00e9ficie d\u2019un climat oc\u00e9anique agr\u00e9able toute l\u2019ann\u00e9e, propice \u00e0 la douceur de vivre. Entre ses [&hellip;]<\/p>\n","protected":false},"author":18,"featured_media":0,"parent":3428,"menu_order":0,"comment_status":"closed","ping_status":"closed","template":"template-twocolumns.php","meta":{"_acf_changed":false,"footnotes":""},"class_list":["post-3437","page","type-page","status-publish","hentry"],"acf":[],"yoast_head":"<!-- This site is optimized with the Yoast SEO plugin v27.1.1 - https:\/\/yoast.com\/product\/yoast-seo-wordpress\/ -->\n<title>Les meilleurs campings en bord de mer en Aquitaine -<\/title>\n<meta name=\"robots\" content=\"index, follow, max-snippet:-1, max-image-preview:large, max-video-preview:-1\" \/>\n<link rel=\"canonical\" href=\"https:\/\/www.campings.com\/fr\/content\/guide-vacances-nouvelle-aquitaine\/campings-bord-de-mer-aquitaine\/\" \/>\n<meta property=\"og:locale\" content=\"fr_FR\" \/>\n<meta property=\"og:type\" content=\"article\" \/>\n<meta property=\"og:title\" content=\"Les meilleurs campings en bord de mer en Aquitaine -\" \/>\n<meta property=\"og:description\" content=\"&nbsp; Envie de profiter des belles plages de Nouvelle-Aquitaine\u00a0pendant vos prochaines vacances ? Nous avons s\u00e9lectionn\u00e9 les meilleurs campings situ\u00e9s en bord de mer pour un s\u00e9jour inoubliable en famille ou entre amis. Situ\u00e9e au Sud-Ouest de la France, la Nouvelle-Aquitaine\u00a0b\u00e9n\u00e9ficie d\u2019un climat oc\u00e9anique agr\u00e9able toute l\u2019ann\u00e9e, propice \u00e0 la douceur de vivre. Entre ses [&hellip;]\" \/>\n<meta property=\"og:url\" content=\"https:\/\/www.campings.com\/fr\/content\/guide-vacances-nouvelle-aquitaine\/campings-bord-de-mer-aquitaine\/\" \/>\n<meta property=\"article:modified_time\" content=\"2022-08-09T10:13:22+00:00\" \/>\n<meta name=\"twitter:card\" content=\"summary_large_image\" \/>\n<meta name=\"twitter:label1\" content=\"Dur\u00e9e de lecture estim\u00e9e\" \/>\n\t<meta name=\"twitter:data1\" content=\"7 minutes\" \/>\n<script type=\"application\/ld+json\" class=\"yoast-schema-graph\">{\"@context\":\"https:\/\/schema.org\",\"@graph\":[{\"@type\":\"WebPage\",\"@id\":\"https:\/\/www.campings.com\/fr\/content\/guide-vacances-nouvelle-aquitaine\/campings-bord-de-mer-aquitaine\/\",\"url\":\"https:\/\/www.campings.com\/fr\/content\/guide-vacances-nouvelle-aquitaine\/campings-bord-de-mer-aquitaine\/\",\"name\":\"Les meilleurs campings en bord de mer en Aquitaine -\",\"isPartOf\":{\"@id\":\"https:\/\/www.campings.com\/fr\/content\/#website\"},\"datePublished\":\"2022-02-17T11:35:41+00:00\",\"dateModified\":\"2022-08-09T10:13:22+00:00\",\"breadcrumb\":{\"@id\":\"https:\/\/www.campings.com\/fr\/content\/guide-vacances-nouvelle-aquitaine\/campings-bord-de-mer-aquitaine\/#breadcrumb\"},\"inLanguage\":\"fr-FR\",\"potentialAction\":[{\"@type\":\"ReadAction\",\"target\":[\"https:\/\/www.campings.com\/fr\/content\/guide-vacances-nouvelle-aquitaine\/campings-bord-de-mer-aquitaine\/\"]}]},{\"@type\":\"BreadcrumbList\",\"@id\":\"https:\/\/www.campings.com\/fr\/content\/guide-vacances-nouvelle-aquitaine\/campings-bord-de-mer-aquitaine\/#breadcrumb\",\"itemListElement\":[{\"@type\":\"ListItem\",\"position\":1,\"name\":\"Home\",\"item\":\"https:\/\/www.campings.com\/fr\/content\/\"},{\"@type\":\"ListItem\",\"position\":2,\"name\":\"Le guide de vos vacances en Nouvelle-Aquitaine\",\"item\":\"https:\/\/www.campings.com\/fr\/content\/guide-vacances-nouvelle-aquitaine\/\"},{\"@type\":\"ListItem\",\"position\":3,\"name\":\"Les meilleurs campings en bord de mer en Aquitaine\"}]},{\"@type\":\"WebSite\",\"@id\":\"https:\/\/www.campings.com\/fr\/content\/#website\",\"url\":\"https:\/\/www.campings.com\/fr\/content\/\",\"name\":\"\",\"description\":\"\",\"publisher\":{\"@id\":\"https:\/\/www.campings.com\/fr\/content\/#organization\"},\"potentialAction\":[{\"@type\":\"SearchAction\",\"target\":{\"@type\":\"EntryPoint\",\"urlTemplate\":\"https:\/\/www.campings.com\/fr\/content\/?s={search_term_string}\"},\"query-input\":{\"@type\":\"PropertyValueSpecification\",\"valueRequired\":true,\"valueName\":\"search_term_string\"}}],\"inLanguage\":\"fr-FR\"},{\"@type\":\"Organization\",\"@id\":\"https:\/\/www.campings.com\/fr\/content\/#organization\",\"name\":\"CAMPINGS.COM\",\"url\":\"https:\/\/www.campings.com\/fr\/content\/\",\"logo\":{\"@type\":\"ImageObject\",\"inLanguage\":\"fr-FR\",\"@id\":\"https:\/\/www.campings.com\/fr\/content\/#\/schema\/logo\/image\/\",\"url\":\"https:\/\/www.campings.com\/fr\/content\/wp-content\/uploads\/2019\/01\/cropped-logo-1.png\",\"contentUrl\":\"https:\/\/www.campings.com\/fr\/content\/wp-content\/uploads\/2019\/01\/cropped-logo-1.png\",\"width\":174,\"height\":42,\"caption\":\"CAMPINGS.COM\"},\"image\":{\"@id\":\"https:\/\/www.campings.com\/fr\/content\/#\/schema\/logo\/image\/\"}}]}<\/script>\n<!-- \/ Yoast SEO plugin. -->","yoast_head_json":{"title":"Les meilleurs campings en bord de mer en Aquitaine -","robots":{"index":"index","follow":"follow","max-snippet":"max-snippet:-1","max-image-preview":"max-image-preview:large","max-video-preview":"max-video-preview:-1"},"canonical":"https:\/\/www.campings.com\/fr\/content\/guide-vacances-nouvelle-aquitaine\/campings-bord-de-mer-aquitaine\/","og_locale":"fr_FR","og_type":"article","og_title":"Les meilleurs campings en bord de mer en Aquitaine -","og_description":"&nbsp; Envie de profiter des belles plages de Nouvelle-Aquitaine\u00a0pendant vos prochaines vacances ? Nous avons s\u00e9lectionn\u00e9 les meilleurs campings situ\u00e9s en bord de mer pour un s\u00e9jour inoubliable en famille ou entre amis. Situ\u00e9e au Sud-Ouest de la France, la Nouvelle-Aquitaine\u00a0b\u00e9n\u00e9ficie d\u2019un climat oc\u00e9anique agr\u00e9able toute l\u2019ann\u00e9e, propice \u00e0 la douceur de vivre. Entre ses [&hellip;]","og_url":"https:\/\/www.campings.com\/fr\/content\/guide-vacances-nouvelle-aquitaine\/campings-bord-de-mer-aquitaine\/","article_modified_time":"2022-08-09T10:13:22+00:00","twitter_card":"summary_large_image","twitter_misc":{"Dur\u00e9e de lecture estim\u00e9e":"7 minutes"},"schema":{"@context":"https:\/\/schema.org","@graph":[{"@type":"WebPage","@id":"https:\/\/www.campings.com\/fr\/content\/guide-vacances-nouvelle-aquitaine\/campings-bord-de-mer-aquitaine\/","url":"https:\/\/www.campings.com\/fr\/content\/guide-vacances-nouvelle-aquitaine\/campings-bord-de-mer-aquitaine\/","name":"Les meilleurs campings en bord de mer en Aquitaine -","isPartOf":{"@id":"https:\/\/www.campings.com\/fr\/content\/#website"},"datePublished":"2022-02-17T11:35:41+00:00","dateModified":"2022-08-09T10:13:22+00:00","breadcrumb":{"@id":"https:\/\/www.campings.com\/fr\/content\/guide-vacances-nouvelle-aquitaine\/campings-bord-de-mer-aquitaine\/#breadcrumb"},"inLanguage":"fr-FR","potentialAction":[{"@type":"ReadAction","target":["https:\/\/www.campings.com\/fr\/content\/guide-vacances-nouvelle-aquitaine\/campings-bord-de-mer-aquitaine\/"]}]},{"@type":"BreadcrumbList","@id":"https:\/\/www.campings.com\/fr\/content\/guide-vacances-nouvelle-aquitaine\/campings-bord-de-mer-aquitaine\/#breadcrumb","itemListElement":[{"@type":"ListItem","position":1,"name":"Home","item":"https:\/\/www.campings.com\/fr\/content\/"},{"@type":"ListItem","position":2,"name":"Le guide de vos vacances en Nouvelle-Aquitaine","item":"https:\/\/www.campings.com\/fr\/content\/guide-vacances-nouvelle-aquitaine\/"},{"@type":"ListItem","position":3,"name":"Les meilleurs campings en bord de mer en Aquitaine"}]},{"@type":"WebSite","@id":"https:\/\/www.campings.com\/fr\/content\/#website","url":"https:\/\/www.campings.com\/fr\/content\/","name":"","description":"","publisher":{"@id":"https:\/\/www.campings.com\/fr\/content\/#organization"},"potentialAction":[{"@type":"SearchAction","target":{"@type":"EntryPoint","urlTemplate":"https:\/\/www.campings.com\/fr\/content\/?s={search_term_string}"},"query-input":{"@type":"PropertyValueSpecification","valueRequired":true,"valueName":"search_term_string"}}],"inLanguage":"fr-FR"},{"@type":"Organization","@id":"https:\/\/www.campings.com\/fr\/content\/#organization","name":"CAMPINGS.COM","url":"https:\/\/www.campings.com\/fr\/content\/","logo":{"@type":"ImageObject","inLanguage":"fr-FR","@id":"https:\/\/www.campings.com\/fr\/content\/#\/schema\/logo\/image\/","url":"https:\/\/www.campings.com\/fr\/content\/wp-content\/uploads\/2019\/01\/cropped-logo-1.png","contentUrl":"https:\/\/www.campings.com\/fr\/content\/wp-content\/uploads\/2019\/01\/cropped-logo-1.png","width":174,"height":42,"caption":"CAMPINGS.COM"},"image":{"@id":"https:\/\/www.campings.com\/fr\/content\/#\/schema\/logo\/image\/"}}]}},"_links":{"self":[{"href":"https:\/\/www.campings.com\/fr\/content\/wp-json\/wp\/v2\/pages\/3437","targetHints":{"allow":["GET"]}}],"collection":[{"href":"https:\/\/www.campings.com\/fr\/content\/wp-json\/wp\/v2\/pages"}],"about":[{"href":"https:\/\/www.campings.com\/fr\/content\/wp-json\/wp\/v2\/types\/page"}],"author":[{"embeddable":true,"href":"https:\/\/www.campings.com\/fr\/content\/wp-json\/wp\/v2\/users\/18"}],"replies":[{"embeddable":true,"href":"https:\/\/www.campings.com\/fr\/content\/wp-json\/wp\/v2\/comments?post=3437"}],"version-history":[{"count":5,"href":"https:\/\/www.campings.com\/fr\/content\/wp-json\/wp\/v2\/pages\/3437\/revisions"}],"predecessor-version":[{"id":3891,"href":"https:\/\/www.campings.com\/fr\/content\/wp-json\/wp\/v2\/pages\/3437\/revisions\/3891"}],"up":[{"embeddable":true,"href":"https:\/\/www.campings.com\/fr\/content\/wp-json\/wp\/v2\/pages\/3428"}],"wp:attachment":[{"href":"https:\/\/www.campings.com\/fr\/content\/wp-json\/wp\/v2\/media?parent=3437"}],"curies":[{"name":"wp","href":"https:\/\/api.w.org\/{rel}","templated":true}]}}