{"id":3433,"date":"2022-02-17T11:28:13","date_gmt":"2022-02-17T11:28:13","guid":{"rendered":"https:\/\/www.campings.com\/fr\/content\/?page_id=3433"},"modified":"2022-08-10T09:27:09","modified_gmt":"2022-08-10T09:27:09","slug":"campings-5-etoiles-nouvelle-aquitaine","status":"publish","type":"page","link":"https:\/\/www.campings.com\/fr\/content\/guide-vacances-nouvelle-aquitaine\/campings-5-etoiles-nouvelle-aquitaine\/","title":{"rendered":"Les meilleurs campings 5 \u00e9toiles en Nouvelle-Aquitaine"},"content":{"rendered":"<p>&nbsp;<\/p>\n<p>Envie de vacances en Nouvelle-Aquitaine rimant avec luxe et confort ? \u00c9quipements Premium, prestations sur-mesure, h\u00e9bergements haut-de-gamme\u2026 D\u00e9couvrez les meilleurs campings de luxe de la r\u00e9gion !<\/p>\n<p>Situ\u00e9e dans le quart sud-ouest de la France, la <a href=\"https:\/\/www.campings.com\/fr\/france\/aquitaine\"><strong>Nouvelle-Aquitaine<\/strong>\u00a0<\/a>poss\u00e8de un littoral tourn\u00e9 vers l\u2019Atlantique long de 720 km. Travers\u00e9e par les Pyr\u00e9n\u00e9es au sud, la r\u00e9gion offre une multitude de destinations de r\u00eave o\u00f9 passer vos vacances. Entre ses vignobles bordelais, ses plages de sable fin, ses sites naturels \u00e0 d\u00e9couvrir\u2026 Vous n\u2019aurez pas le temps de vous ennuyer ! Pour profiter pleinement du s\u00e9jour, nous avons s\u00e9lectionn\u00e9 les meilleurs campings 5 \u00e9toiles en <strong><a href=\"https:\/\/www.campings.com\/fr\/content\/guide-vacances-nouvelle-aquitaine\/\">Nouvelle-Aquitaine<\/a><\/strong>.<\/p>\n<p>&nbsp;<\/p>\n<h2><strong>Les meilleurs campings 5 \u00e9toiles sur la c\u00f4te Atlantique\u00a0<\/strong><\/h2>\n<p>&nbsp;<\/p>\n<h3>Camping Les Gros Joncs \u2605\u2605\u2605\u2605\u2605 en Charente-Maritime<\/h3>\n<p>Cette ann\u00e9e, faites une r\u00e9servation au Camping Les Gros Joncs et laissez-vous s\u00e9duire par la ville de Saint-Georges-d&rsquo;Ol\u00e9ron en Charente-Maritime dans laquelle l&rsquo;\u00e9tablissement se trouve : c&rsquo;est un tr\u00e8s bel endroit que vous aimerez sans aucun doute. Votre s\u00e9jour se d\u00e9roulera en Poitou-Charentes, non loin de la plage (400 m). Laissez-vous donc subjuguer par la beaut\u00e9 de cet endroit sp\u00e9cial ! Les fans de baignade pourront aussi faire un saut, uniquement en pleine saison, dans la piscine couverte chauff\u00e9e. Elle est compl\u00e9t\u00e9e par une piscine ext\u00e9rieure chauff\u00e9e, dont l&rsquo;acc\u00e8s est possible pendant les beaux jours.<\/p>\n<p><a href=\"https:\/\/www.campings.com\/fr\/camping\/camping-seagreen-erreka-76904\">Plus d\u2019infos sur le Camping Les Gros Joncs<\/a><\/p>\n<p>&nbsp;<\/p>\n<h3>Camping Signol \u2605\u2605\u2605\u2605\u2605 en Charente-Maritime<\/h3>\n<p>Vous recherchez le camping id\u00e9al pour passer des cong\u00e9s en famille ou entre amis ? Pourquoi ne pas faire une r\u00e9servation au Camping Signol situ\u00e9 dans la commune de Saint-Georges-d&rsquo;Ol\u00e9ron en Charente-Maritime ? Laissez-vous \u00e9blouir par le Poitou-Charentes et ses merveilles. A noter par ailleurs : la pr\u00e9sence de la mer \u00e0 800 m du camping. Les fans de baignade pourront aussi faire un saut, y compris hors saison, dans la piscine couverte chauff\u00e9e. Elle est accompagn\u00e9e d&rsquo;une piscine ext\u00e9rieure chauff\u00e9e, dont l&rsquo;acc\u00e8s est possible pendant les beaux jours.<\/p>\n<p><a href=\"https:\/\/www.campings.com\/fr\/camping\/camping-signol-78233\">Plus d\u2019infos sur le Camping Signol<\/a><\/p>\n<p>&nbsp;<\/p>\n<h3>Camping Mayotte Vacances \u2605\u2605\u2605\u2605\u2605 dans les Landes<\/h3>\n<p>Le Camping Mayotte Vacances dans les Landes r\u00e9ussira \u00e0 satisfaire l&rsquo;ensemble de vos attentes. Situ\u00e9 dans la commune de Biscarrosse, vous y passerez des vacances qui renforceront vos liens avec votre famille ou vos amis. Nich\u00e9 au creux de l&rsquo;Aquitaine, \u00e0 une distance raisonnable de la plage (13,4 km), ce camping pourra vous ouvrir les secrets de ce territoire. Vous appr\u00e9cierez tout sp\u00e9cialement sa piscine couverte chauff\u00e9e (ouverte au public pendant l&rsquo;\u00e9t\u00e9 seulement), tout comme sa piscine ext\u00e9rieure chauff\u00e9e (accessible pendant les beaux jours).<\/p>\n<p><a href=\"https:\/\/www.campings.com\/fr\/camping\/camping-mayotte-vacances-76910\">Plus d\u2019infos sur le Camping Mayotte Vacances<\/a><\/p>\n<p>&nbsp;<\/p>\n<h3>Camping Les Vignes \u2605\u2605\u2605\u2605\u2605 dans les Landes<\/h3>\n<p>Que vous r\u00e9serviez pour plusieurs semaines ou pour quelques jours, le Camping Les Vignes, situ\u00e9 \u00e0 Lit-et-Mixe dans les Landes, satisfera toutes vos attentes. Install\u00e9 en Aquitaine, \u00e0 seulement quelques kilom\u00e8tres de la mer, ce camping h\u00e9berge les voyageurs et vacanciers pour un moment inoubliable. Pour profiter \u00e0 fond d&rsquo;instants de d\u00e9tente avec vos proches, vous pourrez aller vous pr\u00e9lasser dans la piscine couverte chauff\u00e9e, accessible aux vacanciers pendant l&rsquo;\u00e9t\u00e9 seulement, sans m\u00eame \u00e0 devoir sortir du camping. Une piscine ext\u00e9rieure non chauff\u00e9e, dont l&rsquo;acc\u00e8s est garanti pendant les beaux jours, se trouve \u00e9galement \u00e0 l&rsquo;int\u00e9rieur.<\/p>\n<p><a href=\"https:\/\/www.campings.com\/fr\/camping\/camping-les-vignes-76661\">Plus d\u2019infos sur le Camping Les Vignes<\/a><\/p>\n<p>&nbsp;<\/p>\n<p>&nbsp;<\/p>\n<h2><strong>Les meilleurs campings 5 \u00e9toiles avec parc aquatique<\/strong><\/h2>\n<p>&nbsp;<\/p>\n<h3>Camping Atlantic Club Montalivet \u2605\u2605\u2605\u2605\u2605 en Gironde<\/h3>\n<p>Que vous fassiez une r\u00e9servation pour plusieurs semaines ou pour quelques jours, le Camping Atlantic Club Montalivet, situ\u00e9 \u00e0 Vendays-Montalivet en Gironde, satisfera l&rsquo;ensemble de vos d\u00e9sirs. Laissez-vous charmer par l&rsquo;Aquitaine et ses tr\u00e9sors. A noter \u00e9galement la pr\u00e9sence de la plage dans le camping. Vous appr\u00e9cierez tout particuli\u00e8rement sa piscine ext\u00e9rieure chauff\u00e9e (ouverte au public pendant l&rsquo;\u00e9t\u00e9 seulement).<\/p>\n<p><a href=\"https:\/\/www.campings.com\/fr\/camping\/camping-atlantic-club-montalivet-77925\">Plus d\u2019infos sur le Camping Atlantic Club Montalivet<\/a><\/p>\n<p>&nbsp;<\/p>\n<h3>Camping Lou Pignada \u2605\u2605\u2605\u2605\u2605 dans les Landes<\/h3>\n<p>Si vous cherchez un camping dans les Landes, le Camping Club Famille Lou Pignada \u00e0 Messanges est sans aucun doute celui qu&rsquo;il vous faut. Log\u00e9 au coeur de l&rsquo;Aquitaine, ce camping saura vous ravir par son emplacement, d&rsquo;autant plus qu&rsquo;il se trouve situ\u00e9 \u00e0 quelques kilom\u00e8tres du bord de mer. Vous aurez l&rsquo;occasion de profiter \u00e9galement des joies de la baignade dans la piscine couverte chauff\u00e9e que poss\u00e8de le camping, une installation dont l&rsquo;acc\u00e8s est possible uniquement en pleine saison. Une piscine ext\u00e9rieure chauff\u00e9e est aussi \u00e0 la disposition des vacanciers, tous les mois de l&rsquo;ann\u00e9e.<\/p>\n<p><a href=\"https:\/\/www.campings.com\/fr\/camping\/camping-lou-pignada-77799\">Plus d\u2019infos sur le Camping Lou Pignada<\/a><\/p>\n<p>&nbsp;<\/p>\n<h3>Camping Village Resort et Spa Le Vieux Port \u2605\u2605\u2605\u2605\u2605 dans les Landes<\/h3>\n<p>Le Camping Village Resort et Spa Le Vieux Port, \u00e9tablissement situ\u00e9 dans les Landes, est l&rsquo;endroit parfait pour passer ses vacances. Ce camping \u00e0 Messanges arrivera \u00e0 vous d\u00e9connecter de vos tracas quotidiens au cours de vos cong\u00e9s. Nich\u00e9 au coeur de l&rsquo;Aquitaine (France), ce camping a de quoi vous r\u00e9jouir par sa situation g\u00e9ographique en acc\u00e8s direct \u00e0 l&rsquo;oc\u00e9an. C\u00f4t\u00e9 activit\u00e9s aquatiques, grande nouveaut\u00e9 2022 le camping a r\u00e9alis\u00e9 une restructuration majeure de l&rsquo;espace aquatique avec au total 11 toboggans aquatiques ouverts de l&rsquo;ouverture \u00e0 la fermeture et tous utiliseront de l&rsquo;eau chauff\u00e9e et un simulateur de vagues comprenant 4 pistes, activit\u00e9 unique dans un camping 5* en France (payant et sur r\u00e9servation), les vacanciers peuvent aussi jouir du parc aquatique XXL avec une piscine couverte chauff\u00e9e et des piscines ext\u00e9rieures chauff\u00e9es, pendant toute la saison.<\/p>\n<p><a href=\"https:\/\/www.campings.com\/fr\/camping\/camping-village-resort-et-spa-le-vieux-port-77802\">Plus d\u2019infos sur le Camping Village Resort et Spa Le Vieux Port<\/a><\/p>\n<p>&nbsp;<\/p>\n<h3>Camping RCN Le Moulin de la Pique \u2605\u2605\u2605\u2605\u2605 en Dordogne<\/h3>\n<p>Le camping 5 \u00e9toiles Le Moulin de la Pique est situ\u00e9 sur un domaine historique en Dordogne. Laissez vous s\u00e9duire par ce d\u00e9cor de conte de f\u00e9es avec les b\u00e2timents d&rsquo;origine et les magnolias qui enveloppent le parc dans une ambiance encore classique et romantique. L&rsquo;espace aquatique ravira petits et grands gr\u00e2ce \u00e0 4 bassins ext\u00e9rieurs et les tobboggans aquatiques.<\/p>\n<p><a href=\"https:\/\/www.campings.com\/fr\/camping\/camping-rcn-le-moulin-de-la-pique-76873\">Plus d\u2019infos sur le Camping RCN Le Moulin de la Pique<\/a><\/p>\n<p>&nbsp;<\/p>\n<p>&nbsp;<\/p>\n<h2><strong>S\u00e9lection de campings haut-de-gamme dans le sud-ouest\u00a0<\/strong><\/h2>\n<p>Envie d\u2019un h\u00e9bergement Premium en <a href=\"https:\/\/www.campings.com\/fr\/content\/guide-vacances-nouvelle-aquitaine\/\"><strong>Nouvelle-Aquitaine<\/strong>\u00a0<\/a>? D\u00e9couvrez notre s\u00e9lection de campings haut-de-gamme.<\/p>\n<p>&nbsp;<\/p>\n<h3>Village Tropical Sen-Yan \u2605\u2605\u2605\u2605\u2605 dans les Landes<\/h3>\n<p>Au Village Tropical Sen-Yan, un \u00e9tablissement d\u00e9pendant de la commune de M\u00e9zos, vous ne pourrez que profiter de cong\u00e9s bien m\u00e9rit\u00e9s dans les Landes. Laissez-vous \u00e9blouir par l&rsquo;Aquitaine et ses tr\u00e9sors. A noter par ailleurs : la pr\u00e9sence du bord de mer \u00e0 12 km du camping. Les f\u00e9rus de baignade pourront aussi nager, durant la p\u00e9riode estivale uniquement, dans la piscine couverte chauff\u00e9e. Elle est compl\u00e9t\u00e9e par une piscine ext\u00e9rieure chauff\u00e9e, dont l&rsquo;acc\u00e8s est possible pendant les beaux jours.<\/p>\n<p><a href=\"https:\/\/www.campings.com\/fr\/camping\/club-marina-landes-80979\">Plus d\u2019infos sur le Village Tropical Sen-Yan<\/a><\/p>\n<p>&nbsp;<\/p>\n<h3>Camping maeva Respire Domaine Les Or\u00e9ades \u2605\u2605\u2605\u2605\u2605 dans les Landes<\/h3>\n<p>Le Camping Domaine Les Or\u00e9ades***** est situ\u00e9 en bordure du Lac de Sanguinet, entre les Landes et la Gironde et \u00e0 proximit\u00e9 des plages de l&rsquo;Oc\u00e9an Atlantique.<br \/>\nSanguinet c&rsquo;est avant tout un espace naturel pr\u00e9serv\u00e9 et remarquable au coeur de la for\u00eat landaise, abritant une faune et une flore riches et vari\u00e9es ; c&rsquo;est aussi un lac avec une plage de sable fin, une eau calme, transparente et peu profonde qui vous assurera une baignade s\u00e9curis\u00e9e, pour petits et grands.<\/p>\n<p><a href=\"https:\/\/www.campings.com\/fr\/camping\/camping-maeva-respire-domaine-les-oreades-86738\">Plus d\u2019infos sur le Camping maeva Respire Domaine Les Or\u00e9ades<\/a><\/p>\n<p>&nbsp;<\/p>\n<h3>Camping La C\u00f4te Sauvage \u2605\u2605\u2605\u2605\u2605 en Charente-Maritime<\/h3>\n<p>Cette ann\u00e9e, r\u00e9servez au Camping La C\u00f4te Sauvage et laissez-vous s\u00e9duire par la ville de Les Mathes en Charente-Maritime dans laquelle l&rsquo;\u00e9tablissement se trouve : c&rsquo;est un tr\u00e8s bel endroit que vous appr\u00e9cierez sans conteste. Laissez-vous charmer par le Poitou-Charentes et ses merveilles. C\u00f4t\u00e9 activit\u00e9s aquatiques, les baigneurs peuvent jouir de la piscine couverte chauff\u00e9e, uniquement en pleine saison, et de la piscine ext\u00e9rieure non chauff\u00e9e, pendant les beaux jours.<\/p>\n<p><a style=\"font-size: 16px\" href=\"https:\/\/www.campings.com\/fr\/camping\/camping-la-cote-sauvage-79176\">Plus d\u2019infos sur le Camping La C\u00f4te Sauvage<\/a><\/p>\n<p>&nbsp;<\/p>\n<h3>Camping Mer Et Soleil \u2605\u2605\u2605\u2605\u2605 en Charente-Maritime<\/h3>\n<p>Le camping Mer et Soleil d&rsquo;Ol\u00e9ron est situ\u00e9 sur l&rsquo;\u00eele d&rsquo;Ol\u00e9ron qui est connue et reconnue pour son cadre majestueux. Vous allez adorer vous baignez et d\u00e9ambuler sur ses plages : \u00e0 proximit\u00e9 du camping, vous retrouverez la plage des Sables Vigniers aux allures encore sauvages et ses \u00e9tendues de sables fins, et la plage dunaire : La Conche Madame. Sans oublier le port de la Cotini\u00e8re, authentique port de p\u00eache, le phare de Chassiron d&rsquo;une hauteur de 46 m et 224 marches et son c\u00e9l\u00e8bre mus\u00e9e et magnifiques jardins.<\/p>\n<p><a href=\"https:\/\/www.campings.com\/fr\/camping\/slow-village-biscarosse-lac-76912\">Plus d\u2019infos sur le Camping Mer Et Soleil<\/a><\/p>\n<p>&nbsp;<\/p>\n","protected":false},"excerpt":{"rendered":"<p>&nbsp; Envie de vacances en Nouvelle-Aquitaine rimant avec luxe et confort ? \u00c9quipements Premium, prestations sur-mesure, h\u00e9bergements haut-de-gamme\u2026 D\u00e9couvrez les meilleurs campings de luxe de la r\u00e9gion ! Situ\u00e9e dans le quart sud-ouest de la France, la Nouvelle-Aquitaine\u00a0poss\u00e8de un littoral tourn\u00e9 vers l\u2019Atlantique long de 720 km. Travers\u00e9e par les Pyr\u00e9n\u00e9es au sud, la r\u00e9gion [&hellip;]<\/p>\n","protected":false},"author":18,"featured_media":0,"parent":3428,"menu_order":0,"comment_status":"closed","ping_status":"closed","template":"template-twocolumns.php","meta":{"_acf_changed":false,"footnotes":""},"class_list":["post-3433","page","type-page","status-publish","hentry"],"acf":[],"yoast_head":"<!-- This site is optimized with the Yoast SEO plugin v27.1.1 - https:\/\/yoast.com\/product\/yoast-seo-wordpress\/ -->\n<title>Les meilleurs campings 5 \u00e9toiles en Nouvelle-Aquitaine -<\/title>\n<meta name=\"robots\" content=\"index, follow, max-snippet:-1, max-image-preview:large, max-video-preview:-1\" \/>\n<link rel=\"canonical\" href=\"https:\/\/www.campings.com\/fr\/content\/guide-vacances-nouvelle-aquitaine\/campings-5-etoiles-nouvelle-aquitaine\/\" \/>\n<meta property=\"og:locale\" content=\"fr_FR\" \/>\n<meta property=\"og:type\" content=\"article\" \/>\n<meta property=\"og:title\" content=\"Les meilleurs campings 5 \u00e9toiles en Nouvelle-Aquitaine -\" \/>\n<meta property=\"og:description\" content=\"&nbsp; Envie de vacances en Nouvelle-Aquitaine rimant avec luxe et confort ? \u00c9quipements Premium, prestations sur-mesure, h\u00e9bergements haut-de-gamme\u2026 D\u00e9couvrez les meilleurs campings de luxe de la r\u00e9gion ! Situ\u00e9e dans le quart sud-ouest de la France, la Nouvelle-Aquitaine\u00a0poss\u00e8de un littoral tourn\u00e9 vers l\u2019Atlantique long de 720 km. Travers\u00e9e par les Pyr\u00e9n\u00e9es au sud, la r\u00e9gion [&hellip;]\" \/>\n<meta property=\"og:url\" content=\"https:\/\/www.campings.com\/fr\/content\/guide-vacances-nouvelle-aquitaine\/campings-5-etoiles-nouvelle-aquitaine\/\" \/>\n<meta property=\"article:modified_time\" content=\"2022-08-10T09:27:09+00:00\" \/>\n<meta name=\"twitter:card\" content=\"summary_large_image\" \/>\n<meta name=\"twitter:label1\" content=\"Dur\u00e9e de lecture estim\u00e9e\" \/>\n\t<meta name=\"twitter:data1\" content=\"7 minutes\" \/>\n<script type=\"application\/ld+json\" class=\"yoast-schema-graph\">{\"@context\":\"https:\/\/schema.org\",\"@graph\":[{\"@type\":\"WebPage\",\"@id\":\"https:\/\/www.campings.com\/fr\/content\/guide-vacances-nouvelle-aquitaine\/campings-5-etoiles-nouvelle-aquitaine\/\",\"url\":\"https:\/\/www.campings.com\/fr\/content\/guide-vacances-nouvelle-aquitaine\/campings-5-etoiles-nouvelle-aquitaine\/\",\"name\":\"Les meilleurs campings 5 \u00e9toiles en Nouvelle-Aquitaine -\",\"isPartOf\":{\"@id\":\"https:\/\/www.campings.com\/fr\/content\/#website\"},\"datePublished\":\"2022-02-17T11:28:13+00:00\",\"dateModified\":\"2022-08-10T09:27:09+00:00\",\"breadcrumb\":{\"@id\":\"https:\/\/www.campings.com\/fr\/content\/guide-vacances-nouvelle-aquitaine\/campings-5-etoiles-nouvelle-aquitaine\/#breadcrumb\"},\"inLanguage\":\"fr-FR\",\"potentialAction\":[{\"@type\":\"ReadAction\",\"target\":[\"https:\/\/www.campings.com\/fr\/content\/guide-vacances-nouvelle-aquitaine\/campings-5-etoiles-nouvelle-aquitaine\/\"]}]},{\"@type\":\"BreadcrumbList\",\"@id\":\"https:\/\/www.campings.com\/fr\/content\/guide-vacances-nouvelle-aquitaine\/campings-5-etoiles-nouvelle-aquitaine\/#breadcrumb\",\"itemListElement\":[{\"@type\":\"ListItem\",\"position\":1,\"name\":\"Home\",\"item\":\"https:\/\/www.campings.com\/fr\/content\/\"},{\"@type\":\"ListItem\",\"position\":2,\"name\":\"Le guide de vos vacances en Nouvelle-Aquitaine\",\"item\":\"https:\/\/www.campings.com\/fr\/content\/guide-vacances-nouvelle-aquitaine\/\"},{\"@type\":\"ListItem\",\"position\":3,\"name\":\"Les meilleurs campings 5 \u00e9toiles en Nouvelle-Aquitaine\"}]},{\"@type\":\"WebSite\",\"@id\":\"https:\/\/www.campings.com\/fr\/content\/#website\",\"url\":\"https:\/\/www.campings.com\/fr\/content\/\",\"name\":\"\",\"description\":\"\",\"publisher\":{\"@id\":\"https:\/\/www.campings.com\/fr\/content\/#organization\"},\"potentialAction\":[{\"@type\":\"SearchAction\",\"target\":{\"@type\":\"EntryPoint\",\"urlTemplate\":\"https:\/\/www.campings.com\/fr\/content\/?s={search_term_string}\"},\"query-input\":{\"@type\":\"PropertyValueSpecification\",\"valueRequired\":true,\"valueName\":\"search_term_string\"}}],\"inLanguage\":\"fr-FR\"},{\"@type\":\"Organization\",\"@id\":\"https:\/\/www.campings.com\/fr\/content\/#organization\",\"name\":\"CAMPINGS.COM\",\"url\":\"https:\/\/www.campings.com\/fr\/content\/\",\"logo\":{\"@type\":\"ImageObject\",\"inLanguage\":\"fr-FR\",\"@id\":\"https:\/\/www.campings.com\/fr\/content\/#\/schema\/logo\/image\/\",\"url\":\"https:\/\/www.campings.com\/fr\/content\/wp-content\/uploads\/2019\/01\/cropped-logo-1.png\",\"contentUrl\":\"https:\/\/www.campings.com\/fr\/content\/wp-content\/uploads\/2019\/01\/cropped-logo-1.png\",\"width\":174,\"height\":42,\"caption\":\"CAMPINGS.COM\"},\"image\":{\"@id\":\"https:\/\/www.campings.com\/fr\/content\/#\/schema\/logo\/image\/\"}}]}<\/script>\n<!-- \/ Yoast SEO plugin. -->","yoast_head_json":{"title":"Les meilleurs campings 5 \u00e9toiles en Nouvelle-Aquitaine -","robots":{"index":"index","follow":"follow","max-snippet":"max-snippet:-1","max-image-preview":"max-image-preview:large","max-video-preview":"max-video-preview:-1"},"canonical":"https:\/\/www.campings.com\/fr\/content\/guide-vacances-nouvelle-aquitaine\/campings-5-etoiles-nouvelle-aquitaine\/","og_locale":"fr_FR","og_type":"article","og_title":"Les meilleurs campings 5 \u00e9toiles en Nouvelle-Aquitaine -","og_description":"&nbsp; Envie de vacances en Nouvelle-Aquitaine rimant avec luxe et confort ? \u00c9quipements Premium, prestations sur-mesure, h\u00e9bergements haut-de-gamme\u2026 D\u00e9couvrez les meilleurs campings de luxe de la r\u00e9gion ! Situ\u00e9e dans le quart sud-ouest de la France, la Nouvelle-Aquitaine\u00a0poss\u00e8de un littoral tourn\u00e9 vers l\u2019Atlantique long de 720 km. Travers\u00e9e par les Pyr\u00e9n\u00e9es au sud, la r\u00e9gion [&hellip;]","og_url":"https:\/\/www.campings.com\/fr\/content\/guide-vacances-nouvelle-aquitaine\/campings-5-etoiles-nouvelle-aquitaine\/","article_modified_time":"2022-08-10T09:27:09+00:00","twitter_card":"summary_large_image","twitter_misc":{"Dur\u00e9e de lecture estim\u00e9e":"7 minutes"},"schema":{"@context":"https:\/\/schema.org","@graph":[{"@type":"WebPage","@id":"https:\/\/www.campings.com\/fr\/content\/guide-vacances-nouvelle-aquitaine\/campings-5-etoiles-nouvelle-aquitaine\/","url":"https:\/\/www.campings.com\/fr\/content\/guide-vacances-nouvelle-aquitaine\/campings-5-etoiles-nouvelle-aquitaine\/","name":"Les meilleurs campings 5 \u00e9toiles en Nouvelle-Aquitaine -","isPartOf":{"@id":"https:\/\/www.campings.com\/fr\/content\/#website"},"datePublished":"2022-02-17T11:28:13+00:00","dateModified":"2022-08-10T09:27:09+00:00","breadcrumb":{"@id":"https:\/\/www.campings.com\/fr\/content\/guide-vacances-nouvelle-aquitaine\/campings-5-etoiles-nouvelle-aquitaine\/#breadcrumb"},"inLanguage":"fr-FR","potentialAction":[{"@type":"ReadAction","target":["https:\/\/www.campings.com\/fr\/content\/guide-vacances-nouvelle-aquitaine\/campings-5-etoiles-nouvelle-aquitaine\/"]}]},{"@type":"BreadcrumbList","@id":"https:\/\/www.campings.com\/fr\/content\/guide-vacances-nouvelle-aquitaine\/campings-5-etoiles-nouvelle-aquitaine\/#breadcrumb","itemListElement":[{"@type":"ListItem","position":1,"name":"Home","item":"https:\/\/www.campings.com\/fr\/content\/"},{"@type":"ListItem","position":2,"name":"Le guide de vos vacances en Nouvelle-Aquitaine","item":"https:\/\/www.campings.com\/fr\/content\/guide-vacances-nouvelle-aquitaine\/"},{"@type":"ListItem","position":3,"name":"Les meilleurs campings 5 \u00e9toiles en Nouvelle-Aquitaine"}]},{"@type":"WebSite","@id":"https:\/\/www.campings.com\/fr\/content\/#website","url":"https:\/\/www.campings.com\/fr\/content\/","name":"","description":"","publisher":{"@id":"https:\/\/www.campings.com\/fr\/content\/#organization"},"potentialAction":[{"@type":"SearchAction","target":{"@type":"EntryPoint","urlTemplate":"https:\/\/www.campings.com\/fr\/content\/?s={search_term_string}"},"query-input":{"@type":"PropertyValueSpecification","valueRequired":true,"valueName":"search_term_string"}}],"inLanguage":"fr-FR"},{"@type":"Organization","@id":"https:\/\/www.campings.com\/fr\/content\/#organization","name":"CAMPINGS.COM","url":"https:\/\/www.campings.com\/fr\/content\/","logo":{"@type":"ImageObject","inLanguage":"fr-FR","@id":"https:\/\/www.campings.com\/fr\/content\/#\/schema\/logo\/image\/","url":"https:\/\/www.campings.com\/fr\/content\/wp-content\/uploads\/2019\/01\/cropped-logo-1.png","contentUrl":"https:\/\/www.campings.com\/fr\/content\/wp-content\/uploads\/2019\/01\/cropped-logo-1.png","width":174,"height":42,"caption":"CAMPINGS.COM"},"image":{"@id":"https:\/\/www.campings.com\/fr\/content\/#\/schema\/logo\/image\/"}}]}},"_links":{"self":[{"href":"https:\/\/www.campings.com\/fr\/content\/wp-json\/wp\/v2\/pages\/3433","targetHints":{"allow":["GET"]}}],"collection":[{"href":"https:\/\/www.campings.com\/fr\/content\/wp-json\/wp\/v2\/pages"}],"about":[{"href":"https:\/\/www.campings.com\/fr\/content\/wp-json\/wp\/v2\/types\/page"}],"author":[{"embeddable":true,"href":"https:\/\/www.campings.com\/fr\/content\/wp-json\/wp\/v2\/users\/18"}],"replies":[{"embeddable":true,"href":"https:\/\/www.campings.com\/fr\/content\/wp-json\/wp\/v2\/comments?post=3433"}],"version-history":[{"count":5,"href":"https:\/\/www.campings.com\/fr\/content\/wp-json\/wp\/v2\/pages\/3433\/revisions"}],"predecessor-version":[{"id":3900,"href":"https:\/\/www.campings.com\/fr\/content\/wp-json\/wp\/v2\/pages\/3433\/revisions\/3900"}],"up":[{"embeddable":true,"href":"https:\/\/www.campings.com\/fr\/content\/wp-json\/wp\/v2\/pages\/3428"}],"wp:attachment":[{"href":"https:\/\/www.campings.com\/fr\/content\/wp-json\/wp\/v2\/media?parent=3433"}],"curies":[{"name":"wp","href":"https:\/\/api.w.org\/{rel}","templated":true}]}}