{"id":3415,"date":"2022-02-11T16:08:48","date_gmt":"2022-02-11T16:08:48","guid":{"rendered":"https:\/\/www.campings.com\/fr\/content\/?page_id=3415"},"modified":"2022-03-25T10:06:53","modified_gmt":"2022-03-25T10:06:53","slug":"plus-beaux-villages-france","status":"publish","type":"page","link":"https:\/\/www.campings.com\/fr\/content\/guide-vacances-france\/plus-beaux-villages-france\/","title":{"rendered":"A la d\u00e9couverte des plus beaux villages de France"},"content":{"rendered":"<p>Premi\u00e8re destination touristique au monde, la <strong><a href=\"https:\/\/www.campings.com\/fr\/content\/guide-vacances-france\/\">France<\/a> <\/strong>accueille chaque ann\u00e9e pr\u00e8s de 90 millions de visiteurs. Cet attrait s\u2019explique par la grande richesse de son patrimoine naturel, architectural et culturel. De plus, le territoire fran\u00e7ais abrite de magnifiques villages au charme authentique. Nous avons s\u00e9lectionn\u00e9 les plus beaux endroits \u00e0 visiter.<\/p>\n<p>La France est r\u00e9put\u00e9e pour ses paysages splendides et ses beaux villages, qui respirent la douceur de vivre\u2026 Au total, le territoire poss\u00e8de 34 825 communes. L\u2019association Les Plus Beaux Villages de France, cr\u00e9\u00e9e en 1982, s\u2019est donn\u00e9e pour mission de les mettre en avant&#8230; A ce jour, elle r\u00e9unit 164 adh\u00e9rents r\u00e9partis sur 70 d\u00e9partements. Voici une liste des plus beaux villages de\u00a0<a href=\"https:\/\/www.campings.com\/fr\/france?type=country\">France<\/a> \u00e0 visiter pendant vos prochaines vacances.<\/p>\n<h2><strong>Hunspach (Alsace)<\/strong><\/h2>\n<p>Le charmant village d\u2019Hunspach est situ\u00e9 dans le Bas-Rhin en Alsace, \u00e0 60 km de Strasbourg. En 2018, il compte 637 habitants. En 2020, il obtient le titre de \u00ab Village pr\u00e9f\u00e9r\u00e9 des Fran\u00e7ais \u00bb gr\u00e2ce \u00e0 l\u2019\u00e9mission de St\u00e9phane Bern. Avec ses magnifiques maisons \u00e0 colombage, ce village respire l\u2019authenticit\u00e9. Voici les principaux lieux \u00e0 visiter \u00e0 Hunspach:<\/p>\n<ul>\n<li>Le fort de Schoenenbourg, un vestige de la Seconde Guerre mondiale ;<\/li>\n<li>Le mus\u00e9e des m\u00e9tiers d\u2019Antan qui plonge ses visiteurs dans les traditions d\u2019autrefois ;<\/li>\n<li>Ma petite ferme d\u2019Antan : une ferme familiale qui vous invite \u00e0 d\u00e9couvrir la vie paysanne dans les ann\u00e9es 1900 ;<\/li>\n<li>L\u2019\u00e9glise Sainte-Agathe ;<\/li>\n<li>Les \u00e9tangs de Gr\u00fcndel.<\/li>\n<\/ul>\n<h2><strong>Conques (Aveyron)<\/strong><\/h2>\n<p>Situ\u00e9 dans l\u2019Aveyron, dans la r\u00e9gion Occitanie, Conques se trouve \u00e0 proximit\u00e9 des gorges du Dourdou. Ce village de 1 600 habitants, sur fond de for\u00eats de montagne s\u00e9duit les visiteurs. Avec ses maisons \u00e0 toit de lauzes et ses ruelles pav\u00e9es, Conques semble tout droit sorti de l\u2019\u00e9poque m\u00e9di\u00e9vale\u2026 L\u2019Abbaye et le Tr\u00e9sor de Conques sont les sites les plus visit\u00e9s. Il y a pourtant beaucoup \u00e0 voir comme :<\/p>\n<ul>\n<li>Le pont du p\u00e8lerin ;<\/li>\n<li>Le ch\u00e2teau d\u2019Humi\u00e8res et la chapelle Saint-Roch qui s\u00e9duiront les amateurs d\u2019architecture ;<\/li>\n<li>La porte de Vinzelle, vestige du pass\u00e9 m\u00e9di\u00e9val de Conques ;<\/li>\n<li>Le mus\u00e9e Joseph-Fau;<\/li>\n<li>Etc.<\/li>\n<\/ul>\n<p>Les amateurs de sports de plein air seront \u00e9galement combl\u00e9s \u00e0 Conques. Du cyclotourisme \u00e0 la randonn\u00e9e, en passant par le cano\u00eb-kayak, les activit\u00e9s ne manquent pas.<\/p>\n<h2><strong>Domme (Dordogne)<\/strong><\/h2>\n<p>Nich\u00e9 au sud-est de la Dordogne, Domme compte environ 900 habitants. Ce magnifique village, particuli\u00e8rement verdoyant est une destination id\u00e9ale pour prendre un bol d\u2019air frais. Dot\u00e9 d\u2019un riche pass\u00e9, le village compte de nombreux sites patrimoniaux, \u00e0 d\u00e9couvrir au gr\u00e9 des ruelles pav\u00e9es. Des petits trains permettent \u00e9galement de visiter le village. Parmi les principaux lieux d\u2019int\u00e9r\u00eat \u00e0 visiter \u00e0 Domme, il est possible de citer :<\/p>\n<ul>\n<li>L\u2019\u00e9comus\u00e9e de l\u2019Oustal\u00a0;<\/li>\n<li>Le vieux moulin \u00e0 vent\u00a0;<\/li>\n<li>La porte des tours\u00a0;<\/li>\n<li>La grotte de Domme\u00a0;<\/li>\n<li>La prison des templiers\u00a0;<\/li>\n<li>Le joli Lavoir de Domme.<\/li>\n<\/ul>\n<h2><strong>Locronan (Finist\u00e8re)<\/strong><\/h2>\n<p>En Bretagne, dans le Finist\u00e8re, ce petit village de 800 habitants fait partie des Petites Cit\u00e9s de Caract\u00e8re de\u00a0<a href=\"https:\/\/www.campings.com\/fr\/content\/guide-vacances-france\/\">France<\/a>. Locronan abrite un patrimoine architectural remarquable \u00e0 d\u00e9couvrir. Voici quelques sites incontournables \u00e0 visiter :<\/p>\n<ul>\n<li>La place de l\u2019\u00e9glise;<\/li>\n<li>L\u2019\u00e9glise Saint-Ronan et la chapelle du P\u00e9nity qui abrite le tombeau de Saint Ronan ;<\/li>\n<li>La chapelle Notre-Dame-de-Bonne-Nouvelle ;<\/li>\n<li>Le mus\u00e9e d\u2019Art et d\u2019Histoire ;<\/li>\n<li>Le moulin du Prieur\u00e9.<\/li>\n<\/ul>\n<h2><strong>Gordes (Vaucluse)<\/strong><\/h2>\n<p>Situ\u00e9 au c\u0153ur du Vaucluse, face au massif du Luberon, ce village compte 700 habitants environ. Gordes doit son titre de \u00ab plus beau village de France \u00bb \u00e0 son patrimoine vari\u00e9:<\/p>\n<ul>\n<li>Ses hameaux anciens;<\/li>\n<li>Ses deux abbayes ;<\/li>\n<li>Ses bories (cabanes de pierre) ;<\/li>\n<li>Ses lavoirs ;<\/li>\n<li>Ses fontaines.<\/li>\n<\/ul>\n<p>Gordes b\u00e9n\u00e9ficie d\u2019un emplacement privil\u00e9gi\u00e9 entre la r\u00e9serve du mont Ventoux et le parc naturel r\u00e9gional du Luberon. Ainsi, le village abrite une faune et une flore exceptionnelle.<\/p>\n<p><img loading=\"lazy\" decoding=\"async\" class=\"alignnone size-full wp-image-3421\" src=\"https:\/\/www.campings.com\/fr\/content\/wp-content\/uploads\/2022\/02\/Village-Gordes-min.png\" alt=\"\" width=\"1000\" height=\"665\" srcset=\"https:\/\/www.campings.com\/fr\/content\/wp-content\/uploads\/2022\/02\/Village-Gordes-min.png 1000w, https:\/\/www.campings.com\/fr\/content\/wp-content\/uploads\/2022\/02\/Village-Gordes-min-300x200.png 300w, https:\/\/www.campings.com\/fr\/content\/wp-content\/uploads\/2022\/02\/Village-Gordes-min-768x511.png 768w, https:\/\/www.campings.com\/fr\/content\/wp-content\/uploads\/2022\/02\/Village-Gordes-min-450x299.png 450w, https:\/\/www.campings.com\/fr\/content\/wp-content\/uploads\/2022\/02\/Village-Gordes-min-430x286.png 430w\" sizes=\"auto, (max-width: 1000px) 100vw, 1000px\" \/><\/p>\n<h2><strong>Sainte-Enimie (Loz\u00e8re)<\/strong><\/h2>\n<p>Situ\u00e9 dans les gorges du Tarn, ce village de 500 habitants abrite de nombreux tr\u00e9sors naturels.<\/p>\n<ul>\n<li>La R\u00e9serve des C\u00e9vennes ;<\/li>\n<li>Une Zone de protection sp\u00e9ciale qui abrite 25 esp\u00e8ces d\u2019oiseaux.<\/li>\n<\/ul>\n<p>D\u2019autres lieux culturels vous attendent :<\/p>\n<ul>\n<li>Le ch\u00e2teau de Prades ;<\/li>\n<li>L\u2019\u00e9glise Notre-Dame-du-Gourg ;<\/li>\n<li>L\u2019ermitage ;<\/li>\n<li>La source de Burle ;<\/li>\n<li>Etc.<\/li>\n<\/ul>\n<h2><strong>Saint-Guilhem-le-D\u00e9sert (Occitanie)<\/strong><\/h2>\n<p>Ce village de l\u2019H\u00e9rault compte seulement compte 250 habitants pour une superficie de 38,64 km2. Situ\u00e9 dans une zone de montagne, ce village est class\u00e9 au patrimoine mondial de l\u2019UNESCO. Lors de votre visite, ne manquez pas de visiter les sites suivants :<\/p>\n<ul>\n<li>La magnifique abbaye de Gellone;<\/li>\n<li>Ses mus\u00e9es, dont le village d\u2019Antan et Argileum ;<\/li>\n<li>La maison Lorimy;<\/li>\n<li>L\u2019\u00e9glise Saint-Laurent ;<\/li>\n<li>Le ch\u00e2teau du G\u00e9ant ;<\/li>\n<li>Le pont du Diable et ses l\u00e9gendes.<\/li>\n<\/ul>\n<h2><strong>Saint-Cirq-Lapopie (Lot)<\/strong><\/h2>\n<p>Dans le Lot, ce village de 200 habitants s\u2019\u00e9tend sur une superficie de 17,89 km2. Situ\u00e9 \u00e0 30 km du parc naturel r\u00e9gional des Causses du Quercy, ce village abrite des sites incontournables :<\/p>\n<ul>\n<li>L\u2019\u00e9glise de Saint-Cirq-Lapopie;<\/li>\n<li>Les ruines du ch\u00e2teau ;<\/li>\n<li>Le moulin d\u2019Aulanac ;<\/li>\n<li>Le mus\u00e9e Rignault.<\/li>\n<\/ul>\n<p>\u00c0 Saint-Cirq-Lapopie, vous pourrez pratiquer un panel d\u2019activit\u00e9s de plein air : randonn\u00e9e \u00e0 pied ou \u00e0 v\u00e9lo, etc.<\/p>\n<h2><strong>Rochefort-en-Terre (Morbihan), plus beau village de Bretagne<\/strong><\/h2>\n<p>Situ\u00e9e dans le Morbihan, cette commune pleine de charme est class\u00e9e \u201cVillage pr\u00e9f\u00e9r\u00e9 des Fran\u00e7ais\u201d depuis 2016. Bord\u00e9 par les Landes de Lanvaux, le village s\u2019\u00e9tend sur une superficie de 1,22 km2 et compte 641 habitants. Voici les principaux sites \u00e0 visiter pendant votre s\u00e9jour :<\/p>\n<ul>\n<li>Le Coll\u00e9giale Notre-Dame-De-La-Tronchaye, lieu de p\u00e8lerinage des habitants de la r\u00e9gion ;<\/li>\n<li>Le Na\u00efa Museum ou le mus\u00e9e des arts de l\u2019imaginaire ;<\/li>\n<li>Le parc du Ch\u00e2teau de Rochefort qui s&rsquo;\u00e9tend sur plus de 3 ha ;<\/li>\n<li>Le Moulin Neuf Aventure, un parc d&rsquo;attractions proposant diverses activit\u00e9s nautiques.<\/li>\n<\/ul>\n<h2><strong>Les Baux-de-Provence (Bouches-du-Rh\u00f4ne)<\/strong><\/h2>\n<p>Dans les Bouches-du-Rh\u00f4ne, le village des Baux-de-Provence est tr\u00e8s appr\u00e9ci\u00e9 des touristes. La commune compte 342 habitants r\u00e9partis sur une superficie de 18,07 km2. Pendant votre s\u00e9jour, ne manquez pas de visiter les sites suivants :<\/p>\n<ul>\n<li>Le ch\u00e2teau de la ville ;<\/li>\n<li>L\u2019\u00e9glise Saint-Vincent ;<\/li>\n<li>Le mus\u00e9e des santons ;<\/li>\n<\/ul>\n<ul>\n<li>La porte d\u2019Eygui\u00e8res ;<\/li>\n<li>La chapelle des P\u00e9nitents blancs.<\/li>\n<\/ul>\n<p>Vous pourrez \u00e9galement sillonner les multiples sentiers de randonn\u00e9e afin d\u2019admirer les paysages exceptionnels de la r\u00e9gion.<\/p>\n<p><img loading=\"lazy\" decoding=\"async\" class=\"alignnone size-full wp-image-3419\" src=\"https:\/\/www.campings.com\/fr\/content\/wp-content\/uploads\/2022\/02\/Village-baux-de-provence-min.png\" alt=\"\" width=\"1000\" height=\"665\" srcset=\"https:\/\/www.campings.com\/fr\/content\/wp-content\/uploads\/2022\/02\/Village-baux-de-provence-min.png 1000w, https:\/\/www.campings.com\/fr\/content\/wp-content\/uploads\/2022\/02\/Village-baux-de-provence-min-300x200.png 300w, https:\/\/www.campings.com\/fr\/content\/wp-content\/uploads\/2022\/02\/Village-baux-de-provence-min-768x511.png 768w, https:\/\/www.campings.com\/fr\/content\/wp-content\/uploads\/2022\/02\/Village-baux-de-provence-min-450x299.png 450w, https:\/\/www.campings.com\/fr\/content\/wp-content\/uploads\/2022\/02\/Village-baux-de-provence-min-430x286.png 430w\" sizes=\"auto, (max-width: 1000px) 100vw, 1000px\" \/><\/p>\n<h2><strong>Eguisheim (Alsace)<\/strong><\/h2>\n<p>Ce village au charme typiquement alsacien, situ\u00e9 \u00e0 210 m d\u2019altitude compte environ 1700 habitants. En 2013, il obtient le titre de \u201cVillage pr\u00e9f\u00e9r\u00e9 des Fran\u00e7ais\u201d lors de l\u2019\u00e9mission de St\u00e9phane Bern. En plus de ses maisons \u00e0 colombage, ne manquez pas de visiter :<\/p>\n<ul>\n<li>La chapelle de Saint L\u00e9on IX ;<\/li>\n<li>La statue de la vierge ouvrante.<\/li>\n<\/ul>\n<p>Pendant votre passage, n\u2019oubliez pas de d\u00e9guster ses authentiques bretzels !<\/p>\n<h2><strong>Rocamadour (Lot)<\/strong><\/h2>\n<p>Cette commune du Lot, qui compte environ 600 habitants s&rsquo;\u00e9tend sur une superficie de 49,42 km2. La cit\u00e9 m\u00e9di\u00e9vale, mondialement connue, abrite des lieux embl\u00e9matiques comme la basilique Saint-Sauveur et la crypte Saint Amadour. Profitez de votre s\u00e9jour \u00e0 Rocamadour pour visiter les environs :<\/p>\n<ul>\n<li>Le Gouffre de Padirac ;<\/li>\n<li>Cahors, la capitale de Lot ;<\/li>\n<li>La cath\u00e9drale Saint-\u00c9tienne de Cahors ;<\/li>\n<li>Le village de Saint-Cirq-Lapopie.<\/li>\n<\/ul>\n<h2><strong>Piana (Corse)<\/strong><\/h2>\n<p>Situ\u00e9 en Corse-du-Sud, le village de Piana compte environ 470 habitants r\u00e9partis sur 62,63 km2. Piana est l\u2019un des plus beaux villages de l\u2019\u00eele de beaut\u00e9. Surplomb\u00e9 par l\u2019\u00e9glise Sainte-Marie, ce village typique se caract\u00e9rise par ses maisons blanches en amphith\u00e9\u00e2tre. De plus, de nombreux sentiers de randonn\u00e9e, accessibles \u00e0 toute la famille vous attendent ! Entre Piana et Porto, les impressionnantes Calanques de Piana est un site incontournable \u00e0 visiter. Ce cha\u00eenon montagneux part au nord au-dessus de l\u2019anse de Dardo et se termine au pont de Cavallaghiu.<\/p>\n<h2><strong>S\u00e9lection de campings \u00e0 proximit\u00e9 des plus beaux villages de France<\/strong><\/h2>\n<p>Vous envisagez de partir \u00e0 la d\u00e9couverte des beaux villages de\u00a0<a href=\"https:\/\/www.campings.com\/fr\/content\/guide-vacances-france\/\">France<\/a> pendant vos vacances ? Pour vous aider dans votre recherche de location, nous avons s\u00e9lectionn\u00e9 les meilleurs campings \u00e0 proximit\u00e9 de ces lieux touristiques.<\/p>\n<h3><strong>Domme<\/strong>\u00a0:\u00a0<strong>camping Moulin de Caudon<\/strong><\/h3>\n<p>Situ\u00e9 \u00e0 Domme, \u00e0 100 m des rives de la Dordogne, ce camping offre un panorama exceptionnel. Class\u00e9 3 \u00e9toiles, l&rsquo;\u00e9tablissement offre de nombreux services pour assurer le confort de ses clients. Il dispose d\u2019une salle de fitness ouverte toute l\u2019ann\u00e9e.<\/p>\n<p><a href=\"https:\/\/www.campings.com\/fr\/camping\/camping-moulin-de-caudon-81811\">Plus d\u2019infos sur le Camping Moulin de Caudon<\/a>.<\/p>\n<h3><strong>Gordes : R\u00e9sidence Bastide des Ch\u00eanes<\/strong><\/h3>\n<p>Situ\u00e9e \u00e0 2 km de Gordes, cette r\u00e9sidence dispose d\u2019une piscine ext\u00e9rieure chauff\u00e9e accessible d\u00e8s le mois d\u2019avril. Les enfants pourront aussi profiter de la pataugeoire pour s\u2019amuser.<\/p>\n<p><a href=\"https:\/\/www.campings.com\/fr\/camping\/residence-la-bastide-des-chenes-77286\">Plus d\u2019infos sur R\u00e9sidence Bastide des Ch\u00eanes.<\/a><\/p>\n<h3><strong>Rocamadour : camping Koawa les Cigales<\/strong><\/h3>\n<p>Si vous envisagez de s\u00e9journer \u00e0 Rocamadour, n\u2019h\u00e9sitez pas \u00e0 poser vos valises dans ce camping. Confortable et convivial, l\u2019\u00e9tablissement met \u00e0 votre disposition le Wifi, une laverie, un d\u00e9p\u00f4t de pain, etc.<\/p>\n<p><a href=\"https:\/\/www.campings.com\/fr\/camping\/camping-koawa-les-cigales-78168\">Plus d\u2019infos sur le Camping Koawa les Cigales<\/a>.<\/p>\n","protected":false},"excerpt":{"rendered":"<p>Premi\u00e8re destination touristique au monde, la France accueille chaque ann\u00e9e pr\u00e8s de 90 millions de visiteurs. Cet attrait s\u2019explique par la grande richesse de son patrimoine naturel, architectural et culturel. De plus, le territoire fran\u00e7ais abrite de magnifiques villages au charme authentique. Nous avons s\u00e9lectionn\u00e9 les plus beaux endroits \u00e0 visiter. La France est r\u00e9put\u00e9e [&hellip;]<\/p>\n","protected":false},"author":18,"featured_media":0,"parent":3360,"menu_order":0,"comment_status":"closed","ping_status":"closed","template":"template-twocolumns.php","meta":{"_acf_changed":false,"footnotes":""},"class_list":["post-3415","page","type-page","status-publish","hentry"],"acf":[],"yoast_head":"<!-- This site is optimized with the Yoast SEO plugin v27.1.1 - https:\/\/yoast.com\/product\/yoast-seo-wordpress\/ -->\n<title>A la d\u00e9couverte des plus beaux villages de France -<\/title>\n<meta name=\"robots\" content=\"index, follow, max-snippet:-1, max-image-preview:large, max-video-preview:-1\" \/>\n<link rel=\"canonical\" href=\"https:\/\/www.campings.com\/fr\/content\/guide-vacances-france\/plus-beaux-villages-france\/\" \/>\n<meta property=\"og:locale\" content=\"fr_FR\" \/>\n<meta property=\"og:type\" content=\"article\" \/>\n<meta property=\"og:title\" content=\"A la d\u00e9couverte des plus beaux villages de France -\" \/>\n<meta property=\"og:description\" content=\"Premi\u00e8re destination touristique au monde, la France accueille chaque ann\u00e9e pr\u00e8s de 90 millions de visiteurs. Cet attrait s\u2019explique par la grande richesse de son patrimoine naturel, architectural et culturel. De plus, le territoire fran\u00e7ais abrite de magnifiques villages au charme authentique. Nous avons s\u00e9lectionn\u00e9 les plus beaux endroits \u00e0 visiter. La France est r\u00e9put\u00e9e [&hellip;]\" \/>\n<meta property=\"og:url\" content=\"https:\/\/www.campings.com\/fr\/content\/guide-vacances-france\/plus-beaux-villages-france\/\" \/>\n<meta property=\"article:modified_time\" content=\"2022-03-25T10:06:53+00:00\" \/>\n<meta property=\"og:image\" content=\"https:\/\/www.campings.com\/fr\/content\/wp-content\/uploads\/2022\/02\/Village-Gordes-min.png\" \/>\n\t<meta property=\"og:image:width\" content=\"1000\" \/>\n\t<meta property=\"og:image:height\" content=\"665\" \/>\n\t<meta property=\"og:image:type\" content=\"image\/png\" \/>\n<meta name=\"twitter:card\" content=\"summary_large_image\" \/>\n<meta name=\"twitter:label1\" content=\"Dur\u00e9e de lecture estim\u00e9e\" \/>\n\t<meta name=\"twitter:data1\" content=\"7 minutes\" \/>\n<script type=\"application\/ld+json\" class=\"yoast-schema-graph\">{\"@context\":\"https:\/\/schema.org\",\"@graph\":[{\"@type\":\"WebPage\",\"@id\":\"https:\/\/www.campings.com\/fr\/content\/guide-vacances-france\/plus-beaux-villages-france\/\",\"url\":\"https:\/\/www.campings.com\/fr\/content\/guide-vacances-france\/plus-beaux-villages-france\/\",\"name\":\"A la d\u00e9couverte des plus beaux villages de France -\",\"isPartOf\":{\"@id\":\"https:\/\/www.campings.com\/fr\/content\/#website\"},\"primaryImageOfPage\":{\"@id\":\"https:\/\/www.campings.com\/fr\/content\/guide-vacances-france\/plus-beaux-villages-france\/#primaryimage\"},\"image\":{\"@id\":\"https:\/\/www.campings.com\/fr\/content\/guide-vacances-france\/plus-beaux-villages-france\/#primaryimage\"},\"thumbnailUrl\":\"https:\/\/www.campings.com\/fr\/content\/wp-content\/uploads\/2022\/02\/Village-Gordes-min.png\",\"datePublished\":\"2022-02-11T16:08:48+00:00\",\"dateModified\":\"2022-03-25T10:06:53+00:00\",\"breadcrumb\":{\"@id\":\"https:\/\/www.campings.com\/fr\/content\/guide-vacances-france\/plus-beaux-villages-france\/#breadcrumb\"},\"inLanguage\":\"fr-FR\",\"potentialAction\":[{\"@type\":\"ReadAction\",\"target\":[\"https:\/\/www.campings.com\/fr\/content\/guide-vacances-france\/plus-beaux-villages-france\/\"]}]},{\"@type\":\"ImageObject\",\"inLanguage\":\"fr-FR\",\"@id\":\"https:\/\/www.campings.com\/fr\/content\/guide-vacances-france\/plus-beaux-villages-france\/#primaryimage\",\"url\":\"https:\/\/www.campings.com\/fr\/content\/wp-content\/uploads\/2022\/02\/Village-Gordes-min.png\",\"contentUrl\":\"https:\/\/www.campings.com\/fr\/content\/wp-content\/uploads\/2022\/02\/Village-Gordes-min.png\",\"width\":1000,\"height\":665},{\"@type\":\"BreadcrumbList\",\"@id\":\"https:\/\/www.campings.com\/fr\/content\/guide-vacances-france\/plus-beaux-villages-france\/#breadcrumb\",\"itemListElement\":[{\"@type\":\"ListItem\",\"position\":1,\"name\":\"Home\",\"item\":\"https:\/\/www.campings.com\/fr\/content\/\"},{\"@type\":\"ListItem\",\"position\":2,\"name\":\"Le guide de vos vacances en France\",\"item\":\"https:\/\/www.campings.com\/fr\/content\/guide-vacances-france\/\"},{\"@type\":\"ListItem\",\"position\":3,\"name\":\"A la d\u00e9couverte des plus beaux villages de France\"}]},{\"@type\":\"WebSite\",\"@id\":\"https:\/\/www.campings.com\/fr\/content\/#website\",\"url\":\"https:\/\/www.campings.com\/fr\/content\/\",\"name\":\"\",\"description\":\"\",\"publisher\":{\"@id\":\"https:\/\/www.campings.com\/fr\/content\/#organization\"},\"potentialAction\":[{\"@type\":\"SearchAction\",\"target\":{\"@type\":\"EntryPoint\",\"urlTemplate\":\"https:\/\/www.campings.com\/fr\/content\/?s={search_term_string}\"},\"query-input\":{\"@type\":\"PropertyValueSpecification\",\"valueRequired\":true,\"valueName\":\"search_term_string\"}}],\"inLanguage\":\"fr-FR\"},{\"@type\":\"Organization\",\"@id\":\"https:\/\/www.campings.com\/fr\/content\/#organization\",\"name\":\"CAMPINGS.COM\",\"url\":\"https:\/\/www.campings.com\/fr\/content\/\",\"logo\":{\"@type\":\"ImageObject\",\"inLanguage\":\"fr-FR\",\"@id\":\"https:\/\/www.campings.com\/fr\/content\/#\/schema\/logo\/image\/\",\"url\":\"https:\/\/www.campings.com\/fr\/content\/wp-content\/uploads\/2019\/01\/cropped-logo-1.png\",\"contentUrl\":\"https:\/\/www.campings.com\/fr\/content\/wp-content\/uploads\/2019\/01\/cropped-logo-1.png\",\"width\":174,\"height\":42,\"caption\":\"CAMPINGS.COM\"},\"image\":{\"@id\":\"https:\/\/www.campings.com\/fr\/content\/#\/schema\/logo\/image\/\"}}]}<\/script>\n<!-- \/ Yoast SEO plugin. -->","yoast_head_json":{"title":"A la d\u00e9couverte des plus beaux villages de France -","robots":{"index":"index","follow":"follow","max-snippet":"max-snippet:-1","max-image-preview":"max-image-preview:large","max-video-preview":"max-video-preview:-1"},"canonical":"https:\/\/www.campings.com\/fr\/content\/guide-vacances-france\/plus-beaux-villages-france\/","og_locale":"fr_FR","og_type":"article","og_title":"A la d\u00e9couverte des plus beaux villages de France -","og_description":"Premi\u00e8re destination touristique au monde, la France accueille chaque ann\u00e9e pr\u00e8s de 90 millions de visiteurs. Cet attrait s\u2019explique par la grande richesse de son patrimoine naturel, architectural et culturel. De plus, le territoire fran\u00e7ais abrite de magnifiques villages au charme authentique. Nous avons s\u00e9lectionn\u00e9 les plus beaux endroits \u00e0 visiter. La France est r\u00e9put\u00e9e [&hellip;]","og_url":"https:\/\/www.campings.com\/fr\/content\/guide-vacances-france\/plus-beaux-villages-france\/","article_modified_time":"2022-03-25T10:06:53+00:00","og_image":[{"width":1000,"height":665,"url":"https:\/\/www.campings.com\/fr\/content\/wp-content\/uploads\/2022\/02\/Village-Gordes-min.png","type":"image\/png"}],"twitter_card":"summary_large_image","twitter_misc":{"Dur\u00e9e de lecture estim\u00e9e":"7 minutes"},"schema":{"@context":"https:\/\/schema.org","@graph":[{"@type":"WebPage","@id":"https:\/\/www.campings.com\/fr\/content\/guide-vacances-france\/plus-beaux-villages-france\/","url":"https:\/\/www.campings.com\/fr\/content\/guide-vacances-france\/plus-beaux-villages-france\/","name":"A la d\u00e9couverte des plus beaux villages de France -","isPartOf":{"@id":"https:\/\/www.campings.com\/fr\/content\/#website"},"primaryImageOfPage":{"@id":"https:\/\/www.campings.com\/fr\/content\/guide-vacances-france\/plus-beaux-villages-france\/#primaryimage"},"image":{"@id":"https:\/\/www.campings.com\/fr\/content\/guide-vacances-france\/plus-beaux-villages-france\/#primaryimage"},"thumbnailUrl":"https:\/\/www.campings.com\/fr\/content\/wp-content\/uploads\/2022\/02\/Village-Gordes-min.png","datePublished":"2022-02-11T16:08:48+00:00","dateModified":"2022-03-25T10:06:53+00:00","breadcrumb":{"@id":"https:\/\/www.campings.com\/fr\/content\/guide-vacances-france\/plus-beaux-villages-france\/#breadcrumb"},"inLanguage":"fr-FR","potentialAction":[{"@type":"ReadAction","target":["https:\/\/www.campings.com\/fr\/content\/guide-vacances-france\/plus-beaux-villages-france\/"]}]},{"@type":"ImageObject","inLanguage":"fr-FR","@id":"https:\/\/www.campings.com\/fr\/content\/guide-vacances-france\/plus-beaux-villages-france\/#primaryimage","url":"https:\/\/www.campings.com\/fr\/content\/wp-content\/uploads\/2022\/02\/Village-Gordes-min.png","contentUrl":"https:\/\/www.campings.com\/fr\/content\/wp-content\/uploads\/2022\/02\/Village-Gordes-min.png","width":1000,"height":665},{"@type":"BreadcrumbList","@id":"https:\/\/www.campings.com\/fr\/content\/guide-vacances-france\/plus-beaux-villages-france\/#breadcrumb","itemListElement":[{"@type":"ListItem","position":1,"name":"Home","item":"https:\/\/www.campings.com\/fr\/content\/"},{"@type":"ListItem","position":2,"name":"Le guide de vos vacances en France","item":"https:\/\/www.campings.com\/fr\/content\/guide-vacances-france\/"},{"@type":"ListItem","position":3,"name":"A la d\u00e9couverte des plus beaux villages de France"}]},{"@type":"WebSite","@id":"https:\/\/www.campings.com\/fr\/content\/#website","url":"https:\/\/www.campings.com\/fr\/content\/","name":"","description":"","publisher":{"@id":"https:\/\/www.campings.com\/fr\/content\/#organization"},"potentialAction":[{"@type":"SearchAction","target":{"@type":"EntryPoint","urlTemplate":"https:\/\/www.campings.com\/fr\/content\/?s={search_term_string}"},"query-input":{"@type":"PropertyValueSpecification","valueRequired":true,"valueName":"search_term_string"}}],"inLanguage":"fr-FR"},{"@type":"Organization","@id":"https:\/\/www.campings.com\/fr\/content\/#organization","name":"CAMPINGS.COM","url":"https:\/\/www.campings.com\/fr\/content\/","logo":{"@type":"ImageObject","inLanguage":"fr-FR","@id":"https:\/\/www.campings.com\/fr\/content\/#\/schema\/logo\/image\/","url":"https:\/\/www.campings.com\/fr\/content\/wp-content\/uploads\/2019\/01\/cropped-logo-1.png","contentUrl":"https:\/\/www.campings.com\/fr\/content\/wp-content\/uploads\/2019\/01\/cropped-logo-1.png","width":174,"height":42,"caption":"CAMPINGS.COM"},"image":{"@id":"https:\/\/www.campings.com\/fr\/content\/#\/schema\/logo\/image\/"}}]}},"_links":{"self":[{"href":"https:\/\/www.campings.com\/fr\/content\/wp-json\/wp\/v2\/pages\/3415","targetHints":{"allow":["GET"]}}],"collection":[{"href":"https:\/\/www.campings.com\/fr\/content\/wp-json\/wp\/v2\/pages"}],"about":[{"href":"https:\/\/www.campings.com\/fr\/content\/wp-json\/wp\/v2\/types\/page"}],"author":[{"embeddable":true,"href":"https:\/\/www.campings.com\/fr\/content\/wp-json\/wp\/v2\/users\/18"}],"replies":[{"embeddable":true,"href":"https:\/\/www.campings.com\/fr\/content\/wp-json\/wp\/v2\/comments?post=3415"}],"version-history":[{"count":4,"href":"https:\/\/www.campings.com\/fr\/content\/wp-json\/wp\/v2\/pages\/3415\/revisions"}],"predecessor-version":[{"id":3607,"href":"https:\/\/www.campings.com\/fr\/content\/wp-json\/wp\/v2\/pages\/3415\/revisions\/3607"}],"up":[{"embeddable":true,"href":"https:\/\/www.campings.com\/fr\/content\/wp-json\/wp\/v2\/pages\/3360"}],"wp:attachment":[{"href":"https:\/\/www.campings.com\/fr\/content\/wp-json\/wp\/v2\/media?parent=3415"}],"curies":[{"name":"wp","href":"https:\/\/api.w.org\/{rel}","templated":true}]}}