{"id":3407,"date":"2022-02-11T15:53:37","date_gmt":"2022-02-11T15:53:37","guid":{"rendered":"https:\/\/www.campings.com\/fr\/content\/?page_id=3407"},"modified":"2022-08-11T09:44:52","modified_gmt":"2022-08-11T09:44:52","slug":"campings-cote-atlantique","status":"publish","type":"page","link":"https:\/\/www.campings.com\/fr\/content\/guide-vacances-france\/campings-cote-atlantique\/","title":{"rendered":"Les meilleurs campings sur la c\u00f4te Atlantique"},"content":{"rendered":"<p>&nbsp;<\/p>\n<p>Avec ses plages de sable fin, la c\u00f4te Atlantique est une destination id\u00e9ale pour des vacances avec vos proches. Pour un s\u00e9jour rimant avec confort et convivialit\u00e9, pensez au camping !<\/p>\n<p>La c\u00f4te Atlantique en <strong><a href=\"https:\/\/www.campings.com\/fr\/content\/guide-vacances-france\/\">France<\/a> <\/strong>et ses longues \u00e9tendues de sable attirent chaque ann\u00e9e des milliers de touristes. La c\u00f4te b\u00e9n\u00e9ficie d\u2019un climat oc\u00e9anique, doux et ensoleill\u00e9, id\u00e9al pour pratiquer des activit\u00e9s nautiques vari\u00e9es : surf, paddle, plong\u00e9e\u2026 Voici notre s\u00e9lection des meilleurs campings o\u00f9 loger pendant votre s\u00e9jour.<\/p>\n<p>&nbsp;<\/p>\n<h2><strong>Les campings au bord de l\u2019oc\u00e9a<\/strong><strong>n<\/strong><\/h2>\n<p>&nbsp;<\/p>\n<h3>Camping Les Aventuriers de la Calypso \u2605\u2605\u2605\u2605 en Vend\u00e9e<\/h3>\n<p>Le Camping Les Aventuriers de la Calypso se trouve \u00e0 Saint-Jean-de-Monts en Vend\u00e9e. Ce lieu vous permettra de vivre des vacances que vous n&rsquo;oublierez pas de sit\u00f4t. Nich\u00e9 au coeur des Pays de la Loire (France), \u00e0 une distance correcte de la mer (700 m), ce camping pourra vous ouvrir les secrets de ce territoire. Vous aurez l&rsquo;opportunit\u00e9 de profiter \u00e9galement des plaisirs de la baignade dans la piscine couverte chauff\u00e9e que poss\u00e8de le camping. Une piscine ext\u00e9rieure chauff\u00e9e est aussi \u00e0 la disposition des vacanciers.<\/p>\n<p><a href=\"https:\/\/www.campings.com\/fr\/camping\/camping-les-aventuriers-de-la-calypso-78299\">Plus d\u2019infos sur le Camping Les Aventuriers de la Calypso<\/a><\/p>\n<p>&nbsp;<\/p>\n<h3>Camping l&rsquo;Anse des Pins \u2605\u2605\u2605\u2605 en Charente-Maritime<\/h3>\n<p>D\u00e9couvrez vite le Camping Anse des Pins \u00e0 Saint-Georges-d&rsquo;Ol\u00e9ron, en Charente-Maritime ! Votre s\u00e9jour se d\u00e9roulera en Poitou-Charentes. Laissez-vous donc envo\u00fbter par la beaut\u00e9 de ce lieu privil\u00e9gi\u00e9 ! Les fans de baignade pourront faire un saut, durant la p\u00e9riode estivale uniquement, dans la piscine couverte chauff\u00e9e. Elle est accompagn\u00e9e d&rsquo;une piscine ext\u00e9rieure non chauff\u00e9e, dont l&rsquo;acc\u00e8s est possible pendant les beaux jours.<\/p>\n<p><a href=\"https:\/\/www.campings.com\/fr\/camping\/camping-l-anse-des-pins-77392\">Plus d\u2019infos sur le Camping l&rsquo;Anse des Pins<\/a><\/p>\n<p>&nbsp;<\/p>\n<h3>Village de Chalets Auguste Delaune dans les Pyr\u00e9n\u00e9es-Atlantiques<\/h3>\n<p>Le Village de Chalets Auguste Delaune propose tous les avantages d&rsquo;un camping \u00e0 Hendaye dans les Pyr\u00e9n\u00e9es-Atlantiques. Vous pourrez appr\u00e9cier des cong\u00e9s d\u00e9lassants ou festifs suivant vos envies. Nich\u00e9 au coeur de l&rsquo;Aquitaine, ce camping aura de quoi vous combler par sa localisation, d&rsquo;autant plus qu&rsquo;il se trouve situ\u00e9 \u00e0 800 m du bord de mer. Vous pourrez profiter \u00e9galement des plaisirs de la baignade dans la piscine ext\u00e9rieure chauff\u00e9e qu&rsquo;offre le camping, une installation dont l&rsquo;acc\u00e8s est possible pendant l&rsquo;\u00e9t\u00e9 seulement.<\/p>\n<p><a href=\"https:\/\/www.campings.com\/fr\/camping\/village-de-chalets-auguste-delaune-77332\">Plus d\u2019infos sur le Village de Chalets Auguste Delaune<\/a><\/p>\n<p>&nbsp;<\/p>\n<h3>Camping Domaine Les Charmilles &#8211; Camping Paradis \u2605\u2605\u2605\u2605 en Charente-Maritime<\/h3>\n<p>Si vous cherchez un camping en Charente-Maritime, le Camping Domaine Les Charmilles &#8211; Camping Paradis \u00e0 Saint-Laurent-de-la-Pr\u00e9e est sans aucun doute celui qu&rsquo;il vous faut. Laissez-vous s\u00e9duire par le Poitou-Charentes et ses tr\u00e9sors. A noter par ailleurs : la pr\u00e9sence de la mer \u00e0 4 km du camping. Les vacanciers sauront \u00e9galement appr\u00e9cier la piscine couverte chauff\u00e9e, accessible pendant l&rsquo;\u00e9t\u00e9 seulement. Les \u00e9quipements nautiques du camping comprennent de plus une piscine ext\u00e9rieure non chauff\u00e9e, dont ils auront la possibilit\u00e9 de jouir pendant les beaux jours.<\/p>\n<p><a href=\"https:\/\/www.campings.com\/fr\/camping\/camping-domaine-les-charmilles-camping-paradis-78329\">Plus d\u2019infos sur le Camping Domaine Les Charmilles<\/a><\/p>\n<p>&nbsp;<\/p>\n<p>&nbsp;<\/p>\n<h2><strong>Les campings pas chers sur la c\u00f4te ouest<\/strong><\/h2>\n<p>Envie de passer de bonnes vacances en famille sans vous ruiner ? Nous avons s\u00e9lectionn\u00e9 ces 4 campings pas chers en\u00a0<a href=\"https:\/\/www.campings.com\/fr\/content\/guide-vacances-france\/\">France<\/a>.<\/p>\n<p>&nbsp;<\/p>\n<h3>Camping Paradis &#8211; Le Dauphin \u2605\u2605\u2605\u2605 en Charente-Maritime<\/h3>\n<p>Le camping paradis de Dauphin s&rsquo;installe en bordure de for\u00eat, \u00e0 400 m\u00e8tres de la plage, \u00e0 proximit\u00e9 de Royan et des principaux sites touristiques de la Charente Maritime. Il vous accueille dans un cadre ombrag\u00e9 et vallonn\u00e9. Le site dispose d&rsquo;un espace bien-\u00eatre avec piscine couverte, pataugeoire, toboggan et jacuzzi.<\/p>\n<p><a href=\"https:\/\/www.campings.com\/fr\/camping\/camping-paradis-le-dauphin-82619\">Plus d\u2019infos sur le Camping Paradis &#8211; Le Dauphin<\/a><\/p>\n<p>&nbsp;<\/p>\n<h3>Camping Paradis d&rsquo;Arvor \u2605\u2605\u2605 dans le Morbihan<\/h3>\n<p>Situ\u00e9 dans le Golfe du Morbihan en Bretagne Sud, \u00e0 l&rsquo;entr\u00e9e de la Presqu&rsquo;Ile de Rhuys, le Camping Paradis d&rsquo;Arvor vous accueille du 1 avril au 30 octobre. La piscine couverte et chauff\u00e9e, les toboggans aquatiques, les espaces de jeux et les animations pour petits et grands vous permettront de vous divertir sur place.<\/p>\n<p><a href=\"https:\/\/www.campings.com\/fr\/camping\/camping-paradis-d-arvor-84260\">Plus d\u2019infos sur le Camping Paradis d&rsquo;Arvor<\/a><\/p>\n<p>&nbsp;<\/p>\n<h3>Camping La Puerta del Sol \u2605\u2605\u2605\u2605 en Vend\u00e9e<\/h3>\n<p>Situ\u00e9 \u00e0 dans un cadre convivial et familial, le camping La Puerta Del Sol se trouve \u00e0 seulement 5 km des plages. Vous appr\u00e9cierez l&rsquo;espace aquatique compos\u00e9 d&rsquo;une piscine couverte chauff\u00e9e et d&rsquo;un bassin ext\u00e9rieur avec un toboggan. Les plus petits s&rsquo;amuseront dans la pataugeoire et les plus grands pourront se d\u00e9tendre dans l&rsquo;espace bien \u00eatre avec bain \u00e0 remous et sauna.<\/p>\n<p><a href=\"https:\/\/www.campings.com\/fr\/camping\/camping-la-puerta-del-sol-78274\">Plus d\u2019infos sur le Camping La Puerta del Sol<\/a><\/p>\n<p>&nbsp;<\/p>\n<p>&nbsp;<\/p>\n<h2><strong>Le top des campings avec parc aquatique<\/strong><\/h2>\n<p>&nbsp;<\/p>\n<h3>Camping La Pin\u00e8de \u2605\u2605\u2605\u2605 en Charente-Maritime<\/h3>\n<p>Cette ann\u00e9e, r\u00e9servez au Camping La Pin\u00e8de et laissez-vous s\u00e9duire par la ville de La Palmyre en Charente-Maritime dans laquelle l&rsquo;\u00e9tablissement se situe : c&rsquo;est un tr\u00e8s bel endroit que vous appr\u00e9cierez sans conteste. Le camping se trouve dans un cadre privil\u00e9gi\u00e9 en Poitou-Charentes. Sa proximit\u00e9 avec le bord de mer (5 km) en fait un lieu id\u00e9al pour les vacances. Vous appr\u00e9cierez tout particuli\u00e8rement sa piscine couverte chauff\u00e9e (accessible durant la p\u00e9riode estivale uniquement), sans oublier sa piscine ext\u00e9rieure chauff\u00e9e (ouverte au public pendant les beaux jours).<\/p>\n<p><a href=\"https:\/\/www.campings.com\/fr\/camping\/camping-la-pinede-77570\">Plus d\u2019infos sur le Camping La Pin\u00e8de<\/a><\/p>\n<p>&nbsp;<\/p>\n<h3>Camping Le Soleil des Landes \u2605\u2605\u2605\u2605 dans les Landes<\/h3>\n<p>Explorez de nouvelles destinations cette ann\u00e9e ! Le Camping Le Soleil des Landes vous assure des cong\u00e9s entre amis ou en famille dans un camping \u00e0 Lit-et-Mixe dans les Landes qui en r\u00e9jouira plus d&rsquo;un ! Install\u00e9 en Aquitaine (France), \u00e0 7 km du bord de mer, ce camping vous permettra sans aucun doute de profiter des splendeurs de ce secteur, pendant l&rsquo;int\u00e9gralit\u00e9 de votre voyage. C\u00f4t\u00e9 loisirs aquatiques, les vacanciers peuvent aussi profiter de la piscine couverte chauff\u00e9e, pendant l&rsquo;\u00e9t\u00e9 seulement.<\/p>\n<p><a href=\"https:\/\/www.campings.com\/fr\/camping\/camping-le-soleil-des-landes-77674\">Plus d\u2019infos sur le Camping Le Soleil des Landes<\/a><\/p>\n<p>&nbsp;<\/p>\n<h3>Camping Le Nid d&rsquo;Et\u00e9 \u2605\u2605\u2605\u2605 en Vend\u00e9e<\/h3>\n<p>Si vous cherchez un camping en Vend\u00e9e, le Camping Le Nid d&rsquo;Et\u00e9 \u00e0 Olonne-sur-Mer est \u00e0 coup s\u00fbr celui qu&rsquo;il vous faut. Votre s\u00e9jour aura lieu dans les Pays de la Loire, non loin de la plage (2,5 km). Laissez-vous donc subjuguer par la beaut\u00e9 de cet endroit sp\u00e9cial ! Les inconditionnels de baignade pourront aussi faire un saut, y compris hors saison, dans la piscine couverte chauff\u00e9e. Elle est accompagn\u00e9e d&rsquo;une piscine ext\u00e9rieure chauff\u00e9e, dont l&rsquo;acc\u00e8s est possible pendant les beaux jours.<\/p>\n<p><a href=\"https:\/\/www.campings.com\/fr\/camping\/camping-le-nid-d-ete-78801\">Plus d\u2019infos sur le Camping Le Nid d&rsquo;Et\u00e9<\/a><\/p>\n<p>&nbsp;<\/p>\n<h3>Camping Paradis &#8211; Les Rochelets \u2605\u2605\u2605\u2605 dans la Loire-Atlantique<\/h3>\n<p>Situ\u00e9 en bord de mer \u00e0 5 minutes de la plage, au coeur de la Loire Atlantique, ce camping vous accueille dans une ambiance conviviale et familiale. De mi-mai \u00e0 mi-septembre, vous profiterez d&rsquo;un bel espace aquatique compos\u00e9 d&rsquo;un bassin de natation, deux espaces hydromassants avec la partie baln\u00e9o et les banquettes anatomiques, un lagon, une pataugeoire et 3 toboggans avec bassin de r\u00e9ception.<\/p>\n<p><a href=\"https:\/\/www.campings.com\/fr\/camping\/camping-paradis-les-rochelets-83934\">Plus d\u2019infos sur le Camping Paradis &#8211; Les Rochelets<\/a><\/p>\n<p>&nbsp;<\/p>\n<p>&nbsp;<\/p>\n<h2><strong>Les campings 5 \u00e9toiles les pieds dans l\u2019eau<\/strong><\/h2>\n<p>Voici quelques campings de luxe, situ\u00e9s en bord de mer en\u00a0<a href=\"https:\/\/www.campings.com\/fr\/content\/guide-vacances-france\/\">France<\/a> pour un s\u00e9jour de r\u00eave.<\/p>\n<p>&nbsp;<\/p>\n<h3>Camping Les Gros Joncs \u2605\u2605\u2605\u2605\u2605 en Charente-Maritime<\/h3>\n<p>Cette ann\u00e9e, faites une r\u00e9servation au Camping Les Gros Joncs et laissez-vous s\u00e9duire par la ville de Saint-Georges-d&rsquo;Ol\u00e9ron en Charente-Maritime dans laquelle l&rsquo;\u00e9tablissement se trouve : c&rsquo;est un tr\u00e8s bel endroit que vous aimerez sans aucun doute. Votre s\u00e9jour se d\u00e9roulera en Poitou-Charentes, non loin de la plage (400 m). Laissez-vous donc subjuguer par la beaut\u00e9 de cet endroit sp\u00e9cial ! Les fans de baignade pourront aussi faire un saut, uniquement en pleine saison, dans la piscine couverte chauff\u00e9e. Elle est compl\u00e9t\u00e9e par une piscine ext\u00e9rieure chauff\u00e9e, dont l&rsquo;acc\u00e8s est possible pendant les beaux jours.<\/p>\n<p><a href=\"https:\/\/www.campings.com\/fr\/camping\/camping-les-gros-joncs-83022\">Plus d\u2019infos sur le Camping Les Gros Joncs<\/a><\/p>\n<p>&nbsp;<\/p>\n<h3>Camping Signol \u2605\u2605\u2605\u2605\u2605 en Charente-Maritime<\/h3>\n<p>Vous recherchez le camping id\u00e9al pour passer des cong\u00e9s en famille ou entre amis ? Pourquoi ne pas faire une r\u00e9servation au Camping Signol situ\u00e9 dans la commune de Saint-Georges-d&rsquo;Ol\u00e9ron en Charente-Maritime ? Laissez-vous \u00e9blouir par le Poitou-Charentes et ses merveilles. A noter par ailleurs : la pr\u00e9sence de la mer \u00e0 800 m du camping. Les fans de baignade pourront aussi faire un saut, y compris hors saison, dans la piscine couverte chauff\u00e9e. Elle est accompagn\u00e9e d&rsquo;une piscine ext\u00e9rieure chauff\u00e9e, dont l&rsquo;acc\u00e8s est possible pendant les beaux jours.<\/p>\n<p><a href=\"https:\/\/www.campings.com\/fr\/camping\/camping-bel-air-77651\">Plus d\u2019infos sur le Camping Signol<\/a><\/p>\n<p>&nbsp;<\/p>\n<h3>Camping l&rsquo;Oc\u00e9an \u2605\u2605\u2605\u2605\u2605 en Vend\u00e9e<\/h3>\n<p>Le Camping l&rsquo;Oc\u00e9an dispense tous les avantages d&rsquo;un camping \u00e0 Brem-sur-Mer en Vend\u00e9e. Vous pourrez profiter de cong\u00e9s apaisants ou festifs selon vos envies. Le camping se situe dans un cadre privil\u00e9gi\u00e9 dans les Pays de la Loire. Sa proximit\u00e9 avec le bord de mer (600 m) en fait une destination parfaite pour les vacances. Pour profiter totalement de moments de d\u00e9tente en compagnie de vos proches, vous serez libre d&rsquo;aller vous baigner dans la piscine couverte chauff\u00e9e, ouverte aux vacanciers uniquement en pleine saison, sans m\u00eame \u00e0 devoir sortir du camping. Une piscine ext\u00e9rieure chauff\u00e9e, dont l&rsquo;acc\u00e8s est garanti pendant les beaux jours, se trouve \u00e9galement \u00e0 l&rsquo;int\u00e9rieur.<\/p>\n<p><a href=\"https:\/\/www.campings.com\/fr\/camping\/camping-locean-76948\">Plus d\u2019infos sur le Camping l&rsquo;Oc\u00e9an<\/a><\/p>\n<p>&nbsp;<\/p>\n","protected":false},"excerpt":{"rendered":"<p>&nbsp; Avec ses plages de sable fin, la c\u00f4te Atlantique est une destination id\u00e9ale pour des vacances avec vos proches. Pour un s\u00e9jour rimant avec confort et convivialit\u00e9, pensez au camping ! La c\u00f4te Atlantique en France et ses longues \u00e9tendues de sable attirent chaque ann\u00e9e des milliers de touristes. La c\u00f4te b\u00e9n\u00e9ficie d\u2019un climat [&hellip;]<\/p>\n","protected":false},"author":18,"featured_media":0,"parent":3360,"menu_order":0,"comment_status":"closed","ping_status":"closed","template":"template-twocolumns.php","meta":{"_acf_changed":false,"footnotes":""},"class_list":["post-3407","page","type-page","status-publish","hentry"],"acf":[],"yoast_head":"<!-- This site is optimized with the Yoast SEO plugin v27.1.1 - https:\/\/yoast.com\/product\/yoast-seo-wordpress\/ -->\n<title>Les meilleurs campings sur la c\u00f4te Atlantique -<\/title>\n<meta name=\"robots\" content=\"index, follow, max-snippet:-1, max-image-preview:large, max-video-preview:-1\" \/>\n<link rel=\"canonical\" href=\"https:\/\/www.campings.com\/fr\/content\/guide-vacances-france\/campings-cote-atlantique\/\" \/>\n<meta property=\"og:locale\" content=\"fr_FR\" \/>\n<meta property=\"og:type\" content=\"article\" \/>\n<meta property=\"og:title\" content=\"Les meilleurs campings sur la c\u00f4te Atlantique -\" \/>\n<meta property=\"og:description\" content=\"&nbsp; Avec ses plages de sable fin, la c\u00f4te Atlantique est une destination id\u00e9ale pour des vacances avec vos proches. Pour un s\u00e9jour rimant avec confort et convivialit\u00e9, pensez au camping ! La c\u00f4te Atlantique en France et ses longues \u00e9tendues de sable attirent chaque ann\u00e9e des milliers de touristes. La c\u00f4te b\u00e9n\u00e9ficie d\u2019un climat [&hellip;]\" \/>\n<meta property=\"og:url\" content=\"https:\/\/www.campings.com\/fr\/content\/guide-vacances-france\/campings-cote-atlantique\/\" \/>\n<meta property=\"article:modified_time\" content=\"2022-08-11T09:44:52+00:00\" \/>\n<meta name=\"twitter:card\" content=\"summary_large_image\" \/>\n<meta name=\"twitter:label1\" content=\"Dur\u00e9e de lecture estim\u00e9e\" \/>\n\t<meta name=\"twitter:data1\" content=\"8 minutes\" \/>\n<script type=\"application\/ld+json\" class=\"yoast-schema-graph\">{\"@context\":\"https:\/\/schema.org\",\"@graph\":[{\"@type\":\"WebPage\",\"@id\":\"https:\/\/www.campings.com\/fr\/content\/guide-vacances-france\/campings-cote-atlantique\/\",\"url\":\"https:\/\/www.campings.com\/fr\/content\/guide-vacances-france\/campings-cote-atlantique\/\",\"name\":\"Les meilleurs campings sur la c\u00f4te Atlantique -\",\"isPartOf\":{\"@id\":\"https:\/\/www.campings.com\/fr\/content\/#website\"},\"datePublished\":\"2022-02-11T15:53:37+00:00\",\"dateModified\":\"2022-08-11T09:44:52+00:00\",\"breadcrumb\":{\"@id\":\"https:\/\/www.campings.com\/fr\/content\/guide-vacances-france\/campings-cote-atlantique\/#breadcrumb\"},\"inLanguage\":\"fr-FR\",\"potentialAction\":[{\"@type\":\"ReadAction\",\"target\":[\"https:\/\/www.campings.com\/fr\/content\/guide-vacances-france\/campings-cote-atlantique\/\"]}]},{\"@type\":\"BreadcrumbList\",\"@id\":\"https:\/\/www.campings.com\/fr\/content\/guide-vacances-france\/campings-cote-atlantique\/#breadcrumb\",\"itemListElement\":[{\"@type\":\"ListItem\",\"position\":1,\"name\":\"Home\",\"item\":\"https:\/\/www.campings.com\/fr\/content\/\"},{\"@type\":\"ListItem\",\"position\":2,\"name\":\"Le guide de vos vacances en France\",\"item\":\"https:\/\/www.campings.com\/fr\/content\/guide-vacances-france\/\"},{\"@type\":\"ListItem\",\"position\":3,\"name\":\"Les meilleurs campings sur la c\u00f4te Atlantique\"}]},{\"@type\":\"WebSite\",\"@id\":\"https:\/\/www.campings.com\/fr\/content\/#website\",\"url\":\"https:\/\/www.campings.com\/fr\/content\/\",\"name\":\"\",\"description\":\"\",\"publisher\":{\"@id\":\"https:\/\/www.campings.com\/fr\/content\/#organization\"},\"potentialAction\":[{\"@type\":\"SearchAction\",\"target\":{\"@type\":\"EntryPoint\",\"urlTemplate\":\"https:\/\/www.campings.com\/fr\/content\/?s={search_term_string}\"},\"query-input\":{\"@type\":\"PropertyValueSpecification\",\"valueRequired\":true,\"valueName\":\"search_term_string\"}}],\"inLanguage\":\"fr-FR\"},{\"@type\":\"Organization\",\"@id\":\"https:\/\/www.campings.com\/fr\/content\/#organization\",\"name\":\"CAMPINGS.COM\",\"url\":\"https:\/\/www.campings.com\/fr\/content\/\",\"logo\":{\"@type\":\"ImageObject\",\"inLanguage\":\"fr-FR\",\"@id\":\"https:\/\/www.campings.com\/fr\/content\/#\/schema\/logo\/image\/\",\"url\":\"https:\/\/www.campings.com\/fr\/content\/wp-content\/uploads\/2019\/01\/cropped-logo-1.png\",\"contentUrl\":\"https:\/\/www.campings.com\/fr\/content\/wp-content\/uploads\/2019\/01\/cropped-logo-1.png\",\"width\":174,\"height\":42,\"caption\":\"CAMPINGS.COM\"},\"image\":{\"@id\":\"https:\/\/www.campings.com\/fr\/content\/#\/schema\/logo\/image\/\"}}]}<\/script>\n<!-- \/ Yoast SEO plugin. -->","yoast_head_json":{"title":"Les meilleurs campings sur la c\u00f4te Atlantique -","robots":{"index":"index","follow":"follow","max-snippet":"max-snippet:-1","max-image-preview":"max-image-preview:large","max-video-preview":"max-video-preview:-1"},"canonical":"https:\/\/www.campings.com\/fr\/content\/guide-vacances-france\/campings-cote-atlantique\/","og_locale":"fr_FR","og_type":"article","og_title":"Les meilleurs campings sur la c\u00f4te Atlantique -","og_description":"&nbsp; Avec ses plages de sable fin, la c\u00f4te Atlantique est une destination id\u00e9ale pour des vacances avec vos proches. Pour un s\u00e9jour rimant avec confort et convivialit\u00e9, pensez au camping ! La c\u00f4te Atlantique en France et ses longues \u00e9tendues de sable attirent chaque ann\u00e9e des milliers de touristes. La c\u00f4te b\u00e9n\u00e9ficie d\u2019un climat [&hellip;]","og_url":"https:\/\/www.campings.com\/fr\/content\/guide-vacances-france\/campings-cote-atlantique\/","article_modified_time":"2022-08-11T09:44:52+00:00","twitter_card":"summary_large_image","twitter_misc":{"Dur\u00e9e de lecture estim\u00e9e":"8 minutes"},"schema":{"@context":"https:\/\/schema.org","@graph":[{"@type":"WebPage","@id":"https:\/\/www.campings.com\/fr\/content\/guide-vacances-france\/campings-cote-atlantique\/","url":"https:\/\/www.campings.com\/fr\/content\/guide-vacances-france\/campings-cote-atlantique\/","name":"Les meilleurs campings sur la c\u00f4te Atlantique -","isPartOf":{"@id":"https:\/\/www.campings.com\/fr\/content\/#website"},"datePublished":"2022-02-11T15:53:37+00:00","dateModified":"2022-08-11T09:44:52+00:00","breadcrumb":{"@id":"https:\/\/www.campings.com\/fr\/content\/guide-vacances-france\/campings-cote-atlantique\/#breadcrumb"},"inLanguage":"fr-FR","potentialAction":[{"@type":"ReadAction","target":["https:\/\/www.campings.com\/fr\/content\/guide-vacances-france\/campings-cote-atlantique\/"]}]},{"@type":"BreadcrumbList","@id":"https:\/\/www.campings.com\/fr\/content\/guide-vacances-france\/campings-cote-atlantique\/#breadcrumb","itemListElement":[{"@type":"ListItem","position":1,"name":"Home","item":"https:\/\/www.campings.com\/fr\/content\/"},{"@type":"ListItem","position":2,"name":"Le guide de vos vacances en France","item":"https:\/\/www.campings.com\/fr\/content\/guide-vacances-france\/"},{"@type":"ListItem","position":3,"name":"Les meilleurs campings sur la c\u00f4te Atlantique"}]},{"@type":"WebSite","@id":"https:\/\/www.campings.com\/fr\/content\/#website","url":"https:\/\/www.campings.com\/fr\/content\/","name":"","description":"","publisher":{"@id":"https:\/\/www.campings.com\/fr\/content\/#organization"},"potentialAction":[{"@type":"SearchAction","target":{"@type":"EntryPoint","urlTemplate":"https:\/\/www.campings.com\/fr\/content\/?s={search_term_string}"},"query-input":{"@type":"PropertyValueSpecification","valueRequired":true,"valueName":"search_term_string"}}],"inLanguage":"fr-FR"},{"@type":"Organization","@id":"https:\/\/www.campings.com\/fr\/content\/#organization","name":"CAMPINGS.COM","url":"https:\/\/www.campings.com\/fr\/content\/","logo":{"@type":"ImageObject","inLanguage":"fr-FR","@id":"https:\/\/www.campings.com\/fr\/content\/#\/schema\/logo\/image\/","url":"https:\/\/www.campings.com\/fr\/content\/wp-content\/uploads\/2019\/01\/cropped-logo-1.png","contentUrl":"https:\/\/www.campings.com\/fr\/content\/wp-content\/uploads\/2019\/01\/cropped-logo-1.png","width":174,"height":42,"caption":"CAMPINGS.COM"},"image":{"@id":"https:\/\/www.campings.com\/fr\/content\/#\/schema\/logo\/image\/"}}]}},"_links":{"self":[{"href":"https:\/\/www.campings.com\/fr\/content\/wp-json\/wp\/v2\/pages\/3407","targetHints":{"allow":["GET"]}}],"collection":[{"href":"https:\/\/www.campings.com\/fr\/content\/wp-json\/wp\/v2\/pages"}],"about":[{"href":"https:\/\/www.campings.com\/fr\/content\/wp-json\/wp\/v2\/types\/page"}],"author":[{"embeddable":true,"href":"https:\/\/www.campings.com\/fr\/content\/wp-json\/wp\/v2\/users\/18"}],"replies":[{"embeddable":true,"href":"https:\/\/www.campings.com\/fr\/content\/wp-json\/wp\/v2\/comments?post=3407"}],"version-history":[{"count":5,"href":"https:\/\/www.campings.com\/fr\/content\/wp-json\/wp\/v2\/pages\/3407\/revisions"}],"predecessor-version":[{"id":3906,"href":"https:\/\/www.campings.com\/fr\/content\/wp-json\/wp\/v2\/pages\/3407\/revisions\/3906"}],"up":[{"embeddable":true,"href":"https:\/\/www.campings.com\/fr\/content\/wp-json\/wp\/v2\/pages\/3360"}],"wp:attachment":[{"href":"https:\/\/www.campings.com\/fr\/content\/wp-json\/wp\/v2\/media?parent=3407"}],"curies":[{"name":"wp","href":"https:\/\/api.w.org\/{rel}","templated":true}]}}