{"id":3401,"date":"2022-02-11T15:43:14","date_gmt":"2022-02-11T15:43:14","guid":{"rendered":"https:\/\/www.campings.com\/fr\/content\/?page_id=3401"},"modified":"2022-08-09T11:56:25","modified_gmt":"2022-08-09T11:56:25","slug":"campings-bord-de-mer","status":"publish","type":"page","link":"https:\/\/www.campings.com\/fr\/content\/guide-vacances-france\/campings-bord-de-mer\/","title":{"rendered":"Les meilleurs campings en bord de mer"},"content":{"rendered":"<p>&nbsp;<\/p>\n<p>Avec pr\u00e8s de 5 800 km de c\u00f4tes, le littoral fran\u00e7ais attire les touristes du monde entier. Entre plages de sable fin, plages de galets, criques sauvages, la <a href=\"https:\/\/www.campings.com\/fr\/content\/guide-vacances-france\/\"><strong>France<\/strong>\u00a0<\/a>regorge d\u2019endroits o\u00f9 se pr\u00e9lasser au soleil.<\/p>\n<p>La\u00a0<a href=\"https:\/\/www.campings.com\/fr\/france?type=country\">France<\/a> est bord\u00e9e par la mer du Nord, la Manche, la M\u00e9diterran\u00e9e et par l&rsquo;oc\u00e9an Atlantique \u00e0 l\u2019ouest. De ce fait, le territoire abrite des centaines de stations baln\u00e9aires o\u00f9 s\u00e9journer. De plus, le pays profite d\u2019un climat temp\u00e9r\u00e9. Des conditions climatiques id\u00e9ales pour faire du camping ! Parcourez sans attendre notre s\u00e9lection d\u2019h\u00e9bergements situ\u00e9s \u00e0 proximit\u00e9 de la mer pour vos prochaines vacances.<\/p>\n<p>&nbsp;<\/p>\n<h2><strong>Les campings proches de la mer M\u00e9diterran\u00e9e<\/strong><\/h2>\n<p>&nbsp;<\/p>\n<h3>Camping Paradis Cayola \u2605\u2605\u2605\u2605 dans l&rsquo;H\u00e9rault<\/h3>\n<p>Vous d\u00e9sirez partir en cong\u00e9s ? Pourquoi ne pas aller \u00e0 Vias ? Le Camping Cayola dans l&rsquo;H\u00e9rault est parfait si vous voulez des services de bonne qualit\u00e9. Log\u00e9 au c\u0153ur du Languedoc-Roussillon (France), ce camping pourra vous combler par sa localisation, d&rsquo;autant plus qu&rsquo;il est install\u00e9 \u00e0 500 m de la mer. Vous appr\u00e9cierez tout particuli\u00e8rement sa piscine ext\u00e9rieure chauff\u00e9e (ouverte au public m\u00eame hors saison).<\/p>\n<p><a href=\"https:\/\/www.campings.com\/fr\/camping\/camping-paradis-cayola-78739\"><strong>Plus d\u2019infos sur le Camping Paradis Cayola<\/strong><\/a><\/p>\n<p>&nbsp;<\/p>\n<h3>Camping l&rsquo;Oasis Palavasienne &#8211; Camping Paradis \u2605\u2605\u2605\u2605 dans l&rsquo;H\u00e9rault<\/h3>\n<p>Cette ann\u00e9e, rendez-vous au Camping Oasis Palavasienne, un \u00e9tablissement bas\u00e9 \u00e0 Lattes dans l&rsquo;H\u00e9rault. Vous ne serez v\u00e9ritablement pas d\u00e9\u00e7u par ce camping qui vous fera passer des vacances m\u00e9morables tant en famille qu&rsquo;entre amis. Laissez-vous tenter par le Languedoc-Roussillon (France) et ses merveilles. A noter par ailleurs la pr\u00e9sence de la mer \u00e0 quelques kilom\u00e8tres du camping. Vous appr\u00e9cierez tout sp\u00e9cialement sa piscine ext\u00e9rieure chauff\u00e9e (ouverte uniquement en pleine saison).<\/p>\n<p><a href=\"https:\/\/www.campings.com\/fr\/camping\/camping-l-oasis-palavasienne-camping-paradis-77514\"><strong>Plus d\u2019infos sur le Camping l&rsquo;Oasis Palavasienne<\/strong><\/a><\/p>\n<p>&nbsp;<\/p>\n<h3>Camping La Palmeraie \u2605\u2605\u2605\u2605 dans les Pyr\u00e9n\u00e9es-Orientales<\/h3>\n<p>Vos cong\u00e9s rimeront avec repos au sein du Camping La Palmeraie de Torreilles. Si vous s\u00e9lectionnez cet \u00e9tablissement, vous partez pour un moment formidable dans les Pyr\u00e9n\u00e9es-Orientales. Laissez-vous charmer par le Languedoc-Roussillon et ses merveilles. A noter \u00e9galement : la pr\u00e9sence de la plage \u00e0 quelques kilom\u00e8tres du camping. Les f\u00e9rus de baignade pourront aussi faire un saut, durant la p\u00e9riode estivale uniquement, dans la piscine ext\u00e9rieure chauff\u00e9e.<\/p>\n<p><a href=\"https:\/\/www.campings.com\/fr\/camping\/camping-la-palmeraie-78633\"><strong>Plus d\u2019infos sur le Camping La Palmeraie<\/strong><\/a><\/p>\n<p>&nbsp;<\/p>\n<h3>Camping Campo di Liccia \u2605\u2605\u2605 en Corse<\/h3>\n<p>Que vous effectuiez une r\u00e9servation pour plusieurs semaines ou pour quelques jours, le Camping Campo di Liccia, situ\u00e9 \u00e0 Bonifacio en Corse-du-Sud, satisfera l&rsquo;ensemble de vos d\u00e9sirs. Log\u00e9 au coeur de la Corse, ce camping pourra vous ravir par sa situation g\u00e9ographique, d&rsquo;autant plus qu&rsquo;il se trouve install\u00e9 \u00e0 4 km de la mer. Les vacanciers sauront \u00e9galement appr\u00e9cier la piscine ext\u00e9rieure non chauff\u00e9e, accessible pendant l&rsquo;\u00e9t\u00e9 seulement.<\/p>\n<p><a href=\"https:\/\/www.campings.com\/fr\/camping\/camping-campo-di-liccia-76923\"><strong>Plus d\u2019infos sur le Camping Campo di Liccia<\/strong><\/a><\/p>\n<p>&nbsp;<\/p>\n<p>&nbsp;<\/p>\n<h2><strong>Les campings avec acc\u00e8s direct aux plages sur le littoral Atlantique<\/strong><\/h2>\n<p>Envie de s\u00e9journer \u00e0 proximit\u00e9 des plus belles plages de la c\u00f4te Atlantique en\u00a0<a href=\"https:\/\/www.campings.com\/fr\/content\/guide-vacances-france\/\">France<\/a> ? D\u00e9couvrez notre s\u00e9lection pour un s\u00e9jour en camping r\u00e9ussi.<\/p>\n<p>&nbsp;<\/p>\n<h3>Camping Les Aventuriers de la Calypso \u2605\u2605\u2605\u2605 en Vend\u00e9e<\/h3>\n<p>Le Camping Les Aventuriers de la Calypso se trouve \u00e0 Saint-Jean-de-Monts en Vend\u00e9e. Ce lieu vous permettra de vivre des vacances que vous n&rsquo;oublierez pas de sit\u00f4t. Nich\u00e9 au coeur des Pays de la Loire (France), \u00e0 une distance correcte de la mer (700 m), ce camping pourra vous ouvrir les secrets de ce territoire. Vous aurez l&rsquo;opportunit\u00e9 de profiter \u00e9galement des plaisirs de la baignade dans la piscine couverte chauff\u00e9e que poss\u00e8de le camping. Une piscine ext\u00e9rieure chauff\u00e9e est aussi \u00e0 la disposition des vacanciers.<\/p>\n<p><a href=\"https:\/\/www.campings.com\/fr\/camping\/camping-les-aventuriers-de-la-calypso-78299\"><strong>Plus d\u2019infos sur le Camping Les Aventuriers de la Calypso<\/strong><\/a><\/p>\n<p>&nbsp;<\/p>\n<h3>Camping Les Gros Joncs \u2605\u2605\u2605\u2605\u2605<\/h3>\n<p>Cette ann\u00e9e, faites une r\u00e9servation au Camping Les Gros Joncs et laissez-vous s\u00e9duire par la ville de Saint-Georges-d&rsquo;Ol\u00e9ron en Charente-Maritime dans laquelle l&rsquo;\u00e9tablissement se trouve : c&rsquo;est un tr\u00e8s bel endroit que vous aimerez sans aucun doute. Votre s\u00e9jour se d\u00e9roulera en Poitou-Charentes, non loin de la plage (400 m). Laissez-vous donc subjuguer par la beaut\u00e9 de cet endroit sp\u00e9cial ! Les fans de baignade pourront aussi faire un saut, uniquement en pleine saison, dans la piscine couverte chauff\u00e9e. Elle est compl\u00e9t\u00e9e par une piscine ext\u00e9rieure chauff\u00e9e, dont l&rsquo;acc\u00e8s est possible pendant les beaux jours.<\/p>\n<p><a href=\"https:\/\/www.campings.com\/fr\/camping\/camping-les-gros-joncs-83022\"><strong>Plus d\u2019infos sur le Camping Les Gros Joncs<\/strong><\/a><\/p>\n<p>&nbsp;<\/p>\n<h3>Camping l&rsquo;Anse des Pins \u2605\u2605\u2605\u2605 en Charente-Maritime<\/h3>\n<p>D\u00e9couvrez vite le Camping Anse des Pins \u00e0 Saint-Georges-d&rsquo;Ol\u00e9ron, en Charente-Maritime ! Votre s\u00e9jour se d\u00e9roulera en Poitou-Charentes. Laissez-vous donc envo\u00fbter par la beaut\u00e9 de ce lieu privil\u00e9gi\u00e9 ! Les fans de baignade pourront faire un saut, durant la p\u00e9riode estivale uniquement, dans la piscine couverte chauff\u00e9e. Elle est accompagn\u00e9e d&rsquo;une piscine ext\u00e9rieure non chauff\u00e9e, dont l&rsquo;acc\u00e8s est possible pendant les beaux jours.<\/p>\n<p><a href=\"https:\/\/www.campings.com\/fr\/camping\/camping-l-anse-des-pins-77392\"><strong>Plus d\u2019infos sur le Camping l&rsquo;Anse des Pins<\/strong><\/a><\/p>\n<p>&nbsp;<\/p>\n<p>&nbsp;<\/p>\n<h2><strong>Les campings les pieds dans l\u2019eau dans le nord de la France<\/strong><\/h2>\n<p>&nbsp;<\/p>\n<h3>Camping Le Fort Espagnol \u2605\u2605\u2605\u2605 dans le Morbihan<\/h3>\n<p>D\u00e9couvrez de nouveaux horizons cette ann\u00e9e ! Le Camping Le Fort Espagnol vous propose des vacances entre amis ou en famille dans un camping \u00e0 Crach dans le Morbihan qui en r\u00e9jouira plus d&rsquo;un ! Install\u00e9 en Bretagne, \u00e0 tout juste 4,5 km du bord de mer, ce camping accueille les voyageurs et vacanciers pour un s\u00e9jour m\u00e9morable. Les vacanciers sauront \u00e9galement appr\u00e9cier la piscine couverte chauff\u00e9e, accessible durant la p\u00e9riode estivale uniquement. Les am\u00e9nagements nautiques du camping comprennent en outre une piscine ext\u00e9rieure chauff\u00e9e, dont ils pourront jouir pendant les beaux jours.<\/p>\n<p><a href=\"https:\/\/www.campings.com\/fr\/camping\/camping-le-fort-espagnol-77146\"><strong>Plus d\u2019infos sur le Camping Le Fort Espagnol<\/strong><\/a><\/p>\n<p>&nbsp;<\/p>\n<h3>Camping Ker Yaoulet \u2605\u2605\u2605 dans le Morbihan<\/h3>\n<p>Le Camping Ker Yaoulet fournit tous les avantages d&rsquo;un camping \u00e0 Ambon dans le Morbihan. Vous pourrez profiter de cong\u00e9s relaxants ou festifs selon vos d\u00e9sirs. Install\u00e9 en Bretagne, \u00e0 tout juste 300 m du bord de mer, ce camping h\u00e9berge les voyageurs et vacanciers pour un moment m\u00e9morable. Afin de profiter pleinement d&rsquo;instants de d\u00e9contraction aux c\u00f4t\u00e9s de vos proches, vous serez libre d&rsquo;aller vous baigner dans la piscine couverte chauff\u00e9e, accessible aux vacanciers uniquement en pleine saison, sans m\u00eame \u00e0 devoir vous aventurer hors du camping. Une piscine ext\u00e9rieure chauff\u00e9e, dont l&rsquo;acc\u00e8s est garanti pendant les beaux jours, se trouve \u00e9galement \u00e0 l&rsquo;int\u00e9rieur.<\/p>\n<p><a href=\"https:\/\/www.campings.com\/fr\/camping\/camping-ker-yaoulet-78956\"><strong>Plus d\u2019infos sur le Camping Ker Yaoulet<\/strong><\/a><\/p>\n<p>&nbsp;<\/p>\n<h3>Camping le Moteno \u2605\u2605\u2605\u2605 dans le Morbihan<\/h3>\n<p>Que vous r\u00e9serviez pour plusieurs semaines ou pour quelques jours, le Camping le Moteno, situ\u00e9 \u00e0 Plouhinec dans le Morbihan, r\u00e9pondra \u00e0 tous vos d\u00e9sirs. Log\u00e9 au creux de la Bretagne, \u00e0 une distance raisonnable du bord de mer (900 m), ce camping saura vous ouvrir les portes de ce territoire. Vous aurez l&rsquo;occasion de profiter \u00e9galement des plaisirs de la baignade dans la piscine couverte chauff\u00e9e qu&rsquo;offre le camping, une installation dont l&rsquo;acc\u00e8s est possible m\u00eame hors saison. Une piscine ext\u00e9rieure chauff\u00e9e est aussi \u00e0 la disposition des vacanciers, pendant les beaux jours.<\/p>\n<p><a style=\"font-size: 16px\" href=\"https:\/\/www.campings.com\/fr\/camping\/camping-le-moteno-78031\"><strong>Plus d\u2019infos sur le Camping le Moteno<\/strong><\/a><\/p>\n<p>&nbsp;<\/p>\n<h3>Menez Bichen &#8211; Camping Paradis \u2605\u2605\u2605 dans le Finist\u00e8re<\/h3>\n<p>Dans la baie de Douarnenez \u00e0 seulement 20m de la plage de sable fin, le camping Menez Bichen vous accueille dans une atmosph\u00e8re calme et familiale. Id\u00e9al pour un moment de d\u00e9tente en famille, vous appr\u00e9cierez la situation de ce camping pour d\u00e9couvrir la r\u00e9gion.<\/p>\n<p><a href=\"https:\/\/www.campings.com\/fr\/camping\/camping-des-dunes-77292\"><strong>Plus d\u2019infos sur le Menez Bichen<\/strong><\/a><\/p>\n<p>&nbsp;<\/p>\n<p>&nbsp;<\/p>\n","protected":false},"excerpt":{"rendered":"<p>&nbsp; Avec pr\u00e8s de 5 800 km de c\u00f4tes, le littoral fran\u00e7ais attire les touristes du monde entier. Entre plages de sable fin, plages de galets, criques sauvages, la France\u00a0regorge d\u2019endroits o\u00f9 se pr\u00e9lasser au soleil. La\u00a0France est bord\u00e9e par la mer du Nord, la Manche, la M\u00e9diterran\u00e9e et par l&rsquo;oc\u00e9an Atlantique \u00e0 l\u2019ouest. De [&hellip;]<\/p>\n","protected":false},"author":18,"featured_media":0,"parent":3360,"menu_order":0,"comment_status":"closed","ping_status":"closed","template":"template-twocolumns.php","meta":{"_acf_changed":false,"footnotes":""},"class_list":["post-3401","page","type-page","status-publish","hentry"],"acf":[],"yoast_head":"<!-- This site is optimized with the Yoast SEO plugin v27.1.1 - https:\/\/yoast.com\/product\/yoast-seo-wordpress\/ -->\n<title>Les meilleurs campings en bord de mer -<\/title>\n<meta name=\"robots\" content=\"index, follow, max-snippet:-1, max-image-preview:large, max-video-preview:-1\" \/>\n<link rel=\"canonical\" href=\"https:\/\/www.campings.com\/fr\/content\/guide-vacances-france\/campings-bord-de-mer\/\" \/>\n<meta property=\"og:locale\" content=\"fr_FR\" \/>\n<meta property=\"og:type\" content=\"article\" \/>\n<meta property=\"og:title\" content=\"Les meilleurs campings en bord de mer -\" \/>\n<meta property=\"og:description\" content=\"&nbsp; Avec pr\u00e8s de 5 800 km de c\u00f4tes, le littoral fran\u00e7ais attire les touristes du monde entier. Entre plages de sable fin, plages de galets, criques sauvages, la France\u00a0regorge d\u2019endroits o\u00f9 se pr\u00e9lasser au soleil. La\u00a0France est bord\u00e9e par la mer du Nord, la Manche, la M\u00e9diterran\u00e9e et par l&rsquo;oc\u00e9an Atlantique \u00e0 l\u2019ouest. De [&hellip;]\" \/>\n<meta property=\"og:url\" content=\"https:\/\/www.campings.com\/fr\/content\/guide-vacances-france\/campings-bord-de-mer\/\" \/>\n<meta property=\"article:modified_time\" content=\"2022-08-09T11:56:25+00:00\" \/>\n<meta name=\"twitter:card\" content=\"summary_large_image\" \/>\n<meta name=\"twitter:label1\" content=\"Dur\u00e9e de lecture estim\u00e9e\" \/>\n\t<meta name=\"twitter:data1\" content=\"6 minutes\" \/>\n<script type=\"application\/ld+json\" class=\"yoast-schema-graph\">{\"@context\":\"https:\/\/schema.org\",\"@graph\":[{\"@type\":\"WebPage\",\"@id\":\"https:\/\/www.campings.com\/fr\/content\/guide-vacances-france\/campings-bord-de-mer\/\",\"url\":\"https:\/\/www.campings.com\/fr\/content\/guide-vacances-france\/campings-bord-de-mer\/\",\"name\":\"Les meilleurs campings en bord de mer -\",\"isPartOf\":{\"@id\":\"https:\/\/www.campings.com\/fr\/content\/#website\"},\"datePublished\":\"2022-02-11T15:43:14+00:00\",\"dateModified\":\"2022-08-09T11:56:25+00:00\",\"breadcrumb\":{\"@id\":\"https:\/\/www.campings.com\/fr\/content\/guide-vacances-france\/campings-bord-de-mer\/#breadcrumb\"},\"inLanguage\":\"fr-FR\",\"potentialAction\":[{\"@type\":\"ReadAction\",\"target\":[\"https:\/\/www.campings.com\/fr\/content\/guide-vacances-france\/campings-bord-de-mer\/\"]}]},{\"@type\":\"BreadcrumbList\",\"@id\":\"https:\/\/www.campings.com\/fr\/content\/guide-vacances-france\/campings-bord-de-mer\/#breadcrumb\",\"itemListElement\":[{\"@type\":\"ListItem\",\"position\":1,\"name\":\"Home\",\"item\":\"https:\/\/www.campings.com\/fr\/content\/\"},{\"@type\":\"ListItem\",\"position\":2,\"name\":\"Le guide de vos vacances en France\",\"item\":\"https:\/\/www.campings.com\/fr\/content\/guide-vacances-france\/\"},{\"@type\":\"ListItem\",\"position\":3,\"name\":\"Les meilleurs campings en bord de mer\"}]},{\"@type\":\"WebSite\",\"@id\":\"https:\/\/www.campings.com\/fr\/content\/#website\",\"url\":\"https:\/\/www.campings.com\/fr\/content\/\",\"name\":\"\",\"description\":\"\",\"publisher\":{\"@id\":\"https:\/\/www.campings.com\/fr\/content\/#organization\"},\"potentialAction\":[{\"@type\":\"SearchAction\",\"target\":{\"@type\":\"EntryPoint\",\"urlTemplate\":\"https:\/\/www.campings.com\/fr\/content\/?s={search_term_string}\"},\"query-input\":{\"@type\":\"PropertyValueSpecification\",\"valueRequired\":true,\"valueName\":\"search_term_string\"}}],\"inLanguage\":\"fr-FR\"},{\"@type\":\"Organization\",\"@id\":\"https:\/\/www.campings.com\/fr\/content\/#organization\",\"name\":\"CAMPINGS.COM\",\"url\":\"https:\/\/www.campings.com\/fr\/content\/\",\"logo\":{\"@type\":\"ImageObject\",\"inLanguage\":\"fr-FR\",\"@id\":\"https:\/\/www.campings.com\/fr\/content\/#\/schema\/logo\/image\/\",\"url\":\"https:\/\/www.campings.com\/fr\/content\/wp-content\/uploads\/2019\/01\/cropped-logo-1.png\",\"contentUrl\":\"https:\/\/www.campings.com\/fr\/content\/wp-content\/uploads\/2019\/01\/cropped-logo-1.png\",\"width\":174,\"height\":42,\"caption\":\"CAMPINGS.COM\"},\"image\":{\"@id\":\"https:\/\/www.campings.com\/fr\/content\/#\/schema\/logo\/image\/\"}}]}<\/script>\n<!-- \/ Yoast SEO plugin. -->","yoast_head_json":{"title":"Les meilleurs campings en bord de mer -","robots":{"index":"index","follow":"follow","max-snippet":"max-snippet:-1","max-image-preview":"max-image-preview:large","max-video-preview":"max-video-preview:-1"},"canonical":"https:\/\/www.campings.com\/fr\/content\/guide-vacances-france\/campings-bord-de-mer\/","og_locale":"fr_FR","og_type":"article","og_title":"Les meilleurs campings en bord de mer -","og_description":"&nbsp; Avec pr\u00e8s de 5 800 km de c\u00f4tes, le littoral fran\u00e7ais attire les touristes du monde entier. Entre plages de sable fin, plages de galets, criques sauvages, la France\u00a0regorge d\u2019endroits o\u00f9 se pr\u00e9lasser au soleil. La\u00a0France est bord\u00e9e par la mer du Nord, la Manche, la M\u00e9diterran\u00e9e et par l&rsquo;oc\u00e9an Atlantique \u00e0 l\u2019ouest. De [&hellip;]","og_url":"https:\/\/www.campings.com\/fr\/content\/guide-vacances-france\/campings-bord-de-mer\/","article_modified_time":"2022-08-09T11:56:25+00:00","twitter_card":"summary_large_image","twitter_misc":{"Dur\u00e9e de lecture estim\u00e9e":"6 minutes"},"schema":{"@context":"https:\/\/schema.org","@graph":[{"@type":"WebPage","@id":"https:\/\/www.campings.com\/fr\/content\/guide-vacances-france\/campings-bord-de-mer\/","url":"https:\/\/www.campings.com\/fr\/content\/guide-vacances-france\/campings-bord-de-mer\/","name":"Les meilleurs campings en bord de mer -","isPartOf":{"@id":"https:\/\/www.campings.com\/fr\/content\/#website"},"datePublished":"2022-02-11T15:43:14+00:00","dateModified":"2022-08-09T11:56:25+00:00","breadcrumb":{"@id":"https:\/\/www.campings.com\/fr\/content\/guide-vacances-france\/campings-bord-de-mer\/#breadcrumb"},"inLanguage":"fr-FR","potentialAction":[{"@type":"ReadAction","target":["https:\/\/www.campings.com\/fr\/content\/guide-vacances-france\/campings-bord-de-mer\/"]}]},{"@type":"BreadcrumbList","@id":"https:\/\/www.campings.com\/fr\/content\/guide-vacances-france\/campings-bord-de-mer\/#breadcrumb","itemListElement":[{"@type":"ListItem","position":1,"name":"Home","item":"https:\/\/www.campings.com\/fr\/content\/"},{"@type":"ListItem","position":2,"name":"Le guide de vos vacances en France","item":"https:\/\/www.campings.com\/fr\/content\/guide-vacances-france\/"},{"@type":"ListItem","position":3,"name":"Les meilleurs campings en bord de mer"}]},{"@type":"WebSite","@id":"https:\/\/www.campings.com\/fr\/content\/#website","url":"https:\/\/www.campings.com\/fr\/content\/","name":"","description":"","publisher":{"@id":"https:\/\/www.campings.com\/fr\/content\/#organization"},"potentialAction":[{"@type":"SearchAction","target":{"@type":"EntryPoint","urlTemplate":"https:\/\/www.campings.com\/fr\/content\/?s={search_term_string}"},"query-input":{"@type":"PropertyValueSpecification","valueRequired":true,"valueName":"search_term_string"}}],"inLanguage":"fr-FR"},{"@type":"Organization","@id":"https:\/\/www.campings.com\/fr\/content\/#organization","name":"CAMPINGS.COM","url":"https:\/\/www.campings.com\/fr\/content\/","logo":{"@type":"ImageObject","inLanguage":"fr-FR","@id":"https:\/\/www.campings.com\/fr\/content\/#\/schema\/logo\/image\/","url":"https:\/\/www.campings.com\/fr\/content\/wp-content\/uploads\/2019\/01\/cropped-logo-1.png","contentUrl":"https:\/\/www.campings.com\/fr\/content\/wp-content\/uploads\/2019\/01\/cropped-logo-1.png","width":174,"height":42,"caption":"CAMPINGS.COM"},"image":{"@id":"https:\/\/www.campings.com\/fr\/content\/#\/schema\/logo\/image\/"}}]}},"_links":{"self":[{"href":"https:\/\/www.campings.com\/fr\/content\/wp-json\/wp\/v2\/pages\/3401","targetHints":{"allow":["GET"]}}],"collection":[{"href":"https:\/\/www.campings.com\/fr\/content\/wp-json\/wp\/v2\/pages"}],"about":[{"href":"https:\/\/www.campings.com\/fr\/content\/wp-json\/wp\/v2\/types\/page"}],"author":[{"embeddable":true,"href":"https:\/\/www.campings.com\/fr\/content\/wp-json\/wp\/v2\/users\/18"}],"replies":[{"embeddable":true,"href":"https:\/\/www.campings.com\/fr\/content\/wp-json\/wp\/v2\/comments?post=3401"}],"version-history":[{"count":7,"href":"https:\/\/www.campings.com\/fr\/content\/wp-json\/wp\/v2\/pages\/3401\/revisions"}],"predecessor-version":[{"id":3894,"href":"https:\/\/www.campings.com\/fr\/content\/wp-json\/wp\/v2\/pages\/3401\/revisions\/3894"}],"up":[{"embeddable":true,"href":"https:\/\/www.campings.com\/fr\/content\/wp-json\/wp\/v2\/pages\/3360"}],"wp:attachment":[{"href":"https:\/\/www.campings.com\/fr\/content\/wp-json\/wp\/v2\/media?parent=3401"}],"curies":[{"name":"wp","href":"https:\/\/api.w.org\/{rel}","templated":true}]}}