{"id":3396,"date":"2022-02-11T14:59:19","date_gmt":"2022-02-11T14:59:19","guid":{"rendered":"https:\/\/www.campings.com\/fr\/content\/?page_id=3396"},"modified":"2022-03-25T10:39:56","modified_gmt":"2022-03-25T10:39:56","slug":"campings-sud-ouest-france","status":"publish","type":"page","link":"https:\/\/www.campings.com\/fr\/content\/guide-vacances-france\/campings-sud-ouest-france\/","title":{"rendered":"Les meilleurs campings dans le Sud-Ouest de la France"},"content":{"rendered":"<p>\u00c0 la recherche d\u2019un h\u00e9bergement alliant confort et simplicit\u00e9 pour vos prochaines vacances dans le sud-ouest de la <strong><a href=\"https:\/\/www.campings.com\/fr\/content\/guide-vacances-france\/\">France<\/a> <\/strong>? Optez pour une location en camping ! La r\u00e9gion abrite un grand choix d\u2019\u00e9tablissements parfaits pour un s\u00e9jour en famille ou entre amis.<\/p>\n<p>Envie de s\u00e9journer dans le sud-ouest de la\u00a0<a href=\"https:\/\/www.campings.com\/fr\/france?type=country\">France<\/a> <strong>?\u00a0<\/strong>Avec ses reliefs et son patrimoine naturel exceptionnel, la r\u00e9gion se pr\u00eate \u00e0 toutes les envies de vacances\u2026 Entre plages de sable fin, paysages de mer et de montagne, le sud-ouest est tr\u00e8s pris\u00e9 par les touristes. Son climat semi-oc\u00e9anique se caract\u00e9rise par des \u00e9t\u00e9s chauds et des hivers particuli\u00e8rement doux. D\u00e9couvrez sans attendre nos campings coup de c\u0153ur !<\/p>\n<h2><strong>Les campings sur la c\u00f4te Atlantique\u00a0<\/strong><\/h2>\n<h3><strong>Camping Les Aventuriers de la Calypso<\/strong><\/h3>\n<p>Ce camping, situ\u00e9 \u00e0 Saint-Jean-de-Monts se trouve \u00e0 proximit\u00e9 de la plage des Tonnelles. L\u2019\u00e9tablissement propose des animations et des activit\u00e9s vari\u00e9es pour divertir petits et grands.<\/p>\n<p><a href=\"https:\/\/www.campings.com\/fr\/camping\/camping-les-aventuriers-de-la-calypso-78299\"><strong>Plus d\u2019infos sur le Camping Les Aventuriers de la Calypso<\/strong><\/a>.<\/p>\n<h3><strong>Camping Bois Soleil<\/strong><\/h3>\n<p>Ce camping, situ\u00e9 aux Sables-d\u2019Olonne propose un grand choix d\u2019infrastructures pour un s\u00e9jour r\u00e9ussi en famille. Vous aurez acc\u00e8s \u00e0 un espace aquatique avec toboggan, un mini-golf, des tables de ping-pong\u2026<\/p>\n<p><a href=\"https:\/\/www.campings.com\/fr\/camping\/camping-le-bois-soleil-77905\"><strong>Plus d\u2019infos sur le<\/strong>\u00a0<strong>Camping Le Bois Soleil<\/strong><\/a>.<\/p>\n<h3><strong>Camping C\u00f4t\u00e9 \u00d4 Port Manech<\/strong><\/h3>\n<p>\u00c0 N\u00e9vez, ce camping chaleureux et convivial propose des mobil-homes modernes pour un s\u00e9jour agr\u00e9able en famille.<\/p>\n<p><img loading=\"lazy\" decoding=\"async\" class=\"alignnone size-full wp-image-3397\" src=\"https:\/\/www.campings.com\/fr\/content\/wp-content\/uploads\/2022\/02\/Camping-sud-ouest-cote-o-port-manech.png\" alt=\"\" width=\"1000\" height=\"665\" srcset=\"https:\/\/www.campings.com\/fr\/content\/wp-content\/uploads\/2022\/02\/Camping-sud-ouest-cote-o-port-manech.png 1000w, https:\/\/www.campings.com\/fr\/content\/wp-content\/uploads\/2022\/02\/Camping-sud-ouest-cote-o-port-manech-300x200.png 300w, https:\/\/www.campings.com\/fr\/content\/wp-content\/uploads\/2022\/02\/Camping-sud-ouest-cote-o-port-manech-768x511.png 768w, https:\/\/www.campings.com\/fr\/content\/wp-content\/uploads\/2022\/02\/Camping-sud-ouest-cote-o-port-manech-450x299.png 450w, https:\/\/www.campings.com\/fr\/content\/wp-content\/uploads\/2022\/02\/Camping-sud-ouest-cote-o-port-manech-430x286.png 430w\" sizes=\"auto, (max-width: 1000px) 100vw, 1000px\" \/><\/p>\n<p><a href=\"https:\/\/www.campings.com\/fr\/camping\/camping-cote-o-port-manech-77888\"><strong>Plus d\u2019infos sur le Camping C\u00f4t\u00e9 O Port Manech<\/strong><\/a>.<\/p>\n<h3><strong>Camping la Grande M\u00e9tairie, \u00e0 2 pas de l\u2019oc\u00e9an<\/strong><\/h3>\n<p>Situ\u00e9 \u00e0 Carnac, \u00e0 3 km de la plage, ce camping moderne propose de nombreux \u00e9quipements et services de qualit\u00e9.<\/p>\n<p><a href=\"https:\/\/www.campings.com\/fr\/camping\/camping-la-grande-metairie-77035\"><strong>Plus d\u2019infos sur le<\/strong>\u00a0<strong>Camping la Grande M\u00e9tairie<\/strong><\/a>.<\/p>\n<h2><strong>Les campings pas chers en Aquitaine\u00a0<\/strong><\/h2>\n<p>Envie de passer des vacances en Aquitaine en\u00a0<a href=\"https:\/\/www.campings.com\/fr\/content\/guide-vacances-france\/\">France<\/a> sans vous ruiner ? D\u00e9couvrez notre s\u00e9lection de campings offrant un bon rapport qualit\u00e9-prix.<\/p>\n<h3><strong>Camping Le Soleil des Landes<\/strong><\/h3>\n<p>A la recherche d\u2019un camping pas cher dans les Landes ? Cet \u00e9tablissement comblera toutes vos attentes. En plus des nombreuses activit\u00e9s propos\u00e9es, il dispose d\u2019une piscine ext\u00e9rieure et d\u2019un grand toboggan aquatique.<\/p>\n<p>Adresse : 316 Av. du Marensin, 40170 Lit-et-Mixe<\/p>\n<p><a href=\"https:\/\/www.campings.com\/fr\/camping\/camping-le-soleil-des-landes-77674\"><strong>Plus d\u2019infos sur le Camping Le Soleil des Landes<\/strong><\/a>.<\/p>\n<h3><strong>Camping Mayotte Vacances<\/strong><\/h3>\n<p>Ce camping 5 \u00e9toiles, situ\u00e9 juste en dessous du bassin d\u2019Arcachon et de la Dune du Pilat, comblera toutes vos attentes. En plus des activit\u00e9s propos\u00e9es, il met \u00e0 la disposition des r\u00e9sidents des \u00e9quipements et services d\u2019une qualit\u00e9 irr\u00e9prochable.<\/p>\n<p>Adresse : Quartier Mayotte Lac, 368 Chemin des Roseaux, 40600 Biscarrosse<\/p>\n<p><img loading=\"lazy\" decoding=\"async\" class=\"alignnone size-full wp-image-3398\" src=\"https:\/\/www.campings.com\/fr\/content\/wp-content\/uploads\/2022\/02\/Camping-sud-ouest-mayotte-vacances-min.png\" alt=\"\" width=\"1000\" height=\"665\" srcset=\"https:\/\/www.campings.com\/fr\/content\/wp-content\/uploads\/2022\/02\/Camping-sud-ouest-mayotte-vacances-min.png 1000w, https:\/\/www.campings.com\/fr\/content\/wp-content\/uploads\/2022\/02\/Camping-sud-ouest-mayotte-vacances-min-300x200.png 300w, https:\/\/www.campings.com\/fr\/content\/wp-content\/uploads\/2022\/02\/Camping-sud-ouest-mayotte-vacances-min-768x511.png 768w, https:\/\/www.campings.com\/fr\/content\/wp-content\/uploads\/2022\/02\/Camping-sud-ouest-mayotte-vacances-min-450x299.png 450w, https:\/\/www.campings.com\/fr\/content\/wp-content\/uploads\/2022\/02\/Camping-sud-ouest-mayotte-vacances-min-430x286.png 430w\" sizes=\"auto, (max-width: 1000px) 100vw, 1000px\" \/><\/p>\n<p><a href=\"https:\/\/www.campings.com\/fr\/camping\/camping-mayotte-vacances-76910\"><strong>Plus d\u2019infos sur le Camping Mayotte Vacances<\/strong><\/a>.<\/p>\n<h3><strong>Camping Club Famille Lou Pignada<\/strong><\/h3>\n<p>Situ\u00e9 \u00e0 Messanges, l\u2019\u00e9tablissement dispose d\u2019un parc aquatique, un restaurant, d\u2019un bar, une salle de fitness, un hammam, un sauna\u2026<\/p>\n<p><a href=\"https:\/\/www.campings.com\/fr\/camping\/camping-club-famille-lou-pignada-77799\"><strong>Plus d\u2019infos sur le<\/strong>\u00a0<strong>Camping Club Famille Lou Pignada<\/strong><\/a>.<\/p>\n<h3><strong>Camping Domaine de la Marina<\/strong><\/h3>\n<p>Class\u00e9 parmi les plus beaux campings de Messanges, le domaine dispose de mobil-homes spacieux et confortables. Sur place, vous aurez acc\u00e8s \u00e0 une piscine, \u00e0 des tables de ping-pong, etc.<\/p>\n<p>Adresse : 400 Rte de la Plage S, 40660 Messanges<\/p>\n<p><a href=\"https:\/\/www.campings.com\/fr\/camping\/camping-domaine-de-la-marina-77804\"><strong>Plus d\u2019infos sur le<\/strong>\u00a0<strong>Camping Domaine de la Marina<\/strong><\/a>.<\/p>\n<h2><strong>Notre s\u00e9lection des meilleurs campings avec parc aquatique<\/strong><\/h2>\n<h3><strong>Camping Sylvamar<\/strong><\/h3>\n<p>Ce grand complexe avec parc aquatique est situ\u00e9 \u00e0 Labenne, \u00e0 900 m\u00e8tres de la plage. En plus des activit\u00e9s nautiques, l\u2019\u00e9tablissement propose un \u00e9ventail de loisirs de plein air pour occuper vos journ\u00e9es.<\/p>\n<p><img loading=\"lazy\" decoding=\"async\" class=\"alignnone size-full wp-image-3399\" src=\"https:\/\/www.campings.com\/fr\/content\/wp-content\/uploads\/2022\/02\/Camping-sud-ouest-sylvamar-min.png\" alt=\"\" width=\"1000\" height=\"665\" srcset=\"https:\/\/www.campings.com\/fr\/content\/wp-content\/uploads\/2022\/02\/Camping-sud-ouest-sylvamar-min.png 1000w, https:\/\/www.campings.com\/fr\/content\/wp-content\/uploads\/2022\/02\/Camping-sud-ouest-sylvamar-min-300x200.png 300w, https:\/\/www.campings.com\/fr\/content\/wp-content\/uploads\/2022\/02\/Camping-sud-ouest-sylvamar-min-768x511.png 768w, https:\/\/www.campings.com\/fr\/content\/wp-content\/uploads\/2022\/02\/Camping-sud-ouest-sylvamar-min-450x299.png 450w, https:\/\/www.campings.com\/fr\/content\/wp-content\/uploads\/2022\/02\/Camping-sud-ouest-sylvamar-min-430x286.png 430w\" sizes=\"auto, (max-width: 1000px) 100vw, 1000px\" \/><\/p>\n<p><a href=\"https:\/\/www.campings.com\/fr\/camping\/camping-sylvamar-77502\"><strong>Plus d\u2019infos sur le<\/strong>\u00a0<strong>Camping Sylvamar<\/strong><\/a>.<\/p>\n<h3><strong>Le Camping des Familles<\/strong><\/h3>\n<p>Situ\u00e9 en Gironde, cet \u00e9tablissement convivial convient parfaitement pour des vacances en famille.<\/p>\n<p><a href=\"https:\/\/www.campings.com\/fr\/camping\/camping-des-familles-77318\"><strong>Plus d\u2019infos sur le Camping des Familles<\/strong><\/a>.<\/p>\n<h3><strong>Camping Village Resort et Spa Le Vieux-Port<\/strong><\/h3>\n<p>Envie de vacances les pieds dans l\u2019eau ? Posez vos valises \u00e0 Messanges, dans ce camping 5 \u00e9toiles ! En plus d\u2019\u00eatre proche de la mer, il dispose d\u2019un grand parc aquatique. Vous aurez \u00e9galement acc\u00e8s \u00e0 des tables de ping-pong et des terrains de tennis.<\/p>\n<p>Adresse : 850 Rte de la Plage S, 40660 Messanges<\/p>\n<p><a href=\"https:\/\/www.campings.com\/fr\/camping\/camping-village-resort-et-spa-le-vieux-port-77802\"><strong>Plus d\u2019infos sur le<\/strong>\u00a0<strong>Camping Village Resort et Spa Le Vieux Port<\/strong><\/a>.<\/p>\n<h3><strong>Camping Domaine d&rsquo;Eurolac<\/strong><\/h3>\n<p>Situ\u00e9 dans les Landes, dans un cadre enchanteur, ce camping dispose de mobil-homes haut de gamme pour un s\u00e9jour tout confort.<\/p>\n<p>Adresse : Promenade de l&rsquo;\u00c9tang, 40200 Aureilhan<\/p>\n<p><a href=\"https:\/\/www.campings.com\/fr\/camping\/camping-domaine-d-eurolac-76653\"><strong>Plus d\u2019infos sur le<\/strong>\u00a0<strong>Camping Domaine d&rsquo;Eurolac<\/strong><\/a>.<\/p>\n<h2><strong>Les campings 5 et 4 \u00e9toiles dans le Pays basque<\/strong><\/h2>\n<p>Envie de vacances de luxe dans le Pays basque, en\u00a0<a href=\"https:\/\/www.campings.com\/fr\/content\/guide-vacances-france\/\">France<\/a> ? D\u00e9couvrez notre s\u00e9lection de campings 5 et 4 \u00e9toiles !<\/p>\n<h3><strong>Le Camping Le Ruisseau, un camping dans le sud-ouest avec piscine\u00a0<\/strong><\/h3>\n<p>\u00c0 Bidart, l\u2019\u00e9tablissement vous donne acc\u00e8s \u00e0 une grande piscine, un bain \u00e0 remous, un terrain de tennis, restaurant et bar.<\/p>\n<p><a href=\"https:\/\/www.campings.com\/fr\/camping\/camping-le-ruisseau-76898\"><strong>Plus d\u2019infos sur le<\/strong>\u00a0<strong>Camping Le Ruisseau<\/strong><\/a>.<\/p>\n<h3><strong>Camping Des Gaves<\/strong><\/h3>\n<p>En plein c\u0153ur de Laruns, \u00e0 proximit\u00e9 des stations de ski, ce camping 4 \u00e9toiles est un v\u00e9ritable havre de paix.<\/p>\n<p><a href=\"https:\/\/www.campings.com\/fr\/camping\/camping-des-gaves-79684\"><strong>Plus d\u2019infos sur le Camping Des Gaves<\/strong><\/a>.<\/p>\n<h3><strong>Camping Biper Gorri, un camping dans le sud-ouest en bord de mer\u00a0<\/strong><\/h3>\n<p>Situ\u00e9 \u00e0 Espelette, ce camping est parfait pour des vacances en famille riches en activit\u00e9s ludiques. Sur place, vous aurez acc\u00e8s \u00e0 une \u00e9picerie, un restaurant et un bar.<\/p>\n<p><a href=\"https:\/\/www.campings.com\/fr\/camping\/camping-biper-gorri-77238\"><strong>Plus d\u2019infos sur le<\/strong>\u00a0<strong>Camping Biper Gorri<\/strong><\/a>.<\/p>\n<h3><strong>Europ\u2019Camping<\/strong><\/h3>\n<p>\u00c0 Ascarat, au c\u0153ur d\u2019une nature verdoyante, ce camping est parfait pour des vacances agr\u00e9ables en famille. Vous aurez acc\u00e8s \u00e0 un \u00e9ventail d\u2019activit\u00e9s et d\u2019animations pour occuper vos enfants. Une grande piscine ext\u00e9rieure chauff\u00e9e est \u00e0 votre disposition.<\/p>\n<p><a href=\"https:\/\/www.campings.com\/fr\/camping\/camping-europ-camping-76788\"><strong>Plus d\u2019infos sur l\u2019Europ Camping<\/strong><\/a>.<\/p>\n","protected":false},"excerpt":{"rendered":"<p>\u00c0 la recherche d\u2019un h\u00e9bergement alliant confort et simplicit\u00e9 pour vos prochaines vacances dans le sud-ouest de la France ? Optez pour une location en camping ! La r\u00e9gion abrite un grand choix d\u2019\u00e9tablissements parfaits pour un s\u00e9jour en famille ou entre amis. Envie de s\u00e9journer dans le sud-ouest de la\u00a0France ?\u00a0Avec ses reliefs et [&hellip;]<\/p>\n","protected":false},"author":18,"featured_media":0,"parent":3360,"menu_order":0,"comment_status":"closed","ping_status":"closed","template":"template-twocolumns.php","meta":{"_acf_changed":false,"footnotes":""},"class_list":["post-3396","page","type-page","status-publish","hentry"],"acf":[],"yoast_head":"<!-- This site is optimized with the Yoast SEO plugin v27.1.1 - https:\/\/yoast.com\/product\/yoast-seo-wordpress\/ -->\n<title>Les meilleurs campings dans le Sud-Ouest de la France -<\/title>\n<meta name=\"robots\" content=\"index, follow, max-snippet:-1, max-image-preview:large, max-video-preview:-1\" \/>\n<link rel=\"canonical\" href=\"https:\/\/www.campings.com\/fr\/content\/guide-vacances-france\/campings-sud-ouest-france\/\" \/>\n<meta property=\"og:locale\" content=\"fr_FR\" \/>\n<meta property=\"og:type\" content=\"article\" \/>\n<meta property=\"og:title\" content=\"Les meilleurs campings dans le Sud-Ouest de la France -\" \/>\n<meta property=\"og:description\" content=\"\u00c0 la recherche d\u2019un h\u00e9bergement alliant confort et simplicit\u00e9 pour vos prochaines vacances dans le sud-ouest de la France ? Optez pour une location en camping ! La r\u00e9gion abrite un grand choix d\u2019\u00e9tablissements parfaits pour un s\u00e9jour en famille ou entre amis. Envie de s\u00e9journer dans le sud-ouest de la\u00a0France ?\u00a0Avec ses reliefs et [&hellip;]\" \/>\n<meta property=\"og:url\" content=\"https:\/\/www.campings.com\/fr\/content\/guide-vacances-france\/campings-sud-ouest-france\/\" \/>\n<meta property=\"article:modified_time\" content=\"2022-03-25T10:39:56+00:00\" \/>\n<meta property=\"og:image\" content=\"https:\/\/www.campings.com\/fr\/content\/wp-content\/uploads\/2022\/02\/Camping-sud-ouest-cote-o-port-manech.png\" \/>\n\t<meta property=\"og:image:width\" content=\"1000\" \/>\n\t<meta property=\"og:image:height\" content=\"665\" \/>\n\t<meta property=\"og:image:type\" content=\"image\/png\" \/>\n<meta name=\"twitter:card\" content=\"summary_large_image\" \/>\n<meta name=\"twitter:label1\" content=\"Dur\u00e9e de lecture estim\u00e9e\" \/>\n\t<meta name=\"twitter:data1\" content=\"5 minutes\" \/>\n<script type=\"application\/ld+json\" class=\"yoast-schema-graph\">{\"@context\":\"https:\/\/schema.org\",\"@graph\":[{\"@type\":\"WebPage\",\"@id\":\"https:\/\/www.campings.com\/fr\/content\/guide-vacances-france\/campings-sud-ouest-france\/\",\"url\":\"https:\/\/www.campings.com\/fr\/content\/guide-vacances-france\/campings-sud-ouest-france\/\",\"name\":\"Les meilleurs campings dans le Sud-Ouest de la France -\",\"isPartOf\":{\"@id\":\"https:\/\/www.campings.com\/fr\/content\/#website\"},\"primaryImageOfPage\":{\"@id\":\"https:\/\/www.campings.com\/fr\/content\/guide-vacances-france\/campings-sud-ouest-france\/#primaryimage\"},\"image\":{\"@id\":\"https:\/\/www.campings.com\/fr\/content\/guide-vacances-france\/campings-sud-ouest-france\/#primaryimage\"},\"thumbnailUrl\":\"https:\/\/www.campings.com\/fr\/content\/wp-content\/uploads\/2022\/02\/Camping-sud-ouest-cote-o-port-manech.png\",\"datePublished\":\"2022-02-11T14:59:19+00:00\",\"dateModified\":\"2022-03-25T10:39:56+00:00\",\"breadcrumb\":{\"@id\":\"https:\/\/www.campings.com\/fr\/content\/guide-vacances-france\/campings-sud-ouest-france\/#breadcrumb\"},\"inLanguage\":\"fr-FR\",\"potentialAction\":[{\"@type\":\"ReadAction\",\"target\":[\"https:\/\/www.campings.com\/fr\/content\/guide-vacances-france\/campings-sud-ouest-france\/\"]}]},{\"@type\":\"ImageObject\",\"inLanguage\":\"fr-FR\",\"@id\":\"https:\/\/www.campings.com\/fr\/content\/guide-vacances-france\/campings-sud-ouest-france\/#primaryimage\",\"url\":\"https:\/\/www.campings.com\/fr\/content\/wp-content\/uploads\/2022\/02\/Camping-sud-ouest-cote-o-port-manech.png\",\"contentUrl\":\"https:\/\/www.campings.com\/fr\/content\/wp-content\/uploads\/2022\/02\/Camping-sud-ouest-cote-o-port-manech.png\",\"width\":1000,\"height\":665},{\"@type\":\"BreadcrumbList\",\"@id\":\"https:\/\/www.campings.com\/fr\/content\/guide-vacances-france\/campings-sud-ouest-france\/#breadcrumb\",\"itemListElement\":[{\"@type\":\"ListItem\",\"position\":1,\"name\":\"Home\",\"item\":\"https:\/\/www.campings.com\/fr\/content\/\"},{\"@type\":\"ListItem\",\"position\":2,\"name\":\"Le guide de vos vacances en France\",\"item\":\"https:\/\/www.campings.com\/fr\/content\/guide-vacances-france\/\"},{\"@type\":\"ListItem\",\"position\":3,\"name\":\"Les meilleurs campings dans le Sud-Ouest de la France\"}]},{\"@type\":\"WebSite\",\"@id\":\"https:\/\/www.campings.com\/fr\/content\/#website\",\"url\":\"https:\/\/www.campings.com\/fr\/content\/\",\"name\":\"\",\"description\":\"\",\"publisher\":{\"@id\":\"https:\/\/www.campings.com\/fr\/content\/#organization\"},\"potentialAction\":[{\"@type\":\"SearchAction\",\"target\":{\"@type\":\"EntryPoint\",\"urlTemplate\":\"https:\/\/www.campings.com\/fr\/content\/?s={search_term_string}\"},\"query-input\":{\"@type\":\"PropertyValueSpecification\",\"valueRequired\":true,\"valueName\":\"search_term_string\"}}],\"inLanguage\":\"fr-FR\"},{\"@type\":\"Organization\",\"@id\":\"https:\/\/www.campings.com\/fr\/content\/#organization\",\"name\":\"CAMPINGS.COM\",\"url\":\"https:\/\/www.campings.com\/fr\/content\/\",\"logo\":{\"@type\":\"ImageObject\",\"inLanguage\":\"fr-FR\",\"@id\":\"https:\/\/www.campings.com\/fr\/content\/#\/schema\/logo\/image\/\",\"url\":\"https:\/\/www.campings.com\/fr\/content\/wp-content\/uploads\/2019\/01\/cropped-logo-1.png\",\"contentUrl\":\"https:\/\/www.campings.com\/fr\/content\/wp-content\/uploads\/2019\/01\/cropped-logo-1.png\",\"width\":174,\"height\":42,\"caption\":\"CAMPINGS.COM\"},\"image\":{\"@id\":\"https:\/\/www.campings.com\/fr\/content\/#\/schema\/logo\/image\/\"}}]}<\/script>\n<!-- \/ Yoast SEO plugin. -->","yoast_head_json":{"title":"Les meilleurs campings dans le Sud-Ouest de la France -","robots":{"index":"index","follow":"follow","max-snippet":"max-snippet:-1","max-image-preview":"max-image-preview:large","max-video-preview":"max-video-preview:-1"},"canonical":"https:\/\/www.campings.com\/fr\/content\/guide-vacances-france\/campings-sud-ouest-france\/","og_locale":"fr_FR","og_type":"article","og_title":"Les meilleurs campings dans le Sud-Ouest de la France -","og_description":"\u00c0 la recherche d\u2019un h\u00e9bergement alliant confort et simplicit\u00e9 pour vos prochaines vacances dans le sud-ouest de la France ? Optez pour une location en camping ! La r\u00e9gion abrite un grand choix d\u2019\u00e9tablissements parfaits pour un s\u00e9jour en famille ou entre amis. Envie de s\u00e9journer dans le sud-ouest de la\u00a0France ?\u00a0Avec ses reliefs et [&hellip;]","og_url":"https:\/\/www.campings.com\/fr\/content\/guide-vacances-france\/campings-sud-ouest-france\/","article_modified_time":"2022-03-25T10:39:56+00:00","og_image":[{"width":1000,"height":665,"url":"https:\/\/www.campings.com\/fr\/content\/wp-content\/uploads\/2022\/02\/Camping-sud-ouest-cote-o-port-manech.png","type":"image\/png"}],"twitter_card":"summary_large_image","twitter_misc":{"Dur\u00e9e de lecture estim\u00e9e":"5 minutes"},"schema":{"@context":"https:\/\/schema.org","@graph":[{"@type":"WebPage","@id":"https:\/\/www.campings.com\/fr\/content\/guide-vacances-france\/campings-sud-ouest-france\/","url":"https:\/\/www.campings.com\/fr\/content\/guide-vacances-france\/campings-sud-ouest-france\/","name":"Les meilleurs campings dans le Sud-Ouest de la France -","isPartOf":{"@id":"https:\/\/www.campings.com\/fr\/content\/#website"},"primaryImageOfPage":{"@id":"https:\/\/www.campings.com\/fr\/content\/guide-vacances-france\/campings-sud-ouest-france\/#primaryimage"},"image":{"@id":"https:\/\/www.campings.com\/fr\/content\/guide-vacances-france\/campings-sud-ouest-france\/#primaryimage"},"thumbnailUrl":"https:\/\/www.campings.com\/fr\/content\/wp-content\/uploads\/2022\/02\/Camping-sud-ouest-cote-o-port-manech.png","datePublished":"2022-02-11T14:59:19+00:00","dateModified":"2022-03-25T10:39:56+00:00","breadcrumb":{"@id":"https:\/\/www.campings.com\/fr\/content\/guide-vacances-france\/campings-sud-ouest-france\/#breadcrumb"},"inLanguage":"fr-FR","potentialAction":[{"@type":"ReadAction","target":["https:\/\/www.campings.com\/fr\/content\/guide-vacances-france\/campings-sud-ouest-france\/"]}]},{"@type":"ImageObject","inLanguage":"fr-FR","@id":"https:\/\/www.campings.com\/fr\/content\/guide-vacances-france\/campings-sud-ouest-france\/#primaryimage","url":"https:\/\/www.campings.com\/fr\/content\/wp-content\/uploads\/2022\/02\/Camping-sud-ouest-cote-o-port-manech.png","contentUrl":"https:\/\/www.campings.com\/fr\/content\/wp-content\/uploads\/2022\/02\/Camping-sud-ouest-cote-o-port-manech.png","width":1000,"height":665},{"@type":"BreadcrumbList","@id":"https:\/\/www.campings.com\/fr\/content\/guide-vacances-france\/campings-sud-ouest-france\/#breadcrumb","itemListElement":[{"@type":"ListItem","position":1,"name":"Home","item":"https:\/\/www.campings.com\/fr\/content\/"},{"@type":"ListItem","position":2,"name":"Le guide de vos vacances en France","item":"https:\/\/www.campings.com\/fr\/content\/guide-vacances-france\/"},{"@type":"ListItem","position":3,"name":"Les meilleurs campings dans le Sud-Ouest de la France"}]},{"@type":"WebSite","@id":"https:\/\/www.campings.com\/fr\/content\/#website","url":"https:\/\/www.campings.com\/fr\/content\/","name":"","description":"","publisher":{"@id":"https:\/\/www.campings.com\/fr\/content\/#organization"},"potentialAction":[{"@type":"SearchAction","target":{"@type":"EntryPoint","urlTemplate":"https:\/\/www.campings.com\/fr\/content\/?s={search_term_string}"},"query-input":{"@type":"PropertyValueSpecification","valueRequired":true,"valueName":"search_term_string"}}],"inLanguage":"fr-FR"},{"@type":"Organization","@id":"https:\/\/www.campings.com\/fr\/content\/#organization","name":"CAMPINGS.COM","url":"https:\/\/www.campings.com\/fr\/content\/","logo":{"@type":"ImageObject","inLanguage":"fr-FR","@id":"https:\/\/www.campings.com\/fr\/content\/#\/schema\/logo\/image\/","url":"https:\/\/www.campings.com\/fr\/content\/wp-content\/uploads\/2019\/01\/cropped-logo-1.png","contentUrl":"https:\/\/www.campings.com\/fr\/content\/wp-content\/uploads\/2019\/01\/cropped-logo-1.png","width":174,"height":42,"caption":"CAMPINGS.COM"},"image":{"@id":"https:\/\/www.campings.com\/fr\/content\/#\/schema\/logo\/image\/"}}]}},"_links":{"self":[{"href":"https:\/\/www.campings.com\/fr\/content\/wp-json\/wp\/v2\/pages\/3396","targetHints":{"allow":["GET"]}}],"collection":[{"href":"https:\/\/www.campings.com\/fr\/content\/wp-json\/wp\/v2\/pages"}],"about":[{"href":"https:\/\/www.campings.com\/fr\/content\/wp-json\/wp\/v2\/types\/page"}],"author":[{"embeddable":true,"href":"https:\/\/www.campings.com\/fr\/content\/wp-json\/wp\/v2\/users\/18"}],"replies":[{"embeddable":true,"href":"https:\/\/www.campings.com\/fr\/content\/wp-json\/wp\/v2\/comments?post=3396"}],"version-history":[{"count":2,"href":"https:\/\/www.campings.com\/fr\/content\/wp-json\/wp\/v2\/pages\/3396\/revisions"}],"predecessor-version":[{"id":3613,"href":"https:\/\/www.campings.com\/fr\/content\/wp-json\/wp\/v2\/pages\/3396\/revisions\/3613"}],"up":[{"embeddable":true,"href":"https:\/\/www.campings.com\/fr\/content\/wp-json\/wp\/v2\/pages\/3360"}],"wp:attachment":[{"href":"https:\/\/www.campings.com\/fr\/content\/wp-json\/wp\/v2\/media?parent=3396"}],"curies":[{"name":"wp","href":"https:\/\/api.w.org\/{rel}","templated":true}]}}