{"id":3387,"date":"2022-02-11T14:32:32","date_gmt":"2022-02-11T14:32:32","guid":{"rendered":"https:\/\/www.campings.com\/fr\/content\/?page_id=3387"},"modified":"2022-08-11T07:57:57","modified_gmt":"2022-08-11T07:57:57","slug":"campings-nord-de-la-france","status":"publish","type":"page","link":"https:\/\/www.campings.com\/fr\/content\/guide-vacances-france\/campings-nord-de-la-france\/","title":{"rendered":"Les meilleurs campings situ\u00e9s dans le Nord de la France"},"content":{"rendered":"<p>&nbsp;<\/p>\n<p>Le nord de la <a href=\"https:\/\/www.campings.com\/fr\/content\/guide-vacances-france\/\"><strong>France <\/strong><\/a>est un territoire authentique, m\u00ealant nature et patrimoine. Avec ses paysages pr\u00e9serv\u00e9s, ses habitants chaleureux et son ambiance d\u00e9contract\u00e9e, le Nord r\u00e9unit tous les atouts pour des vacances agr\u00e9ables. Nous avons s\u00e9lectionn\u00e9 des locations de campings pour tous les go\u00fbts et tous les budgets.<\/p>\n<p>Et si vous posiez vos valises dans le nord de la\u00a0<a href=\"https:\/\/www.campings.com\/fr\/france?type=country\">France<\/a> pour vos prochaines vacances en famille ? La r\u00e9gion promet de belles d\u00e9couvertes\u2026 De plus, le Nord b\u00e9n\u00e9ficie d\u2019un climat oc\u00e9anique avec des hivers doux et des \u00e9t\u00e9s relativement chauds. Entre ses plages de sable fin, ses falaises, ses villages typiques, le Nord est une destination parfaite pour se ressourcer. Un panel d\u2019activit\u00e9s vous attend : visites culturelles, randonn\u00e9e, spots nautiques\u2026 Pour en profiter pleinement, n\u2019h\u00e9sitez pas \u00e0 louer dans l\u2019un des campings suivants.<\/p>\n<p>&nbsp;<\/p>\n<p>&nbsp;<\/p>\n<h2><strong>Les campings en bord de mer avec piscine\u00a0<\/strong><\/h2>\n<p>&nbsp;<\/p>\n<h3>Camping Paradis d&rsquo;Arvor \u2605\u2605\u2605 dans le Morbihan<\/h3>\n<p>Situ\u00e9 dans le Golfe du Morbihan en Bretagne Sud, \u00e0 l&rsquo;entr\u00e9e de la Presqu&rsquo;Ile de Rhuys, le Camping Paradis d&rsquo;Arvor vous accueille du 1 avril au 30 octobre. La piscine couverte et chauff\u00e9e, les toboggans aquatiques, les espaces de jeux et les animations pour petits et grands vous permettront de vous divertir sur place.<\/p>\n<p><a href=\"https:\/\/www.campings.com\/fr\/camping\/camping-paradis-d-arvor-84260\"><strong>Plus d\u2019infos sur le<\/strong> <strong>Camping Paradis d&rsquo;Arvor<\/strong><\/a><\/p>\n<p>&nbsp;<\/p>\n<h3>Camping Le Fort Espagnol \u2605\u2605\u2605\u2605 dans le Morbihan<\/h3>\n<p>D\u00e9couvrez de nouveaux horizons cette ann\u00e9e ! Le Camping Le Fort Espagnol vous propose des vacances entre amis ou en famille dans un camping \u00e0 Crach dans le Morbihan qui en r\u00e9jouira plus d&rsquo;un ! Install\u00e9 en Bretagne, \u00e0 tout juste 4,5 km du bord de mer, ce camping accueille les voyageurs et vacanciers pour un s\u00e9jour m\u00e9morable. Les vacanciers sauront \u00e9galement appr\u00e9cier la piscine couverte chauff\u00e9e, accessible durant la p\u00e9riode estivale uniquement. Les am\u00e9nagements nautiques du camping comprennent en outre une piscine ext\u00e9rieure chauff\u00e9e, dont ils pourront jouir pendant les beaux jours.<\/p>\n<p><a href=\"https:\/\/www.campings.com\/fr\/camping\/camping-le-fort-espagnol-77146\"><strong>Plus d\u2019infos sur le<\/strong> <strong>Camping Le Fort Espagnol<\/strong><\/a><\/p>\n<p>&nbsp;<\/p>\n<h3>Camping Bel Air Village de Reneville \u2605\u2605\u2605 en Haute-Normandie<\/h3>\n<p>Le Camping De Reneville est situ\u00e9 sur les hauteurs des falaises de F\u00e9camp \u00e0 16 km d&rsquo;Etretat, au coeur du Pays des Hautes Falaises en Normandie. Il vous accueille dans un cadre naturel et convivial. Les campeurs pourront profiter de la plage \u00e0 seulement 200m. Sur place, vous disposez de nombreuses infrastructures de loisirs et sportives : tennis de table, p\u00e9tanque et une aire de jeux pour enfants. La randonn\u00e9e est aussi au programme. Aux alentours du site, un terrain de tennis, un golf ainsi qu&rsquo;un centre \u00e9questre sont disponibles. Le kayak et le surf vous permettent de profiter de la mer.<\/p>\n<p><a href=\"https:\/\/www.campings.com\/fr\/camping\/camping-bel-air-village-de-reneville-85724\"><strong>Plus d\u2019infos sur le<\/strong> <strong>Camping Bel Air Village de Reneville<\/strong><\/a><\/p>\n<p>&nbsp;<\/p>\n<h3>Camping la Grande M\u00e9tairie \u2605\u2605\u2605\u2605\u2605 dans le Morbihan<\/h3>\n<p>Vous appr\u00e9cierez la qualit\u00e9 du Camping la Grande M\u00e9tairie \u00e0 Carnac dans le Morbihan. En effet, ce lieu assure \u00e0 ses vacanciers de passer des cong\u00e9s r\u00eav\u00e9s en famille ou entre amis. Situ\u00e9 en Bretagne, \u00e0 seulement quelques kilom\u00e8tres de la plage, ce camping accueille les voyageurs et vacanciers pour un s\u00e9jour m\u00e9morable. Les fans de baignade pourront aussi faire un saut, toute l&rsquo;ann\u00e9e, dans la piscine couverte chauff\u00e9e. Elle est compl\u00e9t\u00e9e par une piscine ext\u00e9rieure chauff\u00e9e, dont l&rsquo;acc\u00e8s est possible pendant les beaux jours.<\/p>\n<p><a href=\"https:\/\/www.campings.com\/fr\/camping\/camping-la-grande-metairie-77035\"><strong>Plus d\u2019infos sur le<\/strong> <strong>Camping la Grande M\u00e9tairie<\/strong><\/a><\/p>\n<p>&nbsp;<\/p>\n<p>&nbsp;<\/p>\n<h2><strong>Les meilleurs campings du Nord-Pas-de-Calais\u00a0<\/strong><\/h2>\n<p>Le pays des \u00ab ch\u2019tis \u00bb est une destination id\u00e9ale pour les vacanciers en qu\u00eate de calme et de nature. Voici quelques suggestions o\u00f9 loger pendant votre s\u00e9jour dans le Nord-Pas-de-Calais en\u00a0<a href=\"https:\/\/www.campings.com\/fr\/content\/guide-vacances-france\/\">France<\/a>.<\/p>\n<p>&nbsp;<\/p>\n<h3>Camping Phare d&rsquo;Opale \u2605 dans le Pas-de-Calais<\/h3>\n<p>Le camping, enti\u00e8rement pens\u00e9 dans le but de vous faire passer un confortable s\u00e9jour, poss\u00e8de divers services et \u00e9quipements particuli\u00e8rement utiles. Vous pourrez notamment trouver sur place un acc\u00e8s au wifi. L&rsquo;\u00e9tablissement tient \u00e0 offrir la possibilit\u00e9 \u00e0 tous de profiter compl\u00e8tement de son s\u00e9jour en offrant l&rsquo;acc\u00e8s \u00e0 un lit et une chaise haute aux familles avec jeunes enfants.<br \/>\nEn s\u00e9journant au Camping Phare d&rsquo;Opale au Portel, vous aurez acc\u00e8s \u00e0 diff\u00e9rentes distractions. En effet, les activit\u00e9s propos\u00e9es sur site sont nombreuses ! Afin que votre s\u00e9jour soit des plus plaisants, vous aurez entre autres acc\u00e8s \u00e0 un terrain de p\u00e9tanque, durant la p\u00e9riode estivale uniquement.<\/p>\n<p><a href=\"https:\/\/www.campings.com\/fr\/camping\/camping-phare-dopale-77545\"><strong>Plus d\u2019infos sur le Camping Phare d&rsquo;Opale<\/strong><\/a>.<\/p>\n<p>&nbsp;<\/p>\n<h3>Camping des Dunes \u2605\u2605\u2605\u2605 dans le Nord<\/h3>\n<p>L&rsquo;attraction du camping est en partie li\u00e9e \u00e0 ses services optimaux, qui rendront votre s\u00e9jour plus agr\u00e9able. Une laverie, diff\u00e9rentes cha\u00eenes de t\u00e9l\u00e9vision et un acc\u00e8s au wifi font notamment partie de ces derniers. Une \u00e9picerie\/sup\u00e9rette tout comme des services de restauration (un bar et un snack) permettent aux clients de se restaurer sur place s&rsquo;ils le souhaitent.<br \/>\nC\u00f4t\u00e9 loisirs, vous pouvez compter sur les activit\u00e9s propos\u00e9es par le Camping des Dunes \u00e0 Gravelines. En demeurant accessibles en continu, un bain \u00e0 remous, des tables de ping-pong et, notamment, un sauna permettent aux vacanciers de se distraire \u00e9t\u00e9 comme hiver.<\/p>\n<p><a href=\"https:\/\/www.campings.com\/fr\/camping\/camping-des-dunes-77292\"><strong>Plus d\u2019infos sur le Camping des Dunes<\/strong><\/a>.<\/p>\n<p>&nbsp;<\/p>\n<h3>Camping Paradis Belle Dune \u2605\u2605\u2605\u2605\u2605 dans le Pas-de-Calais<\/h3>\n<p>Vous souhaitez passer des vacances les pieds dans l eau ? Rien de mieux qu un s\u00e9jour au Camping Paradis Belle Dune, \u00e0 Berck-sur-Mer, dans les Hauts-de-France ! Le camping se situe en effet \u00e0 100m de la plage. Sur place, vous trouverez un superbe espace aquatique avec 4 toboggans et une piscine ext\u00e9rieure chauff\u00e9e.<\/p>\n<p><a href=\"https:\/\/www.campings.com\/fr\/camping\/camping-paradis-belle-dune-85985\"><strong>Plus d\u2019infos sur le<\/strong> <strong>Camping Paradis Belle Dune<\/strong><\/a><\/p>\n<p>&nbsp;<\/p>\n<p>&nbsp;<\/p>\n<h2><strong>Les campings pas cher dans le Nord de la France<\/strong><\/h2>\n<p>Le Nord de la\u00a0<a href=\"https:\/\/www.campings.com\/fr\/content\/guide-vacances-france\/\">France<\/a> est une destination parfaite pour des vacances \u00e0 petit budget. Le co\u00fbt de la vie y est tr\u00e8s abordable. Voici une s\u00e9lection de campings pas chers o\u00f9 s\u00e9journer.<\/p>\n<p>&nbsp;<\/p>\n<h3>Camping Paradis Le Giessen \u2605\u2605\u2605\u2605 dans le Bas-Rhin<\/h3>\n<p>Au pied du Massif des Vosges, le camping le Giessen est une destination charmante. Travers\u00e9 par une petite rivi\u00e8re, il sera le point de d\u00e9part id\u00e9al pour sillonner une r\u00e9gion accueillante et riche en sites touristiques. A 100 m\u00e8tres du camping, vous profiterez d&rsquo;une piscine couverte avec pataugeoire et toboggan aquatique, ainsi que d&rsquo;un bassin ext\u00e9rieur en juillet ao\u00fbt et dans le camping les enfants profiteront de l&rsquo;aire de jeux \u00ab\u00a0Aquatoon\u00a0\u00bb en haute saison.<\/p>\n<p><a href=\"https:\/\/www.campings.com\/fr\/camping\/camping-paradis-le-giessen-84917\"><strong>Plus d\u2019infos sur le<\/strong> <strong>Camping Paradis Le Giessen<\/strong><\/a><\/p>\n<p>&nbsp;<\/p>\n<h3>Menez Bichen &#8211; Camping Paradis \u2605\u2605\u2605 dans le Finist\u00e8re<\/h3>\n<p>Dans la baie de Douarnenez \u00e0 seulement 20m de la plage de sable fin, le camping Menez Bichen vous accueille dans une atmosph\u00e8re calme et familiale. Id\u00e9al pour un moment de d\u00e9tente en famille, vous appr\u00e9cierez la situation de ce camping pour d\u00e9couvrir la r\u00e9gion. Vous retrouverez la convivialit\u00e9 qui r\u00e8gne sur le camping lors des animations familiales propos\u00e9es en juillet et ao\u00fbt. Les enfants pourront s&rsquo;amuser sur l&rsquo;aire de jeux gonflable.<\/p>\n<p><a href=\"https:\/\/www.campings.com\/fr\/camping\/menez-bichen-camping-paradis-78353\"><strong>Plus d\u2019infos sur le Menez Bichen &#8211; Camping Paradis<\/strong><\/a><\/p>\n<p>&nbsp;<\/p>\n<h3>Camping Paradis Val de Trie \u2605\u2605\u2605\u2605 dans la Somme<\/h3>\n<p>Le Camping Val de Trie se trouve \u00e0 Moyenneville dans la Somme. Cet endroit vous permettra de vivre des vacances qui resteront \u00e0 jamais grav\u00e9es dans votre m\u00e9moire. Log\u00e9 au coeur de la Picardie (France), ce camping saura vous ravir par son emplacement, d&rsquo;autant plus qu&rsquo;il est situ\u00e9 \u00e0 15 km de la plage. Les baigneurs sauront \u00e9galement appr\u00e9cier la piscine couverte chauff\u00e9e, accessible uniquement en pleine saison.<br \/>\nPendant toute la dur\u00e9e de votre voyage, vous pourrez acc\u00e9der \u00e0 l&rsquo;ensemble des services et \u00e9quipements que le camping propose. Une laverie et un acc\u00e8s au wifi font notamment partie de ceux-ci, mais aussi un service de d\u00e9p\u00f4t de pain. Afin d&rsquo;aller manger ou boire un verre sur les lieux, les clients peuvent compter sur une \u00e9picerie\/sup\u00e9rette tout comme un restaurant et un bar (entre autres).<\/p>\n<p><a href=\"https:\/\/www.campings.com\/fr\/camping\/camping-paradis-val-de-trie-77790\"><strong>Plus d\u2019infos sur le<\/strong> <strong>Camping Paradis Val de Trie<\/strong><\/a><\/p>\n<p>&nbsp;<\/p>\n","protected":false},"excerpt":{"rendered":"<p>&nbsp; Le nord de la France est un territoire authentique, m\u00ealant nature et patrimoine. Avec ses paysages pr\u00e9serv\u00e9s, ses habitants chaleureux et son ambiance d\u00e9contract\u00e9e, le Nord r\u00e9unit tous les atouts pour des vacances agr\u00e9ables. Nous avons s\u00e9lectionn\u00e9 des locations de campings pour tous les go\u00fbts et tous les budgets. Et si vous posiez vos [&hellip;]<\/p>\n","protected":false},"author":18,"featured_media":0,"parent":3360,"menu_order":0,"comment_status":"closed","ping_status":"closed","template":"template-twocolumns.php","meta":{"_acf_changed":false,"footnotes":""},"class_list":["post-3387","page","type-page","status-publish","hentry"],"acf":[],"yoast_head":"<!-- This site is optimized with the Yoast SEO plugin v27.1.1 - https:\/\/yoast.com\/product\/yoast-seo-wordpress\/ -->\n<title>Les meilleurs campings situ\u00e9s dans le Nord de la France -<\/title>\n<meta name=\"robots\" content=\"index, follow, max-snippet:-1, max-image-preview:large, max-video-preview:-1\" \/>\n<link rel=\"canonical\" href=\"https:\/\/www.campings.com\/fr\/content\/guide-vacances-france\/campings-nord-de-la-france\/\" \/>\n<meta property=\"og:locale\" content=\"fr_FR\" \/>\n<meta property=\"og:type\" content=\"article\" \/>\n<meta property=\"og:title\" content=\"Les meilleurs campings situ\u00e9s dans le Nord de la France -\" \/>\n<meta property=\"og:description\" content=\"&nbsp; Le nord de la France est un territoire authentique, m\u00ealant nature et patrimoine. Avec ses paysages pr\u00e9serv\u00e9s, ses habitants chaleureux et son ambiance d\u00e9contract\u00e9e, le Nord r\u00e9unit tous les atouts pour des vacances agr\u00e9ables. Nous avons s\u00e9lectionn\u00e9 des locations de campings pour tous les go\u00fbts et tous les budgets. Et si vous posiez vos [&hellip;]\" \/>\n<meta property=\"og:url\" content=\"https:\/\/www.campings.com\/fr\/content\/guide-vacances-france\/campings-nord-de-la-france\/\" \/>\n<meta property=\"article:modified_time\" content=\"2022-08-11T07:57:57+00:00\" \/>\n<meta name=\"twitter:card\" content=\"summary_large_image\" \/>\n<meta name=\"twitter:label1\" content=\"Dur\u00e9e de lecture estim\u00e9e\" \/>\n\t<meta name=\"twitter:data1\" content=\"7 minutes\" \/>\n<script type=\"application\/ld+json\" class=\"yoast-schema-graph\">{\"@context\":\"https:\/\/schema.org\",\"@graph\":[{\"@type\":\"WebPage\",\"@id\":\"https:\/\/www.campings.com\/fr\/content\/guide-vacances-france\/campings-nord-de-la-france\/\",\"url\":\"https:\/\/www.campings.com\/fr\/content\/guide-vacances-france\/campings-nord-de-la-france\/\",\"name\":\"Les meilleurs campings situ\u00e9s dans le Nord de la France -\",\"isPartOf\":{\"@id\":\"https:\/\/www.campings.com\/fr\/content\/#website\"},\"datePublished\":\"2022-02-11T14:32:32+00:00\",\"dateModified\":\"2022-08-11T07:57:57+00:00\",\"breadcrumb\":{\"@id\":\"https:\/\/www.campings.com\/fr\/content\/guide-vacances-france\/campings-nord-de-la-france\/#breadcrumb\"},\"inLanguage\":\"fr-FR\",\"potentialAction\":[{\"@type\":\"ReadAction\",\"target\":[\"https:\/\/www.campings.com\/fr\/content\/guide-vacances-france\/campings-nord-de-la-france\/\"]}]},{\"@type\":\"BreadcrumbList\",\"@id\":\"https:\/\/www.campings.com\/fr\/content\/guide-vacances-france\/campings-nord-de-la-france\/#breadcrumb\",\"itemListElement\":[{\"@type\":\"ListItem\",\"position\":1,\"name\":\"Home\",\"item\":\"https:\/\/www.campings.com\/fr\/content\/\"},{\"@type\":\"ListItem\",\"position\":2,\"name\":\"Le guide de vos vacances en France\",\"item\":\"https:\/\/www.campings.com\/fr\/content\/guide-vacances-france\/\"},{\"@type\":\"ListItem\",\"position\":3,\"name\":\"Les meilleurs campings situ\u00e9s dans le Nord de la France\"}]},{\"@type\":\"WebSite\",\"@id\":\"https:\/\/www.campings.com\/fr\/content\/#website\",\"url\":\"https:\/\/www.campings.com\/fr\/content\/\",\"name\":\"\",\"description\":\"\",\"publisher\":{\"@id\":\"https:\/\/www.campings.com\/fr\/content\/#organization\"},\"potentialAction\":[{\"@type\":\"SearchAction\",\"target\":{\"@type\":\"EntryPoint\",\"urlTemplate\":\"https:\/\/www.campings.com\/fr\/content\/?s={search_term_string}\"},\"query-input\":{\"@type\":\"PropertyValueSpecification\",\"valueRequired\":true,\"valueName\":\"search_term_string\"}}],\"inLanguage\":\"fr-FR\"},{\"@type\":\"Organization\",\"@id\":\"https:\/\/www.campings.com\/fr\/content\/#organization\",\"name\":\"CAMPINGS.COM\",\"url\":\"https:\/\/www.campings.com\/fr\/content\/\",\"logo\":{\"@type\":\"ImageObject\",\"inLanguage\":\"fr-FR\",\"@id\":\"https:\/\/www.campings.com\/fr\/content\/#\/schema\/logo\/image\/\",\"url\":\"https:\/\/www.campings.com\/fr\/content\/wp-content\/uploads\/2019\/01\/cropped-logo-1.png\",\"contentUrl\":\"https:\/\/www.campings.com\/fr\/content\/wp-content\/uploads\/2019\/01\/cropped-logo-1.png\",\"width\":174,\"height\":42,\"caption\":\"CAMPINGS.COM\"},\"image\":{\"@id\":\"https:\/\/www.campings.com\/fr\/content\/#\/schema\/logo\/image\/\"}}]}<\/script>\n<!-- \/ Yoast SEO plugin. -->","yoast_head_json":{"title":"Les meilleurs campings situ\u00e9s dans le Nord de la France -","robots":{"index":"index","follow":"follow","max-snippet":"max-snippet:-1","max-image-preview":"max-image-preview:large","max-video-preview":"max-video-preview:-1"},"canonical":"https:\/\/www.campings.com\/fr\/content\/guide-vacances-france\/campings-nord-de-la-france\/","og_locale":"fr_FR","og_type":"article","og_title":"Les meilleurs campings situ\u00e9s dans le Nord de la France -","og_description":"&nbsp; Le nord de la France est un territoire authentique, m\u00ealant nature et patrimoine. Avec ses paysages pr\u00e9serv\u00e9s, ses habitants chaleureux et son ambiance d\u00e9contract\u00e9e, le Nord r\u00e9unit tous les atouts pour des vacances agr\u00e9ables. Nous avons s\u00e9lectionn\u00e9 des locations de campings pour tous les go\u00fbts et tous les budgets. Et si vous posiez vos [&hellip;]","og_url":"https:\/\/www.campings.com\/fr\/content\/guide-vacances-france\/campings-nord-de-la-france\/","article_modified_time":"2022-08-11T07:57:57+00:00","twitter_card":"summary_large_image","twitter_misc":{"Dur\u00e9e de lecture estim\u00e9e":"7 minutes"},"schema":{"@context":"https:\/\/schema.org","@graph":[{"@type":"WebPage","@id":"https:\/\/www.campings.com\/fr\/content\/guide-vacances-france\/campings-nord-de-la-france\/","url":"https:\/\/www.campings.com\/fr\/content\/guide-vacances-france\/campings-nord-de-la-france\/","name":"Les meilleurs campings situ\u00e9s dans le Nord de la France -","isPartOf":{"@id":"https:\/\/www.campings.com\/fr\/content\/#website"},"datePublished":"2022-02-11T14:32:32+00:00","dateModified":"2022-08-11T07:57:57+00:00","breadcrumb":{"@id":"https:\/\/www.campings.com\/fr\/content\/guide-vacances-france\/campings-nord-de-la-france\/#breadcrumb"},"inLanguage":"fr-FR","potentialAction":[{"@type":"ReadAction","target":["https:\/\/www.campings.com\/fr\/content\/guide-vacances-france\/campings-nord-de-la-france\/"]}]},{"@type":"BreadcrumbList","@id":"https:\/\/www.campings.com\/fr\/content\/guide-vacances-france\/campings-nord-de-la-france\/#breadcrumb","itemListElement":[{"@type":"ListItem","position":1,"name":"Home","item":"https:\/\/www.campings.com\/fr\/content\/"},{"@type":"ListItem","position":2,"name":"Le guide de vos vacances en France","item":"https:\/\/www.campings.com\/fr\/content\/guide-vacances-france\/"},{"@type":"ListItem","position":3,"name":"Les meilleurs campings situ\u00e9s dans le Nord de la France"}]},{"@type":"WebSite","@id":"https:\/\/www.campings.com\/fr\/content\/#website","url":"https:\/\/www.campings.com\/fr\/content\/","name":"","description":"","publisher":{"@id":"https:\/\/www.campings.com\/fr\/content\/#organization"},"potentialAction":[{"@type":"SearchAction","target":{"@type":"EntryPoint","urlTemplate":"https:\/\/www.campings.com\/fr\/content\/?s={search_term_string}"},"query-input":{"@type":"PropertyValueSpecification","valueRequired":true,"valueName":"search_term_string"}}],"inLanguage":"fr-FR"},{"@type":"Organization","@id":"https:\/\/www.campings.com\/fr\/content\/#organization","name":"CAMPINGS.COM","url":"https:\/\/www.campings.com\/fr\/content\/","logo":{"@type":"ImageObject","inLanguage":"fr-FR","@id":"https:\/\/www.campings.com\/fr\/content\/#\/schema\/logo\/image\/","url":"https:\/\/www.campings.com\/fr\/content\/wp-content\/uploads\/2019\/01\/cropped-logo-1.png","contentUrl":"https:\/\/www.campings.com\/fr\/content\/wp-content\/uploads\/2019\/01\/cropped-logo-1.png","width":174,"height":42,"caption":"CAMPINGS.COM"},"image":{"@id":"https:\/\/www.campings.com\/fr\/content\/#\/schema\/logo\/image\/"}}]}},"_links":{"self":[{"href":"https:\/\/www.campings.com\/fr\/content\/wp-json\/wp\/v2\/pages\/3387","targetHints":{"allow":["GET"]}}],"collection":[{"href":"https:\/\/www.campings.com\/fr\/content\/wp-json\/wp\/v2\/pages"}],"about":[{"href":"https:\/\/www.campings.com\/fr\/content\/wp-json\/wp\/v2\/types\/page"}],"author":[{"embeddable":true,"href":"https:\/\/www.campings.com\/fr\/content\/wp-json\/wp\/v2\/users\/18"}],"replies":[{"embeddable":true,"href":"https:\/\/www.campings.com\/fr\/content\/wp-json\/wp\/v2\/comments?post=3387"}],"version-history":[{"count":5,"href":"https:\/\/www.campings.com\/fr\/content\/wp-json\/wp\/v2\/pages\/3387\/revisions"}],"predecessor-version":[{"id":3903,"href":"https:\/\/www.campings.com\/fr\/content\/wp-json\/wp\/v2\/pages\/3387\/revisions\/3903"}],"up":[{"embeddable":true,"href":"https:\/\/www.campings.com\/fr\/content\/wp-json\/wp\/v2\/pages\/3360"}],"wp:attachment":[{"href":"https:\/\/www.campings.com\/fr\/content\/wp-json\/wp\/v2\/media?parent=3387"}],"curies":[{"name":"wp","href":"https:\/\/api.w.org\/{rel}","templated":true}]}}