{"id":3383,"date":"2022-02-11T14:22:19","date_gmt":"2022-02-11T14:22:19","guid":{"rendered":"https:\/\/www.campings.com\/fr\/content\/?page_id=3383"},"modified":"2022-03-25T10:39:17","modified_gmt":"2022-03-25T10:39:17","slug":"campings-grand-est","status":"publish","type":"page","link":"https:\/\/www.campings.com\/fr\/content\/guide-vacances-france\/campings-grand-est\/","title":{"rendered":"Les meilleurs campings dans le Grand Est"},"content":{"rendered":"<p>Envie de partir \u00e0 la d\u00e9couverte du Grand-Est pendant vos prochaines vacances ? Avec ses nombreux espaces naturels pr\u00e9serv\u00e9s, la r\u00e9gion est parfaite pour pratiquer le tourisme vert ! Si vous voyagez en famille, privil\u00e9giez le camping comme solution d\u2019h\u00e9bergement. Voici notre s\u00e9lection des meilleurs \u00e9tablissements dans cette r\u00e9gion de la <a href=\"https:\/\/www.campings.com\/fr\/content\/guide-vacances-france\/\"><strong>France<\/strong><\/a>.<\/p>\n<p>Vous ne savez pas o\u00f9 aller pour vos prochaines vacances ? Et si vous mettiez le cap sur le Grand Est en\u00a0<a href=\"https:\/\/www.campings.com\/fr\/france?type=country\">France<\/a> ? La r\u00e9gion abrite de magnifiques endroits \u00e0 visiter avec des paysages \u00e9poustouflants. Vous pourrez pratiquer un grand choix d\u2019activit\u00e9s : randonn\u00e9e en montagne ou en for\u00eat, baignades\u2026 La r\u00e9gion est sous la double influence de l\u2019oc\u00e9an Atlantique et du climat continental. Zoom sur les meilleurs campings o\u00f9 loger pendant votre s\u00e9jour.<\/p>\n<h2><strong>Les campings avec parc aquatique\u00a0<\/strong><\/h2>\n<h3><strong>Le Camping de Matour<\/strong><\/h3>\n<p>Situ\u00e9 en Sa\u00f4ne-et-Loire, cet \u00e9tablissement offre \u00e0 ses r\u00e9sidents un grand choix d\u2019\u00e9quipements :<\/p>\n<ul>\n<li>Un terrain de tennis ;<\/li>\n<li>Un terrain de p\u00e9tanque ;<\/li>\n<li>Une aire de jeux pour enfants ;<\/li>\n<li>Une salle de jeux ;<\/li>\n<li>Une grande piscine ext\u00e9rieure chauff\u00e9e ;<\/li>\n<li>Un grand toboggan aquatique.<\/li>\n<\/ul>\n<p><a href=\"https:\/\/www.campings.com\/fr\/camping\/camping-de-matour-83276\"><strong>Plus d\u2019infos sur le Camping de Matour<\/strong><\/a>.<\/p>\n<h3><strong>Le Camping Du Bois De Reveuge<\/strong><\/h3>\n<p>\u00c0 Huanne-Montmartin, ce magnifique complexe met \u00e0 votre disposition un espace aquatique avec toboggan et une piscine couverte et chauff\u00e9e. En plus des activit\u00e9s nautiques, ce camping offre de nombreux services pour le confort des r\u00e9sidents : Wifi, laverie, \u00e9picerie\u2026<\/p>\n<p><img loading=\"lazy\" decoding=\"async\" class=\"alignnone size-full wp-image-3384\" src=\"https:\/\/www.campings.com\/fr\/content\/wp-content\/uploads\/2022\/02\/Camping-grand-est-bois-de-reveuge-min.png\" alt=\"\" width=\"1000\" height=\"665\" srcset=\"https:\/\/www.campings.com\/fr\/content\/wp-content\/uploads\/2022\/02\/Camping-grand-est-bois-de-reveuge-min.png 1000w, https:\/\/www.campings.com\/fr\/content\/wp-content\/uploads\/2022\/02\/Camping-grand-est-bois-de-reveuge-min-300x200.png 300w, https:\/\/www.campings.com\/fr\/content\/wp-content\/uploads\/2022\/02\/Camping-grand-est-bois-de-reveuge-min-768x511.png 768w, https:\/\/www.campings.com\/fr\/content\/wp-content\/uploads\/2022\/02\/Camping-grand-est-bois-de-reveuge-min-450x299.png 450w, https:\/\/www.campings.com\/fr\/content\/wp-content\/uploads\/2022\/02\/Camping-grand-est-bois-de-reveuge-min-430x286.png 430w\" sizes=\"auto, (max-width: 1000px) 100vw, 1000px\" \/><\/p>\n<p><a href=\"https:\/\/www.campings.com\/fr\/camping\/camping-du-bois-de-reveuge-77375\"><strong>Plus d\u2019infos sur le<\/strong>\u00a0<strong>Camping Du Bois De Reveuge<\/strong><\/a>.<\/p>\n<h3><strong>Le Camping Le Ried<\/strong><\/h3>\n<p>Si vous \u00eates de passage dans le Grand-Est, le Bas-Rhin est une destination \u00e0 ne pas manquer ! N\u2019h\u00e9sitez pas \u00e0 poser vos valises dans le Camping Le Ried. L\u2019\u00e9tablissement dispose d\u2019une grande piscine ext\u00e9rieure et d\u2019une piscine couverte chauff\u00e9es pour profiter des joies de la baignade.<\/p>\n<p><a href=\"https:\/\/www.campings.com\/fr\/camping\/camping-le-ried-76938\"><strong>Plus d\u2019infos sur<\/strong>\u00a0<strong>le Camping Le Ried<\/strong><\/a>.<\/p>\n<h3><strong>Le Camping le Moulin<\/strong><\/h3>\n<p>Ce camping est l\u2019un des meilleurs \u00e9tablissements du Jura. Son principal atout ? Sa proximit\u00e9 avec le lac de Vouglans. Tout au long de votre s\u00e9jour, vous aurez libre acc\u00e8s \u00e0 la piscine, \u00e0 la pataugeoire, au toboggan aquatique\u2026<\/p>\n<p><a href=\"https:\/\/www.campings.com\/fr\/camping\/camping-le-moulin-78002\"><strong>Plus d\u2019infos sur le Camping le Moulin<\/strong><\/a>.<\/p>\n<h2><strong>Les meilleurs campings en Alsace-Moselle<\/strong><\/h2>\n<p>Si vous \u00eates en qu\u00eate de d\u00e9paysement, l\u2019Alsace-Moselle et ses paysages luxuriants est une destination incontournable. Voici le top des campings r\u00e9pertori\u00e9s dans cette r\u00e9gion de\u00a0<a href=\"https:\/\/www.campings.com\/fr\/content\/guide-vacances-france\/\">France<\/a>.<\/p>\n<h3><strong>Camping les Lupins<\/strong><\/h3>\n<p>Situ\u00e9 \u00e0 Seppois Le Bas, cet \u00e9tablissement offre \u00e0 ses r\u00e9sidents un espace aquatique, un terrain de volley-ball, une table de ping-pong\u2026 Vous aurez acc\u00e8s \u00e0 un bar, un restaurant et \u00e0 un service de location de v\u00e9lo. Les nombreux services propos\u00e9s vous garantissent un s\u00e9jour parfait.<\/p>\n<p><a href=\"https:\/\/www.campings.com\/fr\/camping\/camping-les-lupins-84242\"><strong>Plus d\u2019infos sur le Camping les Lupins<\/strong><\/a>.<\/p>\n<h3><strong>Le Camping Au Clos de la Chaume\u00a0<\/strong><\/h3>\n<p>\u00c0 Corcieux, ce camping 3 \u00e9toiles est parfait pour des vacances sous le signe de la d\u00e9tente. Il dispose de plusieurs mobil-homes confortables et tr\u00e8s spacieux. L\u2019\u00e9tablissement est situ\u00e9 dans un cadre verdoyant et bucolique, propice \u00e0 la d\u00e9connexion. De nombreuses activit\u00e9s pour tous les \u00e2ges vous attendent sur place.<\/p>\n<p><a href=\"https:\/\/www.campings.com\/fr\/camping\/camping-au-clos-de-la-chaume-camping-sites-et-paysages-79126\"><strong>Plus d\u2019infos sur le Camping Au Clos de la Chaume &#8211; Camping Sites et Paysages<\/strong><\/a>.<\/p>\n<h3><strong>Le Camping du Lac de la Moselotte<\/strong><\/h3>\n<p>Dans les Vosges, ce camping propose de nombreuses activit\u00e9s pour tous les \u00e2ges : aire de jeux, club enfant, ping-pong\u2026 Un restaurant est \u00e9galement \u00e0 votre disposition pour d\u00e9guster les bons plats alsaciens.<\/p>\n<p><a href=\"https:\/\/www.campings.com\/fr\/camping\/camping-du-lac-de-moselotte-78507\"><strong>Plus d\u2019infos sur le<\/strong>\u00a0<strong>Camping du Lac de Moselotte<\/strong><\/a>.<\/p>\n<h2><strong>Les campings pas chers dans l\u2019Est de la France<\/strong><\/h2>\n<h3><strong>Le Camping le Moulin<\/strong><\/h3>\n<p>A Clairvaux-les-Lacs, en Franche-Comt\u00e9, ce camping propose des tarifs tr\u00e8s attractifs pour les familles. Vous y trouverez des mobil-homes adapt\u00e9s \u00e0 vos besoins pour passer un s\u00e9jour inoubliable.<\/p>\n<p><a href=\"https:\/\/www.campings.com\/fr\/camping\/camping-le-moulin-78002\"><strong>Plus d\u2019infos sur le Camping le Moulin<\/strong><\/a>.<\/p>\n<h3><strong>Le Camping Sous Doriat<\/strong><\/h3>\n<p>\u00c0 Monnet La Ville, cet \u00e9tablissement met \u00e0 votre disposition de nombreux \u00e9quipements pour passer des vacances agr\u00e9ables. Des aires de jeux pour les enfants sont accessibles pendant toute la saison estivale.<\/p>\n<p><img loading=\"lazy\" decoding=\"async\" class=\"alignnone size-full wp-image-3385\" src=\"https:\/\/www.campings.com\/fr\/content\/wp-content\/uploads\/2022\/02\/Camping-grand-est-sous-doriat-min.png\" alt=\"\" width=\"1000\" height=\"665\" srcset=\"https:\/\/www.campings.com\/fr\/content\/wp-content\/uploads\/2022\/02\/Camping-grand-est-sous-doriat-min.png 1000w, https:\/\/www.campings.com\/fr\/content\/wp-content\/uploads\/2022\/02\/Camping-grand-est-sous-doriat-min-300x200.png 300w, https:\/\/www.campings.com\/fr\/content\/wp-content\/uploads\/2022\/02\/Camping-grand-est-sous-doriat-min-768x511.png 768w, https:\/\/www.campings.com\/fr\/content\/wp-content\/uploads\/2022\/02\/Camping-grand-est-sous-doriat-min-450x299.png 450w, https:\/\/www.campings.com\/fr\/content\/wp-content\/uploads\/2022\/02\/Camping-grand-est-sous-doriat-min-430x286.png 430w\" sizes=\"auto, (max-width: 1000px) 100vw, 1000px\" \/><\/p>\n<p><a href=\"https:\/\/www.campings.com\/fr\/camping\/camping-sous-doriat-77760\"><strong>Plus d\u2019infos sur le Camping Sous Doriat<\/strong><\/a>.<\/p>\n<h3><strong>Le Camping Du Pasquier, un camping avec piscine dans le Grand Est<\/strong><\/h3>\n<p>\u00c0 Dole, ce camping propose un grand choix d\u2019activit\u00e9s : ping-pong, piscine, aire de jeux\u2026 Les r\u00e9sidents ont \u00e9galement acc\u00e8s \u00e0 une laverie, un d\u00e9p\u00f4t de pain et au Wifi.<\/p>\n<p><a href=\"https:\/\/www.campings.com\/fr\/camping\/camping-du-pasquier-77184\"><strong>Plus d\u2019infos sur le Camping Du Pasquier<\/strong><\/a>.<\/p>\n<h3><strong>Camping du Pont De Maxonchamp<\/strong><\/h3>\n<p>Pour des vacances pas cher dans les Vosges, n\u2019h\u00e9sitez pas \u00e0 loger dans ce camping. Sa proximit\u00e9 avec la nature permet de profiter des nombreuses activit\u00e9s de plein air comme la randonn\u00e9e, le kayak, la p\u00eache\u2026<\/p>\n<p><a href=\"https:\/\/www.campings.com\/fr\/camping\/camping-le-pont-de-maxonchamp-84627\"><strong>Plus d\u2019infos sur le<\/strong>\u00a0<strong>Camping Le Pont De Maxonchamp<\/strong><\/a>.<\/p>\n<h2><strong>Les campings pr\u00e8s des lacs dans la r\u00e9gion du Grand-Est<\/strong><\/h2>\n<p>Envie de d\u00e9couvrir les plus beaux lacs de\u00a0<a href=\"https:\/\/www.campings.com\/fr\/content\/guide-vacances-france\/\">France<\/a> ? Le Grand-Est abrite les plus beaux sites du pays. Voici les meilleurs campings situ\u00e9s \u00e0 proximit\u00e9 des lacs de la r\u00e9gion.<\/p>\n<h3><strong>Le Flower Camping du Lac de la Seigneurie, un camping avec club enfants <\/strong><\/h3>\n<p>Ce camping \u00e0 l\u2019ambiance conviviale est parfait pour les familles. Vous pourrez faire des pique-niques au bord du lac et pratiquer un \u00e9ventail d\u2019activit\u00e9s de plein air. Sur place, vous aurez acc\u00e8s \u00e0 une grande piscine chauff\u00e9e et \u00e0 une aire de jeux pour enfants.<\/p>\n<p><a href=\"https:\/\/www.campings.com\/fr\/camping\/flower-camping-du-lac-de-la-seigneurie-77599\"><strong>Plus d\u2019infos sur le<\/strong>\u00a0<strong>Flower Camping du Lac de la Seigneurie<\/strong><\/a>.<\/p>\n<h3><strong>Le Camping l&rsquo;Etang des Forges<\/strong><\/h3>\n<p>Cet \u00e9tablissement, situ\u00e9 \u00e0 Belfort vous promet un s\u00e9jour inoubliable en famille. Un programme riche en divertissements vous attend : v\u00e9lo, visites culturelles, activit\u00e9s \u00ab Bien-\u00eatre \u00bb, etc.<\/p>\n<p><a href=\"https:\/\/www.campings.com\/fr\/camping\/camping-letang-des-forges-76861\"><strong>Plus d\u2019infos sur le<\/strong>\u00a0<strong>Camping l&rsquo;Etang des Forges<\/strong><\/a>.<\/p>\n","protected":false},"excerpt":{"rendered":"<p>Envie de partir \u00e0 la d\u00e9couverte du Grand-Est pendant vos prochaines vacances ? Avec ses nombreux espaces naturels pr\u00e9serv\u00e9s, la r\u00e9gion est parfaite pour pratiquer le tourisme vert ! Si vous voyagez en famille, privil\u00e9giez le camping comme solution d\u2019h\u00e9bergement. Voici notre s\u00e9lection des meilleurs \u00e9tablissements dans cette r\u00e9gion de la France. Vous ne savez [&hellip;]<\/p>\n","protected":false},"author":18,"featured_media":0,"parent":3360,"menu_order":0,"comment_status":"closed","ping_status":"closed","template":"template-twocolumns.php","meta":{"_acf_changed":false,"footnotes":""},"class_list":["post-3383","page","type-page","status-publish","hentry"],"acf":[],"yoast_head":"<!-- This site is optimized with the Yoast SEO plugin v27.1.1 - https:\/\/yoast.com\/product\/yoast-seo-wordpress\/ -->\n<title>Les meilleurs campings dans le Grand Est -<\/title>\n<meta name=\"robots\" content=\"index, follow, max-snippet:-1, max-image-preview:large, max-video-preview:-1\" \/>\n<link rel=\"canonical\" href=\"https:\/\/www.campings.com\/fr\/content\/guide-vacances-france\/campings-grand-est\/\" \/>\n<meta property=\"og:locale\" content=\"fr_FR\" \/>\n<meta property=\"og:type\" content=\"article\" \/>\n<meta property=\"og:title\" content=\"Les meilleurs campings dans le Grand Est -\" \/>\n<meta property=\"og:description\" content=\"Envie de partir \u00e0 la d\u00e9couverte du Grand-Est pendant vos prochaines vacances ? Avec ses nombreux espaces naturels pr\u00e9serv\u00e9s, la r\u00e9gion est parfaite pour pratiquer le tourisme vert ! Si vous voyagez en famille, privil\u00e9giez le camping comme solution d\u2019h\u00e9bergement. Voici notre s\u00e9lection des meilleurs \u00e9tablissements dans cette r\u00e9gion de la France. Vous ne savez [&hellip;]\" \/>\n<meta property=\"og:url\" content=\"https:\/\/www.campings.com\/fr\/content\/guide-vacances-france\/campings-grand-est\/\" \/>\n<meta property=\"article:modified_time\" content=\"2022-03-25T10:39:17+00:00\" \/>\n<meta property=\"og:image\" content=\"https:\/\/www.campings.com\/fr\/content\/wp-content\/uploads\/2022\/02\/Camping-grand-est-bois-de-reveuge-min.png\" \/>\n\t<meta property=\"og:image:width\" content=\"1000\" \/>\n\t<meta property=\"og:image:height\" content=\"665\" \/>\n\t<meta property=\"og:image:type\" content=\"image\/png\" \/>\n<meta name=\"twitter:card\" content=\"summary_large_image\" \/>\n<meta name=\"twitter:label1\" content=\"Dur\u00e9e de lecture estim\u00e9e\" \/>\n\t<meta name=\"twitter:data1\" content=\"5 minutes\" \/>\n<script type=\"application\/ld+json\" class=\"yoast-schema-graph\">{\"@context\":\"https:\/\/schema.org\",\"@graph\":[{\"@type\":\"WebPage\",\"@id\":\"https:\/\/www.campings.com\/fr\/content\/guide-vacances-france\/campings-grand-est\/\",\"url\":\"https:\/\/www.campings.com\/fr\/content\/guide-vacances-france\/campings-grand-est\/\",\"name\":\"Les meilleurs campings dans le Grand Est -\",\"isPartOf\":{\"@id\":\"https:\/\/www.campings.com\/fr\/content\/#website\"},\"primaryImageOfPage\":{\"@id\":\"https:\/\/www.campings.com\/fr\/content\/guide-vacances-france\/campings-grand-est\/#primaryimage\"},\"image\":{\"@id\":\"https:\/\/www.campings.com\/fr\/content\/guide-vacances-france\/campings-grand-est\/#primaryimage\"},\"thumbnailUrl\":\"https:\/\/www.campings.com\/fr\/content\/wp-content\/uploads\/2022\/02\/Camping-grand-est-bois-de-reveuge-min.png\",\"datePublished\":\"2022-02-11T14:22:19+00:00\",\"dateModified\":\"2022-03-25T10:39:17+00:00\",\"breadcrumb\":{\"@id\":\"https:\/\/www.campings.com\/fr\/content\/guide-vacances-france\/campings-grand-est\/#breadcrumb\"},\"inLanguage\":\"fr-FR\",\"potentialAction\":[{\"@type\":\"ReadAction\",\"target\":[\"https:\/\/www.campings.com\/fr\/content\/guide-vacances-france\/campings-grand-est\/\"]}]},{\"@type\":\"ImageObject\",\"inLanguage\":\"fr-FR\",\"@id\":\"https:\/\/www.campings.com\/fr\/content\/guide-vacances-france\/campings-grand-est\/#primaryimage\",\"url\":\"https:\/\/www.campings.com\/fr\/content\/wp-content\/uploads\/2022\/02\/Camping-grand-est-bois-de-reveuge-min.png\",\"contentUrl\":\"https:\/\/www.campings.com\/fr\/content\/wp-content\/uploads\/2022\/02\/Camping-grand-est-bois-de-reveuge-min.png\",\"width\":1000,\"height\":665},{\"@type\":\"BreadcrumbList\",\"@id\":\"https:\/\/www.campings.com\/fr\/content\/guide-vacances-france\/campings-grand-est\/#breadcrumb\",\"itemListElement\":[{\"@type\":\"ListItem\",\"position\":1,\"name\":\"Home\",\"item\":\"https:\/\/www.campings.com\/fr\/content\/\"},{\"@type\":\"ListItem\",\"position\":2,\"name\":\"Le guide de vos vacances en France\",\"item\":\"https:\/\/www.campings.com\/fr\/content\/guide-vacances-france\/\"},{\"@type\":\"ListItem\",\"position\":3,\"name\":\"Les meilleurs campings dans le Grand Est\"}]},{\"@type\":\"WebSite\",\"@id\":\"https:\/\/www.campings.com\/fr\/content\/#website\",\"url\":\"https:\/\/www.campings.com\/fr\/content\/\",\"name\":\"\",\"description\":\"\",\"publisher\":{\"@id\":\"https:\/\/www.campings.com\/fr\/content\/#organization\"},\"potentialAction\":[{\"@type\":\"SearchAction\",\"target\":{\"@type\":\"EntryPoint\",\"urlTemplate\":\"https:\/\/www.campings.com\/fr\/content\/?s={search_term_string}\"},\"query-input\":{\"@type\":\"PropertyValueSpecification\",\"valueRequired\":true,\"valueName\":\"search_term_string\"}}],\"inLanguage\":\"fr-FR\"},{\"@type\":\"Organization\",\"@id\":\"https:\/\/www.campings.com\/fr\/content\/#organization\",\"name\":\"CAMPINGS.COM\",\"url\":\"https:\/\/www.campings.com\/fr\/content\/\",\"logo\":{\"@type\":\"ImageObject\",\"inLanguage\":\"fr-FR\",\"@id\":\"https:\/\/www.campings.com\/fr\/content\/#\/schema\/logo\/image\/\",\"url\":\"https:\/\/www.campings.com\/fr\/content\/wp-content\/uploads\/2019\/01\/cropped-logo-1.png\",\"contentUrl\":\"https:\/\/www.campings.com\/fr\/content\/wp-content\/uploads\/2019\/01\/cropped-logo-1.png\",\"width\":174,\"height\":42,\"caption\":\"CAMPINGS.COM\"},\"image\":{\"@id\":\"https:\/\/www.campings.com\/fr\/content\/#\/schema\/logo\/image\/\"}}]}<\/script>\n<!-- \/ Yoast SEO plugin. -->","yoast_head_json":{"title":"Les meilleurs campings dans le Grand Est -","robots":{"index":"index","follow":"follow","max-snippet":"max-snippet:-1","max-image-preview":"max-image-preview:large","max-video-preview":"max-video-preview:-1"},"canonical":"https:\/\/www.campings.com\/fr\/content\/guide-vacances-france\/campings-grand-est\/","og_locale":"fr_FR","og_type":"article","og_title":"Les meilleurs campings dans le Grand Est -","og_description":"Envie de partir \u00e0 la d\u00e9couverte du Grand-Est pendant vos prochaines vacances ? Avec ses nombreux espaces naturels pr\u00e9serv\u00e9s, la r\u00e9gion est parfaite pour pratiquer le tourisme vert ! Si vous voyagez en famille, privil\u00e9giez le camping comme solution d\u2019h\u00e9bergement. Voici notre s\u00e9lection des meilleurs \u00e9tablissements dans cette r\u00e9gion de la France. Vous ne savez [&hellip;]","og_url":"https:\/\/www.campings.com\/fr\/content\/guide-vacances-france\/campings-grand-est\/","article_modified_time":"2022-03-25T10:39:17+00:00","og_image":[{"width":1000,"height":665,"url":"https:\/\/www.campings.com\/fr\/content\/wp-content\/uploads\/2022\/02\/Camping-grand-est-bois-de-reveuge-min.png","type":"image\/png"}],"twitter_card":"summary_large_image","twitter_misc":{"Dur\u00e9e de lecture estim\u00e9e":"5 minutes"},"schema":{"@context":"https:\/\/schema.org","@graph":[{"@type":"WebPage","@id":"https:\/\/www.campings.com\/fr\/content\/guide-vacances-france\/campings-grand-est\/","url":"https:\/\/www.campings.com\/fr\/content\/guide-vacances-france\/campings-grand-est\/","name":"Les meilleurs campings dans le Grand Est -","isPartOf":{"@id":"https:\/\/www.campings.com\/fr\/content\/#website"},"primaryImageOfPage":{"@id":"https:\/\/www.campings.com\/fr\/content\/guide-vacances-france\/campings-grand-est\/#primaryimage"},"image":{"@id":"https:\/\/www.campings.com\/fr\/content\/guide-vacances-france\/campings-grand-est\/#primaryimage"},"thumbnailUrl":"https:\/\/www.campings.com\/fr\/content\/wp-content\/uploads\/2022\/02\/Camping-grand-est-bois-de-reveuge-min.png","datePublished":"2022-02-11T14:22:19+00:00","dateModified":"2022-03-25T10:39:17+00:00","breadcrumb":{"@id":"https:\/\/www.campings.com\/fr\/content\/guide-vacances-france\/campings-grand-est\/#breadcrumb"},"inLanguage":"fr-FR","potentialAction":[{"@type":"ReadAction","target":["https:\/\/www.campings.com\/fr\/content\/guide-vacances-france\/campings-grand-est\/"]}]},{"@type":"ImageObject","inLanguage":"fr-FR","@id":"https:\/\/www.campings.com\/fr\/content\/guide-vacances-france\/campings-grand-est\/#primaryimage","url":"https:\/\/www.campings.com\/fr\/content\/wp-content\/uploads\/2022\/02\/Camping-grand-est-bois-de-reveuge-min.png","contentUrl":"https:\/\/www.campings.com\/fr\/content\/wp-content\/uploads\/2022\/02\/Camping-grand-est-bois-de-reveuge-min.png","width":1000,"height":665},{"@type":"BreadcrumbList","@id":"https:\/\/www.campings.com\/fr\/content\/guide-vacances-france\/campings-grand-est\/#breadcrumb","itemListElement":[{"@type":"ListItem","position":1,"name":"Home","item":"https:\/\/www.campings.com\/fr\/content\/"},{"@type":"ListItem","position":2,"name":"Le guide de vos vacances en France","item":"https:\/\/www.campings.com\/fr\/content\/guide-vacances-france\/"},{"@type":"ListItem","position":3,"name":"Les meilleurs campings dans le Grand Est"}]},{"@type":"WebSite","@id":"https:\/\/www.campings.com\/fr\/content\/#website","url":"https:\/\/www.campings.com\/fr\/content\/","name":"","description":"","publisher":{"@id":"https:\/\/www.campings.com\/fr\/content\/#organization"},"potentialAction":[{"@type":"SearchAction","target":{"@type":"EntryPoint","urlTemplate":"https:\/\/www.campings.com\/fr\/content\/?s={search_term_string}"},"query-input":{"@type":"PropertyValueSpecification","valueRequired":true,"valueName":"search_term_string"}}],"inLanguage":"fr-FR"},{"@type":"Organization","@id":"https:\/\/www.campings.com\/fr\/content\/#organization","name":"CAMPINGS.COM","url":"https:\/\/www.campings.com\/fr\/content\/","logo":{"@type":"ImageObject","inLanguage":"fr-FR","@id":"https:\/\/www.campings.com\/fr\/content\/#\/schema\/logo\/image\/","url":"https:\/\/www.campings.com\/fr\/content\/wp-content\/uploads\/2019\/01\/cropped-logo-1.png","contentUrl":"https:\/\/www.campings.com\/fr\/content\/wp-content\/uploads\/2019\/01\/cropped-logo-1.png","width":174,"height":42,"caption":"CAMPINGS.COM"},"image":{"@id":"https:\/\/www.campings.com\/fr\/content\/#\/schema\/logo\/image\/"}}]}},"_links":{"self":[{"href":"https:\/\/www.campings.com\/fr\/content\/wp-json\/wp\/v2\/pages\/3383","targetHints":{"allow":["GET"]}}],"collection":[{"href":"https:\/\/www.campings.com\/fr\/content\/wp-json\/wp\/v2\/pages"}],"about":[{"href":"https:\/\/www.campings.com\/fr\/content\/wp-json\/wp\/v2\/types\/page"}],"author":[{"embeddable":true,"href":"https:\/\/www.campings.com\/fr\/content\/wp-json\/wp\/v2\/users\/18"}],"replies":[{"embeddable":true,"href":"https:\/\/www.campings.com\/fr\/content\/wp-json\/wp\/v2\/comments?post=3383"}],"version-history":[{"count":2,"href":"https:\/\/www.campings.com\/fr\/content\/wp-json\/wp\/v2\/pages\/3383\/revisions"}],"predecessor-version":[{"id":3612,"href":"https:\/\/www.campings.com\/fr\/content\/wp-json\/wp\/v2\/pages\/3383\/revisions\/3612"}],"up":[{"embeddable":true,"href":"https:\/\/www.campings.com\/fr\/content\/wp-json\/wp\/v2\/pages\/3360"}],"wp:attachment":[{"href":"https:\/\/www.campings.com\/fr\/content\/wp-json\/wp\/v2\/media?parent=3383"}],"curies":[{"name":"wp","href":"https:\/\/api.w.org\/{rel}","templated":true}]}}