{"id":3375,"date":"2022-02-11T14:07:41","date_gmt":"2022-02-11T14:07:41","guid":{"rendered":"https:\/\/www.campings.com\/fr\/content\/?page_id=3375"},"modified":"2022-03-25T10:41:57","modified_gmt":"2022-03-25T10:41:57","slug":"campings-ile-de-france","status":"publish","type":"page","link":"https:\/\/www.campings.com\/fr\/content\/guide-vacances-france\/campings-ile-de-france\/","title":{"rendered":"Les meilleurs campings en \u00cele-de-France"},"content":{"rendered":"<p>L\u2019\u00cele-de-France est class\u00e9e parmi les meilleures destinations vacances en <a href=\"https:\/\/www.campings.com\/fr\/content\/guide-vacances-france\/\"><strong>France<\/strong><\/a>. La r\u00e9gion recense de nombreux sites touristiques et offre un \u00e9ventail vari\u00e9 d\u2019activit\u00e9s \u00e0 faire avec les enfants. Et pour voyager sans vous ruiner, la r\u00e9gion r\u00e9pertorie des campings pour tous les go\u00fbts et tous les budgets !<\/p>\n<p>Envie de passer des vacances inoubliables en\u00a0<a href=\"https:\/\/www.campings.com\/fr\/france?type=country\">France<\/a> ? Que vous soyez en couple, en famille ou entre amis, Paris est une destination phare ! La capitale et ses d\u00e9partements voisins regorgent de lieux culturels et de sites d\u2019exception \u00e0 d\u00e9couvrir, comme le mus\u00e9e du Louvre, la Tour Eiffel, le ch\u00e2teau de Versailles ou encore la for\u00eat de Fontainebleau. Entre visites de mus\u00e9es, vir\u00e9es shopping et randonn\u00e9e \u00e0 pied ou \u00e0 v\u00e9lo\u2026 Vous n\u2019aurez pas le temps de vous ennuyer ! D\u00e9couvrez notre s\u00e9lection d\u2019\u00e9tablissements o\u00f9 s\u00e9journer autour de la Ville Lumi\u00e8re.<\/p>\n<h2><strong>Les meilleurs campings autour de Paris<\/strong><\/h2>\n<p>Profitez de vos vacances pour d\u00e9couvrir les tr\u00e9sors insoup\u00e7onn\u00e9s situ\u00e9s autour de Paris. Voici notre s\u00e9lection des plus beaux campings o\u00f9 poser vos valises !<\/p>\n<h3><strong>Le Camping Paris Est<\/strong><\/h3>\n<p>\u00c0 Champigny-sur-Marne, dans un cadre verdoyant, l\u2019\u00e9tablissement est travers\u00e9 par une rivi\u00e8re o\u00f9 les r\u00e9sidents peuvent s\u2019adonner \u00e0 la baignade. De nombreux loisirs sont propos\u00e9s pour divertir petits et grands.<\/p>\n<p><a href=\"https:\/\/www.campings.com\/fr\/camping\/camping-paris-est-77077\"><strong>Plus d\u2019infos sur le<\/strong>\u00a0<strong>Camping Paris Est<\/strong><\/a>.<\/p>\n<h3><strong>Le Camping Parc des Roches\u00a0<\/strong><\/h3>\n<p>Situ\u00e9 \u00e0 Saint-Ch\u00e9ron dans l\u2019Essonne, ce camping bord\u00e9 de verdure se d\u00e9marque par son cadre chaleureux et convivial. Il met \u00e0 votre disposition un grand choix de services et d\u2019\u00e9quipements pour un s\u00e9jour tout confort.<\/p>\n<p><img loading=\"lazy\" decoding=\"async\" class=\"alignnone size-full wp-image-3377\" src=\"https:\/\/www.campings.com\/fr\/content\/wp-content\/uploads\/2022\/02\/Camping-ile-de-france-le-parc-des-roches-min.png\" alt=\"\" width=\"1000\" height=\"665\" srcset=\"https:\/\/www.campings.com\/fr\/content\/wp-content\/uploads\/2022\/02\/Camping-ile-de-france-le-parc-des-roches-min.png 1000w, https:\/\/www.campings.com\/fr\/content\/wp-content\/uploads\/2022\/02\/Camping-ile-de-france-le-parc-des-roches-min-300x200.png 300w, https:\/\/www.campings.com\/fr\/content\/wp-content\/uploads\/2022\/02\/Camping-ile-de-france-le-parc-des-roches-min-768x511.png 768w, https:\/\/www.campings.com\/fr\/content\/wp-content\/uploads\/2022\/02\/Camping-ile-de-france-le-parc-des-roches-min-450x299.png 450w, https:\/\/www.campings.com\/fr\/content\/wp-content\/uploads\/2022\/02\/Camping-ile-de-france-le-parc-des-roches-min-430x286.png 430w\" sizes=\"auto, (max-width: 1000px) 100vw, 1000px\" \/><\/p>\n<p><a href=\"https:\/\/www.campings.com\/fr\/camping\/camping-le-parc-des-roches-78213\"><strong>Plus d\u2019infos sur le Camping Le Parc des Roches<\/strong><\/a>.<\/p>\n<h3><strong>Camping Le Ch\u00eane Gris<\/strong><\/h3>\n<p>\u00c0 proximit\u00e9 de Disneyland Paris, ce camping est situ\u00e9 dans un cadre champ\u00eatre, propice au repos. Sur place, des animations pour tous les \u00e2ges sont organis\u00e9es.<\/p>\n<p><a href=\"https:\/\/www.campings.com\/fr\/camping\/camping-le-chene-gris-78076\"><strong>Plus d\u2019infos sur le<\/strong>\u00a0<strong>Camping Le Ch\u00eane Gris<\/strong><\/a>.<\/p>\n<h3><strong>Camping la Belle \u00c9toile, camping le plus proche de Paris\u00a0<\/strong><\/h3>\n<p>\u00c0 30 minutes de Paris, dans un cadre verdoyant, ce camping propose plusieurs types d\u2019h\u00e9bergements : mobil home, chalet, emplacement tente\u2026 Vous pourrez \u00e9galement profiter d\u2019une multitude d\u2019activit\u00e9s &amp; loisirs \u00e0 faire en famille : trampoline, p\u00e9tanque, \u00e9chiquier g\u00e9ant\u2026<\/p>\n<p><a href=\"https:\/\/www.campings.com\/fr\/camping\/camping-la-belle-etoile-77441\"><strong>Plus d\u2019infos sur le Camping La Belle Etoile<\/strong><\/a>.<\/p>\n<h2><strong>Les campings 4 \u00e9toiles\u00a0<\/strong><\/h2>\n<p>Envie de passer des vacances paradisiaques en\u00a0<a href=\"https:\/\/www.campings.com\/fr\/content\/guide-vacances-france\/\">France<\/a> ? Voici quelques campings 4 \u00e9toiles o\u00f9 poser vos valises en \u00cele-de-France.<\/p>\n<h3><strong>Camping Paris Est: des mobil home en Ile de France tout confort\u00a0<\/strong><\/h3>\n<p>Ce camping 4 \u00e9toiles, situ\u00e9 dans le Val-de-Marne, est tr\u00e8s appr\u00e9ci\u00e9 pour son cadre naturel en bordure de rivi\u00e8re\u2026 Il dispose de mobil-homes avec terrasse et salons de jardin. C\u00f4t\u00e9 services, vous aurez acc\u00e8s \u00e0 une laverie, une \u00e9picerie, un restaurant et un bar. Vos journ\u00e9es seront ponctu\u00e9es par de nombreuses activit\u00e9s divertissantes.<\/p>\n<p><a href=\"https:\/\/www.campings.com\/fr\/camping\/camping-paris-est-77077\"><strong>Plus d\u2019infos sur le Camping Paris Est<\/strong><\/a>.<\/p>\n<h3><strong>Camping Le Ch\u00eane Gris: un camping de luxe en Ile de France\u00a0<\/strong><\/h3>\n<p>\u00c0 Pommeuse, ce camping 4 \u00e9toiles propose des h\u00e9bergements tout confort pour un s\u00e9jour de luxe. Les mobil homes sont \u00e9quip\u00e9s d\u2019une literie haut de gamme, d\u2019une terrasse, d\u2019un salon de jardin, d\u2019un lave-vaisselle, d\u2019un four micro-ondes\u2026 Pour vous restaurer, vous aurez acc\u00e8s \u00e0 un snack-bar, une pizzeria et un restaurant. Pendant votre s\u00e9jour, vous n\u2019aurez pas le temps de vous ennuyer. L\u2019\u00e9tablissement organise un choix vari\u00e9 d\u2019activit\u00e9s pour tous les \u00e2ges.<\/p>\n<p><a href=\"https:\/\/www.campings.com\/fr\/camping\/camping-le-chene-gris-78076\"><strong>Plus d\u2019infos sur le Camping Le Ch\u00eane Gris<\/strong><\/a>.<\/p>\n<h2><strong>Les campings avec parc aquatique en r\u00e9gion parisienne<\/strong><\/h2>\n<h3><strong>Les essentiels \u00e0 savoir sur le Camping Le Ch\u00eane Gris<\/strong><\/h3>\n<p>Situ\u00e9 \u00e0 Pommeuse, ce domaine dispose d\u2019une grande piscine couverte chauff\u00e9e, d\u2019une pataugeoire aqualudique et d\u2019un lagon ext\u00e9rieur. Vous pourrez vous pr\u00e9lasser tranquillement au soleil, confortablement lov\u00e9 dans un transat sous un parasol, au bord de la piscine. Vous pourrez vous rafra\u00eechir ou vous restaurer \u00e0 tout moment dans le snack-bar ou dans la pizzeria. Une \u00e9picerie est disponible dans le camping pour faire vos courses.<\/p>\n<p><a href=\"https:\/\/www.campings.com\/fr\/camping\/camping-le-chene-gris-78076\"><strong>Plus d\u2019infos sur le Camping Le Ch\u00eane Gris<\/strong><\/a>.<\/p>\n<h2><strong>Les campings pas cher \u00e0 proximit\u00e9 de Paris\u00a0<\/strong><\/h2>\n<p>Envie de profiter des joies du camping en\u00a0<a href=\"https:\/\/www.campings.com\/fr\/content\/guide-vacances-france\/\">France<\/a> \u00e0 prix r\u00e9duit ? Voici notre s\u00e9lection des campings au meilleur rapport qualit\u00e9-prix situ\u00e9s en \u00cele-de-France, pr\u00e8s de Paris.<\/p>\n<h3><strong>Le Camping le Parc de Paris<\/strong><\/h3>\n<p>Situ\u00e9 \u00e0 Villevaud\u00e9, cet \u00e9tablissement pas cher met \u00e0 votre disposition de nombreux services pour d\u00e9penser le moins possible. Bar, sup\u00e9rette, machine \u00e0 laver, d\u00e9p\u00f4t de pain\u2026 Sur place, vous trouverez tout ce dont vous avez besoin pour passer d\u2019excellentes vacances en famille.<\/p>\n<p><img loading=\"lazy\" decoding=\"async\" class=\"alignnone size-full wp-image-3376\" src=\"https:\/\/www.campings.com\/fr\/content\/wp-content\/uploads\/2022\/02\/Camping-ile-de-france-le-parc-de-paris-min.png\" alt=\"\" width=\"1000\" height=\"665\" srcset=\"https:\/\/www.campings.com\/fr\/content\/wp-content\/uploads\/2022\/02\/Camping-ile-de-france-le-parc-de-paris-min.png 1000w, https:\/\/www.campings.com\/fr\/content\/wp-content\/uploads\/2022\/02\/Camping-ile-de-france-le-parc-de-paris-min-300x200.png 300w, https:\/\/www.campings.com\/fr\/content\/wp-content\/uploads\/2022\/02\/Camping-ile-de-france-le-parc-de-paris-min-768x511.png 768w, https:\/\/www.campings.com\/fr\/content\/wp-content\/uploads\/2022\/02\/Camping-ile-de-france-le-parc-de-paris-min-450x299.png 450w, https:\/\/www.campings.com\/fr\/content\/wp-content\/uploads\/2022\/02\/Camping-ile-de-france-le-parc-de-paris-min-430x286.png 430w\" sizes=\"auto, (max-width: 1000px) 100vw, 1000px\" \/><\/p>\n<p><a href=\"https:\/\/www.campings.com\/fr\/camping\/camping-le-parc-de-paris-78774\"><strong>Plus d\u2019infos sur le Camping le Parc de Paris<\/strong><\/a>.<\/p>\n<h3><strong>Camping La Belle \u00c9toile<\/strong><\/h3>\n<p>Pour des vacances \u00e9conomiques en famille, vous pouvez aussi s\u00e9journer dans ce camping situ\u00e9 \u00e0 La Rochette. Vous aurez acc\u00e8s \u00e0 une piscine couverte, une aire de jeux pour les enfants, un grand terrain de sport\u2026<\/p>\n<p><a href=\"https:\/\/www.campings.com\/fr\/camping\/camping-la-belle-etoile-77441\"><strong>Plus d\u2019infos sur le<\/strong>\u00a0<strong>Camping La Belle Etoile<\/strong><\/a>.<\/p>\n<h3><strong>Camping Parc des Roches<\/strong><\/h3>\n<p>Situ\u00e9 dans l&rsquo;Essonne, en France, ce camping propose des tarifs int\u00e9ressants pour un s\u00e9jour en famille agr\u00e9able sans trop d\u00e9penser. C\u00f4t\u00e9 infrastructures, il dispose d\u2019une piscine, d\u2019une pataugeoire, d\u2019un terrain de tennis et d\u2019un terrain de p\u00e9tanque.<\/p>\n<p><a href=\"https:\/\/www.campings.com\/fr\/camping\/camping-le-parc-des-roches-78213\"><strong>Plus d\u2019infos sur le Camping Le Parc des Roches<\/strong><\/a><\/p>\n","protected":false},"excerpt":{"rendered":"<p>L\u2019\u00cele-de-France est class\u00e9e parmi les meilleures destinations vacances en France. La r\u00e9gion recense de nombreux sites touristiques et offre un \u00e9ventail vari\u00e9 d\u2019activit\u00e9s \u00e0 faire avec les enfants. Et pour voyager sans vous ruiner, la r\u00e9gion r\u00e9pertorie des campings pour tous les go\u00fbts et tous les budgets ! Envie de passer des vacances inoubliables en\u00a0France [&hellip;]<\/p>\n","protected":false},"author":18,"featured_media":0,"parent":3360,"menu_order":0,"comment_status":"closed","ping_status":"closed","template":"template-twocolumns.php","meta":{"_acf_changed":false,"footnotes":""},"class_list":["post-3375","page","type-page","status-publish","hentry"],"acf":[],"yoast_head":"<!-- This site is optimized with the Yoast SEO plugin v27.1.1 - https:\/\/yoast.com\/product\/yoast-seo-wordpress\/ -->\n<title>Les meilleurs campings en \u00cele-de-France -<\/title>\n<meta name=\"robots\" content=\"index, follow, max-snippet:-1, max-image-preview:large, max-video-preview:-1\" \/>\n<link rel=\"canonical\" href=\"https:\/\/www.campings.com\/fr\/content\/guide-vacances-france\/campings-ile-de-france\/\" \/>\n<meta property=\"og:locale\" content=\"fr_FR\" \/>\n<meta property=\"og:type\" content=\"article\" \/>\n<meta property=\"og:title\" content=\"Les meilleurs campings en \u00cele-de-France -\" \/>\n<meta property=\"og:description\" content=\"L\u2019\u00cele-de-France est class\u00e9e parmi les meilleures destinations vacances en France. La r\u00e9gion recense de nombreux sites touristiques et offre un \u00e9ventail vari\u00e9 d\u2019activit\u00e9s \u00e0 faire avec les enfants. Et pour voyager sans vous ruiner, la r\u00e9gion r\u00e9pertorie des campings pour tous les go\u00fbts et tous les budgets ! Envie de passer des vacances inoubliables en\u00a0France [&hellip;]\" \/>\n<meta property=\"og:url\" content=\"https:\/\/www.campings.com\/fr\/content\/guide-vacances-france\/campings-ile-de-france\/\" \/>\n<meta property=\"article:modified_time\" content=\"2022-03-25T10:41:57+00:00\" \/>\n<meta property=\"og:image\" content=\"https:\/\/www.campings.com\/fr\/content\/wp-content\/uploads\/2022\/02\/Camping-ile-de-france-le-parc-des-roches-min.png\" \/>\n\t<meta property=\"og:image:width\" content=\"1000\" \/>\n\t<meta property=\"og:image:height\" content=\"665\" \/>\n\t<meta property=\"og:image:type\" content=\"image\/png\" \/>\n<meta name=\"twitter:card\" content=\"summary_large_image\" \/>\n<meta name=\"twitter:label1\" content=\"Dur\u00e9e de lecture estim\u00e9e\" \/>\n\t<meta name=\"twitter:data1\" content=\"5 minutes\" \/>\n<script type=\"application\/ld+json\" class=\"yoast-schema-graph\">{\"@context\":\"https:\/\/schema.org\",\"@graph\":[{\"@type\":\"WebPage\",\"@id\":\"https:\/\/www.campings.com\/fr\/content\/guide-vacances-france\/campings-ile-de-france\/\",\"url\":\"https:\/\/www.campings.com\/fr\/content\/guide-vacances-france\/campings-ile-de-france\/\",\"name\":\"Les meilleurs campings en \u00cele-de-France -\",\"isPartOf\":{\"@id\":\"https:\/\/www.campings.com\/fr\/content\/#website\"},\"primaryImageOfPage\":{\"@id\":\"https:\/\/www.campings.com\/fr\/content\/guide-vacances-france\/campings-ile-de-france\/#primaryimage\"},\"image\":{\"@id\":\"https:\/\/www.campings.com\/fr\/content\/guide-vacances-france\/campings-ile-de-france\/#primaryimage\"},\"thumbnailUrl\":\"https:\/\/www.campings.com\/fr\/content\/wp-content\/uploads\/2022\/02\/Camping-ile-de-france-le-parc-des-roches-min.png\",\"datePublished\":\"2022-02-11T14:07:41+00:00\",\"dateModified\":\"2022-03-25T10:41:57+00:00\",\"breadcrumb\":{\"@id\":\"https:\/\/www.campings.com\/fr\/content\/guide-vacances-france\/campings-ile-de-france\/#breadcrumb\"},\"inLanguage\":\"fr-FR\",\"potentialAction\":[{\"@type\":\"ReadAction\",\"target\":[\"https:\/\/www.campings.com\/fr\/content\/guide-vacances-france\/campings-ile-de-france\/\"]}]},{\"@type\":\"ImageObject\",\"inLanguage\":\"fr-FR\",\"@id\":\"https:\/\/www.campings.com\/fr\/content\/guide-vacances-france\/campings-ile-de-france\/#primaryimage\",\"url\":\"https:\/\/www.campings.com\/fr\/content\/wp-content\/uploads\/2022\/02\/Camping-ile-de-france-le-parc-des-roches-min.png\",\"contentUrl\":\"https:\/\/www.campings.com\/fr\/content\/wp-content\/uploads\/2022\/02\/Camping-ile-de-france-le-parc-des-roches-min.png\",\"width\":1000,\"height\":665},{\"@type\":\"BreadcrumbList\",\"@id\":\"https:\/\/www.campings.com\/fr\/content\/guide-vacances-france\/campings-ile-de-france\/#breadcrumb\",\"itemListElement\":[{\"@type\":\"ListItem\",\"position\":1,\"name\":\"Home\",\"item\":\"https:\/\/www.campings.com\/fr\/content\/\"},{\"@type\":\"ListItem\",\"position\":2,\"name\":\"Le guide de vos vacances en France\",\"item\":\"https:\/\/www.campings.com\/fr\/content\/guide-vacances-france\/\"},{\"@type\":\"ListItem\",\"position\":3,\"name\":\"Les meilleurs campings en \u00cele-de-France\"}]},{\"@type\":\"WebSite\",\"@id\":\"https:\/\/www.campings.com\/fr\/content\/#website\",\"url\":\"https:\/\/www.campings.com\/fr\/content\/\",\"name\":\"\",\"description\":\"\",\"publisher\":{\"@id\":\"https:\/\/www.campings.com\/fr\/content\/#organization\"},\"potentialAction\":[{\"@type\":\"SearchAction\",\"target\":{\"@type\":\"EntryPoint\",\"urlTemplate\":\"https:\/\/www.campings.com\/fr\/content\/?s={search_term_string}\"},\"query-input\":{\"@type\":\"PropertyValueSpecification\",\"valueRequired\":true,\"valueName\":\"search_term_string\"}}],\"inLanguage\":\"fr-FR\"},{\"@type\":\"Organization\",\"@id\":\"https:\/\/www.campings.com\/fr\/content\/#organization\",\"name\":\"CAMPINGS.COM\",\"url\":\"https:\/\/www.campings.com\/fr\/content\/\",\"logo\":{\"@type\":\"ImageObject\",\"inLanguage\":\"fr-FR\",\"@id\":\"https:\/\/www.campings.com\/fr\/content\/#\/schema\/logo\/image\/\",\"url\":\"https:\/\/www.campings.com\/fr\/content\/wp-content\/uploads\/2019\/01\/cropped-logo-1.png\",\"contentUrl\":\"https:\/\/www.campings.com\/fr\/content\/wp-content\/uploads\/2019\/01\/cropped-logo-1.png\",\"width\":174,\"height\":42,\"caption\":\"CAMPINGS.COM\"},\"image\":{\"@id\":\"https:\/\/www.campings.com\/fr\/content\/#\/schema\/logo\/image\/\"}}]}<\/script>\n<!-- \/ Yoast SEO plugin. -->","yoast_head_json":{"title":"Les meilleurs campings en \u00cele-de-France -","robots":{"index":"index","follow":"follow","max-snippet":"max-snippet:-1","max-image-preview":"max-image-preview:large","max-video-preview":"max-video-preview:-1"},"canonical":"https:\/\/www.campings.com\/fr\/content\/guide-vacances-france\/campings-ile-de-france\/","og_locale":"fr_FR","og_type":"article","og_title":"Les meilleurs campings en \u00cele-de-France -","og_description":"L\u2019\u00cele-de-France est class\u00e9e parmi les meilleures destinations vacances en France. La r\u00e9gion recense de nombreux sites touristiques et offre un \u00e9ventail vari\u00e9 d\u2019activit\u00e9s \u00e0 faire avec les enfants. Et pour voyager sans vous ruiner, la r\u00e9gion r\u00e9pertorie des campings pour tous les go\u00fbts et tous les budgets ! Envie de passer des vacances inoubliables en\u00a0France [&hellip;]","og_url":"https:\/\/www.campings.com\/fr\/content\/guide-vacances-france\/campings-ile-de-france\/","article_modified_time":"2022-03-25T10:41:57+00:00","og_image":[{"width":1000,"height":665,"url":"https:\/\/www.campings.com\/fr\/content\/wp-content\/uploads\/2022\/02\/Camping-ile-de-france-le-parc-des-roches-min.png","type":"image\/png"}],"twitter_card":"summary_large_image","twitter_misc":{"Dur\u00e9e de lecture estim\u00e9e":"5 minutes"},"schema":{"@context":"https:\/\/schema.org","@graph":[{"@type":"WebPage","@id":"https:\/\/www.campings.com\/fr\/content\/guide-vacances-france\/campings-ile-de-france\/","url":"https:\/\/www.campings.com\/fr\/content\/guide-vacances-france\/campings-ile-de-france\/","name":"Les meilleurs campings en \u00cele-de-France -","isPartOf":{"@id":"https:\/\/www.campings.com\/fr\/content\/#website"},"primaryImageOfPage":{"@id":"https:\/\/www.campings.com\/fr\/content\/guide-vacances-france\/campings-ile-de-france\/#primaryimage"},"image":{"@id":"https:\/\/www.campings.com\/fr\/content\/guide-vacances-france\/campings-ile-de-france\/#primaryimage"},"thumbnailUrl":"https:\/\/www.campings.com\/fr\/content\/wp-content\/uploads\/2022\/02\/Camping-ile-de-france-le-parc-des-roches-min.png","datePublished":"2022-02-11T14:07:41+00:00","dateModified":"2022-03-25T10:41:57+00:00","breadcrumb":{"@id":"https:\/\/www.campings.com\/fr\/content\/guide-vacances-france\/campings-ile-de-france\/#breadcrumb"},"inLanguage":"fr-FR","potentialAction":[{"@type":"ReadAction","target":["https:\/\/www.campings.com\/fr\/content\/guide-vacances-france\/campings-ile-de-france\/"]}]},{"@type":"ImageObject","inLanguage":"fr-FR","@id":"https:\/\/www.campings.com\/fr\/content\/guide-vacances-france\/campings-ile-de-france\/#primaryimage","url":"https:\/\/www.campings.com\/fr\/content\/wp-content\/uploads\/2022\/02\/Camping-ile-de-france-le-parc-des-roches-min.png","contentUrl":"https:\/\/www.campings.com\/fr\/content\/wp-content\/uploads\/2022\/02\/Camping-ile-de-france-le-parc-des-roches-min.png","width":1000,"height":665},{"@type":"BreadcrumbList","@id":"https:\/\/www.campings.com\/fr\/content\/guide-vacances-france\/campings-ile-de-france\/#breadcrumb","itemListElement":[{"@type":"ListItem","position":1,"name":"Home","item":"https:\/\/www.campings.com\/fr\/content\/"},{"@type":"ListItem","position":2,"name":"Le guide de vos vacances en France","item":"https:\/\/www.campings.com\/fr\/content\/guide-vacances-france\/"},{"@type":"ListItem","position":3,"name":"Les meilleurs campings en \u00cele-de-France"}]},{"@type":"WebSite","@id":"https:\/\/www.campings.com\/fr\/content\/#website","url":"https:\/\/www.campings.com\/fr\/content\/","name":"","description":"","publisher":{"@id":"https:\/\/www.campings.com\/fr\/content\/#organization"},"potentialAction":[{"@type":"SearchAction","target":{"@type":"EntryPoint","urlTemplate":"https:\/\/www.campings.com\/fr\/content\/?s={search_term_string}"},"query-input":{"@type":"PropertyValueSpecification","valueRequired":true,"valueName":"search_term_string"}}],"inLanguage":"fr-FR"},{"@type":"Organization","@id":"https:\/\/www.campings.com\/fr\/content\/#organization","name":"CAMPINGS.COM","url":"https:\/\/www.campings.com\/fr\/content\/","logo":{"@type":"ImageObject","inLanguage":"fr-FR","@id":"https:\/\/www.campings.com\/fr\/content\/#\/schema\/logo\/image\/","url":"https:\/\/www.campings.com\/fr\/content\/wp-content\/uploads\/2019\/01\/cropped-logo-1.png","contentUrl":"https:\/\/www.campings.com\/fr\/content\/wp-content\/uploads\/2019\/01\/cropped-logo-1.png","width":174,"height":42,"caption":"CAMPINGS.COM"},"image":{"@id":"https:\/\/www.campings.com\/fr\/content\/#\/schema\/logo\/image\/"}}]}},"_links":{"self":[{"href":"https:\/\/www.campings.com\/fr\/content\/wp-json\/wp\/v2\/pages\/3375","targetHints":{"allow":["GET"]}}],"collection":[{"href":"https:\/\/www.campings.com\/fr\/content\/wp-json\/wp\/v2\/pages"}],"about":[{"href":"https:\/\/www.campings.com\/fr\/content\/wp-json\/wp\/v2\/types\/page"}],"author":[{"embeddable":true,"href":"https:\/\/www.campings.com\/fr\/content\/wp-json\/wp\/v2\/users\/18"}],"replies":[{"embeddable":true,"href":"https:\/\/www.campings.com\/fr\/content\/wp-json\/wp\/v2\/comments?post=3375"}],"version-history":[{"count":3,"href":"https:\/\/www.campings.com\/fr\/content\/wp-json\/wp\/v2\/pages\/3375\/revisions"}],"predecessor-version":[{"id":3617,"href":"https:\/\/www.campings.com\/fr\/content\/wp-json\/wp\/v2\/pages\/3375\/revisions\/3617"}],"up":[{"embeddable":true,"href":"https:\/\/www.campings.com\/fr\/content\/wp-json\/wp\/v2\/pages\/3360"}],"wp:attachment":[{"href":"https:\/\/www.campings.com\/fr\/content\/wp-json\/wp\/v2\/media?parent=3375"}],"curies":[{"name":"wp","href":"https:\/\/api.w.org\/{rel}","templated":true}]}}