{"id":3370,"date":"2022-02-11T14:00:33","date_gmt":"2022-02-11T14:00:33","guid":{"rendered":"https:\/\/www.campings.com\/fr\/content\/?page_id=3370"},"modified":"2025-11-06T09:46:36","modified_gmt":"2025-11-06T08:46:36","slug":"campings-montagne","status":"publish","type":"page","link":"https:\/\/www.campings.com\/fr\/content\/guide-vacances-france\/campings-montagne\/","title":{"rendered":"Les meilleurs campings \u00e0 la montagne"},"content":{"rendered":"<p>Envie de recharger vos batteries en profitant de l\u2019air vivifiant de la montagne ? Si vous \u00eates en qu\u00eate d\u2019\u00e9vasion, d\u2019un grand bol d\u2019air frais et d\u2019authenticit\u00e9, la montagne est une destination incontournable ! Voici quelques id\u00e9es de <a href=\"https:\/\/www.campings.com\/fr\/landing\/campings-en-montagne\">campings montagne<\/a> o\u00f9 s\u00e9journer aux pieds des montagnes fran\u00e7aises.<\/p>\n<p>Pour \u00e9vacuer le stress du quotidien, rien de mieux que les bienfaits de la montagne\u2026 La\u00a0<a href=\"https:\/\/www.campings.com\/fr\/content\/guide-vacances-france\/\"><strong><u>France<\/u><\/strong><\/a>\u00a0compte de nombreux massifs montagneux o\u00f9 passer des vacances r\u00e9ussies entre amis ou en famille. Les Vosges, les Alpes ou les Pyr\u00e9n\u00e9es sont des destinations tr\u00e8s pris\u00e9es en hiver comme en \u00e9t\u00e9. Vous pourrez vous adonner \u00e0 un large \u00e9ventail d\u2019activit\u00e9s : randonn\u00e9e, sports d\u2019hiver, escalade, baignade\u2026 D\u00e9couvrez notre s\u00e9lection des meilleurs campings \u00e0 la montagne !<\/p>\n<h2><strong>Les campings proches des Pyr\u00e9n\u00e9es<\/strong><\/h2>\n<p>La chaine de montagnes des Pyr\u00e9n\u00e9es offre un cadre naturel somptueux pour des vacances en <a href=\"https:\/\/www.campings.com\/fr\/france?type=country\">France<\/a>. Voici notre s\u00e9lection des meilleurs campings.<\/p>\n<h3><strong>La For\u00eat &#8211; Camping Sites et Paysages<\/strong><\/h3>\n<p>Envie de d\u00e9couvrir les paysages d\u2019exception des Pyr\u00e9n\u00e9es ? \u00c0 Lourdes, Cet \u00e9tablissement offre un choix vari\u00e9 d\u2019activit\u00e9s &amp; animations pour occuper vos journ\u00e9es.<\/p>\n<p><a href=\"https:\/\/www.campings.com\/fr\/camping\/la-foret-camping-sites-et-paysages-77717\"><strong>Plus d\u2019infos sur La For\u00eat &#8211;<\/strong>\u00a0<strong>Camping Sites et Paysages<\/strong><\/a>.<\/p>\n<h3><strong>Camping Europ Camping<\/strong><\/h3>\n<p>Ce camping convivial est nich\u00e9 aux pieds des montagnes basques. Il met \u00e0 la disposition de ses r\u00e9sidents des \u00e9quipements &amp; services de qualit\u00e9 pour un s\u00e9jour tout confort. Des tarifs avantageux sont propos\u00e9s aux familles, de quoi satisfaire parents et enfants.<\/p>\n<p><a href=\"https:\/\/www.campings.com\/fr\/camping\/camping-europ-camping-76788\"><strong>Plus d\u2019infos sur<\/strong>\u00a0le Camping\u00a0<strong>l\u2019Europ Camping<\/strong><\/a>.<\/p>\n<h3><strong>Le Camping Des Gaves<\/strong><\/h3>\n<p>\u00c0 800 m\u00e8tres du centre de Laruns, cet \u00e9tablissement de charme vous promet un s\u00e9jour inoubliable. Les plus sportifs appr\u00e9cieront sa proximit\u00e9 avec la montagne et les pistes cyclables.<\/p>\n<p><img loading=\"lazy\" decoding=\"async\" class=\"alignnone size-full wp-image-3372\" src=\"https:\/\/www.campings.com\/fr\/content\/wp-content\/uploads\/2022\/02\/Camping-montagne-des-gaves-min.png\" alt=\"\" width=\"1000\" height=\"665\" srcset=\"https:\/\/www.campings.com\/fr\/content\/wp-content\/uploads\/2022\/02\/Camping-montagne-des-gaves-min.png 1000w, https:\/\/www.campings.com\/fr\/content\/wp-content\/uploads\/2022\/02\/Camping-montagne-des-gaves-min-300x200.png 300w, https:\/\/www.campings.com\/fr\/content\/wp-content\/uploads\/2022\/02\/Camping-montagne-des-gaves-min-768x511.png 768w, https:\/\/www.campings.com\/fr\/content\/wp-content\/uploads\/2022\/02\/Camping-montagne-des-gaves-min-450x299.png 450w, https:\/\/www.campings.com\/fr\/content\/wp-content\/uploads\/2022\/02\/Camping-montagne-des-gaves-min-430x286.png 430w\" sizes=\"auto, (max-width: 1000px) 100vw, 1000px\" \/><\/p>\n<p><a href=\"https:\/\/www.campings.com\/fr\/camping\/camping-des-gaves-79684\"><strong>Plus d\u2019infos sur leCamping Des Gaves<\/strong><\/a>.<\/p>\n<h3><strong>Le Camping Le Rioumajou<\/strong><\/h3>\n<p>Ce camping, situ\u00e9 \u00e0 Saint-Lary-Soulan, est tr\u00e8s appr\u00e9ci\u00e9 pour son cadre authentique et verdoyant. Il est situ\u00e9 \u00e0 proximit\u00e9 de la rivi\u00e8re la Neste d&rsquo;Aure. Ainsi, vous pourrez profiter des joies de la baignade en \u00e9t\u00e9.<\/p>\n<p><a href=\"https:\/\/www.campings.com\/fr\/camping\/camping-le-rioumajou-79593\"><strong>Plus d\u2019infos sur le<\/strong>\u00a0<strong>Camping Le Rioumajou<\/strong><\/a>.<\/p>\n<h2><strong>Les campings dans les Alpes<\/strong><\/h2>\n<p>Du c\u00f4t\u00e9 des Alpes en\u00a0<a href=\"https:\/\/www.campings.com\/fr\/content\/guide-vacances-france\/\">France<\/a>, voici nos campings coups de c\u0153ur !<\/p>\n<h3><strong>Le Camping du Col\u00a0<\/strong><\/h3>\n<p>Situ\u00e9 \u00e0 Fontcouverte-la-Toussuire, en Savoie, ce camping poss\u00e8de de nombreux atouts. Il met \u00e0 votre disposition une grande piscine ext\u00e9rieure chauff\u00e9e, des tables de ping-pong et une salle de jeux. Vous aurez \u00e9galement acc\u00e8s \u00e0 une laverie, un snack-bar, un d\u00e9p\u00f4t de pain, des jeux de soci\u00e9t\u00e9\u2026<\/p>\n<p><a href=\"https:\/\/www.campings.com\/fr\/camping\/camping-du-col-77490\"><strong>Plus d\u2019infos sur le<\/strong>\u00a0<strong>Camping du Col<\/strong><\/a>.<\/p>\n<h3><strong>Le Camping Les Lanchettes, pour un s\u00e9jour pas cher\u00a0<\/strong><\/h3>\n<p>Situ\u00e9 \u00e0 Peisey-Nancroix, ce camping propose des mobil-homes tr\u00e8s confortables, propres et spacieux. Sur place, vous aurez acc\u00e8s \u00e0 un service de restauration.<\/p>\n<p><a href=\"https:\/\/www.campings.com\/fr\/camping\/camping-les-lanchettes-79065\"><strong>Plus d\u2019infos sur le<\/strong>\u00a0<strong>Camping Les Lanchettes<\/strong><\/a>.<\/p>\n<h3><strong>Le Camping Les \u00celes pour un s\u00e9jour en France tout confort\u00a0<\/strong><\/h3>\n<p>Si vous \u00eates de passage en Haute-Savoie en France, posez vos valises dans cet \u00e9tablissement ! Avec ses \u00e9quipements Premium, ses activit\u00e9s vari\u00e9es et son cadre chaleureux, ce camping vous garantit un s\u00e9jour tout confort.<\/p>\n<p><a href=\"https:\/\/www.campings.com\/fr\/camping\/camping-les-iles-77957\"><strong>Plus d\u2019infos sur le Camping Les Iles<\/strong><\/a>.<\/p>\n<h3><strong>Le Camping Les locations de Mobil-homes Chevrot Loisirs<\/strong><\/h3>\n<p>\u00c0 Samo\u00ebns, cet \u00e9tablissement est situ\u00e9 \u00e0 100 m de la t\u00e9l\u00e9cabine. Parfait pour une escapade en montagne, il dispose de mobil-homes modernes avec terrasse.<\/p>\n<p><a href=\"https:\/\/www.campings.com\/fr\/camping\/camping-les-locations-de-mobil-homes-chevrot-loisirs-78457\"><strong>Plus d\u2019infos sur le<\/strong>\u00a0<strong>Camping Les locations de Mobil-homes Chevrot Loisirs<\/strong><\/a>.<\/p>\n<h2><strong>Les campings avec piscine \u00e0 la montagne\u00a0<\/strong><\/h2>\n<p>Vacances \u00e0 la montagne rime aussi avec baignade ! Voici une s\u00e9lection de campings avec piscine situ\u00e9s pr\u00e8s des massifs montagneux de\u00a0<a href=\"https:\/\/www.campings.com\/fr\/content\/guide-vacances-france\/\">France<\/a>.<\/p>\n<h3><strong>Le Camping la Ferme de la Serraz, un camping 5 \u00e9toiles en montagne\u00a0<\/strong><\/h3>\n<p>Envie de loger pr\u00e8s du lac d&rsquo;Annecy et de ses montagnes ? \u00c0 Doussard, ce camping 5 \u00e9toiles vous promet un s\u00e9jour de r\u00eave et des prestations haut de gamme. Vous aurez acc\u00e8s \u00e0 une piscine ext\u00e9rieure et \u00e0 une pataugeoire pour vous rafra\u00eechir.<\/p>\n<p><a href=\"https:\/\/www.campings.com\/fr\/camping\/camping-la-ferme-de-serraz-77220\"><strong>Plus d\u2019infos sur le<\/strong>\u00a0<strong>Camping la Ferme de Serraz<\/strong><\/a>.<\/p>\n<h3><strong>Le Camping L&rsquo;Id\u00e9al, pour camper en montagne\u00a0<\/strong><\/h3>\n<p>Ce camping en Haute-Savoie offre une vue imprenable sur le lac et les montagnes de la r\u00e9gion. Pendant votre s\u00e9jour, vous serez pris en charge par un personnel bienveillant et aux petits soins.<\/p>\n<p><img loading=\"lazy\" decoding=\"async\" class=\"alignnone size-full wp-image-3373\" src=\"https:\/\/www.campings.com\/fr\/content\/wp-content\/uploads\/2022\/02\/Camping-montagne-lideal-min.png\" alt=\"\" width=\"1000\" height=\"665\" srcset=\"https:\/\/www.campings.com\/fr\/content\/wp-content\/uploads\/2022\/02\/Camping-montagne-lideal-min.png 1000w, https:\/\/www.campings.com\/fr\/content\/wp-content\/uploads\/2022\/02\/Camping-montagne-lideal-min-300x200.png 300w, https:\/\/www.campings.com\/fr\/content\/wp-content\/uploads\/2022\/02\/Camping-montagne-lideal-min-768x511.png 768w, https:\/\/www.campings.com\/fr\/content\/wp-content\/uploads\/2022\/02\/Camping-montagne-lideal-min-450x299.png 450w, https:\/\/www.campings.com\/fr\/content\/wp-content\/uploads\/2022\/02\/Camping-montagne-lideal-min-430x286.png 430w\" sizes=\"auto, (max-width: 1000px) 100vw, 1000px\" \/><\/p>\n<p><a href=\"https:\/\/www.campings.com\/fr\/camping\/camping-lideal-77513\"><strong>Plus d\u2019infos sur le<\/strong>\u00a0<strong>Camping L&rsquo;Id\u00e9al<\/strong><\/a>.<\/p>\n<h3><strong>Le Camping L&rsquo;\u00c9crin du Lac, un camping familial en montagne\u00a0<\/strong><\/h3>\n<p>\u00c0 Chorges, cet \u00e9tablissement est parfait pour des vacances familiales. En plus des activit\u00e9s et loisirs propos\u00e9s, vous pourrez pratiquer la randonn\u00e9e et d\u00e9couvrir les tr\u00e9sors de la r\u00e9gion.<\/p>\n<p><a href=\"https:\/\/www.campings.com\/fr\/camping\/camping-l-ecrin-du-lac-79055\"><strong>Plus d\u2019infos sur le Camping L&rsquo;Ecrin du Lac<\/strong><\/a>.<\/p>\n<h3><strong>Le Camping Le New Rabioux, un camping en altitude dans les Alpes\u00a0<\/strong><\/h3>\n<p>Avec sa grande piscine ext\u00e9rieure chauff\u00e9e, ses services de restauration et ses animations, cet \u00e9tablissement vous promet un excellent s\u00e9jour. Situ\u00e9 \u00e0 Ch\u00e2teauroux-les-Alpes, ce camping est parfait pour des vacances rimant avec sport et d\u00e9tente.<\/p>\n<p><a href=\"https:\/\/www.campings.com\/fr\/camping\/camping-le-new-rabioux-77113\"><strong>Plus d\u2019infos sur le<\/strong>\u00a0<strong>Camping Le New Rabioux<\/strong><\/a>.<\/p>\n","protected":false},"excerpt":{"rendered":"<p>Envie de recharger vos batteries en profitant de l\u2019air vivifiant de la montagne ? Si vous \u00eates en qu\u00eate d\u2019\u00e9vasion, d\u2019un grand bol d\u2019air frais et d\u2019authenticit\u00e9, la montagne est une destination incontournable ! Voici quelques id\u00e9es de campings montagne o\u00f9 s\u00e9journer aux pieds des montagnes fran\u00e7aises. Pour \u00e9vacuer le stress du quotidien, rien de [&hellip;]<\/p>\n","protected":false},"author":18,"featured_media":0,"parent":3360,"menu_order":0,"comment_status":"closed","ping_status":"closed","template":"template-twocolumns.php","meta":{"_acf_changed":false,"footnotes":""},"class_list":["post-3370","page","type-page","status-publish","hentry"],"acf":[],"yoast_head":"<!-- This site is optimized with the Yoast SEO plugin v27.1.1 - https:\/\/yoast.com\/product\/yoast-seo-wordpress\/ -->\n<title>Les meilleurs campings \u00e0 la montagne -<\/title>\n<meta name=\"robots\" content=\"index, follow, max-snippet:-1, max-image-preview:large, max-video-preview:-1\" \/>\n<link rel=\"canonical\" href=\"https:\/\/www.campings.com\/fr\/content\/guide-vacances-france\/campings-montagne\/\" \/>\n<meta property=\"og:locale\" content=\"fr_FR\" \/>\n<meta property=\"og:type\" content=\"article\" \/>\n<meta property=\"og:title\" content=\"Les meilleurs campings \u00e0 la montagne -\" \/>\n<meta property=\"og:description\" content=\"Envie de recharger vos batteries en profitant de l\u2019air vivifiant de la montagne ? Si vous \u00eates en qu\u00eate d\u2019\u00e9vasion, d\u2019un grand bol d\u2019air frais et d\u2019authenticit\u00e9, la montagne est une destination incontournable ! Voici quelques id\u00e9es de campings montagne o\u00f9 s\u00e9journer aux pieds des montagnes fran\u00e7aises. Pour \u00e9vacuer le stress du quotidien, rien de [&hellip;]\" \/>\n<meta property=\"og:url\" content=\"https:\/\/www.campings.com\/fr\/content\/guide-vacances-france\/campings-montagne\/\" \/>\n<meta property=\"article:modified_time\" content=\"2025-11-06T08:46:36+00:00\" \/>\n<meta property=\"og:image\" content=\"https:\/\/www.campings.com\/fr\/content\/wp-content\/uploads\/2022\/02\/Camping-montagne-des-gaves-min.png\" \/>\n\t<meta property=\"og:image:width\" content=\"1000\" \/>\n\t<meta property=\"og:image:height\" content=\"665\" \/>\n\t<meta property=\"og:image:type\" content=\"image\/png\" \/>\n<meta name=\"twitter:card\" content=\"summary_large_image\" \/>\n<meta name=\"twitter:label1\" content=\"Dur\u00e9e de lecture estim\u00e9e\" \/>\n\t<meta name=\"twitter:data1\" content=\"4 minutes\" \/>\n<script type=\"application\/ld+json\" class=\"yoast-schema-graph\">{\"@context\":\"https:\/\/schema.org\",\"@graph\":[{\"@type\":\"WebPage\",\"@id\":\"https:\/\/www.campings.com\/fr\/content\/guide-vacances-france\/campings-montagne\/\",\"url\":\"https:\/\/www.campings.com\/fr\/content\/guide-vacances-france\/campings-montagne\/\",\"name\":\"Les meilleurs campings \u00e0 la montagne -\",\"isPartOf\":{\"@id\":\"https:\/\/www.campings.com\/fr\/content\/#website\"},\"primaryImageOfPage\":{\"@id\":\"https:\/\/www.campings.com\/fr\/content\/guide-vacances-france\/campings-montagne\/#primaryimage\"},\"image\":{\"@id\":\"https:\/\/www.campings.com\/fr\/content\/guide-vacances-france\/campings-montagne\/#primaryimage\"},\"thumbnailUrl\":\"https:\/\/www.campings.com\/fr\/content\/wp-content\/uploads\/2022\/02\/Camping-montagne-des-gaves-min.png\",\"datePublished\":\"2022-02-11T14:00:33+00:00\",\"dateModified\":\"2025-11-06T08:46:36+00:00\",\"breadcrumb\":{\"@id\":\"https:\/\/www.campings.com\/fr\/content\/guide-vacances-france\/campings-montagne\/#breadcrumb\"},\"inLanguage\":\"fr-FR\",\"potentialAction\":[{\"@type\":\"ReadAction\",\"target\":[\"https:\/\/www.campings.com\/fr\/content\/guide-vacances-france\/campings-montagne\/\"]}]},{\"@type\":\"ImageObject\",\"inLanguage\":\"fr-FR\",\"@id\":\"https:\/\/www.campings.com\/fr\/content\/guide-vacances-france\/campings-montagne\/#primaryimage\",\"url\":\"https:\/\/www.campings.com\/fr\/content\/wp-content\/uploads\/2022\/02\/Camping-montagne-des-gaves-min.png\",\"contentUrl\":\"https:\/\/www.campings.com\/fr\/content\/wp-content\/uploads\/2022\/02\/Camping-montagne-des-gaves-min.png\",\"width\":1000,\"height\":665},{\"@type\":\"BreadcrumbList\",\"@id\":\"https:\/\/www.campings.com\/fr\/content\/guide-vacances-france\/campings-montagne\/#breadcrumb\",\"itemListElement\":[{\"@type\":\"ListItem\",\"position\":1,\"name\":\"Home\",\"item\":\"https:\/\/www.campings.com\/fr\/content\/\"},{\"@type\":\"ListItem\",\"position\":2,\"name\":\"Le guide de vos vacances en France\",\"item\":\"https:\/\/www.campings.com\/fr\/content\/guide-vacances-france\/\"},{\"@type\":\"ListItem\",\"position\":3,\"name\":\"Les meilleurs campings \u00e0 la montagne\"}]},{\"@type\":\"WebSite\",\"@id\":\"https:\/\/www.campings.com\/fr\/content\/#website\",\"url\":\"https:\/\/www.campings.com\/fr\/content\/\",\"name\":\"\",\"description\":\"\",\"publisher\":{\"@id\":\"https:\/\/www.campings.com\/fr\/content\/#organization\"},\"potentialAction\":[{\"@type\":\"SearchAction\",\"target\":{\"@type\":\"EntryPoint\",\"urlTemplate\":\"https:\/\/www.campings.com\/fr\/content\/?s={search_term_string}\"},\"query-input\":{\"@type\":\"PropertyValueSpecification\",\"valueRequired\":true,\"valueName\":\"search_term_string\"}}],\"inLanguage\":\"fr-FR\"},{\"@type\":\"Organization\",\"@id\":\"https:\/\/www.campings.com\/fr\/content\/#organization\",\"name\":\"CAMPINGS.COM\",\"url\":\"https:\/\/www.campings.com\/fr\/content\/\",\"logo\":{\"@type\":\"ImageObject\",\"inLanguage\":\"fr-FR\",\"@id\":\"https:\/\/www.campings.com\/fr\/content\/#\/schema\/logo\/image\/\",\"url\":\"https:\/\/www.campings.com\/fr\/content\/wp-content\/uploads\/2019\/01\/cropped-logo-1.png\",\"contentUrl\":\"https:\/\/www.campings.com\/fr\/content\/wp-content\/uploads\/2019\/01\/cropped-logo-1.png\",\"width\":174,\"height\":42,\"caption\":\"CAMPINGS.COM\"},\"image\":{\"@id\":\"https:\/\/www.campings.com\/fr\/content\/#\/schema\/logo\/image\/\"}}]}<\/script>\n<!-- \/ Yoast SEO plugin. -->","yoast_head_json":{"title":"Les meilleurs campings \u00e0 la montagne -","robots":{"index":"index","follow":"follow","max-snippet":"max-snippet:-1","max-image-preview":"max-image-preview:large","max-video-preview":"max-video-preview:-1"},"canonical":"https:\/\/www.campings.com\/fr\/content\/guide-vacances-france\/campings-montagne\/","og_locale":"fr_FR","og_type":"article","og_title":"Les meilleurs campings \u00e0 la montagne -","og_description":"Envie de recharger vos batteries en profitant de l\u2019air vivifiant de la montagne ? Si vous \u00eates en qu\u00eate d\u2019\u00e9vasion, d\u2019un grand bol d\u2019air frais et d\u2019authenticit\u00e9, la montagne est une destination incontournable ! Voici quelques id\u00e9es de campings montagne o\u00f9 s\u00e9journer aux pieds des montagnes fran\u00e7aises. Pour \u00e9vacuer le stress du quotidien, rien de [&hellip;]","og_url":"https:\/\/www.campings.com\/fr\/content\/guide-vacances-france\/campings-montagne\/","article_modified_time":"2025-11-06T08:46:36+00:00","og_image":[{"width":1000,"height":665,"url":"https:\/\/www.campings.com\/fr\/content\/wp-content\/uploads\/2022\/02\/Camping-montagne-des-gaves-min.png","type":"image\/png"}],"twitter_card":"summary_large_image","twitter_misc":{"Dur\u00e9e de lecture estim\u00e9e":"4 minutes"},"schema":{"@context":"https:\/\/schema.org","@graph":[{"@type":"WebPage","@id":"https:\/\/www.campings.com\/fr\/content\/guide-vacances-france\/campings-montagne\/","url":"https:\/\/www.campings.com\/fr\/content\/guide-vacances-france\/campings-montagne\/","name":"Les meilleurs campings \u00e0 la montagne -","isPartOf":{"@id":"https:\/\/www.campings.com\/fr\/content\/#website"},"primaryImageOfPage":{"@id":"https:\/\/www.campings.com\/fr\/content\/guide-vacances-france\/campings-montagne\/#primaryimage"},"image":{"@id":"https:\/\/www.campings.com\/fr\/content\/guide-vacances-france\/campings-montagne\/#primaryimage"},"thumbnailUrl":"https:\/\/www.campings.com\/fr\/content\/wp-content\/uploads\/2022\/02\/Camping-montagne-des-gaves-min.png","datePublished":"2022-02-11T14:00:33+00:00","dateModified":"2025-11-06T08:46:36+00:00","breadcrumb":{"@id":"https:\/\/www.campings.com\/fr\/content\/guide-vacances-france\/campings-montagne\/#breadcrumb"},"inLanguage":"fr-FR","potentialAction":[{"@type":"ReadAction","target":["https:\/\/www.campings.com\/fr\/content\/guide-vacances-france\/campings-montagne\/"]}]},{"@type":"ImageObject","inLanguage":"fr-FR","@id":"https:\/\/www.campings.com\/fr\/content\/guide-vacances-france\/campings-montagne\/#primaryimage","url":"https:\/\/www.campings.com\/fr\/content\/wp-content\/uploads\/2022\/02\/Camping-montagne-des-gaves-min.png","contentUrl":"https:\/\/www.campings.com\/fr\/content\/wp-content\/uploads\/2022\/02\/Camping-montagne-des-gaves-min.png","width":1000,"height":665},{"@type":"BreadcrumbList","@id":"https:\/\/www.campings.com\/fr\/content\/guide-vacances-france\/campings-montagne\/#breadcrumb","itemListElement":[{"@type":"ListItem","position":1,"name":"Home","item":"https:\/\/www.campings.com\/fr\/content\/"},{"@type":"ListItem","position":2,"name":"Le guide de vos vacances en France","item":"https:\/\/www.campings.com\/fr\/content\/guide-vacances-france\/"},{"@type":"ListItem","position":3,"name":"Les meilleurs campings \u00e0 la montagne"}]},{"@type":"WebSite","@id":"https:\/\/www.campings.com\/fr\/content\/#website","url":"https:\/\/www.campings.com\/fr\/content\/","name":"","description":"","publisher":{"@id":"https:\/\/www.campings.com\/fr\/content\/#organization"},"potentialAction":[{"@type":"SearchAction","target":{"@type":"EntryPoint","urlTemplate":"https:\/\/www.campings.com\/fr\/content\/?s={search_term_string}"},"query-input":{"@type":"PropertyValueSpecification","valueRequired":true,"valueName":"search_term_string"}}],"inLanguage":"fr-FR"},{"@type":"Organization","@id":"https:\/\/www.campings.com\/fr\/content\/#organization","name":"CAMPINGS.COM","url":"https:\/\/www.campings.com\/fr\/content\/","logo":{"@type":"ImageObject","inLanguage":"fr-FR","@id":"https:\/\/www.campings.com\/fr\/content\/#\/schema\/logo\/image\/","url":"https:\/\/www.campings.com\/fr\/content\/wp-content\/uploads\/2019\/01\/cropped-logo-1.png","contentUrl":"https:\/\/www.campings.com\/fr\/content\/wp-content\/uploads\/2019\/01\/cropped-logo-1.png","width":174,"height":42,"caption":"CAMPINGS.COM"},"image":{"@id":"https:\/\/www.campings.com\/fr\/content\/#\/schema\/logo\/image\/"}}]}},"_links":{"self":[{"href":"https:\/\/www.campings.com\/fr\/content\/wp-json\/wp\/v2\/pages\/3370","targetHints":{"allow":["GET"]}}],"collection":[{"href":"https:\/\/www.campings.com\/fr\/content\/wp-json\/wp\/v2\/pages"}],"about":[{"href":"https:\/\/www.campings.com\/fr\/content\/wp-json\/wp\/v2\/types\/page"}],"author":[{"embeddable":true,"href":"https:\/\/www.campings.com\/fr\/content\/wp-json\/wp\/v2\/users\/18"}],"replies":[{"embeddable":true,"href":"https:\/\/www.campings.com\/fr\/content\/wp-json\/wp\/v2\/comments?post=3370"}],"version-history":[{"count":3,"href":"https:\/\/www.campings.com\/fr\/content\/wp-json\/wp\/v2\/pages\/3370\/revisions"}],"predecessor-version":[{"id":6147,"href":"https:\/\/www.campings.com\/fr\/content\/wp-json\/wp\/v2\/pages\/3370\/revisions\/6147"}],"up":[{"embeddable":true,"href":"https:\/\/www.campings.com\/fr\/content\/wp-json\/wp\/v2\/pages\/3360"}],"wp:attachment":[{"href":"https:\/\/www.campings.com\/fr\/content\/wp-json\/wp\/v2\/media?parent=3370"}],"curies":[{"name":"wp","href":"https:\/\/api.w.org\/{rel}","templated":true}]}}