{"id":3366,"date":"2022-02-11T13:51:55","date_gmt":"2022-02-11T13:51:55","guid":{"rendered":"https:\/\/www.campings.com\/fr\/content\/?page_id=3366"},"modified":"2022-03-25T10:37:46","modified_gmt":"2022-03-25T10:37:46","slug":"campings-campagne","status":"publish","type":"page","link":"https:\/\/www.campings.com\/fr\/content\/guide-vacances-france\/campings-campagne\/","title":{"rendered":"Les meilleurs campings \u00e0 la campagne"},"content":{"rendered":"<p>Envie de vous d\u00e9tendre dans un cadre authentique et reposant pendant vos prochaines vacances ? Et si vous optiez pour une location camping \u00e0 la campagne ? D\u00e9couvrez notre s\u00e9lection d\u2019\u00e9tablissements proposant la meilleure qualit\u00e9 de services et des activit\u00e9s pour tous les go\u00fbts !<\/p>\n<p>Envie d\u2019un s\u00e9jour au calme, loin de l\u2019agitation urbaine ? L&rsquo;air pur de la campagne est parfait pour se mettre au vert et recharger ses batteries. La\u00a0<a href=\"https:\/\/www.campings.com\/fr\/content\/guide-vacances-france\/\"><strong><u>France<\/u><\/strong> <\/a>regorge de communes rurales, parfaites pour des vacances nature. Avec leurs paysages verdoyants, entre lacs, for\u00eats et montagnes, les campagnes fran\u00e7aises vous promettent de belles d\u00e9couvertes. Vous pourrez y pratiquer des activit\u00e9s tr\u00e8s vari\u00e9es : balades \u00e0 v\u00e9lo, baignade, visites culturelles\u2026 D\u00e9couvrez les meilleurs campings r\u00e9pertori\u00e9s !<\/p>\n<h2><strong>Les campings avec piscine \u00e0 la campagne<\/strong><\/h2>\n<p>Envie de profiter de la baignade et des joies du farniente au soleil m\u00eame \u00e0 la campagne ? Voici quelques adresses des meilleurs campings avec piscine en <a href=\"https:\/\/www.campings.com\/fr\/france\">France<\/a>.<\/p>\n<h3><strong>Le Camping le Domaine de Chanteraine<\/strong><\/h3>\n<p>Si vous programmez des vacances en famille dans le Var, cet \u00e9tablissement figure parmi les meilleurs. Situ\u00e9 \u00e0 Aiguines, un village au charme typiquement proven\u00e7al, ce camping propose des mobil-homes spacieux. Sur place, vous aurez acc\u00e8s \u00e0 un service de restauration et des activit\u00e9s pour petits et grands.<\/p>\n<p><a href=\"https:\/\/www.campings.com\/fr\/camping\/camping-le-domaine-de-chanteraine-76613\"><strong>Plus d\u2019infos sur le Camping le Domaine de Chanteraine<\/strong><\/a>.<\/p>\n<h3><strong>Le Camping De La Plage : un camping en Bretagne campagne tout confort\u00a0<\/strong><\/h3>\n<p>Pour passer des vacances parfaites en Bretagne, posez vos valises dans ce camping \u00e0 B\u00e9nodet, pr\u00e8s du bord de mer. Cet \u00e9tablissement convivial met \u00e0 votre disposition un parc aquatique avec deux piscines, une pataugeoire, deux toboggans et deux bains \u00e0 remous.<\/p>\n<p><img loading=\"lazy\" decoding=\"async\" class=\"alignnone size-full wp-image-3367\" src=\"https:\/\/www.campings.com\/fr\/content\/wp-content\/uploads\/2022\/02\/Camping-campagne-camping-de-la-Plage-min.png\" alt=\"\" width=\"1000\" height=\"665\" srcset=\"https:\/\/www.campings.com\/fr\/content\/wp-content\/uploads\/2022\/02\/Camping-campagne-camping-de-la-Plage-min.png 1000w, https:\/\/www.campings.com\/fr\/content\/wp-content\/uploads\/2022\/02\/Camping-campagne-camping-de-la-Plage-min-300x200.png 300w, https:\/\/www.campings.com\/fr\/content\/wp-content\/uploads\/2022\/02\/Camping-campagne-camping-de-la-Plage-min-768x511.png 768w, https:\/\/www.campings.com\/fr\/content\/wp-content\/uploads\/2022\/02\/Camping-campagne-camping-de-la-Plage-min-450x299.png 450w, https:\/\/www.campings.com\/fr\/content\/wp-content\/uploads\/2022\/02\/Camping-campagne-camping-de-la-Plage-min-430x286.png 430w\" sizes=\"auto, (max-width: 1000px) 100vw, 1000px\" \/><\/p>\n<p><a href=\"https:\/\/www.campings.com\/fr\/camping\/camping-de-la-plage-76591\"><strong>Plus d\u2019infos sur le<\/strong>\u00a0<strong>Camping De La Plage<\/strong><\/a>.<\/p>\n<h3><strong>Le Village Les Gorges Du Chambon : pour se mettre au vert en Charente <\/strong><\/h3>\n<p>Si vous comptez s\u00e9journer en Charente, ce camping au cadre verdoyant et convivial vous garantit des services irr\u00e9prochables. Un large \u00e9ventail de prestations de qualit\u00e9 et d\u2019activit\u00e9s ludiques est propos\u00e9 pour un s\u00e9jour r\u00e9ussi en famille.<\/p>\n<p><a href=\"https:\/\/www.campings.com\/fr\/camping\/village-les-gorges-du-chambon-82716\"><strong>Plus d\u2019infos sur le camping du<\/strong>\u00a0<strong>Village Les Gorges Du Chambon<\/strong><\/a>.<\/p>\n<h2><strong>Les campings 5 \u00e9toiles \u00e0 la campagne<\/strong><\/h2>\n<p>Envie de vacances de luxe en plein c\u0153ur de la campagne en\u00a0<a href=\"https:\/\/www.campings.com\/fr\/content\/guide-vacances-france\/\">France<\/a> ? D\u00e9couvrez notre s\u00e9lection de campings 5 \u00e9toiles.<\/p>\n<h3><strong>Le Camping Mayotte Vacances et son parc aquatique dans les landes<\/strong><\/h3>\n<p>Envie de passer un s\u00e9jour agr\u00e9able dans les Landes ? \u00c0 Biscarosse, cet \u00e9tablissement 5 \u00e9toiles propose des mobil-homes avec terrasse, salons de jardin, Wifi, chauffage, r\u00e9frig\u00e9rateur\u2026 Sur place, l\u2019\u00e9tablissement organise de nombreuses animations &amp; activit\u00e9s pour vous occuper.<\/p>\n<p><a href=\"https:\/\/www.campings.com\/fr\/camping\/camping-mayotte-vacances-76910\"><strong>Plus d\u2019infos sur le Camping Mayotte Vacances<\/strong><\/a>.<\/p>\n<h3><strong>Le Camping Village La Guyonni\u00e8re<\/strong><\/h3>\n<p>\u00c0 Saint-Julien-des-Landes, ce camping 5 \u00e9toiles offre des activit\u00e9s tr\u00e8s vari\u00e9es pour des vacances reposantes \u00e0 la campagne. Piscine, bain \u00e0 remous, sauna, club enfant. Ce camping est la destination id\u00e9ale pour partir \u00e0 la d\u00e9couverte des tr\u00e9sors insoup\u00e7onn\u00e9s de la r\u00e9gion.<\/p>\n<p><a href=\"https:\/\/www.campings.com\/fr\/camping\/camping-village-la-guyonniere-78323\"><strong>Plus d\u2019infos sur le Camping Village La Guyonniere<\/strong><\/a>.<\/p>\n<h3><strong>Le Camping la Ferme de la Serraz<\/strong><\/h3>\n<p>Si vous s\u00e9journez en Haute-Savoie, cet \u00e9tablissement situ\u00e9 dans un cadre magnifique a tout pour plaire. Sur place, les r\u00e9sidents ont acc\u00e8s \u00e0 des \u00e9quipements haut de gamme et des services Premium. Des activit\u00e9s ludiques sont programm\u00e9es pour les plus jeunes.<\/p>\n<p><img loading=\"lazy\" decoding=\"async\" class=\"alignnone size-full wp-image-3368\" src=\"https:\/\/www.campings.com\/fr\/content\/wp-content\/uploads\/2022\/02\/Camping-campagne-la-ferme-de-Serraz-min.png\" alt=\"\" width=\"1000\" height=\"665\" srcset=\"https:\/\/www.campings.com\/fr\/content\/wp-content\/uploads\/2022\/02\/Camping-campagne-la-ferme-de-Serraz-min.png 1000w, https:\/\/www.campings.com\/fr\/content\/wp-content\/uploads\/2022\/02\/Camping-campagne-la-ferme-de-Serraz-min-300x200.png 300w, https:\/\/www.campings.com\/fr\/content\/wp-content\/uploads\/2022\/02\/Camping-campagne-la-ferme-de-Serraz-min-768x511.png 768w, https:\/\/www.campings.com\/fr\/content\/wp-content\/uploads\/2022\/02\/Camping-campagne-la-ferme-de-Serraz-min-450x299.png 450w, https:\/\/www.campings.com\/fr\/content\/wp-content\/uploads\/2022\/02\/Camping-campagne-la-ferme-de-Serraz-min-430x286.png 430w\" sizes=\"auto, (max-width: 1000px) 100vw, 1000px\" \/><\/p>\n<p><a href=\"https:\/\/www.campings.com\/fr\/camping\/camping-la-ferme-de-serraz-77220\"><strong>Plus d\u2019infos sur le<\/strong>\u00a0<strong>Camping la Ferme de Serraz<\/strong><\/a>.<\/p>\n<h2><strong>Les campings pas chers \u00e0 la campagne\u00a0<\/strong><\/h2>\n<p>Envie de passer des vacances inoubliables en\u00a0<a href=\"https:\/\/www.campings.com\/fr\/content\/guide-vacances-france\/\">France<\/a>\u00a0sans vous ruiner ? Voici notre s\u00e9lection de campings pas chers.<\/p>\n<h3><strong>Le Camping Le Jard pour profiter de la Vend\u00e9e\u00a0<\/strong><\/h3>\n<p>En Vend\u00e9e, ce camping convivial avec piscine est parfait pour des vacances en famille. Vous avez la possibilit\u00e9 de louer le type d\u2019h\u00e9bergement qui convient le mieux \u00e0 vos besoins et \u00e0 votre budget.<\/p>\n<p><a href=\"https:\/\/www.campings.com\/fr\/camping\/camping-le-jard-77453\"><strong>Plus d\u2019infos sur<\/strong>\u00a0<strong>Camping Le Jard<\/strong><\/a>.<\/p>\n<h3><strong>Le Camping l&rsquo;Eau Vive<\/strong><\/h3>\n<p>Situ\u00e9 en Gironde, ce camping aux tarifs attractifs est parfait pour des vacances rimant avec nature et confort. Sur place, vous profiterez de multiples activit\u00e9s : ping-pong, tennis, baignade\u2026<\/p>\n<p><a href=\"https:\/\/www.campings.com\/fr\/camping\/camping-leau-vive-77572\"><strong>Plus d\u2019infos sur le Camping l&rsquo;Eau Vive<\/strong><\/a>.<\/p>\n","protected":false},"excerpt":{"rendered":"<p>Envie de vous d\u00e9tendre dans un cadre authentique et reposant pendant vos prochaines vacances ? Et si vous optiez pour une location camping \u00e0 la campagne ? D\u00e9couvrez notre s\u00e9lection d\u2019\u00e9tablissements proposant la meilleure qualit\u00e9 de services et des activit\u00e9s pour tous les go\u00fbts ! Envie d\u2019un s\u00e9jour au calme, loin de l\u2019agitation urbaine ? [&hellip;]<\/p>\n","protected":false},"author":18,"featured_media":0,"parent":3360,"menu_order":0,"comment_status":"closed","ping_status":"closed","template":"template-twocolumns.php","meta":{"_acf_changed":false,"footnotes":""},"class_list":["post-3366","page","type-page","status-publish","hentry"],"acf":[],"yoast_head":"<!-- This site is optimized with the Yoast SEO plugin v27.1.1 - https:\/\/yoast.com\/product\/yoast-seo-wordpress\/ -->\n<title>Les meilleurs campings \u00e0 la campagne -<\/title>\n<meta name=\"robots\" content=\"index, follow, max-snippet:-1, max-image-preview:large, max-video-preview:-1\" \/>\n<link rel=\"canonical\" href=\"https:\/\/www.campings.com\/fr\/content\/guide-vacances-france\/campings-campagne\/\" \/>\n<meta property=\"og:locale\" content=\"fr_FR\" \/>\n<meta property=\"og:type\" content=\"article\" \/>\n<meta property=\"og:title\" content=\"Les meilleurs campings \u00e0 la campagne -\" \/>\n<meta property=\"og:description\" content=\"Envie de vous d\u00e9tendre dans un cadre authentique et reposant pendant vos prochaines vacances ? Et si vous optiez pour une location camping \u00e0 la campagne ? D\u00e9couvrez notre s\u00e9lection d\u2019\u00e9tablissements proposant la meilleure qualit\u00e9 de services et des activit\u00e9s pour tous les go\u00fbts ! Envie d\u2019un s\u00e9jour au calme, loin de l\u2019agitation urbaine ? [&hellip;]\" \/>\n<meta property=\"og:url\" content=\"https:\/\/www.campings.com\/fr\/content\/guide-vacances-france\/campings-campagne\/\" \/>\n<meta property=\"article:modified_time\" content=\"2022-03-25T10:37:46+00:00\" \/>\n<meta property=\"og:image\" content=\"https:\/\/www.campings.com\/fr\/content\/wp-content\/uploads\/2022\/02\/Camping-campagne-camping-de-la-Plage-min.png\" \/>\n\t<meta property=\"og:image:width\" content=\"1000\" \/>\n\t<meta property=\"og:image:height\" content=\"665\" \/>\n\t<meta property=\"og:image:type\" content=\"image\/png\" \/>\n<meta name=\"twitter:card\" content=\"summary_large_image\" \/>\n<meta name=\"twitter:label1\" content=\"Dur\u00e9e de lecture estim\u00e9e\" \/>\n\t<meta name=\"twitter:data1\" content=\"3 minutes\" \/>\n<script type=\"application\/ld+json\" class=\"yoast-schema-graph\">{\"@context\":\"https:\/\/schema.org\",\"@graph\":[{\"@type\":\"WebPage\",\"@id\":\"https:\/\/www.campings.com\/fr\/content\/guide-vacances-france\/campings-campagne\/\",\"url\":\"https:\/\/www.campings.com\/fr\/content\/guide-vacances-france\/campings-campagne\/\",\"name\":\"Les meilleurs campings \u00e0 la campagne -\",\"isPartOf\":{\"@id\":\"https:\/\/www.campings.com\/fr\/content\/#website\"},\"primaryImageOfPage\":{\"@id\":\"https:\/\/www.campings.com\/fr\/content\/guide-vacances-france\/campings-campagne\/#primaryimage\"},\"image\":{\"@id\":\"https:\/\/www.campings.com\/fr\/content\/guide-vacances-france\/campings-campagne\/#primaryimage\"},\"thumbnailUrl\":\"https:\/\/www.campings.com\/fr\/content\/wp-content\/uploads\/2022\/02\/Camping-campagne-camping-de-la-Plage-min.png\",\"datePublished\":\"2022-02-11T13:51:55+00:00\",\"dateModified\":\"2022-03-25T10:37:46+00:00\",\"breadcrumb\":{\"@id\":\"https:\/\/www.campings.com\/fr\/content\/guide-vacances-france\/campings-campagne\/#breadcrumb\"},\"inLanguage\":\"fr-FR\",\"potentialAction\":[{\"@type\":\"ReadAction\",\"target\":[\"https:\/\/www.campings.com\/fr\/content\/guide-vacances-france\/campings-campagne\/\"]}]},{\"@type\":\"ImageObject\",\"inLanguage\":\"fr-FR\",\"@id\":\"https:\/\/www.campings.com\/fr\/content\/guide-vacances-france\/campings-campagne\/#primaryimage\",\"url\":\"https:\/\/www.campings.com\/fr\/content\/wp-content\/uploads\/2022\/02\/Camping-campagne-camping-de-la-Plage-min.png\",\"contentUrl\":\"https:\/\/www.campings.com\/fr\/content\/wp-content\/uploads\/2022\/02\/Camping-campagne-camping-de-la-Plage-min.png\",\"width\":1000,\"height\":665},{\"@type\":\"BreadcrumbList\",\"@id\":\"https:\/\/www.campings.com\/fr\/content\/guide-vacances-france\/campings-campagne\/#breadcrumb\",\"itemListElement\":[{\"@type\":\"ListItem\",\"position\":1,\"name\":\"Home\",\"item\":\"https:\/\/www.campings.com\/fr\/content\/\"},{\"@type\":\"ListItem\",\"position\":2,\"name\":\"Le guide de vos vacances en France\",\"item\":\"https:\/\/www.campings.com\/fr\/content\/guide-vacances-france\/\"},{\"@type\":\"ListItem\",\"position\":3,\"name\":\"Les meilleurs campings \u00e0 la campagne\"}]},{\"@type\":\"WebSite\",\"@id\":\"https:\/\/www.campings.com\/fr\/content\/#website\",\"url\":\"https:\/\/www.campings.com\/fr\/content\/\",\"name\":\"\",\"description\":\"\",\"publisher\":{\"@id\":\"https:\/\/www.campings.com\/fr\/content\/#organization\"},\"potentialAction\":[{\"@type\":\"SearchAction\",\"target\":{\"@type\":\"EntryPoint\",\"urlTemplate\":\"https:\/\/www.campings.com\/fr\/content\/?s={search_term_string}\"},\"query-input\":{\"@type\":\"PropertyValueSpecification\",\"valueRequired\":true,\"valueName\":\"search_term_string\"}}],\"inLanguage\":\"fr-FR\"},{\"@type\":\"Organization\",\"@id\":\"https:\/\/www.campings.com\/fr\/content\/#organization\",\"name\":\"CAMPINGS.COM\",\"url\":\"https:\/\/www.campings.com\/fr\/content\/\",\"logo\":{\"@type\":\"ImageObject\",\"inLanguage\":\"fr-FR\",\"@id\":\"https:\/\/www.campings.com\/fr\/content\/#\/schema\/logo\/image\/\",\"url\":\"https:\/\/www.campings.com\/fr\/content\/wp-content\/uploads\/2019\/01\/cropped-logo-1.png\",\"contentUrl\":\"https:\/\/www.campings.com\/fr\/content\/wp-content\/uploads\/2019\/01\/cropped-logo-1.png\",\"width\":174,\"height\":42,\"caption\":\"CAMPINGS.COM\"},\"image\":{\"@id\":\"https:\/\/www.campings.com\/fr\/content\/#\/schema\/logo\/image\/\"}}]}<\/script>\n<!-- \/ Yoast SEO plugin. -->","yoast_head_json":{"title":"Les meilleurs campings \u00e0 la campagne -","robots":{"index":"index","follow":"follow","max-snippet":"max-snippet:-1","max-image-preview":"max-image-preview:large","max-video-preview":"max-video-preview:-1"},"canonical":"https:\/\/www.campings.com\/fr\/content\/guide-vacances-france\/campings-campagne\/","og_locale":"fr_FR","og_type":"article","og_title":"Les meilleurs campings \u00e0 la campagne -","og_description":"Envie de vous d\u00e9tendre dans un cadre authentique et reposant pendant vos prochaines vacances ? Et si vous optiez pour une location camping \u00e0 la campagne ? D\u00e9couvrez notre s\u00e9lection d\u2019\u00e9tablissements proposant la meilleure qualit\u00e9 de services et des activit\u00e9s pour tous les go\u00fbts ! Envie d\u2019un s\u00e9jour au calme, loin de l\u2019agitation urbaine ? [&hellip;]","og_url":"https:\/\/www.campings.com\/fr\/content\/guide-vacances-france\/campings-campagne\/","article_modified_time":"2022-03-25T10:37:46+00:00","og_image":[{"width":1000,"height":665,"url":"https:\/\/www.campings.com\/fr\/content\/wp-content\/uploads\/2022\/02\/Camping-campagne-camping-de-la-Plage-min.png","type":"image\/png"}],"twitter_card":"summary_large_image","twitter_misc":{"Dur\u00e9e de lecture estim\u00e9e":"3 minutes"},"schema":{"@context":"https:\/\/schema.org","@graph":[{"@type":"WebPage","@id":"https:\/\/www.campings.com\/fr\/content\/guide-vacances-france\/campings-campagne\/","url":"https:\/\/www.campings.com\/fr\/content\/guide-vacances-france\/campings-campagne\/","name":"Les meilleurs campings \u00e0 la campagne -","isPartOf":{"@id":"https:\/\/www.campings.com\/fr\/content\/#website"},"primaryImageOfPage":{"@id":"https:\/\/www.campings.com\/fr\/content\/guide-vacances-france\/campings-campagne\/#primaryimage"},"image":{"@id":"https:\/\/www.campings.com\/fr\/content\/guide-vacances-france\/campings-campagne\/#primaryimage"},"thumbnailUrl":"https:\/\/www.campings.com\/fr\/content\/wp-content\/uploads\/2022\/02\/Camping-campagne-camping-de-la-Plage-min.png","datePublished":"2022-02-11T13:51:55+00:00","dateModified":"2022-03-25T10:37:46+00:00","breadcrumb":{"@id":"https:\/\/www.campings.com\/fr\/content\/guide-vacances-france\/campings-campagne\/#breadcrumb"},"inLanguage":"fr-FR","potentialAction":[{"@type":"ReadAction","target":["https:\/\/www.campings.com\/fr\/content\/guide-vacances-france\/campings-campagne\/"]}]},{"@type":"ImageObject","inLanguage":"fr-FR","@id":"https:\/\/www.campings.com\/fr\/content\/guide-vacances-france\/campings-campagne\/#primaryimage","url":"https:\/\/www.campings.com\/fr\/content\/wp-content\/uploads\/2022\/02\/Camping-campagne-camping-de-la-Plage-min.png","contentUrl":"https:\/\/www.campings.com\/fr\/content\/wp-content\/uploads\/2022\/02\/Camping-campagne-camping-de-la-Plage-min.png","width":1000,"height":665},{"@type":"BreadcrumbList","@id":"https:\/\/www.campings.com\/fr\/content\/guide-vacances-france\/campings-campagne\/#breadcrumb","itemListElement":[{"@type":"ListItem","position":1,"name":"Home","item":"https:\/\/www.campings.com\/fr\/content\/"},{"@type":"ListItem","position":2,"name":"Le guide de vos vacances en France","item":"https:\/\/www.campings.com\/fr\/content\/guide-vacances-france\/"},{"@type":"ListItem","position":3,"name":"Les meilleurs campings \u00e0 la campagne"}]},{"@type":"WebSite","@id":"https:\/\/www.campings.com\/fr\/content\/#website","url":"https:\/\/www.campings.com\/fr\/content\/","name":"","description":"","publisher":{"@id":"https:\/\/www.campings.com\/fr\/content\/#organization"},"potentialAction":[{"@type":"SearchAction","target":{"@type":"EntryPoint","urlTemplate":"https:\/\/www.campings.com\/fr\/content\/?s={search_term_string}"},"query-input":{"@type":"PropertyValueSpecification","valueRequired":true,"valueName":"search_term_string"}}],"inLanguage":"fr-FR"},{"@type":"Organization","@id":"https:\/\/www.campings.com\/fr\/content\/#organization","name":"CAMPINGS.COM","url":"https:\/\/www.campings.com\/fr\/content\/","logo":{"@type":"ImageObject","inLanguage":"fr-FR","@id":"https:\/\/www.campings.com\/fr\/content\/#\/schema\/logo\/image\/","url":"https:\/\/www.campings.com\/fr\/content\/wp-content\/uploads\/2019\/01\/cropped-logo-1.png","contentUrl":"https:\/\/www.campings.com\/fr\/content\/wp-content\/uploads\/2019\/01\/cropped-logo-1.png","width":174,"height":42,"caption":"CAMPINGS.COM"},"image":{"@id":"https:\/\/www.campings.com\/fr\/content\/#\/schema\/logo\/image\/"}}]}},"_links":{"self":[{"href":"https:\/\/www.campings.com\/fr\/content\/wp-json\/wp\/v2\/pages\/3366","targetHints":{"allow":["GET"]}}],"collection":[{"href":"https:\/\/www.campings.com\/fr\/content\/wp-json\/wp\/v2\/pages"}],"about":[{"href":"https:\/\/www.campings.com\/fr\/content\/wp-json\/wp\/v2\/types\/page"}],"author":[{"embeddable":true,"href":"https:\/\/www.campings.com\/fr\/content\/wp-json\/wp\/v2\/users\/18"}],"replies":[{"embeddable":true,"href":"https:\/\/www.campings.com\/fr\/content\/wp-json\/wp\/v2\/comments?post=3366"}],"version-history":[{"count":2,"href":"https:\/\/www.campings.com\/fr\/content\/wp-json\/wp\/v2\/pages\/3366\/revisions"}],"predecessor-version":[{"id":3608,"href":"https:\/\/www.campings.com\/fr\/content\/wp-json\/wp\/v2\/pages\/3366\/revisions\/3608"}],"up":[{"embeddable":true,"href":"https:\/\/www.campings.com\/fr\/content\/wp-json\/wp\/v2\/pages\/3360"}],"wp:attachment":[{"href":"https:\/\/www.campings.com\/fr\/content\/wp-json\/wp\/v2\/media?parent=3366"}],"curies":[{"name":"wp","href":"https:\/\/api.w.org\/{rel}","templated":true}]}}