{"id":336,"date":"2019-03-22T13:08:56","date_gmt":"2019-03-22T13:08:56","guid":{"rendered":"https:\/\/www.campings.com\/fr\/content\/?page_id=336"},"modified":"2025-06-25T12:30:35","modified_gmt":"2025-06-25T11:30:35","slug":"guide-camping-corse","status":"publish","type":"page","link":"https:\/\/www.campings.com\/fr\/content\/guide-camping-corse\/","title":{"rendered":"Guide Camping  Corse"},"content":{"rendered":"<p><span style=\"font-weight: 400\"> La Corse est bien diff\u00e9rente de tout ce que vous avez d\u00e9j\u00e0 pu voir en France m\u00e9tropolitaine. C&rsquo;est notamment pour cette raison, et bien d&rsquo;autres encore, que l&rsquo;\u00eele de beaut\u00e9 constitue une destination de choix pour des vacances d&rsquo;\u00e9t\u00e9 entre amis, en couple ou en famille. Pour votre r\u00e9servation de location de mobil-home en Corse, plusieurs possibilit\u00e9s s&rsquo;offrent \u00e0 vous. D&rsquo;un c\u00f4t\u00e9, vous pouvez choisir la Haute Corse et ses paysages sauvages. De l&rsquo;autre, vous pouvez pr\u00e9f\u00e9rer partir dans une ville romantique de Corse du Sud. Tous les principaux sites touristiques proposent des \u00e9tablissements de vacances \u00e0 proximit\u00e9. Notamment Calvi, Porto Vecchio, Calcatoggio et Bonifacio, qui comptent parmi les lieux les plus embl\u00e9matiques de l&rsquo;\u00eele. <\/span><\/p>\n<p><span style=\"font-weight: 400\">Si la Corse prend parfois des sonorit\u00e9s italiennes, c&rsquo;est parce qu&rsquo;elle est situ\u00e9e non loin du pays de la mozarella, en particulier de la Sardaigne et de la Sicile. La Corse incarne \u00e0 ce titre l&rsquo;une des \u00eeles les plus attractives de la mer M\u00e9diterran\u00e9e. Gr\u00e2ce \u00e0 notre large s\u00e9lection en ligne, vous pouvez r\u00e9server vos vacances en camping en Corse en quelques clics seulement. <\/span><\/p>\n<p><span style=\"font-weight: 400\">Pr\u00e9parez-vous \u00e0 vous pr\u00e9lasser sur un sable fin et d&rsquo;une blancheur \u00e9clatante avant de vous baigner dans les eaux chaudes et turquoises qui viennent balayer les plages. Pour parfaire votre voyage en Corse, ne manquez pas de go\u00fbter aux nombreuses sp\u00e9cialit\u00e9s locales. Apr\u00e8s tout, la gastronomie reste le meilleur moyen d&rsquo;aborder une nouvelle culture !<\/span><\/p>\n","protected":false},"excerpt":{"rendered":"<p>La Corse est bien diff\u00e9rente de tout ce que vous avez d\u00e9j\u00e0 pu voir en France m\u00e9tropolitaine. C&rsquo;est notamment pour cette raison, et bien d&rsquo;autres encore, que l&rsquo;\u00eele de beaut\u00e9 constitue une destination de choix pour des vacances d&rsquo;\u00e9t\u00e9 entre amis, en couple ou en famille. Pour votre r\u00e9servation de location de mobil-home en Corse, [&hellip;]<\/p>\n","protected":false},"author":2,"featured_media":935,"parent":0,"menu_order":0,"comment_status":"closed","ping_status":"closed","template":"template-region.php","meta":{"_acf_changed":false,"footnotes":""},"class_list":["post-336","page","type-page","status-publish","has-post-thumbnail","hentry"],"acf":[],"yoast_head":"<!-- This site is optimized with the Yoast SEO plugin v27.1.1 - https:\/\/yoast.com\/product\/yoast-seo-wordpress\/ -->\n<title>Guide Camping Corse -<\/title>\n<meta name=\"robots\" content=\"index, follow, max-snippet:-1, max-image-preview:large, max-video-preview:-1\" \/>\n<link rel=\"canonical\" href=\"https:\/\/www.campings.com\/fr\/content\/guide-camping-corse\/\" \/>\n<meta property=\"og:locale\" content=\"fr_FR\" \/>\n<meta property=\"og:type\" content=\"article\" \/>\n<meta property=\"og:title\" content=\"Guide Camping Corse -\" \/>\n<meta property=\"og:description\" content=\"La Corse est bien diff\u00e9rente de tout ce que vous avez d\u00e9j\u00e0 pu voir en France m\u00e9tropolitaine. C&rsquo;est notamment pour cette raison, et bien d&rsquo;autres encore, que l&rsquo;\u00eele de beaut\u00e9 constitue une destination de choix pour des vacances d&rsquo;\u00e9t\u00e9 entre amis, en couple ou en famille. Pour votre r\u00e9servation de location de mobil-home en Corse, [&hellip;]\" \/>\n<meta property=\"og:url\" content=\"https:\/\/www.campings.com\/fr\/content\/guide-camping-corse\/\" \/>\n<meta property=\"article:modified_time\" content=\"2025-06-25T11:30:35+00:00\" \/>\n<meta property=\"og:image\" content=\"https:\/\/www.campings.com\/fr\/content\/wp-content\/uploads\/2019\/03\/Midi-P-6-min.jpg\" \/>\n\t<meta property=\"og:image:width\" content=\"1670\" \/>\n\t<meta property=\"og:image:height\" content=\"650\" \/>\n\t<meta property=\"og:image:type\" content=\"image\/jpeg\" \/>\n<meta name=\"twitter:card\" content=\"summary_large_image\" \/>\n<meta name=\"twitter:label1\" content=\"Dur\u00e9e de lecture estim\u00e9e\" \/>\n\t<meta name=\"twitter:data1\" content=\"1 minute\" \/>\n<script type=\"application\/ld+json\" class=\"yoast-schema-graph\">{\"@context\":\"https:\/\/schema.org\",\"@graph\":[{\"@type\":\"WebPage\",\"@id\":\"https:\/\/www.campings.com\/fr\/content\/guide-camping-corse\/\",\"url\":\"https:\/\/www.campings.com\/fr\/content\/guide-camping-corse\/\",\"name\":\"Guide Camping Corse -\",\"isPartOf\":{\"@id\":\"https:\/\/www.campings.com\/fr\/content\/#website\"},\"primaryImageOfPage\":{\"@id\":\"https:\/\/www.campings.com\/fr\/content\/guide-camping-corse\/#primaryimage\"},\"image\":{\"@id\":\"https:\/\/www.campings.com\/fr\/content\/guide-camping-corse\/#primaryimage\"},\"thumbnailUrl\":\"https:\/\/www.campings.com\/fr\/content\/wp-content\/uploads\/2019\/03\/Midi-P-6-min.jpg\",\"datePublished\":\"2019-03-22T13:08:56+00:00\",\"dateModified\":\"2025-06-25T11:30:35+00:00\",\"breadcrumb\":{\"@id\":\"https:\/\/www.campings.com\/fr\/content\/guide-camping-corse\/#breadcrumb\"},\"inLanguage\":\"fr-FR\",\"potentialAction\":[{\"@type\":\"ReadAction\",\"target\":[\"https:\/\/www.campings.com\/fr\/content\/guide-camping-corse\/\"]}]},{\"@type\":\"ImageObject\",\"inLanguage\":\"fr-FR\",\"@id\":\"https:\/\/www.campings.com\/fr\/content\/guide-camping-corse\/#primaryimage\",\"url\":\"https:\/\/www.campings.com\/fr\/content\/wp-content\/uploads\/2019\/03\/Midi-P-6-min.jpg\",\"contentUrl\":\"https:\/\/www.campings.com\/fr\/content\/wp-content\/uploads\/2019\/03\/Midi-P-6-min.jpg\",\"width\":1670,\"height\":650},{\"@type\":\"BreadcrumbList\",\"@id\":\"https:\/\/www.campings.com\/fr\/content\/guide-camping-corse\/#breadcrumb\",\"itemListElement\":[{\"@type\":\"ListItem\",\"position\":1,\"name\":\"Home\",\"item\":\"https:\/\/www.campings.com\/fr\/content\/\"},{\"@type\":\"ListItem\",\"position\":2,\"name\":\"Guide Camping Corse\"}]},{\"@type\":\"WebSite\",\"@id\":\"https:\/\/www.campings.com\/fr\/content\/#website\",\"url\":\"https:\/\/www.campings.com\/fr\/content\/\",\"name\":\"\",\"description\":\"\",\"publisher\":{\"@id\":\"https:\/\/www.campings.com\/fr\/content\/#organization\"},\"potentialAction\":[{\"@type\":\"SearchAction\",\"target\":{\"@type\":\"EntryPoint\",\"urlTemplate\":\"https:\/\/www.campings.com\/fr\/content\/?s={search_term_string}\"},\"query-input\":{\"@type\":\"PropertyValueSpecification\",\"valueRequired\":true,\"valueName\":\"search_term_string\"}}],\"inLanguage\":\"fr-FR\"},{\"@type\":\"Organization\",\"@id\":\"https:\/\/www.campings.com\/fr\/content\/#organization\",\"name\":\"CAMPINGS.COM\",\"url\":\"https:\/\/www.campings.com\/fr\/content\/\",\"logo\":{\"@type\":\"ImageObject\",\"inLanguage\":\"fr-FR\",\"@id\":\"https:\/\/www.campings.com\/fr\/content\/#\/schema\/logo\/image\/\",\"url\":\"https:\/\/www.campings.com\/fr\/content\/wp-content\/uploads\/2019\/01\/cropped-logo-1.png\",\"contentUrl\":\"https:\/\/www.campings.com\/fr\/content\/wp-content\/uploads\/2019\/01\/cropped-logo-1.png\",\"width\":174,\"height\":42,\"caption\":\"CAMPINGS.COM\"},\"image\":{\"@id\":\"https:\/\/www.campings.com\/fr\/content\/#\/schema\/logo\/image\/\"}}]}<\/script>\n<!-- \/ Yoast SEO plugin. -->","yoast_head_json":{"title":"Guide Camping Corse -","robots":{"index":"index","follow":"follow","max-snippet":"max-snippet:-1","max-image-preview":"max-image-preview:large","max-video-preview":"max-video-preview:-1"},"canonical":"https:\/\/www.campings.com\/fr\/content\/guide-camping-corse\/","og_locale":"fr_FR","og_type":"article","og_title":"Guide Camping Corse -","og_description":"La Corse est bien diff\u00e9rente de tout ce que vous avez d\u00e9j\u00e0 pu voir en France m\u00e9tropolitaine. C&rsquo;est notamment pour cette raison, et bien d&rsquo;autres encore, que l&rsquo;\u00eele de beaut\u00e9 constitue une destination de choix pour des vacances d&rsquo;\u00e9t\u00e9 entre amis, en couple ou en famille. Pour votre r\u00e9servation de location de mobil-home en Corse, [&hellip;]","og_url":"https:\/\/www.campings.com\/fr\/content\/guide-camping-corse\/","article_modified_time":"2025-06-25T11:30:35+00:00","og_image":[{"width":1670,"height":650,"url":"https:\/\/www.campings.com\/fr\/content\/wp-content\/uploads\/2019\/03\/Midi-P-6-min.jpg","type":"image\/jpeg"}],"twitter_card":"summary_large_image","twitter_misc":{"Dur\u00e9e de lecture estim\u00e9e":"1 minute"},"schema":{"@context":"https:\/\/schema.org","@graph":[{"@type":"WebPage","@id":"https:\/\/www.campings.com\/fr\/content\/guide-camping-corse\/","url":"https:\/\/www.campings.com\/fr\/content\/guide-camping-corse\/","name":"Guide Camping Corse -","isPartOf":{"@id":"https:\/\/www.campings.com\/fr\/content\/#website"},"primaryImageOfPage":{"@id":"https:\/\/www.campings.com\/fr\/content\/guide-camping-corse\/#primaryimage"},"image":{"@id":"https:\/\/www.campings.com\/fr\/content\/guide-camping-corse\/#primaryimage"},"thumbnailUrl":"https:\/\/www.campings.com\/fr\/content\/wp-content\/uploads\/2019\/03\/Midi-P-6-min.jpg","datePublished":"2019-03-22T13:08:56+00:00","dateModified":"2025-06-25T11:30:35+00:00","breadcrumb":{"@id":"https:\/\/www.campings.com\/fr\/content\/guide-camping-corse\/#breadcrumb"},"inLanguage":"fr-FR","potentialAction":[{"@type":"ReadAction","target":["https:\/\/www.campings.com\/fr\/content\/guide-camping-corse\/"]}]},{"@type":"ImageObject","inLanguage":"fr-FR","@id":"https:\/\/www.campings.com\/fr\/content\/guide-camping-corse\/#primaryimage","url":"https:\/\/www.campings.com\/fr\/content\/wp-content\/uploads\/2019\/03\/Midi-P-6-min.jpg","contentUrl":"https:\/\/www.campings.com\/fr\/content\/wp-content\/uploads\/2019\/03\/Midi-P-6-min.jpg","width":1670,"height":650},{"@type":"BreadcrumbList","@id":"https:\/\/www.campings.com\/fr\/content\/guide-camping-corse\/#breadcrumb","itemListElement":[{"@type":"ListItem","position":1,"name":"Home","item":"https:\/\/www.campings.com\/fr\/content\/"},{"@type":"ListItem","position":2,"name":"Guide Camping Corse"}]},{"@type":"WebSite","@id":"https:\/\/www.campings.com\/fr\/content\/#website","url":"https:\/\/www.campings.com\/fr\/content\/","name":"","description":"","publisher":{"@id":"https:\/\/www.campings.com\/fr\/content\/#organization"},"potentialAction":[{"@type":"SearchAction","target":{"@type":"EntryPoint","urlTemplate":"https:\/\/www.campings.com\/fr\/content\/?s={search_term_string}"},"query-input":{"@type":"PropertyValueSpecification","valueRequired":true,"valueName":"search_term_string"}}],"inLanguage":"fr-FR"},{"@type":"Organization","@id":"https:\/\/www.campings.com\/fr\/content\/#organization","name":"CAMPINGS.COM","url":"https:\/\/www.campings.com\/fr\/content\/","logo":{"@type":"ImageObject","inLanguage":"fr-FR","@id":"https:\/\/www.campings.com\/fr\/content\/#\/schema\/logo\/image\/","url":"https:\/\/www.campings.com\/fr\/content\/wp-content\/uploads\/2019\/01\/cropped-logo-1.png","contentUrl":"https:\/\/www.campings.com\/fr\/content\/wp-content\/uploads\/2019\/01\/cropped-logo-1.png","width":174,"height":42,"caption":"CAMPINGS.COM"},"image":{"@id":"https:\/\/www.campings.com\/fr\/content\/#\/schema\/logo\/image\/"}}]}},"_links":{"self":[{"href":"https:\/\/www.campings.com\/fr\/content\/wp-json\/wp\/v2\/pages\/336","targetHints":{"allow":["GET"]}}],"collection":[{"href":"https:\/\/www.campings.com\/fr\/content\/wp-json\/wp\/v2\/pages"}],"about":[{"href":"https:\/\/www.campings.com\/fr\/content\/wp-json\/wp\/v2\/types\/page"}],"author":[{"embeddable":true,"href":"https:\/\/www.campings.com\/fr\/content\/wp-json\/wp\/v2\/users\/2"}],"replies":[{"embeddable":true,"href":"https:\/\/www.campings.com\/fr\/content\/wp-json\/wp\/v2\/comments?post=336"}],"version-history":[{"count":24,"href":"https:\/\/www.campings.com\/fr\/content\/wp-json\/wp\/v2\/pages\/336\/revisions"}],"predecessor-version":[{"id":5631,"href":"https:\/\/www.campings.com\/fr\/content\/wp-json\/wp\/v2\/pages\/336\/revisions\/5631"}],"wp:featuredmedia":[{"embeddable":true,"href":"https:\/\/www.campings.com\/fr\/content\/wp-json\/wp\/v2\/media\/935"}],"wp:attachment":[{"href":"https:\/\/www.campings.com\/fr\/content\/wp-json\/wp\/v2\/media?parent=336"}],"curies":[{"name":"wp","href":"https:\/\/api.w.org\/{rel}","templated":true}]}}