{"id":3355,"date":"2022-02-11T12:01:52","date_gmt":"2022-02-11T12:01:52","guid":{"rendered":"https:\/\/www.campings.com\/fr\/content\/?page_id=3355"},"modified":"2022-02-11T12:01:52","modified_gmt":"2022-02-11T12:01:52","slug":"ile-de-porquerolles-var","status":"publish","type":"page","link":"https:\/\/www.campings.com\/fr\/content\/guide-vacances-var\/ile-de-porquerolles-var\/","title":{"rendered":"Les lieux \u00e0 d\u00e9couvrir sur l&rsquo;\u00eele de Porquerolles dans le Var"},"content":{"rendered":"<p>Avec ses 12,54 km\u00b2, l\u2019\u00eele de Porquerolles est la plus grande des trois \u00eeles d\u2019Hy\u00e8res. V\u00e9ritable petit coin de paradis, cette \u00eele sauvage vous promet une escale pleine de charme, riche en d\u00e9couvertes. D\u00e9couvrez toutes les activit\u00e9s \u00e0 faire \u00e0 Porquerolles !<\/p>\n<p>L&rsquo;\u00eele de Porquerolles se trouve au large de la Presqu\u2019\u00eele de Giens, dans le\u00a0<a href=\"https:\/\/www.campings.com\/fr\/content\/guide-vacances-var\/\"><strong>Var<\/strong><\/a>. Ce petit joyau de la M\u00e9diterran\u00e9e r\u00e9unit tous les ingr\u00e9dients pour un s\u00e9jour de r\u00eave rimant avec calme et farniente. Plages de sable fin, criques sauvages, climat m\u00e9diterran\u00e9en doux et chaud, paysages exceptionnels\u2026 Mais cette \u00eele vous r\u00e9servera bien d\u2019autres surprises. On vous dit tout !<\/p>\n<h2><strong>Les plus belles plages de l\u2019\u00eele de Porquerolles<\/strong><\/h2>\n<p>Les 3 plages suivantes sont class\u00e9es parmi les plus belles de la M\u00e9diterran\u00e9e. Ne manquez pas de les d\u00e9couvrir lors de votre passage sur la c\u00f4te d\u2019Azur !<\/p>\n<h3><strong>La plage d\u2019Argent<\/strong><\/h3>\n<p>La plage d\u2019Argent est parfaite pour une escapade en famille. Ce petit bijou se caract\u00e9rise par des eaux de faible profondeur et un sable fin et chaud aux reflets argent\u00e9s. Vous pourrez m\u00eame pratiquer la plong\u00e9e afin d\u2019admirer les merveilles des fonds marins.<\/p>\n<h3><strong>La plage Notre Dame<\/strong><\/h3>\n<p>Situ\u00e9 dans un cadre pr\u00e9serv\u00e9, ce spot sauvage est class\u00e9 parmi les plus belles plages d\u2019Europe. Pour y acc\u00e9der, vous devez emprunter des sentiers, puis marcher le long d\u2019une pin\u00e8de. Peu fr\u00e9quent\u00e9e, cette plage permet de se baigner en toute qui\u00e9tude loin de la foule.<\/p>\n<p><img loading=\"lazy\" decoding=\"async\" class=\"alignnone size-full wp-image-3356\" src=\"https:\/\/www.campings.com\/fr\/content\/wp-content\/uploads\/2022\/02\/ile-de-porquerolles_Plage-Notre-Dame-min.png\" alt=\"\" width=\"1000\" height=\"665\" srcset=\"https:\/\/www.campings.com\/fr\/content\/wp-content\/uploads\/2022\/02\/ile-de-porquerolles_Plage-Notre-Dame-min.png 1000w, https:\/\/www.campings.com\/fr\/content\/wp-content\/uploads\/2022\/02\/ile-de-porquerolles_Plage-Notre-Dame-min-300x200.png 300w, https:\/\/www.campings.com\/fr\/content\/wp-content\/uploads\/2022\/02\/ile-de-porquerolles_Plage-Notre-Dame-min-768x511.png 768w, https:\/\/www.campings.com\/fr\/content\/wp-content\/uploads\/2022\/02\/ile-de-porquerolles_Plage-Notre-Dame-min-450x299.png 450w, https:\/\/www.campings.com\/fr\/content\/wp-content\/uploads\/2022\/02\/ile-de-porquerolles_Plage-Notre-Dame-min-430x286.png 430w\" sizes=\"auto, (max-width: 1000px) 100vw, 1000px\" \/><\/p>\n<h3><strong>La plage de la Courtade<\/strong><\/h3>\n<p>Bord\u00e9e de pins, cette plage aux eaux turquoise et au sable dor\u00e9 est parfaite pour pique-niquer en famille. Quelques restaurants vous ouvrent leurs portes afin de d\u00e9guster les nombreuses sp\u00e9cialit\u00e9s de poissons et de fruits de mer.<\/p>\n<h2><strong>Les activit\u00e9s \u00e0 faire en famille<\/strong><\/h2>\n<p>\u00c0 Porquerolles, les activit\u00e9s \u00e0 faire en famille ne manquent pas. Une bonne raison de s\u00e9journer sur l\u2019\u00eele lors de vos vacances dans le\u00a0<a href=\"https:\/\/www.campings.com\/fr\/france\/provence-alpes-cote-d-azur\/var\"><strong>Var<\/strong><\/a> ! Voici notre guide des meilleures choses \u00e0 faire avec les enfants.<\/p>\n<h3><strong>Faire le tour de l\u2019\u00eele en v\u00e9lo<\/strong><\/h3>\n<p>Avec ses 50 km de sentiers, l\u2019\u00eele est parfaite pour la randonn\u00e9e en v\u00e9lo. Une mani\u00e8re ludique de d\u00e9couvrir la faune et la flore locale avec les enfants tout en profitant des plaisirs du v\u00e9lo.<\/p>\n<h3><strong>Faire de la plong\u00e9e<\/strong><\/h3>\n<p>L\u2019\u00eele de Porquerolles est g\u00e9r\u00e9e par le Parc National de Port-Cros. De ce fait, la p\u00eache est interdite le long de son littoral, permettant \u00e0 la biodiversit\u00e9 marine de se d\u00e9velopper. Plusieurs spots de plong\u00e9e comme le Sec des Sarraniers, le Donator et le Sagona sont tr\u00e8s pris\u00e9s par les plongeurs.<\/p>\n<h3><strong>Se balader sur les falaises rouges bord\u00e9es de calanques<\/strong><\/h3>\n<p>Ne manquez pas de vous promener sur les falaises rouges bord\u00e9es de calanques de l\u2019\u00eele\u2026 Apr\u00e8s quelques minutes d\u2019escalade, vous serez r\u00e9compens\u00e9s par une superbe vue \u00e0 couper le souffle.<\/p>\n<h3><strong>Visiter Porquerolles<\/strong><\/h3>\n<p>Envie de sillonner l\u2019\u00eele de Porquerolles \u00e0 pied ? Commencez votre p\u00e9riple en allant visiter son phare haut de 84 m\u00e8tres. Ne manquez pas de visiter ses nombreux forts ainsi que ses domaines viticoles (domaine Perzinsky, domaine de la Courtade).<\/p>\n<p><img loading=\"lazy\" decoding=\"async\" class=\"alignnone size-full wp-image-3357\" src=\"https:\/\/www.campings.com\/fr\/content\/wp-content\/uploads\/2022\/02\/ile-de-Porquerolles_1-min.png\" alt=\"\" width=\"1000\" height=\"665\" srcset=\"https:\/\/www.campings.com\/fr\/content\/wp-content\/uploads\/2022\/02\/ile-de-Porquerolles_1-min.png 1000w, https:\/\/www.campings.com\/fr\/content\/wp-content\/uploads\/2022\/02\/ile-de-Porquerolles_1-min-300x200.png 300w, https:\/\/www.campings.com\/fr\/content\/wp-content\/uploads\/2022\/02\/ile-de-Porquerolles_1-min-768x511.png 768w, https:\/\/www.campings.com\/fr\/content\/wp-content\/uploads\/2022\/02\/ile-de-Porquerolles_1-min-450x299.png 450w, https:\/\/www.campings.com\/fr\/content\/wp-content\/uploads\/2022\/02\/ile-de-Porquerolles_1-min-430x286.png 430w\" sizes=\"auto, (max-width: 1000px) 100vw, 1000px\" \/><\/p>\n<h2><strong>S\u00e9lection de restaurants<\/strong><\/h2>\n<p>D\u00e9couvrez notre s\u00e9lection de restaurants o\u00f9 d\u00e9guster de bons petits plats locaux.<\/p>\n<ul>\n<li>La Fringale<\/li>\n<\/ul>\n<p>Ce petit restaurant propose une cuisine m\u00e9diterran\u00e9enne aux accents de la Provence. Parmi les sp\u00e9cialit\u00e9s : les calamars en persillade avec du risotto. Le prix des plats varie entre 17 et 38 euros.<br \/>\nPour r\u00e9server : +33 4 94 58 34 45.<\/p>\n<p>Adresse : 29-39 Rue de l&rsquo;Artisanat, 83400 Hy\u00e8res<\/p>\n<ul>\n<li>L\u2019Orangeraie<\/li>\n<\/ul>\n<p>Ce restaurant avec terrasse offre une magnifique vue sur la mer. Au menu : des sp\u00e9cialit\u00e9s \u00e0 base de poissons et crustac\u00e9s frais, accessibles \u00e0 partir de 16 euros.<\/p>\n<p>Adresse : Place d&rsquo;Armes, 83400 Hy\u00e8res<br \/>\nPour r\u00e9server : +33 4 94 57 54 22.<\/p>\n<ul>\n<li>Il Pescatore<\/li>\n<\/ul>\n<p>Ce restaurant avec terrasse et bar offre une vue \u00e9poustouflante sur la rade d\u2019Hy\u00e8res. Au menu : des plats simples et gourmands avec un esprit brasserie. Le rapport qualit\u00e9-prix est correct.<br \/>\nAdresse : quai des P\u00eacheurs, 83400 Hy\u00e8res.<br \/>\nPour r\u00e9server : 06 65 77 46 46.<\/p>\n<ul>\n<li>L\u2019Olivier Restaurant<\/li>\n<\/ul>\n<p>Ce restaurant avec terrasse propose une cuisine m\u00e9diterran\u00e9enne aux saveurs de la Provence. Le tarif des plats varie entre 24 et 120 euros.<br \/>\nAdresse : 2588 chemin du Langoustier, 83 400 Hy\u00e8res<br \/>\nPour r\u00e9server : +33 4 94 58 30 09.<\/p>\n<h2><strong>Comment se rendre sur l\u2019\u00eele de Porquerolles ?<\/strong><\/h2>\n<p>Vous pouvez vous rendre sur l\u2019\u00eele de deux mani\u00e8res :<\/p>\n<h3><strong>Par la navette TLV-TVM au d\u00e9part de la Tour Fondue ou du Port d\u2019Hy\u00e8res<\/strong><\/h3>\n<p>Les horaires et les tarifs au d\u00e9part de la Tour Fondue ou du Port d\u2019Hy\u00e8res d\u00e9pendent de la saison. Le prix des billets aller-retour pour les adultes varie entre 17 et 22 euros. Le matin, la navette bateau passe \u00e0 7h, \u00e0 8h30, \u00e0 10h puis \u00e0 11h30. Les travers\u00e9es sont assur\u00e9es jusqu\u2019\u00e0 17h15 environ.<\/p>\n<h3><strong>Via une travers\u00e9e personnalis\u00e9e en bateau-taxi<\/strong><\/h3>\n<p>Pour un trajet personnalis\u00e9, vous pouvez opter pour un bateau-taxi. Le tarif d\u2019un aller-retour est \u00e0 partir de 32 euros par personne.<\/p>\n<h2><strong>S\u00e9lection de campings<\/strong><\/h2>\n<p>Si vous programmez des vacances dans le\u00a0<a href=\"https:\/\/www.campings.com\/fr\/france\/provence-alpes-cote-d-azur\/var\"><strong>Var<\/strong><\/a>, choisissez parmi l\u2019un de ces campings situ\u00e9s \u00e0 proximit\u00e9 des points d\u2019embarcation ou sur l\u2019\u00eele.<\/p>\n<h3><strong>Camping La Br\u00fblade<\/strong><\/h3>\n<p>Cet \u00e9tablissement dispose d\u2019un grand jardin fleuri et d\u2019une grande piscine ext\u00e9rieure pour passer de bons moments en famille.<\/p>\n<p>Adresse : 1263 avenue du G\u00e9n\u00e9ral de Gaulle, 83250 La Londe-les-Maures<\/p>\n<p><a href=\"https:\/\/www.campings.com\/fr\/camping\/camping-la-brulade-79824\"><strong>Plus d\u2019infos sur le Camping La Brulade<\/strong><\/a><u>.<\/u><\/p>\n<h3><strong>Camping Clair de Lune<\/strong><\/h3>\n<p>Cet \u00e9tablissement dispose de plusieurs mobil-homes confortables et spacieux.<\/p>\n<p>Adresse : 27 avenue du Clair de Lune, 83400 GIENS<br \/>\n<a href=\"https:\/\/www.campings.com\/fr\/camping\/camping-clair-de-lune-85562\"><strong>Plus d\u2019infos sur le Camping Clair de Lune<\/strong><\/a><u>.<\/u><\/p>\n<h3><strong>Camping L&rsquo;Artaudois<\/strong><\/h3>\n<p>Situ\u00e9 \u00e0 1km de la plage de la Garonne, ce camping tout confort est ouvert d\u2019avril \u00e0 octobre.<br \/>\nAdresse : 529 chemin de l&rsquo;Artaude &#8211; 83220 LE PRADET.<\/p>\n<p><a href=\"https:\/\/www.campings.com\/fr\/camping\/camping-l-artaudois-79784\"><strong>Plus d\u2019infos sur le Camping L&rsquo;Artaudois<\/strong><\/a><u>.\u00a0<\/u><\/p>\n<p>&nbsp;<\/p>\n","protected":false},"excerpt":{"rendered":"<p>Avec ses 12,54 km\u00b2, l\u2019\u00eele de Porquerolles est la plus grande des trois \u00eeles d\u2019Hy\u00e8res. V\u00e9ritable petit coin de paradis, cette \u00eele sauvage vous promet une escale pleine de charme, riche en d\u00e9couvertes. D\u00e9couvrez toutes les activit\u00e9s \u00e0 faire \u00e0 Porquerolles ! L&rsquo;\u00eele de Porquerolles se trouve au large de la Presqu\u2019\u00eele de Giens, dans [&hellip;]<\/p>\n","protected":false},"author":18,"featured_media":0,"parent":3309,"menu_order":0,"comment_status":"closed","ping_status":"closed","template":"template-twocolumns.php","meta":{"_acf_changed":false,"footnotes":""},"class_list":["post-3355","page","type-page","status-publish","hentry"],"acf":[],"yoast_head":"<!-- This site is optimized with the Yoast SEO plugin v27.1.1 - https:\/\/yoast.com\/product\/yoast-seo-wordpress\/ -->\n<title>Les lieux \u00e0 d\u00e9couvrir sur l&#039;\u00eele de Porquerolles dans le Var -<\/title>\n<meta name=\"robots\" content=\"index, follow, max-snippet:-1, max-image-preview:large, max-video-preview:-1\" \/>\n<link rel=\"canonical\" href=\"https:\/\/www.campings.com\/fr\/content\/guide-vacances-var\/ile-de-porquerolles-var\/\" \/>\n<meta property=\"og:locale\" content=\"fr_FR\" \/>\n<meta property=\"og:type\" content=\"article\" \/>\n<meta property=\"og:title\" content=\"Les lieux \u00e0 d\u00e9couvrir sur l&#039;\u00eele de Porquerolles dans le Var -\" \/>\n<meta property=\"og:description\" content=\"Avec ses 12,54 km\u00b2, l\u2019\u00eele de Porquerolles est la plus grande des trois \u00eeles d\u2019Hy\u00e8res. V\u00e9ritable petit coin de paradis, cette \u00eele sauvage vous promet une escale pleine de charme, riche en d\u00e9couvertes. D\u00e9couvrez toutes les activit\u00e9s \u00e0 faire \u00e0 Porquerolles ! L&rsquo;\u00eele de Porquerolles se trouve au large de la Presqu\u2019\u00eele de Giens, dans [&hellip;]\" \/>\n<meta property=\"og:url\" content=\"https:\/\/www.campings.com\/fr\/content\/guide-vacances-var\/ile-de-porquerolles-var\/\" \/>\n<meta property=\"og:image\" content=\"https:\/\/www.campings.com\/fr\/content\/wp-content\/uploads\/2022\/02\/ile-de-porquerolles_Plage-Notre-Dame-min.png\" \/>\n\t<meta property=\"og:image:width\" content=\"1000\" \/>\n\t<meta property=\"og:image:height\" content=\"665\" \/>\n\t<meta property=\"og:image:type\" content=\"image\/png\" \/>\n<meta name=\"twitter:card\" content=\"summary_large_image\" \/>\n<meta name=\"twitter:label1\" content=\"Dur\u00e9e de lecture estim\u00e9e\" \/>\n\t<meta name=\"twitter:data1\" content=\"5 minutes\" \/>\n<script type=\"application\/ld+json\" class=\"yoast-schema-graph\">{\"@context\":\"https:\/\/schema.org\",\"@graph\":[{\"@type\":\"WebPage\",\"@id\":\"https:\/\/www.campings.com\/fr\/content\/guide-vacances-var\/ile-de-porquerolles-var\/\",\"url\":\"https:\/\/www.campings.com\/fr\/content\/guide-vacances-var\/ile-de-porquerolles-var\/\",\"name\":\"Les lieux \u00e0 d\u00e9couvrir sur l'\u00eele de Porquerolles dans le Var -\",\"isPartOf\":{\"@id\":\"https:\/\/www.campings.com\/fr\/content\/#website\"},\"primaryImageOfPage\":{\"@id\":\"https:\/\/www.campings.com\/fr\/content\/guide-vacances-var\/ile-de-porquerolles-var\/#primaryimage\"},\"image\":{\"@id\":\"https:\/\/www.campings.com\/fr\/content\/guide-vacances-var\/ile-de-porquerolles-var\/#primaryimage\"},\"thumbnailUrl\":\"https:\/\/www.campings.com\/fr\/content\/wp-content\/uploads\/2022\/02\/ile-de-porquerolles_Plage-Notre-Dame-min.png\",\"datePublished\":\"2022-02-11T12:01:52+00:00\",\"breadcrumb\":{\"@id\":\"https:\/\/www.campings.com\/fr\/content\/guide-vacances-var\/ile-de-porquerolles-var\/#breadcrumb\"},\"inLanguage\":\"fr-FR\",\"potentialAction\":[{\"@type\":\"ReadAction\",\"target\":[\"https:\/\/www.campings.com\/fr\/content\/guide-vacances-var\/ile-de-porquerolles-var\/\"]}]},{\"@type\":\"ImageObject\",\"inLanguage\":\"fr-FR\",\"@id\":\"https:\/\/www.campings.com\/fr\/content\/guide-vacances-var\/ile-de-porquerolles-var\/#primaryimage\",\"url\":\"https:\/\/www.campings.com\/fr\/content\/wp-content\/uploads\/2022\/02\/ile-de-porquerolles_Plage-Notre-Dame-min.png\",\"contentUrl\":\"https:\/\/www.campings.com\/fr\/content\/wp-content\/uploads\/2022\/02\/ile-de-porquerolles_Plage-Notre-Dame-min.png\",\"width\":1000,\"height\":665},{\"@type\":\"BreadcrumbList\",\"@id\":\"https:\/\/www.campings.com\/fr\/content\/guide-vacances-var\/ile-de-porquerolles-var\/#breadcrumb\",\"itemListElement\":[{\"@type\":\"ListItem\",\"position\":1,\"name\":\"Home\",\"item\":\"https:\/\/www.campings.com\/fr\/content\/\"},{\"@type\":\"ListItem\",\"position\":2,\"name\":\"Le guide de vos vacances dans le Var\",\"item\":\"https:\/\/www.campings.com\/fr\/content\/guide-vacances-var\/\"},{\"@type\":\"ListItem\",\"position\":3,\"name\":\"Les lieux \u00e0 d\u00e9couvrir sur l&rsquo;\u00eele de Porquerolles dans le Var\"}]},{\"@type\":\"WebSite\",\"@id\":\"https:\/\/www.campings.com\/fr\/content\/#website\",\"url\":\"https:\/\/www.campings.com\/fr\/content\/\",\"name\":\"\",\"description\":\"\",\"publisher\":{\"@id\":\"https:\/\/www.campings.com\/fr\/content\/#organization\"},\"potentialAction\":[{\"@type\":\"SearchAction\",\"target\":{\"@type\":\"EntryPoint\",\"urlTemplate\":\"https:\/\/www.campings.com\/fr\/content\/?s={search_term_string}\"},\"query-input\":{\"@type\":\"PropertyValueSpecification\",\"valueRequired\":true,\"valueName\":\"search_term_string\"}}],\"inLanguage\":\"fr-FR\"},{\"@type\":\"Organization\",\"@id\":\"https:\/\/www.campings.com\/fr\/content\/#organization\",\"name\":\"CAMPINGS.COM\",\"url\":\"https:\/\/www.campings.com\/fr\/content\/\",\"logo\":{\"@type\":\"ImageObject\",\"inLanguage\":\"fr-FR\",\"@id\":\"https:\/\/www.campings.com\/fr\/content\/#\/schema\/logo\/image\/\",\"url\":\"https:\/\/www.campings.com\/fr\/content\/wp-content\/uploads\/2019\/01\/cropped-logo-1.png\",\"contentUrl\":\"https:\/\/www.campings.com\/fr\/content\/wp-content\/uploads\/2019\/01\/cropped-logo-1.png\",\"width\":174,\"height\":42,\"caption\":\"CAMPINGS.COM\"},\"image\":{\"@id\":\"https:\/\/www.campings.com\/fr\/content\/#\/schema\/logo\/image\/\"}}]}<\/script>\n<!-- \/ Yoast SEO plugin. -->","yoast_head_json":{"title":"Les lieux \u00e0 d\u00e9couvrir sur l'\u00eele de Porquerolles dans le Var -","robots":{"index":"index","follow":"follow","max-snippet":"max-snippet:-1","max-image-preview":"max-image-preview:large","max-video-preview":"max-video-preview:-1"},"canonical":"https:\/\/www.campings.com\/fr\/content\/guide-vacances-var\/ile-de-porquerolles-var\/","og_locale":"fr_FR","og_type":"article","og_title":"Les lieux \u00e0 d\u00e9couvrir sur l'\u00eele de Porquerolles dans le Var -","og_description":"Avec ses 12,54 km\u00b2, l\u2019\u00eele de Porquerolles est la plus grande des trois \u00eeles d\u2019Hy\u00e8res. V\u00e9ritable petit coin de paradis, cette \u00eele sauvage vous promet une escale pleine de charme, riche en d\u00e9couvertes. D\u00e9couvrez toutes les activit\u00e9s \u00e0 faire \u00e0 Porquerolles ! L&rsquo;\u00eele de Porquerolles se trouve au large de la Presqu\u2019\u00eele de Giens, dans [&hellip;]","og_url":"https:\/\/www.campings.com\/fr\/content\/guide-vacances-var\/ile-de-porquerolles-var\/","og_image":[{"width":1000,"height":665,"url":"https:\/\/www.campings.com\/fr\/content\/wp-content\/uploads\/2022\/02\/ile-de-porquerolles_Plage-Notre-Dame-min.png","type":"image\/png"}],"twitter_card":"summary_large_image","twitter_misc":{"Dur\u00e9e de lecture estim\u00e9e":"5 minutes"},"schema":{"@context":"https:\/\/schema.org","@graph":[{"@type":"WebPage","@id":"https:\/\/www.campings.com\/fr\/content\/guide-vacances-var\/ile-de-porquerolles-var\/","url":"https:\/\/www.campings.com\/fr\/content\/guide-vacances-var\/ile-de-porquerolles-var\/","name":"Les lieux \u00e0 d\u00e9couvrir sur l'\u00eele de Porquerolles dans le Var -","isPartOf":{"@id":"https:\/\/www.campings.com\/fr\/content\/#website"},"primaryImageOfPage":{"@id":"https:\/\/www.campings.com\/fr\/content\/guide-vacances-var\/ile-de-porquerolles-var\/#primaryimage"},"image":{"@id":"https:\/\/www.campings.com\/fr\/content\/guide-vacances-var\/ile-de-porquerolles-var\/#primaryimage"},"thumbnailUrl":"https:\/\/www.campings.com\/fr\/content\/wp-content\/uploads\/2022\/02\/ile-de-porquerolles_Plage-Notre-Dame-min.png","datePublished":"2022-02-11T12:01:52+00:00","breadcrumb":{"@id":"https:\/\/www.campings.com\/fr\/content\/guide-vacances-var\/ile-de-porquerolles-var\/#breadcrumb"},"inLanguage":"fr-FR","potentialAction":[{"@type":"ReadAction","target":["https:\/\/www.campings.com\/fr\/content\/guide-vacances-var\/ile-de-porquerolles-var\/"]}]},{"@type":"ImageObject","inLanguage":"fr-FR","@id":"https:\/\/www.campings.com\/fr\/content\/guide-vacances-var\/ile-de-porquerolles-var\/#primaryimage","url":"https:\/\/www.campings.com\/fr\/content\/wp-content\/uploads\/2022\/02\/ile-de-porquerolles_Plage-Notre-Dame-min.png","contentUrl":"https:\/\/www.campings.com\/fr\/content\/wp-content\/uploads\/2022\/02\/ile-de-porquerolles_Plage-Notre-Dame-min.png","width":1000,"height":665},{"@type":"BreadcrumbList","@id":"https:\/\/www.campings.com\/fr\/content\/guide-vacances-var\/ile-de-porquerolles-var\/#breadcrumb","itemListElement":[{"@type":"ListItem","position":1,"name":"Home","item":"https:\/\/www.campings.com\/fr\/content\/"},{"@type":"ListItem","position":2,"name":"Le guide de vos vacances dans le Var","item":"https:\/\/www.campings.com\/fr\/content\/guide-vacances-var\/"},{"@type":"ListItem","position":3,"name":"Les lieux \u00e0 d\u00e9couvrir sur l&rsquo;\u00eele de Porquerolles dans le Var"}]},{"@type":"WebSite","@id":"https:\/\/www.campings.com\/fr\/content\/#website","url":"https:\/\/www.campings.com\/fr\/content\/","name":"","description":"","publisher":{"@id":"https:\/\/www.campings.com\/fr\/content\/#organization"},"potentialAction":[{"@type":"SearchAction","target":{"@type":"EntryPoint","urlTemplate":"https:\/\/www.campings.com\/fr\/content\/?s={search_term_string}"},"query-input":{"@type":"PropertyValueSpecification","valueRequired":true,"valueName":"search_term_string"}}],"inLanguage":"fr-FR"},{"@type":"Organization","@id":"https:\/\/www.campings.com\/fr\/content\/#organization","name":"CAMPINGS.COM","url":"https:\/\/www.campings.com\/fr\/content\/","logo":{"@type":"ImageObject","inLanguage":"fr-FR","@id":"https:\/\/www.campings.com\/fr\/content\/#\/schema\/logo\/image\/","url":"https:\/\/www.campings.com\/fr\/content\/wp-content\/uploads\/2019\/01\/cropped-logo-1.png","contentUrl":"https:\/\/www.campings.com\/fr\/content\/wp-content\/uploads\/2019\/01\/cropped-logo-1.png","width":174,"height":42,"caption":"CAMPINGS.COM"},"image":{"@id":"https:\/\/www.campings.com\/fr\/content\/#\/schema\/logo\/image\/"}}]}},"_links":{"self":[{"href":"https:\/\/www.campings.com\/fr\/content\/wp-json\/wp\/v2\/pages\/3355","targetHints":{"allow":["GET"]}}],"collection":[{"href":"https:\/\/www.campings.com\/fr\/content\/wp-json\/wp\/v2\/pages"}],"about":[{"href":"https:\/\/www.campings.com\/fr\/content\/wp-json\/wp\/v2\/types\/page"}],"author":[{"embeddable":true,"href":"https:\/\/www.campings.com\/fr\/content\/wp-json\/wp\/v2\/users\/18"}],"replies":[{"embeddable":true,"href":"https:\/\/www.campings.com\/fr\/content\/wp-json\/wp\/v2\/comments?post=3355"}],"version-history":[{"count":1,"href":"https:\/\/www.campings.com\/fr\/content\/wp-json\/wp\/v2\/pages\/3355\/revisions"}],"predecessor-version":[{"id":3358,"href":"https:\/\/www.campings.com\/fr\/content\/wp-json\/wp\/v2\/pages\/3355\/revisions\/3358"}],"up":[{"embeddable":true,"href":"https:\/\/www.campings.com\/fr\/content\/wp-json\/wp\/v2\/pages\/3309"}],"wp:attachment":[{"href":"https:\/\/www.campings.com\/fr\/content\/wp-json\/wp\/v2\/media?parent=3355"}],"curies":[{"name":"wp","href":"https:\/\/api.w.org\/{rel}","templated":true}]}}