{"id":3351,"date":"2022-02-11T11:58:05","date_gmt":"2022-02-11T11:58:05","guid":{"rendered":"https:\/\/www.campings.com\/fr\/content\/?page_id=3351"},"modified":"2022-03-25T09:59:10","modified_gmt":"2022-03-25T09:59:10","slug":"meilleurs-campings-var","status":"publish","type":"page","link":"https:\/\/www.campings.com\/fr\/content\/guide-vacances-var\/meilleurs-campings-var\/","title":{"rendered":"Notre s\u00e9lection des meilleurs campings dans le Var"},"content":{"rendered":"<p>Premier d\u00e9partement touristique de France, le Var est une destination tr\u00e8s pris\u00e9e par les touristes. Si vous envisagez d\u2019y s\u00e9journer, optez pour une location en camping. Une solution d&rsquo;h\u00e9bergement \u00e0 la fois \u00e9conomique et conviviale qui vous promet des vacances r\u00e9ussies.<\/p>\n<p>Le <strong><a href=\"https:\/\/www.campings.com\/fr\/content\/guide-vacances-var\/\">Var<\/a> <\/strong>est une destination id\u00e9ale pour des vacances au soleil ! En plus de ses magnifiques plages de sable fin et ses criques sauvages, le\u00a0<a href=\"https:\/\/www.campings.com\/fr\/france\/provence-alpes-cote-d-azur\/var\"><strong>Var<\/strong>\u00a0<\/a>abrite aussi de magnifiques villages. Le Lavandou, Bormes-les-Mimosas, Gar\u00e9oult ou encore Forcalqueiret\u2026 B\u00e9n\u00e9ficiant d\u2019un climat m\u00e9diterran\u00e9en, doux et ensoleill\u00e9, le Var se visite \u00e0 n\u2019importe quelle p\u00e9riode de l\u2019ann\u00e9e. Pour un s\u00e9jour plac\u00e9 sous le signe de la convivialit\u00e9, louez un camping ! Voici notre s\u00e9lection des meilleurs \u00e9tablissements dans le Var.<\/p>\n<h2><strong>S\u00e9lection de campings en bord de mer<\/strong><\/h2>\n<h3><strong>Camping de l\u2019\u00cele d\u2019Or, les pieds dans l\u2019eau<\/strong><\/h3>\n<p>Situ\u00e9 \u00e0 200 m de la plage, ce camping offre toutes les commodit\u00e9s pour un s\u00e9jour r\u00e9ussi. L\u2019\u00e9tablissement met \u00e0 votre disposition une laverie, une \u00e9picerie, une sup\u00e9rette, un restaurant ainsi qu\u2019une piscine ext\u00e9rieure et une pataugeoire.<\/p>\n<p><a href=\"https:\/\/www.campings.com\/fr\/camping\/camping-de-l-ile-d-or-78383\">Plus d\u2019infos sur le Camping de l\u2019Ile d\u2019Or<\/a>.<\/p>\n<h3><strong>Camping Les Lauriers Roses et sa piscine chauff\u00e9e<\/strong><\/h3>\n<p>\u00c0 Fr\u00e9jus, ce camping dispose d\u2019une piscine et d\u2019une pataugeoire chauff\u00e9es. Des soir\u00e9es \u00e0 th\u00e8me sont r\u00e9guli\u00e8rement organis\u00e9es en \u00e9t\u00e9.<\/p>\n<p><a href=\"https:\/\/www.campings.com\/fr\/camping\/camping-les-lauriers-roses-80105\">Plus d\u2019infos sur le Camping Les Lauriers Roses<\/a>.<\/p>\n<h3><strong>Camping Le\u00ef Suves<\/strong><\/h3>\n<p>Si vous s\u00e9journez \u00e0 Roquebrune-sur-Argens, optez pour ce camping ! En plus de sa piscine ext\u00e9rieure chauff\u00e9e, l\u2019\u00e9tablissement propose de nombreuses activit\u00e9s ludiques.<\/p>\n<p><a href=\"https:\/\/www.campings.com\/fr\/camping\/camping-lei-suves-79143\">Plus d\u2019infos sur le Camping Le\u00ef Suves<\/a>.<\/p>\n<h3><strong>Camping Domaine de la Bergerie<\/strong><\/h3>\n<p>Situ\u00e9 \u00e0 Roquebrune-sur-Argens, ce camping 5 \u00e9toiles est parfait pour des vacances dans le Var tout confort dans un emplacement de r\u00eave.<\/p>\n<p><a href=\"https:\/\/www.campings.com\/fr\/camping\/domaine-de-la-bergerie-80097\">Plus d\u2019infos sur le Camping Domaine de la Bergerie<\/a>.<\/p>\n<h2><strong>Le meilleur du camping familial dans le Var<\/strong><\/h2>\n<p>Avec ses sites naturels pr\u00e9serv\u00e9s, le d\u00e9partement du\u00a0<a href=\"https:\/\/www.campings.com\/fr\/content\/guide-vacances-var\/\"><strong>Var<\/strong><\/a>\u00a0regorge de tr\u00e9sors qui \u00e9merveillent petits et grands. Une destination familiale parfaite pour les vacances ! D\u00e9couvrez notre s\u00e9lection des meilleurs campings familiaux.<\/p>\n<h3><strong>Camping Le\u00ef Suves<\/strong><\/h3>\n<p>Situ\u00e9 \u00e0 Roquebrune-sur-Argens, \u00e0 12 km de la mer, ce camping donne acc\u00e8s \u00e0 de nombreuses activit\u00e9s nautiques.<\/p>\n<p><a href=\"https:\/\/www.campings.com\/fr\/camping\/camping-lei-suves-79143\">Plus d\u2019infos sur le camping Le\u00ef Suves.<\/a><\/p>\n<h3><strong>Camping Domaine de la Bergerie<\/strong><\/h3>\n<p>Situ\u00e9 pr\u00e8s de Saint-Tropez et des Gorges du Verdon, ce camping b\u00e9n\u00e9ficie d\u2019un emplacement privil\u00e9gi\u00e9. En 2021, il a obtenu la m\u00e9daille d\u2019Or de la satisfaction client pour la qualit\u00e9 de ses prestations.<\/p>\n<p><a href=\"https:\/\/www.campings.com\/fr\/camping\/domaine-de-la-bergerie-80097\">Plus d\u2019infos sur le Camping le Domaine de la Bergerie.<\/a><\/p>\n<h3><strong>Camping au Paradis des Campeurs<\/strong><\/h3>\n<p>Ce camping est situ\u00e9 \u00e0 20 minutes environ de Sainte-Maxime et de Fr\u00e9jus. Vous aurez un acc\u00e8s direct \u00e0 la plage de La Gaillarde et \u00e0 ses jolies criques.<\/p>\n<p><a href=\"https:\/\/www.campings.com\/fr\/camping\/camping-au-paradis-des-campeurs-80067\">Plus d\u2019infos sur le Camping au Paradis des Campeurs.<\/a><\/p>\n<h3><strong>Camping Site de Gorge Vent<\/strong><\/h3>\n<p>Ce camping offre un large choix de distractions :<\/p>\n<ul>\n<li>Baignade ;<\/li>\n<li>Ping-pong ;<\/li>\n<li>Un club, un toboggan aquatique et une pataugeoire pour les enfants ;<\/li>\n<li>Etc.<\/li>\n<\/ul>\n<p><a href=\"https:\/\/www.campings.com\/fr\/camping\/camping-site-de-gorge-vent-77283\">Plus d\u2019infos sur le Camping Site de Gorge Vent.<\/a><\/p>\n<h2><strong>S\u00e9lection de campings autour de Fr\u00e9jus<\/strong><\/h2>\n<p>En plus d\u2019\u00eatre une ville d\u2019art et d\u2019histoire, Fr\u00e9jus et une station baln\u00e9aire tr\u00e8s r\u00e9put\u00e9e dans le d\u00e9partement du Var. Voici quelques campings accessibles \u00e0 tous les budgets.<\/p>\n<h3><strong>Camping Siblu Le Montourey <\/strong><\/h3>\n<p>Parfait pour les amateurs de baignade, ce camping dispose de deux piscines ext\u00e9rieures, dont une chauff\u00e9e.<\/p>\n<p><img loading=\"lazy\" decoding=\"async\" class=\"alignnone size-full wp-image-3352\" src=\"https:\/\/www.campings.com\/fr\/content\/wp-content\/uploads\/2022\/02\/Camping_Le-Montourey-min.png\" alt=\"\" width=\"1000\" height=\"665\" srcset=\"https:\/\/www.campings.com\/fr\/content\/wp-content\/uploads\/2022\/02\/Camping_Le-Montourey-min.png 1000w, https:\/\/www.campings.com\/fr\/content\/wp-content\/uploads\/2022\/02\/Camping_Le-Montourey-min-300x200.png 300w, https:\/\/www.campings.com\/fr\/content\/wp-content\/uploads\/2022\/02\/Camping_Le-Montourey-min-768x511.png 768w, https:\/\/www.campings.com\/fr\/content\/wp-content\/uploads\/2022\/02\/Camping_Le-Montourey-min-450x299.png 450w, https:\/\/www.campings.com\/fr\/content\/wp-content\/uploads\/2022\/02\/Camping_Le-Montourey-min-430x286.png 430w\" sizes=\"auto, (max-width: 1000px) 100vw, 1000px\" \/><\/p>\n<p><a href=\"https:\/\/www.campings.com\/fr\/camping\/camping-siblu-le-montourey-funpass-inclus-76532\">Plus d\u2019infos sur le Camping Siblu Le Montourey Funpass inclus.<\/a><\/p>\n<h3><strong>Camping 3 \u00e9toiles Les Acacias<\/strong><\/h3>\n<p>Situ\u00e9 \u00e0 3 km du bord de mer, ce camping propose un grand choix d\u2019animations vari\u00e9es :<\/p>\n<ul>\n<li>Ping-pong ;<\/li>\n<li>Fitness ;<\/li>\n<li>Bain \u00e0 remous ;<\/li>\n<li>Piscine ;<\/li>\n<li>Un club enfant ;<\/li>\n<li>Etc.<\/li>\n<\/ul>\n<p><a href=\"https:\/\/www.campings.com\/fr\/camping\/camping-les-acacias-77277\">Plus d\u2019infos sur le Camping Les Acacias.<\/a><\/p>\n<h3><strong>Camping Le Montourey<\/strong><\/h3>\n<p>\u00c0 8 km de la mer, ce camping est implant\u00e9 dans un cadre verdoyant, parfait pour se d\u00e9connecter. Vous aurez acc\u00e8s \u00e0 un grand choix d\u2019activit\u00e9s vari\u00e9es : bain \u00e0 remous, ping-pong, piscine\u2026<\/p>\n<p><a href=\"https:\/\/www.campings.com\/fr\/camping\/tour-operateur-et-particuliers-sur-camping-le-montourey-79317\">Plus d\u2019infos sur le Camping Le Montourey.<\/a><\/p>\n<h3><strong>Camping les Lauriers Roses<\/strong><\/h3>\n<p>Ce camping convivial convient tr\u00e8s bien aux familles. Randonn\u00e9es, sports nautiques, baignade\u2026 Vous ne risquez pas de vous ennuyer !<\/p>\n<p><a href=\"https:\/\/www.campings.com\/fr\/camping\/camping-les-lauriers-roses-80105\">Plus d\u2019infos sur le Camping les Lauriers Roses.<\/a><\/p>\n<h2><strong>S\u00e9lection de campings \u00e0 c\u00f4t\u00e9 de Belgentier<\/strong><\/h2>\n<h3><strong>Camping Domaine de la Roudeli\u00e8re \u2013 Camping Paradis<\/strong><\/h3>\n<p>Situ\u00e9 dans le charmant village de Signes, ce camping a re\u00e7u en 2021 la m\u00e9daille d\u2019argent de la satisfaction client.<\/p>\n<p><a href=\"https:\/\/www.campings.com\/fr\/camping\/camping-domaine-de-la-roudeliere-camping-paradis-78549\">Plus d\u2019infos sur le Camping Domaine de la Roudeli\u00e8re \u2013 Camping Paradis.<\/a><\/p>\n<h3><strong>Camping La Vidaresse<\/strong><\/h3>\n<p>Situ\u00e9 \u00e0 Sainte-Anastasie-sur-Issole, \u00e0 30 km de la plage, ce camping de la r\u00e9gion PACA est parfait pour se d\u00e9connecter. Sur place, vous aurez acc\u00e8s \u00e0 une piscine ext\u00e9rieure chauff\u00e9e et \u00e0 de nombreuses infrastructures de loisirs.<\/p>\n<p><a href=\"https:\/\/www.campings.com\/fr\/camping\/camping-la-vidaresse-78421\">Plus d\u2019infos sur le Camping La Vidaresse.<\/a><\/p>\n<h3><strong>Camping Le Beau Vez\u00e9<\/strong><\/h3>\n<p>\u00c0 Carqueiranne, pr\u00e8s des criques du Pradet et des plages d\u2019Hy\u00e8res, ce camping tout confort propose un grand choix d\u2019animations. Dans un cadre naturel pr\u00e9serv\u00e9, cet \u00e9tablissement est parfait pour un s\u00e9jour reposant.<\/p>\n<p><a href=\"https:\/\/www.campings.com\/fr\/camping\/camping-le-beau-veze-77028\">Plus d\u2019infos sur le Camping Le Beau Vez\u00e9.<\/a><\/p>\n<h2><strong>S\u00e9lection de campings pas chers dans le d\u00e9partement du Var<\/strong><\/h2>\n<p>Envie de passer un s\u00e9jour agr\u00e9able et \u00e0 petit prix dans le\u00a0<a href=\"https:\/\/www.campings.com\/fr\/content\/guide-vacances-var\/\"><strong>Var\u00a0<\/strong><\/a>? D\u00e9couvrez notre s\u00e9lection de campings dans le Var pas chers.<\/p>\n<h3><strong>Camping 83 Parc Saint James Gassin &#8211; Parc Montana<\/strong><\/h3>\n<p>\u00c0 Gassin, ce camping pas cher dispose de nombreuses infrastructures de loisirs pour r\u00e9pondre aux besoins des familles.<\/p>\n<p><a href=\"https:\/\/www.campings.com\/fr\/camping\/camping-parc-saint-james-gassin-parc-montana-76666\">Plus d\u2019infos sur le Camping Parc Saint James Gassin-Parc Montana.<\/a><\/p>\n<h3><strong>Camping La Pierre Verte et son parc aquatique<\/strong><\/h3>\n<p>Ce camping familial est situ\u00e9 \u00e0 Fr\u00e9jus, \u00e0 8 km des belles plages de la C\u00f4te d\u2019Azur. Il dispose d\u2019un grand espace aquatique et m\u00eame de courts de tennis. En soir\u00e9e, de nombreuses animations sont programm\u00e9es pour d\u00e9tendre les r\u00e9sidents.<\/p>\n<p><img loading=\"lazy\" decoding=\"async\" class=\"alignnone size-full wp-image-3353\" src=\"https:\/\/www.campings.com\/fr\/content\/wp-content\/uploads\/2022\/02\/Camping_La-pierre-verte-min.png\" alt=\"\" width=\"1000\" height=\"665\" srcset=\"https:\/\/www.campings.com\/fr\/content\/wp-content\/uploads\/2022\/02\/Camping_La-pierre-verte-min.png 1000w, https:\/\/www.campings.com\/fr\/content\/wp-content\/uploads\/2022\/02\/Camping_La-pierre-verte-min-300x200.png 300w, https:\/\/www.campings.com\/fr\/content\/wp-content\/uploads\/2022\/02\/Camping_La-pierre-verte-min-768x511.png 768w, https:\/\/www.campings.com\/fr\/content\/wp-content\/uploads\/2022\/02\/Camping_La-pierre-verte-min-450x299.png 450w, https:\/\/www.campings.com\/fr\/content\/wp-content\/uploads\/2022\/02\/Camping_La-pierre-verte-min-430x286.png 430w\" sizes=\"auto, (max-width: 1000px) 100vw, 1000px\" \/><\/p>\n<p><a href=\"https:\/\/www.campings.com\/fr\/camping\/tour-operateur-sur-le-camping-la-pierre-verte-88665\">Plus d\u2019infos sur le Camping La Pierre Verte.<\/a><\/p>\n<h3><strong>Camping Domaine des Naiades<\/strong><\/h3>\n<p>\u00c0 Grimaud, \u00e0 900 m de la plage, ce camping donne acc\u00e8s \u00e0 un grand choix d\u2019animations et services toute l\u2019ann\u00e9e.<\/p>\n<p><a href=\"https:\/\/www.campings.com\/fr\/camping\/camping-domaine-des-naiades-77327\">Plus d\u2019infos sur le Camping Domaine des Naiades.<\/a><\/p>\n<h3><strong>Camping La Vidaresse<\/strong><\/h3>\n<p>Situ\u00e9 \u00e0 Sainte-Anastasie-sur-Issole, \u00e0 30 km du bord de mer, ce camping pas cher comblera toutes vos envies.<\/p>\n<p><a href=\"https:\/\/www.campings.com\/fr\/camping\/camping-la-vidaresse-78421\">Plus d\u2019infos sur le Camping La Vidaresse.<\/a><\/p>\n","protected":false},"excerpt":{"rendered":"<p>Premier d\u00e9partement touristique de France, le Var est une destination tr\u00e8s pris\u00e9e par les touristes. Si vous envisagez d\u2019y s\u00e9journer, optez pour une location en camping. Une solution d&rsquo;h\u00e9bergement \u00e0 la fois \u00e9conomique et conviviale qui vous promet des vacances r\u00e9ussies. Le Var est une destination id\u00e9ale pour des vacances au soleil ! En plus [&hellip;]<\/p>\n","protected":false},"author":18,"featured_media":0,"parent":3309,"menu_order":0,"comment_status":"closed","ping_status":"closed","template":"template-twocolumns.php","meta":{"_acf_changed":false,"footnotes":""},"class_list":["post-3351","page","type-page","status-publish","hentry"],"acf":[],"yoast_head":"<!-- This site is optimized with the Yoast SEO plugin v27.1.1 - https:\/\/yoast.com\/product\/yoast-seo-wordpress\/ -->\n<title>Notre s\u00e9lection des meilleurs campings dans le Var -<\/title>\n<meta name=\"robots\" content=\"index, follow, max-snippet:-1, max-image-preview:large, max-video-preview:-1\" \/>\n<link rel=\"canonical\" href=\"https:\/\/www.campings.com\/fr\/content\/guide-vacances-var\/meilleurs-campings-var\/\" \/>\n<meta property=\"og:locale\" content=\"fr_FR\" \/>\n<meta property=\"og:type\" content=\"article\" \/>\n<meta property=\"og:title\" content=\"Notre s\u00e9lection des meilleurs campings dans le Var -\" \/>\n<meta property=\"og:description\" content=\"Premier d\u00e9partement touristique de France, le Var est une destination tr\u00e8s pris\u00e9e par les touristes. Si vous envisagez d\u2019y s\u00e9journer, optez pour une location en camping. Une solution d&rsquo;h\u00e9bergement \u00e0 la fois \u00e9conomique et conviviale qui vous promet des vacances r\u00e9ussies. Le Var est une destination id\u00e9ale pour des vacances au soleil ! En plus [&hellip;]\" \/>\n<meta property=\"og:url\" content=\"https:\/\/www.campings.com\/fr\/content\/guide-vacances-var\/meilleurs-campings-var\/\" \/>\n<meta property=\"article:modified_time\" content=\"2022-03-25T09:59:10+00:00\" \/>\n<meta property=\"og:image\" content=\"https:\/\/www.campings.com\/fr\/content\/wp-content\/uploads\/2022\/02\/Camping_Le-Montourey-min.png\" \/>\n\t<meta property=\"og:image:width\" content=\"1000\" \/>\n\t<meta property=\"og:image:height\" content=\"665\" \/>\n\t<meta property=\"og:image:type\" content=\"image\/png\" \/>\n<meta name=\"twitter:card\" content=\"summary_large_image\" \/>\n<meta name=\"twitter:label1\" content=\"Dur\u00e9e de lecture estim\u00e9e\" \/>\n\t<meta name=\"twitter:data1\" content=\"5 minutes\" \/>\n<script type=\"application\/ld+json\" class=\"yoast-schema-graph\">{\"@context\":\"https:\/\/schema.org\",\"@graph\":[{\"@type\":\"WebPage\",\"@id\":\"https:\/\/www.campings.com\/fr\/content\/guide-vacances-var\/meilleurs-campings-var\/\",\"url\":\"https:\/\/www.campings.com\/fr\/content\/guide-vacances-var\/meilleurs-campings-var\/\",\"name\":\"Notre s\u00e9lection des meilleurs campings dans le Var -\",\"isPartOf\":{\"@id\":\"https:\/\/www.campings.com\/fr\/content\/#website\"},\"primaryImageOfPage\":{\"@id\":\"https:\/\/www.campings.com\/fr\/content\/guide-vacances-var\/meilleurs-campings-var\/#primaryimage\"},\"image\":{\"@id\":\"https:\/\/www.campings.com\/fr\/content\/guide-vacances-var\/meilleurs-campings-var\/#primaryimage\"},\"thumbnailUrl\":\"https:\/\/www.campings.com\/fr\/content\/wp-content\/uploads\/2022\/02\/Camping_Le-Montourey-min.png\",\"datePublished\":\"2022-02-11T11:58:05+00:00\",\"dateModified\":\"2022-03-25T09:59:10+00:00\",\"breadcrumb\":{\"@id\":\"https:\/\/www.campings.com\/fr\/content\/guide-vacances-var\/meilleurs-campings-var\/#breadcrumb\"},\"inLanguage\":\"fr-FR\",\"potentialAction\":[{\"@type\":\"ReadAction\",\"target\":[\"https:\/\/www.campings.com\/fr\/content\/guide-vacances-var\/meilleurs-campings-var\/\"]}]},{\"@type\":\"ImageObject\",\"inLanguage\":\"fr-FR\",\"@id\":\"https:\/\/www.campings.com\/fr\/content\/guide-vacances-var\/meilleurs-campings-var\/#primaryimage\",\"url\":\"https:\/\/www.campings.com\/fr\/content\/wp-content\/uploads\/2022\/02\/Camping_Le-Montourey-min.png\",\"contentUrl\":\"https:\/\/www.campings.com\/fr\/content\/wp-content\/uploads\/2022\/02\/Camping_Le-Montourey-min.png\",\"width\":1000,\"height\":665},{\"@type\":\"BreadcrumbList\",\"@id\":\"https:\/\/www.campings.com\/fr\/content\/guide-vacances-var\/meilleurs-campings-var\/#breadcrumb\",\"itemListElement\":[{\"@type\":\"ListItem\",\"position\":1,\"name\":\"Home\",\"item\":\"https:\/\/www.campings.com\/fr\/content\/\"},{\"@type\":\"ListItem\",\"position\":2,\"name\":\"Le guide de vos vacances dans le Var\",\"item\":\"https:\/\/www.campings.com\/fr\/content\/guide-vacances-var\/\"},{\"@type\":\"ListItem\",\"position\":3,\"name\":\"Notre s\u00e9lection des meilleurs campings dans le Var\"}]},{\"@type\":\"WebSite\",\"@id\":\"https:\/\/www.campings.com\/fr\/content\/#website\",\"url\":\"https:\/\/www.campings.com\/fr\/content\/\",\"name\":\"\",\"description\":\"\",\"publisher\":{\"@id\":\"https:\/\/www.campings.com\/fr\/content\/#organization\"},\"potentialAction\":[{\"@type\":\"SearchAction\",\"target\":{\"@type\":\"EntryPoint\",\"urlTemplate\":\"https:\/\/www.campings.com\/fr\/content\/?s={search_term_string}\"},\"query-input\":{\"@type\":\"PropertyValueSpecification\",\"valueRequired\":true,\"valueName\":\"search_term_string\"}}],\"inLanguage\":\"fr-FR\"},{\"@type\":\"Organization\",\"@id\":\"https:\/\/www.campings.com\/fr\/content\/#organization\",\"name\":\"CAMPINGS.COM\",\"url\":\"https:\/\/www.campings.com\/fr\/content\/\",\"logo\":{\"@type\":\"ImageObject\",\"inLanguage\":\"fr-FR\",\"@id\":\"https:\/\/www.campings.com\/fr\/content\/#\/schema\/logo\/image\/\",\"url\":\"https:\/\/www.campings.com\/fr\/content\/wp-content\/uploads\/2019\/01\/cropped-logo-1.png\",\"contentUrl\":\"https:\/\/www.campings.com\/fr\/content\/wp-content\/uploads\/2019\/01\/cropped-logo-1.png\",\"width\":174,\"height\":42,\"caption\":\"CAMPINGS.COM\"},\"image\":{\"@id\":\"https:\/\/www.campings.com\/fr\/content\/#\/schema\/logo\/image\/\"}}]}<\/script>\n<!-- \/ Yoast SEO plugin. -->","yoast_head_json":{"title":"Notre s\u00e9lection des meilleurs campings dans le Var -","robots":{"index":"index","follow":"follow","max-snippet":"max-snippet:-1","max-image-preview":"max-image-preview:large","max-video-preview":"max-video-preview:-1"},"canonical":"https:\/\/www.campings.com\/fr\/content\/guide-vacances-var\/meilleurs-campings-var\/","og_locale":"fr_FR","og_type":"article","og_title":"Notre s\u00e9lection des meilleurs campings dans le Var -","og_description":"Premier d\u00e9partement touristique de France, le Var est une destination tr\u00e8s pris\u00e9e par les touristes. Si vous envisagez d\u2019y s\u00e9journer, optez pour une location en camping. Une solution d&rsquo;h\u00e9bergement \u00e0 la fois \u00e9conomique et conviviale qui vous promet des vacances r\u00e9ussies. Le Var est une destination id\u00e9ale pour des vacances au soleil ! En plus [&hellip;]","og_url":"https:\/\/www.campings.com\/fr\/content\/guide-vacances-var\/meilleurs-campings-var\/","article_modified_time":"2022-03-25T09:59:10+00:00","og_image":[{"width":1000,"height":665,"url":"https:\/\/www.campings.com\/fr\/content\/wp-content\/uploads\/2022\/02\/Camping_Le-Montourey-min.png","type":"image\/png"}],"twitter_card":"summary_large_image","twitter_misc":{"Dur\u00e9e de lecture estim\u00e9e":"5 minutes"},"schema":{"@context":"https:\/\/schema.org","@graph":[{"@type":"WebPage","@id":"https:\/\/www.campings.com\/fr\/content\/guide-vacances-var\/meilleurs-campings-var\/","url":"https:\/\/www.campings.com\/fr\/content\/guide-vacances-var\/meilleurs-campings-var\/","name":"Notre s\u00e9lection des meilleurs campings dans le Var -","isPartOf":{"@id":"https:\/\/www.campings.com\/fr\/content\/#website"},"primaryImageOfPage":{"@id":"https:\/\/www.campings.com\/fr\/content\/guide-vacances-var\/meilleurs-campings-var\/#primaryimage"},"image":{"@id":"https:\/\/www.campings.com\/fr\/content\/guide-vacances-var\/meilleurs-campings-var\/#primaryimage"},"thumbnailUrl":"https:\/\/www.campings.com\/fr\/content\/wp-content\/uploads\/2022\/02\/Camping_Le-Montourey-min.png","datePublished":"2022-02-11T11:58:05+00:00","dateModified":"2022-03-25T09:59:10+00:00","breadcrumb":{"@id":"https:\/\/www.campings.com\/fr\/content\/guide-vacances-var\/meilleurs-campings-var\/#breadcrumb"},"inLanguage":"fr-FR","potentialAction":[{"@type":"ReadAction","target":["https:\/\/www.campings.com\/fr\/content\/guide-vacances-var\/meilleurs-campings-var\/"]}]},{"@type":"ImageObject","inLanguage":"fr-FR","@id":"https:\/\/www.campings.com\/fr\/content\/guide-vacances-var\/meilleurs-campings-var\/#primaryimage","url":"https:\/\/www.campings.com\/fr\/content\/wp-content\/uploads\/2022\/02\/Camping_Le-Montourey-min.png","contentUrl":"https:\/\/www.campings.com\/fr\/content\/wp-content\/uploads\/2022\/02\/Camping_Le-Montourey-min.png","width":1000,"height":665},{"@type":"BreadcrumbList","@id":"https:\/\/www.campings.com\/fr\/content\/guide-vacances-var\/meilleurs-campings-var\/#breadcrumb","itemListElement":[{"@type":"ListItem","position":1,"name":"Home","item":"https:\/\/www.campings.com\/fr\/content\/"},{"@type":"ListItem","position":2,"name":"Le guide de vos vacances dans le Var","item":"https:\/\/www.campings.com\/fr\/content\/guide-vacances-var\/"},{"@type":"ListItem","position":3,"name":"Notre s\u00e9lection des meilleurs campings dans le Var"}]},{"@type":"WebSite","@id":"https:\/\/www.campings.com\/fr\/content\/#website","url":"https:\/\/www.campings.com\/fr\/content\/","name":"","description":"","publisher":{"@id":"https:\/\/www.campings.com\/fr\/content\/#organization"},"potentialAction":[{"@type":"SearchAction","target":{"@type":"EntryPoint","urlTemplate":"https:\/\/www.campings.com\/fr\/content\/?s={search_term_string}"},"query-input":{"@type":"PropertyValueSpecification","valueRequired":true,"valueName":"search_term_string"}}],"inLanguage":"fr-FR"},{"@type":"Organization","@id":"https:\/\/www.campings.com\/fr\/content\/#organization","name":"CAMPINGS.COM","url":"https:\/\/www.campings.com\/fr\/content\/","logo":{"@type":"ImageObject","inLanguage":"fr-FR","@id":"https:\/\/www.campings.com\/fr\/content\/#\/schema\/logo\/image\/","url":"https:\/\/www.campings.com\/fr\/content\/wp-content\/uploads\/2019\/01\/cropped-logo-1.png","contentUrl":"https:\/\/www.campings.com\/fr\/content\/wp-content\/uploads\/2019\/01\/cropped-logo-1.png","width":174,"height":42,"caption":"CAMPINGS.COM"},"image":{"@id":"https:\/\/www.campings.com\/fr\/content\/#\/schema\/logo\/image\/"}}]}},"_links":{"self":[{"href":"https:\/\/www.campings.com\/fr\/content\/wp-json\/wp\/v2\/pages\/3351","targetHints":{"allow":["GET"]}}],"collection":[{"href":"https:\/\/www.campings.com\/fr\/content\/wp-json\/wp\/v2\/pages"}],"about":[{"href":"https:\/\/www.campings.com\/fr\/content\/wp-json\/wp\/v2\/types\/page"}],"author":[{"embeddable":true,"href":"https:\/\/www.campings.com\/fr\/content\/wp-json\/wp\/v2\/users\/18"}],"replies":[{"embeddable":true,"href":"https:\/\/www.campings.com\/fr\/content\/wp-json\/wp\/v2\/comments?post=3351"}],"version-history":[{"count":3,"href":"https:\/\/www.campings.com\/fr\/content\/wp-json\/wp\/v2\/pages\/3351\/revisions"}],"predecessor-version":[{"id":3604,"href":"https:\/\/www.campings.com\/fr\/content\/wp-json\/wp\/v2\/pages\/3351\/revisions\/3604"}],"up":[{"embeddable":true,"href":"https:\/\/www.campings.com\/fr\/content\/wp-json\/wp\/v2\/pages\/3309"}],"wp:attachment":[{"href":"https:\/\/www.campings.com\/fr\/content\/wp-json\/wp\/v2\/media?parent=3351"}],"curies":[{"name":"wp","href":"https:\/\/api.w.org\/{rel}","templated":true}]}}