{"id":3343,"date":"2022-02-11T11:42:32","date_gmt":"2022-02-11T11:42:32","guid":{"rendered":"https:\/\/www.campings.com\/fr\/content\/?page_id=3343"},"modified":"2022-03-25T09:57:11","modified_gmt":"2022-03-25T09:57:11","slug":"plages-var","status":"publish","type":"page","link":"https:\/\/www.campings.com\/fr\/content\/guide-vacances-var\/plages-var\/","title":{"rendered":"Les plus belles plages du Var"},"content":{"rendered":"<p>Envie de passer vos vacances en bord de mer ? Direction le Var et ses plages paradisiaques ! Que vous soyez en solo, en couple ou en famille, le <strong><a href=\"https:\/\/www.campings.com\/fr\/content\/guide-vacances-var\/\">Var<\/a><\/strong> regorge de coins idylliques o\u00f9 se baigner.<\/p>\n<p>Plages de sable fin, criques, soleil\u2026 Le\u00a0<a href=\"https:\/\/www.campings.com\/fr\/france\/provence-alpes-cote-d-azur\/var\"><strong>Var<\/strong><\/a> r\u00e9unit tous les ingr\u00e9dients pour des vacances r\u00e9ussies. Situ\u00e9 dans la r\u00e9gion Provence-Alpes-C\u00f4te d\u2019Azur, le d\u00e9partement est tr\u00e8s appr\u00e9ci\u00e9 pour la douceur de son climat m\u00e9diterran\u00e9en. Voici les plus belles plages \u00e0 d\u00e9couvrir sur le littoral varois pendant votre s\u00e9jour.<\/p>\n<h2><strong>La plage d\u2019Argent \u00e0 Porquerolles<\/strong><\/h2>\n<p>Situ\u00e9 sur l\u2019\u00eele de Porquerolles (archipel des \u00eeles d\u2019Hy\u00e8res), la plage d\u2019Argent est accessible par bateau-taxi ou sentier de marche. Bord\u00e9e d\u2019une jolie pin\u00e8de, cette magnifique plage offre une \u00e9tendue de sable fin et des eaux translucides. La plage est accessible aux personnes \u00e0 mobilit\u00e9 r\u00e9duite (PMR). De nombreux \u00e9quipements sont \u00e0 votre disposition : tiralo, fauteuil, chaises adapt\u00e9es\u2026 Un restaurant-bar, situ\u00e9 \u00e0 l\u2019arri\u00e8re-plage propose de d\u00e9licieux plats proven\u00e7aux.<\/p>\n<h2><strong>La plage de l\u2019Estagnol et son eau turquoise \u00e0 Bormes-les-Mimosas<\/strong><\/h2>\n<p>V\u00e9ritable joyau du d\u00e9partement du\u00a0<a href=\"https:\/\/www.campings.com\/fr\/content\/guide-vacances-var\/\"><strong>Var<\/strong><\/a>, la plage de l\u2019Estagnol est situ\u00e9e dans un magnifique lagon au c\u0153ur d&rsquo;une anse bord\u00e9e de rochers. Entour\u00e9e d\u2019une pin\u00e8de, cette plage de sable blanc est \u00e0 l\u2019abri du vent. Un cadre parfait pour bouquiner, bronzer ou pique-niquer en toute tranquillit\u00e9 ! Son eau turquoise est peu profonde. Les enfants pourront s\u2019y baigner en toute s\u00e9curit\u00e9. Vous pourrez aussi y pratiquer des activit\u00e9s nautiques vari\u00e9es comme la plong\u00e9e sous-marine, le paddle\u2026<\/p>\n<p><img loading=\"lazy\" decoding=\"async\" class=\"alignnone size-full wp-image-3344\" src=\"https:\/\/www.campings.com\/fr\/content\/wp-content\/uploads\/2022\/02\/PLAGE_ESTAGNOL-min.png\" alt=\"\" width=\"1000\" height=\"665\" srcset=\"https:\/\/www.campings.com\/fr\/content\/wp-content\/uploads\/2022\/02\/PLAGE_ESTAGNOL-min.png 1000w, https:\/\/www.campings.com\/fr\/content\/wp-content\/uploads\/2022\/02\/PLAGE_ESTAGNOL-min-300x200.png 300w, https:\/\/www.campings.com\/fr\/content\/wp-content\/uploads\/2022\/02\/PLAGE_ESTAGNOL-min-768x511.png 768w, https:\/\/www.campings.com\/fr\/content\/wp-content\/uploads\/2022\/02\/PLAGE_ESTAGNOL-min-450x299.png 450w, https:\/\/www.campings.com\/fr\/content\/wp-content\/uploads\/2022\/02\/PLAGE_ESTAGNOL-min-430x286.png 430w\" sizes=\"auto, (max-width: 1000px) 100vw, 1000px\" \/><\/p>\n<h2><strong>La plage de l\u2019Argenti\u00e8re \u00e0 La Londe-les-Maures<\/strong><\/h2>\n<p>Avec ses eaux cristallines peu profondes et sa grande pin\u00e8de, ce spot est parfait pour se baigner en famille. Sur place, vous pourrez m\u00eame louer des matelas et des parasols. La plage dispose d\u2019un parking gratuit, un restaurant, un bar, des toilettes\u2026<\/p>\n<h2><strong>L\u2019Anse M\u00e9jean et ses criques \u00e0 Toulon<\/strong><\/h2>\n<p>Class\u00e9 parmi les plus beaux lieux de la c\u00f4te m\u00e9diterran\u00e9enne, ce spot sauvage alterne galets, sable et \u00e0-pics. Un cadre parfait pour bronzer en toute qui\u00e9tude, loin du stress. Situ\u00e9 \u00e0 quelques kilom\u00e8tres du centre, la baie est accessible en voiture ou en suivant un sentier. Un parking est disponible \u00e0 l\u2019arri\u00e8re-plage.<\/p>\n<h2><strong>La plage du Rix sur l\u2019\u00eele des Embiez \u00e0 Six-Fours-les Plages<\/strong><\/h2>\n<p>Si vous programmez une travers\u00e9e sur l\u2019\u00eele des Embiez, ce spot est incontournable. Situ\u00e9e dans un cadre sauvage, cette magnifique plage de galets, dont l\u2019acc\u00e8s est assez p\u00e9rilleux s\u00e9duira les plus sportifs. Un p\u00e9riple qui vaut le d\u00e9tour\u2026 En effet, la plage du Rix est l\u2019une des plus belles criques de l\u2019\u00eele des Embiez.<\/p>\n<h2><strong>La plage des Sablettes \u00e0 La Seyne-sur-Mer<\/strong><\/h2>\n<p>Si vous aimez les plages anim\u00e9es, cette plage comblera toutes vos attentes ! En \u00e9t\u00e9, une programmation riche et vari\u00e9e vous attend : concerts, march\u00e9s nocturnes, feux d\u2019artifices\u2026 La plage est accessible aux personnes \u00e0 mobilit\u00e9 r\u00e9duite (PMR) et dispose de fauteuils hippocampe, tiralos et mobichairs. Ces \u00e9quipements sont disponibles au poste de secours de Saint-Elme.<\/p>\n<h2><strong>La calanque de Santa Lucia \u00e0 Saint-Rapha\u00ebl<\/strong><\/h2>\n<p>L\u2019acc\u00e8s \u00e0 la calanque, assez p\u00e9rilleux est r\u00e9serv\u00e9 aux sportifs. De ce fait, elle est peu fr\u00e9quent\u00e9e. Si vous recherchez une plage calme o\u00f9 vous ressourcer, ce spot en pleine nature est parfait. Veillez tout de m\u00eame \u00e0 enfiler une paire de chaussures adapt\u00e9es. Et n\u2019oubliez pas d\u2019emporter quelques collations dans votre sac \u00e0 dos car il n\u2019y a aucun restaurant sur place !<\/p>\n<h2><strong>La plage de Pampelonne \u00e0 Ramatuelle<\/strong><\/h2>\n<p>Si vous \u00eates de passage \u00e0 Ramatuelle, ne manquez pas de faire un saut \u00e0 la plage de Pampelonne. Cette plage, rendue c\u00e9l\u00e8bre par Brigitte Bardot est l\u2019une des plus belles de la C\u00f4te-d\u2019Azur. S\u2019\u00e9tendant sur 4,5 km, elle est divis\u00e9e en 5 secteurs (les Moulins, les Tamaris, Patch, les Barraques et Bonne Terrasse). Le secteur du Patch est accessible aux personnes \u00e0 mobilit\u00e9 r\u00e9duite (PMR) et dispose d\u2019\u00e9quipements adapt\u00e9s (tiralo, fauteuils hippocampe). La zone des Barraques convient tr\u00e8s bien pour une journ\u00e9e plage en famille.<\/p>\n<h2><strong>La plage de Cavali\u00e8re au Lavandou<\/strong><\/h2>\n<p>Avec sa grande \u00e9tendue de sable fin, ce spot est parfait pour les amateurs de farniente. Situ\u00e9e entre la pointe du Layet et le Cap N\u00e8gre, cette plage propose un panel d\u2019activit\u00e9s nautiques. Vous pourrez y pratiquer le jet ski, le p\u00e9dalo et m\u00eame du parachute ascensionnel. A l\u2019arri\u00e8re-plage, plusieurs restaurants vous feront d\u00e9couvrir leurs sp\u00e9cialit\u00e9s locales.<\/p>\n<p><img loading=\"lazy\" decoding=\"async\" class=\"alignnone size-full wp-image-3345\" src=\"https:\/\/www.campings.com\/fr\/content\/wp-content\/uploads\/2022\/02\/PLAGE_CAVALIERE-min.png\" alt=\"\" width=\"1000\" height=\"665\" srcset=\"https:\/\/www.campings.com\/fr\/content\/wp-content\/uploads\/2022\/02\/PLAGE_CAVALIERE-min.png 1000w, https:\/\/www.campings.com\/fr\/content\/wp-content\/uploads\/2022\/02\/PLAGE_CAVALIERE-min-300x200.png 300w, https:\/\/www.campings.com\/fr\/content\/wp-content\/uploads\/2022\/02\/PLAGE_CAVALIERE-min-768x511.png 768w, https:\/\/www.campings.com\/fr\/content\/wp-content\/uploads\/2022\/02\/PLAGE_CAVALIERE-min-450x299.png 450w, https:\/\/www.campings.com\/fr\/content\/wp-content\/uploads\/2022\/02\/PLAGE_CAVALIERE-min-430x286.png 430w\" sizes=\"auto, (max-width: 1000px) 100vw, 1000px\" \/><\/p>\n<h2><strong>La plage Notre-Dame sur l\u2019\u00eele de Porquerolles<\/strong><\/h2>\n<p>\u00c9lue \u00ab plus belle plage d\u2019Europe \u00bb en 2015, la plage Notre-Dame aux eaux turquoises est un spot digne d\u2019une carte postale. Bord\u00e9e par une for\u00eat de ch\u00eanes et de pins, la baie est parfaite pour pique-niquer en famille. Pour fuir la chaleur, vous pourrez vous pr\u00e9lasser sur un matelas de plage \u00e0 l\u2019ombre\u2026 Sur place, vous pourrez m\u00eame pratiquer la plong\u00e9e.<\/p>\n<h2><strong>La plage de l\u2019Escalet \u00e0 Ramatuelle<\/strong><\/h2>\n<p>Entour\u00e9e de rochers, cette plage sauvage se caract\u00e9rise par une succession d\u2019anses, de criques et de petites plages de sable. Sur place, de nombreuses activit\u00e9s ludiques sont propos\u00e9es : snorkeling, plong\u00e9e, location de kayak, Paddle\u2026 De plus, la plage se pr\u00eate parfaitement aux promenades matinales, les pieds dans l\u2019eau. Si vous avez un petit creux, des restaurants vous invitent \u00e0 d\u00e9couvrir leurs sp\u00e9cialit\u00e9s.<\/p>\n<h2><strong>S\u00e9lection de campings dans le Var\u00a0<\/strong><\/h2>\n<p>Envie de loger \u00e0 proximit\u00e9 des plus belles plages du\u00a0<a href=\"https:\/\/www.campings.com\/fr\/content\/guide-vacances-var\/\"><strong>Var<\/strong><\/a><strong>\u00a0<\/strong>? Voici notre s\u00e9lection de campings !<\/p>\n<h3><strong>Le Camping Les Playes<\/strong><\/h3>\n<p>Ce camping se trouve \u00e0 seulement 1,5km de la plage. Il dispose d\u2019une piscine ext\u00e9rieure chauff\u00e9e, accessible pendant la saison estivale. Pour animer vos journ\u00e9es, des tables de ping-pong et de baby-foot sont \u00e0 votre disposition. Sur place, tout semble \u00e9tudi\u00e9 pour rendre votre s\u00e9jour agr\u00e9able : laverie, restaurant, bar, aire de jeux pour enfants\u2026<\/p>\n<p>Adresse : 419 Rue Grand, 83140 Six-Fours-les-Plages<\/p>\n<p><a href=\"https:\/\/www.campings.com\/fr\/camping\/camping-les-playes-78552\"><strong>Plus d\u2019infos sur le Camping Les Playes<\/strong><\/a>.<\/p>\n<h3><strong>Le Camping Domaine de Verdagne<\/strong><\/h3>\n<p>Cet \u00e9tablissement offre un cadre d\u00e9paysant, parfait pour des vacances d\u00e9tente en couple ou en famille. Les mobil-homes sont \u00e9quip\u00e9s d&rsquo;une t\u00e9l\u00e9vision, du Wifi, d&rsquo;un r\u00e9frig\u00e9rateur et m\u00eame d&rsquo;un climatiseur\u2026 Si vous aimez la baignade en mer, vous serez combl\u00e9s car le camping se trouve \u00e0 proximit\u00e9 de la plage. L\u2019\u00e9tablissement dispose aussi d\u2019une grande piscine ext\u00e9rieure chauff\u00e9e et d\u2019une pataugeoire.<\/p>\n<p>Adresse : Chemin du Moulin de Verdagne, 83580 Gassin<\/p>\n<p><a href=\"https:\/\/www.campings.com\/fr\/camping\/camping-domaine-de-verdagne-77297\"><strong>Plus d\u2019infos sur le<\/strong>\u00a0<strong>Camping Domaine de Verdagne<\/strong><\/a><strong>.<\/strong><\/p>\n<h3><strong>Le Camping L&rsquo;Artaudois<\/strong><\/h3>\n<p>Pr\u00e8s de Toulon, ce camping ouvre ses portes d\u2019avril \u00e0 octobre. La proximit\u00e9 de l\u2019\u00e9tablissement avec la plage de la Garonne fait partie de ses points forts. Il est aussi situ\u00e9 pr\u00e8s des embarcations pour les \u00eeles d\u2019Hy\u00e8res. Ce camping tr\u00e8s familial propose des activit\u00e9s ludiques pour tous les \u00e2ges. Vous pourrez m\u00eame pratiquer la randonn\u00e9e (\u00e0 pied ou \u00e0 v\u00e9lo), accompagn\u00e9s ou non par un guide.<\/p>\n<p>Adresse : 529 Chemin de l&rsquo;Artaude, 83220 Le Pradet<\/p>\n<p><a href=\"https:\/\/www.campings.com\/fr\/camping\/camping-l-artaudois-79784\"><strong>Plus d\u2019infos sur le Camping L&rsquo;Artaudois<\/strong><\/a>.<\/p>\n","protected":false},"excerpt":{"rendered":"<p>Envie de passer vos vacances en bord de mer ? Direction le Var et ses plages paradisiaques ! Que vous soyez en solo, en couple ou en famille, le Var regorge de coins idylliques o\u00f9 se baigner. Plages de sable fin, criques, soleil\u2026 Le\u00a0Var r\u00e9unit tous les ingr\u00e9dients pour des vacances r\u00e9ussies. Situ\u00e9 dans la [&hellip;]<\/p>\n","protected":false},"author":18,"featured_media":0,"parent":3309,"menu_order":0,"comment_status":"closed","ping_status":"closed","template":"template-twocolumns.php","meta":{"_acf_changed":false,"footnotes":""},"class_list":["post-3343","page","type-page","status-publish","hentry"],"acf":[],"yoast_head":"<!-- This site is optimized with the Yoast SEO plugin v27.1.1 - https:\/\/yoast.com\/product\/yoast-seo-wordpress\/ -->\n<title>Les plus belles plages du Var -<\/title>\n<meta name=\"robots\" content=\"index, follow, max-snippet:-1, max-image-preview:large, max-video-preview:-1\" \/>\n<link rel=\"canonical\" href=\"https:\/\/www.campings.com\/fr\/content\/guide-vacances-var\/plages-var\/\" \/>\n<meta property=\"og:locale\" content=\"fr_FR\" \/>\n<meta property=\"og:type\" content=\"article\" \/>\n<meta property=\"og:title\" content=\"Les plus belles plages du Var -\" \/>\n<meta property=\"og:description\" content=\"Envie de passer vos vacances en bord de mer ? Direction le Var et ses plages paradisiaques ! Que vous soyez en solo, en couple ou en famille, le Var regorge de coins idylliques o\u00f9 se baigner. Plages de sable fin, criques, soleil\u2026 Le\u00a0Var r\u00e9unit tous les ingr\u00e9dients pour des vacances r\u00e9ussies. Situ\u00e9 dans la [&hellip;]\" \/>\n<meta property=\"og:url\" content=\"https:\/\/www.campings.com\/fr\/content\/guide-vacances-var\/plages-var\/\" \/>\n<meta property=\"article:modified_time\" content=\"2022-03-25T09:57:11+00:00\" \/>\n<meta property=\"og:image\" content=\"https:\/\/www.campings.com\/fr\/content\/wp-content\/uploads\/2022\/02\/PLAGE_ESTAGNOL-min.png\" \/>\n\t<meta property=\"og:image:width\" content=\"1000\" \/>\n\t<meta property=\"og:image:height\" content=\"665\" \/>\n\t<meta property=\"og:image:type\" content=\"image\/png\" \/>\n<meta name=\"twitter:card\" content=\"summary_large_image\" \/>\n<meta name=\"twitter:label1\" content=\"Dur\u00e9e de lecture estim\u00e9e\" \/>\n\t<meta name=\"twitter:data1\" content=\"6 minutes\" \/>\n<script type=\"application\/ld+json\" class=\"yoast-schema-graph\">{\"@context\":\"https:\/\/schema.org\",\"@graph\":[{\"@type\":\"WebPage\",\"@id\":\"https:\/\/www.campings.com\/fr\/content\/guide-vacances-var\/plages-var\/\",\"url\":\"https:\/\/www.campings.com\/fr\/content\/guide-vacances-var\/plages-var\/\",\"name\":\"Les plus belles plages du Var -\",\"isPartOf\":{\"@id\":\"https:\/\/www.campings.com\/fr\/content\/#website\"},\"primaryImageOfPage\":{\"@id\":\"https:\/\/www.campings.com\/fr\/content\/guide-vacances-var\/plages-var\/#primaryimage\"},\"image\":{\"@id\":\"https:\/\/www.campings.com\/fr\/content\/guide-vacances-var\/plages-var\/#primaryimage\"},\"thumbnailUrl\":\"https:\/\/www.campings.com\/fr\/content\/wp-content\/uploads\/2022\/02\/PLAGE_ESTAGNOL-min.png\",\"datePublished\":\"2022-02-11T11:42:32+00:00\",\"dateModified\":\"2022-03-25T09:57:11+00:00\",\"breadcrumb\":{\"@id\":\"https:\/\/www.campings.com\/fr\/content\/guide-vacances-var\/plages-var\/#breadcrumb\"},\"inLanguage\":\"fr-FR\",\"potentialAction\":[{\"@type\":\"ReadAction\",\"target\":[\"https:\/\/www.campings.com\/fr\/content\/guide-vacances-var\/plages-var\/\"]}]},{\"@type\":\"ImageObject\",\"inLanguage\":\"fr-FR\",\"@id\":\"https:\/\/www.campings.com\/fr\/content\/guide-vacances-var\/plages-var\/#primaryimage\",\"url\":\"https:\/\/www.campings.com\/fr\/content\/wp-content\/uploads\/2022\/02\/PLAGE_ESTAGNOL-min.png\",\"contentUrl\":\"https:\/\/www.campings.com\/fr\/content\/wp-content\/uploads\/2022\/02\/PLAGE_ESTAGNOL-min.png\",\"width\":1000,\"height\":665},{\"@type\":\"BreadcrumbList\",\"@id\":\"https:\/\/www.campings.com\/fr\/content\/guide-vacances-var\/plages-var\/#breadcrumb\",\"itemListElement\":[{\"@type\":\"ListItem\",\"position\":1,\"name\":\"Home\",\"item\":\"https:\/\/www.campings.com\/fr\/content\/\"},{\"@type\":\"ListItem\",\"position\":2,\"name\":\"Le guide de vos vacances dans le Var\",\"item\":\"https:\/\/www.campings.com\/fr\/content\/guide-vacances-var\/\"},{\"@type\":\"ListItem\",\"position\":3,\"name\":\"Les plus belles plages du Var\"}]},{\"@type\":\"WebSite\",\"@id\":\"https:\/\/www.campings.com\/fr\/content\/#website\",\"url\":\"https:\/\/www.campings.com\/fr\/content\/\",\"name\":\"\",\"description\":\"\",\"publisher\":{\"@id\":\"https:\/\/www.campings.com\/fr\/content\/#organization\"},\"potentialAction\":[{\"@type\":\"SearchAction\",\"target\":{\"@type\":\"EntryPoint\",\"urlTemplate\":\"https:\/\/www.campings.com\/fr\/content\/?s={search_term_string}\"},\"query-input\":{\"@type\":\"PropertyValueSpecification\",\"valueRequired\":true,\"valueName\":\"search_term_string\"}}],\"inLanguage\":\"fr-FR\"},{\"@type\":\"Organization\",\"@id\":\"https:\/\/www.campings.com\/fr\/content\/#organization\",\"name\":\"CAMPINGS.COM\",\"url\":\"https:\/\/www.campings.com\/fr\/content\/\",\"logo\":{\"@type\":\"ImageObject\",\"inLanguage\":\"fr-FR\",\"@id\":\"https:\/\/www.campings.com\/fr\/content\/#\/schema\/logo\/image\/\",\"url\":\"https:\/\/www.campings.com\/fr\/content\/wp-content\/uploads\/2019\/01\/cropped-logo-1.png\",\"contentUrl\":\"https:\/\/www.campings.com\/fr\/content\/wp-content\/uploads\/2019\/01\/cropped-logo-1.png\",\"width\":174,\"height\":42,\"caption\":\"CAMPINGS.COM\"},\"image\":{\"@id\":\"https:\/\/www.campings.com\/fr\/content\/#\/schema\/logo\/image\/\"}}]}<\/script>\n<!-- \/ Yoast SEO plugin. -->","yoast_head_json":{"title":"Les plus belles plages du Var -","robots":{"index":"index","follow":"follow","max-snippet":"max-snippet:-1","max-image-preview":"max-image-preview:large","max-video-preview":"max-video-preview:-1"},"canonical":"https:\/\/www.campings.com\/fr\/content\/guide-vacances-var\/plages-var\/","og_locale":"fr_FR","og_type":"article","og_title":"Les plus belles plages du Var -","og_description":"Envie de passer vos vacances en bord de mer ? Direction le Var et ses plages paradisiaques ! Que vous soyez en solo, en couple ou en famille, le Var regorge de coins idylliques o\u00f9 se baigner. Plages de sable fin, criques, soleil\u2026 Le\u00a0Var r\u00e9unit tous les ingr\u00e9dients pour des vacances r\u00e9ussies. Situ\u00e9 dans la [&hellip;]","og_url":"https:\/\/www.campings.com\/fr\/content\/guide-vacances-var\/plages-var\/","article_modified_time":"2022-03-25T09:57:11+00:00","og_image":[{"width":1000,"height":665,"url":"https:\/\/www.campings.com\/fr\/content\/wp-content\/uploads\/2022\/02\/PLAGE_ESTAGNOL-min.png","type":"image\/png"}],"twitter_card":"summary_large_image","twitter_misc":{"Dur\u00e9e de lecture estim\u00e9e":"6 minutes"},"schema":{"@context":"https:\/\/schema.org","@graph":[{"@type":"WebPage","@id":"https:\/\/www.campings.com\/fr\/content\/guide-vacances-var\/plages-var\/","url":"https:\/\/www.campings.com\/fr\/content\/guide-vacances-var\/plages-var\/","name":"Les plus belles plages du Var -","isPartOf":{"@id":"https:\/\/www.campings.com\/fr\/content\/#website"},"primaryImageOfPage":{"@id":"https:\/\/www.campings.com\/fr\/content\/guide-vacances-var\/plages-var\/#primaryimage"},"image":{"@id":"https:\/\/www.campings.com\/fr\/content\/guide-vacances-var\/plages-var\/#primaryimage"},"thumbnailUrl":"https:\/\/www.campings.com\/fr\/content\/wp-content\/uploads\/2022\/02\/PLAGE_ESTAGNOL-min.png","datePublished":"2022-02-11T11:42:32+00:00","dateModified":"2022-03-25T09:57:11+00:00","breadcrumb":{"@id":"https:\/\/www.campings.com\/fr\/content\/guide-vacances-var\/plages-var\/#breadcrumb"},"inLanguage":"fr-FR","potentialAction":[{"@type":"ReadAction","target":["https:\/\/www.campings.com\/fr\/content\/guide-vacances-var\/plages-var\/"]}]},{"@type":"ImageObject","inLanguage":"fr-FR","@id":"https:\/\/www.campings.com\/fr\/content\/guide-vacances-var\/plages-var\/#primaryimage","url":"https:\/\/www.campings.com\/fr\/content\/wp-content\/uploads\/2022\/02\/PLAGE_ESTAGNOL-min.png","contentUrl":"https:\/\/www.campings.com\/fr\/content\/wp-content\/uploads\/2022\/02\/PLAGE_ESTAGNOL-min.png","width":1000,"height":665},{"@type":"BreadcrumbList","@id":"https:\/\/www.campings.com\/fr\/content\/guide-vacances-var\/plages-var\/#breadcrumb","itemListElement":[{"@type":"ListItem","position":1,"name":"Home","item":"https:\/\/www.campings.com\/fr\/content\/"},{"@type":"ListItem","position":2,"name":"Le guide de vos vacances dans le Var","item":"https:\/\/www.campings.com\/fr\/content\/guide-vacances-var\/"},{"@type":"ListItem","position":3,"name":"Les plus belles plages du Var"}]},{"@type":"WebSite","@id":"https:\/\/www.campings.com\/fr\/content\/#website","url":"https:\/\/www.campings.com\/fr\/content\/","name":"","description":"","publisher":{"@id":"https:\/\/www.campings.com\/fr\/content\/#organization"},"potentialAction":[{"@type":"SearchAction","target":{"@type":"EntryPoint","urlTemplate":"https:\/\/www.campings.com\/fr\/content\/?s={search_term_string}"},"query-input":{"@type":"PropertyValueSpecification","valueRequired":true,"valueName":"search_term_string"}}],"inLanguage":"fr-FR"},{"@type":"Organization","@id":"https:\/\/www.campings.com\/fr\/content\/#organization","name":"CAMPINGS.COM","url":"https:\/\/www.campings.com\/fr\/content\/","logo":{"@type":"ImageObject","inLanguage":"fr-FR","@id":"https:\/\/www.campings.com\/fr\/content\/#\/schema\/logo\/image\/","url":"https:\/\/www.campings.com\/fr\/content\/wp-content\/uploads\/2019\/01\/cropped-logo-1.png","contentUrl":"https:\/\/www.campings.com\/fr\/content\/wp-content\/uploads\/2019\/01\/cropped-logo-1.png","width":174,"height":42,"caption":"CAMPINGS.COM"},"image":{"@id":"https:\/\/www.campings.com\/fr\/content\/#\/schema\/logo\/image\/"}}]}},"_links":{"self":[{"href":"https:\/\/www.campings.com\/fr\/content\/wp-json\/wp\/v2\/pages\/3343","targetHints":{"allow":["GET"]}}],"collection":[{"href":"https:\/\/www.campings.com\/fr\/content\/wp-json\/wp\/v2\/pages"}],"about":[{"href":"https:\/\/www.campings.com\/fr\/content\/wp-json\/wp\/v2\/types\/page"}],"author":[{"embeddable":true,"href":"https:\/\/www.campings.com\/fr\/content\/wp-json\/wp\/v2\/users\/18"}],"replies":[{"embeddable":true,"href":"https:\/\/www.campings.com\/fr\/content\/wp-json\/wp\/v2\/comments?post=3343"}],"version-history":[{"count":2,"href":"https:\/\/www.campings.com\/fr\/content\/wp-json\/wp\/v2\/pages\/3343\/revisions"}],"predecessor-version":[{"id":3601,"href":"https:\/\/www.campings.com\/fr\/content\/wp-json\/wp\/v2\/pages\/3343\/revisions\/3601"}],"up":[{"embeddable":true,"href":"https:\/\/www.campings.com\/fr\/content\/wp-json\/wp\/v2\/pages\/3309"}],"wp:attachment":[{"href":"https:\/\/www.campings.com\/fr\/content\/wp-json\/wp\/v2\/media?parent=3343"}],"curies":[{"name":"wp","href":"https:\/\/api.w.org\/{rel}","templated":true}]}}